{"id":2531,"date":"2023-05-23T12:56:42","date_gmt":"2023-05-23T10:56:42","guid":{"rendered":"https:\/\/www.au-palais-sucre.com\/?post_type=product&#038;p=2531"},"modified":"2025-04-25T21:46:52","modified_gmt":"2025-04-25T19:46:52","slug":"crocodile-lisse-multi-colore-sachet-100gr","status":"publish","type":"product","link":"https:\/\/www.au-palais-sucre.com\/index.php\/produit\/crocodile-lisse-multi-colore-sachet-100gr\/","title":{"rendered":"Crocodile lisse multi-colore Sachet 100gr"},"content":{"rendered":"<h1>Crocodile lisse multi-colore Sachet 100gr<\/h1>\n<p>D\u00e9couvrez notre d\u00e9licieux bonbon crocodile lisse multi-colore ! Croquez dans un croco au go\u00fbt de fruit et laissez-vous emporter par une explosion de saveurs. Nos bonbons sont pr\u00e9par\u00e9s avec soin \u00e0 partir d&rsquo;ingr\u00e9dients de qualit\u00e9 sup\u00e9rieure pour vous offrir une exp\u00e9rience gustative inoubliable. Leur texture lisse et leurs couleurs vibrantes ajoutent une touche de fun \u00e0 chaque bouch\u00e9e. Parfaits pour les amateurs de bonbons, ces d\u00e9lices fruit\u00e9s peuvent \u00eatre d\u00e9gust\u00e9s \u00e0 tout moment de la journ\u00e9e. Ajoutez une touche de douceur et de couleur \u00e0 vos \u00e9v\u00e9nements sp\u00e9ciaux et \u00e0 vos f\u00eates en int\u00e9grant ces bonbons crocodiles dans vos d\u00e9corations de desserts. Commandez d\u00e8s maintenant et savourez le go\u00fbt d\u00e9licieux et exotique de notre bonbon crocodile lisse multi-colore. Ne manquez pas cette exp\u00e9rience sucr\u00e9e unique !<\/p>\n<p><strong>Tous nos produits b\u00e9n\u00e9ficient d\u2019une DDM de plusieurs mois.<\/strong><br \/>\n<strong>DDM = Date de Durabilit\u00e9 Minimale, anciennement DLUO.<\/strong><\/p>\n<p>&nbsp;<\/p>\n<h3>Ingr\u00e9dients des bonbons Crocodile lisse multi-colore<\/h3>\n<p id=\"tw-target-text\" class=\"tw-data-text tw-ta tw-text-small\" dir=\"ltr\">Sirop de glucose, sucre, eau, g\u00e9latine*, amidon modifi\u00e9 de pomme de terre, acidifiants : E270, E330, agent d&rsquo;enrobage : huile v\u00e9g\u00e9tale (palme) E901, E903, ar\u00f4me artificiel, colorants : E129, E100, E133.<\/p>\n<h3>Informations nutritionnelles<\/h3>\n<p><img fetchpriority=\"high\" decoding=\"async\" src=\"https:\/\/www.bonbix.fr\/img\/cms\/Fiches-produits\/BO1701.JPG\" alt=\"Bonbon crocodile halal\" width=\"327\" height=\"400\" \/><\/p>\n<p>&nbsp;<\/p>\n<h4>Les services AU PALAIS SUCRE<\/h4>\n<p>Nous sommes est un site de vente de <strong>bonbons<\/strong>, <strong>confiseries<\/strong>, <strong>boissons<\/strong>, <strong>chips<\/strong> et <strong>produits du monde<\/strong>,\u00a0 pour les particuliers, les associations et les entreprises.<\/p>\n<p><strong>AU PALAIS SUCRE\u00a0<\/strong> apporte \u00e9galement un vrai service , une livraison rapide et fiable, une pr\u00e9paration des commandes dans les 24h\/48h et un service clients joignable.<\/p>\n<p><strong>AU PALAIS SUCRE<\/strong> est votre destination pour des bonbons, confiseries, boissons, chips et produits du monde pour les particuliers, les associations et les entreprises. Nous offrons un choix vari\u00e9 de produits de qualit\u00e9 sup\u00e9rieure pour satisfaire tous les go\u00fbts et les besoins.<\/p>\n<p>Nous sommes fiers d\u2019offrir \u00e0 nos clients un service hors pair. Nous nous engageons \u00e0 pr\u00e9parer et exp\u00e9dier les commandes dans les 24h\/48h suivant l\u2019achat, pour une livraison rapide et fiable. De plus, notre \u00e9quipe de service clients est toujours disponible pour r\u00e9pondre \u00e0 vos questions et vous aider \u00e0 trouver le produit id\u00e9al pour vos besoins.<\/p>\n<p>Chez AU PALAIS SUCRE, nous sommes passionn\u00e9s par les bonbons et les confiseries, et nous sommes d\u00e9termin\u00e9s \u00e0 offrir \u00e0 nos clients une exp\u00e9rience de magasinage en ligne agr\u00e9able et sans stress. Nous sommes votre guichet unique pour tous vos besoins en sucreries et en produits du monde, et nous sommes impatients de vous servir d\u00e8s maintenant !<\/p>\n","protected":false},"excerpt":{"rendered":"<h1>Crocodile lisse multi-colore Sachet 100gr<\/h1>\n<p>D\u00e9couvrez notre d\u00e9licieux bonbon crocodile lisse multi-colore ! Croquez dans un croco au go\u00fbt de fruit et laissez-vous emporter par une explosion de saveurs. Nos bonbons sont pr\u00e9par\u00e9s avec soin \u00e0 partir d&rsquo;ingr\u00e9dients de qualit\u00e9 sup\u00e9rieure pour vous offrir une exp\u00e9rience gustative inoubliable. Leur texture lisse et leurs couleurs vibrantes ajoutent une touche de fun \u00e0 chaque bouch\u00e9e. Parfaits pour les amateurs de bonbons, ces d\u00e9lices fruit\u00e9s peuvent \u00eatre d\u00e9gust\u00e9s \u00e0 tout moment de la journ\u00e9e. Ajoutez une touche de douceur et de couleur \u00e0 vos \u00e9v\u00e9nements sp\u00e9ciaux et \u00e0 vos f\u00eates en int\u00e9grant ces bonbons crocodiles dans vos d\u00e9corations de desserts. Commandez d\u00e8s maintenant et savourez le go\u00fbt d\u00e9licieux et exotique de notre bonbon crocodile lisse multi-colore. Ne manquez pas cette exp\u00e9rience sucr\u00e9e unique !<\/p>\n<p><strong>Tous nos produits b\u00e9n\u00e9ficient d\u2019une DDM de plusieurs mois.<\/strong><br \/>\n<strong>DDM = Date de Durabilit\u00e9 Minimale, anciennement DLUO.<\/strong><\/p>\n","protected":false},"featured_media":6053,"comment_status":"open","ping_status":"closed","template":"","meta":{"ocean_post_layout":"","ocean_both_sidebars_style":"","ocean_both_sidebars_content_width":0,"ocean_both_sidebars_sidebars_width":0,"ocean_sidebar":"0","ocean_second_sidebar":"0","ocean_disable_margins":"enable","ocean_add_body_class":"","ocean_shortcode_before_top_bar":"","ocean_shortcode_after_top_bar":"","ocean_shortcode_before_header":"","ocean_shortcode_after_header":"","ocean_has_shortcode":"","ocean_shortcode_after_title":"","ocean_shortcode_before_footer_widgets":"","ocean_shortcode_after_footer_widgets":"","ocean_shortcode_before_footer_bottom":"","ocean_shortcode_after_footer_bottom":"","ocean_display_top_bar":"default","ocean_display_header":"default","ocean_header_style":"","ocean_center_header_left_menu":"0","ocean_custom_header_template":"0","ocean_custom_logo":0,"ocean_custom_retina_logo":0,"ocean_custom_logo_max_width":0,"ocean_custom_logo_tablet_max_width":0,"ocean_custom_logo_mobile_max_width":0,"ocean_custom_logo_max_height":0,"ocean_custom_logo_tablet_max_height":0,"ocean_custom_logo_mobile_max_height":0,"ocean_header_custom_menu":"0","ocean_menu_typo_font_family":"0","ocean_menu_typo_font_subset":"","ocean_menu_typo_font_size":0,"ocean_menu_typo_font_size_tablet":0,"ocean_menu_typo_font_size_mobile":0,"ocean_menu_typo_font_size_unit":"px","ocean_menu_typo_font_weight":"","ocean_menu_typo_font_weight_tablet":"","ocean_menu_typo_font_weight_mobile":"","ocean_menu_typo_transform":"","ocean_menu_typo_transform_tablet":"","ocean_menu_typo_transform_mobile":"","ocean_menu_typo_line_height":0,"ocean_menu_typo_line_height_tablet":0,"ocean_menu_typo_line_height_mobile":0,"ocean_menu_typo_line_height_unit":"","ocean_menu_typo_spacing":0,"ocean_menu_typo_spacing_tablet":0,"ocean_menu_typo_spacing_mobile":0,"ocean_menu_typo_spacing_unit":"","ocean_menu_link_color":"","ocean_menu_link_color_hover":"","ocean_menu_link_color_active":"","ocean_menu_link_background":"","ocean_menu_link_hover_background":"","ocean_menu_link_active_background":"","ocean_menu_social_links_bg":"","ocean_menu_social_hover_links_bg":"","ocean_menu_social_links_color":"","ocean_menu_social_hover_links_color":"","ocean_disable_title":"default","ocean_disable_heading":"default","ocean_post_title":"","ocean_post_subheading":"","ocean_post_title_style":"","ocean_post_title_background_color":"","ocean_post_title_background":0,"ocean_post_title_bg_image_position":"","ocean_post_title_bg_image_attachment":"","ocean_post_title_bg_image_repeat":"","ocean_post_title_bg_image_size":"","ocean_post_title_height":0,"ocean_post_title_bg_overlay":0.5,"ocean_post_title_bg_overlay_color":"","ocean_disable_breadcrumbs":"default","ocean_breadcrumbs_color":"","ocean_breadcrumbs_separator_color":"","ocean_breadcrumbs_links_color":"","ocean_breadcrumbs_links_hover_color":"","ocean_display_footer_widgets":"default","ocean_display_footer_bottom":"default","ocean_custom_footer_template":"0"},"product_brand":[],"product_cat":[16,47,92,49],"product_tag":[],"class_list":{"0":"post-2531","1":"product","2":"type-product","3":"status-publish","4":"has-post-thumbnail","6":"product_cat-bonbons-en-vrac","7":"product_cat-bonbons-halal","8":"product_cat-halloween","9":"product_cat-lisse","11":"entry","12":"has-media","14":"first","15":"instock","16":"shipping-taxable","17":"purchasable","18":"product-type-simple","19":"has-product-nav","20":"col","21":"span_1_of_3","22":"owp-content-center","23":"owp-thumbs-layout-horizontal","24":"owp-btn-normal","25":"owp-tabs-layout-horizontal","26":"has-no-thumbnails"},"yoast_head":"<!-- This site is optimized with the Yoast SEO plugin v24.3 - https:\/\/yoast.com\/wordpress\/plugins\/seo\/ -->\n<title>Crocodile lisse multi-colore Sachet 100gr - Au Palais Sucr\u00e9<\/title>\n<meta name=\"description\" content=\"D\u00e9couvrez notre d\u00e9licieux bonbon crocodile lisse multi-colore au go\u00fbt exotique ! Pr\u00e9par\u00e9s avec soin \u00e0 partir d&#039;ingr\u00e9dients de qualit\u00e9 sup\u00e9rieure, nos bonbons vous offrent une exp\u00e9rience gustative inoubliable. Croquez dans un croco fruit\u00e9 et laissez-vous emporter par une explosion de saveurs captivantes. Leur texture lisse et leurs couleurs vibrantes ajoutent une touche de fun \u00e0 chaque bouch\u00e9e. Parfaits pour les amateurs de bonbons, ces d\u00e9lices fruit\u00e9s sont id\u00e9aux \u00e0 d\u00e9guster \u00e0 tout moment de la journ\u00e9e. Ajoutez une touche de douceur et de couleur \u00e0 vos \u00e9v\u00e9nements sp\u00e9ciaux et \u00e0 vos f\u00eates en int\u00e9grant ces bonbons crocodiles dans vos d\u00e9corations de desserts. Ne manquez pas cette exp\u00e9rience sucr\u00e9e unique ! Commandez d\u00e8s maintenant et laissez-vous s\u00e9duire par le go\u00fbt d\u00e9licieux et exotique de notre bonbon crocodile lisse multi-colore.\" \/>\n<meta name=\"robots\" content=\"index, follow, max-snippet:-1, max-image-preview:large, max-video-preview:-1\" \/>\n<link rel=\"canonical\" href=\"https:\/\/www.au-palais-sucre.com\/index.php\/produit\/crocodile-lisse-multi-colore-sachet-100gr\/\" \/>\n<meta property=\"og:locale\" content=\"fr_FR\" \/>\n<meta property=\"og:type\" content=\"article\" \/>\n<meta property=\"og:title\" content=\"Crocodile lisse multi-colore Sachet 100gr - Au Palais Sucr\u00e9\" \/>\n<meta property=\"og:description\" content=\"D\u00e9couvrez notre d\u00e9licieux bonbon crocodile lisse multi-colore au go\u00fbt exotique ! Pr\u00e9par\u00e9s avec soin \u00e0 partir d&#039;ingr\u00e9dients de qualit\u00e9 sup\u00e9rieure, nos bonbons vous offrent une exp\u00e9rience gustative inoubliable. Croquez dans un croco fruit\u00e9 et laissez-vous emporter par une explosion de saveurs captivantes. Leur texture lisse et leurs couleurs vibrantes ajoutent une touche de fun \u00e0 chaque bouch\u00e9e. Parfaits pour les amateurs de bonbons, ces d\u00e9lices fruit\u00e9s sont id\u00e9aux \u00e0 d\u00e9guster \u00e0 tout moment de la journ\u00e9e. Ajoutez une touche de douceur et de couleur \u00e0 vos \u00e9v\u00e9nements sp\u00e9ciaux et \u00e0 vos f\u00eates en int\u00e9grant ces bonbons crocodiles dans vos d\u00e9corations de desserts. Ne manquez pas cette exp\u00e9rience sucr\u00e9e unique ! Commandez d\u00e8s maintenant et laissez-vous s\u00e9duire par le go\u00fbt d\u00e9licieux et exotique de notre bonbon crocodile lisse multi-colore.\" \/>\n<meta property=\"og:url\" content=\"https:\/\/www.au-palais-sucre.com\/index.php\/produit\/crocodile-lisse-multi-colore-sachet-100gr\/\" \/>\n<meta property=\"og:site_name\" content=\"Au Palais Sucr\u00e9\" \/>\n<meta property=\"article:publisher\" content=\"https:\/\/www.facebook.com\/people\/Au-Palais-Sucr\/pfbid0xHg32QqsqJkkArCjoHQ6aaknwKMjtXgSnFxn2J3iXRfcnKZoBnYZT1GMsdL8xcPUl\/\" \/>\n<meta property=\"article:modified_time\" content=\"2025-04-25T19:46:52+00:00\" \/>\n<meta property=\"og:image\" content=\"https:\/\/www.au-palais-sucre.com\/wp-content\/uploads\/2023\/05\/unnamed.jpg\" \/>\n\t<meta property=\"og:image:width\" content=\"484\" \/>\n\t<meta property=\"og:image:height\" content=\"485\" \/>\n\t<meta property=\"og:image:type\" content=\"image\/jpeg\" \/>\n<meta name=\"twitter:card\" content=\"summary_large_image\" \/>\n<meta name=\"twitter:label1\" content=\"Prix\" \/>\n\t<meta name=\"twitter:data1\" content=\"2,00&nbsp;&euro;\" \/>\n\t<meta name=\"twitter:label2\" content=\"Disponibilit\u00e9\" \/>\n\t<meta name=\"twitter:data2\" content=\"En stock\" \/>\n<script type=\"application\/ld+json\" class=\"yoast-schema-graph\">{\"@context\":\"https:\/\/schema.org\",\"@graph\":[{\"@type\":\"WebPage\",\"@id\":\"https:\/\/www.au-palais-sucre.com\/index.php\/produit\/crocodile-lisse-multi-colore-sachet-100gr\/\",\"url\":\"https:\/\/www.au-palais-sucre.com\/index.php\/produit\/crocodile-lisse-multi-colore-sachet-100gr\/\",\"name\":\"Crocodile lisse multi-colore Sachet 100gr - Au Palais Sucr\u00e9\",\"isPartOf\":{\"@id\":\"https:\/\/www.au-palais-sucre.com\/#website\"},\"primaryImageOfPage\":{\"@id\":\"https:\/\/www.au-palais-sucre.com\/index.php\/produit\/crocodile-lisse-multi-colore-sachet-100gr\/#primaryimage\"},\"image\":{\"@id\":\"https:\/\/www.au-palais-sucre.com\/index.php\/produit\/crocodile-lisse-multi-colore-sachet-100gr\/#primaryimage\"},\"thumbnailUrl\":\"https:\/\/www.au-palais-sucre.com\/wp-content\/uploads\/2023\/05\/unnamed.jpg\",\"datePublished\":\"2023-05-23T10:56:42+00:00\",\"dateModified\":\"2025-04-25T19:46:52+00:00\",\"description\":\"D\u00e9couvrez notre d\u00e9licieux bonbon crocodile lisse multi-colore au go\u00fbt exotique ! Pr\u00e9par\u00e9s avec soin \u00e0 partir d'ingr\u00e9dients de qualit\u00e9 sup\u00e9rieure, nos bonbons vous offrent une exp\u00e9rience gustative inoubliable. Croquez dans un croco fruit\u00e9 et laissez-vous emporter par une explosion de saveurs captivantes. Leur texture lisse et leurs couleurs vibrantes ajoutent une touche de fun \u00e0 chaque bouch\u00e9e. Parfaits pour les amateurs de bonbons, ces d\u00e9lices fruit\u00e9s sont id\u00e9aux \u00e0 d\u00e9guster \u00e0 tout moment de la journ\u00e9e. Ajoutez une touche de douceur et de couleur \u00e0 vos \u00e9v\u00e9nements sp\u00e9ciaux et \u00e0 vos f\u00eates en int\u00e9grant ces bonbons crocodiles dans vos d\u00e9corations de desserts. Ne manquez pas cette exp\u00e9rience sucr\u00e9e unique ! Commandez d\u00e8s maintenant et laissez-vous s\u00e9duire par le go\u00fbt d\u00e9licieux et exotique de notre bonbon crocodile lisse multi-colore.\",\"breadcrumb\":{\"@id\":\"https:\/\/www.au-palais-sucre.com\/index.php\/produit\/crocodile-lisse-multi-colore-sachet-100gr\/#breadcrumb\"},\"inLanguage\":\"fr-FR\",\"potentialAction\":[{\"@type\":\"ReadAction\",\"target\":[\"https:\/\/www.au-palais-sucre.com\/index.php\/produit\/crocodile-lisse-multi-colore-sachet-100gr\/\"]}]},{\"@type\":\"ImageObject\",\"inLanguage\":\"fr-FR\",\"@id\":\"https:\/\/www.au-palais-sucre.com\/index.php\/produit\/crocodile-lisse-multi-colore-sachet-100gr\/#primaryimage\",\"url\":\"https:\/\/www.au-palais-sucre.com\/wp-content\/uploads\/2023\/05\/unnamed.jpg\",\"contentUrl\":\"https:\/\/www.au-palais-sucre.com\/wp-content\/uploads\/2023\/05\/unnamed.jpg\",\"width\":484,\"height\":485},{\"@type\":\"BreadcrumbList\",\"@id\":\"https:\/\/www.au-palais-sucre.com\/index.php\/produit\/crocodile-lisse-multi-colore-sachet-100gr\/#breadcrumb\",\"itemListElement\":[{\"@type\":\"ListItem\",\"position\":1,\"name\":\"Boutique\",\"item\":\"https:\/\/www.au-palais-sucre.com\/index.php\/shop\/\"},{\"@type\":\"ListItem\",\"position\":2,\"name\":\"Crocodile lisse multi-colore Sachet 100gr\"}]},{\"@type\":\"WebSite\",\"@id\":\"https:\/\/www.au-palais-sucre.com\/#website\",\"url\":\"https:\/\/www.au-palais-sucre.com\/\",\"name\":\"Au Palais Sucr\u00e9\",\"description\":\"Arrivage permanent de nouveaux produits..\",\"publisher\":{\"@id\":\"https:\/\/www.au-palais-sucre.com\/#organization\"},\"potentialAction\":[{\"@type\":\"SearchAction\",\"target\":{\"@type\":\"EntryPoint\",\"urlTemplate\":\"https:\/\/www.au-palais-sucre.com\/?s={search_term_string}\"},\"query-input\":{\"@type\":\"PropertyValueSpecification\",\"valueRequired\":true,\"valueName\":\"search_term_string\"}}],\"inLanguage\":\"fr-FR\"},{\"@type\":\"Organization\",\"@id\":\"https:\/\/www.au-palais-sucre.com\/#organization\",\"name\":\"Au Palais Sucr\u00e9\",\"url\":\"https:\/\/www.au-palais-sucre.com\/\",\"logo\":{\"@type\":\"ImageObject\",\"inLanguage\":\"fr-FR\",\"@id\":\"https:\/\/www.au-palais-sucre.com\/#\/schema\/logo\/image\/\",\"url\":\"https:\/\/www.au-palais-sucre.com\/wp-content\/uploads\/2023\/06\/cropped-Logo-blanc_prev_ui.png\",\"contentUrl\":\"https:\/\/www.au-palais-sucre.com\/wp-content\/uploads\/2023\/06\/cropped-Logo-blanc_prev_ui.png\",\"width\":567,\"height\":440,\"caption\":\"Au Palais Sucr\u00e9\"},\"image\":{\"@id\":\"https:\/\/www.au-palais-sucre.com\/#\/schema\/logo\/image\/\"},\"sameAs\":[\"https:\/\/www.facebook.com\/people\/Au-Palais-Sucr\/pfbid0xHg32QqsqJkkArCjoHQ6aaknwKMjtXgSnFxn2J3iXRfcnKZoBnYZT1GMsdL8xcPUl\/\"]}]}<\/script>\n<meta property=\"product:price:amount\" content=\"2.00\" \/>\n<meta property=\"product:price:currency\" content=\"EUR\" \/>\n<meta property=\"og:availability\" content=\"instock\" \/>\n<meta property=\"product:availability\" content=\"instock\" \/>\n<meta property=\"product:retailer_item_id\" content=\"APSVRLIS4\" \/>\n<meta property=\"product:condition\" content=\"new\" \/>\n<!-- \/ Yoast SEO plugin. -->","yoast_head_json":{"title":"Crocodile lisse multi-colore Sachet 100gr - Au Palais Sucr\u00e9","description":"D\u00e9couvrez notre d\u00e9licieux bonbon crocodile lisse multi-colore au go\u00fbt exotique ! Pr\u00e9par\u00e9s avec soin \u00e0 partir d'ingr\u00e9dients de qualit\u00e9 sup\u00e9rieure, nos bonbons vous offrent une exp\u00e9rience gustative inoubliable. Croquez dans un croco fruit\u00e9 et laissez-vous emporter par une explosion de saveurs captivantes. Leur texture lisse et leurs couleurs vibrantes ajoutent une touche de fun \u00e0 chaque bouch\u00e9e. Parfaits pour les amateurs de bonbons, ces d\u00e9lices fruit\u00e9s sont id\u00e9aux \u00e0 d\u00e9guster \u00e0 tout moment de la journ\u00e9e. Ajoutez une touche de douceur et de couleur \u00e0 vos \u00e9v\u00e9nements sp\u00e9ciaux et \u00e0 vos f\u00eates en int\u00e9grant ces bonbons crocodiles dans vos d\u00e9corations de desserts. Ne manquez pas cette exp\u00e9rience sucr\u00e9e unique ! Commandez d\u00e8s maintenant et laissez-vous s\u00e9duire par le go\u00fbt d\u00e9licieux et exotique de notre bonbon crocodile lisse multi-colore.","robots":{"index":"index","follow":"follow","max-snippet":"max-snippet:-1","max-image-preview":"max-image-preview:large","max-video-preview":"max-video-preview:-1"},"canonical":"https:\/\/www.au-palais-sucre.com\/index.php\/produit\/crocodile-lisse-multi-colore-sachet-100gr\/","og_locale":"fr_FR","og_type":"article","og_title":"Crocodile lisse multi-colore Sachet 100gr - Au Palais Sucr\u00e9","og_description":"D\u00e9couvrez notre d\u00e9licieux bonbon crocodile lisse multi-colore au go\u00fbt exotique ! Pr\u00e9par\u00e9s avec soin \u00e0 partir d'ingr\u00e9dients de qualit\u00e9 sup\u00e9rieure, nos bonbons vous offrent une exp\u00e9rience gustative inoubliable. Croquez dans un croco fruit\u00e9 et laissez-vous emporter par une explosion de saveurs captivantes. Leur texture lisse et leurs couleurs vibrantes ajoutent une touche de fun \u00e0 chaque bouch\u00e9e. Parfaits pour les amateurs de bonbons, ces d\u00e9lices fruit\u00e9s sont id\u00e9aux \u00e0 d\u00e9guster \u00e0 tout moment de la journ\u00e9e. Ajoutez une touche de douceur et de couleur \u00e0 vos \u00e9v\u00e9nements sp\u00e9ciaux et \u00e0 vos f\u00eates en int\u00e9grant ces bonbons crocodiles dans vos d\u00e9corations de desserts. Ne manquez pas cette exp\u00e9rience sucr\u00e9e unique ! Commandez d\u00e8s maintenant et laissez-vous s\u00e9duire par le go\u00fbt d\u00e9licieux et exotique de notre bonbon crocodile lisse multi-colore.","og_url":"https:\/\/www.au-palais-sucre.com\/index.php\/produit\/crocodile-lisse-multi-colore-sachet-100gr\/","og_site_name":"Au Palais Sucr\u00e9","article_publisher":"https:\/\/www.facebook.com\/people\/Au-Palais-Sucr\/pfbid0xHg32QqsqJkkArCjoHQ6aaknwKMjtXgSnFxn2J3iXRfcnKZoBnYZT1GMsdL8xcPUl\/","article_modified_time":"2025-04-25T19:46:52+00:00","og_image":[{"width":484,"height":485,"url":"https:\/\/www.au-palais-sucre.com\/wp-content\/uploads\/2023\/05\/unnamed.jpg","type":"image\/jpeg"}],"twitter_card":"summary_large_image","twitter_misc":{"Prix":"2,00&nbsp;&euro;","Disponibilit\u00e9":"En stock"},"schema":{"@context":"https:\/\/schema.org","@graph":[{"@type":"WebPage","@id":"https:\/\/www.au-palais-sucre.com\/index.php\/produit\/crocodile-lisse-multi-colore-sachet-100gr\/","url":"https:\/\/www.au-palais-sucre.com\/index.php\/produit\/crocodile-lisse-multi-colore-sachet-100gr\/","name":"Crocodile lisse multi-colore Sachet 100gr - Au Palais Sucr\u00e9","isPartOf":{"@id":"https:\/\/www.au-palais-sucre.com\/#website"},"primaryImageOfPage":{"@id":"https:\/\/www.au-palais-sucre.com\/index.php\/produit\/crocodile-lisse-multi-colore-sachet-100gr\/#primaryimage"},"image":{"@id":"https:\/\/www.au-palais-sucre.com\/index.php\/produit\/crocodile-lisse-multi-colore-sachet-100gr\/#primaryimage"},"thumbnailUrl":"https:\/\/www.au-palais-sucre.com\/wp-content\/uploads\/2023\/05\/unnamed.jpg","datePublished":"2023-05-23T10:56:42+00:00","dateModified":"2025-04-25T19:46:52+00:00","description":"D\u00e9couvrez notre d\u00e9licieux bonbon crocodile lisse multi-colore au go\u00fbt exotique ! Pr\u00e9par\u00e9s avec soin \u00e0 partir d'ingr\u00e9dients de qualit\u00e9 sup\u00e9rieure, nos bonbons vous offrent une exp\u00e9rience gustative inoubliable. Croquez dans un croco fruit\u00e9 et laissez-vous emporter par une explosion de saveurs captivantes. Leur texture lisse et leurs couleurs vibrantes ajoutent une touche de fun \u00e0 chaque bouch\u00e9e. Parfaits pour les amateurs de bonbons, ces d\u00e9lices fruit\u00e9s sont id\u00e9aux \u00e0 d\u00e9guster \u00e0 tout moment de la journ\u00e9e. Ajoutez une touche de douceur et de couleur \u00e0 vos \u00e9v\u00e9nements sp\u00e9ciaux et \u00e0 vos f\u00eates en int\u00e9grant ces bonbons crocodiles dans vos d\u00e9corations de desserts. Ne manquez pas cette exp\u00e9rience sucr\u00e9e unique ! Commandez d\u00e8s maintenant et laissez-vous s\u00e9duire par le go\u00fbt d\u00e9licieux et exotique de notre bonbon crocodile lisse multi-colore.","breadcrumb":{"@id":"https:\/\/www.au-palais-sucre.com\/index.php\/produit\/crocodile-lisse-multi-colore-sachet-100gr\/#breadcrumb"},"inLanguage":"fr-FR","potentialAction":[{"@type":"ReadAction","target":["https:\/\/www.au-palais-sucre.com\/index.php\/produit\/crocodile-lisse-multi-colore-sachet-100gr\/"]}]},{"@type":"ImageObject","inLanguage":"fr-FR","@id":"https:\/\/www.au-palais-sucre.com\/index.php\/produit\/crocodile-lisse-multi-colore-sachet-100gr\/#primaryimage","url":"https:\/\/www.au-palais-sucre.com\/wp-content\/uploads\/2023\/05\/unnamed.jpg","contentUrl":"https:\/\/www.au-palais-sucre.com\/wp-content\/uploads\/2023\/05\/unnamed.jpg","width":484,"height":485},{"@type":"BreadcrumbList","@id":"https:\/\/www.au-palais-sucre.com\/index.php\/produit\/crocodile-lisse-multi-colore-sachet-100gr\/#breadcrumb","itemListElement":[{"@type":"ListItem","position":1,"name":"Boutique","item":"https:\/\/www.au-palais-sucre.com\/index.php\/shop\/"},{"@type":"ListItem","position":2,"name":"Crocodile lisse multi-colore Sachet 100gr"}]},{"@type":"WebSite","@id":"https:\/\/www.au-palais-sucre.com\/#website","url":"https:\/\/www.au-palais-sucre.com\/","name":"Au Palais Sucr\u00e9","description":"Arrivage permanent de nouveaux produits..","publisher":{"@id":"https:\/\/www.au-palais-sucre.com\/#organization"},"potentialAction":[{"@type":"SearchAction","target":{"@type":"EntryPoint","urlTemplate":"https:\/\/www.au-palais-sucre.com\/?s={search_term_string}"},"query-input":{"@type":"PropertyValueSpecification","valueRequired":true,"valueName":"search_term_string"}}],"inLanguage":"fr-FR"},{"@type":"Organization","@id":"https:\/\/www.au-palais-sucre.com\/#organization","name":"Au Palais Sucr\u00e9","url":"https:\/\/www.au-palais-sucre.com\/","logo":{"@type":"ImageObject","inLanguage":"fr-FR","@id":"https:\/\/www.au-palais-sucre.com\/#\/schema\/logo\/image\/","url":"https:\/\/www.au-palais-sucre.com\/wp-content\/uploads\/2023\/06\/cropped-Logo-blanc_prev_ui.png","contentUrl":"https:\/\/www.au-palais-sucre.com\/wp-content\/uploads\/2023\/06\/cropped-Logo-blanc_prev_ui.png","width":567,"height":440,"caption":"Au Palais Sucr\u00e9"},"image":{"@id":"https:\/\/www.au-palais-sucre.com\/#\/schema\/logo\/image\/"},"sameAs":["https:\/\/www.facebook.com\/people\/Au-Palais-Sucr\/pfbid0xHg32QqsqJkkArCjoHQ6aaknwKMjtXgSnFxn2J3iXRfcnKZoBnYZT1GMsdL8xcPUl\/"]}]},"product_price_amount":"2.00","product_price_currency":"EUR","og_availability":"instock","product_availability":"instock","product_retailer_item_id":"APSVRLIS4","product_condition":"new"},"_links":{"self":[{"href":"https:\/\/www.au-palais-sucre.com\/index.php\/wp-json\/wp\/v2\/product\/2531","targetHints":{"allow":["GET"]}}],"collection":[{"href":"https:\/\/www.au-palais-sucre.com\/index.php\/wp-json\/wp\/v2\/product"}],"about":[{"href":"https:\/\/www.au-palais-sucre.com\/index.php\/wp-json\/wp\/v2\/types\/product"}],"replies":[{"embeddable":true,"href":"https:\/\/www.au-palais-sucre.com\/index.php\/wp-json\/wp\/v2\/comments?post=2531"}],"version-history":[{"count":1,"href":"https:\/\/www.au-palais-sucre.com\/index.php\/wp-json\/wp\/v2\/product\/2531\/revisions"}],"predecessor-version":[{"id":6024,"href":"https:\/\/www.au-palais-sucre.com\/index.php\/wp-json\/wp\/v2\/product\/2531\/revisions\/6024"}],"wp:featuredmedia":[{"embeddable":true,"href":"https:\/\/www.au-palais-sucre.com\/index.php\/wp-json\/wp\/v2\/media\/6053"}],"wp:attachment":[{"href":"https:\/\/www.au-palais-sucre.com\/index.php\/wp-json\/wp\/v2\/media?parent=2531"}],"wp:term":[{"taxonomy":"product_brand","embeddable":true,"href":"https:\/\/www.au-palais-sucre.com\/index.php\/wp-json\/wp\/v2\/product_brand?post=2531"},{"taxonomy":"product_cat","embeddable":true,"href":"https:\/\/www.au-palais-sucre.com\/index.php\/wp-json\/wp\/v2\/product_cat?post=2531"},{"taxonomy":"product_tag","embeddable":true,"href":"https:\/\/www.au-palais-sucre.com\/index.php\/wp-json\/wp\/v2\/product_tag?post=2531"}],"curies":[{"name":"wp","href":"https:\/\/api.w.org\/{rel}","templated":true}]}}