{"id":2673,"date":"2023-05-30T13:40:00","date_gmt":"2023-05-30T11:40:00","guid":{"rendered":"https:\/\/www.au-palais-sucre.com\/?post_type=product&#038;p=2673"},"modified":"2024-09-15T18:56:04","modified_gmt":"2024-09-15T16:56:04","slug":"werthers-original-caramel-popcorn-classic-sachet-140gr","status":"publish","type":"product","link":"https:\/\/www.au-palais-sucre.com\/index.php\/produit\/werthers-original-caramel-popcorn-classic-sachet-140gr\/","title":{"rendered":"Werther&rsquo;s Original Caramel Popcorn Classic sachet 140gr"},"content":{"rendered":"<h1>Werther&rsquo;s Original Caramel Popcorn Classic sachet 140gr<\/h1>\n<p>D\u00e9couvre le mix savoureux des Werther&rsquo;s Original Caramel Popcorn Original, un mariage irr\u00e9sistible entre les popcorns et les petits bonbons au caramel de Werther&rsquo;s Original. Ce m\u00e9lange sucr\u00e9-sal\u00e9 est tout simplement magique et incroyable ! Laisse-toi emporter par le go\u00fbt du caramel l\u00e9g\u00e8rement fondant qui rendra tes popcorns irr\u00e9sistiblement d\u00e9licieux et non \u00e9coeurants. D\u00e9guste ces d\u00e9licieux sachets de popcorns devant un bon film Netflix en compagnie de tes amis ou m\u00eame en solo. Emporte ces bouch\u00e9es de popcorns au go\u00fbt intense partout avec toi et profite d&rsquo;une explosion de saveurs \u00e0 chaque instant. Commande d\u00e8s maintenant et succombe \u00e0 la tentation de ces Werther&rsquo;s Original Caramel Popcorn Original qui te feront fondre de plaisir \u00e0 chaque bouch\u00e9e.<\/p>\n<p><strong>Tous nos produits b\u00e9n\u00e9ficient d\u2019une DDM de plusieurs mois.<\/strong><br \/>\n<strong>DDM = Date de Durabilit\u00e9 Minimale, anciennement DLUO.<\/strong><\/p>\n<p>&nbsp;<\/p>\n<h3>Ingr\u00e9dients du Werther&rsquo;s Original Caramel Popcorn Classic<\/h3>\n<p>Sucre, ma\u00efs, sirop de glucose, graisse butyrique (<strong>LAIT<\/strong>), cr\u00e8me, <strong>LACTOS\u00c9RUM<\/strong> concentr\u00e9, beurre, sel, sirop de sucre de canne, huile de tournesol, \u00e9mulsifiant (E322), ar\u00f4me.<\/p>\n<p>Poids : <span class=\"metafield-weight\"><span class=\"metafield-weight_value\">140\u202f<\/span><span class=\"metafield-weight_unit\">g<\/span><\/span>.<br \/>\nD\u00e9claration nutritionnelle (pour 100g): \u00e9nergie 1914kJ\/456Kcal, mati\u00e8res grasses 16.1g (dont acides gras satur\u00e9s 10.2g), glucides 79.9g (dont sucres 53.2g), prot\u00e9ines 2.9g, sel 1.3g.<\/p>\n<p>&nbsp;<\/p>\n<h4>Les services AU PALAIS SUCRE<\/h4>\n<p>Nous sommes est un site de vente de <strong>bonbons<\/strong>, <strong>confiseries<\/strong>, <strong>boissons<\/strong>, <strong>chips<\/strong> et <strong>produits du monde<\/strong>,\u00a0 pour les particuliers, les associations et les entreprises.<\/p>\n<p><strong>AU PALAIS SUCRE\u00a0<\/strong> apporte \u00e9galement un vrai service , une livraison rapide et fiable, une pr\u00e9paration des commandes dans les 24h\/48h et un service clients joignable.<\/p>\n<p><strong>AU PALAIS SUCRE<\/strong> est votre destination pour des bonbons, confiseries, boissons, chips et produits du monde pour les particuliers, les associations et les entreprises. Nous offrons un choix vari\u00e9 de produits de qualit\u00e9 sup\u00e9rieure pour satisfaire tous les go\u00fbts et les besoins.<\/p>\n<p>Nous sommes fiers d\u2019offrir \u00e0 nos clients un service hors pair. Nous nous engageons \u00e0 pr\u00e9parer et exp\u00e9dier les commandes dans les 24h\/48h suivant l\u2019achat, pour une livraison rapide et fiable. De plus, notre \u00e9quipe de service clients est toujours disponible pour r\u00e9pondre \u00e0 vos questions et vous aider \u00e0 trouver le produit id\u00e9al pour vos besoins.<\/p>\n<p>Chez AU PALAIS SUCRE, nous sommes passionn\u00e9s par les bonbons et les confiseries, et nous sommes d\u00e9termin\u00e9s \u00e0 offrir \u00e0 nos clients une exp\u00e9rience de magasinage en ligne agr\u00e9able et sans stress. Nous sommes votre guichet unique pour tous vos besoins en sucreries et en produits du monde, et nous sommes impatients de vous servir d\u00e8s maintenant !<\/p>\n","protected":false},"excerpt":{"rendered":"<h1>Werther&rsquo;s Original Caramel Popcorn Classic sachet 140gr<\/h1>\n<p>D\u00e9couvre le mix savoureux des Werther&rsquo;s Original Caramel Popcorn Original, un mariage irr\u00e9sistible entre les popcorns et les petits bonbons au caramel de Werther&rsquo;s Original. Ce m\u00e9lange sucr\u00e9-sal\u00e9 est tout simplement magique et incroyable ! Laisse-toi emporter par le go\u00fbt du caramel l\u00e9g\u00e8rement fondant qui rendra tes popcorns irr\u00e9sistiblement d\u00e9licieux et non \u00e9coeurants. D\u00e9guste ces d\u00e9licieux sachets de popcorns devant un bon film Netflix en compagnie de tes amis ou m\u00eame en solo. Emporte ces bouch\u00e9es de popcorns au go\u00fbt intense partout avec toi et profite d&rsquo;une explosion de saveurs \u00e0 chaque instant. Commande d\u00e8s maintenant et succombe \u00e0 la tentation de ces Werther&rsquo;s Original Caramel Popcorn Original qui te feront fondre de plaisir \u00e0 chaque bouch\u00e9e.<\/p>\n<p><strong>Tous nos produits b\u00e9n\u00e9ficient d\u2019une DDM de plusieurs mois.<\/strong><br \/>\n<strong>DDM = Date de Durabilit\u00e9 Minimale, anciennement DLUO.<\/strong><\/p>\n","protected":false},"featured_media":2675,"comment_status":"open","ping_status":"closed","template":"","meta":{"ocean_post_layout":"","ocean_both_sidebars_style":"","ocean_both_sidebars_content_width":0,"ocean_both_sidebars_sidebars_width":0,"ocean_sidebar":"","ocean_second_sidebar":"","ocean_disable_margins":"enable","ocean_add_body_class":"","ocean_shortcode_before_top_bar":"","ocean_shortcode_after_top_bar":"","ocean_shortcode_before_header":"","ocean_shortcode_after_header":"","ocean_has_shortcode":"","ocean_shortcode_after_title":"","ocean_shortcode_before_footer_widgets":"","ocean_shortcode_after_footer_widgets":"","ocean_shortcode_before_footer_bottom":"","ocean_shortcode_after_footer_bottom":"","ocean_display_top_bar":"default","ocean_display_header":"default","ocean_header_style":"","ocean_center_header_left_menu":"","ocean_custom_header_template":"","ocean_custom_logo":0,"ocean_custom_retina_logo":0,"ocean_custom_logo_max_width":0,"ocean_custom_logo_tablet_max_width":0,"ocean_custom_logo_mobile_max_width":0,"ocean_custom_logo_max_height":0,"ocean_custom_logo_tablet_max_height":0,"ocean_custom_logo_mobile_max_height":0,"ocean_header_custom_menu":"","ocean_menu_typo_font_family":"","ocean_menu_typo_font_subset":"","ocean_menu_typo_font_size":0,"ocean_menu_typo_font_size_tablet":0,"ocean_menu_typo_font_size_mobile":0,"ocean_menu_typo_font_size_unit":"px","ocean_menu_typo_font_weight":"","ocean_menu_typo_font_weight_tablet":"","ocean_menu_typo_font_weight_mobile":"","ocean_menu_typo_transform":"","ocean_menu_typo_transform_tablet":"","ocean_menu_typo_transform_mobile":"","ocean_menu_typo_line_height":0,"ocean_menu_typo_line_height_tablet":0,"ocean_menu_typo_line_height_mobile":0,"ocean_menu_typo_line_height_unit":"","ocean_menu_typo_spacing":0,"ocean_menu_typo_spacing_tablet":0,"ocean_menu_typo_spacing_mobile":0,"ocean_menu_typo_spacing_unit":"","ocean_menu_link_color":"","ocean_menu_link_color_hover":"","ocean_menu_link_color_active":"","ocean_menu_link_background":"","ocean_menu_link_hover_background":"","ocean_menu_link_active_background":"","ocean_menu_social_links_bg":"","ocean_menu_social_hover_links_bg":"","ocean_menu_social_links_color":"","ocean_menu_social_hover_links_color":"","ocean_disable_title":"default","ocean_disable_heading":"default","ocean_post_title":"","ocean_post_subheading":"","ocean_post_title_style":"","ocean_post_title_background_color":"","ocean_post_title_background":0,"ocean_post_title_bg_image_position":"","ocean_post_title_bg_image_attachment":"","ocean_post_title_bg_image_repeat":"","ocean_post_title_bg_image_size":"","ocean_post_title_height":0,"ocean_post_title_bg_overlay":0.5,"ocean_post_title_bg_overlay_color":"","ocean_disable_breadcrumbs":"default","ocean_breadcrumbs_color":"","ocean_breadcrumbs_separator_color":"","ocean_breadcrumbs_links_color":"","ocean_breadcrumbs_links_hover_color":"","ocean_display_footer_widgets":"default","ocean_display_footer_bottom":"default","ocean_custom_footer_template":""},"product_brand":[],"product_cat":[87],"product_tag":[],"class_list":{"0":"post-2673","1":"product","2":"type-product","3":"status-publish","4":"has-post-thumbnail","6":"product_cat-pop-corn","8":"entry","9":"has-media","11":"first","12":"outofstock","13":"shipping-taxable","14":"purchasable","15":"product-type-simple","16":"has-product-nav","17":"col","18":"span_1_of_3","19":"owp-content-center","20":"owp-thumbs-layout-horizontal","21":"owp-btn-normal","22":"owp-tabs-layout-horizontal","23":"has-no-thumbnails"},"yoast_head":"<!-- This site is optimized with the Yoast SEO plugin v24.3 - https:\/\/yoast.com\/wordpress\/plugins\/seo\/ -->\n<title>Werther&#039;s Original Caramel Popcorn Classic sachet 140gr - Au Palais Sucr\u00e9<\/title>\n<meta name=\"description\" content=\"D\u00e9couvre le mix savoureux des Werther&#039;s Original Caramel Popcorn Original, un mariage irr\u00e9sistible entre popcorns et petits bonbons au caramel. Ce m\u00e9lange sucr\u00e9-sal\u00e9 est tout simplement magique ! Laisse-toi emporter par le go\u00fbt du caramel fondant qui rendra tes popcorns d\u00e9licieux et non \u00e9coeurants. D\u00e9guste ces sachets devant un film Netflix en compagnie de tes amis ou en solo. Emporte ces bouch\u00e9es au go\u00fbt intense partout avec toi et savoure une explosion de saveurs \u00e0 chaque instant. Commande d\u00e8s maintenant et succombe \u00e0 la tentation de ces Werther&#039;s Original Caramel Popcorn qui te feront fondre de plaisir \u00e0 chaque bouch\u00e9e.\" \/>\n<meta name=\"robots\" content=\"index, follow, max-snippet:-1, max-image-preview:large, max-video-preview:-1\" \/>\n<link rel=\"canonical\" href=\"https:\/\/www.au-palais-sucre.com\/index.php\/produit\/werthers-original-caramel-popcorn-classic-sachet-140gr\/\" \/>\n<meta property=\"og:locale\" content=\"fr_FR\" \/>\n<meta property=\"og:type\" content=\"article\" \/>\n<meta property=\"og:title\" content=\"Werther&#039;s Original Caramel Popcorn Classic sachet 140gr - Au Palais Sucr\u00e9\" \/>\n<meta property=\"og:description\" content=\"D\u00e9couvre le mix savoureux des Werther&#039;s Original Caramel Popcorn Original, un mariage irr\u00e9sistible entre popcorns et petits bonbons au caramel. Ce m\u00e9lange sucr\u00e9-sal\u00e9 est tout simplement magique ! Laisse-toi emporter par le go\u00fbt du caramel fondant qui rendra tes popcorns d\u00e9licieux et non \u00e9coeurants. D\u00e9guste ces sachets devant un film Netflix en compagnie de tes amis ou en solo. Emporte ces bouch\u00e9es au go\u00fbt intense partout avec toi et savoure une explosion de saveurs \u00e0 chaque instant. Commande d\u00e8s maintenant et succombe \u00e0 la tentation de ces Werther&#039;s Original Caramel Popcorn qui te feront fondre de plaisir \u00e0 chaque bouch\u00e9e.\" \/>\n<meta property=\"og:url\" content=\"https:\/\/www.au-palais-sucre.com\/index.php\/produit\/werthers-original-caramel-popcorn-classic-sachet-140gr\/\" \/>\n<meta property=\"og:site_name\" content=\"Au Palais Sucr\u00e9\" \/>\n<meta property=\"article:publisher\" content=\"https:\/\/www.facebook.com\/people\/Au-Palais-Sucr\/pfbid0xHg32QqsqJkkArCjoHQ6aaknwKMjtXgSnFxn2J3iXRfcnKZoBnYZT1GMsdL8xcPUl\/\" \/>\n<meta property=\"article:modified_time\" content=\"2024-09-15T16:56:04+00:00\" \/>\n<meta property=\"og:image\" content=\"https:\/\/www.au-palais-sucre.com\/wp-content\/uploads\/2023\/05\/Werther_s_Original_Caramel_Popcorn_Classic_sachet_140gr.jpg\" \/>\n\t<meta property=\"og:image:width\" content=\"500\" \/>\n\t<meta property=\"og:image:height\" content=\"500\" \/>\n\t<meta property=\"og:image:type\" content=\"image\/jpeg\" \/>\n<meta name=\"twitter:card\" content=\"summary_large_image\" \/>\n<meta name=\"twitter:label1\" content=\"Prix\" \/>\n\t<meta name=\"twitter:data1\" content=\"4,50&nbsp;&euro;\" \/>\n\t<meta name=\"twitter:label2\" content=\"Disponibilit\u00e9\" \/>\n\t<meta name=\"twitter:data2\" content=\"Rupture de stock\" \/>\n<script type=\"application\/ld+json\" class=\"yoast-schema-graph\">{\"@context\":\"https:\/\/schema.org\",\"@graph\":[{\"@type\":\"WebPage\",\"@id\":\"https:\/\/www.au-palais-sucre.com\/index.php\/produit\/werthers-original-caramel-popcorn-classic-sachet-140gr\/\",\"url\":\"https:\/\/www.au-palais-sucre.com\/index.php\/produit\/werthers-original-caramel-popcorn-classic-sachet-140gr\/\",\"name\":\"Werther's Original Caramel Popcorn Classic sachet 140gr - Au Palais Sucr\u00e9\",\"isPartOf\":{\"@id\":\"https:\/\/www.au-palais-sucre.com\/#website\"},\"primaryImageOfPage\":{\"@id\":\"https:\/\/www.au-palais-sucre.com\/index.php\/produit\/werthers-original-caramel-popcorn-classic-sachet-140gr\/#primaryimage\"},\"image\":{\"@id\":\"https:\/\/www.au-palais-sucre.com\/index.php\/produit\/werthers-original-caramel-popcorn-classic-sachet-140gr\/#primaryimage\"},\"thumbnailUrl\":\"https:\/\/www.au-palais-sucre.com\/wp-content\/uploads\/2023\/05\/Werther_s_Original_Caramel_Popcorn_Classic_sachet_140gr.jpg\",\"datePublished\":\"2023-05-30T11:40:00+00:00\",\"dateModified\":\"2024-09-15T16:56:04+00:00\",\"description\":\"D\u00e9couvre le mix savoureux des Werther's Original Caramel Popcorn Original, un mariage irr\u00e9sistible entre popcorns et petits bonbons au caramel. Ce m\u00e9lange sucr\u00e9-sal\u00e9 est tout simplement magique ! Laisse-toi emporter par le go\u00fbt du caramel fondant qui rendra tes popcorns d\u00e9licieux et non \u00e9coeurants. D\u00e9guste ces sachets devant un film Netflix en compagnie de tes amis ou en solo. Emporte ces bouch\u00e9es au go\u00fbt intense partout avec toi et savoure une explosion de saveurs \u00e0 chaque instant. Commande d\u00e8s maintenant et succombe \u00e0 la tentation de ces Werther's Original Caramel Popcorn qui te feront fondre de plaisir \u00e0 chaque bouch\u00e9e.\",\"breadcrumb\":{\"@id\":\"https:\/\/www.au-palais-sucre.com\/index.php\/produit\/werthers-original-caramel-popcorn-classic-sachet-140gr\/#breadcrumb\"},\"inLanguage\":\"fr-FR\",\"potentialAction\":[{\"@type\":\"ReadAction\",\"target\":[\"https:\/\/www.au-palais-sucre.com\/index.php\/produit\/werthers-original-caramel-popcorn-classic-sachet-140gr\/\"]}]},{\"@type\":\"ImageObject\",\"inLanguage\":\"fr-FR\",\"@id\":\"https:\/\/www.au-palais-sucre.com\/index.php\/produit\/werthers-original-caramel-popcorn-classic-sachet-140gr\/#primaryimage\",\"url\":\"https:\/\/www.au-palais-sucre.com\/wp-content\/uploads\/2023\/05\/Werther_s_Original_Caramel_Popcorn_Classic_sachet_140gr.jpg\",\"contentUrl\":\"https:\/\/www.au-palais-sucre.com\/wp-content\/uploads\/2023\/05\/Werther_s_Original_Caramel_Popcorn_Classic_sachet_140gr.jpg\",\"width\":500,\"height\":500},{\"@type\":\"BreadcrumbList\",\"@id\":\"https:\/\/www.au-palais-sucre.com\/index.php\/produit\/werthers-original-caramel-popcorn-classic-sachet-140gr\/#breadcrumb\",\"itemListElement\":[{\"@type\":\"ListItem\",\"position\":1,\"name\":\"Boutique\",\"item\":\"https:\/\/www.au-palais-sucre.com\/index.php\/shop\/\"},{\"@type\":\"ListItem\",\"position\":2,\"name\":\"Werther&#8217;s Original Caramel Popcorn Classic sachet 140gr\"}]},{\"@type\":\"WebSite\",\"@id\":\"https:\/\/www.au-palais-sucre.com\/#website\",\"url\":\"https:\/\/www.au-palais-sucre.com\/\",\"name\":\"Au Palais Sucr\u00e9\",\"description\":\"Arrivage permanent de nouveaux produits..\",\"publisher\":{\"@id\":\"https:\/\/www.au-palais-sucre.com\/#organization\"},\"potentialAction\":[{\"@type\":\"SearchAction\",\"target\":{\"@type\":\"EntryPoint\",\"urlTemplate\":\"https:\/\/www.au-palais-sucre.com\/?s={search_term_string}\"},\"query-input\":{\"@type\":\"PropertyValueSpecification\",\"valueRequired\":true,\"valueName\":\"search_term_string\"}}],\"inLanguage\":\"fr-FR\"},{\"@type\":\"Organization\",\"@id\":\"https:\/\/www.au-palais-sucre.com\/#organization\",\"name\":\"Au Palais Sucr\u00e9\",\"url\":\"https:\/\/www.au-palais-sucre.com\/\",\"logo\":{\"@type\":\"ImageObject\",\"inLanguage\":\"fr-FR\",\"@id\":\"https:\/\/www.au-palais-sucre.com\/#\/schema\/logo\/image\/\",\"url\":\"https:\/\/www.au-palais-sucre.com\/wp-content\/uploads\/2023\/06\/cropped-Logo-blanc_prev_ui.png\",\"contentUrl\":\"https:\/\/www.au-palais-sucre.com\/wp-content\/uploads\/2023\/06\/cropped-Logo-blanc_prev_ui.png\",\"width\":567,\"height\":440,\"caption\":\"Au Palais Sucr\u00e9\"},\"image\":{\"@id\":\"https:\/\/www.au-palais-sucre.com\/#\/schema\/logo\/image\/\"},\"sameAs\":[\"https:\/\/www.facebook.com\/people\/Au-Palais-Sucr\/pfbid0xHg32QqsqJkkArCjoHQ6aaknwKMjtXgSnFxn2J3iXRfcnKZoBnYZT1GMsdL8xcPUl\/\"]}]}<\/script>\n<meta property=\"product:price:amount\" content=\"4.50\" \/>\n<meta property=\"product:price:currency\" content=\"EUR\" \/>\n<meta property=\"og:availability\" content=\"out of stock\" \/>\n<meta property=\"product:availability\" content=\"out of stock\" \/>\n<meta property=\"product:retailer_item_id\" content=\"APSPOP8\" \/>\n<meta property=\"product:condition\" content=\"new\" \/>\n<!-- \/ Yoast SEO plugin. -->","yoast_head_json":{"title":"Werther's Original Caramel Popcorn Classic sachet 140gr - Au Palais Sucr\u00e9","description":"D\u00e9couvre le mix savoureux des Werther's Original Caramel Popcorn Original, un mariage irr\u00e9sistible entre popcorns et petits bonbons au caramel. Ce m\u00e9lange sucr\u00e9-sal\u00e9 est tout simplement magique ! Laisse-toi emporter par le go\u00fbt du caramel fondant qui rendra tes popcorns d\u00e9licieux et non \u00e9coeurants. D\u00e9guste ces sachets devant un film Netflix en compagnie de tes amis ou en solo. Emporte ces bouch\u00e9es au go\u00fbt intense partout avec toi et savoure une explosion de saveurs \u00e0 chaque instant. Commande d\u00e8s maintenant et succombe \u00e0 la tentation de ces Werther's Original Caramel Popcorn qui te feront fondre de plaisir \u00e0 chaque bouch\u00e9e.","robots":{"index":"index","follow":"follow","max-snippet":"max-snippet:-1","max-image-preview":"max-image-preview:large","max-video-preview":"max-video-preview:-1"},"canonical":"https:\/\/www.au-palais-sucre.com\/index.php\/produit\/werthers-original-caramel-popcorn-classic-sachet-140gr\/","og_locale":"fr_FR","og_type":"article","og_title":"Werther's Original Caramel Popcorn Classic sachet 140gr - Au Palais Sucr\u00e9","og_description":"D\u00e9couvre le mix savoureux des Werther's Original Caramel Popcorn Original, un mariage irr\u00e9sistible entre popcorns et petits bonbons au caramel. Ce m\u00e9lange sucr\u00e9-sal\u00e9 est tout simplement magique ! Laisse-toi emporter par le go\u00fbt du caramel fondant qui rendra tes popcorns d\u00e9licieux et non \u00e9coeurants. D\u00e9guste ces sachets devant un film Netflix en compagnie de tes amis ou en solo. Emporte ces bouch\u00e9es au go\u00fbt intense partout avec toi et savoure une explosion de saveurs \u00e0 chaque instant. Commande d\u00e8s maintenant et succombe \u00e0 la tentation de ces Werther's Original Caramel Popcorn qui te feront fondre de plaisir \u00e0 chaque bouch\u00e9e.","og_url":"https:\/\/www.au-palais-sucre.com\/index.php\/produit\/werthers-original-caramel-popcorn-classic-sachet-140gr\/","og_site_name":"Au Palais Sucr\u00e9","article_publisher":"https:\/\/www.facebook.com\/people\/Au-Palais-Sucr\/pfbid0xHg32QqsqJkkArCjoHQ6aaknwKMjtXgSnFxn2J3iXRfcnKZoBnYZT1GMsdL8xcPUl\/","article_modified_time":"2024-09-15T16:56:04+00:00","og_image":[{"width":500,"height":500,"url":"https:\/\/www.au-palais-sucre.com\/wp-content\/uploads\/2023\/05\/Werther_s_Original_Caramel_Popcorn_Classic_sachet_140gr.jpg","type":"image\/jpeg"}],"twitter_card":"summary_large_image","twitter_misc":{"Prix":"4,50&nbsp;&euro;","Disponibilit\u00e9":"Rupture de stock"},"schema":{"@context":"https:\/\/schema.org","@graph":[{"@type":"WebPage","@id":"https:\/\/www.au-palais-sucre.com\/index.php\/produit\/werthers-original-caramel-popcorn-classic-sachet-140gr\/","url":"https:\/\/www.au-palais-sucre.com\/index.php\/produit\/werthers-original-caramel-popcorn-classic-sachet-140gr\/","name":"Werther's Original Caramel Popcorn Classic sachet 140gr - Au Palais Sucr\u00e9","isPartOf":{"@id":"https:\/\/www.au-palais-sucre.com\/#website"},"primaryImageOfPage":{"@id":"https:\/\/www.au-palais-sucre.com\/index.php\/produit\/werthers-original-caramel-popcorn-classic-sachet-140gr\/#primaryimage"},"image":{"@id":"https:\/\/www.au-palais-sucre.com\/index.php\/produit\/werthers-original-caramel-popcorn-classic-sachet-140gr\/#primaryimage"},"thumbnailUrl":"https:\/\/www.au-palais-sucre.com\/wp-content\/uploads\/2023\/05\/Werther_s_Original_Caramel_Popcorn_Classic_sachet_140gr.jpg","datePublished":"2023-05-30T11:40:00+00:00","dateModified":"2024-09-15T16:56:04+00:00","description":"D\u00e9couvre le mix savoureux des Werther's Original Caramel Popcorn Original, un mariage irr\u00e9sistible entre popcorns et petits bonbons au caramel. Ce m\u00e9lange sucr\u00e9-sal\u00e9 est tout simplement magique ! Laisse-toi emporter par le go\u00fbt du caramel fondant qui rendra tes popcorns d\u00e9licieux et non \u00e9coeurants. D\u00e9guste ces sachets devant un film Netflix en compagnie de tes amis ou en solo. Emporte ces bouch\u00e9es au go\u00fbt intense partout avec toi et savoure une explosion de saveurs \u00e0 chaque instant. Commande d\u00e8s maintenant et succombe \u00e0 la tentation de ces Werther's Original Caramel Popcorn qui te feront fondre de plaisir \u00e0 chaque bouch\u00e9e.","breadcrumb":{"@id":"https:\/\/www.au-palais-sucre.com\/index.php\/produit\/werthers-original-caramel-popcorn-classic-sachet-140gr\/#breadcrumb"},"inLanguage":"fr-FR","potentialAction":[{"@type":"ReadAction","target":["https:\/\/www.au-palais-sucre.com\/index.php\/produit\/werthers-original-caramel-popcorn-classic-sachet-140gr\/"]}]},{"@type":"ImageObject","inLanguage":"fr-FR","@id":"https:\/\/www.au-palais-sucre.com\/index.php\/produit\/werthers-original-caramel-popcorn-classic-sachet-140gr\/#primaryimage","url":"https:\/\/www.au-palais-sucre.com\/wp-content\/uploads\/2023\/05\/Werther_s_Original_Caramel_Popcorn_Classic_sachet_140gr.jpg","contentUrl":"https:\/\/www.au-palais-sucre.com\/wp-content\/uploads\/2023\/05\/Werther_s_Original_Caramel_Popcorn_Classic_sachet_140gr.jpg","width":500,"height":500},{"@type":"BreadcrumbList","@id":"https:\/\/www.au-palais-sucre.com\/index.php\/produit\/werthers-original-caramel-popcorn-classic-sachet-140gr\/#breadcrumb","itemListElement":[{"@type":"ListItem","position":1,"name":"Boutique","item":"https:\/\/www.au-palais-sucre.com\/index.php\/shop\/"},{"@type":"ListItem","position":2,"name":"Werther&#8217;s Original Caramel Popcorn Classic sachet 140gr"}]},{"@type":"WebSite","@id":"https:\/\/www.au-palais-sucre.com\/#website","url":"https:\/\/www.au-palais-sucre.com\/","name":"Au Palais Sucr\u00e9","description":"Arrivage permanent de nouveaux produits..","publisher":{"@id":"https:\/\/www.au-palais-sucre.com\/#organization"},"potentialAction":[{"@type":"SearchAction","target":{"@type":"EntryPoint","urlTemplate":"https:\/\/www.au-palais-sucre.com\/?s={search_term_string}"},"query-input":{"@type":"PropertyValueSpecification","valueRequired":true,"valueName":"search_term_string"}}],"inLanguage":"fr-FR"},{"@type":"Organization","@id":"https:\/\/www.au-palais-sucre.com\/#organization","name":"Au Palais Sucr\u00e9","url":"https:\/\/www.au-palais-sucre.com\/","logo":{"@type":"ImageObject","inLanguage":"fr-FR","@id":"https:\/\/www.au-palais-sucre.com\/#\/schema\/logo\/image\/","url":"https:\/\/www.au-palais-sucre.com\/wp-content\/uploads\/2023\/06\/cropped-Logo-blanc_prev_ui.png","contentUrl":"https:\/\/www.au-palais-sucre.com\/wp-content\/uploads\/2023\/06\/cropped-Logo-blanc_prev_ui.png","width":567,"height":440,"caption":"Au Palais Sucr\u00e9"},"image":{"@id":"https:\/\/www.au-palais-sucre.com\/#\/schema\/logo\/image\/"},"sameAs":["https:\/\/www.facebook.com\/people\/Au-Palais-Sucr\/pfbid0xHg32QqsqJkkArCjoHQ6aaknwKMjtXgSnFxn2J3iXRfcnKZoBnYZT1GMsdL8xcPUl\/"]}]},"product_price_amount":"4.50","product_price_currency":"EUR","og_availability":"out of stock","product_availability":"out of stock","product_retailer_item_id":"APSPOP8","product_condition":"new"},"_links":{"self":[{"href":"https:\/\/www.au-palais-sucre.com\/index.php\/wp-json\/wp\/v2\/product\/2673","targetHints":{"allow":["GET"]}}],"collection":[{"href":"https:\/\/www.au-palais-sucre.com\/index.php\/wp-json\/wp\/v2\/product"}],"about":[{"href":"https:\/\/www.au-palais-sucre.com\/index.php\/wp-json\/wp\/v2\/types\/product"}],"replies":[{"embeddable":true,"href":"https:\/\/www.au-palais-sucre.com\/index.php\/wp-json\/wp\/v2\/comments?post=2673"}],"version-history":[{"count":0,"href":"https:\/\/www.au-palais-sucre.com\/index.php\/wp-json\/wp\/v2\/product\/2673\/revisions"}],"wp:featuredmedia":[{"embeddable":true,"href":"https:\/\/www.au-palais-sucre.com\/index.php\/wp-json\/wp\/v2\/media\/2675"}],"wp:attachment":[{"href":"https:\/\/www.au-palais-sucre.com\/index.php\/wp-json\/wp\/v2\/media?parent=2673"}],"wp:term":[{"taxonomy":"product_brand","embeddable":true,"href":"https:\/\/www.au-palais-sucre.com\/index.php\/wp-json\/wp\/v2\/product_brand?post=2673"},{"taxonomy":"product_cat","embeddable":true,"href":"https:\/\/www.au-palais-sucre.com\/index.php\/wp-json\/wp\/v2\/product_cat?post=2673"},{"taxonomy":"product_tag","embeddable":true,"href":"https:\/\/www.au-palais-sucre.com\/index.php\/wp-json\/wp\/v2\/product_tag?post=2673"}],"curies":[{"name":"wp","href":"https:\/\/api.w.org\/{rel}","templated":true}]}}