{"id":2903,"date":"2023-06-03T10:35:53","date_gmt":"2023-06-03T08:35:53","guid":{"rendered":"https:\/\/www.au-palais-sucre.com\/?post_type=product&#038;p=2903"},"modified":"2025-11-06T15:19:54","modified_gmt":"2025-11-06T14:19:54","slug":"chewing-gum-frizzy-pazzy-14gr","status":"publish","type":"product","link":"https:\/\/www.au-palais-sucre.com\/index.php\/produit\/chewing-gum-frizzy-pazzy-14gr\/","title":{"rendered":"Chewing-gum &#8211; Frizzy Pazzy 14gr."},"content":{"rendered":"<h1>Chewing-gum &#8211; Frizzy Pazzy 14gr<\/h1>\n<p>D\u00e9couvrez Frizzy Pazzy, le chewing-gum qui craque et qui claque, rien de moins qu&rsquo;un incontournable, une ic\u00f4ne, une l\u00e9gende \u00e0 part enti\u00e8re ! Qui n&rsquo;a pas le souvenir de ces granules qui claquent en bouche pour se transformer en chewing-gum ? Si l&rsquo;envie de retrouver cette sensation unique vous envahit, ne cherchez plus et plongez dans l&rsquo;univers culte des ann\u00e9es 80 et 90 avec ce bonbon embl\u00e9matique. Frizzy Pazzy est le choix id\u00e9al pour tous les amateurs de sensations originales et de plaisirs r\u00e9tro. Laissez-vous tenter par cette exp\u00e9rience ludique et commandez d\u00e8s maintenant pour retrouver le craquement et le cr\u00e9pitement de Frizzy Pazzy dans votre bouche !<\/p>\n<p><strong>Tous nos produits b\u00e9n\u00e9ficient d\u2019une DDM de plusieurs mois.<\/strong><br \/>\n<strong>DDM = Date de Durabilit\u00e9 Minimale, anciennement DLUO.<\/strong><\/p>\n<p>DLC : 10\/2025<\/p>\n<p>&nbsp;<\/p>\n<h3>Ingr\u00e9dients de Chewing-gum &#8211; Frizzy Pazzy<\/h3>\n<p>Sucre,\u00a0<strong>lactose<\/strong>, gomme base (contient de la l\u00e9cithine de <strong>soja<\/strong>), sirop de glucose, \u00e9mulsifiant\u00a0E422, acidifiant E330, ar\u00f4me, colorant E133, dioxyde de carbone E290, antioxidant E321.<\/p>\n<p>Pour 100g : Energie 105kJ\/25kcal, graisses 0g, acides gras satur\u00e9s 0g, glucides 6.2g, dont sucres 6.2g, prot\u00e9ines 0g, sel 0g.<\/p>\n<p>&nbsp;<\/p>\n<h4>Les services AU PALAIS SUCRE<\/h4>\n<p>Nous sommes est un site de vente de <strong>bonbons<\/strong>, <strong>confiseries<\/strong>, <strong>boissons<\/strong>, <strong>chips<\/strong> et <strong>produits du monde<\/strong>,\u00a0 pour les particuliers, les associations et les entreprises.<\/p>\n<p><strong>AU PALAIS SUCRE\u00a0<\/strong> apporte \u00e9galement un vrai service , une livraison rapide et fiable, une pr\u00e9paration des commandes dans les 24h\/48h et un service clients joignable.<\/p>\n<p><strong>AU PALAIS SUCRE<\/strong> est votre destination pour des bonbons, confiseries, boissons, chips et produits du monde pour les particuliers, les associations et les entreprises. Nous offrons un choix vari\u00e9 de produits de qualit\u00e9 sup\u00e9rieure pour satisfaire tous les go\u00fbts et les besoins.<\/p>\n<p>Nous sommes fiers d\u2019offrir \u00e0 nos clients un service hors pair. Nous nous engageons \u00e0 pr\u00e9parer et exp\u00e9dier les commandes dans les 24h\/48h suivant l\u2019achat, pour une livraison rapide et fiable. De plus, notre \u00e9quipe de service clients est toujours disponible pour r\u00e9pondre \u00e0 vos questions et vous aider \u00e0 trouver le produit id\u00e9al pour vos besoins.<\/p>\n<p>Chez AU PALAIS SUCRE, nous sommes passionn\u00e9s par les bonbons et les confiseries, et nous sommes d\u00e9termin\u00e9s \u00e0 offrir \u00e0 nos clients une exp\u00e9rience de magasinage en ligne agr\u00e9able et sans stress. Nous sommes votre guichet unique pour tous vos besoins en sucreries et en produits du monde, et nous sommes impatients de vous servir d\u00e8s maintenant !<\/p>\n","protected":false},"excerpt":{"rendered":"<h1>Chewing-gum &#8211; Frizzy Pazzy 14gr<\/h1>\n<p>D\u00e9couvrez Frizzy Pazzy, le chewing-gum qui craque et qui claque, rien de moins qu&rsquo;un incontournable, une ic\u00f4ne, une l\u00e9gende \u00e0 part enti\u00e8re ! Qui n&rsquo;a pas le souvenir de ces granules qui claquent en bouche pour se transformer en chewing-gum ? Si l&rsquo;envie de retrouver cette sensation unique vous envahit, ne cherchez plus et plongez dans l&rsquo;univers culte des ann\u00e9es 80 et 90 avec ce bonbon embl\u00e9matique. Frizzy Pazzy est le choix id\u00e9al pour tous les amateurs de sensations originales et de plaisirs r\u00e9tro. Laissez-vous tenter par cette exp\u00e9rience ludique et commandez d\u00e8s maintenant pour retrouver le craquement et le cr\u00e9pitement de Frizzy Pazzy dans votre bouche !<\/p>\n<p><strong>Tous nos produits b\u00e9n\u00e9ficient d\u2019une DDM de plusieurs mois.<\/strong><br \/>\n<strong>DDM = Date de Durabilit\u00e9 Minimale, anciennement DLUO.<\/strong><\/p>\n","protected":false},"featured_media":2980,"comment_status":"open","ping_status":"closed","template":"","meta":{"ocean_post_layout":"","ocean_both_sidebars_style":"","ocean_both_sidebars_content_width":0,"ocean_both_sidebars_sidebars_width":0,"ocean_sidebar":"0","ocean_second_sidebar":"0","ocean_disable_margins":"enable","ocean_add_body_class":"","ocean_shortcode_before_top_bar":"","ocean_shortcode_after_top_bar":"","ocean_shortcode_before_header":"","ocean_shortcode_after_header":"","ocean_has_shortcode":"","ocean_shortcode_after_title":"","ocean_shortcode_before_footer_widgets":"","ocean_shortcode_after_footer_widgets":"","ocean_shortcode_before_footer_bottom":"","ocean_shortcode_after_footer_bottom":"","ocean_display_top_bar":"default","ocean_display_header":"default","ocean_header_style":"","ocean_center_header_left_menu":"0","ocean_custom_header_template":"0","ocean_custom_logo":0,"ocean_custom_retina_logo":0,"ocean_custom_logo_max_width":0,"ocean_custom_logo_tablet_max_width":0,"ocean_custom_logo_mobile_max_width":0,"ocean_custom_logo_max_height":0,"ocean_custom_logo_tablet_max_height":0,"ocean_custom_logo_mobile_max_height":0,"ocean_header_custom_menu":"0","ocean_menu_typo_font_family":"0","ocean_menu_typo_font_subset":"","ocean_menu_typo_font_size":0,"ocean_menu_typo_font_size_tablet":0,"ocean_menu_typo_font_size_mobile":0,"ocean_menu_typo_font_size_unit":"px","ocean_menu_typo_font_weight":"","ocean_menu_typo_font_weight_tablet":"","ocean_menu_typo_font_weight_mobile":"","ocean_menu_typo_transform":"","ocean_menu_typo_transform_tablet":"","ocean_menu_typo_transform_mobile":"","ocean_menu_typo_line_height":0,"ocean_menu_typo_line_height_tablet":0,"ocean_menu_typo_line_height_mobile":0,"ocean_menu_typo_line_height_unit":"","ocean_menu_typo_spacing":0,"ocean_menu_typo_spacing_tablet":0,"ocean_menu_typo_spacing_mobile":0,"ocean_menu_typo_spacing_unit":"","ocean_menu_link_color":"","ocean_menu_link_color_hover":"","ocean_menu_link_color_active":"","ocean_menu_link_background":"","ocean_menu_link_hover_background":"","ocean_menu_link_active_background":"","ocean_menu_social_links_bg":"","ocean_menu_social_hover_links_bg":"","ocean_menu_social_links_color":"","ocean_menu_social_hover_links_color":"","ocean_disable_title":"default","ocean_disable_heading":"default","ocean_post_title":"","ocean_post_subheading":"","ocean_post_title_style":"","ocean_post_title_background_color":"","ocean_post_title_background":0,"ocean_post_title_bg_image_position":"","ocean_post_title_bg_image_attachment":"","ocean_post_title_bg_image_repeat":"","ocean_post_title_bg_image_size":"","ocean_post_title_height":0,"ocean_post_title_bg_overlay":0.5,"ocean_post_title_bg_overlay_color":"","ocean_disable_breadcrumbs":"default","ocean_breadcrumbs_color":"","ocean_breadcrumbs_separator_color":"","ocean_breadcrumbs_links_color":"","ocean_breadcrumbs_links_hover_color":"","ocean_display_footer_widgets":"default","ocean_display_footer_bottom":"default","ocean_custom_footer_template":"0"},"product_brand":[],"product_cat":[27,89],"product_tag":[],"class_list":{"0":"post-2903","1":"product","2":"type-product","3":"status-publish","4":"has-post-thumbnail","6":"product_cat-bonbons-conditionnes","7":"product_cat-sachet-de-bonbon","8":"pa_parfums-cola","9":"pa_parfums-fraise","10":"pa_parfums-fraise-tache-langue","12":"entry","13":"has-media","15":"first","16":"outofstock","17":"shipping-taxable","18":"purchasable","19":"product-type-variable","20":"has-product-nav","21":"col","22":"span_1_of_3","23":"owp-content-center","24":"owp-thumbs-layout-horizontal","25":"owp-btn-normal","26":"owp-tabs-layout-horizontal","27":"has-no-thumbnails"},"yoast_head":"<!-- This site is optimized with the Yoast SEO plugin v24.3 - https:\/\/yoast.com\/wordpress\/plugins\/seo\/ -->\n<title>Chewing-gum - Frizzy Pazzy 14gr. - Au Palais Sucr\u00e9<\/title>\n<meta name=\"description\" content=\"D\u00e9couvrez Frizzy Pazzy, le chewing-gum qui craque et qui claque, une ic\u00f4ne et une l\u00e9gende \u00e0 part enti\u00e8re ! Retrouvez la sensation unique de ces granules qui claquent en bouche pour se transformer en chewing-gum. Plongez dans l&#039;univers culte des ann\u00e9es 80 et 90 avec ce bonbon embl\u00e9matique. Frizzy Pazzy est le choix id\u00e9al pour les amateurs de sensations originales et de plaisirs r\u00e9tro. Laissez-vous tenter par cette exp\u00e9rience ludique et commandez d\u00e8s maintenant pour retrouver le craquement et le cr\u00e9pitement de Frizzy Pazzy !\" \/>\n<meta name=\"robots\" content=\"index, follow, max-snippet:-1, max-image-preview:large, max-video-preview:-1\" \/>\n<link rel=\"canonical\" href=\"https:\/\/www.au-palais-sucre.com\/index.php\/produit\/chewing-gum-frizzy-pazzy-14gr\/\" \/>\n<meta property=\"og:locale\" content=\"fr_FR\" \/>\n<meta property=\"og:type\" content=\"article\" \/>\n<meta property=\"og:title\" content=\"Chewing-gum - Frizzy Pazzy 14gr. - Au Palais Sucr\u00e9\" \/>\n<meta property=\"og:description\" content=\"D\u00e9couvrez Frizzy Pazzy, le chewing-gum qui craque et qui claque, une ic\u00f4ne et une l\u00e9gende \u00e0 part enti\u00e8re ! Retrouvez la sensation unique de ces granules qui claquent en bouche pour se transformer en chewing-gum. Plongez dans l&#039;univers culte des ann\u00e9es 80 et 90 avec ce bonbon embl\u00e9matique. Frizzy Pazzy est le choix id\u00e9al pour les amateurs de sensations originales et de plaisirs r\u00e9tro. Laissez-vous tenter par cette exp\u00e9rience ludique et commandez d\u00e8s maintenant pour retrouver le craquement et le cr\u00e9pitement de Frizzy Pazzy !\" \/>\n<meta property=\"og:url\" content=\"https:\/\/www.au-palais-sucre.com\/index.php\/produit\/chewing-gum-frizzy-pazzy-14gr\/\" \/>\n<meta property=\"og:site_name\" content=\"Au Palais Sucr\u00e9\" \/>\n<meta property=\"article:publisher\" content=\"https:\/\/www.facebook.com\/people\/Au-Palais-Sucr\/pfbid0xHg32QqsqJkkArCjoHQ6aaknwKMjtXgSnFxn2J3iXRfcnKZoBnYZT1GMsdL8xcPUl\/\" \/>\n<meta property=\"article:modified_time\" content=\"2025-11-06T14:19:54+00:00\" \/>\n<meta property=\"og:image\" content=\"https:\/\/www.au-palais-sucre.com\/wp-content\/uploads\/2023\/06\/Chewing-gum-Frizzy-Pazzy-14gr-1.jpg\" \/>\n\t<meta property=\"og:image:width\" content=\"500\" \/>\n\t<meta property=\"og:image:height\" content=\"500\" \/>\n\t<meta property=\"og:image:type\" content=\"image\/jpeg\" \/>\n<meta name=\"twitter:card\" content=\"summary_large_image\" \/>\n<meta name=\"twitter:label1\" content=\"Disponibilit\u00e9\" \/>\n\t<meta name=\"twitter:data1\" content=\"Rupture de stock\" \/>\n<script type=\"application\/ld+json\" class=\"yoast-schema-graph\">{\"@context\":\"https:\/\/schema.org\",\"@graph\":[{\"@type\":\"WebPage\",\"@id\":\"https:\/\/www.au-palais-sucre.com\/index.php\/produit\/chewing-gum-frizzy-pazzy-14gr\/\",\"url\":\"https:\/\/www.au-palais-sucre.com\/index.php\/produit\/chewing-gum-frizzy-pazzy-14gr\/\",\"name\":\"Chewing-gum - Frizzy Pazzy 14gr. - Au Palais Sucr\u00e9\",\"isPartOf\":{\"@id\":\"https:\/\/www.au-palais-sucre.com\/#website\"},\"primaryImageOfPage\":{\"@id\":\"https:\/\/www.au-palais-sucre.com\/index.php\/produit\/chewing-gum-frizzy-pazzy-14gr\/#primaryimage\"},\"image\":{\"@id\":\"https:\/\/www.au-palais-sucre.com\/index.php\/produit\/chewing-gum-frizzy-pazzy-14gr\/#primaryimage\"},\"thumbnailUrl\":\"https:\/\/www.au-palais-sucre.com\/wp-content\/uploads\/2023\/06\/Chewing-gum-Frizzy-Pazzy-14gr-1.jpg\",\"datePublished\":\"2023-06-03T08:35:53+00:00\",\"dateModified\":\"2025-11-06T14:19:54+00:00\",\"description\":\"D\u00e9couvrez Frizzy Pazzy, le chewing-gum qui craque et qui claque, une ic\u00f4ne et une l\u00e9gende \u00e0 part enti\u00e8re ! Retrouvez la sensation unique de ces granules qui claquent en bouche pour se transformer en chewing-gum. Plongez dans l'univers culte des ann\u00e9es 80 et 90 avec ce bonbon embl\u00e9matique. Frizzy Pazzy est le choix id\u00e9al pour les amateurs de sensations originales et de plaisirs r\u00e9tro. Laissez-vous tenter par cette exp\u00e9rience ludique et commandez d\u00e8s maintenant pour retrouver le craquement et le cr\u00e9pitement de Frizzy Pazzy !\",\"breadcrumb\":{\"@id\":\"https:\/\/www.au-palais-sucre.com\/index.php\/produit\/chewing-gum-frizzy-pazzy-14gr\/#breadcrumb\"},\"inLanguage\":\"fr-FR\",\"potentialAction\":[{\"@type\":\"ReadAction\",\"target\":[\"https:\/\/www.au-palais-sucre.com\/index.php\/produit\/chewing-gum-frizzy-pazzy-14gr\/\"]}]},{\"@type\":\"ImageObject\",\"inLanguage\":\"fr-FR\",\"@id\":\"https:\/\/www.au-palais-sucre.com\/index.php\/produit\/chewing-gum-frizzy-pazzy-14gr\/#primaryimage\",\"url\":\"https:\/\/www.au-palais-sucre.com\/wp-content\/uploads\/2023\/06\/Chewing-gum-Frizzy-Pazzy-14gr-1.jpg\",\"contentUrl\":\"https:\/\/www.au-palais-sucre.com\/wp-content\/uploads\/2023\/06\/Chewing-gum-Frizzy-Pazzy-14gr-1.jpg\",\"width\":500,\"height\":500},{\"@type\":\"BreadcrumbList\",\"@id\":\"https:\/\/www.au-palais-sucre.com\/index.php\/produit\/chewing-gum-frizzy-pazzy-14gr\/#breadcrumb\",\"itemListElement\":[{\"@type\":\"ListItem\",\"position\":1,\"name\":\"Boutique\",\"item\":\"https:\/\/www.au-palais-sucre.com\/index.php\/shop\/\"},{\"@type\":\"ListItem\",\"position\":2,\"name\":\"Chewing-gum &#8211; Frizzy Pazzy 14gr.\"}]},{\"@type\":\"WebSite\",\"@id\":\"https:\/\/www.au-palais-sucre.com\/#website\",\"url\":\"https:\/\/www.au-palais-sucre.com\/\",\"name\":\"Au Palais Sucr\u00e9\",\"description\":\"Arrivage permanent de nouveaux produits..\",\"publisher\":{\"@id\":\"https:\/\/www.au-palais-sucre.com\/#organization\"},\"potentialAction\":[{\"@type\":\"SearchAction\",\"target\":{\"@type\":\"EntryPoint\",\"urlTemplate\":\"https:\/\/www.au-palais-sucre.com\/?s={search_term_string}\"},\"query-input\":{\"@type\":\"PropertyValueSpecification\",\"valueRequired\":true,\"valueName\":\"search_term_string\"}}],\"inLanguage\":\"fr-FR\"},{\"@type\":\"Organization\",\"@id\":\"https:\/\/www.au-palais-sucre.com\/#organization\",\"name\":\"Au Palais Sucr\u00e9\",\"url\":\"https:\/\/www.au-palais-sucre.com\/\",\"logo\":{\"@type\":\"ImageObject\",\"inLanguage\":\"fr-FR\",\"@id\":\"https:\/\/www.au-palais-sucre.com\/#\/schema\/logo\/image\/\",\"url\":\"https:\/\/www.au-palais-sucre.com\/wp-content\/uploads\/2023\/06\/cropped-Logo-blanc_prev_ui.png\",\"contentUrl\":\"https:\/\/www.au-palais-sucre.com\/wp-content\/uploads\/2023\/06\/cropped-Logo-blanc_prev_ui.png\",\"width\":567,\"height\":440,\"caption\":\"Au Palais Sucr\u00e9\"},\"image\":{\"@id\":\"https:\/\/www.au-palais-sucre.com\/#\/schema\/logo\/image\/\"},\"sameAs\":[\"https:\/\/www.facebook.com\/people\/Au-Palais-Sucr\/pfbid0xHg32QqsqJkkArCjoHQ6aaknwKMjtXgSnFxn2J3iXRfcnKZoBnYZT1GMsdL8xcPUl\/\"]}]}<\/script>\n<meta property=\"og:availability\" content=\"out of stock\" \/>\n<meta property=\"product:availability\" content=\"out of stock\" \/>\n<meta property=\"product:retailer_item_id\" content=\"ASPBCON3\" \/>\n<meta property=\"product:condition\" content=\"new\" \/>\n<!-- \/ Yoast SEO plugin. -->","yoast_head_json":{"title":"Chewing-gum - Frizzy Pazzy 14gr. - Au Palais Sucr\u00e9","description":"D\u00e9couvrez Frizzy Pazzy, le chewing-gum qui craque et qui claque, une ic\u00f4ne et une l\u00e9gende \u00e0 part enti\u00e8re ! Retrouvez la sensation unique de ces granules qui claquent en bouche pour se transformer en chewing-gum. Plongez dans l'univers culte des ann\u00e9es 80 et 90 avec ce bonbon embl\u00e9matique. Frizzy Pazzy est le choix id\u00e9al pour les amateurs de sensations originales et de plaisirs r\u00e9tro. Laissez-vous tenter par cette exp\u00e9rience ludique et commandez d\u00e8s maintenant pour retrouver le craquement et le cr\u00e9pitement de Frizzy Pazzy !","robots":{"index":"index","follow":"follow","max-snippet":"max-snippet:-1","max-image-preview":"max-image-preview:large","max-video-preview":"max-video-preview:-1"},"canonical":"https:\/\/www.au-palais-sucre.com\/index.php\/produit\/chewing-gum-frizzy-pazzy-14gr\/","og_locale":"fr_FR","og_type":"article","og_title":"Chewing-gum - Frizzy Pazzy 14gr. - Au Palais Sucr\u00e9","og_description":"D\u00e9couvrez Frizzy Pazzy, le chewing-gum qui craque et qui claque, une ic\u00f4ne et une l\u00e9gende \u00e0 part enti\u00e8re ! Retrouvez la sensation unique de ces granules qui claquent en bouche pour se transformer en chewing-gum. Plongez dans l'univers culte des ann\u00e9es 80 et 90 avec ce bonbon embl\u00e9matique. Frizzy Pazzy est le choix id\u00e9al pour les amateurs de sensations originales et de plaisirs r\u00e9tro. Laissez-vous tenter par cette exp\u00e9rience ludique et commandez d\u00e8s maintenant pour retrouver le craquement et le cr\u00e9pitement de Frizzy Pazzy !","og_url":"https:\/\/www.au-palais-sucre.com\/index.php\/produit\/chewing-gum-frizzy-pazzy-14gr\/","og_site_name":"Au Palais Sucr\u00e9","article_publisher":"https:\/\/www.facebook.com\/people\/Au-Palais-Sucr\/pfbid0xHg32QqsqJkkArCjoHQ6aaknwKMjtXgSnFxn2J3iXRfcnKZoBnYZT1GMsdL8xcPUl\/","article_modified_time":"2025-11-06T14:19:54+00:00","og_image":[{"width":500,"height":500,"url":"https:\/\/www.au-palais-sucre.com\/wp-content\/uploads\/2023\/06\/Chewing-gum-Frizzy-Pazzy-14gr-1.jpg","type":"image\/jpeg"}],"twitter_card":"summary_large_image","twitter_misc":{"Disponibilit\u00e9":"Rupture de stock"},"schema":{"@context":"https:\/\/schema.org","@graph":[{"@type":"WebPage","@id":"https:\/\/www.au-palais-sucre.com\/index.php\/produit\/chewing-gum-frizzy-pazzy-14gr\/","url":"https:\/\/www.au-palais-sucre.com\/index.php\/produit\/chewing-gum-frizzy-pazzy-14gr\/","name":"Chewing-gum - Frizzy Pazzy 14gr. - Au Palais Sucr\u00e9","isPartOf":{"@id":"https:\/\/www.au-palais-sucre.com\/#website"},"primaryImageOfPage":{"@id":"https:\/\/www.au-palais-sucre.com\/index.php\/produit\/chewing-gum-frizzy-pazzy-14gr\/#primaryimage"},"image":{"@id":"https:\/\/www.au-palais-sucre.com\/index.php\/produit\/chewing-gum-frizzy-pazzy-14gr\/#primaryimage"},"thumbnailUrl":"https:\/\/www.au-palais-sucre.com\/wp-content\/uploads\/2023\/06\/Chewing-gum-Frizzy-Pazzy-14gr-1.jpg","datePublished":"2023-06-03T08:35:53+00:00","dateModified":"2025-11-06T14:19:54+00:00","description":"D\u00e9couvrez Frizzy Pazzy, le chewing-gum qui craque et qui claque, une ic\u00f4ne et une l\u00e9gende \u00e0 part enti\u00e8re ! Retrouvez la sensation unique de ces granules qui claquent en bouche pour se transformer en chewing-gum. Plongez dans l'univers culte des ann\u00e9es 80 et 90 avec ce bonbon embl\u00e9matique. Frizzy Pazzy est le choix id\u00e9al pour les amateurs de sensations originales et de plaisirs r\u00e9tro. Laissez-vous tenter par cette exp\u00e9rience ludique et commandez d\u00e8s maintenant pour retrouver le craquement et le cr\u00e9pitement de Frizzy Pazzy !","breadcrumb":{"@id":"https:\/\/www.au-palais-sucre.com\/index.php\/produit\/chewing-gum-frizzy-pazzy-14gr\/#breadcrumb"},"inLanguage":"fr-FR","potentialAction":[{"@type":"ReadAction","target":["https:\/\/www.au-palais-sucre.com\/index.php\/produit\/chewing-gum-frizzy-pazzy-14gr\/"]}]},{"@type":"ImageObject","inLanguage":"fr-FR","@id":"https:\/\/www.au-palais-sucre.com\/index.php\/produit\/chewing-gum-frizzy-pazzy-14gr\/#primaryimage","url":"https:\/\/www.au-palais-sucre.com\/wp-content\/uploads\/2023\/06\/Chewing-gum-Frizzy-Pazzy-14gr-1.jpg","contentUrl":"https:\/\/www.au-palais-sucre.com\/wp-content\/uploads\/2023\/06\/Chewing-gum-Frizzy-Pazzy-14gr-1.jpg","width":500,"height":500},{"@type":"BreadcrumbList","@id":"https:\/\/www.au-palais-sucre.com\/index.php\/produit\/chewing-gum-frizzy-pazzy-14gr\/#breadcrumb","itemListElement":[{"@type":"ListItem","position":1,"name":"Boutique","item":"https:\/\/www.au-palais-sucre.com\/index.php\/shop\/"},{"@type":"ListItem","position":2,"name":"Chewing-gum &#8211; Frizzy Pazzy 14gr."}]},{"@type":"WebSite","@id":"https:\/\/www.au-palais-sucre.com\/#website","url":"https:\/\/www.au-palais-sucre.com\/","name":"Au Palais Sucr\u00e9","description":"Arrivage permanent de nouveaux produits..","publisher":{"@id":"https:\/\/www.au-palais-sucre.com\/#organization"},"potentialAction":[{"@type":"SearchAction","target":{"@type":"EntryPoint","urlTemplate":"https:\/\/www.au-palais-sucre.com\/?s={search_term_string}"},"query-input":{"@type":"PropertyValueSpecification","valueRequired":true,"valueName":"search_term_string"}}],"inLanguage":"fr-FR"},{"@type":"Organization","@id":"https:\/\/www.au-palais-sucre.com\/#organization","name":"Au Palais Sucr\u00e9","url":"https:\/\/www.au-palais-sucre.com\/","logo":{"@type":"ImageObject","inLanguage":"fr-FR","@id":"https:\/\/www.au-palais-sucre.com\/#\/schema\/logo\/image\/","url":"https:\/\/www.au-palais-sucre.com\/wp-content\/uploads\/2023\/06\/cropped-Logo-blanc_prev_ui.png","contentUrl":"https:\/\/www.au-palais-sucre.com\/wp-content\/uploads\/2023\/06\/cropped-Logo-blanc_prev_ui.png","width":567,"height":440,"caption":"Au Palais Sucr\u00e9"},"image":{"@id":"https:\/\/www.au-palais-sucre.com\/#\/schema\/logo\/image\/"},"sameAs":["https:\/\/www.facebook.com\/people\/Au-Palais-Sucr\/pfbid0xHg32QqsqJkkArCjoHQ6aaknwKMjtXgSnFxn2J3iXRfcnKZoBnYZT1GMsdL8xcPUl\/"]}]},"og_availability":"out of stock","product_availability":"out of stock","product_retailer_item_id":"ASPBCON3","product_condition":"new"},"_links":{"self":[{"href":"https:\/\/www.au-palais-sucre.com\/index.php\/wp-json\/wp\/v2\/product\/2903","targetHints":{"allow":["GET"]}}],"collection":[{"href":"https:\/\/www.au-palais-sucre.com\/index.php\/wp-json\/wp\/v2\/product"}],"about":[{"href":"https:\/\/www.au-palais-sucre.com\/index.php\/wp-json\/wp\/v2\/types\/product"}],"replies":[{"embeddable":true,"href":"https:\/\/www.au-palais-sucre.com\/index.php\/wp-json\/wp\/v2\/comments?post=2903"}],"version-history":[{"count":2,"href":"https:\/\/www.au-palais-sucre.com\/index.php\/wp-json\/wp\/v2\/product\/2903\/revisions"}],"predecessor-version":[{"id":6151,"href":"https:\/\/www.au-palais-sucre.com\/index.php\/wp-json\/wp\/v2\/product\/2903\/revisions\/6151"}],"wp:featuredmedia":[{"embeddable":true,"href":"https:\/\/www.au-palais-sucre.com\/index.php\/wp-json\/wp\/v2\/media\/2980"}],"wp:attachment":[{"href":"https:\/\/www.au-palais-sucre.com\/index.php\/wp-json\/wp\/v2\/media?parent=2903"}],"wp:term":[{"taxonomy":"product_brand","embeddable":true,"href":"https:\/\/www.au-palais-sucre.com\/index.php\/wp-json\/wp\/v2\/product_brand?post=2903"},{"taxonomy":"product_cat","embeddable":true,"href":"https:\/\/www.au-palais-sucre.com\/index.php\/wp-json\/wp\/v2\/product_cat?post=2903"},{"taxonomy":"product_tag","embeddable":true,"href":"https:\/\/www.au-palais-sucre.com\/index.php\/wp-json\/wp\/v2\/product_tag?post=2903"}],"curies":[{"name":"wp","href":"https:\/\/api.w.org\/{rel}","templated":true}]}}