{"id":3371,"date":"2023-06-27T08:22:52","date_gmt":"2023-06-27T06:22:52","guid":{"rendered":"https:\/\/www.au-palais-sucre.com\/?post_type=product&#038;p=3371"},"modified":"2023-07-01T19:05:12","modified_gmt":"2023-07-01T17:05:12","slug":"bonbonniere-500-gr","status":"publish","type":"product","link":"https:\/\/www.au-palais-sucre.com\/index.php\/produit\/bonbonniere-500-gr\/","title":{"rendered":"Bonbonni\u00e8re 500 gr<br>."},"content":{"rendered":"<h1>Bonbonni\u00e8re 500gr<\/h1>\n<p>Bienvenue \u00e0 Au Palais Sucr\u00e9, votre destination gourmande par excellence ! Nous sommes fiers de vous pr\u00e9senter notre incroyable collection de bonbonni\u00e8res, soigneusement confectionn\u00e9es et remplies des meilleurs bonbons en vrac, ceux-l\u00e0 m\u00eame qui sont les plus pl\u00e9biscit\u00e9s par nos clients.<\/p>\n<p>Chez Au Palais Sucr\u00e9, nous mettons un point d&rsquo;honneur \u00e0 s\u00e9lectionner pour vous les bonbons les plus d\u00e9licieux et les plus demand\u00e9s du moment. Que vous soyez un amateur de douceurs fruit\u00e9es, acidul\u00e9es ou que vous pr\u00e9f\u00e9riez les classiques intemporels, nous avons tout ce qu&rsquo;il vous faut.<\/p>\n<p>Nos bonbonni\u00e8res sont une v\u00e9ritable invitation \u00e0 la gourmandise. Chaque bonbon est choisi avec soin pour sa qualit\u00e9 et sa saveur irr\u00e9sistible. Imaginez-vous plongeant la main dans une mer de bonbons multicolores, pr\u00eats \u00e0 \u00e9merveiller vos papilles.<\/p>\n<p>Que ce soit pour vous faire plaisir ou pour offrir un cadeau savoureux \u00e0 un \u00eatre cher, nos bonbonni\u00e8res sont un choix parfait. Elles sont \u00e9galement id\u00e9ales pour ajouter une touche sucr\u00e9e et festive \u00e0 vos \u00e9v\u00e9nements sp\u00e9ciaux.<\/p>\n<p>Venez visiter notre boutique et laissez-vous guider par notre \u00e9quipe passionn\u00e9e et experte. Nous serons ravis de vous faire d\u00e9couvrir notre s\u00e9lection exclusive de bonbons en vrac les plus demand\u00e9s, pour que chaque bouch\u00e9e soit une exp\u00e9rience gustative incomparable.<\/p>\n<p>Ne cherchez plus, Au Palais Sucr\u00e9 est l\u00e0 pour vous offrir les meilleurs bonbons en vrac dans des bonbonni\u00e8res qui feront briller vos yeux. Succombez \u00e0 la tentation sucr\u00e9e d\u00e8s aujourd&rsquo;hui !<\/p>\n<h1>500gr<\/h1>\n","protected":false},"excerpt":{"rendered":"<h1>Bonbonni\u00e8re 500gr<\/h1>\n<p>Bienvenue \u00e0 Au Palais Sucr\u00e9, votre destination gourmande par excellence ! Nous sommes fiers de vous pr\u00e9senter notre incroyable collection de bonbonni\u00e8res, soigneusement confectionn\u00e9es et remplies des meilleurs bonbons en vrac, ceux-l\u00e0 m\u00eame qui sont les plus pl\u00e9biscit\u00e9s par nos clients.<\/p>\n<p>Chez Au Palais Sucr\u00e9, nous mettons un point d&rsquo;honneur \u00e0 s\u00e9lectionner pour vous les bonbons les plus d\u00e9licieux et les plus demand\u00e9s du moment. Que vous soyez un amateur de douceurs fruit\u00e9es, acidul\u00e9es ou que vous pr\u00e9f\u00e9riez les classiques intemporels, nous avons tout ce qu&rsquo;il vous faut.<\/p>\n<p>Nos bonbonni\u00e8res sont une v\u00e9ritable invitation \u00e0 la gourmandise. Chaque bonbon est choisi avec soin pour sa qualit\u00e9 et sa saveur irr\u00e9sistible. Imaginez-vous plongeant la main dans une mer de bonbons multicolores, pr\u00eats \u00e0 \u00e9merveiller vos papilles.<\/p>\n<p>Que ce soit pour vous faire plaisir ou pour offrir un cadeau savoureux \u00e0 un \u00eatre cher, nos bonbonni\u00e8res sont un choix parfait. Elles sont \u00e9galement id\u00e9ales pour ajouter une touche sucr\u00e9e et festive \u00e0 vos \u00e9v\u00e9nements sp\u00e9ciaux.<\/p>\n<p>Venez visiter notre boutique et laissez-vous guider par notre \u00e9quipe passionn\u00e9e et experte. Nous serons ravis de vous faire d\u00e9couvrir notre s\u00e9lection exclusive de bonbons en vrac les plus demand\u00e9s, pour que chaque bouch\u00e9e soit une exp\u00e9rience gustative incomparable.<\/p>\n<p>Ne cherchez plus, Au Palais Sucr\u00e9 est l\u00e0 pour vous offrir les meilleurs bonbons en vrac dans des bonbonni\u00e8res qui feront briller vos yeux. Succombez \u00e0 la tentation sucr\u00e9e d\u00e8s aujourd&rsquo;hui !<\/p>\n<h1>500gr<\/h1>\n","protected":false},"featured_media":3372,"comment_status":"open","ping_status":"closed","template":"","meta":{"ocean_post_layout":"","ocean_both_sidebars_style":"","ocean_both_sidebars_content_width":0,"ocean_both_sidebars_sidebars_width":0,"ocean_sidebar":"","ocean_second_sidebar":"","ocean_disable_margins":"enable","ocean_add_body_class":"","ocean_shortcode_before_top_bar":"","ocean_shortcode_after_top_bar":"","ocean_shortcode_before_header":"","ocean_shortcode_after_header":"","ocean_has_shortcode":"","ocean_shortcode_after_title":"","ocean_shortcode_before_footer_widgets":"","ocean_shortcode_after_footer_widgets":"","ocean_shortcode_before_footer_bottom":"","ocean_shortcode_after_footer_bottom":"","ocean_display_top_bar":"default","ocean_display_header":"default","ocean_header_style":"","ocean_center_header_left_menu":"","ocean_custom_header_template":"","ocean_custom_logo":0,"ocean_custom_retina_logo":0,"ocean_custom_logo_max_width":0,"ocean_custom_logo_tablet_max_width":0,"ocean_custom_logo_mobile_max_width":0,"ocean_custom_logo_max_height":0,"ocean_custom_logo_tablet_max_height":0,"ocean_custom_logo_mobile_max_height":0,"ocean_header_custom_menu":"","ocean_menu_typo_font_family":"","ocean_menu_typo_font_subset":"","ocean_menu_typo_font_size":0,"ocean_menu_typo_font_size_tablet":0,"ocean_menu_typo_font_size_mobile":0,"ocean_menu_typo_font_size_unit":"px","ocean_menu_typo_font_weight":"","ocean_menu_typo_font_weight_tablet":"","ocean_menu_typo_font_weight_mobile":"","ocean_menu_typo_transform":"","ocean_menu_typo_transform_tablet":"","ocean_menu_typo_transform_mobile":"","ocean_menu_typo_line_height":0,"ocean_menu_typo_line_height_tablet":0,"ocean_menu_typo_line_height_mobile":0,"ocean_menu_typo_line_height_unit":"","ocean_menu_typo_spacing":0,"ocean_menu_typo_spacing_tablet":0,"ocean_menu_typo_spacing_mobile":0,"ocean_menu_typo_spacing_unit":"","ocean_menu_link_color":"","ocean_menu_link_color_hover":"","ocean_menu_link_color_active":"","ocean_menu_link_background":"","ocean_menu_link_hover_background":"","ocean_menu_link_active_background":"","ocean_menu_social_links_bg":"","ocean_menu_social_hover_links_bg":"","ocean_menu_social_links_color":"","ocean_menu_social_hover_links_color":"","ocean_disable_title":"default","ocean_disable_heading":"default","ocean_post_title":"","ocean_post_subheading":"","ocean_post_title_style":"","ocean_post_title_background_color":"","ocean_post_title_background":0,"ocean_post_title_bg_image_position":"","ocean_post_title_bg_image_attachment":"","ocean_post_title_bg_image_repeat":"","ocean_post_title_bg_image_size":"","ocean_post_title_height":0,"ocean_post_title_bg_overlay":0.5,"ocean_post_title_bg_overlay_color":"","ocean_disable_breadcrumbs":"default","ocean_breadcrumbs_color":"","ocean_breadcrumbs_separator_color":"","ocean_breadcrumbs_links_color":"","ocean_breadcrumbs_links_hover_color":"","ocean_display_footer_widgets":"default","ocean_display_footer_bottom":"default","ocean_custom_footer_template":""},"product_brand":[],"product_cat":[85],"product_tag":[],"class_list":{"0":"post-3371","1":"product","2":"type-product","3":"status-publish","4":"has-post-thumbnail","6":"product_cat-bonbonniere","8":"entry","9":"has-media","11":"first","12":"instock","13":"shipping-taxable","14":"purchasable","15":"product-type-simple","16":"has-product-nav","17":"col","18":"span_1_of_3","19":"owp-content-center","20":"owp-thumbs-layout-horizontal","21":"owp-btn-normal","22":"owp-tabs-layout-horizontal","23":"has-no-thumbnails"},"yoast_head":"<!-- This site is optimized with the Yoast SEO plugin v24.3 - https:\/\/yoast.com\/wordpress\/plugins\/seo\/ -->\n<title>Bonbonni\u00e8re 500 gr. - Au Palais Sucr\u00e9<\/title>\n<meta name=\"description\" content=\"D\u00e9couvrez Au Palais Sucr\u00e9, votre destination gourmande ultime pour les meilleurs bonbons en vrac. Plongez dans une mer de saveurs d\u00e9licieuses avec nos bonbonni\u00e8res soigneusement confectionn\u00e9es. Savourez les douceurs fruit\u00e9es, acidul\u00e9es et classiques les plus pl\u00e9biscit\u00e9es. Offrez-vous ou offrez \u00e0 vos proches des cadeaux gourmands. Ajoutez une touche sucr\u00e9e \u00e0 vos \u00e9v\u00e9nements sp\u00e9ciaux. Visitez notre boutique et laissez notre \u00e9quipe passionn\u00e9e vous guider vers une exp\u00e9rience gustative incomparable. Au Palais Sucr\u00e9, la tentation sucr\u00e9e est \u00e0 port\u00e9e de main !\" \/>\n<meta name=\"robots\" content=\"index, follow, max-snippet:-1, max-image-preview:large, max-video-preview:-1\" \/>\n<link rel=\"canonical\" href=\"https:\/\/www.au-palais-sucre.com\/index.php\/produit\/bonbonniere-500-gr\/\" \/>\n<meta property=\"og:locale\" content=\"fr_FR\" \/>\n<meta property=\"og:type\" content=\"article\" \/>\n<meta property=\"og:title\" content=\"Bonbonni\u00e8re 500 gr. - Au Palais Sucr\u00e9\" \/>\n<meta property=\"og:description\" content=\"D\u00e9couvrez Au Palais Sucr\u00e9, votre destination gourmande ultime pour les meilleurs bonbons en vrac. Plongez dans une mer de saveurs d\u00e9licieuses avec nos bonbonni\u00e8res soigneusement confectionn\u00e9es. Savourez les douceurs fruit\u00e9es, acidul\u00e9es et classiques les plus pl\u00e9biscit\u00e9es. Offrez-vous ou offrez \u00e0 vos proches des cadeaux gourmands. Ajoutez une touche sucr\u00e9e \u00e0 vos \u00e9v\u00e9nements sp\u00e9ciaux. Visitez notre boutique et laissez notre \u00e9quipe passionn\u00e9e vous guider vers une exp\u00e9rience gustative incomparable. Au Palais Sucr\u00e9, la tentation sucr\u00e9e est \u00e0 port\u00e9e de main !\" \/>\n<meta property=\"og:url\" content=\"https:\/\/www.au-palais-sucre.com\/index.php\/produit\/bonbonniere-500-gr\/\" \/>\n<meta property=\"og:site_name\" content=\"Au Palais Sucr\u00e9\" \/>\n<meta property=\"article:publisher\" content=\"https:\/\/www.facebook.com\/people\/Au-Palais-Sucr\/pfbid0xHg32QqsqJkkArCjoHQ6aaknwKMjtXgSnFxn2J3iXRfcnKZoBnYZT1GMsdL8xcPUl\/\" \/>\n<meta property=\"article:modified_time\" content=\"2023-07-01T17:05:12+00:00\" \/>\n<meta property=\"og:image\" content=\"https:\/\/www.au-palais-sucre.com\/wp-content\/uploads\/2023\/06\/Bonbonniere-500gr.jpg\" \/>\n\t<meta property=\"og:image:width\" content=\"500\" \/>\n\t<meta property=\"og:image:height\" content=\"500\" \/>\n\t<meta property=\"og:image:type\" content=\"image\/jpeg\" \/>\n<meta name=\"twitter:card\" content=\"summary_large_image\" \/>\n<meta name=\"twitter:label1\" content=\"Prix\" \/>\n\t<meta name=\"twitter:data1\" content=\"10,00&nbsp;&euro;\" \/>\n\t<meta name=\"twitter:label2\" content=\"Disponibilit\u00e9\" \/>\n\t<meta name=\"twitter:data2\" content=\"En stock\" \/>\n<script type=\"application\/ld+json\" class=\"yoast-schema-graph\">{\"@context\":\"https:\/\/schema.org\",\"@graph\":[{\"@type\":\"WebPage\",\"@id\":\"https:\/\/www.au-palais-sucre.com\/index.php\/produit\/bonbonniere-500-gr\/\",\"url\":\"https:\/\/www.au-palais-sucre.com\/index.php\/produit\/bonbonniere-500-gr\/\",\"name\":\"Bonbonni\u00e8re 500 gr . - Au Palais Sucr\u00e9\",\"isPartOf\":{\"@id\":\"https:\/\/www.au-palais-sucre.com\/#website\"},\"primaryImageOfPage\":{\"@id\":\"https:\/\/www.au-palais-sucre.com\/index.php\/produit\/bonbonniere-500-gr\/#primaryimage\"},\"image\":{\"@id\":\"https:\/\/www.au-palais-sucre.com\/index.php\/produit\/bonbonniere-500-gr\/#primaryimage\"},\"thumbnailUrl\":\"https:\/\/www.au-palais-sucre.com\/wp-content\/uploads\/2023\/06\/Bonbonniere-500gr.jpg\",\"datePublished\":\"2023-06-27T06:22:52+00:00\",\"dateModified\":\"2023-07-01T17:05:12+00:00\",\"description\":\"D\u00e9couvrez Au Palais Sucr\u00e9, votre destination gourmande ultime pour les meilleurs bonbons en vrac. Plongez dans une mer de saveurs d\u00e9licieuses avec nos bonbonni\u00e8res soigneusement confectionn\u00e9es. Savourez les douceurs fruit\u00e9es, acidul\u00e9es et classiques les plus pl\u00e9biscit\u00e9es. Offrez-vous ou offrez \u00e0 vos proches des cadeaux gourmands. Ajoutez une touche sucr\u00e9e \u00e0 vos \u00e9v\u00e9nements sp\u00e9ciaux. Visitez notre boutique et laissez notre \u00e9quipe passionn\u00e9e vous guider vers une exp\u00e9rience gustative incomparable. Au Palais Sucr\u00e9, la tentation sucr\u00e9e est \u00e0 port\u00e9e de main !\",\"breadcrumb\":{\"@id\":\"https:\/\/www.au-palais-sucre.com\/index.php\/produit\/bonbonniere-500-gr\/#breadcrumb\"},\"inLanguage\":\"fr-FR\",\"potentialAction\":[{\"@type\":\"ReadAction\",\"target\":[\"https:\/\/www.au-palais-sucre.com\/index.php\/produit\/bonbonniere-500-gr\/\"]}]},{\"@type\":\"ImageObject\",\"inLanguage\":\"fr-FR\",\"@id\":\"https:\/\/www.au-palais-sucre.com\/index.php\/produit\/bonbonniere-500-gr\/#primaryimage\",\"url\":\"https:\/\/www.au-palais-sucre.com\/wp-content\/uploads\/2023\/06\/Bonbonniere-500gr.jpg\",\"contentUrl\":\"https:\/\/www.au-palais-sucre.com\/wp-content\/uploads\/2023\/06\/Bonbonniere-500gr.jpg\",\"width\":500,\"height\":500},{\"@type\":\"BreadcrumbList\",\"@id\":\"https:\/\/www.au-palais-sucre.com\/index.php\/produit\/bonbonniere-500-gr\/#breadcrumb\",\"itemListElement\":[{\"@type\":\"ListItem\",\"position\":1,\"name\":\"Boutique\",\"item\":\"https:\/\/www.au-palais-sucre.com\/index.php\/shop\/\"},{\"@type\":\"ListItem\",\"position\":2,\"name\":\"Bonbonni\u00e8re 500 gr.\"}]},{\"@type\":\"WebSite\",\"@id\":\"https:\/\/www.au-palais-sucre.com\/#website\",\"url\":\"https:\/\/www.au-palais-sucre.com\/\",\"name\":\"Au Palais Sucr\u00e9\",\"description\":\"Arrivage permanent de nouveaux produits..\",\"publisher\":{\"@id\":\"https:\/\/www.au-palais-sucre.com\/#organization\"},\"potentialAction\":[{\"@type\":\"SearchAction\",\"target\":{\"@type\":\"EntryPoint\",\"urlTemplate\":\"https:\/\/www.au-palais-sucre.com\/?s={search_term_string}\"},\"query-input\":{\"@type\":\"PropertyValueSpecification\",\"valueRequired\":true,\"valueName\":\"search_term_string\"}}],\"inLanguage\":\"fr-FR\"},{\"@type\":\"Organization\",\"@id\":\"https:\/\/www.au-palais-sucre.com\/#organization\",\"name\":\"Au Palais Sucr\u00e9\",\"url\":\"https:\/\/www.au-palais-sucre.com\/\",\"logo\":{\"@type\":\"ImageObject\",\"inLanguage\":\"fr-FR\",\"@id\":\"https:\/\/www.au-palais-sucre.com\/#\/schema\/logo\/image\/\",\"url\":\"https:\/\/www.au-palais-sucre.com\/wp-content\/uploads\/2023\/06\/cropped-Logo-blanc_prev_ui.png\",\"contentUrl\":\"https:\/\/www.au-palais-sucre.com\/wp-content\/uploads\/2023\/06\/cropped-Logo-blanc_prev_ui.png\",\"width\":567,\"height\":440,\"caption\":\"Au Palais Sucr\u00e9\"},\"image\":{\"@id\":\"https:\/\/www.au-palais-sucre.com\/#\/schema\/logo\/image\/\"},\"sameAs\":[\"https:\/\/www.facebook.com\/people\/Au-Palais-Sucr\/pfbid0xHg32QqsqJkkArCjoHQ6aaknwKMjtXgSnFxn2J3iXRfcnKZoBnYZT1GMsdL8xcPUl\/\"]}]}<\/script>\n<meta property=\"product:price:amount\" content=\"10.00\" \/>\n<meta property=\"product:price:currency\" content=\"EUR\" \/>\n<meta property=\"og:availability\" content=\"instock\" \/>\n<meta property=\"product:availability\" content=\"instock\" \/>\n<meta property=\"product:retailer_item_id\" content=\"BONB003\" \/>\n<meta property=\"product:condition\" content=\"new\" \/>\n<!-- \/ Yoast SEO plugin. -->","yoast_head_json":{"title":"Bonbonni\u00e8re 500 gr. - Au Palais Sucr\u00e9","description":"D\u00e9couvrez Au Palais Sucr\u00e9, votre destination gourmande ultime pour les meilleurs bonbons en vrac. Plongez dans une mer de saveurs d\u00e9licieuses avec nos bonbonni\u00e8res soigneusement confectionn\u00e9es. Savourez les douceurs fruit\u00e9es, acidul\u00e9es et classiques les plus pl\u00e9biscit\u00e9es. Offrez-vous ou offrez \u00e0 vos proches des cadeaux gourmands. Ajoutez une touche sucr\u00e9e \u00e0 vos \u00e9v\u00e9nements sp\u00e9ciaux. Visitez notre boutique et laissez notre \u00e9quipe passionn\u00e9e vous guider vers une exp\u00e9rience gustative incomparable. Au Palais Sucr\u00e9, la tentation sucr\u00e9e est \u00e0 port\u00e9e de main !","robots":{"index":"index","follow":"follow","max-snippet":"max-snippet:-1","max-image-preview":"max-image-preview:large","max-video-preview":"max-video-preview:-1"},"canonical":"https:\/\/www.au-palais-sucre.com\/index.php\/produit\/bonbonniere-500-gr\/","og_locale":"fr_FR","og_type":"article","og_title":"Bonbonni\u00e8re 500 gr. - Au Palais Sucr\u00e9","og_description":"D\u00e9couvrez Au Palais Sucr\u00e9, votre destination gourmande ultime pour les meilleurs bonbons en vrac. Plongez dans une mer de saveurs d\u00e9licieuses avec nos bonbonni\u00e8res soigneusement confectionn\u00e9es. Savourez les douceurs fruit\u00e9es, acidul\u00e9es et classiques les plus pl\u00e9biscit\u00e9es. Offrez-vous ou offrez \u00e0 vos proches des cadeaux gourmands. Ajoutez une touche sucr\u00e9e \u00e0 vos \u00e9v\u00e9nements sp\u00e9ciaux. Visitez notre boutique et laissez notre \u00e9quipe passionn\u00e9e vous guider vers une exp\u00e9rience gustative incomparable. Au Palais Sucr\u00e9, la tentation sucr\u00e9e est \u00e0 port\u00e9e de main !","og_url":"https:\/\/www.au-palais-sucre.com\/index.php\/produit\/bonbonniere-500-gr\/","og_site_name":"Au Palais Sucr\u00e9","article_publisher":"https:\/\/www.facebook.com\/people\/Au-Palais-Sucr\/pfbid0xHg32QqsqJkkArCjoHQ6aaknwKMjtXgSnFxn2J3iXRfcnKZoBnYZT1GMsdL8xcPUl\/","article_modified_time":"2023-07-01T17:05:12+00:00","og_image":[{"width":500,"height":500,"url":"https:\/\/www.au-palais-sucre.com\/wp-content\/uploads\/2023\/06\/Bonbonniere-500gr.jpg","type":"image\/jpeg"}],"twitter_card":"summary_large_image","twitter_misc":{"Prix":"10,00&nbsp;&euro;","Disponibilit\u00e9":"En stock"},"schema":{"@context":"https:\/\/schema.org","@graph":[{"@type":"WebPage","@id":"https:\/\/www.au-palais-sucre.com\/index.php\/produit\/bonbonniere-500-gr\/","url":"https:\/\/www.au-palais-sucre.com\/index.php\/produit\/bonbonniere-500-gr\/","name":"Bonbonni\u00e8re 500 gr . - Au Palais Sucr\u00e9","isPartOf":{"@id":"https:\/\/www.au-palais-sucre.com\/#website"},"primaryImageOfPage":{"@id":"https:\/\/www.au-palais-sucre.com\/index.php\/produit\/bonbonniere-500-gr\/#primaryimage"},"image":{"@id":"https:\/\/www.au-palais-sucre.com\/index.php\/produit\/bonbonniere-500-gr\/#primaryimage"},"thumbnailUrl":"https:\/\/www.au-palais-sucre.com\/wp-content\/uploads\/2023\/06\/Bonbonniere-500gr.jpg","datePublished":"2023-06-27T06:22:52+00:00","dateModified":"2023-07-01T17:05:12+00:00","description":"D\u00e9couvrez Au Palais Sucr\u00e9, votre destination gourmande ultime pour les meilleurs bonbons en vrac. Plongez dans une mer de saveurs d\u00e9licieuses avec nos bonbonni\u00e8res soigneusement confectionn\u00e9es. Savourez les douceurs fruit\u00e9es, acidul\u00e9es et classiques les plus pl\u00e9biscit\u00e9es. Offrez-vous ou offrez \u00e0 vos proches des cadeaux gourmands. Ajoutez une touche sucr\u00e9e \u00e0 vos \u00e9v\u00e9nements sp\u00e9ciaux. Visitez notre boutique et laissez notre \u00e9quipe passionn\u00e9e vous guider vers une exp\u00e9rience gustative incomparable. Au Palais Sucr\u00e9, la tentation sucr\u00e9e est \u00e0 port\u00e9e de main !","breadcrumb":{"@id":"https:\/\/www.au-palais-sucre.com\/index.php\/produit\/bonbonniere-500-gr\/#breadcrumb"},"inLanguage":"fr-FR","potentialAction":[{"@type":"ReadAction","target":["https:\/\/www.au-palais-sucre.com\/index.php\/produit\/bonbonniere-500-gr\/"]}]},{"@type":"ImageObject","inLanguage":"fr-FR","@id":"https:\/\/www.au-palais-sucre.com\/index.php\/produit\/bonbonniere-500-gr\/#primaryimage","url":"https:\/\/www.au-palais-sucre.com\/wp-content\/uploads\/2023\/06\/Bonbonniere-500gr.jpg","contentUrl":"https:\/\/www.au-palais-sucre.com\/wp-content\/uploads\/2023\/06\/Bonbonniere-500gr.jpg","width":500,"height":500},{"@type":"BreadcrumbList","@id":"https:\/\/www.au-palais-sucre.com\/index.php\/produit\/bonbonniere-500-gr\/#breadcrumb","itemListElement":[{"@type":"ListItem","position":1,"name":"Boutique","item":"https:\/\/www.au-palais-sucre.com\/index.php\/shop\/"},{"@type":"ListItem","position":2,"name":"Bonbonni\u00e8re 500 gr."}]},{"@type":"WebSite","@id":"https:\/\/www.au-palais-sucre.com\/#website","url":"https:\/\/www.au-palais-sucre.com\/","name":"Au Palais Sucr\u00e9","description":"Arrivage permanent de nouveaux produits..","publisher":{"@id":"https:\/\/www.au-palais-sucre.com\/#organization"},"potentialAction":[{"@type":"SearchAction","target":{"@type":"EntryPoint","urlTemplate":"https:\/\/www.au-palais-sucre.com\/?s={search_term_string}"},"query-input":{"@type":"PropertyValueSpecification","valueRequired":true,"valueName":"search_term_string"}}],"inLanguage":"fr-FR"},{"@type":"Organization","@id":"https:\/\/www.au-palais-sucre.com\/#organization","name":"Au Palais Sucr\u00e9","url":"https:\/\/www.au-palais-sucre.com\/","logo":{"@type":"ImageObject","inLanguage":"fr-FR","@id":"https:\/\/www.au-palais-sucre.com\/#\/schema\/logo\/image\/","url":"https:\/\/www.au-palais-sucre.com\/wp-content\/uploads\/2023\/06\/cropped-Logo-blanc_prev_ui.png","contentUrl":"https:\/\/www.au-palais-sucre.com\/wp-content\/uploads\/2023\/06\/cropped-Logo-blanc_prev_ui.png","width":567,"height":440,"caption":"Au Palais Sucr\u00e9"},"image":{"@id":"https:\/\/www.au-palais-sucre.com\/#\/schema\/logo\/image\/"},"sameAs":["https:\/\/www.facebook.com\/people\/Au-Palais-Sucr\/pfbid0xHg32QqsqJkkArCjoHQ6aaknwKMjtXgSnFxn2J3iXRfcnKZoBnYZT1GMsdL8xcPUl\/"]}]},"product_price_amount":"10.00","product_price_currency":"EUR","og_availability":"instock","product_availability":"instock","product_retailer_item_id":"BONB003","product_condition":"new"},"_links":{"self":[{"href":"https:\/\/www.au-palais-sucre.com\/index.php\/wp-json\/wp\/v2\/product\/3371","targetHints":{"allow":["GET"]}}],"collection":[{"href":"https:\/\/www.au-palais-sucre.com\/index.php\/wp-json\/wp\/v2\/product"}],"about":[{"href":"https:\/\/www.au-palais-sucre.com\/index.php\/wp-json\/wp\/v2\/types\/product"}],"replies":[{"embeddable":true,"href":"https:\/\/www.au-palais-sucre.com\/index.php\/wp-json\/wp\/v2\/comments?post=3371"}],"version-history":[{"count":0,"href":"https:\/\/www.au-palais-sucre.com\/index.php\/wp-json\/wp\/v2\/product\/3371\/revisions"}],"wp:featuredmedia":[{"embeddable":true,"href":"https:\/\/www.au-palais-sucre.com\/index.php\/wp-json\/wp\/v2\/media\/3372"}],"wp:attachment":[{"href":"https:\/\/www.au-palais-sucre.com\/index.php\/wp-json\/wp\/v2\/media?parent=3371"}],"wp:term":[{"taxonomy":"product_brand","embeddable":true,"href":"https:\/\/www.au-palais-sucre.com\/index.php\/wp-json\/wp\/v2\/product_brand?post=3371"},{"taxonomy":"product_cat","embeddable":true,"href":"https:\/\/www.au-palais-sucre.com\/index.php\/wp-json\/wp\/v2\/product_cat?post=3371"},{"taxonomy":"product_tag","embeddable":true,"href":"https:\/\/www.au-palais-sucre.com\/index.php\/wp-json\/wp\/v2\/product_tag?post=3371"}],"curies":[{"name":"wp","href":"https:\/\/api.w.org\/{rel}","templated":true}]}}