{"id":3413,"date":"2023-06-27T23:14:29","date_gmt":"2023-06-27T21:14:29","guid":{"rendered":"https:\/\/www.au-palais-sucre.com\/?post_type=product&#038;p=3413"},"modified":"2025-06-20T17:12:52","modified_gmt":"2025-06-20T15:12:52","slug":"kinder-schoco-bons-crispy-dubai-89gr","status":"publish","type":"product","link":"https:\/\/www.au-palais-sucre.com\/index.php\/produit\/kinder-schoco-bons-crispy-dubai-89gr\/","title":{"rendered":"Kinder Schoco Bons Crispy Dubai 89gr"},"content":{"rendered":"<h1>Kinder Schoco Bons Crispy Dubai 89gr<\/h1>\n<p>D\u00e9couvrez les Kinder Schoko Bons Crispy Dubai, une v\u00e9ritable sensation venue tout droit de Duba\u00ef. Ces d\u00e9licieuses friandises combinent la douceur du chocolat Kinder avec une texture croustillante irr\u00e9sistible. Chaque bouch\u00e9e vous offre une explosion de saveurs et une exp\u00e9rience gustative unique. Les Kinder Schoko Bons Crispy Dubai ont rapidement conquis les c\u0153urs des amateurs de chocolat du monde entier gr\u00e2ce \u00e0 leur go\u00fbt exquis et leur m\u00e9lange parfait de douceur et de croquant. Fabriqu\u00e9s avec le plus grand soin et les ingr\u00e9dients les plus fins, ces petits tr\u00e9sors chocolat\u00e9s incarnent l&rsquo;excellence et l&rsquo;innovation de la marque Kinder. Plongez dans un univers de plaisir sucr\u00e9 et d\u00e9couvrez pourquoi les Kinder Schoko Bons Crispy Dubai sont devenus un succ\u00e8s mondial. Commandez d\u00e8s maintenant et offrez-vous une exp\u00e9rience chocolat\u00e9e inoubliable avec les Kinder Schoko Bons Crispy Dubai.<\/p>\n<p><strong>Tous nos produits b\u00e9n\u00e9ficient d\u2019une DDM de plusieurs mois.<\/strong><br \/>\n<strong>DDM = Date de Durabilit\u00e9 Minimale, anciennement DLUO.<\/strong><\/p>\n<h3>Ingr\u00e9dients de Kinder Schoco Bons Crispy Dubai 89gr<\/h3>\n<p>Sucre, huile de palme, chocolat au <strong>LAIT<\/strong> (18%) (sucre, beurre de cacao, <strong>LAIT<\/strong> en poudre, p\u00e2te de cacao, \u00e9mulsifiant (E322-SOJA), vanilline), poudre de <strong>LAIT<\/strong> \u00e9cr\u00e9m\u00e9 (12.5%), farine d&rsquo;\u00e9peautre, cacao maigre (3.5%), f\u00e9cule d&rsquo;\u00e9peautre, poudre de <strong>LACTOS\u00c9RUM<\/strong> (<strong>LAIT<\/strong>), huile de tournesol, agents levants (E500i, E503i), \u00e9mulsifiant (E322-SOJA), poudre d&rsquo;extrait de malt d(<strong>ORGE<\/strong>, vanilline, ar\u00f4me, sel.<\/p>\n<p>D\u00e9claration nutritionnelle (pour 100g): \u00e9nergie 2205KJ\/527Kcal, mati\u00e8res grasses 28.5g (dont acides gras satur\u00e9s 14g), glucides 59.2g (dont sucres 50.7g), prot\u00e9ines 7.5g, sel 0.3g.<\/p>\n<h4>Les services AU PALAIS SUCRE<\/h4>\n<p>Nous sommes est un site de vente de <strong>bonbons<\/strong>, <strong>confiseries<\/strong>, <strong>boissons<\/strong>, <strong>chips<\/strong> et <strong>produits du monde<\/strong>,\u00a0 pour les particuliers, les associations et les entreprises.<\/p>\n<p><strong>AU PALAIS SUCRE\u00a0<\/strong> apporte \u00e9galement un vrai service , une livraison rapide et fiable, une pr\u00e9paration des commandes dans les 24h\/48h et un service clients joignable.<\/p>\n<p><strong>AU PALAIS SUCRE<\/strong> est votre destination pour des bonbons, confiseries, boissons, chips et produits du monde pour les particuliers, les associations et les entreprises. Nous offrons un choix vari\u00e9 de produits de qualit\u00e9 sup\u00e9rieure pour satisfaire tous les go\u00fbts et les besoins.<\/p>\n<p>Nous sommes fiers d\u2019offrir \u00e0 nos clients un service hors pair. Nous nous engageons \u00e0 pr\u00e9parer et exp\u00e9dier les commandes dans les 24h\/48h suivant l\u2019achat, pour une livraison rapide et fiable. De plus, notre \u00e9quipe de service clients est toujours disponible pour r\u00e9pondre \u00e0 vos questions et vous aider \u00e0 trouver le produit id\u00e9al pour vos besoins.<\/p>\n<p>Chez AU PALAIS SUCRE, nous sommes passionn\u00e9s par les bonbons et les confiseries, et nous sommes d\u00e9termin\u00e9s \u00e0 offrir \u00e0 nos clients une exp\u00e9rience de magasinage en ligne agr\u00e9able et sans stress. Nous sommes votre guichet unique pour tous vos besoins en sucreries et en produits du monde, et nous sommes impatients de vous servir d\u00e8s maintenant !<\/p>\n","protected":false},"excerpt":{"rendered":"<h1>Kinder Schoco Bons Crispy Dubai 89gr<\/h1>\n<p>D\u00e9couvrez les Kinder Schoko Bons Crispy Dubai, une v\u00e9ritable sensation venue tout droit de Duba\u00ef. Ces d\u00e9licieuses friandises combinent la douceur du chocolat Kinder avec une texture croustillante irr\u00e9sistible. Chaque bouch\u00e9e vous offre une explosion de saveurs et une exp\u00e9rience gustative unique. Les Kinder Schoko Bons Crispy Dubai ont rapidement conquis les c\u0153urs des amateurs de chocolat du monde entier gr\u00e2ce \u00e0 leur go\u00fbt exquis et leur m\u00e9lange parfait de douceur et de croquant. Fabriqu\u00e9s avec le plus grand soin et les ingr\u00e9dients les plus fins, ces petits tr\u00e9sors chocolat\u00e9s incarnent l&rsquo;excellence et l&rsquo;innovation de la marque Kinder. Plongez dans un univers de plaisir sucr\u00e9 et d\u00e9couvrez pourquoi les Kinder Schoko Bons Crispy Dubai sont devenus un succ\u00e8s mondial. Commandez d\u00e8s maintenant et offrez-vous une exp\u00e9rience chocolat\u00e9e inoubliable avec les Kinder Schoko Bons Crispy Dubai.<\/p>\n<p><strong>Tous nos produits b\u00e9n\u00e9ficient d\u2019une DDM de plusieurs mois.<\/strong><br \/>\n<strong>DDM = Date de Durabilit\u00e9 Minimale, anciennement DLUO.<\/strong><\/p>\n","protected":false},"featured_media":3414,"comment_status":"open","ping_status":"closed","template":"","meta":{"ocean_post_layout":"","ocean_both_sidebars_style":"","ocean_both_sidebars_content_width":0,"ocean_both_sidebars_sidebars_width":0,"ocean_sidebar":"0","ocean_second_sidebar":"0","ocean_disable_margins":"enable","ocean_add_body_class":"","ocean_shortcode_before_top_bar":"","ocean_shortcode_after_top_bar":"","ocean_shortcode_before_header":"","ocean_shortcode_after_header":"","ocean_has_shortcode":"","ocean_shortcode_after_title":"","ocean_shortcode_before_footer_widgets":"","ocean_shortcode_after_footer_widgets":"","ocean_shortcode_before_footer_bottom":"","ocean_shortcode_after_footer_bottom":"","ocean_display_top_bar":"default","ocean_display_header":"default","ocean_header_style":"","ocean_center_header_left_menu":"0","ocean_custom_header_template":"0","ocean_custom_logo":0,"ocean_custom_retina_logo":0,"ocean_custom_logo_max_width":0,"ocean_custom_logo_tablet_max_width":0,"ocean_custom_logo_mobile_max_width":0,"ocean_custom_logo_max_height":0,"ocean_custom_logo_tablet_max_height":0,"ocean_custom_logo_mobile_max_height":0,"ocean_header_custom_menu":"0","ocean_menu_typo_font_family":"0","ocean_menu_typo_font_subset":"","ocean_menu_typo_font_size":0,"ocean_menu_typo_font_size_tablet":0,"ocean_menu_typo_font_size_mobile":0,"ocean_menu_typo_font_size_unit":"px","ocean_menu_typo_font_weight":"","ocean_menu_typo_font_weight_tablet":"","ocean_menu_typo_font_weight_mobile":"","ocean_menu_typo_transform":"","ocean_menu_typo_transform_tablet":"","ocean_menu_typo_transform_mobile":"","ocean_menu_typo_line_height":0,"ocean_menu_typo_line_height_tablet":0,"ocean_menu_typo_line_height_mobile":0,"ocean_menu_typo_line_height_unit":"","ocean_menu_typo_spacing":0,"ocean_menu_typo_spacing_tablet":0,"ocean_menu_typo_spacing_mobile":0,"ocean_menu_typo_spacing_unit":"","ocean_menu_link_color":"","ocean_menu_link_color_hover":"","ocean_menu_link_color_active":"","ocean_menu_link_background":"","ocean_menu_link_hover_background":"","ocean_menu_link_active_background":"","ocean_menu_social_links_bg":"","ocean_menu_social_hover_links_bg":"","ocean_menu_social_links_color":"","ocean_menu_social_hover_links_color":"","ocean_disable_title":"default","ocean_disable_heading":"default","ocean_post_title":"","ocean_post_subheading":"","ocean_post_title_style":"","ocean_post_title_background_color":"","ocean_post_title_background":0,"ocean_post_title_bg_image_position":"","ocean_post_title_bg_image_attachment":"","ocean_post_title_bg_image_repeat":"","ocean_post_title_bg_image_size":"","ocean_post_title_height":0,"ocean_post_title_bg_overlay":0.5,"ocean_post_title_bg_overlay_color":"","ocean_disable_breadcrumbs":"default","ocean_breadcrumbs_color":"","ocean_breadcrumbs_separator_color":"","ocean_breadcrumbs_links_color":"","ocean_breadcrumbs_links_hover_color":"","ocean_display_footer_widgets":"default","ocean_display_footer_bottom":"default","ocean_custom_footer_template":"0"},"product_brand":[],"product_cat":[64,88],"product_tag":[],"class_list":{"0":"post-3413","1":"product","2":"type-product","3":"status-publish","4":"has-post-thumbnail","6":"product_cat-dubai","7":"product_cat-gateaux","9":"entry","10":"has-media","12":"first","13":"outofstock","14":"featured","15":"shipping-taxable","16":"purchasable","17":"product-type-simple","18":"has-product-nav","19":"col","20":"span_1_of_3","21":"owp-content-center","22":"owp-thumbs-layout-horizontal","23":"owp-btn-normal","24":"owp-tabs-layout-horizontal","25":"has-no-thumbnails"},"yoast_head":"<!-- This site is optimized with the Yoast SEO plugin v24.3 - https:\/\/yoast.com\/wordpress\/plugins\/seo\/ -->\n<title>Kinder Schoco Bons Crispy Dubai 89gr - Au Palais Sucr\u00e9<\/title>\n<meta name=\"description\" content=\"D\u00e9couvrez les Kinder Schoco Bons Crispy Dubai, une d\u00e9licieuse gourmandise qui allie la douceur du chocolat Kinder \u00e0 une texture croustillante et fondante. Originaire de Dubai, cette cr\u00e9ation a conquis les palais du monde entier. Chaque bouch\u00e9e vous transporte dans un voyage gustatif unique, m\u00ealant la qualit\u00e9 sup\u00e9rieure du chocolat Kinder avec une sensation croustillante irr\u00e9sistible. Les Kinder Schoco Bons Crispy Dubai sont devenus un v\u00e9ritable succ\u00e8s, pl\u00e9biscit\u00e9s pour leur go\u00fbt exquis et leur association parfaite de douceur et de croquant. Fabriqu\u00e9s avec soin et les meilleurs ingr\u00e9dients, ces d\u00e9licieux bonbons incarnent l&#039;engagement d&#039;excellence de la marque Kinder. Plongez dans un univers de saveurs et d\u00e9couvrez pourquoi les Kinder Schoco Bons Crispy Dubai sont si appr\u00e9ci\u00e9s \u00e0 travers le monde. Commandez d\u00e8s maintenant et offrez-vous une exp\u00e9rience chocolat\u00e9e exceptionnelle avec les Kinder Schoco Bons Crispy Dubai.\" \/>\n<meta name=\"robots\" content=\"index, follow, max-snippet:-1, max-image-preview:large, max-video-preview:-1\" \/>\n<link rel=\"canonical\" href=\"https:\/\/www.au-palais-sucre.com\/index.php\/produit\/kinder-schoco-bons-crispy-dubai-89gr\/\" \/>\n<meta property=\"og:locale\" content=\"fr_FR\" \/>\n<meta property=\"og:type\" content=\"article\" \/>\n<meta property=\"og:title\" content=\"Kinder Schoco Bons Crispy Dubai 89gr - Au Palais Sucr\u00e9\" \/>\n<meta property=\"og:description\" content=\"D\u00e9couvrez les Kinder Schoco Bons Crispy Dubai, une d\u00e9licieuse gourmandise qui allie la douceur du chocolat Kinder \u00e0 une texture croustillante et fondante. Originaire de Dubai, cette cr\u00e9ation a conquis les palais du monde entier. Chaque bouch\u00e9e vous transporte dans un voyage gustatif unique, m\u00ealant la qualit\u00e9 sup\u00e9rieure du chocolat Kinder avec une sensation croustillante irr\u00e9sistible. Les Kinder Schoco Bons Crispy Dubai sont devenus un v\u00e9ritable succ\u00e8s, pl\u00e9biscit\u00e9s pour leur go\u00fbt exquis et leur association parfaite de douceur et de croquant. Fabriqu\u00e9s avec soin et les meilleurs ingr\u00e9dients, ces d\u00e9licieux bonbons incarnent l&#039;engagement d&#039;excellence de la marque Kinder. Plongez dans un univers de saveurs et d\u00e9couvrez pourquoi les Kinder Schoco Bons Crispy Dubai sont si appr\u00e9ci\u00e9s \u00e0 travers le monde. Commandez d\u00e8s maintenant et offrez-vous une exp\u00e9rience chocolat\u00e9e exceptionnelle avec les Kinder Schoco Bons Crispy Dubai.\" \/>\n<meta property=\"og:url\" content=\"https:\/\/www.au-palais-sucre.com\/index.php\/produit\/kinder-schoco-bons-crispy-dubai-89gr\/\" \/>\n<meta property=\"og:site_name\" content=\"Au Palais Sucr\u00e9\" \/>\n<meta property=\"article:publisher\" content=\"https:\/\/www.facebook.com\/people\/Au-Palais-Sucr\/pfbid0xHg32QqsqJkkArCjoHQ6aaknwKMjtXgSnFxn2J3iXRfcnKZoBnYZT1GMsdL8xcPUl\/\" \/>\n<meta property=\"article:modified_time\" content=\"2025-06-20T15:12:52+00:00\" \/>\n<meta property=\"og:image\" content=\"https:\/\/www.au-palais-sucre.com\/wp-content\/uploads\/2023\/06\/Kinder-Schoco-Bons-Crispy-Dubai-89gr.jpg\" \/>\n\t<meta property=\"og:image:width\" content=\"500\" \/>\n\t<meta property=\"og:image:height\" content=\"500\" \/>\n\t<meta property=\"og:image:type\" content=\"image\/jpeg\" \/>\n<meta name=\"twitter:card\" content=\"summary_large_image\" \/>\n<meta name=\"twitter:label1\" content=\"Prix\" \/>\n\t<meta name=\"twitter:data1\" content=\"8,90&nbsp;&euro;\" \/>\n\t<meta name=\"twitter:label2\" content=\"Disponibilit\u00e9\" \/>\n\t<meta name=\"twitter:data2\" content=\"Rupture de stock\" \/>\n<script type=\"application\/ld+json\" class=\"yoast-schema-graph\">{\"@context\":\"https:\/\/schema.org\",\"@graph\":[{\"@type\":\"WebPage\",\"@id\":\"https:\/\/www.au-palais-sucre.com\/index.php\/produit\/kinder-schoco-bons-crispy-dubai-89gr\/\",\"url\":\"https:\/\/www.au-palais-sucre.com\/index.php\/produit\/kinder-schoco-bons-crispy-dubai-89gr\/\",\"name\":\"Kinder Schoco Bons Crispy Dubai 89gr - Au Palais Sucr\u00e9\",\"isPartOf\":{\"@id\":\"https:\/\/www.au-palais-sucre.com\/#website\"},\"primaryImageOfPage\":{\"@id\":\"https:\/\/www.au-palais-sucre.com\/index.php\/produit\/kinder-schoco-bons-crispy-dubai-89gr\/#primaryimage\"},\"image\":{\"@id\":\"https:\/\/www.au-palais-sucre.com\/index.php\/produit\/kinder-schoco-bons-crispy-dubai-89gr\/#primaryimage\"},\"thumbnailUrl\":\"https:\/\/www.au-palais-sucre.com\/wp-content\/uploads\/2023\/06\/Kinder-Schoco-Bons-Crispy-Dubai-89gr.jpg\",\"datePublished\":\"2023-06-27T21:14:29+00:00\",\"dateModified\":\"2025-06-20T15:12:52+00:00\",\"description\":\"D\u00e9couvrez les Kinder Schoco Bons Crispy Dubai, une d\u00e9licieuse gourmandise qui allie la douceur du chocolat Kinder \u00e0 une texture croustillante et fondante. Originaire de Dubai, cette cr\u00e9ation a conquis les palais du monde entier. Chaque bouch\u00e9e vous transporte dans un voyage gustatif unique, m\u00ealant la qualit\u00e9 sup\u00e9rieure du chocolat Kinder avec une sensation croustillante irr\u00e9sistible. Les Kinder Schoco Bons Crispy Dubai sont devenus un v\u00e9ritable succ\u00e8s, pl\u00e9biscit\u00e9s pour leur go\u00fbt exquis et leur association parfaite de douceur et de croquant. Fabriqu\u00e9s avec soin et les meilleurs ingr\u00e9dients, ces d\u00e9licieux bonbons incarnent l'engagement d'excellence de la marque Kinder. Plongez dans un univers de saveurs et d\u00e9couvrez pourquoi les Kinder Schoco Bons Crispy Dubai sont si appr\u00e9ci\u00e9s \u00e0 travers le monde. Commandez d\u00e8s maintenant et offrez-vous une exp\u00e9rience chocolat\u00e9e exceptionnelle avec les Kinder Schoco Bons Crispy Dubai.\",\"breadcrumb\":{\"@id\":\"https:\/\/www.au-palais-sucre.com\/index.php\/produit\/kinder-schoco-bons-crispy-dubai-89gr\/#breadcrumb\"},\"inLanguage\":\"fr-FR\",\"potentialAction\":[{\"@type\":\"ReadAction\",\"target\":[\"https:\/\/www.au-palais-sucre.com\/index.php\/produit\/kinder-schoco-bons-crispy-dubai-89gr\/\"]}]},{\"@type\":\"ImageObject\",\"inLanguage\":\"fr-FR\",\"@id\":\"https:\/\/www.au-palais-sucre.com\/index.php\/produit\/kinder-schoco-bons-crispy-dubai-89gr\/#primaryimage\",\"url\":\"https:\/\/www.au-palais-sucre.com\/wp-content\/uploads\/2023\/06\/Kinder-Schoco-Bons-Crispy-Dubai-89gr.jpg\",\"contentUrl\":\"https:\/\/www.au-palais-sucre.com\/wp-content\/uploads\/2023\/06\/Kinder-Schoco-Bons-Crispy-Dubai-89gr.jpg\",\"width\":500,\"height\":500},{\"@type\":\"BreadcrumbList\",\"@id\":\"https:\/\/www.au-palais-sucre.com\/index.php\/produit\/kinder-schoco-bons-crispy-dubai-89gr\/#breadcrumb\",\"itemListElement\":[{\"@type\":\"ListItem\",\"position\":1,\"name\":\"Boutique\",\"item\":\"https:\/\/www.au-palais-sucre.com\/index.php\/shop\/\"},{\"@type\":\"ListItem\",\"position\":2,\"name\":\"Kinder Schoco Bons Crispy Dubai 89gr\"}]},{\"@type\":\"WebSite\",\"@id\":\"https:\/\/www.au-palais-sucre.com\/#website\",\"url\":\"https:\/\/www.au-palais-sucre.com\/\",\"name\":\"Au Palais Sucr\u00e9\",\"description\":\"Arrivage permanent de nouveaux produits..\",\"publisher\":{\"@id\":\"https:\/\/www.au-palais-sucre.com\/#organization\"},\"potentialAction\":[{\"@type\":\"SearchAction\",\"target\":{\"@type\":\"EntryPoint\",\"urlTemplate\":\"https:\/\/www.au-palais-sucre.com\/?s={search_term_string}\"},\"query-input\":{\"@type\":\"PropertyValueSpecification\",\"valueRequired\":true,\"valueName\":\"search_term_string\"}}],\"inLanguage\":\"fr-FR\"},{\"@type\":\"Organization\",\"@id\":\"https:\/\/www.au-palais-sucre.com\/#organization\",\"name\":\"Au Palais Sucr\u00e9\",\"url\":\"https:\/\/www.au-palais-sucre.com\/\",\"logo\":{\"@type\":\"ImageObject\",\"inLanguage\":\"fr-FR\",\"@id\":\"https:\/\/www.au-palais-sucre.com\/#\/schema\/logo\/image\/\",\"url\":\"https:\/\/www.au-palais-sucre.com\/wp-content\/uploads\/2023\/06\/cropped-Logo-blanc_prev_ui.png\",\"contentUrl\":\"https:\/\/www.au-palais-sucre.com\/wp-content\/uploads\/2023\/06\/cropped-Logo-blanc_prev_ui.png\",\"width\":567,\"height\":440,\"caption\":\"Au Palais Sucr\u00e9\"},\"image\":{\"@id\":\"https:\/\/www.au-palais-sucre.com\/#\/schema\/logo\/image\/\"},\"sameAs\":[\"https:\/\/www.facebook.com\/people\/Au-Palais-Sucr\/pfbid0xHg32QqsqJkkArCjoHQ6aaknwKMjtXgSnFxn2J3iXRfcnKZoBnYZT1GMsdL8xcPUl\/\"]}]}<\/script>\n<meta property=\"product:price:amount\" content=\"8.90\" \/>\n<meta property=\"product:price:currency\" content=\"EUR\" \/>\n<meta property=\"og:availability\" content=\"out of stock\" \/>\n<meta property=\"product:availability\" content=\"out of stock\" \/>\n<meta property=\"product:retailer_item_id\" content=\"ASPGAT12\" \/>\n<meta property=\"product:condition\" content=\"new\" \/>\n<!-- \/ Yoast SEO plugin. -->","yoast_head_json":{"title":"Kinder Schoco Bons Crispy Dubai 89gr - Au Palais Sucr\u00e9","description":"D\u00e9couvrez les Kinder Schoco Bons Crispy Dubai, une d\u00e9licieuse gourmandise qui allie la douceur du chocolat Kinder \u00e0 une texture croustillante et fondante. Originaire de Dubai, cette cr\u00e9ation a conquis les palais du monde entier. Chaque bouch\u00e9e vous transporte dans un voyage gustatif unique, m\u00ealant la qualit\u00e9 sup\u00e9rieure du chocolat Kinder avec une sensation croustillante irr\u00e9sistible. Les Kinder Schoco Bons Crispy Dubai sont devenus un v\u00e9ritable succ\u00e8s, pl\u00e9biscit\u00e9s pour leur go\u00fbt exquis et leur association parfaite de douceur et de croquant. Fabriqu\u00e9s avec soin et les meilleurs ingr\u00e9dients, ces d\u00e9licieux bonbons incarnent l'engagement d'excellence de la marque Kinder. Plongez dans un univers de saveurs et d\u00e9couvrez pourquoi les Kinder Schoco Bons Crispy Dubai sont si appr\u00e9ci\u00e9s \u00e0 travers le monde. Commandez d\u00e8s maintenant et offrez-vous une exp\u00e9rience chocolat\u00e9e exceptionnelle avec les Kinder Schoco Bons Crispy Dubai.","robots":{"index":"index","follow":"follow","max-snippet":"max-snippet:-1","max-image-preview":"max-image-preview:large","max-video-preview":"max-video-preview:-1"},"canonical":"https:\/\/www.au-palais-sucre.com\/index.php\/produit\/kinder-schoco-bons-crispy-dubai-89gr\/","og_locale":"fr_FR","og_type":"article","og_title":"Kinder Schoco Bons Crispy Dubai 89gr - Au Palais Sucr\u00e9","og_description":"D\u00e9couvrez les Kinder Schoco Bons Crispy Dubai, une d\u00e9licieuse gourmandise qui allie la douceur du chocolat Kinder \u00e0 une texture croustillante et fondante. Originaire de Dubai, cette cr\u00e9ation a conquis les palais du monde entier. Chaque bouch\u00e9e vous transporte dans un voyage gustatif unique, m\u00ealant la qualit\u00e9 sup\u00e9rieure du chocolat Kinder avec une sensation croustillante irr\u00e9sistible. Les Kinder Schoco Bons Crispy Dubai sont devenus un v\u00e9ritable succ\u00e8s, pl\u00e9biscit\u00e9s pour leur go\u00fbt exquis et leur association parfaite de douceur et de croquant. Fabriqu\u00e9s avec soin et les meilleurs ingr\u00e9dients, ces d\u00e9licieux bonbons incarnent l'engagement d'excellence de la marque Kinder. Plongez dans un univers de saveurs et d\u00e9couvrez pourquoi les Kinder Schoco Bons Crispy Dubai sont si appr\u00e9ci\u00e9s \u00e0 travers le monde. Commandez d\u00e8s maintenant et offrez-vous une exp\u00e9rience chocolat\u00e9e exceptionnelle avec les Kinder Schoco Bons Crispy Dubai.","og_url":"https:\/\/www.au-palais-sucre.com\/index.php\/produit\/kinder-schoco-bons-crispy-dubai-89gr\/","og_site_name":"Au Palais Sucr\u00e9","article_publisher":"https:\/\/www.facebook.com\/people\/Au-Palais-Sucr\/pfbid0xHg32QqsqJkkArCjoHQ6aaknwKMjtXgSnFxn2J3iXRfcnKZoBnYZT1GMsdL8xcPUl\/","article_modified_time":"2025-06-20T15:12:52+00:00","og_image":[{"width":500,"height":500,"url":"https:\/\/www.au-palais-sucre.com\/wp-content\/uploads\/2023\/06\/Kinder-Schoco-Bons-Crispy-Dubai-89gr.jpg","type":"image\/jpeg"}],"twitter_card":"summary_large_image","twitter_misc":{"Prix":"8,90&nbsp;&euro;","Disponibilit\u00e9":"Rupture de stock"},"schema":{"@context":"https:\/\/schema.org","@graph":[{"@type":"WebPage","@id":"https:\/\/www.au-palais-sucre.com\/index.php\/produit\/kinder-schoco-bons-crispy-dubai-89gr\/","url":"https:\/\/www.au-palais-sucre.com\/index.php\/produit\/kinder-schoco-bons-crispy-dubai-89gr\/","name":"Kinder Schoco Bons Crispy Dubai 89gr - Au Palais Sucr\u00e9","isPartOf":{"@id":"https:\/\/www.au-palais-sucre.com\/#website"},"primaryImageOfPage":{"@id":"https:\/\/www.au-palais-sucre.com\/index.php\/produit\/kinder-schoco-bons-crispy-dubai-89gr\/#primaryimage"},"image":{"@id":"https:\/\/www.au-palais-sucre.com\/index.php\/produit\/kinder-schoco-bons-crispy-dubai-89gr\/#primaryimage"},"thumbnailUrl":"https:\/\/www.au-palais-sucre.com\/wp-content\/uploads\/2023\/06\/Kinder-Schoco-Bons-Crispy-Dubai-89gr.jpg","datePublished":"2023-06-27T21:14:29+00:00","dateModified":"2025-06-20T15:12:52+00:00","description":"D\u00e9couvrez les Kinder Schoco Bons Crispy Dubai, une d\u00e9licieuse gourmandise qui allie la douceur du chocolat Kinder \u00e0 une texture croustillante et fondante. Originaire de Dubai, cette cr\u00e9ation a conquis les palais du monde entier. Chaque bouch\u00e9e vous transporte dans un voyage gustatif unique, m\u00ealant la qualit\u00e9 sup\u00e9rieure du chocolat Kinder avec une sensation croustillante irr\u00e9sistible. Les Kinder Schoco Bons Crispy Dubai sont devenus un v\u00e9ritable succ\u00e8s, pl\u00e9biscit\u00e9s pour leur go\u00fbt exquis et leur association parfaite de douceur et de croquant. Fabriqu\u00e9s avec soin et les meilleurs ingr\u00e9dients, ces d\u00e9licieux bonbons incarnent l'engagement d'excellence de la marque Kinder. Plongez dans un univers de saveurs et d\u00e9couvrez pourquoi les Kinder Schoco Bons Crispy Dubai sont si appr\u00e9ci\u00e9s \u00e0 travers le monde. Commandez d\u00e8s maintenant et offrez-vous une exp\u00e9rience chocolat\u00e9e exceptionnelle avec les Kinder Schoco Bons Crispy Dubai.","breadcrumb":{"@id":"https:\/\/www.au-palais-sucre.com\/index.php\/produit\/kinder-schoco-bons-crispy-dubai-89gr\/#breadcrumb"},"inLanguage":"fr-FR","potentialAction":[{"@type":"ReadAction","target":["https:\/\/www.au-palais-sucre.com\/index.php\/produit\/kinder-schoco-bons-crispy-dubai-89gr\/"]}]},{"@type":"ImageObject","inLanguage":"fr-FR","@id":"https:\/\/www.au-palais-sucre.com\/index.php\/produit\/kinder-schoco-bons-crispy-dubai-89gr\/#primaryimage","url":"https:\/\/www.au-palais-sucre.com\/wp-content\/uploads\/2023\/06\/Kinder-Schoco-Bons-Crispy-Dubai-89gr.jpg","contentUrl":"https:\/\/www.au-palais-sucre.com\/wp-content\/uploads\/2023\/06\/Kinder-Schoco-Bons-Crispy-Dubai-89gr.jpg","width":500,"height":500},{"@type":"BreadcrumbList","@id":"https:\/\/www.au-palais-sucre.com\/index.php\/produit\/kinder-schoco-bons-crispy-dubai-89gr\/#breadcrumb","itemListElement":[{"@type":"ListItem","position":1,"name":"Boutique","item":"https:\/\/www.au-palais-sucre.com\/index.php\/shop\/"},{"@type":"ListItem","position":2,"name":"Kinder Schoco Bons Crispy Dubai 89gr"}]},{"@type":"WebSite","@id":"https:\/\/www.au-palais-sucre.com\/#website","url":"https:\/\/www.au-palais-sucre.com\/","name":"Au Palais Sucr\u00e9","description":"Arrivage permanent de nouveaux produits..","publisher":{"@id":"https:\/\/www.au-palais-sucre.com\/#organization"},"potentialAction":[{"@type":"SearchAction","target":{"@type":"EntryPoint","urlTemplate":"https:\/\/www.au-palais-sucre.com\/?s={search_term_string}"},"query-input":{"@type":"PropertyValueSpecification","valueRequired":true,"valueName":"search_term_string"}}],"inLanguage":"fr-FR"},{"@type":"Organization","@id":"https:\/\/www.au-palais-sucre.com\/#organization","name":"Au Palais Sucr\u00e9","url":"https:\/\/www.au-palais-sucre.com\/","logo":{"@type":"ImageObject","inLanguage":"fr-FR","@id":"https:\/\/www.au-palais-sucre.com\/#\/schema\/logo\/image\/","url":"https:\/\/www.au-palais-sucre.com\/wp-content\/uploads\/2023\/06\/cropped-Logo-blanc_prev_ui.png","contentUrl":"https:\/\/www.au-palais-sucre.com\/wp-content\/uploads\/2023\/06\/cropped-Logo-blanc_prev_ui.png","width":567,"height":440,"caption":"Au Palais Sucr\u00e9"},"image":{"@id":"https:\/\/www.au-palais-sucre.com\/#\/schema\/logo\/image\/"},"sameAs":["https:\/\/www.facebook.com\/people\/Au-Palais-Sucr\/pfbid0xHg32QqsqJkkArCjoHQ6aaknwKMjtXgSnFxn2J3iXRfcnKZoBnYZT1GMsdL8xcPUl\/"]}]},"product_price_amount":"8.90","product_price_currency":"EUR","og_availability":"out of stock","product_availability":"out of stock","product_retailer_item_id":"ASPGAT12","product_condition":"new"},"_links":{"self":[{"href":"https:\/\/www.au-palais-sucre.com\/index.php\/wp-json\/wp\/v2\/product\/3413","targetHints":{"allow":["GET"]}}],"collection":[{"href":"https:\/\/www.au-palais-sucre.com\/index.php\/wp-json\/wp\/v2\/product"}],"about":[{"href":"https:\/\/www.au-palais-sucre.com\/index.php\/wp-json\/wp\/v2\/types\/product"}],"replies":[{"embeddable":true,"href":"https:\/\/www.au-palais-sucre.com\/index.php\/wp-json\/wp\/v2\/comments?post=3413"}],"version-history":[{"count":1,"href":"https:\/\/www.au-palais-sucre.com\/index.php\/wp-json\/wp\/v2\/product\/3413\/revisions"}],"predecessor-version":[{"id":5808,"href":"https:\/\/www.au-palais-sucre.com\/index.php\/wp-json\/wp\/v2\/product\/3413\/revisions\/5808"}],"wp:featuredmedia":[{"embeddable":true,"href":"https:\/\/www.au-palais-sucre.com\/index.php\/wp-json\/wp\/v2\/media\/3414"}],"wp:attachment":[{"href":"https:\/\/www.au-palais-sucre.com\/index.php\/wp-json\/wp\/v2\/media?parent=3413"}],"wp:term":[{"taxonomy":"product_brand","embeddable":true,"href":"https:\/\/www.au-palais-sucre.com\/index.php\/wp-json\/wp\/v2\/product_brand?post=3413"},{"taxonomy":"product_cat","embeddable":true,"href":"https:\/\/www.au-palais-sucre.com\/index.php\/wp-json\/wp\/v2\/product_cat?post=3413"},{"taxonomy":"product_tag","embeddable":true,"href":"https:\/\/www.au-palais-sucre.com\/index.php\/wp-json\/wp\/v2\/product_tag?post=3413"}],"curies":[{"name":"wp","href":"https:\/\/api.w.org\/{rel}","templated":true}]}}