{"id":3491,"date":"2023-07-06T00:14:13","date_gmt":"2023-07-05T22:14:13","guid":{"rendered":"https:\/\/www.au-palais-sucre.com\/?post_type=product&#038;p=3491"},"modified":"2025-11-06T15:18:40","modified_gmt":"2025-11-06T14:18:40","slug":"redbull-acai-usa-250ml","status":"publish","type":"product","link":"https:\/\/www.au-palais-sucre.com\/index.php\/produit\/redbull-acai-usa-250ml\/","title":{"rendered":"RedBull Acai USA 250ml"},"content":{"rendered":"<h1>RedBull Acai USA 250ml<\/h1>\n<p>D\u00e9couvrez le succ\u00e8s in\u00e9gal\u00e9 de Red Bull Acai, la boisson \u00e9nergisante de renomm\u00e9e mondiale. Originaire des contr\u00e9es exotiques de l&rsquo;Amazonie, cette boisson unique allie la saveur audacieuse de l&rsquo;aca\u00ef \u00e0 la puissance revigorante de Red Bull. Laissez-vous s\u00e9duire par son go\u00fbt exquis et rafra\u00eechissant, qui \u00e9veille vos sens et stimule votre \u00e9nergie. Red Bull Acai est devenu le choix privil\u00e9gi\u00e9 des amateurs de boissons \u00e9nergisantes, offrant une exp\u00e9rience gustative incomparable associ\u00e9e \u00e0 un regain d&rsquo;\u00e9nergie instantan\u00e9. Plongez dans l&rsquo;univers de Red Bull Acai et d\u00e9couvrez pourquoi cette boisson est devenue une ic\u00f4ne mondiale. Commandez d\u00e8s maintenant votre Red Bull Acai et savourez un m\u00e9lange parfait entre la nature authentique de l&rsquo;Amazonie et la force dynamique de Red Bull.<\/p>\n<p><strong>Tous nos produits b\u00e9n\u00e9ficient d\u2019une DDM de plusieurs mois.<\/strong><br \/>\n<strong>DDM = Date de Durabilit\u00e9 Minimale, anciennement DLUO.<\/strong><\/p>\n<p>DLC 31\/07\/2025<\/p>\n<h3>Ingr\u00e9dients de RedBull Acai USA 250ml<\/h3>\n<p>Eau, saccharose, acidifiant acide citrique, acide carbonique, taurine 0,4%, correcteur d&rsquo;acidit\u00e9 (carbonate de sodium, carbonate de magn\u00e9sium), caf\u00e9ine 0,03%, vitamines (niacine, acide pantoth\u00e9nique, B6, B12), ar\u00f4mes, colorants (anthocyanes, riboflavines).<\/p>\n<p>Pouvoir calorifique en kJ 188 kJ Valeur \u00e9nerg\u00e9tique en kcal 44 kcal Mati\u00e8res grasses 0 g dont acides gras satur\u00e9s 0 g Glucides 10 g dont sucre 10 g Prot\u00e9ine 0 g Sel 0,1 g Vitamine niacine 8 mg \/ 0% Vitamine acide pantoth\u00e9nique 2 mg \/ 0% Vitamine Vitamine B12 2 mg \/ 0% Vitamine Vitamine B6 2 mg \/ 0%<\/p>\n<h4>Les services AU PALAIS SUCRE<\/h4>\n<p>Nous sommes est un site de vente de <strong>bonbons<\/strong>, <strong>confiseries<\/strong>, <strong>boissons<\/strong>, <strong>chips<\/strong> et <strong>produits du monde<\/strong>,\u00a0 pour les particuliers, les associations et les entreprises.<\/p>\n<p><strong>AU PALAIS SUCRE\u00a0<\/strong> apporte \u00e9galement un vrai service , une livraison rapide et fiable, une pr\u00e9paration des commandes dans les 24h\/48h et un service clients joignable.<\/p>\n<p><strong>AU PALAIS SUCRE<\/strong> est votre destination pour des bonbons, confiseries, boissons, chips et produits du monde pour les particuliers, les associations et les entreprises. Nous offrons un choix vari\u00e9 de produits de qualit\u00e9 sup\u00e9rieure pour satisfaire tous les go\u00fbts et les besoins.<\/p>\n<p>Nous sommes fiers d\u2019offrir \u00e0 nos clients un service hors pair. Nous nous engageons \u00e0 pr\u00e9parer et exp\u00e9dier les commandes dans les 24h\/48h suivant l\u2019achat, pour une livraison rapide et fiable. De plus, notre \u00e9quipe de service clients est toujours disponible pour r\u00e9pondre \u00e0 vos questions et vous aider \u00e0 trouver le produit id\u00e9al pour vos besoins.<\/p>\n<p>Chez AU PALAIS SUCRE, nous sommes passionn\u00e9s par les bonbons et les confiseries, et nous sommes d\u00e9termin\u00e9s \u00e0 offrir \u00e0 nos clients une exp\u00e9rience de magasinage en ligne agr\u00e9able et sans stress. Nous sommes votre guichet unique pour tous vos besoins en sucreries et en produits du monde, et nous sommes impatients de vous servir d\u00e8s maintenant !<\/p>\n","protected":false},"excerpt":{"rendered":"<h1>RedBull Acai USA 250ml<\/h1>\n<p>D\u00e9couvrez le succ\u00e8s in\u00e9gal\u00e9 de Red Bull Acai, la boisson \u00e9nergisante de renomm\u00e9e mondiale. Originaire des contr\u00e9es exotiques de l&rsquo;Amazonie, cette boisson unique allie la saveur audacieuse de l&rsquo;aca\u00ef \u00e0 la puissance revigorante de Red Bull. Laissez-vous s\u00e9duire par son go\u00fbt exquis et rafra\u00eechissant, qui \u00e9veille vos sens et stimule votre \u00e9nergie. Red Bull Acai est devenu le choix privil\u00e9gi\u00e9 des amateurs de boissons \u00e9nergisantes, offrant une exp\u00e9rience gustative incomparable associ\u00e9e \u00e0 un regain d&rsquo;\u00e9nergie instantan\u00e9. Plongez dans l&rsquo;univers de Red Bull Acai et d\u00e9couvrez pourquoi cette boisson est devenue une ic\u00f4ne mondiale. Commandez d\u00e8s maintenant votre Red Bull Acai et savourez un m\u00e9lange parfait entre la nature authentique de l&rsquo;Amazonie et la force dynamique de Red Bull.<\/p>\n<p><strong>Tous nos produits b\u00e9n\u00e9ficient d\u2019une DDM de plusieurs mois.<\/strong><br \/>\n<strong>DDM = Date de Durabilit\u00e9 Minimale, anciennement DLUO.<\/strong><\/p>\n","protected":false},"featured_media":3492,"comment_status":"open","ping_status":"closed","template":"","meta":{"ocean_post_layout":"","ocean_both_sidebars_style":"","ocean_both_sidebars_content_width":0,"ocean_both_sidebars_sidebars_width":0,"ocean_sidebar":"0","ocean_second_sidebar":"0","ocean_disable_margins":"enable","ocean_add_body_class":"","ocean_shortcode_before_top_bar":"","ocean_shortcode_after_top_bar":"","ocean_shortcode_before_header":"","ocean_shortcode_after_header":"","ocean_has_shortcode":"","ocean_shortcode_after_title":"","ocean_shortcode_before_footer_widgets":"","ocean_shortcode_after_footer_widgets":"","ocean_shortcode_before_footer_bottom":"","ocean_shortcode_after_footer_bottom":"","ocean_display_top_bar":"default","ocean_display_header":"default","ocean_header_style":"","ocean_center_header_left_menu":"0","ocean_custom_header_template":"0","ocean_custom_logo":0,"ocean_custom_retina_logo":0,"ocean_custom_logo_max_width":0,"ocean_custom_logo_tablet_max_width":0,"ocean_custom_logo_mobile_max_width":0,"ocean_custom_logo_max_height":0,"ocean_custom_logo_tablet_max_height":0,"ocean_custom_logo_mobile_max_height":0,"ocean_header_custom_menu":"0","ocean_menu_typo_font_family":"0","ocean_menu_typo_font_subset":"","ocean_menu_typo_font_size":0,"ocean_menu_typo_font_size_tablet":0,"ocean_menu_typo_font_size_mobile":0,"ocean_menu_typo_font_size_unit":"px","ocean_menu_typo_font_weight":"","ocean_menu_typo_font_weight_tablet":"","ocean_menu_typo_font_weight_mobile":"","ocean_menu_typo_transform":"","ocean_menu_typo_transform_tablet":"","ocean_menu_typo_transform_mobile":"","ocean_menu_typo_line_height":0,"ocean_menu_typo_line_height_tablet":0,"ocean_menu_typo_line_height_mobile":0,"ocean_menu_typo_line_height_unit":"","ocean_menu_typo_spacing":0,"ocean_menu_typo_spacing_tablet":0,"ocean_menu_typo_spacing_mobile":0,"ocean_menu_typo_spacing_unit":"","ocean_menu_link_color":"","ocean_menu_link_color_hover":"","ocean_menu_link_color_active":"","ocean_menu_link_background":"","ocean_menu_link_hover_background":"","ocean_menu_link_active_background":"","ocean_menu_social_links_bg":"","ocean_menu_social_hover_links_bg":"","ocean_menu_social_links_color":"","ocean_menu_social_hover_links_color":"","ocean_disable_title":"default","ocean_disable_heading":"default","ocean_post_title":"","ocean_post_subheading":"","ocean_post_title_style":"","ocean_post_title_background_color":"","ocean_post_title_background":0,"ocean_post_title_bg_image_position":"","ocean_post_title_bg_image_attachment":"","ocean_post_title_bg_image_repeat":"","ocean_post_title_bg_image_size":"","ocean_post_title_height":0,"ocean_post_title_bg_overlay":0.5,"ocean_post_title_bg_overlay_color":"","ocean_disable_breadcrumbs":"default","ocean_breadcrumbs_color":"","ocean_breadcrumbs_separator_color":"","ocean_breadcrumbs_links_color":"","ocean_breadcrumbs_links_hover_color":"","ocean_display_footer_widgets":"default","ocean_display_footer_bottom":"default","ocean_custom_footer_template":"0"},"product_brand":[],"product_cat":[108,65,52],"product_tag":[],"class_list":{"0":"post-3491","1":"product","2":"type-product","3":"status-publish","4":"has-post-thumbnail","6":"product_cat-anti-gaspi","7":"product_cat-boissons","8":"product_cat-usa","10":"entry","11":"has-media","13":"first","14":"outofstock","15":"sale","16":"shipping-taxable","17":"purchasable","18":"product-type-simple","19":"has-product-nav","20":"col","21":"span_1_of_3","22":"owp-content-center","23":"owp-thumbs-layout-horizontal","24":"owp-btn-normal","25":"owp-tabs-layout-horizontal","26":"has-no-thumbnails"},"yoast_head":"<!-- This site is optimized with the Yoast SEO plugin v24.3 - https:\/\/yoast.com\/wordpress\/plugins\/seo\/ -->\n<title>RedBull Acai USA 250ml - Au Palais Sucr\u00e9<\/title>\n<meta name=\"description\" content=\"D\u00e9couvrez Red Bull Acai, la boisson \u00e9nergisante de qualit\u00e9 sup\u00e9rieure qui conna\u00eet un succ\u00e8s fulgurant. Originaire de contr\u00e9es lointaines, cette boisson unique m\u00eale l&#039;authenticit\u00e9 des baies d&#039;aca\u00ef \u00e0 la puissance revigorante de Red Bull. Savourez le mariage parfait de la saveur fruit\u00e9e et exotique de l&#039;aca\u00ef avec l&#039;effet stimulant de Red Bull. Red Bull Acai est devenue la r\u00e9f\u00e9rence incontest\u00e9e des boissons \u00e9nergisantes, offrant une exp\u00e9rience gustative exceptionnelle associ\u00e9e \u00e0 une mont\u00e9e d&#039;\u00e9nergie instantan\u00e9e. Plongez dans le monde de Red Bull Acai et d\u00e9couvrez pourquoi cette boisson est pl\u00e9biscit\u00e9e \u00e0 travers le monde. Commandez d\u00e8s maintenant votre Red Bull Acai et vivez une exp\u00e9rience unique alliant qualit\u00e9, provenance et succ\u00e8s.\" \/>\n<meta name=\"robots\" content=\"index, follow, max-snippet:-1, max-image-preview:large, max-video-preview:-1\" \/>\n<link rel=\"canonical\" href=\"https:\/\/www.au-palais-sucre.com\/index.php\/produit\/redbull-acai-usa-250ml\/\" \/>\n<meta property=\"og:locale\" content=\"fr_FR\" \/>\n<meta property=\"og:type\" content=\"article\" \/>\n<meta property=\"og:title\" content=\"RedBull Acai USA 250ml - Au Palais Sucr\u00e9\" \/>\n<meta property=\"og:description\" content=\"D\u00e9couvrez Red Bull Acai, la boisson \u00e9nergisante de qualit\u00e9 sup\u00e9rieure qui conna\u00eet un succ\u00e8s fulgurant. Originaire de contr\u00e9es lointaines, cette boisson unique m\u00eale l&#039;authenticit\u00e9 des baies d&#039;aca\u00ef \u00e0 la puissance revigorante de Red Bull. Savourez le mariage parfait de la saveur fruit\u00e9e et exotique de l&#039;aca\u00ef avec l&#039;effet stimulant de Red Bull. Red Bull Acai est devenue la r\u00e9f\u00e9rence incontest\u00e9e des boissons \u00e9nergisantes, offrant une exp\u00e9rience gustative exceptionnelle associ\u00e9e \u00e0 une mont\u00e9e d&#039;\u00e9nergie instantan\u00e9e. Plongez dans le monde de Red Bull Acai et d\u00e9couvrez pourquoi cette boisson est pl\u00e9biscit\u00e9e \u00e0 travers le monde. Commandez d\u00e8s maintenant votre Red Bull Acai et vivez une exp\u00e9rience unique alliant qualit\u00e9, provenance et succ\u00e8s.\" \/>\n<meta property=\"og:url\" content=\"https:\/\/www.au-palais-sucre.com\/index.php\/produit\/redbull-acai-usa-250ml\/\" \/>\n<meta property=\"og:site_name\" content=\"Au Palais Sucr\u00e9\" \/>\n<meta property=\"article:publisher\" content=\"https:\/\/www.facebook.com\/people\/Au-Palais-Sucr\/pfbid0xHg32QqsqJkkArCjoHQ6aaknwKMjtXgSnFxn2J3iXRfcnKZoBnYZT1GMsdL8xcPUl\/\" \/>\n<meta property=\"article:modified_time\" content=\"2025-11-06T14:18:40+00:00\" \/>\n<meta property=\"og:image\" content=\"https:\/\/www.au-palais-sucre.com\/wp-content\/uploads\/2023\/07\/RedBull-Acai-USA-25cl.jpg\" \/>\n\t<meta property=\"og:image:width\" content=\"500\" \/>\n\t<meta property=\"og:image:height\" content=\"500\" \/>\n\t<meta property=\"og:image:type\" content=\"image\/jpeg\" \/>\n<meta name=\"twitter:card\" content=\"summary_large_image\" \/>\n<meta name=\"twitter:label1\" content=\"Prix\" \/>\n\t<meta name=\"twitter:data1\" content=\"3,00&nbsp;&euro;\" \/>\n\t<meta name=\"twitter:label2\" content=\"Disponibilit\u00e9\" \/>\n\t<meta name=\"twitter:data2\" content=\"Rupture de stock\" \/>\n<script type=\"application\/ld+json\" class=\"yoast-schema-graph\">{\"@context\":\"https:\/\/schema.org\",\"@graph\":[{\"@type\":\"WebPage\",\"@id\":\"https:\/\/www.au-palais-sucre.com\/index.php\/produit\/redbull-acai-usa-250ml\/\",\"url\":\"https:\/\/www.au-palais-sucre.com\/index.php\/produit\/redbull-acai-usa-250ml\/\",\"name\":\"RedBull Acai USA 250ml - Au Palais Sucr\u00e9\",\"isPartOf\":{\"@id\":\"https:\/\/www.au-palais-sucre.com\/#website\"},\"primaryImageOfPage\":{\"@id\":\"https:\/\/www.au-palais-sucre.com\/index.php\/produit\/redbull-acai-usa-250ml\/#primaryimage\"},\"image\":{\"@id\":\"https:\/\/www.au-palais-sucre.com\/index.php\/produit\/redbull-acai-usa-250ml\/#primaryimage\"},\"thumbnailUrl\":\"https:\/\/www.au-palais-sucre.com\/wp-content\/uploads\/2023\/07\/RedBull-Acai-USA-25cl.jpg\",\"datePublished\":\"2023-07-05T22:14:13+00:00\",\"dateModified\":\"2025-11-06T14:18:40+00:00\",\"description\":\"D\u00e9couvrez Red Bull Acai, la boisson \u00e9nergisante de qualit\u00e9 sup\u00e9rieure qui conna\u00eet un succ\u00e8s fulgurant. Originaire de contr\u00e9es lointaines, cette boisson unique m\u00eale l'authenticit\u00e9 des baies d'aca\u00ef \u00e0 la puissance revigorante de Red Bull. Savourez le mariage parfait de la saveur fruit\u00e9e et exotique de l'aca\u00ef avec l'effet stimulant de Red Bull. Red Bull Acai est devenue la r\u00e9f\u00e9rence incontest\u00e9e des boissons \u00e9nergisantes, offrant une exp\u00e9rience gustative exceptionnelle associ\u00e9e \u00e0 une mont\u00e9e d'\u00e9nergie instantan\u00e9e. Plongez dans le monde de Red Bull Acai et d\u00e9couvrez pourquoi cette boisson est pl\u00e9biscit\u00e9e \u00e0 travers le monde. Commandez d\u00e8s maintenant votre Red Bull Acai et vivez une exp\u00e9rience unique alliant qualit\u00e9, provenance et succ\u00e8s.\",\"breadcrumb\":{\"@id\":\"https:\/\/www.au-palais-sucre.com\/index.php\/produit\/redbull-acai-usa-250ml\/#breadcrumb\"},\"inLanguage\":\"fr-FR\",\"potentialAction\":[{\"@type\":\"ReadAction\",\"target\":[\"https:\/\/www.au-palais-sucre.com\/index.php\/produit\/redbull-acai-usa-250ml\/\"]}]},{\"@type\":\"ImageObject\",\"inLanguage\":\"fr-FR\",\"@id\":\"https:\/\/www.au-palais-sucre.com\/index.php\/produit\/redbull-acai-usa-250ml\/#primaryimage\",\"url\":\"https:\/\/www.au-palais-sucre.com\/wp-content\/uploads\/2023\/07\/RedBull-Acai-USA-25cl.jpg\",\"contentUrl\":\"https:\/\/www.au-palais-sucre.com\/wp-content\/uploads\/2023\/07\/RedBull-Acai-USA-25cl.jpg\",\"width\":500,\"height\":500},{\"@type\":\"BreadcrumbList\",\"@id\":\"https:\/\/www.au-palais-sucre.com\/index.php\/produit\/redbull-acai-usa-250ml\/#breadcrumb\",\"itemListElement\":[{\"@type\":\"ListItem\",\"position\":1,\"name\":\"Boutique\",\"item\":\"https:\/\/www.au-palais-sucre.com\/index.php\/shop\/\"},{\"@type\":\"ListItem\",\"position\":2,\"name\":\"RedBull Acai USA 250ml\"}]},{\"@type\":\"WebSite\",\"@id\":\"https:\/\/www.au-palais-sucre.com\/#website\",\"url\":\"https:\/\/www.au-palais-sucre.com\/\",\"name\":\"Au Palais Sucr\u00e9\",\"description\":\"Arrivage permanent de nouveaux produits..\",\"publisher\":{\"@id\":\"https:\/\/www.au-palais-sucre.com\/#organization\"},\"potentialAction\":[{\"@type\":\"SearchAction\",\"target\":{\"@type\":\"EntryPoint\",\"urlTemplate\":\"https:\/\/www.au-palais-sucre.com\/?s={search_term_string}\"},\"query-input\":{\"@type\":\"PropertyValueSpecification\",\"valueRequired\":true,\"valueName\":\"search_term_string\"}}],\"inLanguage\":\"fr-FR\"},{\"@type\":\"Organization\",\"@id\":\"https:\/\/www.au-palais-sucre.com\/#organization\",\"name\":\"Au Palais Sucr\u00e9\",\"url\":\"https:\/\/www.au-palais-sucre.com\/\",\"logo\":{\"@type\":\"ImageObject\",\"inLanguage\":\"fr-FR\",\"@id\":\"https:\/\/www.au-palais-sucre.com\/#\/schema\/logo\/image\/\",\"url\":\"https:\/\/www.au-palais-sucre.com\/wp-content\/uploads\/2023\/06\/cropped-Logo-blanc_prev_ui.png\",\"contentUrl\":\"https:\/\/www.au-palais-sucre.com\/wp-content\/uploads\/2023\/06\/cropped-Logo-blanc_prev_ui.png\",\"width\":567,\"height\":440,\"caption\":\"Au Palais Sucr\u00e9\"},\"image\":{\"@id\":\"https:\/\/www.au-palais-sucre.com\/#\/schema\/logo\/image\/\"},\"sameAs\":[\"https:\/\/www.facebook.com\/people\/Au-Palais-Sucr\/pfbid0xHg32QqsqJkkArCjoHQ6aaknwKMjtXgSnFxn2J3iXRfcnKZoBnYZT1GMsdL8xcPUl\/\"]}]}<\/script>\n<meta property=\"product:price:amount\" content=\"3.00\" \/>\n<meta property=\"product:price:currency\" content=\"EUR\" \/>\n<meta property=\"og:availability\" content=\"out of stock\" \/>\n<meta property=\"product:availability\" content=\"out of stock\" \/>\n<meta property=\"product:retailer_item_id\" content=\"ASPBOIS37\" \/>\n<meta property=\"product:condition\" content=\"new\" \/>\n<!-- \/ Yoast SEO plugin. -->","yoast_head_json":{"title":"RedBull Acai USA 250ml - Au Palais Sucr\u00e9","description":"D\u00e9couvrez Red Bull Acai, la boisson \u00e9nergisante de qualit\u00e9 sup\u00e9rieure qui conna\u00eet un succ\u00e8s fulgurant. Originaire de contr\u00e9es lointaines, cette boisson unique m\u00eale l'authenticit\u00e9 des baies d'aca\u00ef \u00e0 la puissance revigorante de Red Bull. Savourez le mariage parfait de la saveur fruit\u00e9e et exotique de l'aca\u00ef avec l'effet stimulant de Red Bull. Red Bull Acai est devenue la r\u00e9f\u00e9rence incontest\u00e9e des boissons \u00e9nergisantes, offrant une exp\u00e9rience gustative exceptionnelle associ\u00e9e \u00e0 une mont\u00e9e d'\u00e9nergie instantan\u00e9e. Plongez dans le monde de Red Bull Acai et d\u00e9couvrez pourquoi cette boisson est pl\u00e9biscit\u00e9e \u00e0 travers le monde. Commandez d\u00e8s maintenant votre Red Bull Acai et vivez une exp\u00e9rience unique alliant qualit\u00e9, provenance et succ\u00e8s.","robots":{"index":"index","follow":"follow","max-snippet":"max-snippet:-1","max-image-preview":"max-image-preview:large","max-video-preview":"max-video-preview:-1"},"canonical":"https:\/\/www.au-palais-sucre.com\/index.php\/produit\/redbull-acai-usa-250ml\/","og_locale":"fr_FR","og_type":"article","og_title":"RedBull Acai USA 250ml - Au Palais Sucr\u00e9","og_description":"D\u00e9couvrez Red Bull Acai, la boisson \u00e9nergisante de qualit\u00e9 sup\u00e9rieure qui conna\u00eet un succ\u00e8s fulgurant. Originaire de contr\u00e9es lointaines, cette boisson unique m\u00eale l'authenticit\u00e9 des baies d'aca\u00ef \u00e0 la puissance revigorante de Red Bull. Savourez le mariage parfait de la saveur fruit\u00e9e et exotique de l'aca\u00ef avec l'effet stimulant de Red Bull. Red Bull Acai est devenue la r\u00e9f\u00e9rence incontest\u00e9e des boissons \u00e9nergisantes, offrant une exp\u00e9rience gustative exceptionnelle associ\u00e9e \u00e0 une mont\u00e9e d'\u00e9nergie instantan\u00e9e. Plongez dans le monde de Red Bull Acai et d\u00e9couvrez pourquoi cette boisson est pl\u00e9biscit\u00e9e \u00e0 travers le monde. Commandez d\u00e8s maintenant votre Red Bull Acai et vivez une exp\u00e9rience unique alliant qualit\u00e9, provenance et succ\u00e8s.","og_url":"https:\/\/www.au-palais-sucre.com\/index.php\/produit\/redbull-acai-usa-250ml\/","og_site_name":"Au Palais Sucr\u00e9","article_publisher":"https:\/\/www.facebook.com\/people\/Au-Palais-Sucr\/pfbid0xHg32QqsqJkkArCjoHQ6aaknwKMjtXgSnFxn2J3iXRfcnKZoBnYZT1GMsdL8xcPUl\/","article_modified_time":"2025-11-06T14:18:40+00:00","og_image":[{"width":500,"height":500,"url":"https:\/\/www.au-palais-sucre.com\/wp-content\/uploads\/2023\/07\/RedBull-Acai-USA-25cl.jpg","type":"image\/jpeg"}],"twitter_card":"summary_large_image","twitter_misc":{"Prix":"3,00&nbsp;&euro;","Disponibilit\u00e9":"Rupture de stock"},"schema":{"@context":"https:\/\/schema.org","@graph":[{"@type":"WebPage","@id":"https:\/\/www.au-palais-sucre.com\/index.php\/produit\/redbull-acai-usa-250ml\/","url":"https:\/\/www.au-palais-sucre.com\/index.php\/produit\/redbull-acai-usa-250ml\/","name":"RedBull Acai USA 250ml - Au Palais Sucr\u00e9","isPartOf":{"@id":"https:\/\/www.au-palais-sucre.com\/#website"},"primaryImageOfPage":{"@id":"https:\/\/www.au-palais-sucre.com\/index.php\/produit\/redbull-acai-usa-250ml\/#primaryimage"},"image":{"@id":"https:\/\/www.au-palais-sucre.com\/index.php\/produit\/redbull-acai-usa-250ml\/#primaryimage"},"thumbnailUrl":"https:\/\/www.au-palais-sucre.com\/wp-content\/uploads\/2023\/07\/RedBull-Acai-USA-25cl.jpg","datePublished":"2023-07-05T22:14:13+00:00","dateModified":"2025-11-06T14:18:40+00:00","description":"D\u00e9couvrez Red Bull Acai, la boisson \u00e9nergisante de qualit\u00e9 sup\u00e9rieure qui conna\u00eet un succ\u00e8s fulgurant. Originaire de contr\u00e9es lointaines, cette boisson unique m\u00eale l'authenticit\u00e9 des baies d'aca\u00ef \u00e0 la puissance revigorante de Red Bull. Savourez le mariage parfait de la saveur fruit\u00e9e et exotique de l'aca\u00ef avec l'effet stimulant de Red Bull. Red Bull Acai est devenue la r\u00e9f\u00e9rence incontest\u00e9e des boissons \u00e9nergisantes, offrant une exp\u00e9rience gustative exceptionnelle associ\u00e9e \u00e0 une mont\u00e9e d'\u00e9nergie instantan\u00e9e. Plongez dans le monde de Red Bull Acai et d\u00e9couvrez pourquoi cette boisson est pl\u00e9biscit\u00e9e \u00e0 travers le monde. Commandez d\u00e8s maintenant votre Red Bull Acai et vivez une exp\u00e9rience unique alliant qualit\u00e9, provenance et succ\u00e8s.","breadcrumb":{"@id":"https:\/\/www.au-palais-sucre.com\/index.php\/produit\/redbull-acai-usa-250ml\/#breadcrumb"},"inLanguage":"fr-FR","potentialAction":[{"@type":"ReadAction","target":["https:\/\/www.au-palais-sucre.com\/index.php\/produit\/redbull-acai-usa-250ml\/"]}]},{"@type":"ImageObject","inLanguage":"fr-FR","@id":"https:\/\/www.au-palais-sucre.com\/index.php\/produit\/redbull-acai-usa-250ml\/#primaryimage","url":"https:\/\/www.au-palais-sucre.com\/wp-content\/uploads\/2023\/07\/RedBull-Acai-USA-25cl.jpg","contentUrl":"https:\/\/www.au-palais-sucre.com\/wp-content\/uploads\/2023\/07\/RedBull-Acai-USA-25cl.jpg","width":500,"height":500},{"@type":"BreadcrumbList","@id":"https:\/\/www.au-palais-sucre.com\/index.php\/produit\/redbull-acai-usa-250ml\/#breadcrumb","itemListElement":[{"@type":"ListItem","position":1,"name":"Boutique","item":"https:\/\/www.au-palais-sucre.com\/index.php\/shop\/"},{"@type":"ListItem","position":2,"name":"RedBull Acai USA 250ml"}]},{"@type":"WebSite","@id":"https:\/\/www.au-palais-sucre.com\/#website","url":"https:\/\/www.au-palais-sucre.com\/","name":"Au Palais Sucr\u00e9","description":"Arrivage permanent de nouveaux produits..","publisher":{"@id":"https:\/\/www.au-palais-sucre.com\/#organization"},"potentialAction":[{"@type":"SearchAction","target":{"@type":"EntryPoint","urlTemplate":"https:\/\/www.au-palais-sucre.com\/?s={search_term_string}"},"query-input":{"@type":"PropertyValueSpecification","valueRequired":true,"valueName":"search_term_string"}}],"inLanguage":"fr-FR"},{"@type":"Organization","@id":"https:\/\/www.au-palais-sucre.com\/#organization","name":"Au Palais Sucr\u00e9","url":"https:\/\/www.au-palais-sucre.com\/","logo":{"@type":"ImageObject","inLanguage":"fr-FR","@id":"https:\/\/www.au-palais-sucre.com\/#\/schema\/logo\/image\/","url":"https:\/\/www.au-palais-sucre.com\/wp-content\/uploads\/2023\/06\/cropped-Logo-blanc_prev_ui.png","contentUrl":"https:\/\/www.au-palais-sucre.com\/wp-content\/uploads\/2023\/06\/cropped-Logo-blanc_prev_ui.png","width":567,"height":440,"caption":"Au Palais Sucr\u00e9"},"image":{"@id":"https:\/\/www.au-palais-sucre.com\/#\/schema\/logo\/image\/"},"sameAs":["https:\/\/www.facebook.com\/people\/Au-Palais-Sucr\/pfbid0xHg32QqsqJkkArCjoHQ6aaknwKMjtXgSnFxn2J3iXRfcnKZoBnYZT1GMsdL8xcPUl\/"]}]},"product_price_amount":"3.00","product_price_currency":"EUR","og_availability":"out of stock","product_availability":"out of stock","product_retailer_item_id":"ASPBOIS37","product_condition":"new"},"_links":{"self":[{"href":"https:\/\/www.au-palais-sucre.com\/index.php\/wp-json\/wp\/v2\/product\/3491","targetHints":{"allow":["GET"]}}],"collection":[{"href":"https:\/\/www.au-palais-sucre.com\/index.php\/wp-json\/wp\/v2\/product"}],"about":[{"href":"https:\/\/www.au-palais-sucre.com\/index.php\/wp-json\/wp\/v2\/types\/product"}],"replies":[{"embeddable":true,"href":"https:\/\/www.au-palais-sucre.com\/index.php\/wp-json\/wp\/v2\/comments?post=3491"}],"version-history":[{"count":2,"href":"https:\/\/www.au-palais-sucre.com\/index.php\/wp-json\/wp\/v2\/product\/3491\/revisions"}],"predecessor-version":[{"id":6112,"href":"https:\/\/www.au-palais-sucre.com\/index.php\/wp-json\/wp\/v2\/product\/3491\/revisions\/6112"}],"wp:featuredmedia":[{"embeddable":true,"href":"https:\/\/www.au-palais-sucre.com\/index.php\/wp-json\/wp\/v2\/media\/3492"}],"wp:attachment":[{"href":"https:\/\/www.au-palais-sucre.com\/index.php\/wp-json\/wp\/v2\/media?parent=3491"}],"wp:term":[{"taxonomy":"product_brand","embeddable":true,"href":"https:\/\/www.au-palais-sucre.com\/index.php\/wp-json\/wp\/v2\/product_brand?post=3491"},{"taxonomy":"product_cat","embeddable":true,"href":"https:\/\/www.au-palais-sucre.com\/index.php\/wp-json\/wp\/v2\/product_cat?post=3491"},{"taxonomy":"product_tag","embeddable":true,"href":"https:\/\/www.au-palais-sucre.com\/index.php\/wp-json\/wp\/v2\/product_tag?post=3491"}],"curies":[{"name":"wp","href":"https:\/\/api.w.org\/{rel}","templated":true}]}}