{"id":3647,"date":"2023-07-15T11:30:11","date_gmt":"2023-07-15T09:30:11","guid":{"rendered":"https:\/\/www.au-palais-sucre.com\/?post_type=product&#038;p=3647"},"modified":"2025-11-06T15:06:37","modified_gmt":"2025-11-06T14:06:37","slug":"sucette-pied-poudre-25-gr-sans-gluten","status":"publish","type":"product","link":"https:\/\/www.au-palais-sucre.com\/index.php\/produit\/sucette-pied-poudre-25-gr-sans-gluten\/","title":{"rendered":"Sucette Pied &amp; Poudre 25 gr (sans gluten)"},"content":{"rendered":"<h1>Sucette Pied &amp; Poudre 25 gr (sans gluten)<\/h1>\n<p>D\u00e9couvrez la sucette en forme de pied, un d\u00e9lice ludique qui ne manquera pas de surprendre vos papilles ! Plongez ce pied acidul\u00e9 dans notre poudre effervescente et pr\u00e9parez-vous \u00e0 une explosion de saveurs. Sa combinaison unique de douceur et d&rsquo;acidit\u00e9 saura \u00e9gayer vos papilles et \u00e9merveiller vos sens. De plus, cette sucette est connue pour sa capacit\u00e9 \u00e0 colorer la langue, ajoutant une touche de fantaisie \u00e0 chaque d\u00e9gustation. Son origine de qualit\u00e9 garantit une exp\u00e9rience gustative exceptionnelle, tandis que sa popularit\u00e9 grandissante en fait un choix incontournable parmi les amateurs de friandises. Succombez \u00e0 l&rsquo;attrait de cette sucette originale et amusante, et laissez-vous emporter par le plaisir sucr\u00e9 qu&rsquo;elle offre. Commandez d\u00e8s maintenant votre sucette Pied &amp; Poudre et pr\u00e9parez-vous \u00e0 une exp\u00e9rience gustative unique et d\u00e9licieusement color\u00e9e !<\/p>\n<p><strong>Tous nos produits b\u00e9n\u00e9ficient d\u2019une DDM de plusieurs mois.<\/strong><br \/>\n<strong>DDM = Date de Durabilit\u00e9 Minimale, anciennement DLUO.<\/strong><\/p>\n<p>&nbsp;<\/p>\n<h3>Ingr\u00e9dients de Sucette Pied &amp; Poudre (sans gluten)<\/h3>\n<p><b>Ingr\u00e9dients(Cola et fruits des bois<\/b><b>)<\/b><strong>\u00a0:\u00a0<\/strong>Sucre, sirop de glucose, dextrose, acidifiant (acide critique), ar\u00f4mes et colorant (E-150d).<\/p>\n<p><strong>Ingr\u00e9dients(Cerise) :\u00a0<\/strong>Sucre, sirop de glucose, dextrose, acidifiant(acide critique, ar\u00f4mes et concentr\u00e9 de carotte et carthame.<\/p>\n<p><b>Ingr\u00e9dients(<\/b><b>American<\/b><b>\u00a0Flavour) :\u00a0<\/b>Sucre, sirop de glucose, dextrose, acidifiant(acide critique, ar\u00f4mes et colorants (E-129, E-133).<\/p>\n<p>&nbsp;<\/p>\n<h4>Les services AU PALAIS SUCRE<\/h4>\n<p>Nous sommes est un site de vente de <strong>bonbons<\/strong>, <strong>confiseries<\/strong>, <strong>boissons<\/strong>, <strong>chips<\/strong> et <strong>produits du monde<\/strong>,\u00a0 pour les particuliers, les associations et les entreprises.<\/p>\n<p><strong>AU PALAIS SUCRE\u00a0<\/strong> apporte \u00e9galement un vrai service , une livraison rapide et fiable, une pr\u00e9paration des commandes dans les 24h\/48h et un service clients joignable.<\/p>\n<p><strong>AU PALAIS SUCRE<\/strong> est votre destination pour des bonbons, confiseries, boissons, chips et produits du monde pour les particuliers, les associations et les entreprises. Nous offrons un choix vari\u00e9 de produits de qualit\u00e9 sup\u00e9rieure pour satisfaire tous les go\u00fbts et les besoins.<\/p>\n<p>Nous sommes fiers d\u2019offrir \u00e0 nos clients un service hors pair. Nous nous engageons \u00e0 pr\u00e9parer et exp\u00e9dier les commandes dans les 24h\/48h suivant l\u2019achat, pour une livraison rapide et fiable. De plus, notre \u00e9quipe de service clients est toujours disponible pour r\u00e9pondre \u00e0 vos questions et vous aider \u00e0 trouver le produit id\u00e9al pour vos besoins.<\/p>\n<p>Chez AU PALAIS SUCRE, nous sommes passionn\u00e9s par les bonbons et les confiseries, et nous sommes d\u00e9termin\u00e9s \u00e0 offrir \u00e0 nos clients une exp\u00e9rience de magasinage en ligne agr\u00e9able et sans stress. Nous sommes votre guichet unique pour tous vos besoins en sucreries et en produits du monde, et nous sommes impatients de vous servir d\u00e8s maintenant !<\/p>\n","protected":false},"excerpt":{"rendered":"<h1>Sucette Pied &amp; Poudre 25 gr (sans gluten)<\/h1>\n<p>D\u00e9couvrez la sucette en forme de pied, un d\u00e9lice ludique qui ne manquera pas de surprendre vos papilles ! Plongez ce pied acidul\u00e9 dans notre poudre effervescente et pr\u00e9parez-vous \u00e0 une explosion de saveurs. Sa combinaison unique de douceur et d&rsquo;acidit\u00e9 saura \u00e9gayer vos papilles et \u00e9merveiller vos sens. De plus, cette sucette est connue pour sa capacit\u00e9 \u00e0 colorer la langue, ajoutant une touche de fantaisie \u00e0 chaque d\u00e9gustation. Son origine de qualit\u00e9 garantit une exp\u00e9rience gustative exceptionnelle, tandis que sa popularit\u00e9 grandissante en fait un choix incontournable parmi les amateurs de friandises. Succombez \u00e0 l&rsquo;attrait de cette sucette originale et amusante, et laissez-vous emporter par le plaisir sucr\u00e9 qu&rsquo;elle offre. Commandez d\u00e8s maintenant votre sucette Pied &amp; Poudre et pr\u00e9parez-vous \u00e0 une exp\u00e9rience gustative unique et d\u00e9licieusement color\u00e9e !<\/p>\n<p><strong>Tous nos produits b\u00e9n\u00e9ficient d\u2019une DDM de plusieurs mois.<\/strong><br \/>\n<strong>DDM = Date de Durabilit\u00e9 Minimale, anciennement DLUO.<\/strong><\/p>\n","protected":false},"featured_media":3651,"comment_status":"open","ping_status":"closed","template":"","meta":{"ocean_post_layout":"","ocean_both_sidebars_style":"","ocean_both_sidebars_content_width":0,"ocean_both_sidebars_sidebars_width":0,"ocean_sidebar":"","ocean_second_sidebar":"","ocean_disable_margins":"enable","ocean_add_body_class":"","ocean_shortcode_before_top_bar":"","ocean_shortcode_after_top_bar":"","ocean_shortcode_before_header":"","ocean_shortcode_after_header":"","ocean_has_shortcode":"","ocean_shortcode_after_title":"","ocean_shortcode_before_footer_widgets":"","ocean_shortcode_after_footer_widgets":"","ocean_shortcode_before_footer_bottom":"","ocean_shortcode_after_footer_bottom":"","ocean_display_top_bar":"default","ocean_display_header":"default","ocean_header_style":"","ocean_center_header_left_menu":"","ocean_custom_header_template":"","ocean_custom_logo":0,"ocean_custom_retina_logo":0,"ocean_custom_logo_max_width":0,"ocean_custom_logo_tablet_max_width":0,"ocean_custom_logo_mobile_max_width":0,"ocean_custom_logo_max_height":0,"ocean_custom_logo_tablet_max_height":0,"ocean_custom_logo_mobile_max_height":0,"ocean_header_custom_menu":"","ocean_menu_typo_font_family":"","ocean_menu_typo_font_subset":"","ocean_menu_typo_font_size":0,"ocean_menu_typo_font_size_tablet":0,"ocean_menu_typo_font_size_mobile":0,"ocean_menu_typo_font_size_unit":"px","ocean_menu_typo_font_weight":"","ocean_menu_typo_font_weight_tablet":"","ocean_menu_typo_font_weight_mobile":"","ocean_menu_typo_transform":"","ocean_menu_typo_transform_tablet":"","ocean_menu_typo_transform_mobile":"","ocean_menu_typo_line_height":0,"ocean_menu_typo_line_height_tablet":0,"ocean_menu_typo_line_height_mobile":0,"ocean_menu_typo_line_height_unit":"","ocean_menu_typo_spacing":0,"ocean_menu_typo_spacing_tablet":0,"ocean_menu_typo_spacing_mobile":0,"ocean_menu_typo_spacing_unit":"","ocean_menu_link_color":"","ocean_menu_link_color_hover":"","ocean_menu_link_color_active":"","ocean_menu_link_background":"","ocean_menu_link_hover_background":"","ocean_menu_link_active_background":"","ocean_menu_social_links_bg":"","ocean_menu_social_hover_links_bg":"","ocean_menu_social_links_color":"","ocean_menu_social_hover_links_color":"","ocean_disable_title":"default","ocean_disable_heading":"default","ocean_post_title":"","ocean_post_subheading":"","ocean_post_title_style":"","ocean_post_title_background_color":"","ocean_post_title_background":0,"ocean_post_title_bg_image_position":"","ocean_post_title_bg_image_attachment":"","ocean_post_title_bg_image_repeat":"","ocean_post_title_bg_image_size":"","ocean_post_title_height":0,"ocean_post_title_bg_overlay":0.5,"ocean_post_title_bg_overlay_color":"","ocean_disable_breadcrumbs":"default","ocean_breadcrumbs_color":"","ocean_breadcrumbs_separator_color":"","ocean_breadcrumbs_links_color":"","ocean_breadcrumbs_links_hover_color":"","ocean_display_footer_widgets":"default","ocean_display_footer_bottom":"default","ocean_custom_footer_template":""},"product_brand":[],"product_cat":[27],"product_tag":[],"class_list":{"0":"post-3647","1":"product","2":"type-product","3":"status-publish","4":"has-post-thumbnail","6":"product_cat-bonbons-conditionnes","7":"pa_parfums-cola","8":"pa_parfums-explosion-de-baies","9":"pa_parfums-fruts-des-bois","11":"entry","12":"has-media","14":"first","15":"instock","16":"shipping-taxable","17":"purchasable","18":"product-type-variable","19":"has-product-nav","20":"col","21":"span_1_of_3","22":"owp-content-center","23":"owp-thumbs-layout-horizontal","24":"owp-btn-normal","25":"owp-tabs-layout-horizontal","26":"has-no-thumbnails"},"yoast_head":"<!-- This site is optimized with the Yoast SEO plugin v24.3 - https:\/\/yoast.com\/wordpress\/plugins\/seo\/ -->\n<title>Sucette Pied &amp; Poudre 25 gr (sans gluten) - Au Palais Sucr\u00e9<\/title>\n<meta name=\"description\" content=\"D\u00e9couvrez la sucette en forme de pied, un d\u00e9lice ludique qui \u00e9veillera vos sens ! Plongez ce pied acidul\u00e9 dans notre poudre effervescente pour une explosion de saveurs. Sa combinaison unique de douceur et d&#039;acidit\u00e9 ravira vos papilles et apportera une touche de fantaisie \u00e0 chaque d\u00e9gustation. Cette sucette est tr\u00e8s populaire et appr\u00e9ci\u00e9e par les amateurs de friandises. Son origine de qualit\u00e9 garantit une exp\u00e9rience gustative exceptionnelle. Succombez \u00e0 cette sucette originale et amusante et laissez-vous emporter par le plaisir sucr\u00e9 qu&#039;elle offre. Commandez d\u00e8s maintenant votre sucette Pied &amp; Poudre pour une exp\u00e9rience gustative unique et color\u00e9e !\" \/>\n<meta name=\"robots\" content=\"index, follow, max-snippet:-1, max-image-preview:large, max-video-preview:-1\" \/>\n<link rel=\"canonical\" href=\"https:\/\/www.au-palais-sucre.com\/index.php\/produit\/sucette-pied-poudre-25-gr-sans-gluten\/\" \/>\n<meta property=\"og:locale\" content=\"fr_FR\" \/>\n<meta property=\"og:type\" content=\"article\" \/>\n<meta property=\"og:title\" content=\"Sucette Pied &amp; Poudre 25 gr (sans gluten) - Au Palais Sucr\u00e9\" \/>\n<meta property=\"og:description\" content=\"D\u00e9couvrez la sucette en forme de pied, un d\u00e9lice ludique qui \u00e9veillera vos sens ! Plongez ce pied acidul\u00e9 dans notre poudre effervescente pour une explosion de saveurs. Sa combinaison unique de douceur et d&#039;acidit\u00e9 ravira vos papilles et apportera une touche de fantaisie \u00e0 chaque d\u00e9gustation. Cette sucette est tr\u00e8s populaire et appr\u00e9ci\u00e9e par les amateurs de friandises. Son origine de qualit\u00e9 garantit une exp\u00e9rience gustative exceptionnelle. Succombez \u00e0 cette sucette originale et amusante et laissez-vous emporter par le plaisir sucr\u00e9 qu&#039;elle offre. Commandez d\u00e8s maintenant votre sucette Pied &amp; Poudre pour une exp\u00e9rience gustative unique et color\u00e9e !\" \/>\n<meta property=\"og:url\" content=\"https:\/\/www.au-palais-sucre.com\/index.php\/produit\/sucette-pied-poudre-25-gr-sans-gluten\/\" \/>\n<meta property=\"og:site_name\" content=\"Au Palais Sucr\u00e9\" \/>\n<meta property=\"article:publisher\" content=\"https:\/\/www.facebook.com\/people\/Au-Palais-Sucr\/pfbid0xHg32QqsqJkkArCjoHQ6aaknwKMjtXgSnFxn2J3iXRfcnKZoBnYZT1GMsdL8xcPUl\/\" \/>\n<meta property=\"article:modified_time\" content=\"2025-11-06T14:06:37+00:00\" \/>\n<meta property=\"og:image\" content=\"https:\/\/www.au-palais-sucre.com\/wp-content\/uploads\/2023\/07\/Sucette-pied-sans-gluten-25-gr.jpg\" \/>\n\t<meta property=\"og:image:width\" content=\"500\" \/>\n\t<meta property=\"og:image:height\" content=\"500\" \/>\n\t<meta property=\"og:image:type\" content=\"image\/jpeg\" \/>\n<meta name=\"twitter:card\" content=\"summary_large_image\" \/>\n<meta name=\"twitter:label1\" content=\"Disponibilit\u00e9\" \/>\n\t<meta name=\"twitter:data1\" content=\"En stock\" \/>\n<script type=\"application\/ld+json\" class=\"yoast-schema-graph\">{\"@context\":\"https:\/\/schema.org\",\"@graph\":[{\"@type\":\"WebPage\",\"@id\":\"https:\/\/www.au-palais-sucre.com\/index.php\/produit\/sucette-pied-poudre-25-gr-sans-gluten\/\",\"url\":\"https:\/\/www.au-palais-sucre.com\/index.php\/produit\/sucette-pied-poudre-25-gr-sans-gluten\/\",\"name\":\"Sucette Pied &amp; Poudre 25 gr (sans gluten) - Au Palais Sucr\u00e9\",\"isPartOf\":{\"@id\":\"https:\/\/www.au-palais-sucre.com\/#website\"},\"primaryImageOfPage\":{\"@id\":\"https:\/\/www.au-palais-sucre.com\/index.php\/produit\/sucette-pied-poudre-25-gr-sans-gluten\/#primaryimage\"},\"image\":{\"@id\":\"https:\/\/www.au-palais-sucre.com\/index.php\/produit\/sucette-pied-poudre-25-gr-sans-gluten\/#primaryimage\"},\"thumbnailUrl\":\"https:\/\/www.au-palais-sucre.com\/wp-content\/uploads\/2023\/07\/Sucette-pied-sans-gluten-25-gr.jpg\",\"datePublished\":\"2023-07-15T09:30:11+00:00\",\"dateModified\":\"2025-11-06T14:06:37+00:00\",\"description\":\"D\u00e9couvrez la sucette en forme de pied, un d\u00e9lice ludique qui \u00e9veillera vos sens ! Plongez ce pied acidul\u00e9 dans notre poudre effervescente pour une explosion de saveurs. Sa combinaison unique de douceur et d'acidit\u00e9 ravira vos papilles et apportera une touche de fantaisie \u00e0 chaque d\u00e9gustation. Cette sucette est tr\u00e8s populaire et appr\u00e9ci\u00e9e par les amateurs de friandises. Son origine de qualit\u00e9 garantit une exp\u00e9rience gustative exceptionnelle. Succombez \u00e0 cette sucette originale et amusante et laissez-vous emporter par le plaisir sucr\u00e9 qu'elle offre. Commandez d\u00e8s maintenant votre sucette Pied & Poudre pour une exp\u00e9rience gustative unique et color\u00e9e !\",\"breadcrumb\":{\"@id\":\"https:\/\/www.au-palais-sucre.com\/index.php\/produit\/sucette-pied-poudre-25-gr-sans-gluten\/#breadcrumb\"},\"inLanguage\":\"fr-FR\",\"potentialAction\":[{\"@type\":\"ReadAction\",\"target\":[\"https:\/\/www.au-palais-sucre.com\/index.php\/produit\/sucette-pied-poudre-25-gr-sans-gluten\/\"]}]},{\"@type\":\"ImageObject\",\"inLanguage\":\"fr-FR\",\"@id\":\"https:\/\/www.au-palais-sucre.com\/index.php\/produit\/sucette-pied-poudre-25-gr-sans-gluten\/#primaryimage\",\"url\":\"https:\/\/www.au-palais-sucre.com\/wp-content\/uploads\/2023\/07\/Sucette-pied-sans-gluten-25-gr.jpg\",\"contentUrl\":\"https:\/\/www.au-palais-sucre.com\/wp-content\/uploads\/2023\/07\/Sucette-pied-sans-gluten-25-gr.jpg\",\"width\":500,\"height\":500},{\"@type\":\"BreadcrumbList\",\"@id\":\"https:\/\/www.au-palais-sucre.com\/index.php\/produit\/sucette-pied-poudre-25-gr-sans-gluten\/#breadcrumb\",\"itemListElement\":[{\"@type\":\"ListItem\",\"position\":1,\"name\":\"Boutique\",\"item\":\"https:\/\/www.au-palais-sucre.com\/index.php\/shop\/\"},{\"@type\":\"ListItem\",\"position\":2,\"name\":\"Sucette Pied &amp; Poudre 25 gr (sans gluten)\"}]},{\"@type\":\"WebSite\",\"@id\":\"https:\/\/www.au-palais-sucre.com\/#website\",\"url\":\"https:\/\/www.au-palais-sucre.com\/\",\"name\":\"Au Palais Sucr\u00e9\",\"description\":\"Arrivage permanent de nouveaux produits..\",\"publisher\":{\"@id\":\"https:\/\/www.au-palais-sucre.com\/#organization\"},\"potentialAction\":[{\"@type\":\"SearchAction\",\"target\":{\"@type\":\"EntryPoint\",\"urlTemplate\":\"https:\/\/www.au-palais-sucre.com\/?s={search_term_string}\"},\"query-input\":{\"@type\":\"PropertyValueSpecification\",\"valueRequired\":true,\"valueName\":\"search_term_string\"}}],\"inLanguage\":\"fr-FR\"},{\"@type\":\"Organization\",\"@id\":\"https:\/\/www.au-palais-sucre.com\/#organization\",\"name\":\"Au Palais Sucr\u00e9\",\"url\":\"https:\/\/www.au-palais-sucre.com\/\",\"logo\":{\"@type\":\"ImageObject\",\"inLanguage\":\"fr-FR\",\"@id\":\"https:\/\/www.au-palais-sucre.com\/#\/schema\/logo\/image\/\",\"url\":\"https:\/\/www.au-palais-sucre.com\/wp-content\/uploads\/2023\/06\/cropped-Logo-blanc_prev_ui.png\",\"contentUrl\":\"https:\/\/www.au-palais-sucre.com\/wp-content\/uploads\/2023\/06\/cropped-Logo-blanc_prev_ui.png\",\"width\":567,\"height\":440,\"caption\":\"Au Palais Sucr\u00e9\"},\"image\":{\"@id\":\"https:\/\/www.au-palais-sucre.com\/#\/schema\/logo\/image\/\"},\"sameAs\":[\"https:\/\/www.facebook.com\/people\/Au-Palais-Sucr\/pfbid0xHg32QqsqJkkArCjoHQ6aaknwKMjtXgSnFxn2J3iXRfcnKZoBnYZT1GMsdL8xcPUl\/\"]}]}<\/script>\n<meta property=\"og:availability\" content=\"instock\" \/>\n<meta property=\"product:availability\" content=\"instock\" \/>\n<meta property=\"product:retailer_item_id\" content=\"ASPBCON62\" \/>\n<meta property=\"product:condition\" content=\"new\" \/>\n<!-- \/ Yoast SEO plugin. -->","yoast_head_json":{"title":"Sucette Pied &amp; Poudre 25 gr (sans gluten) - Au Palais Sucr\u00e9","description":"D\u00e9couvrez la sucette en forme de pied, un d\u00e9lice ludique qui \u00e9veillera vos sens ! Plongez ce pied acidul\u00e9 dans notre poudre effervescente pour une explosion de saveurs. Sa combinaison unique de douceur et d'acidit\u00e9 ravira vos papilles et apportera une touche de fantaisie \u00e0 chaque d\u00e9gustation. Cette sucette est tr\u00e8s populaire et appr\u00e9ci\u00e9e par les amateurs de friandises. Son origine de qualit\u00e9 garantit une exp\u00e9rience gustative exceptionnelle. Succombez \u00e0 cette sucette originale et amusante et laissez-vous emporter par le plaisir sucr\u00e9 qu'elle offre. Commandez d\u00e8s maintenant votre sucette Pied & Poudre pour une exp\u00e9rience gustative unique et color\u00e9e !","robots":{"index":"index","follow":"follow","max-snippet":"max-snippet:-1","max-image-preview":"max-image-preview:large","max-video-preview":"max-video-preview:-1"},"canonical":"https:\/\/www.au-palais-sucre.com\/index.php\/produit\/sucette-pied-poudre-25-gr-sans-gluten\/","og_locale":"fr_FR","og_type":"article","og_title":"Sucette Pied &amp; Poudre 25 gr (sans gluten) - Au Palais Sucr\u00e9","og_description":"D\u00e9couvrez la sucette en forme de pied, un d\u00e9lice ludique qui \u00e9veillera vos sens ! Plongez ce pied acidul\u00e9 dans notre poudre effervescente pour une explosion de saveurs. Sa combinaison unique de douceur et d'acidit\u00e9 ravira vos papilles et apportera une touche de fantaisie \u00e0 chaque d\u00e9gustation. Cette sucette est tr\u00e8s populaire et appr\u00e9ci\u00e9e par les amateurs de friandises. Son origine de qualit\u00e9 garantit une exp\u00e9rience gustative exceptionnelle. Succombez \u00e0 cette sucette originale et amusante et laissez-vous emporter par le plaisir sucr\u00e9 qu'elle offre. Commandez d\u00e8s maintenant votre sucette Pied & Poudre pour une exp\u00e9rience gustative unique et color\u00e9e !","og_url":"https:\/\/www.au-palais-sucre.com\/index.php\/produit\/sucette-pied-poudre-25-gr-sans-gluten\/","og_site_name":"Au Palais Sucr\u00e9","article_publisher":"https:\/\/www.facebook.com\/people\/Au-Palais-Sucr\/pfbid0xHg32QqsqJkkArCjoHQ6aaknwKMjtXgSnFxn2J3iXRfcnKZoBnYZT1GMsdL8xcPUl\/","article_modified_time":"2025-11-06T14:06:37+00:00","og_image":[{"width":500,"height":500,"url":"https:\/\/www.au-palais-sucre.com\/wp-content\/uploads\/2023\/07\/Sucette-pied-sans-gluten-25-gr.jpg","type":"image\/jpeg"}],"twitter_card":"summary_large_image","twitter_misc":{"Disponibilit\u00e9":"En stock"},"schema":{"@context":"https:\/\/schema.org","@graph":[{"@type":"WebPage","@id":"https:\/\/www.au-palais-sucre.com\/index.php\/produit\/sucette-pied-poudre-25-gr-sans-gluten\/","url":"https:\/\/www.au-palais-sucre.com\/index.php\/produit\/sucette-pied-poudre-25-gr-sans-gluten\/","name":"Sucette Pied &amp; Poudre 25 gr (sans gluten) - Au Palais Sucr\u00e9","isPartOf":{"@id":"https:\/\/www.au-palais-sucre.com\/#website"},"primaryImageOfPage":{"@id":"https:\/\/www.au-palais-sucre.com\/index.php\/produit\/sucette-pied-poudre-25-gr-sans-gluten\/#primaryimage"},"image":{"@id":"https:\/\/www.au-palais-sucre.com\/index.php\/produit\/sucette-pied-poudre-25-gr-sans-gluten\/#primaryimage"},"thumbnailUrl":"https:\/\/www.au-palais-sucre.com\/wp-content\/uploads\/2023\/07\/Sucette-pied-sans-gluten-25-gr.jpg","datePublished":"2023-07-15T09:30:11+00:00","dateModified":"2025-11-06T14:06:37+00:00","description":"D\u00e9couvrez la sucette en forme de pied, un d\u00e9lice ludique qui \u00e9veillera vos sens ! Plongez ce pied acidul\u00e9 dans notre poudre effervescente pour une explosion de saveurs. Sa combinaison unique de douceur et d'acidit\u00e9 ravira vos papilles et apportera une touche de fantaisie \u00e0 chaque d\u00e9gustation. Cette sucette est tr\u00e8s populaire et appr\u00e9ci\u00e9e par les amateurs de friandises. Son origine de qualit\u00e9 garantit une exp\u00e9rience gustative exceptionnelle. Succombez \u00e0 cette sucette originale et amusante et laissez-vous emporter par le plaisir sucr\u00e9 qu'elle offre. Commandez d\u00e8s maintenant votre sucette Pied & Poudre pour une exp\u00e9rience gustative unique et color\u00e9e !","breadcrumb":{"@id":"https:\/\/www.au-palais-sucre.com\/index.php\/produit\/sucette-pied-poudre-25-gr-sans-gluten\/#breadcrumb"},"inLanguage":"fr-FR","potentialAction":[{"@type":"ReadAction","target":["https:\/\/www.au-palais-sucre.com\/index.php\/produit\/sucette-pied-poudre-25-gr-sans-gluten\/"]}]},{"@type":"ImageObject","inLanguage":"fr-FR","@id":"https:\/\/www.au-palais-sucre.com\/index.php\/produit\/sucette-pied-poudre-25-gr-sans-gluten\/#primaryimage","url":"https:\/\/www.au-palais-sucre.com\/wp-content\/uploads\/2023\/07\/Sucette-pied-sans-gluten-25-gr.jpg","contentUrl":"https:\/\/www.au-palais-sucre.com\/wp-content\/uploads\/2023\/07\/Sucette-pied-sans-gluten-25-gr.jpg","width":500,"height":500},{"@type":"BreadcrumbList","@id":"https:\/\/www.au-palais-sucre.com\/index.php\/produit\/sucette-pied-poudre-25-gr-sans-gluten\/#breadcrumb","itemListElement":[{"@type":"ListItem","position":1,"name":"Boutique","item":"https:\/\/www.au-palais-sucre.com\/index.php\/shop\/"},{"@type":"ListItem","position":2,"name":"Sucette Pied &amp; Poudre 25 gr (sans gluten)"}]},{"@type":"WebSite","@id":"https:\/\/www.au-palais-sucre.com\/#website","url":"https:\/\/www.au-palais-sucre.com\/","name":"Au Palais Sucr\u00e9","description":"Arrivage permanent de nouveaux produits..","publisher":{"@id":"https:\/\/www.au-palais-sucre.com\/#organization"},"potentialAction":[{"@type":"SearchAction","target":{"@type":"EntryPoint","urlTemplate":"https:\/\/www.au-palais-sucre.com\/?s={search_term_string}"},"query-input":{"@type":"PropertyValueSpecification","valueRequired":true,"valueName":"search_term_string"}}],"inLanguage":"fr-FR"},{"@type":"Organization","@id":"https:\/\/www.au-palais-sucre.com\/#organization","name":"Au Palais Sucr\u00e9","url":"https:\/\/www.au-palais-sucre.com\/","logo":{"@type":"ImageObject","inLanguage":"fr-FR","@id":"https:\/\/www.au-palais-sucre.com\/#\/schema\/logo\/image\/","url":"https:\/\/www.au-palais-sucre.com\/wp-content\/uploads\/2023\/06\/cropped-Logo-blanc_prev_ui.png","contentUrl":"https:\/\/www.au-palais-sucre.com\/wp-content\/uploads\/2023\/06\/cropped-Logo-blanc_prev_ui.png","width":567,"height":440,"caption":"Au Palais Sucr\u00e9"},"image":{"@id":"https:\/\/www.au-palais-sucre.com\/#\/schema\/logo\/image\/"},"sameAs":["https:\/\/www.facebook.com\/people\/Au-Palais-Sucr\/pfbid0xHg32QqsqJkkArCjoHQ6aaknwKMjtXgSnFxn2J3iXRfcnKZoBnYZT1GMsdL8xcPUl\/"]}]},"og_availability":"instock","product_availability":"instock","product_retailer_item_id":"ASPBCON62","product_condition":"new"},"_links":{"self":[{"href":"https:\/\/www.au-palais-sucre.com\/index.php\/wp-json\/wp\/v2\/product\/3647","targetHints":{"allow":["GET"]}}],"collection":[{"href":"https:\/\/www.au-palais-sucre.com\/index.php\/wp-json\/wp\/v2\/product"}],"about":[{"href":"https:\/\/www.au-palais-sucre.com\/index.php\/wp-json\/wp\/v2\/types\/product"}],"replies":[{"embeddable":true,"href":"https:\/\/www.au-palais-sucre.com\/index.php\/wp-json\/wp\/v2\/comments?post=3647"}],"version-history":[{"count":1,"href":"https:\/\/www.au-palais-sucre.com\/index.php\/wp-json\/wp\/v2\/product\/3647\/revisions"}],"predecessor-version":[{"id":6217,"href":"https:\/\/www.au-palais-sucre.com\/index.php\/wp-json\/wp\/v2\/product\/3647\/revisions\/6217"}],"wp:featuredmedia":[{"embeddable":true,"href":"https:\/\/www.au-palais-sucre.com\/index.php\/wp-json\/wp\/v2\/media\/3651"}],"wp:attachment":[{"href":"https:\/\/www.au-palais-sucre.com\/index.php\/wp-json\/wp\/v2\/media?parent=3647"}],"wp:term":[{"taxonomy":"product_brand","embeddable":true,"href":"https:\/\/www.au-palais-sucre.com\/index.php\/wp-json\/wp\/v2\/product_brand?post=3647"},{"taxonomy":"product_cat","embeddable":true,"href":"https:\/\/www.au-palais-sucre.com\/index.php\/wp-json\/wp\/v2\/product_cat?post=3647"},{"taxonomy":"product_tag","embeddable":true,"href":"https:\/\/www.au-palais-sucre.com\/index.php\/wp-json\/wp\/v2\/product_tag?post=3647"}],"curies":[{"name":"wp","href":"https:\/\/api.w.org\/{rel}","templated":true}]}}