{"id":3661,"date":"2023-07-16T16:45:26","date_gmt":"2023-07-16T14:45:26","guid":{"rendered":"https:\/\/www.au-palais-sucre.com\/?post_type=product&#038;p=3661"},"modified":"2025-06-19T16:19:34","modified_gmt":"2025-06-19T14:19:34","slug":"chewin-gum-super-10-20gr-sans-colorants-artificiels","status":"publish","type":"product","link":"https:\/\/www.au-palais-sucre.com\/index.php\/produit\/chewin-gum-super-10-20gr-sans-colorants-artificiels\/","title":{"rendered":"Chewing-gum super 10 ,20gr (sans colorants artificiels)"},"content":{"rendered":"<h1>Chewing-gum super 10 ,20gr (sans colorants artificiels)<\/h1>\n<p>D\u00e9couvrez le Chewing-gum Super 10, un incontournable au succ\u00e8s mondial. Originaire des \u00c9tats-Unis, ce chewing-gum est connu pour sa popularit\u00e9 grandissante. Sa saveur unique et rafra\u00eechissante vous offre une explosion de fra\u00eecheur \u00e0 chaque bouch\u00e9e. Le Chewing-gum Super 10 est appr\u00e9ci\u00e9 par les amateurs de chewing-gum du monde entier pour son go\u00fbt intense et sa longue dur\u00e9e de saveur. Son succ\u00e8s est d\u00fb \u00e0 sa qualit\u00e9 exceptionnelle et \u00e0 son format pratique. Profitez de l&rsquo;exp\u00e9rience rafra\u00eechissante du Chewing-gum Super 10 et d\u00e9couvrez pourquoi il est devenu un favori des consommateurs. Commandez d\u00e8s maintenant et offrez-vous un moment de fra\u00eecheur incomparable avec le Chewing-gum Super 10.<\/p>\n<p><strong>Tous nos produits b\u00e9n\u00e9ficient d\u2019une DDM de plusieurs mois.<\/strong><br \/>\n<strong>DDM = Date de Durabilit\u00e9 Minimale, anciennement DLUO.<\/strong><\/p>\n<h3>Ingr\u00e9dients de Chewing-gum super 10<\/h3>\n<p>Sucre, sirop de glucose, gomme base, ar\u00f4me, anti-oxyg\u00e8ne : BHT, acide ascorbique, acidifiants : acide citrique, colorants curcumine; carmin naturels; carot\u00e9noides, anthocyanes, agent d\u2019enrobage : cire de carnauba.<\/p>\n<h4>Les services AU PALAIS SUCRE<\/h4>\n<p>Nous sommes est un site de vente de <strong>bonbons<\/strong>, <strong>confiseries<\/strong>, <strong>boissons<\/strong>, <strong>chips<\/strong> et <strong>produits du monde<\/strong>,\u00a0 pour les particuliers, les associations et les entreprises.<\/p>\n<p><strong>AU PALAIS SUCRE\u00a0<\/strong> apporte \u00e9galement un vrai service , une livraison rapide et fiable, une pr\u00e9paration des commandes dans les 24h\/48h et un service clients joignable.<\/p>\n<p><strong>AU PALAIS SUCRE<\/strong> est votre destination pour des bonbons, confiseries, boissons, chips et produits du monde pour les particuliers, les associations et les entreprises. Nous offrons un choix vari\u00e9 de produits de qualit\u00e9 sup\u00e9rieure pour satisfaire tous les go\u00fbts et les besoins.<\/p>\n<p>Nous sommes fiers d\u2019offrir \u00e0 nos clients un service hors pair. Nous nous engageons \u00e0 pr\u00e9parer et exp\u00e9dier les commandes dans les 24h\/48h suivant l\u2019achat, pour une livraison rapide et fiable. De plus, notre \u00e9quipe de service clients est toujours disponible pour r\u00e9pondre \u00e0 vos questions et vous aider \u00e0 trouver le produit id\u00e9al pour vos besoins.<\/p>\n<p>Chez AU PALAIS SUCRE, nous sommes passionn\u00e9s par les bonbons et les confiseries, et nous sommes d\u00e9termin\u00e9s \u00e0 offrir \u00e0 nos clients une exp\u00e9rience de magasinage en ligne agr\u00e9able et sans stress. Nous sommes votre guichet unique pour tous vos besoins en sucreries et en produits du monde, et nous sommes impatients de vous servir d\u00e8s maintenant !<\/p>\n","protected":false},"excerpt":{"rendered":"<h1>Chewing-gum super 10 ,20gr (sans colorants artificiels)<\/h1>\n<p>D\u00e9couvrez le Chewing-gum Super 10, un incontournable au succ\u00e8s mondial. Originaire des \u00c9tats-Unis, ce chewing-gum est connu pour sa popularit\u00e9 grandissante. Sa saveur unique et rafra\u00eechissante vous offre une explosion de fra\u00eecheur \u00e0 chaque bouch\u00e9e. Le Chewing-gum Super 10 est appr\u00e9ci\u00e9 par les amateurs de chewing-gum du monde entier pour son go\u00fbt intense et sa longue dur\u00e9e de saveur. Son succ\u00e8s est d\u00fb \u00e0 sa qualit\u00e9 exceptionnelle et \u00e0 son format pratique. Profitez de l&rsquo;exp\u00e9rience rafra\u00eechissante du Chewing-gum Super 10 et d\u00e9couvrez pourquoi il est devenu un favori des consommateurs. Commandez d\u00e8s maintenant et offrez-vous un moment de fra\u00eecheur incomparable avec le Chewing-gum Super 10.<\/p>\n<p><strong>Tous nos produits b\u00e9n\u00e9ficient d\u2019une DDM de plusieurs mois.<\/strong><br \/>\n<strong>DDM = Date de Durabilit\u00e9 Minimale, anciennement DLUO.<\/strong><\/p>\n","protected":false},"featured_media":3662,"comment_status":"open","ping_status":"closed","template":"","meta":{"ocean_post_layout":"","ocean_both_sidebars_style":"","ocean_both_sidebars_content_width":0,"ocean_both_sidebars_sidebars_width":0,"ocean_sidebar":"0","ocean_second_sidebar":"0","ocean_disable_margins":"enable","ocean_add_body_class":"","ocean_shortcode_before_top_bar":"","ocean_shortcode_after_top_bar":"","ocean_shortcode_before_header":"","ocean_shortcode_after_header":"","ocean_has_shortcode":"","ocean_shortcode_after_title":"","ocean_shortcode_before_footer_widgets":"","ocean_shortcode_after_footer_widgets":"","ocean_shortcode_before_footer_bottom":"","ocean_shortcode_after_footer_bottom":"","ocean_display_top_bar":"default","ocean_display_header":"default","ocean_header_style":"","ocean_center_header_left_menu":"0","ocean_custom_header_template":"0","ocean_custom_logo":0,"ocean_custom_retina_logo":0,"ocean_custom_logo_max_width":0,"ocean_custom_logo_tablet_max_width":0,"ocean_custom_logo_mobile_max_width":0,"ocean_custom_logo_max_height":0,"ocean_custom_logo_tablet_max_height":0,"ocean_custom_logo_mobile_max_height":0,"ocean_header_custom_menu":"0","ocean_menu_typo_font_family":"0","ocean_menu_typo_font_subset":"","ocean_menu_typo_font_size":0,"ocean_menu_typo_font_size_tablet":0,"ocean_menu_typo_font_size_mobile":0,"ocean_menu_typo_font_size_unit":"px","ocean_menu_typo_font_weight":"","ocean_menu_typo_font_weight_tablet":"","ocean_menu_typo_font_weight_mobile":"","ocean_menu_typo_transform":"","ocean_menu_typo_transform_tablet":"","ocean_menu_typo_transform_mobile":"","ocean_menu_typo_line_height":0,"ocean_menu_typo_line_height_tablet":0,"ocean_menu_typo_line_height_mobile":0,"ocean_menu_typo_line_height_unit":"","ocean_menu_typo_spacing":0,"ocean_menu_typo_spacing_tablet":0,"ocean_menu_typo_spacing_mobile":0,"ocean_menu_typo_spacing_unit":"","ocean_menu_link_color":"","ocean_menu_link_color_hover":"","ocean_menu_link_color_active":"","ocean_menu_link_background":"","ocean_menu_link_hover_background":"","ocean_menu_link_active_background":"","ocean_menu_social_links_bg":"","ocean_menu_social_hover_links_bg":"","ocean_menu_social_links_color":"","ocean_menu_social_hover_links_color":"","ocean_disable_title":"default","ocean_disable_heading":"default","ocean_post_title":"","ocean_post_subheading":"","ocean_post_title_style":"","ocean_post_title_background_color":"","ocean_post_title_background":0,"ocean_post_title_bg_image_position":"","ocean_post_title_bg_image_attachment":"","ocean_post_title_bg_image_repeat":"","ocean_post_title_bg_image_size":"","ocean_post_title_height":0,"ocean_post_title_bg_overlay":0.5,"ocean_post_title_bg_overlay_color":"","ocean_disable_breadcrumbs":"default","ocean_breadcrumbs_color":"","ocean_breadcrumbs_separator_color":"","ocean_breadcrumbs_links_color":"","ocean_breadcrumbs_links_hover_color":"","ocean_display_footer_widgets":"default","ocean_display_footer_bottom":"default","ocean_custom_footer_template":"0"},"product_brand":[],"product_cat":[27,52],"product_tag":[],"class_list":{"0":"post-3661","1":"product","2":"type-product","3":"status-publish","4":"has-post-thumbnail","6":"product_cat-bonbons-conditionnes","7":"product_cat-usa","9":"entry","10":"has-media","12":"first","13":"outofstock","14":"shipping-taxable","15":"purchasable","16":"product-type-simple","17":"has-product-nav","18":"col","19":"span_1_of_3","20":"owp-content-center","21":"owp-thumbs-layout-horizontal","22":"owp-btn-normal","23":"owp-tabs-layout-horizontal","24":"has-no-thumbnails"},"yoast_head":"<!-- This site is optimized with the Yoast SEO plugin v24.3 - https:\/\/yoast.com\/wordpress\/plugins\/seo\/ -->\n<title>Chewing-gum super 10 ,20gr (sans colorants artificiels) - Au Palais Sucr\u00e9<\/title>\n<meta name=\"description\" content=\"D\u00e9couvrez le Chewing-gum Super 10, une r\u00e9f\u00e9rence mondiale en mati\u00e8re de chewing-gum. Originaire des \u00c9tats-Unis, ce chewing-gum a su conqu\u00e9rir le c\u0153ur des consommateurs gr\u00e2ce \u00e0 sa popularit\u00e9 grandissante. Avec son go\u00fbt exceptionnel et rafra\u00eechissant, le Chewing-gum Super 10 offre une exp\u00e9rience gustative in\u00e9gal\u00e9e. Son succ\u00e8s est le fruit de sa qualit\u00e9 irr\u00e9prochable et de sa longue tenue en bouche. Appr\u00e9ci\u00e9 par les amateurs de chewing-gum du monde entier, le Chewing-gum Super 10 vous garantit une fra\u00eecheur intense et durable. Ne manquez pas l&#039;occasion de d\u00e9couvrir ce chewing-gum de renom et d&#039;appr\u00e9cier son go\u00fbt unique. Optez pour le Chewing-gum Super 10 et rejoignez les millions de personnes qui en sont d\u00e9j\u00e0 accros. Commandez-le d\u00e8s maintenant pour une exp\u00e9rience de chewing-gum incomparable.\" \/>\n<meta name=\"robots\" content=\"index, follow, max-snippet:-1, max-image-preview:large, max-video-preview:-1\" \/>\n<link rel=\"canonical\" href=\"https:\/\/www.au-palais-sucre.com\/index.php\/produit\/chewin-gum-super-10-20gr-sans-colorants-artificiels\/\" \/>\n<meta property=\"og:locale\" content=\"fr_FR\" \/>\n<meta property=\"og:type\" content=\"article\" \/>\n<meta property=\"og:title\" content=\"Chewing-gum super 10 ,20gr (sans colorants artificiels) - Au Palais Sucr\u00e9\" \/>\n<meta property=\"og:description\" content=\"D\u00e9couvrez le Chewing-gum Super 10, une r\u00e9f\u00e9rence mondiale en mati\u00e8re de chewing-gum. Originaire des \u00c9tats-Unis, ce chewing-gum a su conqu\u00e9rir le c\u0153ur des consommateurs gr\u00e2ce \u00e0 sa popularit\u00e9 grandissante. Avec son go\u00fbt exceptionnel et rafra\u00eechissant, le Chewing-gum Super 10 offre une exp\u00e9rience gustative in\u00e9gal\u00e9e. Son succ\u00e8s est le fruit de sa qualit\u00e9 irr\u00e9prochable et de sa longue tenue en bouche. Appr\u00e9ci\u00e9 par les amateurs de chewing-gum du monde entier, le Chewing-gum Super 10 vous garantit une fra\u00eecheur intense et durable. Ne manquez pas l&#039;occasion de d\u00e9couvrir ce chewing-gum de renom et d&#039;appr\u00e9cier son go\u00fbt unique. Optez pour le Chewing-gum Super 10 et rejoignez les millions de personnes qui en sont d\u00e9j\u00e0 accros. Commandez-le d\u00e8s maintenant pour une exp\u00e9rience de chewing-gum incomparable.\" \/>\n<meta property=\"og:url\" content=\"https:\/\/www.au-palais-sucre.com\/index.php\/produit\/chewin-gum-super-10-20gr-sans-colorants-artificiels\/\" \/>\n<meta property=\"og:site_name\" content=\"Au Palais Sucr\u00e9\" \/>\n<meta property=\"article:publisher\" content=\"https:\/\/www.facebook.com\/people\/Au-Palais-Sucr\/pfbid0xHg32QqsqJkkArCjoHQ6aaknwKMjtXgSnFxn2J3iXRfcnKZoBnYZT1GMsdL8xcPUl\/\" \/>\n<meta property=\"article:modified_time\" content=\"2025-06-19T14:19:34+00:00\" \/>\n<meta property=\"og:image\" content=\"https:\/\/www.au-palais-sucre.com\/wp-content\/uploads\/2023\/07\/Chewing-gum-super-10-20gr-sans-colorants-artificiels.jpg\" \/>\n\t<meta property=\"og:image:width\" content=\"500\" \/>\n\t<meta property=\"og:image:height\" content=\"500\" \/>\n\t<meta property=\"og:image:type\" content=\"image\/jpeg\" \/>\n<meta name=\"twitter:card\" content=\"summary_large_image\" \/>\n<meta name=\"twitter:label1\" content=\"Prix\" \/>\n\t<meta name=\"twitter:data1\" content=\"1,00&nbsp;&euro;\" \/>\n\t<meta name=\"twitter:label2\" content=\"Disponibilit\u00e9\" \/>\n\t<meta name=\"twitter:data2\" content=\"Rupture de stock\" \/>\n<script type=\"application\/ld+json\" class=\"yoast-schema-graph\">{\"@context\":\"https:\/\/schema.org\",\"@graph\":[{\"@type\":\"WebPage\",\"@id\":\"https:\/\/www.au-palais-sucre.com\/index.php\/produit\/chewin-gum-super-10-20gr-sans-colorants-artificiels\/\",\"url\":\"https:\/\/www.au-palais-sucre.com\/index.php\/produit\/chewin-gum-super-10-20gr-sans-colorants-artificiels\/\",\"name\":\"Chewing-gum super 10 ,20gr (sans colorants artificiels) - Au Palais Sucr\u00e9\",\"isPartOf\":{\"@id\":\"https:\/\/www.au-palais-sucre.com\/#website\"},\"primaryImageOfPage\":{\"@id\":\"https:\/\/www.au-palais-sucre.com\/index.php\/produit\/chewin-gum-super-10-20gr-sans-colorants-artificiels\/#primaryimage\"},\"image\":{\"@id\":\"https:\/\/www.au-palais-sucre.com\/index.php\/produit\/chewin-gum-super-10-20gr-sans-colorants-artificiels\/#primaryimage\"},\"thumbnailUrl\":\"https:\/\/www.au-palais-sucre.com\/wp-content\/uploads\/2023\/07\/Chewing-gum-super-10-20gr-sans-colorants-artificiels.jpg\",\"datePublished\":\"2023-07-16T14:45:26+00:00\",\"dateModified\":\"2025-06-19T14:19:34+00:00\",\"description\":\"D\u00e9couvrez le Chewing-gum Super 10, une r\u00e9f\u00e9rence mondiale en mati\u00e8re de chewing-gum. Originaire des \u00c9tats-Unis, ce chewing-gum a su conqu\u00e9rir le c\u0153ur des consommateurs gr\u00e2ce \u00e0 sa popularit\u00e9 grandissante. Avec son go\u00fbt exceptionnel et rafra\u00eechissant, le Chewing-gum Super 10 offre une exp\u00e9rience gustative in\u00e9gal\u00e9e. Son succ\u00e8s est le fruit de sa qualit\u00e9 irr\u00e9prochable et de sa longue tenue en bouche. Appr\u00e9ci\u00e9 par les amateurs de chewing-gum du monde entier, le Chewing-gum Super 10 vous garantit une fra\u00eecheur intense et durable. Ne manquez pas l'occasion de d\u00e9couvrir ce chewing-gum de renom et d'appr\u00e9cier son go\u00fbt unique. Optez pour le Chewing-gum Super 10 et rejoignez les millions de personnes qui en sont d\u00e9j\u00e0 accros. Commandez-le d\u00e8s maintenant pour une exp\u00e9rience de chewing-gum incomparable.\",\"breadcrumb\":{\"@id\":\"https:\/\/www.au-palais-sucre.com\/index.php\/produit\/chewin-gum-super-10-20gr-sans-colorants-artificiels\/#breadcrumb\"},\"inLanguage\":\"fr-FR\",\"potentialAction\":[{\"@type\":\"ReadAction\",\"target\":[\"https:\/\/www.au-palais-sucre.com\/index.php\/produit\/chewin-gum-super-10-20gr-sans-colorants-artificiels\/\"]}]},{\"@type\":\"ImageObject\",\"inLanguage\":\"fr-FR\",\"@id\":\"https:\/\/www.au-palais-sucre.com\/index.php\/produit\/chewin-gum-super-10-20gr-sans-colorants-artificiels\/#primaryimage\",\"url\":\"https:\/\/www.au-palais-sucre.com\/wp-content\/uploads\/2023\/07\/Chewing-gum-super-10-20gr-sans-colorants-artificiels.jpg\",\"contentUrl\":\"https:\/\/www.au-palais-sucre.com\/wp-content\/uploads\/2023\/07\/Chewing-gum-super-10-20gr-sans-colorants-artificiels.jpg\",\"width\":500,\"height\":500},{\"@type\":\"BreadcrumbList\",\"@id\":\"https:\/\/www.au-palais-sucre.com\/index.php\/produit\/chewin-gum-super-10-20gr-sans-colorants-artificiels\/#breadcrumb\",\"itemListElement\":[{\"@type\":\"ListItem\",\"position\":1,\"name\":\"Boutique\",\"item\":\"https:\/\/www.au-palais-sucre.com\/index.php\/shop\/\"},{\"@type\":\"ListItem\",\"position\":2,\"name\":\"Chewing-gum super 10 ,20gr (sans colorants artificiels)\"}]},{\"@type\":\"WebSite\",\"@id\":\"https:\/\/www.au-palais-sucre.com\/#website\",\"url\":\"https:\/\/www.au-palais-sucre.com\/\",\"name\":\"Au Palais Sucr\u00e9\",\"description\":\"Arrivage permanent de nouveaux produits..\",\"publisher\":{\"@id\":\"https:\/\/www.au-palais-sucre.com\/#organization\"},\"potentialAction\":[{\"@type\":\"SearchAction\",\"target\":{\"@type\":\"EntryPoint\",\"urlTemplate\":\"https:\/\/www.au-palais-sucre.com\/?s={search_term_string}\"},\"query-input\":{\"@type\":\"PropertyValueSpecification\",\"valueRequired\":true,\"valueName\":\"search_term_string\"}}],\"inLanguage\":\"fr-FR\"},{\"@type\":\"Organization\",\"@id\":\"https:\/\/www.au-palais-sucre.com\/#organization\",\"name\":\"Au Palais Sucr\u00e9\",\"url\":\"https:\/\/www.au-palais-sucre.com\/\",\"logo\":{\"@type\":\"ImageObject\",\"inLanguage\":\"fr-FR\",\"@id\":\"https:\/\/www.au-palais-sucre.com\/#\/schema\/logo\/image\/\",\"url\":\"https:\/\/www.au-palais-sucre.com\/wp-content\/uploads\/2023\/06\/cropped-Logo-blanc_prev_ui.png\",\"contentUrl\":\"https:\/\/www.au-palais-sucre.com\/wp-content\/uploads\/2023\/06\/cropped-Logo-blanc_prev_ui.png\",\"width\":567,\"height\":440,\"caption\":\"Au Palais Sucr\u00e9\"},\"image\":{\"@id\":\"https:\/\/www.au-palais-sucre.com\/#\/schema\/logo\/image\/\"},\"sameAs\":[\"https:\/\/www.facebook.com\/people\/Au-Palais-Sucr\/pfbid0xHg32QqsqJkkArCjoHQ6aaknwKMjtXgSnFxn2J3iXRfcnKZoBnYZT1GMsdL8xcPUl\/\"]}]}<\/script>\n<meta property=\"product:price:amount\" content=\"1.00\" \/>\n<meta property=\"product:price:currency\" content=\"EUR\" \/>\n<meta property=\"og:availability\" content=\"out of stock\" \/>\n<meta property=\"product:availability\" content=\"out of stock\" \/>\n<meta property=\"product:retailer_item_id\" content=\"ASPBCON42\" \/>\n<meta property=\"product:condition\" content=\"new\" \/>\n<!-- \/ Yoast SEO plugin. -->","yoast_head_json":{"title":"Chewing-gum super 10 ,20gr (sans colorants artificiels) - Au Palais Sucr\u00e9","description":"D\u00e9couvrez le Chewing-gum Super 10, une r\u00e9f\u00e9rence mondiale en mati\u00e8re de chewing-gum. Originaire des \u00c9tats-Unis, ce chewing-gum a su conqu\u00e9rir le c\u0153ur des consommateurs gr\u00e2ce \u00e0 sa popularit\u00e9 grandissante. Avec son go\u00fbt exceptionnel et rafra\u00eechissant, le Chewing-gum Super 10 offre une exp\u00e9rience gustative in\u00e9gal\u00e9e. Son succ\u00e8s est le fruit de sa qualit\u00e9 irr\u00e9prochable et de sa longue tenue en bouche. Appr\u00e9ci\u00e9 par les amateurs de chewing-gum du monde entier, le Chewing-gum Super 10 vous garantit une fra\u00eecheur intense et durable. Ne manquez pas l'occasion de d\u00e9couvrir ce chewing-gum de renom et d'appr\u00e9cier son go\u00fbt unique. Optez pour le Chewing-gum Super 10 et rejoignez les millions de personnes qui en sont d\u00e9j\u00e0 accros. Commandez-le d\u00e8s maintenant pour une exp\u00e9rience de chewing-gum incomparable.","robots":{"index":"index","follow":"follow","max-snippet":"max-snippet:-1","max-image-preview":"max-image-preview:large","max-video-preview":"max-video-preview:-1"},"canonical":"https:\/\/www.au-palais-sucre.com\/index.php\/produit\/chewin-gum-super-10-20gr-sans-colorants-artificiels\/","og_locale":"fr_FR","og_type":"article","og_title":"Chewing-gum super 10 ,20gr (sans colorants artificiels) - Au Palais Sucr\u00e9","og_description":"D\u00e9couvrez le Chewing-gum Super 10, une r\u00e9f\u00e9rence mondiale en mati\u00e8re de chewing-gum. Originaire des \u00c9tats-Unis, ce chewing-gum a su conqu\u00e9rir le c\u0153ur des consommateurs gr\u00e2ce \u00e0 sa popularit\u00e9 grandissante. Avec son go\u00fbt exceptionnel et rafra\u00eechissant, le Chewing-gum Super 10 offre une exp\u00e9rience gustative in\u00e9gal\u00e9e. Son succ\u00e8s est le fruit de sa qualit\u00e9 irr\u00e9prochable et de sa longue tenue en bouche. Appr\u00e9ci\u00e9 par les amateurs de chewing-gum du monde entier, le Chewing-gum Super 10 vous garantit une fra\u00eecheur intense et durable. Ne manquez pas l'occasion de d\u00e9couvrir ce chewing-gum de renom et d'appr\u00e9cier son go\u00fbt unique. Optez pour le Chewing-gum Super 10 et rejoignez les millions de personnes qui en sont d\u00e9j\u00e0 accros. Commandez-le d\u00e8s maintenant pour une exp\u00e9rience de chewing-gum incomparable.","og_url":"https:\/\/www.au-palais-sucre.com\/index.php\/produit\/chewin-gum-super-10-20gr-sans-colorants-artificiels\/","og_site_name":"Au Palais Sucr\u00e9","article_publisher":"https:\/\/www.facebook.com\/people\/Au-Palais-Sucr\/pfbid0xHg32QqsqJkkArCjoHQ6aaknwKMjtXgSnFxn2J3iXRfcnKZoBnYZT1GMsdL8xcPUl\/","article_modified_time":"2025-06-19T14:19:34+00:00","og_image":[{"width":500,"height":500,"url":"https:\/\/www.au-palais-sucre.com\/wp-content\/uploads\/2023\/07\/Chewing-gum-super-10-20gr-sans-colorants-artificiels.jpg","type":"image\/jpeg"}],"twitter_card":"summary_large_image","twitter_misc":{"Prix":"1,00&nbsp;&euro;","Disponibilit\u00e9":"Rupture de stock"},"schema":{"@context":"https:\/\/schema.org","@graph":[{"@type":"WebPage","@id":"https:\/\/www.au-palais-sucre.com\/index.php\/produit\/chewin-gum-super-10-20gr-sans-colorants-artificiels\/","url":"https:\/\/www.au-palais-sucre.com\/index.php\/produit\/chewin-gum-super-10-20gr-sans-colorants-artificiels\/","name":"Chewing-gum super 10 ,20gr (sans colorants artificiels) - Au Palais Sucr\u00e9","isPartOf":{"@id":"https:\/\/www.au-palais-sucre.com\/#website"},"primaryImageOfPage":{"@id":"https:\/\/www.au-palais-sucre.com\/index.php\/produit\/chewin-gum-super-10-20gr-sans-colorants-artificiels\/#primaryimage"},"image":{"@id":"https:\/\/www.au-palais-sucre.com\/index.php\/produit\/chewin-gum-super-10-20gr-sans-colorants-artificiels\/#primaryimage"},"thumbnailUrl":"https:\/\/www.au-palais-sucre.com\/wp-content\/uploads\/2023\/07\/Chewing-gum-super-10-20gr-sans-colorants-artificiels.jpg","datePublished":"2023-07-16T14:45:26+00:00","dateModified":"2025-06-19T14:19:34+00:00","description":"D\u00e9couvrez le Chewing-gum Super 10, une r\u00e9f\u00e9rence mondiale en mati\u00e8re de chewing-gum. Originaire des \u00c9tats-Unis, ce chewing-gum a su conqu\u00e9rir le c\u0153ur des consommateurs gr\u00e2ce \u00e0 sa popularit\u00e9 grandissante. Avec son go\u00fbt exceptionnel et rafra\u00eechissant, le Chewing-gum Super 10 offre une exp\u00e9rience gustative in\u00e9gal\u00e9e. Son succ\u00e8s est le fruit de sa qualit\u00e9 irr\u00e9prochable et de sa longue tenue en bouche. Appr\u00e9ci\u00e9 par les amateurs de chewing-gum du monde entier, le Chewing-gum Super 10 vous garantit une fra\u00eecheur intense et durable. Ne manquez pas l'occasion de d\u00e9couvrir ce chewing-gum de renom et d'appr\u00e9cier son go\u00fbt unique. Optez pour le Chewing-gum Super 10 et rejoignez les millions de personnes qui en sont d\u00e9j\u00e0 accros. Commandez-le d\u00e8s maintenant pour une exp\u00e9rience de chewing-gum incomparable.","breadcrumb":{"@id":"https:\/\/www.au-palais-sucre.com\/index.php\/produit\/chewin-gum-super-10-20gr-sans-colorants-artificiels\/#breadcrumb"},"inLanguage":"fr-FR","potentialAction":[{"@type":"ReadAction","target":["https:\/\/www.au-palais-sucre.com\/index.php\/produit\/chewin-gum-super-10-20gr-sans-colorants-artificiels\/"]}]},{"@type":"ImageObject","inLanguage":"fr-FR","@id":"https:\/\/www.au-palais-sucre.com\/index.php\/produit\/chewin-gum-super-10-20gr-sans-colorants-artificiels\/#primaryimage","url":"https:\/\/www.au-palais-sucre.com\/wp-content\/uploads\/2023\/07\/Chewing-gum-super-10-20gr-sans-colorants-artificiels.jpg","contentUrl":"https:\/\/www.au-palais-sucre.com\/wp-content\/uploads\/2023\/07\/Chewing-gum-super-10-20gr-sans-colorants-artificiels.jpg","width":500,"height":500},{"@type":"BreadcrumbList","@id":"https:\/\/www.au-palais-sucre.com\/index.php\/produit\/chewin-gum-super-10-20gr-sans-colorants-artificiels\/#breadcrumb","itemListElement":[{"@type":"ListItem","position":1,"name":"Boutique","item":"https:\/\/www.au-palais-sucre.com\/index.php\/shop\/"},{"@type":"ListItem","position":2,"name":"Chewing-gum super 10 ,20gr (sans colorants artificiels)"}]},{"@type":"WebSite","@id":"https:\/\/www.au-palais-sucre.com\/#website","url":"https:\/\/www.au-palais-sucre.com\/","name":"Au Palais Sucr\u00e9","description":"Arrivage permanent de nouveaux produits..","publisher":{"@id":"https:\/\/www.au-palais-sucre.com\/#organization"},"potentialAction":[{"@type":"SearchAction","target":{"@type":"EntryPoint","urlTemplate":"https:\/\/www.au-palais-sucre.com\/?s={search_term_string}"},"query-input":{"@type":"PropertyValueSpecification","valueRequired":true,"valueName":"search_term_string"}}],"inLanguage":"fr-FR"},{"@type":"Organization","@id":"https:\/\/www.au-palais-sucre.com\/#organization","name":"Au Palais Sucr\u00e9","url":"https:\/\/www.au-palais-sucre.com\/","logo":{"@type":"ImageObject","inLanguage":"fr-FR","@id":"https:\/\/www.au-palais-sucre.com\/#\/schema\/logo\/image\/","url":"https:\/\/www.au-palais-sucre.com\/wp-content\/uploads\/2023\/06\/cropped-Logo-blanc_prev_ui.png","contentUrl":"https:\/\/www.au-palais-sucre.com\/wp-content\/uploads\/2023\/06\/cropped-Logo-blanc_prev_ui.png","width":567,"height":440,"caption":"Au Palais Sucr\u00e9"},"image":{"@id":"https:\/\/www.au-palais-sucre.com\/#\/schema\/logo\/image\/"},"sameAs":["https:\/\/www.facebook.com\/people\/Au-Palais-Sucr\/pfbid0xHg32QqsqJkkArCjoHQ6aaknwKMjtXgSnFxn2J3iXRfcnKZoBnYZT1GMsdL8xcPUl\/"]}]},"product_price_amount":"1.00","product_price_currency":"EUR","og_availability":"out of stock","product_availability":"out of stock","product_retailer_item_id":"ASPBCON42","product_condition":"new"},"_links":{"self":[{"href":"https:\/\/www.au-palais-sucre.com\/index.php\/wp-json\/wp\/v2\/product\/3661","targetHints":{"allow":["GET"]}}],"collection":[{"href":"https:\/\/www.au-palais-sucre.com\/index.php\/wp-json\/wp\/v2\/product"}],"about":[{"href":"https:\/\/www.au-palais-sucre.com\/index.php\/wp-json\/wp\/v2\/types\/product"}],"replies":[{"embeddable":true,"href":"https:\/\/www.au-palais-sucre.com\/index.php\/wp-json\/wp\/v2\/comments?post=3661"}],"version-history":[{"count":1,"href":"https:\/\/www.au-palais-sucre.com\/index.php\/wp-json\/wp\/v2\/product\/3661\/revisions"}],"predecessor-version":[{"id":6132,"href":"https:\/\/www.au-palais-sucre.com\/index.php\/wp-json\/wp\/v2\/product\/3661\/revisions\/6132"}],"wp:featuredmedia":[{"embeddable":true,"href":"https:\/\/www.au-palais-sucre.com\/index.php\/wp-json\/wp\/v2\/media\/3662"}],"wp:attachment":[{"href":"https:\/\/www.au-palais-sucre.com\/index.php\/wp-json\/wp\/v2\/media?parent=3661"}],"wp:term":[{"taxonomy":"product_brand","embeddable":true,"href":"https:\/\/www.au-palais-sucre.com\/index.php\/wp-json\/wp\/v2\/product_brand?post=3661"},{"taxonomy":"product_cat","embeddable":true,"href":"https:\/\/www.au-palais-sucre.com\/index.php\/wp-json\/wp\/v2\/product_cat?post=3661"},{"taxonomy":"product_tag","embeddable":true,"href":"https:\/\/www.au-palais-sucre.com\/index.php\/wp-json\/wp\/v2\/product_tag?post=3661"}],"curies":[{"name":"wp","href":"https:\/\/api.w.org\/{rel}","templated":true}]}}