{"id":3673,"date":"2023-07-16T19:24:06","date_gmt":"2023-07-16T17:24:06","guid":{"rendered":"https:\/\/www.au-palais-sucre.com\/?post_type=product&#038;p=3673"},"modified":"2024-09-16T22:06:58","modified_gmt":"2024-09-16T20:06:58","slug":"nestle-damak-baklava-60gr","status":"publish","type":"product","link":"https:\/\/www.au-palais-sucre.com\/index.php\/produit\/nestle-damak-baklava-60gr\/","title":{"rendered":"Nestl\u00e9 Damak baklava 60gr."},"content":{"rendered":"<h1>Nestl\u00e9 Damak baklava 60gr<\/h1>\n<p>D\u00e9couvrez le Nestl\u00e9 Damak Baklava, une d\u00e9licieuse friandise d&rsquo;origine turque qui rencontre un grand succ\u00e8s ! Ce m\u00e9lange de saveurs et de textures est extr\u00eamement populaire aupr\u00e8s des amateurs de sucreries du monde entier. Laissez-vous s\u00e9duire par le mariage parfait entre les couches croustillantes de p\u00e2te filo et la douceur des noix de pistaches, le tout sublim\u00e9 par une touche de miel. Chaque bouch\u00e9e de Nestl\u00e9 Damak Baklava est une v\u00e9ritable explosion de saveurs, offrant une exp\u00e9rience gustative unique et irr\u00e9sistible. Cette gourmandise authentique est fabriqu\u00e9e avec des ingr\u00e9dients de qualit\u00e9, garantissant un go\u00fbt exceptionnel et une satisfaction totale. Ne manquez pas l&rsquo;occasion de go\u00fbter \u00e0 ce d\u00e9lice qui a conquis les palais du monde entier. D\u00e9couvrez le succ\u00e8s du Nestl\u00e9 Damak Baklava et offrez-vous un moment de gourmandise inoubliable !<\/p>\n<p>Dans Damak Baklava, inspir\u00e9 du baklava, un dessert turc traditionnel, nous r\u00e9unissons du chocolat blanc moelleux issu de l&rsquo;expertise chocolati\u00e8re de Nestl\u00e9, des pistaches de premi\u00e8re r\u00e9colte luxuriantes et intens\u00e9ment d\u00e9licieuses et des morceaux de baklava croustillants \u00e0 base de p\u00e2te \u00e0 baklava.<\/p>\n<p><strong>Tous nos produits b\u00e9n\u00e9ficient d\u2019une DDM de plusieurs mois.<\/strong><br \/>\n<strong>DDM = Date de Durabilit\u00e9 Minimale, anciennement DLUO.<\/strong><\/p>\n<h3>Ingr\u00e9dients de Nestl\u00e9 Damak baklava 60gr<\/h3>\n<p>Chocolat blanc [sucre, lait entier en poudre, beurre de cacao, lactos\u00e9rum en poudre (produit laitier), \u00e9mulsifiant (l\u00e9cithine de tournesol), ar\u00f4me naturel (vanille)], pistaches (13%), particules de baklava 12% [farine de bl\u00e9, sucre, amidon de ma\u00efs .]<\/p>\n<h4>Les services AU PALAIS SUCRE<\/h4>\n<p>Nous sommes est un site de vente de <strong>bonbons<\/strong>, <strong>confiseries<\/strong>, <strong>boissons<\/strong>, <strong>chips<\/strong> et <strong>produits du monde<\/strong>,\u00a0 pour les particuliers, les associations et les entreprises.<\/p>\n<p><strong>AU PALAIS SUCRE\u00a0<\/strong> apporte \u00e9galement un vrai service , une livraison rapide et fiable, une pr\u00e9paration des commandes dans les 24h\/48h et un service clients joignable.<\/p>\n<p><strong>AU PALAIS SUCRE<\/strong> est votre destination pour des bonbons, confiseries, boissons, chips et produits du monde pour les particuliers, les associations et les entreprises. Nous offrons un choix vari\u00e9 de produits de qualit\u00e9 sup\u00e9rieure pour satisfaire tous les go\u00fbts et les besoins.<\/p>\n<p>Nous sommes fiers d\u2019offrir \u00e0 nos clients un service hors pair. Nous nous engageons \u00e0 pr\u00e9parer et exp\u00e9dier les commandes dans les 24h\/48h suivant l\u2019achat, pour une livraison rapide et fiable. De plus, notre \u00e9quipe de service clients est toujours disponible pour r\u00e9pondre \u00e0 vos questions et vous aider \u00e0 trouver le produit id\u00e9al pour vos besoins.<\/p>\n<p>Chez AU PALAIS SUCRE, nous sommes passionn\u00e9s par les bonbons et les confiseries, et nous sommes d\u00e9termin\u00e9s \u00e0 offrir \u00e0 nos clients une exp\u00e9rience de magasinage en ligne agr\u00e9able et sans stress. Nous sommes votre guichet unique pour tous vos besoins en sucreries et en produits du monde, et nous sommes impatients de vous servir d\u00e8s maintenant !<\/p>\n<p>&nbsp;<\/p>\n<p>&nbsp;<\/p>\n","protected":false},"excerpt":{"rendered":"<h1>Nestl\u00e9 Damak baklava 60gr<\/h1>\n<p>D\u00e9couvrez le Nestl\u00e9 Damak Baklava, une d\u00e9licieuse friandise d&rsquo;origine turque qui rencontre un grand succ\u00e8s ! Ce m\u00e9lange de saveurs et de textures est extr\u00eamement populaire aupr\u00e8s des amateurs de sucreries du monde entier. Laissez-vous s\u00e9duire par le mariage parfait entre les couches croustillantes de p\u00e2te filo et la douceur des noix de pistaches, le tout sublim\u00e9 par une touche de miel. Chaque bouch\u00e9e de Nestl\u00e9 Damak Baklava est une v\u00e9ritable explosion de saveurs, offrant une exp\u00e9rience gustative unique et irr\u00e9sistible. Cette gourmandise authentique est fabriqu\u00e9e avec des ingr\u00e9dients de qualit\u00e9, garantissant un go\u00fbt exceptionnel et une satisfaction totale. Ne manquez pas l&rsquo;occasion de go\u00fbter \u00e0 ce d\u00e9lice qui a conquis les palais du monde entier. D\u00e9couvrez le succ\u00e8s du Nestl\u00e9 Damak Baklava et offrez-vous un moment de gourmandise inoubliable !<\/p>\n<p>Dans Damak Baklava, inspir\u00e9 du baklava, un dessert turc traditionnel, nous r\u00e9unissons du chocolat blanc moelleux issu de l&rsquo;expertise chocolati\u00e8re de Nestl\u00e9, des pistaches de premi\u00e8re r\u00e9colte luxuriantes et intens\u00e9ment d\u00e9licieuses et des morceaux de baklava croustillants \u00e0 base de p\u00e2te \u00e0 baklava.<\/p>\n<p><strong>Tous nos produits b\u00e9n\u00e9ficient d\u2019une DDM de plusieurs mois.<\/strong><br \/>\n<strong>DDM = Date de Durabilit\u00e9 Minimale, anciennement DLUO.<\/strong><\/p>\n","protected":false},"featured_media":3674,"comment_status":"open","ping_status":"closed","template":"","meta":{"ocean_post_layout":"","ocean_both_sidebars_style":"","ocean_both_sidebars_content_width":0,"ocean_both_sidebars_sidebars_width":0,"ocean_sidebar":"","ocean_second_sidebar":"","ocean_disable_margins":"enable","ocean_add_body_class":"","ocean_shortcode_before_top_bar":"","ocean_shortcode_after_top_bar":"","ocean_shortcode_before_header":"","ocean_shortcode_after_header":"","ocean_has_shortcode":"","ocean_shortcode_after_title":"","ocean_shortcode_before_footer_widgets":"","ocean_shortcode_after_footer_widgets":"","ocean_shortcode_before_footer_bottom":"","ocean_shortcode_after_footer_bottom":"","ocean_display_top_bar":"default","ocean_display_header":"default","ocean_header_style":"","ocean_center_header_left_menu":"","ocean_custom_header_template":"","ocean_custom_logo":0,"ocean_custom_retina_logo":0,"ocean_custom_logo_max_width":0,"ocean_custom_logo_tablet_max_width":0,"ocean_custom_logo_mobile_max_width":0,"ocean_custom_logo_max_height":0,"ocean_custom_logo_tablet_max_height":0,"ocean_custom_logo_mobile_max_height":0,"ocean_header_custom_menu":"","ocean_menu_typo_font_family":"","ocean_menu_typo_font_subset":"","ocean_menu_typo_font_size":0,"ocean_menu_typo_font_size_tablet":0,"ocean_menu_typo_font_size_mobile":0,"ocean_menu_typo_font_size_unit":"px","ocean_menu_typo_font_weight":"","ocean_menu_typo_font_weight_tablet":"","ocean_menu_typo_font_weight_mobile":"","ocean_menu_typo_transform":"","ocean_menu_typo_transform_tablet":"","ocean_menu_typo_transform_mobile":"","ocean_menu_typo_line_height":0,"ocean_menu_typo_line_height_tablet":0,"ocean_menu_typo_line_height_mobile":0,"ocean_menu_typo_line_height_unit":"","ocean_menu_typo_spacing":0,"ocean_menu_typo_spacing_tablet":0,"ocean_menu_typo_spacing_mobile":0,"ocean_menu_typo_spacing_unit":"","ocean_menu_link_color":"","ocean_menu_link_color_hover":"","ocean_menu_link_color_active":"","ocean_menu_link_background":"","ocean_menu_link_hover_background":"","ocean_menu_link_active_background":"","ocean_menu_social_links_bg":"","ocean_menu_social_hover_links_bg":"","ocean_menu_social_links_color":"","ocean_menu_social_hover_links_color":"","ocean_disable_title":"default","ocean_disable_heading":"default","ocean_post_title":"","ocean_post_subheading":"","ocean_post_title_style":"","ocean_post_title_background_color":"","ocean_post_title_background":0,"ocean_post_title_bg_image_position":"","ocean_post_title_bg_image_attachment":"","ocean_post_title_bg_image_repeat":"","ocean_post_title_bg_image_size":"","ocean_post_title_height":0,"ocean_post_title_bg_overlay":0.5,"ocean_post_title_bg_overlay_color":"","ocean_disable_breadcrumbs":"default","ocean_breadcrumbs_color":"","ocean_breadcrumbs_separator_color":"","ocean_breadcrumbs_links_color":"","ocean_breadcrumbs_links_hover_color":"","ocean_display_footer_widgets":"default","ocean_display_footer_bottom":"default","ocean_custom_footer_template":""},"product_brand":[],"product_cat":[88],"product_tag":[],"class_list":{"0":"post-3673","1":"product","2":"type-product","3":"status-publish","4":"has-post-thumbnail","6":"product_cat-gateaux","8":"entry","9":"has-media","11":"first","12":"outofstock","13":"shipping-taxable","14":"purchasable","15":"product-type-simple","16":"has-product-nav","17":"col","18":"span_1_of_3","19":"owp-content-center","20":"owp-thumbs-layout-horizontal","21":"owp-btn-normal","22":"owp-tabs-layout-horizontal","23":"has-no-thumbnails"},"yoast_head":"<!-- This site is optimized with the Yoast SEO plugin v24.3 - https:\/\/yoast.com\/wordpress\/plugins\/seo\/ -->\n<title>Nestl\u00e9 Damak baklava 60gr. - Au Palais Sucr\u00e9<\/title>\n<meta name=\"description\" content=\"D\u00e9couvrez la d\u00e9licieuse origine turque du Nestl\u00e9 Damak Baklava, une friandise de renomm\u00e9e internationale. Appr\u00e9ci\u00e9 pour son go\u00fbt raffin\u00e9 et sa texture irr\u00e9sistible, ce dessert rencontre un succ\u00e8s grandissant aupr\u00e8s des amateurs de sucreries. Les fines couches de p\u00e2te filo croustillantes, les noix de pistaches soigneusement s\u00e9lectionn\u00e9es et le doux parfum de miel se combinent pour cr\u00e9er une exp\u00e9rience gustative exquise. Les ingr\u00e9dients de qualit\u00e9 utilis\u00e9s dans la pr\u00e9paration de ce baklava garantissent une saveur authentique et un plaisir gustatif incomparable. Laissez-vous s\u00e9duire par le succ\u00e8s du Nestl\u00e9 Damak Baklava et savourez un moment de pur d\u00e9lice et de gourmandise.\" \/>\n<meta name=\"robots\" content=\"index, follow, max-snippet:-1, max-image-preview:large, max-video-preview:-1\" \/>\n<link rel=\"canonical\" href=\"https:\/\/www.au-palais-sucre.com\/index.php\/produit\/nestle-damak-baklava-60gr\/\" \/>\n<meta property=\"og:locale\" content=\"fr_FR\" \/>\n<meta property=\"og:type\" content=\"article\" \/>\n<meta property=\"og:title\" content=\"Nestl\u00e9 Damak baklava 60gr. - Au Palais Sucr\u00e9\" \/>\n<meta property=\"og:description\" content=\"D\u00e9couvrez la d\u00e9licieuse origine turque du Nestl\u00e9 Damak Baklava, une friandise de renomm\u00e9e internationale. Appr\u00e9ci\u00e9 pour son go\u00fbt raffin\u00e9 et sa texture irr\u00e9sistible, ce dessert rencontre un succ\u00e8s grandissant aupr\u00e8s des amateurs de sucreries. Les fines couches de p\u00e2te filo croustillantes, les noix de pistaches soigneusement s\u00e9lectionn\u00e9es et le doux parfum de miel se combinent pour cr\u00e9er une exp\u00e9rience gustative exquise. Les ingr\u00e9dients de qualit\u00e9 utilis\u00e9s dans la pr\u00e9paration de ce baklava garantissent une saveur authentique et un plaisir gustatif incomparable. Laissez-vous s\u00e9duire par le succ\u00e8s du Nestl\u00e9 Damak Baklava et savourez un moment de pur d\u00e9lice et de gourmandise.\" \/>\n<meta property=\"og:url\" content=\"https:\/\/www.au-palais-sucre.com\/index.php\/produit\/nestle-damak-baklava-60gr\/\" \/>\n<meta property=\"og:site_name\" content=\"Au Palais Sucr\u00e9\" \/>\n<meta property=\"article:publisher\" content=\"https:\/\/www.facebook.com\/people\/Au-Palais-Sucr\/pfbid0xHg32QqsqJkkArCjoHQ6aaknwKMjtXgSnFxn2J3iXRfcnKZoBnYZT1GMsdL8xcPUl\/\" \/>\n<meta property=\"article:modified_time\" content=\"2024-09-16T20:06:58+00:00\" \/>\n<meta property=\"og:image\" content=\"https:\/\/www.au-palais-sucre.com\/wp-content\/uploads\/2023\/07\/Nestle-Damak-baklava-60gr.jpg\" \/>\n\t<meta property=\"og:image:width\" content=\"500\" \/>\n\t<meta property=\"og:image:height\" content=\"500\" \/>\n\t<meta property=\"og:image:type\" content=\"image\/jpeg\" \/>\n<meta name=\"twitter:card\" content=\"summary_large_image\" \/>\n<meta name=\"twitter:label1\" content=\"Prix\" \/>\n\t<meta name=\"twitter:data1\" content=\"4,00&nbsp;&euro;\" \/>\n\t<meta name=\"twitter:label2\" content=\"Disponibilit\u00e9\" \/>\n\t<meta name=\"twitter:data2\" content=\"Rupture de stock\" \/>\n<script type=\"application\/ld+json\" class=\"yoast-schema-graph\">{\"@context\":\"https:\/\/schema.org\",\"@graph\":[{\"@type\":\"WebPage\",\"@id\":\"https:\/\/www.au-palais-sucre.com\/index.php\/produit\/nestle-damak-baklava-60gr\/\",\"url\":\"https:\/\/www.au-palais-sucre.com\/index.php\/produit\/nestle-damak-baklava-60gr\/\",\"name\":\"Nestl\u00e9 Damak baklava 60gr. - Au Palais Sucr\u00e9\",\"isPartOf\":{\"@id\":\"https:\/\/www.au-palais-sucre.com\/#website\"},\"primaryImageOfPage\":{\"@id\":\"https:\/\/www.au-palais-sucre.com\/index.php\/produit\/nestle-damak-baklava-60gr\/#primaryimage\"},\"image\":{\"@id\":\"https:\/\/www.au-palais-sucre.com\/index.php\/produit\/nestle-damak-baklava-60gr\/#primaryimage\"},\"thumbnailUrl\":\"https:\/\/www.au-palais-sucre.com\/wp-content\/uploads\/2023\/07\/Nestle-Damak-baklava-60gr.jpg\",\"datePublished\":\"2023-07-16T17:24:06+00:00\",\"dateModified\":\"2024-09-16T20:06:58+00:00\",\"description\":\"D\u00e9couvrez la d\u00e9licieuse origine turque du Nestl\u00e9 Damak Baklava, une friandise de renomm\u00e9e internationale. Appr\u00e9ci\u00e9 pour son go\u00fbt raffin\u00e9 et sa texture irr\u00e9sistible, ce dessert rencontre un succ\u00e8s grandissant aupr\u00e8s des amateurs de sucreries. Les fines couches de p\u00e2te filo croustillantes, les noix de pistaches soigneusement s\u00e9lectionn\u00e9es et le doux parfum de miel se combinent pour cr\u00e9er une exp\u00e9rience gustative exquise. Les ingr\u00e9dients de qualit\u00e9 utilis\u00e9s dans la pr\u00e9paration de ce baklava garantissent une saveur authentique et un plaisir gustatif incomparable. Laissez-vous s\u00e9duire par le succ\u00e8s du Nestl\u00e9 Damak Baklava et savourez un moment de pur d\u00e9lice et de gourmandise.\",\"breadcrumb\":{\"@id\":\"https:\/\/www.au-palais-sucre.com\/index.php\/produit\/nestle-damak-baklava-60gr\/#breadcrumb\"},\"inLanguage\":\"fr-FR\",\"potentialAction\":[{\"@type\":\"ReadAction\",\"target\":[\"https:\/\/www.au-palais-sucre.com\/index.php\/produit\/nestle-damak-baklava-60gr\/\"]}]},{\"@type\":\"ImageObject\",\"inLanguage\":\"fr-FR\",\"@id\":\"https:\/\/www.au-palais-sucre.com\/index.php\/produit\/nestle-damak-baklava-60gr\/#primaryimage\",\"url\":\"https:\/\/www.au-palais-sucre.com\/wp-content\/uploads\/2023\/07\/Nestle-Damak-baklava-60gr.jpg\",\"contentUrl\":\"https:\/\/www.au-palais-sucre.com\/wp-content\/uploads\/2023\/07\/Nestle-Damak-baklava-60gr.jpg\",\"width\":500,\"height\":500},{\"@type\":\"BreadcrumbList\",\"@id\":\"https:\/\/www.au-palais-sucre.com\/index.php\/produit\/nestle-damak-baklava-60gr\/#breadcrumb\",\"itemListElement\":[{\"@type\":\"ListItem\",\"position\":1,\"name\":\"Boutique\",\"item\":\"https:\/\/www.au-palais-sucre.com\/index.php\/shop\/\"},{\"@type\":\"ListItem\",\"position\":2,\"name\":\"Nestl\u00e9 Damak baklava 60gr.\"}]},{\"@type\":\"WebSite\",\"@id\":\"https:\/\/www.au-palais-sucre.com\/#website\",\"url\":\"https:\/\/www.au-palais-sucre.com\/\",\"name\":\"Au Palais Sucr\u00e9\",\"description\":\"Arrivage permanent de nouveaux produits..\",\"publisher\":{\"@id\":\"https:\/\/www.au-palais-sucre.com\/#organization\"},\"potentialAction\":[{\"@type\":\"SearchAction\",\"target\":{\"@type\":\"EntryPoint\",\"urlTemplate\":\"https:\/\/www.au-palais-sucre.com\/?s={search_term_string}\"},\"query-input\":{\"@type\":\"PropertyValueSpecification\",\"valueRequired\":true,\"valueName\":\"search_term_string\"}}],\"inLanguage\":\"fr-FR\"},{\"@type\":\"Organization\",\"@id\":\"https:\/\/www.au-palais-sucre.com\/#organization\",\"name\":\"Au Palais Sucr\u00e9\",\"url\":\"https:\/\/www.au-palais-sucre.com\/\",\"logo\":{\"@type\":\"ImageObject\",\"inLanguage\":\"fr-FR\",\"@id\":\"https:\/\/www.au-palais-sucre.com\/#\/schema\/logo\/image\/\",\"url\":\"https:\/\/www.au-palais-sucre.com\/wp-content\/uploads\/2023\/06\/cropped-Logo-blanc_prev_ui.png\",\"contentUrl\":\"https:\/\/www.au-palais-sucre.com\/wp-content\/uploads\/2023\/06\/cropped-Logo-blanc_prev_ui.png\",\"width\":567,\"height\":440,\"caption\":\"Au Palais Sucr\u00e9\"},\"image\":{\"@id\":\"https:\/\/www.au-palais-sucre.com\/#\/schema\/logo\/image\/\"},\"sameAs\":[\"https:\/\/www.facebook.com\/people\/Au-Palais-Sucr\/pfbid0xHg32QqsqJkkArCjoHQ6aaknwKMjtXgSnFxn2J3iXRfcnKZoBnYZT1GMsdL8xcPUl\/\"]}]}<\/script>\n<meta property=\"product:price:amount\" content=\"4.00\" \/>\n<meta property=\"product:price:currency\" content=\"EUR\" \/>\n<meta property=\"og:availability\" content=\"out of stock\" \/>\n<meta property=\"product:availability\" content=\"out of stock\" \/>\n<meta property=\"product:retailer_item_id\" content=\"ASPGAT21\" \/>\n<meta property=\"product:condition\" content=\"new\" \/>\n<!-- \/ Yoast SEO plugin. -->","yoast_head_json":{"title":"Nestl\u00e9 Damak baklava 60gr. - Au Palais Sucr\u00e9","description":"D\u00e9couvrez la d\u00e9licieuse origine turque du Nestl\u00e9 Damak Baklava, une friandise de renomm\u00e9e internationale. Appr\u00e9ci\u00e9 pour son go\u00fbt raffin\u00e9 et sa texture irr\u00e9sistible, ce dessert rencontre un succ\u00e8s grandissant aupr\u00e8s des amateurs de sucreries. Les fines couches de p\u00e2te filo croustillantes, les noix de pistaches soigneusement s\u00e9lectionn\u00e9es et le doux parfum de miel se combinent pour cr\u00e9er une exp\u00e9rience gustative exquise. Les ingr\u00e9dients de qualit\u00e9 utilis\u00e9s dans la pr\u00e9paration de ce baklava garantissent une saveur authentique et un plaisir gustatif incomparable. Laissez-vous s\u00e9duire par le succ\u00e8s du Nestl\u00e9 Damak Baklava et savourez un moment de pur d\u00e9lice et de gourmandise.","robots":{"index":"index","follow":"follow","max-snippet":"max-snippet:-1","max-image-preview":"max-image-preview:large","max-video-preview":"max-video-preview:-1"},"canonical":"https:\/\/www.au-palais-sucre.com\/index.php\/produit\/nestle-damak-baklava-60gr\/","og_locale":"fr_FR","og_type":"article","og_title":"Nestl\u00e9 Damak baklava 60gr. - Au Palais Sucr\u00e9","og_description":"D\u00e9couvrez la d\u00e9licieuse origine turque du Nestl\u00e9 Damak Baklava, une friandise de renomm\u00e9e internationale. Appr\u00e9ci\u00e9 pour son go\u00fbt raffin\u00e9 et sa texture irr\u00e9sistible, ce dessert rencontre un succ\u00e8s grandissant aupr\u00e8s des amateurs de sucreries. Les fines couches de p\u00e2te filo croustillantes, les noix de pistaches soigneusement s\u00e9lectionn\u00e9es et le doux parfum de miel se combinent pour cr\u00e9er une exp\u00e9rience gustative exquise. Les ingr\u00e9dients de qualit\u00e9 utilis\u00e9s dans la pr\u00e9paration de ce baklava garantissent une saveur authentique et un plaisir gustatif incomparable. Laissez-vous s\u00e9duire par le succ\u00e8s du Nestl\u00e9 Damak Baklava et savourez un moment de pur d\u00e9lice et de gourmandise.","og_url":"https:\/\/www.au-palais-sucre.com\/index.php\/produit\/nestle-damak-baklava-60gr\/","og_site_name":"Au Palais Sucr\u00e9","article_publisher":"https:\/\/www.facebook.com\/people\/Au-Palais-Sucr\/pfbid0xHg32QqsqJkkArCjoHQ6aaknwKMjtXgSnFxn2J3iXRfcnKZoBnYZT1GMsdL8xcPUl\/","article_modified_time":"2024-09-16T20:06:58+00:00","og_image":[{"width":500,"height":500,"url":"https:\/\/www.au-palais-sucre.com\/wp-content\/uploads\/2023\/07\/Nestle-Damak-baklava-60gr.jpg","type":"image\/jpeg"}],"twitter_card":"summary_large_image","twitter_misc":{"Prix":"4,00&nbsp;&euro;","Disponibilit\u00e9":"Rupture de stock"},"schema":{"@context":"https:\/\/schema.org","@graph":[{"@type":"WebPage","@id":"https:\/\/www.au-palais-sucre.com\/index.php\/produit\/nestle-damak-baklava-60gr\/","url":"https:\/\/www.au-palais-sucre.com\/index.php\/produit\/nestle-damak-baklava-60gr\/","name":"Nestl\u00e9 Damak baklava 60gr. - Au Palais Sucr\u00e9","isPartOf":{"@id":"https:\/\/www.au-palais-sucre.com\/#website"},"primaryImageOfPage":{"@id":"https:\/\/www.au-palais-sucre.com\/index.php\/produit\/nestle-damak-baklava-60gr\/#primaryimage"},"image":{"@id":"https:\/\/www.au-palais-sucre.com\/index.php\/produit\/nestle-damak-baklava-60gr\/#primaryimage"},"thumbnailUrl":"https:\/\/www.au-palais-sucre.com\/wp-content\/uploads\/2023\/07\/Nestle-Damak-baklava-60gr.jpg","datePublished":"2023-07-16T17:24:06+00:00","dateModified":"2024-09-16T20:06:58+00:00","description":"D\u00e9couvrez la d\u00e9licieuse origine turque du Nestl\u00e9 Damak Baklava, une friandise de renomm\u00e9e internationale. Appr\u00e9ci\u00e9 pour son go\u00fbt raffin\u00e9 et sa texture irr\u00e9sistible, ce dessert rencontre un succ\u00e8s grandissant aupr\u00e8s des amateurs de sucreries. Les fines couches de p\u00e2te filo croustillantes, les noix de pistaches soigneusement s\u00e9lectionn\u00e9es et le doux parfum de miel se combinent pour cr\u00e9er une exp\u00e9rience gustative exquise. Les ingr\u00e9dients de qualit\u00e9 utilis\u00e9s dans la pr\u00e9paration de ce baklava garantissent une saveur authentique et un plaisir gustatif incomparable. Laissez-vous s\u00e9duire par le succ\u00e8s du Nestl\u00e9 Damak Baklava et savourez un moment de pur d\u00e9lice et de gourmandise.","breadcrumb":{"@id":"https:\/\/www.au-palais-sucre.com\/index.php\/produit\/nestle-damak-baklava-60gr\/#breadcrumb"},"inLanguage":"fr-FR","potentialAction":[{"@type":"ReadAction","target":["https:\/\/www.au-palais-sucre.com\/index.php\/produit\/nestle-damak-baklava-60gr\/"]}]},{"@type":"ImageObject","inLanguage":"fr-FR","@id":"https:\/\/www.au-palais-sucre.com\/index.php\/produit\/nestle-damak-baklava-60gr\/#primaryimage","url":"https:\/\/www.au-palais-sucre.com\/wp-content\/uploads\/2023\/07\/Nestle-Damak-baklava-60gr.jpg","contentUrl":"https:\/\/www.au-palais-sucre.com\/wp-content\/uploads\/2023\/07\/Nestle-Damak-baklava-60gr.jpg","width":500,"height":500},{"@type":"BreadcrumbList","@id":"https:\/\/www.au-palais-sucre.com\/index.php\/produit\/nestle-damak-baklava-60gr\/#breadcrumb","itemListElement":[{"@type":"ListItem","position":1,"name":"Boutique","item":"https:\/\/www.au-palais-sucre.com\/index.php\/shop\/"},{"@type":"ListItem","position":2,"name":"Nestl\u00e9 Damak baklava 60gr."}]},{"@type":"WebSite","@id":"https:\/\/www.au-palais-sucre.com\/#website","url":"https:\/\/www.au-palais-sucre.com\/","name":"Au Palais Sucr\u00e9","description":"Arrivage permanent de nouveaux produits..","publisher":{"@id":"https:\/\/www.au-palais-sucre.com\/#organization"},"potentialAction":[{"@type":"SearchAction","target":{"@type":"EntryPoint","urlTemplate":"https:\/\/www.au-palais-sucre.com\/?s={search_term_string}"},"query-input":{"@type":"PropertyValueSpecification","valueRequired":true,"valueName":"search_term_string"}}],"inLanguage":"fr-FR"},{"@type":"Organization","@id":"https:\/\/www.au-palais-sucre.com\/#organization","name":"Au Palais Sucr\u00e9","url":"https:\/\/www.au-palais-sucre.com\/","logo":{"@type":"ImageObject","inLanguage":"fr-FR","@id":"https:\/\/www.au-palais-sucre.com\/#\/schema\/logo\/image\/","url":"https:\/\/www.au-palais-sucre.com\/wp-content\/uploads\/2023\/06\/cropped-Logo-blanc_prev_ui.png","contentUrl":"https:\/\/www.au-palais-sucre.com\/wp-content\/uploads\/2023\/06\/cropped-Logo-blanc_prev_ui.png","width":567,"height":440,"caption":"Au Palais Sucr\u00e9"},"image":{"@id":"https:\/\/www.au-palais-sucre.com\/#\/schema\/logo\/image\/"},"sameAs":["https:\/\/www.facebook.com\/people\/Au-Palais-Sucr\/pfbid0xHg32QqsqJkkArCjoHQ6aaknwKMjtXgSnFxn2J3iXRfcnKZoBnYZT1GMsdL8xcPUl\/"]}]},"product_price_amount":"4.00","product_price_currency":"EUR","og_availability":"out of stock","product_availability":"out of stock","product_retailer_item_id":"ASPGAT21","product_condition":"new"},"_links":{"self":[{"href":"https:\/\/www.au-palais-sucre.com\/index.php\/wp-json\/wp\/v2\/product\/3673","targetHints":{"allow":["GET"]}}],"collection":[{"href":"https:\/\/www.au-palais-sucre.com\/index.php\/wp-json\/wp\/v2\/product"}],"about":[{"href":"https:\/\/www.au-palais-sucre.com\/index.php\/wp-json\/wp\/v2\/types\/product"}],"replies":[{"embeddable":true,"href":"https:\/\/www.au-palais-sucre.com\/index.php\/wp-json\/wp\/v2\/comments?post=3673"}],"version-history":[{"count":0,"href":"https:\/\/www.au-palais-sucre.com\/index.php\/wp-json\/wp\/v2\/product\/3673\/revisions"}],"wp:featuredmedia":[{"embeddable":true,"href":"https:\/\/www.au-palais-sucre.com\/index.php\/wp-json\/wp\/v2\/media\/3674"}],"wp:attachment":[{"href":"https:\/\/www.au-palais-sucre.com\/index.php\/wp-json\/wp\/v2\/media?parent=3673"}],"wp:term":[{"taxonomy":"product_brand","embeddable":true,"href":"https:\/\/www.au-palais-sucre.com\/index.php\/wp-json\/wp\/v2\/product_brand?post=3673"},{"taxonomy":"product_cat","embeddable":true,"href":"https:\/\/www.au-palais-sucre.com\/index.php\/wp-json\/wp\/v2\/product_cat?post=3673"},{"taxonomy":"product_tag","embeddable":true,"href":"https:\/\/www.au-palais-sucre.com\/index.php\/wp-json\/wp\/v2\/product_tag?post=3673"}],"curies":[{"name":"wp","href":"https:\/\/api.w.org\/{rel}","templated":true}]}}