{"id":3698,"date":"2023-07-17T01:11:43","date_gmt":"2023-07-16T23:11:43","guid":{"rendered":"https:\/\/www.au-palais-sucre.com\/?post_type=product&#038;p=3698"},"modified":"2024-11-06T22:38:12","modified_gmt":"2024-11-06T21:38:12","slug":"haribo-primavera-strawberry-80gr","status":"publish","type":"product","link":"https:\/\/www.au-palais-sucre.com\/index.php\/produit\/haribo-primavera-strawberry-80gr\/","title":{"rendered":"Haribo Primavera strawberry 80gr<br>."},"content":{"rendered":"<h1>Haribo Primavera strawberry 80gr<\/h1>\n<p>D\u00e9couvrez les Haribo Primavera, des bonbons color\u00e9s et irr\u00e9sistibles qui font le bonheur des amateurs de sucreries ! Avec leur origine allemande, ces d\u00e9licieuses confiseries ont su conqu\u00e9rir le c\u0153ur des gourmands du monde entier. Les Haribo Primavera se d\u00e9marquent par leurs formes ludiques et leurs couleurs vives qui \u00e9voquent la joie et la l\u00e9g\u00e8ret\u00e9 du printemps. Leur go\u00fbt d\u00e9licieusement fruit\u00e9 et leur texture tendre en font une v\u00e9ritable explosion de saveurs en bouche. Ces bonbons sont tr\u00e8s appr\u00e9ci\u00e9s des petits et des grands pour leur douceur et leur intensit\u00e9 gustative. Populaires depuis de nombreuses ann\u00e9es, les Haribo Primavera ont su fid\u00e9liser une large communaut\u00e9 de fans qui succombent \u00e0 leur charme sucr\u00e9. Parfaits pour toutes les occasions, que ce soit pour les go\u00fbters, les f\u00eates ou les moments de plaisir partag\u00e9s, les Haribo Primavera sont un succ\u00e8s garanti. Faites-vous plaisir avec ces bonbons embl\u00e9matiques et d\u00e9couvrez pourquoi ils sont si appr\u00e9ci\u00e9s dans le monde entier.<\/p>\n<p><strong>Tous nos produits b\u00e9n\u00e9ficient d\u2019une DDM de plusieurs mois.<\/strong><br \/>\n<strong>DDM = Date de Durabilit\u00e9 Minimale, anciennement DLUO.<\/strong><\/p>\n<h3>Ingr\u00e9dients de Haribo Primavera strawberry 80gr<\/h3>\n<p>SucreSirop de glucoseG\u00e9latineAcide citrique [1]Ar\u00f4meConcentr\u00e9s de fruits et de plantes<br \/>\nCarotteRadis<\/p>\n<h4>Les services AU PALAIS SUCRE<\/h4>\n<p>Nous sommes est un site de vente de <strong>bonbons<\/strong>, <strong>confiseries<\/strong>, <strong>boissons<\/strong>, <strong>chips<\/strong> et <strong>produits du monde<\/strong>,\u00a0 pour les particuliers, les associations et les entreprises.<\/p>\n<p><strong>AU PALAIS SUCRE\u00a0<\/strong> apporte \u00e9galement un vrai service , une livraison rapide et fiable, une pr\u00e9paration des commandes dans les 24h\/48h et un service clients joignable.<\/p>\n<p><strong>AU PALAIS SUCRE<\/strong> est votre destination pour des bonbons, confiseries, boissons, chips et produits du monde pour les particuliers, les associations et les entreprises. Nous offrons un choix vari\u00e9 de produits de qualit\u00e9 sup\u00e9rieure pour satisfaire tous les go\u00fbts et les besoins.<\/p>\n<p>Nous sommes fiers d\u2019offrir \u00e0 nos clients un service hors pair. Nous nous engageons \u00e0 pr\u00e9parer et exp\u00e9dier les commandes dans les 24h\/48h suivant l\u2019achat, pour une livraison rapide et fiable. De plus, notre \u00e9quipe de service clients est toujours disponible pour r\u00e9pondre \u00e0 vos questions et vous aider \u00e0 trouver le produit id\u00e9al pour vos besoins.<\/p>\n<p>Chez AU PALAIS SUCRE, nous sommes passionn\u00e9s par les bonbons et les confiseries, et nous sommes d\u00e9termin\u00e9s \u00e0 offrir \u00e0 nos clients une exp\u00e9rience de magasinage en ligne agr\u00e9able et sans stress. Nous sommes votre guichet unique pour tous vos besoins en sucreries et en produits du monde, et nous sommes impatients de vous servir d\u00e8s maintenant !<\/p>\n<p>&nbsp;<\/p>\n","protected":false},"excerpt":{"rendered":"<h1>Haribo Primavera strawberry 80gr<\/h1>\n<p>D\u00e9couvrez les Haribo Primavera, des bonbons color\u00e9s et irr\u00e9sistibles qui font le bonheur des amateurs de sucreries ! Avec leur origine allemande, ces d\u00e9licieuses confiseries ont su conqu\u00e9rir le c\u0153ur des gourmands du monde entier. Les Haribo Primavera se d\u00e9marquent par leurs formes ludiques et leurs couleurs vives qui \u00e9voquent la joie et la l\u00e9g\u00e8ret\u00e9 du printemps. Leur go\u00fbt d\u00e9licieusement fruit\u00e9 et leur texture tendre en font une v\u00e9ritable explosion de saveurs en bouche. Ces bonbons sont tr\u00e8s appr\u00e9ci\u00e9s des petits et des grands pour leur douceur et leur intensit\u00e9 gustative. Populaires depuis de nombreuses ann\u00e9es, les Haribo Primavera ont su fid\u00e9liser une large communaut\u00e9 de fans qui succombent \u00e0 leur charme sucr\u00e9. Parfaits pour toutes les occasions, que ce soit pour les go\u00fbters, les f\u00eates ou les moments de plaisir partag\u00e9s, les Haribo Primavera sont un succ\u00e8s garanti. Faites-vous plaisir avec ces bonbons embl\u00e9matiques et d\u00e9couvrez pourquoi ils sont si appr\u00e9ci\u00e9s dans le monde entier.<\/p>\n<p><strong>Tous nos produits b\u00e9n\u00e9ficient d\u2019une DDM de plusieurs mois.<\/strong><br \/>\n<strong>DDM = Date de Durabilit\u00e9 Minimale, anciennement DLUO.<\/strong><\/p>\n","protected":false},"featured_media":3699,"comment_status":"open","ping_status":"closed","template":"","meta":{"ocean_post_layout":"","ocean_both_sidebars_style":"","ocean_both_sidebars_content_width":0,"ocean_both_sidebars_sidebars_width":0,"ocean_sidebar":"","ocean_second_sidebar":"","ocean_disable_margins":"enable","ocean_add_body_class":"","ocean_shortcode_before_top_bar":"","ocean_shortcode_after_top_bar":"","ocean_shortcode_before_header":"","ocean_shortcode_after_header":"","ocean_has_shortcode":"","ocean_shortcode_after_title":"","ocean_shortcode_before_footer_widgets":"","ocean_shortcode_after_footer_widgets":"","ocean_shortcode_before_footer_bottom":"","ocean_shortcode_after_footer_bottom":"","ocean_display_top_bar":"default","ocean_display_header":"default","ocean_header_style":"","ocean_center_header_left_menu":"","ocean_custom_header_template":"","ocean_custom_logo":0,"ocean_custom_retina_logo":0,"ocean_custom_logo_max_width":0,"ocean_custom_logo_tablet_max_width":0,"ocean_custom_logo_mobile_max_width":0,"ocean_custom_logo_max_height":0,"ocean_custom_logo_tablet_max_height":0,"ocean_custom_logo_mobile_max_height":0,"ocean_header_custom_menu":"","ocean_menu_typo_font_family":"","ocean_menu_typo_font_subset":"","ocean_menu_typo_font_size":0,"ocean_menu_typo_font_size_tablet":0,"ocean_menu_typo_font_size_mobile":0,"ocean_menu_typo_font_size_unit":"px","ocean_menu_typo_font_weight":"","ocean_menu_typo_font_weight_tablet":"","ocean_menu_typo_font_weight_mobile":"","ocean_menu_typo_transform":"","ocean_menu_typo_transform_tablet":"","ocean_menu_typo_transform_mobile":"","ocean_menu_typo_line_height":0,"ocean_menu_typo_line_height_tablet":0,"ocean_menu_typo_line_height_mobile":0,"ocean_menu_typo_line_height_unit":"","ocean_menu_typo_spacing":0,"ocean_menu_typo_spacing_tablet":0,"ocean_menu_typo_spacing_mobile":0,"ocean_menu_typo_spacing_unit":"","ocean_menu_link_color":"","ocean_menu_link_color_hover":"","ocean_menu_link_color_active":"","ocean_menu_link_background":"","ocean_menu_link_hover_background":"","ocean_menu_link_active_background":"","ocean_menu_social_links_bg":"","ocean_menu_social_hover_links_bg":"","ocean_menu_social_links_color":"","ocean_menu_social_hover_links_color":"","ocean_disable_title":"default","ocean_disable_heading":"default","ocean_post_title":"","ocean_post_subheading":"","ocean_post_title_style":"","ocean_post_title_background_color":"","ocean_post_title_background":0,"ocean_post_title_bg_image_position":"","ocean_post_title_bg_image_attachment":"","ocean_post_title_bg_image_repeat":"","ocean_post_title_bg_image_size":"","ocean_post_title_height":0,"ocean_post_title_bg_overlay":0.5,"ocean_post_title_bg_overlay_color":"","ocean_disable_breadcrumbs":"default","ocean_breadcrumbs_color":"","ocean_breadcrumbs_separator_color":"","ocean_breadcrumbs_links_color":"","ocean_breadcrumbs_links_hover_color":"","ocean_display_footer_widgets":"default","ocean_display_footer_bottom":"default","ocean_custom_footer_template":""},"product_brand":[],"product_cat":[27,89,47],"product_tag":[],"class_list":{"0":"post-3698","1":"product","2":"type-product","3":"status-publish","4":"has-post-thumbnail","6":"product_cat-bonbons-conditionnes","7":"product_cat-sachet-de-bonbon","8":"product_cat-bonbons-halal","10":"entry","11":"has-media","13":"first","14":"outofstock","15":"shipping-taxable","16":"purchasable","17":"product-type-simple","18":"has-product-nav","19":"col","20":"span_1_of_3","21":"owp-content-center","22":"owp-thumbs-layout-horizontal","23":"owp-btn-normal","24":"owp-tabs-layout-horizontal","25":"has-no-thumbnails"},"yoast_head":"<!-- This site is optimized with the Yoast SEO plugin v24.3 - https:\/\/yoast.com\/wordpress\/plugins\/seo\/ -->\n<title>Haribo Primavera strawberry 80gr. - Au Palais Sucr\u00e9<\/title>\n<meta name=\"description\" content=\"D\u00e9couvrez les Haribo Primavera Strawberry, des bonbons irr\u00e9sistibles qui combinent la fra\u00eecheur des fraises et la douceur des confiseries Haribo ! Avec leur origine allemande, ces d\u00e9licieux bonbons sont tr\u00e8s populaires aupr\u00e8s des amateurs de sucreries. Les Haribo Primavera Strawberry se distinguent par leur forme et leur couleur attrayantes, rappelant les fraises juteuses et gourmandes. Leur go\u00fbt fruit\u00e9 intense et leur texture moelleuse en font une v\u00e9ritable explosion de saveurs dans votre bouche. Ces bonbons sont appr\u00e9ci\u00e9s par les petits et les grands pour leur go\u00fbt d\u00e9licieux et leur qualit\u00e9 irr\u00e9prochable. Depuis des ann\u00e9es, les Haribo Primavera Strawberry rencontrent un grand succ\u00e8s aupr\u00e8s des consommateurs du monde entier, qui ne peuvent r\u00e9sister \u00e0 leur douceur sucr\u00e9e et \u00e0 leur saveur exceptionnelle. Que ce soit pour une pause gourmande, une f\u00eate ou un moment de plaisir partag\u00e9, les Haribo Primavera Strawberry sont une valeur s\u00fbre. Laissez-vous s\u00e9duire par ces bonbons embl\u00e9matiques et d\u00e9couvrez pourquoi ils sont si appr\u00e9ci\u00e9s partout dans le monde.\" \/>\n<meta name=\"robots\" content=\"index, follow, max-snippet:-1, max-image-preview:large, max-video-preview:-1\" \/>\n<link rel=\"canonical\" href=\"https:\/\/www.au-palais-sucre.com\/index.php\/produit\/haribo-primavera-strawberry-80gr\/\" \/>\n<meta property=\"og:locale\" content=\"fr_FR\" \/>\n<meta property=\"og:type\" content=\"article\" \/>\n<meta property=\"og:title\" content=\"Haribo Primavera strawberry 80gr. - Au Palais Sucr\u00e9\" \/>\n<meta property=\"og:description\" content=\"D\u00e9couvrez les Haribo Primavera Strawberry, des bonbons irr\u00e9sistibles qui combinent la fra\u00eecheur des fraises et la douceur des confiseries Haribo ! Avec leur origine allemande, ces d\u00e9licieux bonbons sont tr\u00e8s populaires aupr\u00e8s des amateurs de sucreries. Les Haribo Primavera Strawberry se distinguent par leur forme et leur couleur attrayantes, rappelant les fraises juteuses et gourmandes. Leur go\u00fbt fruit\u00e9 intense et leur texture moelleuse en font une v\u00e9ritable explosion de saveurs dans votre bouche. Ces bonbons sont appr\u00e9ci\u00e9s par les petits et les grands pour leur go\u00fbt d\u00e9licieux et leur qualit\u00e9 irr\u00e9prochable. Depuis des ann\u00e9es, les Haribo Primavera Strawberry rencontrent un grand succ\u00e8s aupr\u00e8s des consommateurs du monde entier, qui ne peuvent r\u00e9sister \u00e0 leur douceur sucr\u00e9e et \u00e0 leur saveur exceptionnelle. Que ce soit pour une pause gourmande, une f\u00eate ou un moment de plaisir partag\u00e9, les Haribo Primavera Strawberry sont une valeur s\u00fbre. Laissez-vous s\u00e9duire par ces bonbons embl\u00e9matiques et d\u00e9couvrez pourquoi ils sont si appr\u00e9ci\u00e9s partout dans le monde.\" \/>\n<meta property=\"og:url\" content=\"https:\/\/www.au-palais-sucre.com\/index.php\/produit\/haribo-primavera-strawberry-80gr\/\" \/>\n<meta property=\"og:site_name\" content=\"Au Palais Sucr\u00e9\" \/>\n<meta property=\"article:publisher\" content=\"https:\/\/www.facebook.com\/people\/Au-Palais-Sucr\/pfbid0xHg32QqsqJkkArCjoHQ6aaknwKMjtXgSnFxn2J3iXRfcnKZoBnYZT1GMsdL8xcPUl\/\" \/>\n<meta property=\"article:modified_time\" content=\"2024-11-06T21:38:12+00:00\" \/>\n<meta property=\"og:image\" content=\"https:\/\/www.au-palais-sucre.com\/wp-content\/uploads\/2023\/07\/Haribo-Primavera-strawberry-80gr.jpg\" \/>\n\t<meta property=\"og:image:width\" content=\"500\" \/>\n\t<meta property=\"og:image:height\" content=\"500\" \/>\n\t<meta property=\"og:image:type\" content=\"image\/jpeg\" \/>\n<meta name=\"twitter:card\" content=\"summary_large_image\" \/>\n<meta name=\"twitter:label1\" content=\"Prix\" \/>\n\t<meta name=\"twitter:data1\" content=\"2,20&nbsp;&euro;\" \/>\n\t<meta name=\"twitter:label2\" content=\"Disponibilit\u00e9\" \/>\n\t<meta name=\"twitter:data2\" content=\"Rupture de stock\" \/>\n<script type=\"application\/ld+json\" class=\"yoast-schema-graph\">{\"@context\":\"https:\/\/schema.org\",\"@graph\":[{\"@type\":\"WebPage\",\"@id\":\"https:\/\/www.au-palais-sucre.com\/index.php\/produit\/haribo-primavera-strawberry-80gr\/\",\"url\":\"https:\/\/www.au-palais-sucre.com\/index.php\/produit\/haribo-primavera-strawberry-80gr\/\",\"name\":\"Haribo Primavera strawberry 80gr . - Au Palais Sucr\u00e9\",\"isPartOf\":{\"@id\":\"https:\/\/www.au-palais-sucre.com\/#website\"},\"primaryImageOfPage\":{\"@id\":\"https:\/\/www.au-palais-sucre.com\/index.php\/produit\/haribo-primavera-strawberry-80gr\/#primaryimage\"},\"image\":{\"@id\":\"https:\/\/www.au-palais-sucre.com\/index.php\/produit\/haribo-primavera-strawberry-80gr\/#primaryimage\"},\"thumbnailUrl\":\"https:\/\/www.au-palais-sucre.com\/wp-content\/uploads\/2023\/07\/Haribo-Primavera-strawberry-80gr.jpg\",\"datePublished\":\"2023-07-16T23:11:43+00:00\",\"dateModified\":\"2024-11-06T21:38:12+00:00\",\"description\":\"D\u00e9couvrez les Haribo Primavera Strawberry, des bonbons irr\u00e9sistibles qui combinent la fra\u00eecheur des fraises et la douceur des confiseries Haribo ! Avec leur origine allemande, ces d\u00e9licieux bonbons sont tr\u00e8s populaires aupr\u00e8s des amateurs de sucreries. Les Haribo Primavera Strawberry se distinguent par leur forme et leur couleur attrayantes, rappelant les fraises juteuses et gourmandes. Leur go\u00fbt fruit\u00e9 intense et leur texture moelleuse en font une v\u00e9ritable explosion de saveurs dans votre bouche. Ces bonbons sont appr\u00e9ci\u00e9s par les petits et les grands pour leur go\u00fbt d\u00e9licieux et leur qualit\u00e9 irr\u00e9prochable. Depuis des ann\u00e9es, les Haribo Primavera Strawberry rencontrent un grand succ\u00e8s aupr\u00e8s des consommateurs du monde entier, qui ne peuvent r\u00e9sister \u00e0 leur douceur sucr\u00e9e et \u00e0 leur saveur exceptionnelle. Que ce soit pour une pause gourmande, une f\u00eate ou un moment de plaisir partag\u00e9, les Haribo Primavera Strawberry sont une valeur s\u00fbre. Laissez-vous s\u00e9duire par ces bonbons embl\u00e9matiques et d\u00e9couvrez pourquoi ils sont si appr\u00e9ci\u00e9s partout dans le monde.\",\"breadcrumb\":{\"@id\":\"https:\/\/www.au-palais-sucre.com\/index.php\/produit\/haribo-primavera-strawberry-80gr\/#breadcrumb\"},\"inLanguage\":\"fr-FR\",\"potentialAction\":[{\"@type\":\"ReadAction\",\"target\":[\"https:\/\/www.au-palais-sucre.com\/index.php\/produit\/haribo-primavera-strawberry-80gr\/\"]}]},{\"@type\":\"ImageObject\",\"inLanguage\":\"fr-FR\",\"@id\":\"https:\/\/www.au-palais-sucre.com\/index.php\/produit\/haribo-primavera-strawberry-80gr\/#primaryimage\",\"url\":\"https:\/\/www.au-palais-sucre.com\/wp-content\/uploads\/2023\/07\/Haribo-Primavera-strawberry-80gr.jpg\",\"contentUrl\":\"https:\/\/www.au-palais-sucre.com\/wp-content\/uploads\/2023\/07\/Haribo-Primavera-strawberry-80gr.jpg\",\"width\":500,\"height\":500},{\"@type\":\"BreadcrumbList\",\"@id\":\"https:\/\/www.au-palais-sucre.com\/index.php\/produit\/haribo-primavera-strawberry-80gr\/#breadcrumb\",\"itemListElement\":[{\"@type\":\"ListItem\",\"position\":1,\"name\":\"Boutique\",\"item\":\"https:\/\/www.au-palais-sucre.com\/index.php\/shop\/\"},{\"@type\":\"ListItem\",\"position\":2,\"name\":\"Haribo Primavera strawberry 80gr.\"}]},{\"@type\":\"WebSite\",\"@id\":\"https:\/\/www.au-palais-sucre.com\/#website\",\"url\":\"https:\/\/www.au-palais-sucre.com\/\",\"name\":\"Au Palais Sucr\u00e9\",\"description\":\"Arrivage permanent de nouveaux produits..\",\"publisher\":{\"@id\":\"https:\/\/www.au-palais-sucre.com\/#organization\"},\"potentialAction\":[{\"@type\":\"SearchAction\",\"target\":{\"@type\":\"EntryPoint\",\"urlTemplate\":\"https:\/\/www.au-palais-sucre.com\/?s={search_term_string}\"},\"query-input\":{\"@type\":\"PropertyValueSpecification\",\"valueRequired\":true,\"valueName\":\"search_term_string\"}}],\"inLanguage\":\"fr-FR\"},{\"@type\":\"Organization\",\"@id\":\"https:\/\/www.au-palais-sucre.com\/#organization\",\"name\":\"Au Palais Sucr\u00e9\",\"url\":\"https:\/\/www.au-palais-sucre.com\/\",\"logo\":{\"@type\":\"ImageObject\",\"inLanguage\":\"fr-FR\",\"@id\":\"https:\/\/www.au-palais-sucre.com\/#\/schema\/logo\/image\/\",\"url\":\"https:\/\/www.au-palais-sucre.com\/wp-content\/uploads\/2023\/06\/cropped-Logo-blanc_prev_ui.png\",\"contentUrl\":\"https:\/\/www.au-palais-sucre.com\/wp-content\/uploads\/2023\/06\/cropped-Logo-blanc_prev_ui.png\",\"width\":567,\"height\":440,\"caption\":\"Au Palais Sucr\u00e9\"},\"image\":{\"@id\":\"https:\/\/www.au-palais-sucre.com\/#\/schema\/logo\/image\/\"},\"sameAs\":[\"https:\/\/www.facebook.com\/people\/Au-Palais-Sucr\/pfbid0xHg32QqsqJkkArCjoHQ6aaknwKMjtXgSnFxn2J3iXRfcnKZoBnYZT1GMsdL8xcPUl\/\"]}]}<\/script>\n<meta property=\"product:price:amount\" content=\"2.20\" \/>\n<meta property=\"product:price:currency\" content=\"EUR\" \/>\n<meta property=\"og:availability\" content=\"out of stock\" \/>\n<meta property=\"product:availability\" content=\"out of stock\" \/>\n<meta property=\"product:retailer_item_id\" content=\"ASPBCON51\" \/>\n<meta property=\"product:condition\" content=\"new\" \/>\n<!-- \/ Yoast SEO plugin. -->","yoast_head_json":{"title":"Haribo Primavera strawberry 80gr. - Au Palais Sucr\u00e9","description":"D\u00e9couvrez les Haribo Primavera Strawberry, des bonbons irr\u00e9sistibles qui combinent la fra\u00eecheur des fraises et la douceur des confiseries Haribo ! Avec leur origine allemande, ces d\u00e9licieux bonbons sont tr\u00e8s populaires aupr\u00e8s des amateurs de sucreries. Les Haribo Primavera Strawberry se distinguent par leur forme et leur couleur attrayantes, rappelant les fraises juteuses et gourmandes. Leur go\u00fbt fruit\u00e9 intense et leur texture moelleuse en font une v\u00e9ritable explosion de saveurs dans votre bouche. Ces bonbons sont appr\u00e9ci\u00e9s par les petits et les grands pour leur go\u00fbt d\u00e9licieux et leur qualit\u00e9 irr\u00e9prochable. Depuis des ann\u00e9es, les Haribo Primavera Strawberry rencontrent un grand succ\u00e8s aupr\u00e8s des consommateurs du monde entier, qui ne peuvent r\u00e9sister \u00e0 leur douceur sucr\u00e9e et \u00e0 leur saveur exceptionnelle. Que ce soit pour une pause gourmande, une f\u00eate ou un moment de plaisir partag\u00e9, les Haribo Primavera Strawberry sont une valeur s\u00fbre. Laissez-vous s\u00e9duire par ces bonbons embl\u00e9matiques et d\u00e9couvrez pourquoi ils sont si appr\u00e9ci\u00e9s partout dans le monde.","robots":{"index":"index","follow":"follow","max-snippet":"max-snippet:-1","max-image-preview":"max-image-preview:large","max-video-preview":"max-video-preview:-1"},"canonical":"https:\/\/www.au-palais-sucre.com\/index.php\/produit\/haribo-primavera-strawberry-80gr\/","og_locale":"fr_FR","og_type":"article","og_title":"Haribo Primavera strawberry 80gr. - Au Palais Sucr\u00e9","og_description":"D\u00e9couvrez les Haribo Primavera Strawberry, des bonbons irr\u00e9sistibles qui combinent la fra\u00eecheur des fraises et la douceur des confiseries Haribo ! Avec leur origine allemande, ces d\u00e9licieux bonbons sont tr\u00e8s populaires aupr\u00e8s des amateurs de sucreries. Les Haribo Primavera Strawberry se distinguent par leur forme et leur couleur attrayantes, rappelant les fraises juteuses et gourmandes. Leur go\u00fbt fruit\u00e9 intense et leur texture moelleuse en font une v\u00e9ritable explosion de saveurs dans votre bouche. Ces bonbons sont appr\u00e9ci\u00e9s par les petits et les grands pour leur go\u00fbt d\u00e9licieux et leur qualit\u00e9 irr\u00e9prochable. Depuis des ann\u00e9es, les Haribo Primavera Strawberry rencontrent un grand succ\u00e8s aupr\u00e8s des consommateurs du monde entier, qui ne peuvent r\u00e9sister \u00e0 leur douceur sucr\u00e9e et \u00e0 leur saveur exceptionnelle. Que ce soit pour une pause gourmande, une f\u00eate ou un moment de plaisir partag\u00e9, les Haribo Primavera Strawberry sont une valeur s\u00fbre. Laissez-vous s\u00e9duire par ces bonbons embl\u00e9matiques et d\u00e9couvrez pourquoi ils sont si appr\u00e9ci\u00e9s partout dans le monde.","og_url":"https:\/\/www.au-palais-sucre.com\/index.php\/produit\/haribo-primavera-strawberry-80gr\/","og_site_name":"Au Palais Sucr\u00e9","article_publisher":"https:\/\/www.facebook.com\/people\/Au-Palais-Sucr\/pfbid0xHg32QqsqJkkArCjoHQ6aaknwKMjtXgSnFxn2J3iXRfcnKZoBnYZT1GMsdL8xcPUl\/","article_modified_time":"2024-11-06T21:38:12+00:00","og_image":[{"width":500,"height":500,"url":"https:\/\/www.au-palais-sucre.com\/wp-content\/uploads\/2023\/07\/Haribo-Primavera-strawberry-80gr.jpg","type":"image\/jpeg"}],"twitter_card":"summary_large_image","twitter_misc":{"Prix":"2,20&nbsp;&euro;","Disponibilit\u00e9":"Rupture de stock"},"schema":{"@context":"https:\/\/schema.org","@graph":[{"@type":"WebPage","@id":"https:\/\/www.au-palais-sucre.com\/index.php\/produit\/haribo-primavera-strawberry-80gr\/","url":"https:\/\/www.au-palais-sucre.com\/index.php\/produit\/haribo-primavera-strawberry-80gr\/","name":"Haribo Primavera strawberry 80gr . - Au Palais Sucr\u00e9","isPartOf":{"@id":"https:\/\/www.au-palais-sucre.com\/#website"},"primaryImageOfPage":{"@id":"https:\/\/www.au-palais-sucre.com\/index.php\/produit\/haribo-primavera-strawberry-80gr\/#primaryimage"},"image":{"@id":"https:\/\/www.au-palais-sucre.com\/index.php\/produit\/haribo-primavera-strawberry-80gr\/#primaryimage"},"thumbnailUrl":"https:\/\/www.au-palais-sucre.com\/wp-content\/uploads\/2023\/07\/Haribo-Primavera-strawberry-80gr.jpg","datePublished":"2023-07-16T23:11:43+00:00","dateModified":"2024-11-06T21:38:12+00:00","description":"D\u00e9couvrez les Haribo Primavera Strawberry, des bonbons irr\u00e9sistibles qui combinent la fra\u00eecheur des fraises et la douceur des confiseries Haribo ! Avec leur origine allemande, ces d\u00e9licieux bonbons sont tr\u00e8s populaires aupr\u00e8s des amateurs de sucreries. Les Haribo Primavera Strawberry se distinguent par leur forme et leur couleur attrayantes, rappelant les fraises juteuses et gourmandes. Leur go\u00fbt fruit\u00e9 intense et leur texture moelleuse en font une v\u00e9ritable explosion de saveurs dans votre bouche. Ces bonbons sont appr\u00e9ci\u00e9s par les petits et les grands pour leur go\u00fbt d\u00e9licieux et leur qualit\u00e9 irr\u00e9prochable. Depuis des ann\u00e9es, les Haribo Primavera Strawberry rencontrent un grand succ\u00e8s aupr\u00e8s des consommateurs du monde entier, qui ne peuvent r\u00e9sister \u00e0 leur douceur sucr\u00e9e et \u00e0 leur saveur exceptionnelle. Que ce soit pour une pause gourmande, une f\u00eate ou un moment de plaisir partag\u00e9, les Haribo Primavera Strawberry sont une valeur s\u00fbre. Laissez-vous s\u00e9duire par ces bonbons embl\u00e9matiques et d\u00e9couvrez pourquoi ils sont si appr\u00e9ci\u00e9s partout dans le monde.","breadcrumb":{"@id":"https:\/\/www.au-palais-sucre.com\/index.php\/produit\/haribo-primavera-strawberry-80gr\/#breadcrumb"},"inLanguage":"fr-FR","potentialAction":[{"@type":"ReadAction","target":["https:\/\/www.au-palais-sucre.com\/index.php\/produit\/haribo-primavera-strawberry-80gr\/"]}]},{"@type":"ImageObject","inLanguage":"fr-FR","@id":"https:\/\/www.au-palais-sucre.com\/index.php\/produit\/haribo-primavera-strawberry-80gr\/#primaryimage","url":"https:\/\/www.au-palais-sucre.com\/wp-content\/uploads\/2023\/07\/Haribo-Primavera-strawberry-80gr.jpg","contentUrl":"https:\/\/www.au-palais-sucre.com\/wp-content\/uploads\/2023\/07\/Haribo-Primavera-strawberry-80gr.jpg","width":500,"height":500},{"@type":"BreadcrumbList","@id":"https:\/\/www.au-palais-sucre.com\/index.php\/produit\/haribo-primavera-strawberry-80gr\/#breadcrumb","itemListElement":[{"@type":"ListItem","position":1,"name":"Boutique","item":"https:\/\/www.au-palais-sucre.com\/index.php\/shop\/"},{"@type":"ListItem","position":2,"name":"Haribo Primavera strawberry 80gr."}]},{"@type":"WebSite","@id":"https:\/\/www.au-palais-sucre.com\/#website","url":"https:\/\/www.au-palais-sucre.com\/","name":"Au Palais Sucr\u00e9","description":"Arrivage permanent de nouveaux produits..","publisher":{"@id":"https:\/\/www.au-palais-sucre.com\/#organization"},"potentialAction":[{"@type":"SearchAction","target":{"@type":"EntryPoint","urlTemplate":"https:\/\/www.au-palais-sucre.com\/?s={search_term_string}"},"query-input":{"@type":"PropertyValueSpecification","valueRequired":true,"valueName":"search_term_string"}}],"inLanguage":"fr-FR"},{"@type":"Organization","@id":"https:\/\/www.au-palais-sucre.com\/#organization","name":"Au Palais Sucr\u00e9","url":"https:\/\/www.au-palais-sucre.com\/","logo":{"@type":"ImageObject","inLanguage":"fr-FR","@id":"https:\/\/www.au-palais-sucre.com\/#\/schema\/logo\/image\/","url":"https:\/\/www.au-palais-sucre.com\/wp-content\/uploads\/2023\/06\/cropped-Logo-blanc_prev_ui.png","contentUrl":"https:\/\/www.au-palais-sucre.com\/wp-content\/uploads\/2023\/06\/cropped-Logo-blanc_prev_ui.png","width":567,"height":440,"caption":"Au Palais Sucr\u00e9"},"image":{"@id":"https:\/\/www.au-palais-sucre.com\/#\/schema\/logo\/image\/"},"sameAs":["https:\/\/www.facebook.com\/people\/Au-Palais-Sucr\/pfbid0xHg32QqsqJkkArCjoHQ6aaknwKMjtXgSnFxn2J3iXRfcnKZoBnYZT1GMsdL8xcPUl\/"]}]},"product_price_amount":"2.20","product_price_currency":"EUR","og_availability":"out of stock","product_availability":"out of stock","product_retailer_item_id":"ASPBCON51","product_condition":"new"},"_links":{"self":[{"href":"https:\/\/www.au-palais-sucre.com\/index.php\/wp-json\/wp\/v2\/product\/3698","targetHints":{"allow":["GET"]}}],"collection":[{"href":"https:\/\/www.au-palais-sucre.com\/index.php\/wp-json\/wp\/v2\/product"}],"about":[{"href":"https:\/\/www.au-palais-sucre.com\/index.php\/wp-json\/wp\/v2\/types\/product"}],"replies":[{"embeddable":true,"href":"https:\/\/www.au-palais-sucre.com\/index.php\/wp-json\/wp\/v2\/comments?post=3698"}],"version-history":[{"count":0,"href":"https:\/\/www.au-palais-sucre.com\/index.php\/wp-json\/wp\/v2\/product\/3698\/revisions"}],"wp:featuredmedia":[{"embeddable":true,"href":"https:\/\/www.au-palais-sucre.com\/index.php\/wp-json\/wp\/v2\/media\/3699"}],"wp:attachment":[{"href":"https:\/\/www.au-palais-sucre.com\/index.php\/wp-json\/wp\/v2\/media?parent=3698"}],"wp:term":[{"taxonomy":"product_brand","embeddable":true,"href":"https:\/\/www.au-palais-sucre.com\/index.php\/wp-json\/wp\/v2\/product_brand?post=3698"},{"taxonomy":"product_cat","embeddable":true,"href":"https:\/\/www.au-palais-sucre.com\/index.php\/wp-json\/wp\/v2\/product_cat?post=3698"},{"taxonomy":"product_tag","embeddable":true,"href":"https:\/\/www.au-palais-sucre.com\/index.php\/wp-json\/wp\/v2\/product_tag?post=3698"}],"curies":[{"name":"wp","href":"https:\/\/api.w.org\/{rel}","templated":true}]}}