{"id":3711,"date":"2023-07-17T16:03:19","date_gmt":"2023-07-17T14:03:19","guid":{"rendered":"https:\/\/www.au-palais-sucre.com\/?post_type=product&#038;p=3711"},"modified":"2024-03-14T22:28:26","modified_gmt":"2024-03-14T21:28:26","slug":"nerds-rope-tropical-26gr","status":"publish","type":"product","link":"https:\/\/www.au-palais-sucre.com\/index.php\/produit\/nerds-rope-tropical-26gr\/","title":{"rendered":"Nerds rope tropical 26gr<br>."},"content":{"rendered":"<h1>Nerds rope tropical 26gr<\/h1>\n<p>D\u00e9couvrez la d\u00e9licieuse Nerds Rope Tropical, une friandise d&rsquo;origine renomm\u00e9e qui conna\u00eet un grand succ\u00e8s aupr\u00e8s des gourmands du monde entier. Savourez l&rsquo;explosion de saveurs tropicales avec chaque bouch\u00e9e de cette gourmandise unique. Les Nerds Rope sont devenus rapidement populaires gr\u00e2ce \u00e0 leur combinaison de bonbons Nerds color\u00e9s et de nougat moelleux, le tout enrob\u00e9 d&rsquo;un enchev\u00eatrement savoureux. L&rsquo;association de fruits exotiques tels que l&rsquo;ananas, la mangue et la noix de coco ravira vos papilles et vous transportera instantan\u00e9ment vers les tropiques. Que ce soit pour une petite douceur personnelle ou pour partager avec vos proches, les Nerds Rope Tropical sont la garantie d&rsquo;une exp\u00e9rience gustative intense et satisfaisante. Laissez-vous emporter par cette friandise exotique et succombez \u00e0 sa popularit\u00e9 grandissante.<\/p>\n<p><strong>Tous nos produits b\u00e9n\u00e9ficient d\u2019une DDM de plusieurs mois.<\/strong><br \/>\n<strong>DDM = Date de Durabilit\u00e9 Minimale, anciennement DLUO.<\/strong><\/p>\n<h3>Ingr\u00e9dients de Nerds rope tropical 26gr<\/h3>\n<p>Dextrose, sucre, sirop de ma\u00efs, g\u00e9latine, moins de 2% de: acide malique, glyc\u00e9rine, r\u00e9sine, ar\u00f4mes naturels, acide citrique, cire de carnauba, colorants E133, E129*, E102*, E110*.<\/p>\n<h4>Les services AU PALAIS SUCRE<\/h4>\n<p>Nous sommes est un site de vente de <strong>bonbons<\/strong>, <strong>confiseries<\/strong>, <strong>boissons<\/strong>, <strong>chips<\/strong> et <strong>produits du monde<\/strong>,\u00a0 pour les particuliers, les associations et les entreprises.<\/p>\n<p><strong>AU PALAIS SUCRE\u00a0<\/strong> apporte \u00e9galement un vrai service , une livraison rapide et fiable, une pr\u00e9paration des commandes dans les 24h\/48h et un service clients joignable.<\/p>\n<p><strong>AU PALAIS SUCRE<\/strong> est votre destination pour des bonbons, confiseries, boissons, chips et produits du monde pour les particuliers, les associations et les entreprises. Nous offrons un choix vari\u00e9 de produits de qualit\u00e9 sup\u00e9rieure pour satisfaire tous les go\u00fbts et les besoins.<\/p>\n<p>Nous sommes fiers d\u2019offrir \u00e0 nos clients un service hors pair. Nous nous engageons \u00e0 pr\u00e9parer et exp\u00e9dier les commandes dans les 24h\/48h suivant l\u2019achat, pour une livraison rapide et fiable. De plus, notre \u00e9quipe de service clients est toujours disponible pour r\u00e9pondre \u00e0 vos questions et vous aider \u00e0 trouver le produit id\u00e9al pour vos besoins.<\/p>\n<p>Chez AU PALAIS SUCRE, nous sommes passionn\u00e9s par les bonbons et les confiseries, et nous sommes d\u00e9termin\u00e9s \u00e0 offrir \u00e0 nos clients une exp\u00e9rience de magasinage en ligne agr\u00e9able et sans stress. Nous sommes votre guichet unique pour tous vos besoins en sucreries et en produits du monde, et nous sommes impatients de vous servir d\u00e8s maintenant !<\/p>\n","protected":false},"excerpt":{"rendered":"<h1>Nerds rope tropical 26gr<\/h1>\n<p>D\u00e9couvrez la d\u00e9licieuse Nerds Rope Tropical, une friandise d&rsquo;origine renomm\u00e9e qui conna\u00eet un grand succ\u00e8s aupr\u00e8s des gourmands du monde entier. Savourez l&rsquo;explosion de saveurs tropicales avec chaque bouch\u00e9e de cette gourmandise unique. Les Nerds Rope sont devenus rapidement populaires gr\u00e2ce \u00e0 leur combinaison de bonbons Nerds color\u00e9s et de nougat moelleux, le tout enrob\u00e9 d&rsquo;un enchev\u00eatrement savoureux. L&rsquo;association de fruits exotiques tels que l&rsquo;ananas, la mangue et la noix de coco ravira vos papilles et vous transportera instantan\u00e9ment vers les tropiques. Que ce soit pour une petite douceur personnelle ou pour partager avec vos proches, les Nerds Rope Tropical sont la garantie d&rsquo;une exp\u00e9rience gustative intense et satisfaisante. Laissez-vous emporter par cette friandise exotique et succombez \u00e0 sa popularit\u00e9 grandissante.<\/p>\n<p><strong>Tous nos produits b\u00e9n\u00e9ficient d\u2019une DDM de plusieurs mois.<\/strong><br \/>\n<strong>DDM = Date de Durabilit\u00e9 Minimale, anciennement DLUO.<\/strong><\/p>\n","protected":false},"featured_media":3712,"comment_status":"open","ping_status":"closed","template":"","meta":{"ocean_post_layout":"","ocean_both_sidebars_style":"","ocean_both_sidebars_content_width":0,"ocean_both_sidebars_sidebars_width":0,"ocean_sidebar":"","ocean_second_sidebar":"","ocean_disable_margins":"enable","ocean_add_body_class":"","ocean_shortcode_before_top_bar":"","ocean_shortcode_after_top_bar":"","ocean_shortcode_before_header":"","ocean_shortcode_after_header":"","ocean_has_shortcode":"","ocean_shortcode_after_title":"","ocean_shortcode_before_footer_widgets":"","ocean_shortcode_after_footer_widgets":"","ocean_shortcode_before_footer_bottom":"","ocean_shortcode_after_footer_bottom":"","ocean_display_top_bar":"default","ocean_display_header":"default","ocean_header_style":"","ocean_center_header_left_menu":"","ocean_custom_header_template":"","ocean_custom_logo":0,"ocean_custom_retina_logo":0,"ocean_custom_logo_max_width":0,"ocean_custom_logo_tablet_max_width":0,"ocean_custom_logo_mobile_max_width":0,"ocean_custom_logo_max_height":0,"ocean_custom_logo_tablet_max_height":0,"ocean_custom_logo_mobile_max_height":0,"ocean_header_custom_menu":"","ocean_menu_typo_font_family":"","ocean_menu_typo_font_subset":"","ocean_menu_typo_font_size":0,"ocean_menu_typo_font_size_tablet":0,"ocean_menu_typo_font_size_mobile":0,"ocean_menu_typo_font_size_unit":"px","ocean_menu_typo_font_weight":"","ocean_menu_typo_font_weight_tablet":"","ocean_menu_typo_font_weight_mobile":"","ocean_menu_typo_transform":"","ocean_menu_typo_transform_tablet":"","ocean_menu_typo_transform_mobile":"","ocean_menu_typo_line_height":0,"ocean_menu_typo_line_height_tablet":0,"ocean_menu_typo_line_height_mobile":0,"ocean_menu_typo_line_height_unit":"","ocean_menu_typo_spacing":0,"ocean_menu_typo_spacing_tablet":0,"ocean_menu_typo_spacing_mobile":0,"ocean_menu_typo_spacing_unit":"","ocean_menu_link_color":"","ocean_menu_link_color_hover":"","ocean_menu_link_color_active":"","ocean_menu_link_background":"","ocean_menu_link_hover_background":"","ocean_menu_link_active_background":"","ocean_menu_social_links_bg":"","ocean_menu_social_hover_links_bg":"","ocean_menu_social_links_color":"","ocean_menu_social_hover_links_color":"","ocean_disable_title":"default","ocean_disable_heading":"default","ocean_post_title":"","ocean_post_subheading":"","ocean_post_title_style":"","ocean_post_title_background_color":"","ocean_post_title_background":0,"ocean_post_title_bg_image_position":"","ocean_post_title_bg_image_attachment":"","ocean_post_title_bg_image_repeat":"","ocean_post_title_bg_image_size":"","ocean_post_title_height":0,"ocean_post_title_bg_overlay":0.5,"ocean_post_title_bg_overlay_color":"","ocean_disable_breadcrumbs":"default","ocean_breadcrumbs_color":"","ocean_breadcrumbs_separator_color":"","ocean_breadcrumbs_links_color":"","ocean_breadcrumbs_links_hover_color":"","ocean_display_footer_widgets":"default","ocean_display_footer_bottom":"default","ocean_custom_footer_template":""},"product_brand":[],"product_cat":[27,52],"product_tag":[],"class_list":{"0":"post-3711","1":"product","2":"type-product","3":"status-publish","4":"has-post-thumbnail","6":"product_cat-bonbons-conditionnes","7":"product_cat-usa","9":"entry","10":"has-media","12":"first","13":"outofstock","14":"shipping-taxable","15":"purchasable","16":"product-type-simple","17":"has-product-nav","18":"col","19":"span_1_of_3","20":"owp-content-center","21":"owp-thumbs-layout-horizontal","22":"owp-btn-normal","23":"owp-tabs-layout-horizontal","24":"has-no-thumbnails"},"yoast_head":"<!-- This site is optimized with the Yoast SEO plugin v24.3 - https:\/\/yoast.com\/wordpress\/plugins\/seo\/ -->\n<title>Nerds rope tropical 26gr. - Au Palais Sucr\u00e9<\/title>\n<meta name=\"description\" content=\"D\u00e9couvrez le c\u00e9l\u00e8bre Nerds Rope Tropical, une friandise d&#039;origine am\u00e9ricaine qui fait fureur dans le monde entier. Avec son m\u00e9lange unique de bonbons Nerds acidul\u00e9s et de nougat moelleux, le Nerds Rope Tropical est le choix parfait pour les amateurs de sucreries exotiques. Son go\u00fbt d\u00e9licieusement fruit\u00e9, associant des saveurs tropicales telles que l&#039;ananas, la mangue et la papaye, vous transportera dans une v\u00e9ritable oasis de plaisir gustatif. Appr\u00e9ci\u00e9 par les petits et les grands, le Nerds Rope Tropical est devenu l&#039;une des friandises les plus populaires sur le march\u00e9. Offrez-vous un moment de gourmandise en d\u00e9gustant cette friandise color\u00e9e et succombez \u00e0 son succ\u00e8s grandissant. Que ce soit pour une collation rapide ou pour partager avec vos amis, le Nerds Rope Tropical est la garantie d&#039;une exp\u00e9rience sucr\u00e9e inoubliable.\" \/>\n<meta name=\"robots\" content=\"index, follow, max-snippet:-1, max-image-preview:large, max-video-preview:-1\" \/>\n<link rel=\"canonical\" href=\"https:\/\/www.au-palais-sucre.com\/index.php\/produit\/nerds-rope-tropical-26gr\/\" \/>\n<meta property=\"og:locale\" content=\"fr_FR\" \/>\n<meta property=\"og:type\" content=\"article\" \/>\n<meta property=\"og:title\" content=\"Nerds rope tropical 26gr. - Au Palais Sucr\u00e9\" \/>\n<meta property=\"og:description\" content=\"D\u00e9couvrez le c\u00e9l\u00e8bre Nerds Rope Tropical, une friandise d&#039;origine am\u00e9ricaine qui fait fureur dans le monde entier. Avec son m\u00e9lange unique de bonbons Nerds acidul\u00e9s et de nougat moelleux, le Nerds Rope Tropical est le choix parfait pour les amateurs de sucreries exotiques. Son go\u00fbt d\u00e9licieusement fruit\u00e9, associant des saveurs tropicales telles que l&#039;ananas, la mangue et la papaye, vous transportera dans une v\u00e9ritable oasis de plaisir gustatif. Appr\u00e9ci\u00e9 par les petits et les grands, le Nerds Rope Tropical est devenu l&#039;une des friandises les plus populaires sur le march\u00e9. Offrez-vous un moment de gourmandise en d\u00e9gustant cette friandise color\u00e9e et succombez \u00e0 son succ\u00e8s grandissant. Que ce soit pour une collation rapide ou pour partager avec vos amis, le Nerds Rope Tropical est la garantie d&#039;une exp\u00e9rience sucr\u00e9e inoubliable.\" \/>\n<meta property=\"og:url\" content=\"https:\/\/www.au-palais-sucre.com\/index.php\/produit\/nerds-rope-tropical-26gr\/\" \/>\n<meta property=\"og:site_name\" content=\"Au Palais Sucr\u00e9\" \/>\n<meta property=\"article:publisher\" content=\"https:\/\/www.facebook.com\/people\/Au-Palais-Sucr\/pfbid0xHg32QqsqJkkArCjoHQ6aaknwKMjtXgSnFxn2J3iXRfcnKZoBnYZT1GMsdL8xcPUl\/\" \/>\n<meta property=\"article:modified_time\" content=\"2024-03-14T21:28:26+00:00\" \/>\n<meta property=\"og:image\" content=\"https:\/\/www.au-palais-sucre.com\/wp-content\/uploads\/2023\/07\/Nerds-rope-tropical-26gr.jpg\" \/>\n\t<meta property=\"og:image:width\" content=\"500\" \/>\n\t<meta property=\"og:image:height\" content=\"500\" \/>\n\t<meta property=\"og:image:type\" content=\"image\/jpeg\" \/>\n<meta name=\"twitter:card\" content=\"summary_large_image\" \/>\n<meta name=\"twitter:label1\" content=\"Prix\" \/>\n\t<meta name=\"twitter:data1\" content=\"3,00&nbsp;&euro;\" \/>\n\t<meta name=\"twitter:label2\" content=\"Disponibilit\u00e9\" \/>\n\t<meta name=\"twitter:data2\" content=\"Rupture de stock\" \/>\n<script type=\"application\/ld+json\" class=\"yoast-schema-graph\">{\"@context\":\"https:\/\/schema.org\",\"@graph\":[{\"@type\":\"WebPage\",\"@id\":\"https:\/\/www.au-palais-sucre.com\/index.php\/produit\/nerds-rope-tropical-26gr\/\",\"url\":\"https:\/\/www.au-palais-sucre.com\/index.php\/produit\/nerds-rope-tropical-26gr\/\",\"name\":\"Nerds rope tropical 26gr . - Au Palais Sucr\u00e9\",\"isPartOf\":{\"@id\":\"https:\/\/www.au-palais-sucre.com\/#website\"},\"primaryImageOfPage\":{\"@id\":\"https:\/\/www.au-palais-sucre.com\/index.php\/produit\/nerds-rope-tropical-26gr\/#primaryimage\"},\"image\":{\"@id\":\"https:\/\/www.au-palais-sucre.com\/index.php\/produit\/nerds-rope-tropical-26gr\/#primaryimage\"},\"thumbnailUrl\":\"https:\/\/www.au-palais-sucre.com\/wp-content\/uploads\/2023\/07\/Nerds-rope-tropical-26gr.jpg\",\"datePublished\":\"2023-07-17T14:03:19+00:00\",\"dateModified\":\"2024-03-14T21:28:26+00:00\",\"description\":\"D\u00e9couvrez le c\u00e9l\u00e8bre Nerds Rope Tropical, une friandise d'origine am\u00e9ricaine qui fait fureur dans le monde entier. Avec son m\u00e9lange unique de bonbons Nerds acidul\u00e9s et de nougat moelleux, le Nerds Rope Tropical est le choix parfait pour les amateurs de sucreries exotiques. Son go\u00fbt d\u00e9licieusement fruit\u00e9, associant des saveurs tropicales telles que l'ananas, la mangue et la papaye, vous transportera dans une v\u00e9ritable oasis de plaisir gustatif. Appr\u00e9ci\u00e9 par les petits et les grands, le Nerds Rope Tropical est devenu l'une des friandises les plus populaires sur le march\u00e9. Offrez-vous un moment de gourmandise en d\u00e9gustant cette friandise color\u00e9e et succombez \u00e0 son succ\u00e8s grandissant. Que ce soit pour une collation rapide ou pour partager avec vos amis, le Nerds Rope Tropical est la garantie d'une exp\u00e9rience sucr\u00e9e inoubliable.\",\"breadcrumb\":{\"@id\":\"https:\/\/www.au-palais-sucre.com\/index.php\/produit\/nerds-rope-tropical-26gr\/#breadcrumb\"},\"inLanguage\":\"fr-FR\",\"potentialAction\":[{\"@type\":\"ReadAction\",\"target\":[\"https:\/\/www.au-palais-sucre.com\/index.php\/produit\/nerds-rope-tropical-26gr\/\"]}]},{\"@type\":\"ImageObject\",\"inLanguage\":\"fr-FR\",\"@id\":\"https:\/\/www.au-palais-sucre.com\/index.php\/produit\/nerds-rope-tropical-26gr\/#primaryimage\",\"url\":\"https:\/\/www.au-palais-sucre.com\/wp-content\/uploads\/2023\/07\/Nerds-rope-tropical-26gr.jpg\",\"contentUrl\":\"https:\/\/www.au-palais-sucre.com\/wp-content\/uploads\/2023\/07\/Nerds-rope-tropical-26gr.jpg\",\"width\":500,\"height\":500},{\"@type\":\"BreadcrumbList\",\"@id\":\"https:\/\/www.au-palais-sucre.com\/index.php\/produit\/nerds-rope-tropical-26gr\/#breadcrumb\",\"itemListElement\":[{\"@type\":\"ListItem\",\"position\":1,\"name\":\"Boutique\",\"item\":\"https:\/\/www.au-palais-sucre.com\/index.php\/shop\/\"},{\"@type\":\"ListItem\",\"position\":2,\"name\":\"Nerds rope tropical 26gr.\"}]},{\"@type\":\"WebSite\",\"@id\":\"https:\/\/www.au-palais-sucre.com\/#website\",\"url\":\"https:\/\/www.au-palais-sucre.com\/\",\"name\":\"Au Palais Sucr\u00e9\",\"description\":\"Arrivage permanent de nouveaux produits..\",\"publisher\":{\"@id\":\"https:\/\/www.au-palais-sucre.com\/#organization\"},\"potentialAction\":[{\"@type\":\"SearchAction\",\"target\":{\"@type\":\"EntryPoint\",\"urlTemplate\":\"https:\/\/www.au-palais-sucre.com\/?s={search_term_string}\"},\"query-input\":{\"@type\":\"PropertyValueSpecification\",\"valueRequired\":true,\"valueName\":\"search_term_string\"}}],\"inLanguage\":\"fr-FR\"},{\"@type\":\"Organization\",\"@id\":\"https:\/\/www.au-palais-sucre.com\/#organization\",\"name\":\"Au Palais Sucr\u00e9\",\"url\":\"https:\/\/www.au-palais-sucre.com\/\",\"logo\":{\"@type\":\"ImageObject\",\"inLanguage\":\"fr-FR\",\"@id\":\"https:\/\/www.au-palais-sucre.com\/#\/schema\/logo\/image\/\",\"url\":\"https:\/\/www.au-palais-sucre.com\/wp-content\/uploads\/2023\/06\/cropped-Logo-blanc_prev_ui.png\",\"contentUrl\":\"https:\/\/www.au-palais-sucre.com\/wp-content\/uploads\/2023\/06\/cropped-Logo-blanc_prev_ui.png\",\"width\":567,\"height\":440,\"caption\":\"Au Palais Sucr\u00e9\"},\"image\":{\"@id\":\"https:\/\/www.au-palais-sucre.com\/#\/schema\/logo\/image\/\"},\"sameAs\":[\"https:\/\/www.facebook.com\/people\/Au-Palais-Sucr\/pfbid0xHg32QqsqJkkArCjoHQ6aaknwKMjtXgSnFxn2J3iXRfcnKZoBnYZT1GMsdL8xcPUl\/\"]}]}<\/script>\n<meta property=\"product:price:amount\" content=\"3.00\" \/>\n<meta property=\"product:price:currency\" content=\"EUR\" \/>\n<meta property=\"og:availability\" content=\"out of stock\" \/>\n<meta property=\"product:availability\" content=\"out of stock\" \/>\n<meta property=\"product:retailer_item_id\" content=\"ASPBCON57\" \/>\n<meta property=\"product:condition\" content=\"new\" \/>\n<!-- \/ Yoast SEO plugin. -->","yoast_head_json":{"title":"Nerds rope tropical 26gr. - Au Palais Sucr\u00e9","description":"D\u00e9couvrez le c\u00e9l\u00e8bre Nerds Rope Tropical, une friandise d'origine am\u00e9ricaine qui fait fureur dans le monde entier. Avec son m\u00e9lange unique de bonbons Nerds acidul\u00e9s et de nougat moelleux, le Nerds Rope Tropical est le choix parfait pour les amateurs de sucreries exotiques. Son go\u00fbt d\u00e9licieusement fruit\u00e9, associant des saveurs tropicales telles que l'ananas, la mangue et la papaye, vous transportera dans une v\u00e9ritable oasis de plaisir gustatif. Appr\u00e9ci\u00e9 par les petits et les grands, le Nerds Rope Tropical est devenu l'une des friandises les plus populaires sur le march\u00e9. Offrez-vous un moment de gourmandise en d\u00e9gustant cette friandise color\u00e9e et succombez \u00e0 son succ\u00e8s grandissant. Que ce soit pour une collation rapide ou pour partager avec vos amis, le Nerds Rope Tropical est la garantie d'une exp\u00e9rience sucr\u00e9e inoubliable.","robots":{"index":"index","follow":"follow","max-snippet":"max-snippet:-1","max-image-preview":"max-image-preview:large","max-video-preview":"max-video-preview:-1"},"canonical":"https:\/\/www.au-palais-sucre.com\/index.php\/produit\/nerds-rope-tropical-26gr\/","og_locale":"fr_FR","og_type":"article","og_title":"Nerds rope tropical 26gr. - Au Palais Sucr\u00e9","og_description":"D\u00e9couvrez le c\u00e9l\u00e8bre Nerds Rope Tropical, une friandise d'origine am\u00e9ricaine qui fait fureur dans le monde entier. Avec son m\u00e9lange unique de bonbons Nerds acidul\u00e9s et de nougat moelleux, le Nerds Rope Tropical est le choix parfait pour les amateurs de sucreries exotiques. Son go\u00fbt d\u00e9licieusement fruit\u00e9, associant des saveurs tropicales telles que l'ananas, la mangue et la papaye, vous transportera dans une v\u00e9ritable oasis de plaisir gustatif. Appr\u00e9ci\u00e9 par les petits et les grands, le Nerds Rope Tropical est devenu l'une des friandises les plus populaires sur le march\u00e9. Offrez-vous un moment de gourmandise en d\u00e9gustant cette friandise color\u00e9e et succombez \u00e0 son succ\u00e8s grandissant. Que ce soit pour une collation rapide ou pour partager avec vos amis, le Nerds Rope Tropical est la garantie d'une exp\u00e9rience sucr\u00e9e inoubliable.","og_url":"https:\/\/www.au-palais-sucre.com\/index.php\/produit\/nerds-rope-tropical-26gr\/","og_site_name":"Au Palais Sucr\u00e9","article_publisher":"https:\/\/www.facebook.com\/people\/Au-Palais-Sucr\/pfbid0xHg32QqsqJkkArCjoHQ6aaknwKMjtXgSnFxn2J3iXRfcnKZoBnYZT1GMsdL8xcPUl\/","article_modified_time":"2024-03-14T21:28:26+00:00","og_image":[{"width":500,"height":500,"url":"https:\/\/www.au-palais-sucre.com\/wp-content\/uploads\/2023\/07\/Nerds-rope-tropical-26gr.jpg","type":"image\/jpeg"}],"twitter_card":"summary_large_image","twitter_misc":{"Prix":"3,00&nbsp;&euro;","Disponibilit\u00e9":"Rupture de stock"},"schema":{"@context":"https:\/\/schema.org","@graph":[{"@type":"WebPage","@id":"https:\/\/www.au-palais-sucre.com\/index.php\/produit\/nerds-rope-tropical-26gr\/","url":"https:\/\/www.au-palais-sucre.com\/index.php\/produit\/nerds-rope-tropical-26gr\/","name":"Nerds rope tropical 26gr . - Au Palais Sucr\u00e9","isPartOf":{"@id":"https:\/\/www.au-palais-sucre.com\/#website"},"primaryImageOfPage":{"@id":"https:\/\/www.au-palais-sucre.com\/index.php\/produit\/nerds-rope-tropical-26gr\/#primaryimage"},"image":{"@id":"https:\/\/www.au-palais-sucre.com\/index.php\/produit\/nerds-rope-tropical-26gr\/#primaryimage"},"thumbnailUrl":"https:\/\/www.au-palais-sucre.com\/wp-content\/uploads\/2023\/07\/Nerds-rope-tropical-26gr.jpg","datePublished":"2023-07-17T14:03:19+00:00","dateModified":"2024-03-14T21:28:26+00:00","description":"D\u00e9couvrez le c\u00e9l\u00e8bre Nerds Rope Tropical, une friandise d'origine am\u00e9ricaine qui fait fureur dans le monde entier. Avec son m\u00e9lange unique de bonbons Nerds acidul\u00e9s et de nougat moelleux, le Nerds Rope Tropical est le choix parfait pour les amateurs de sucreries exotiques. Son go\u00fbt d\u00e9licieusement fruit\u00e9, associant des saveurs tropicales telles que l'ananas, la mangue et la papaye, vous transportera dans une v\u00e9ritable oasis de plaisir gustatif. Appr\u00e9ci\u00e9 par les petits et les grands, le Nerds Rope Tropical est devenu l'une des friandises les plus populaires sur le march\u00e9. Offrez-vous un moment de gourmandise en d\u00e9gustant cette friandise color\u00e9e et succombez \u00e0 son succ\u00e8s grandissant. Que ce soit pour une collation rapide ou pour partager avec vos amis, le Nerds Rope Tropical est la garantie d'une exp\u00e9rience sucr\u00e9e inoubliable.","breadcrumb":{"@id":"https:\/\/www.au-palais-sucre.com\/index.php\/produit\/nerds-rope-tropical-26gr\/#breadcrumb"},"inLanguage":"fr-FR","potentialAction":[{"@type":"ReadAction","target":["https:\/\/www.au-palais-sucre.com\/index.php\/produit\/nerds-rope-tropical-26gr\/"]}]},{"@type":"ImageObject","inLanguage":"fr-FR","@id":"https:\/\/www.au-palais-sucre.com\/index.php\/produit\/nerds-rope-tropical-26gr\/#primaryimage","url":"https:\/\/www.au-palais-sucre.com\/wp-content\/uploads\/2023\/07\/Nerds-rope-tropical-26gr.jpg","contentUrl":"https:\/\/www.au-palais-sucre.com\/wp-content\/uploads\/2023\/07\/Nerds-rope-tropical-26gr.jpg","width":500,"height":500},{"@type":"BreadcrumbList","@id":"https:\/\/www.au-palais-sucre.com\/index.php\/produit\/nerds-rope-tropical-26gr\/#breadcrumb","itemListElement":[{"@type":"ListItem","position":1,"name":"Boutique","item":"https:\/\/www.au-palais-sucre.com\/index.php\/shop\/"},{"@type":"ListItem","position":2,"name":"Nerds rope tropical 26gr."}]},{"@type":"WebSite","@id":"https:\/\/www.au-palais-sucre.com\/#website","url":"https:\/\/www.au-palais-sucre.com\/","name":"Au Palais Sucr\u00e9","description":"Arrivage permanent de nouveaux produits..","publisher":{"@id":"https:\/\/www.au-palais-sucre.com\/#organization"},"potentialAction":[{"@type":"SearchAction","target":{"@type":"EntryPoint","urlTemplate":"https:\/\/www.au-palais-sucre.com\/?s={search_term_string}"},"query-input":{"@type":"PropertyValueSpecification","valueRequired":true,"valueName":"search_term_string"}}],"inLanguage":"fr-FR"},{"@type":"Organization","@id":"https:\/\/www.au-palais-sucre.com\/#organization","name":"Au Palais Sucr\u00e9","url":"https:\/\/www.au-palais-sucre.com\/","logo":{"@type":"ImageObject","inLanguage":"fr-FR","@id":"https:\/\/www.au-palais-sucre.com\/#\/schema\/logo\/image\/","url":"https:\/\/www.au-palais-sucre.com\/wp-content\/uploads\/2023\/06\/cropped-Logo-blanc_prev_ui.png","contentUrl":"https:\/\/www.au-palais-sucre.com\/wp-content\/uploads\/2023\/06\/cropped-Logo-blanc_prev_ui.png","width":567,"height":440,"caption":"Au Palais Sucr\u00e9"},"image":{"@id":"https:\/\/www.au-palais-sucre.com\/#\/schema\/logo\/image\/"},"sameAs":["https:\/\/www.facebook.com\/people\/Au-Palais-Sucr\/pfbid0xHg32QqsqJkkArCjoHQ6aaknwKMjtXgSnFxn2J3iXRfcnKZoBnYZT1GMsdL8xcPUl\/"]}]},"product_price_amount":"3.00","product_price_currency":"EUR","og_availability":"out of stock","product_availability":"out of stock","product_retailer_item_id":"ASPBCON57","product_condition":"new"},"_links":{"self":[{"href":"https:\/\/www.au-palais-sucre.com\/index.php\/wp-json\/wp\/v2\/product\/3711","targetHints":{"allow":["GET"]}}],"collection":[{"href":"https:\/\/www.au-palais-sucre.com\/index.php\/wp-json\/wp\/v2\/product"}],"about":[{"href":"https:\/\/www.au-palais-sucre.com\/index.php\/wp-json\/wp\/v2\/types\/product"}],"replies":[{"embeddable":true,"href":"https:\/\/www.au-palais-sucre.com\/index.php\/wp-json\/wp\/v2\/comments?post=3711"}],"version-history":[{"count":0,"href":"https:\/\/www.au-palais-sucre.com\/index.php\/wp-json\/wp\/v2\/product\/3711\/revisions"}],"wp:featuredmedia":[{"embeddable":true,"href":"https:\/\/www.au-palais-sucre.com\/index.php\/wp-json\/wp\/v2\/media\/3712"}],"wp:attachment":[{"href":"https:\/\/www.au-palais-sucre.com\/index.php\/wp-json\/wp\/v2\/media?parent=3711"}],"wp:term":[{"taxonomy":"product_brand","embeddable":true,"href":"https:\/\/www.au-palais-sucre.com\/index.php\/wp-json\/wp\/v2\/product_brand?post=3711"},{"taxonomy":"product_cat","embeddable":true,"href":"https:\/\/www.au-palais-sucre.com\/index.php\/wp-json\/wp\/v2\/product_cat?post=3711"},{"taxonomy":"product_tag","embeddable":true,"href":"https:\/\/www.au-palais-sucre.com\/index.php\/wp-json\/wp\/v2\/product_tag?post=3711"}],"curies":[{"name":"wp","href":"https:\/\/api.w.org\/{rel}","templated":true}]}}