{"id":3734,"date":"2023-05-17T20:00:00","date_gmt":"2023-05-17T18:00:00","guid":{"rendered":"https:\/\/www.au-palais-sucre.com\/?post_type=product&#038;p=3734"},"modified":"2025-11-06T15:29:14","modified_gmt":"2025-11-06T14:29:14","slug":"jack-links-beef-jerky-sweet-and-hot-25gr","status":"publish","type":"product","link":"https:\/\/www.au-palais-sucre.com\/index.php\/produit\/jack-links-beef-jerky-sweet-and-hot-25gr\/","title":{"rendered":"Jack Links beef jerky sweet and hot 25gr"},"content":{"rendered":"<h1>Jack Links beef jerky sweet and hot 25gr<\/h1>\n<p>D\u00e9couvrez l&rsquo;origine am\u00e9ricaine de la c\u00e9l\u00e8bre marque Jack Link&rsquo;s et laissez-vous s\u00e9duire par la popularit\u00e9 croissante du Beef Jerky Sweet and Hot. Appr\u00e9ci\u00e9 pour son go\u00fbt \u00e9quilibr\u00e9 entre douceur et piquant, ce jerky \u00e0 base de b\u0153uf de qualit\u00e9 sup\u00e9rieure est marin\u00e9 dans une savoureuse combinaison de saveurs sucr\u00e9es et \u00e9pic\u00e9es. Son succ\u00e8s est grandissant aupr\u00e8s des amateurs de collations prot\u00e9in\u00e9es, qui appr\u00e9cient sa texture tendre et sa richesse en ar\u00f4mes. Le Beef Jerky Sweet and Hot de Jack Link&rsquo;s est le choix id\u00e9al pour une pause gourmande et \u00e9nergisante. Laissez-vous tenter par cette d\u00e9licieuse combinaison de saveurs et succombez au plaisir d&rsquo;un jerky irr\u00e9sistible.<\/p>\n<p><strong>Tous nos produits b\u00e9n\u00e9ficient d\u2019une DDM de plusieurs mois.<\/strong><br \/>\n<strong>DDM = Date de Durabilit\u00e9 Minimale, anciennement DLUO.<\/strong><\/p>\n<p>DLC : 03\/02\/2026<\/p>\n<h3>Ingr\u00e9dients de Jack Links beef jerky sweet and hot 25gr<\/h3>\n<p>Viande de b\u0153uf, sucre, sel, \u00e9pices (dont <strong>C\u00c9LERI<\/strong>), ar\u00f4me, extrait de levure, sel nitrit\u00e9 pour saumure (sel, conservateur E250), antioxydant E392, r\u00e9gulateur d&rsquo;acidit\u00e9 E330, ar\u00f4me de fum\u00e9e.<\/p>\n<p>D\u00e9claration nutritionnelle (pour 100g): \u00e9nergie 1147KJ\/274Kcal, mati\u00e8res grasses 3.6g (dont acides gras satur\u00e9s 1.4g), glucides 21.5g (dont sucres 20.5g), prot\u00e9ines 38.9g, sel 4.9g.<\/p>\n<h4>Les services AU PALAIS SUCRE<\/h4>\n<p>Nous sommes est un site de vente de <strong>bonbons<\/strong>, <strong>confiseries<\/strong>, <strong>boissons<\/strong>, <strong>chips<\/strong> et <strong>produits du monde<\/strong>,\u00a0 pour les particuliers, les associations et les entreprises.<\/p>\n<p><strong>AU PALAIS SUCRE\u00a0<\/strong> apporte \u00e9galement un vrai service , une livraison rapide et fiable, une pr\u00e9paration des commandes dans les 24h\/48h et un service clients joignable.<\/p>\n<p><strong>AU PALAIS SUCRE<\/strong> est votre destination pour des bonbons, confiseries, boissons, chips et produits du monde pour les particuliers, les associations et les entreprises. Nous offrons un choix vari\u00e9 de produits de qualit\u00e9 sup\u00e9rieure pour satisfaire tous les go\u00fbts et les besoins.<\/p>\n<p>Nous sommes fiers d\u2019offrir \u00e0 nos clients un service hors pair. Nous nous engageons \u00e0 pr\u00e9parer et exp\u00e9dier les commandes dans les 24h\/48h suivant l\u2019achat, pour une livraison rapide et fiable. De plus, notre \u00e9quipe de service clients est toujours disponible pour r\u00e9pondre \u00e0 vos questions et vous aider \u00e0 trouver le produit id\u00e9al pour vos besoins.<\/p>\n<p>Chez AU PALAIS SUCRE, nous sommes passionn\u00e9s par les bonbons et les confiseries, et nous sommes d\u00e9termin\u00e9s \u00e0 offrir \u00e0 nos clients une exp\u00e9rience de magasinage en ligne agr\u00e9able et sans stress. Nous sommes votre guichet unique pour tous vos besoins en sucreries et en produits du monde, et nous sommes impatients de vous servir d\u00e8s maintenant !<\/p>\n<p>&nbsp;<\/p>\n","protected":false},"excerpt":{"rendered":"<h1>Jack Links beef jerky sweet and hot 25gr<\/h1>\n<p>D\u00e9couvrez l&rsquo;origine am\u00e9ricaine de la c\u00e9l\u00e8bre marque Jack Link&rsquo;s et laissez-vous s\u00e9duire par la popularit\u00e9 croissante du Beef Jerky Sweet and Hot. Appr\u00e9ci\u00e9 pour son go\u00fbt \u00e9quilibr\u00e9 entre douceur et piquant, ce jerky \u00e0 base de b\u0153uf de qualit\u00e9 sup\u00e9rieure est marin\u00e9 dans une savoureuse combinaison de saveurs sucr\u00e9es et \u00e9pic\u00e9es. Son succ\u00e8s est grandissant aupr\u00e8s des amateurs de collations prot\u00e9in\u00e9es, qui appr\u00e9cient sa texture tendre et sa richesse en ar\u00f4mes. Le Beef Jerky Sweet and Hot de Jack Link&rsquo;s est le choix id\u00e9al pour une pause gourmande et \u00e9nergisante. Laissez-vous tenter par cette d\u00e9licieuse combinaison de saveurs et succombez au plaisir d&rsquo;un jerky irr\u00e9sistible.<\/p>\n<p><strong>Tous nos produits b\u00e9n\u00e9ficient d\u2019une DDM de plusieurs mois.<\/strong><br \/>\n<strong>DDM = Date de Durabilit\u00e9 Minimale, anciennement DLUO.<\/strong><\/p>\n","protected":false},"featured_media":3735,"comment_status":"open","ping_status":"closed","template":"","meta":{"ocean_post_layout":"","ocean_both_sidebars_style":"","ocean_both_sidebars_content_width":0,"ocean_both_sidebars_sidebars_width":0,"ocean_sidebar":"0","ocean_second_sidebar":"0","ocean_disable_margins":"enable","ocean_add_body_class":"","ocean_shortcode_before_top_bar":"","ocean_shortcode_after_top_bar":"","ocean_shortcode_before_header":"","ocean_shortcode_after_header":"","ocean_has_shortcode":"","ocean_shortcode_after_title":"","ocean_shortcode_before_footer_widgets":"","ocean_shortcode_after_footer_widgets":"","ocean_shortcode_before_footer_bottom":"","ocean_shortcode_after_footer_bottom":"","ocean_display_top_bar":"default","ocean_display_header":"default","ocean_header_style":"","ocean_center_header_left_menu":"0","ocean_custom_header_template":"0","ocean_custom_logo":0,"ocean_custom_retina_logo":0,"ocean_custom_logo_max_width":0,"ocean_custom_logo_tablet_max_width":0,"ocean_custom_logo_mobile_max_width":0,"ocean_custom_logo_max_height":0,"ocean_custom_logo_tablet_max_height":0,"ocean_custom_logo_mobile_max_height":0,"ocean_header_custom_menu":"0","ocean_menu_typo_font_family":"0","ocean_menu_typo_font_subset":"","ocean_menu_typo_font_size":0,"ocean_menu_typo_font_size_tablet":0,"ocean_menu_typo_font_size_mobile":0,"ocean_menu_typo_font_size_unit":"px","ocean_menu_typo_font_weight":"","ocean_menu_typo_font_weight_tablet":"","ocean_menu_typo_font_weight_mobile":"","ocean_menu_typo_transform":"","ocean_menu_typo_transform_tablet":"","ocean_menu_typo_transform_mobile":"","ocean_menu_typo_line_height":0,"ocean_menu_typo_line_height_tablet":0,"ocean_menu_typo_line_height_mobile":0,"ocean_menu_typo_line_height_unit":"","ocean_menu_typo_spacing":0,"ocean_menu_typo_spacing_tablet":0,"ocean_menu_typo_spacing_mobile":0,"ocean_menu_typo_spacing_unit":"","ocean_menu_link_color":"","ocean_menu_link_color_hover":"","ocean_menu_link_color_active":"","ocean_menu_link_background":"","ocean_menu_link_hover_background":"","ocean_menu_link_active_background":"","ocean_menu_social_links_bg":"","ocean_menu_social_hover_links_bg":"","ocean_menu_social_links_color":"","ocean_menu_social_hover_links_color":"","ocean_disable_title":"default","ocean_disable_heading":"default","ocean_post_title":"","ocean_post_subheading":"","ocean_post_title_style":"","ocean_post_title_background_color":"","ocean_post_title_background":0,"ocean_post_title_bg_image_position":"","ocean_post_title_bg_image_attachment":"","ocean_post_title_bg_image_repeat":"","ocean_post_title_bg_image_size":"","ocean_post_title_height":0,"ocean_post_title_bg_overlay":0.5,"ocean_post_title_bg_overlay_color":"","ocean_disable_breadcrumbs":"default","ocean_breadcrumbs_color":"","ocean_breadcrumbs_separator_color":"","ocean_breadcrumbs_links_color":"","ocean_breadcrumbs_links_hover_color":"","ocean_display_footer_widgets":"default","ocean_display_footer_bottom":"default","ocean_custom_footer_template":"0"},"product_brand":[],"product_cat":[51,52],"product_tag":[],"class_list":{"0":"post-3734","1":"product","2":"type-product","3":"status-publish","4":"has-post-thumbnail","6":"product_cat-ships","7":"product_cat-usa","9":"entry","10":"has-media","12":"first","13":"instock","14":"shipping-taxable","15":"purchasable","16":"product-type-simple","17":"has-product-nav","18":"col","19":"span_1_of_3","20":"owp-content-center","21":"owp-thumbs-layout-horizontal","22":"owp-btn-normal","23":"owp-tabs-layout-horizontal","24":"has-no-thumbnails"},"yoast_head":"<!-- This site is optimized with the Yoast SEO plugin v24.3 - https:\/\/yoast.com\/wordpress\/plugins\/seo\/ -->\n<title>Jack Links beef jerky sweet and hot 25gr - Au Palais Sucr\u00e9<\/title>\n<meta name=\"description\" content=\"D\u00e9couvrez l&#039;origine am\u00e9ricaine de la marque renomm\u00e9e Jack Link&#039;s et plongez dans la popularit\u00e9 croissante du Beef Jerky Sweet and Hot. Ce savoureux jerky \u00e0 base de b\u0153uf est un v\u00e9ritable r\u00e9gal pour les papilles, alliant parfaitement la douceur et la chaleur des saveurs. Son go\u00fbt exquis et sa texture tendre en font un en-cas appr\u00e9ci\u00e9 par les amateurs de collations prot\u00e9in\u00e9es. Avec sa combinaison parfaite de douceur et de piquant, le Beef Jerky Sweet and Hot de Jack Link&#039;s est devenu un incontournable pour les gourmets en qu\u00eate d&#039;une exp\u00e9rience gustative unique. Succombez \u00e0 la tentation et savourez chaque bouch\u00e9e de ce jerky au succ\u00e8s grandissant.\" \/>\n<meta name=\"robots\" content=\"index, follow, max-snippet:-1, max-image-preview:large, max-video-preview:-1\" \/>\n<link rel=\"canonical\" href=\"https:\/\/www.au-palais-sucre.com\/index.php\/produit\/jack-links-beef-jerky-sweet-and-hot-25gr\/\" \/>\n<meta property=\"og:locale\" content=\"fr_FR\" \/>\n<meta property=\"og:type\" content=\"article\" \/>\n<meta property=\"og:title\" content=\"Jack Links beef jerky sweet and hot 25gr - Au Palais Sucr\u00e9\" \/>\n<meta property=\"og:description\" content=\"D\u00e9couvrez l&#039;origine am\u00e9ricaine de la marque renomm\u00e9e Jack Link&#039;s et plongez dans la popularit\u00e9 croissante du Beef Jerky Sweet and Hot. Ce savoureux jerky \u00e0 base de b\u0153uf est un v\u00e9ritable r\u00e9gal pour les papilles, alliant parfaitement la douceur et la chaleur des saveurs. Son go\u00fbt exquis et sa texture tendre en font un en-cas appr\u00e9ci\u00e9 par les amateurs de collations prot\u00e9in\u00e9es. Avec sa combinaison parfaite de douceur et de piquant, le Beef Jerky Sweet and Hot de Jack Link&#039;s est devenu un incontournable pour les gourmets en qu\u00eate d&#039;une exp\u00e9rience gustative unique. Succombez \u00e0 la tentation et savourez chaque bouch\u00e9e de ce jerky au succ\u00e8s grandissant.\" \/>\n<meta property=\"og:url\" content=\"https:\/\/www.au-palais-sucre.com\/index.php\/produit\/jack-links-beef-jerky-sweet-and-hot-25gr\/\" \/>\n<meta property=\"og:site_name\" content=\"Au Palais Sucr\u00e9\" \/>\n<meta property=\"article:publisher\" content=\"https:\/\/www.facebook.com\/people\/Au-Palais-Sucr\/pfbid0xHg32QqsqJkkArCjoHQ6aaknwKMjtXgSnFxn2J3iXRfcnKZoBnYZT1GMsdL8xcPUl\/\" \/>\n<meta property=\"article:modified_time\" content=\"2025-11-06T14:29:14+00:00\" \/>\n<meta property=\"og:image\" content=\"https:\/\/www.au-palais-sucre.com\/wp-content\/uploads\/2023\/07\/Jack-Links-beef-jerky-sweet-and-hot-25gr.jpg\" \/>\n\t<meta property=\"og:image:width\" content=\"500\" \/>\n\t<meta property=\"og:image:height\" content=\"500\" \/>\n\t<meta property=\"og:image:type\" content=\"image\/jpeg\" \/>\n<meta name=\"twitter:card\" content=\"summary_large_image\" \/>\n<meta name=\"twitter:label1\" content=\"Prix\" \/>\n\t<meta name=\"twitter:data1\" content=\"4,80&nbsp;&euro;\" \/>\n\t<meta name=\"twitter:label2\" content=\"Disponibilit\u00e9\" \/>\n\t<meta name=\"twitter:data2\" content=\"En stock\" \/>\n<script type=\"application\/ld+json\" class=\"yoast-schema-graph\">{\"@context\":\"https:\/\/schema.org\",\"@graph\":[{\"@type\":\"WebPage\",\"@id\":\"https:\/\/www.au-palais-sucre.com\/index.php\/produit\/jack-links-beef-jerky-sweet-and-hot-25gr\/\",\"url\":\"https:\/\/www.au-palais-sucre.com\/index.php\/produit\/jack-links-beef-jerky-sweet-and-hot-25gr\/\",\"name\":\"Jack Links beef jerky sweet and hot 25gr - Au Palais Sucr\u00e9\",\"isPartOf\":{\"@id\":\"https:\/\/www.au-palais-sucre.com\/#website\"},\"primaryImageOfPage\":{\"@id\":\"https:\/\/www.au-palais-sucre.com\/index.php\/produit\/jack-links-beef-jerky-sweet-and-hot-25gr\/#primaryimage\"},\"image\":{\"@id\":\"https:\/\/www.au-palais-sucre.com\/index.php\/produit\/jack-links-beef-jerky-sweet-and-hot-25gr\/#primaryimage\"},\"thumbnailUrl\":\"https:\/\/www.au-palais-sucre.com\/wp-content\/uploads\/2023\/07\/Jack-Links-beef-jerky-sweet-and-hot-25gr.jpg\",\"datePublished\":\"2023-05-17T18:00:00+00:00\",\"dateModified\":\"2025-11-06T14:29:14+00:00\",\"description\":\"D\u00e9couvrez l'origine am\u00e9ricaine de la marque renomm\u00e9e Jack Link's et plongez dans la popularit\u00e9 croissante du Beef Jerky Sweet and Hot. Ce savoureux jerky \u00e0 base de b\u0153uf est un v\u00e9ritable r\u00e9gal pour les papilles, alliant parfaitement la douceur et la chaleur des saveurs. Son go\u00fbt exquis et sa texture tendre en font un en-cas appr\u00e9ci\u00e9 par les amateurs de collations prot\u00e9in\u00e9es. Avec sa combinaison parfaite de douceur et de piquant, le Beef Jerky Sweet and Hot de Jack Link's est devenu un incontournable pour les gourmets en qu\u00eate d'une exp\u00e9rience gustative unique. Succombez \u00e0 la tentation et savourez chaque bouch\u00e9e de ce jerky au succ\u00e8s grandissant.\",\"breadcrumb\":{\"@id\":\"https:\/\/www.au-palais-sucre.com\/index.php\/produit\/jack-links-beef-jerky-sweet-and-hot-25gr\/#breadcrumb\"},\"inLanguage\":\"fr-FR\",\"potentialAction\":[{\"@type\":\"ReadAction\",\"target\":[\"https:\/\/www.au-palais-sucre.com\/index.php\/produit\/jack-links-beef-jerky-sweet-and-hot-25gr\/\"]}]},{\"@type\":\"ImageObject\",\"inLanguage\":\"fr-FR\",\"@id\":\"https:\/\/www.au-palais-sucre.com\/index.php\/produit\/jack-links-beef-jerky-sweet-and-hot-25gr\/#primaryimage\",\"url\":\"https:\/\/www.au-palais-sucre.com\/wp-content\/uploads\/2023\/07\/Jack-Links-beef-jerky-sweet-and-hot-25gr.jpg\",\"contentUrl\":\"https:\/\/www.au-palais-sucre.com\/wp-content\/uploads\/2023\/07\/Jack-Links-beef-jerky-sweet-and-hot-25gr.jpg\",\"width\":500,\"height\":500},{\"@type\":\"BreadcrumbList\",\"@id\":\"https:\/\/www.au-palais-sucre.com\/index.php\/produit\/jack-links-beef-jerky-sweet-and-hot-25gr\/#breadcrumb\",\"itemListElement\":[{\"@type\":\"ListItem\",\"position\":1,\"name\":\"Boutique\",\"item\":\"https:\/\/www.au-palais-sucre.com\/index.php\/shop\/\"},{\"@type\":\"ListItem\",\"position\":2,\"name\":\"Jack Links beef jerky sweet and hot 25gr\"}]},{\"@type\":\"WebSite\",\"@id\":\"https:\/\/www.au-palais-sucre.com\/#website\",\"url\":\"https:\/\/www.au-palais-sucre.com\/\",\"name\":\"Au Palais Sucr\u00e9\",\"description\":\"Arrivage permanent de nouveaux produits..\",\"publisher\":{\"@id\":\"https:\/\/www.au-palais-sucre.com\/#organization\"},\"potentialAction\":[{\"@type\":\"SearchAction\",\"target\":{\"@type\":\"EntryPoint\",\"urlTemplate\":\"https:\/\/www.au-palais-sucre.com\/?s={search_term_string}\"},\"query-input\":{\"@type\":\"PropertyValueSpecification\",\"valueRequired\":true,\"valueName\":\"search_term_string\"}}],\"inLanguage\":\"fr-FR\"},{\"@type\":\"Organization\",\"@id\":\"https:\/\/www.au-palais-sucre.com\/#organization\",\"name\":\"Au Palais Sucr\u00e9\",\"url\":\"https:\/\/www.au-palais-sucre.com\/\",\"logo\":{\"@type\":\"ImageObject\",\"inLanguage\":\"fr-FR\",\"@id\":\"https:\/\/www.au-palais-sucre.com\/#\/schema\/logo\/image\/\",\"url\":\"https:\/\/www.au-palais-sucre.com\/wp-content\/uploads\/2023\/06\/cropped-Logo-blanc_prev_ui.png\",\"contentUrl\":\"https:\/\/www.au-palais-sucre.com\/wp-content\/uploads\/2023\/06\/cropped-Logo-blanc_prev_ui.png\",\"width\":567,\"height\":440,\"caption\":\"Au Palais Sucr\u00e9\"},\"image\":{\"@id\":\"https:\/\/www.au-palais-sucre.com\/#\/schema\/logo\/image\/\"},\"sameAs\":[\"https:\/\/www.facebook.com\/people\/Au-Palais-Sucr\/pfbid0xHg32QqsqJkkArCjoHQ6aaknwKMjtXgSnFxn2J3iXRfcnKZoBnYZT1GMsdL8xcPUl\/\"]}]}<\/script>\n<meta property=\"product:price:amount\" content=\"4.80\" \/>\n<meta property=\"product:price:currency\" content=\"EUR\" \/>\n<meta property=\"og:availability\" content=\"instock\" \/>\n<meta property=\"product:availability\" content=\"instock\" \/>\n<meta property=\"product:retailer_item_id\" content=\"ASPCHIP21\" \/>\n<meta property=\"product:condition\" content=\"new\" \/>\n<!-- \/ Yoast SEO plugin. -->","yoast_head_json":{"title":"Jack Links beef jerky sweet and hot 25gr - Au Palais Sucr\u00e9","description":"D\u00e9couvrez l'origine am\u00e9ricaine de la marque renomm\u00e9e Jack Link's et plongez dans la popularit\u00e9 croissante du Beef Jerky Sweet and Hot. Ce savoureux jerky \u00e0 base de b\u0153uf est un v\u00e9ritable r\u00e9gal pour les papilles, alliant parfaitement la douceur et la chaleur des saveurs. Son go\u00fbt exquis et sa texture tendre en font un en-cas appr\u00e9ci\u00e9 par les amateurs de collations prot\u00e9in\u00e9es. Avec sa combinaison parfaite de douceur et de piquant, le Beef Jerky Sweet and Hot de Jack Link's est devenu un incontournable pour les gourmets en qu\u00eate d'une exp\u00e9rience gustative unique. Succombez \u00e0 la tentation et savourez chaque bouch\u00e9e de ce jerky au succ\u00e8s grandissant.","robots":{"index":"index","follow":"follow","max-snippet":"max-snippet:-1","max-image-preview":"max-image-preview:large","max-video-preview":"max-video-preview:-1"},"canonical":"https:\/\/www.au-palais-sucre.com\/index.php\/produit\/jack-links-beef-jerky-sweet-and-hot-25gr\/","og_locale":"fr_FR","og_type":"article","og_title":"Jack Links beef jerky sweet and hot 25gr - Au Palais Sucr\u00e9","og_description":"D\u00e9couvrez l'origine am\u00e9ricaine de la marque renomm\u00e9e Jack Link's et plongez dans la popularit\u00e9 croissante du Beef Jerky Sweet and Hot. Ce savoureux jerky \u00e0 base de b\u0153uf est un v\u00e9ritable r\u00e9gal pour les papilles, alliant parfaitement la douceur et la chaleur des saveurs. Son go\u00fbt exquis et sa texture tendre en font un en-cas appr\u00e9ci\u00e9 par les amateurs de collations prot\u00e9in\u00e9es. Avec sa combinaison parfaite de douceur et de piquant, le Beef Jerky Sweet and Hot de Jack Link's est devenu un incontournable pour les gourmets en qu\u00eate d'une exp\u00e9rience gustative unique. Succombez \u00e0 la tentation et savourez chaque bouch\u00e9e de ce jerky au succ\u00e8s grandissant.","og_url":"https:\/\/www.au-palais-sucre.com\/index.php\/produit\/jack-links-beef-jerky-sweet-and-hot-25gr\/","og_site_name":"Au Palais Sucr\u00e9","article_publisher":"https:\/\/www.facebook.com\/people\/Au-Palais-Sucr\/pfbid0xHg32QqsqJkkArCjoHQ6aaknwKMjtXgSnFxn2J3iXRfcnKZoBnYZT1GMsdL8xcPUl\/","article_modified_time":"2025-11-06T14:29:14+00:00","og_image":[{"width":500,"height":500,"url":"https:\/\/www.au-palais-sucre.com\/wp-content\/uploads\/2023\/07\/Jack-Links-beef-jerky-sweet-and-hot-25gr.jpg","type":"image\/jpeg"}],"twitter_card":"summary_large_image","twitter_misc":{"Prix":"4,80&nbsp;&euro;","Disponibilit\u00e9":"En stock"},"schema":{"@context":"https:\/\/schema.org","@graph":[{"@type":"WebPage","@id":"https:\/\/www.au-palais-sucre.com\/index.php\/produit\/jack-links-beef-jerky-sweet-and-hot-25gr\/","url":"https:\/\/www.au-palais-sucre.com\/index.php\/produit\/jack-links-beef-jerky-sweet-and-hot-25gr\/","name":"Jack Links beef jerky sweet and hot 25gr - Au Palais Sucr\u00e9","isPartOf":{"@id":"https:\/\/www.au-palais-sucre.com\/#website"},"primaryImageOfPage":{"@id":"https:\/\/www.au-palais-sucre.com\/index.php\/produit\/jack-links-beef-jerky-sweet-and-hot-25gr\/#primaryimage"},"image":{"@id":"https:\/\/www.au-palais-sucre.com\/index.php\/produit\/jack-links-beef-jerky-sweet-and-hot-25gr\/#primaryimage"},"thumbnailUrl":"https:\/\/www.au-palais-sucre.com\/wp-content\/uploads\/2023\/07\/Jack-Links-beef-jerky-sweet-and-hot-25gr.jpg","datePublished":"2023-05-17T18:00:00+00:00","dateModified":"2025-11-06T14:29:14+00:00","description":"D\u00e9couvrez l'origine am\u00e9ricaine de la marque renomm\u00e9e Jack Link's et plongez dans la popularit\u00e9 croissante du Beef Jerky Sweet and Hot. Ce savoureux jerky \u00e0 base de b\u0153uf est un v\u00e9ritable r\u00e9gal pour les papilles, alliant parfaitement la douceur et la chaleur des saveurs. Son go\u00fbt exquis et sa texture tendre en font un en-cas appr\u00e9ci\u00e9 par les amateurs de collations prot\u00e9in\u00e9es. Avec sa combinaison parfaite de douceur et de piquant, le Beef Jerky Sweet and Hot de Jack Link's est devenu un incontournable pour les gourmets en qu\u00eate d'une exp\u00e9rience gustative unique. Succombez \u00e0 la tentation et savourez chaque bouch\u00e9e de ce jerky au succ\u00e8s grandissant.","breadcrumb":{"@id":"https:\/\/www.au-palais-sucre.com\/index.php\/produit\/jack-links-beef-jerky-sweet-and-hot-25gr\/#breadcrumb"},"inLanguage":"fr-FR","potentialAction":[{"@type":"ReadAction","target":["https:\/\/www.au-palais-sucre.com\/index.php\/produit\/jack-links-beef-jerky-sweet-and-hot-25gr\/"]}]},{"@type":"ImageObject","inLanguage":"fr-FR","@id":"https:\/\/www.au-palais-sucre.com\/index.php\/produit\/jack-links-beef-jerky-sweet-and-hot-25gr\/#primaryimage","url":"https:\/\/www.au-palais-sucre.com\/wp-content\/uploads\/2023\/07\/Jack-Links-beef-jerky-sweet-and-hot-25gr.jpg","contentUrl":"https:\/\/www.au-palais-sucre.com\/wp-content\/uploads\/2023\/07\/Jack-Links-beef-jerky-sweet-and-hot-25gr.jpg","width":500,"height":500},{"@type":"BreadcrumbList","@id":"https:\/\/www.au-palais-sucre.com\/index.php\/produit\/jack-links-beef-jerky-sweet-and-hot-25gr\/#breadcrumb","itemListElement":[{"@type":"ListItem","position":1,"name":"Boutique","item":"https:\/\/www.au-palais-sucre.com\/index.php\/shop\/"},{"@type":"ListItem","position":2,"name":"Jack Links beef jerky sweet and hot 25gr"}]},{"@type":"WebSite","@id":"https:\/\/www.au-palais-sucre.com\/#website","url":"https:\/\/www.au-palais-sucre.com\/","name":"Au Palais Sucr\u00e9","description":"Arrivage permanent de nouveaux produits..","publisher":{"@id":"https:\/\/www.au-palais-sucre.com\/#organization"},"potentialAction":[{"@type":"SearchAction","target":{"@type":"EntryPoint","urlTemplate":"https:\/\/www.au-palais-sucre.com\/?s={search_term_string}"},"query-input":{"@type":"PropertyValueSpecification","valueRequired":true,"valueName":"search_term_string"}}],"inLanguage":"fr-FR"},{"@type":"Organization","@id":"https:\/\/www.au-palais-sucre.com\/#organization","name":"Au Palais Sucr\u00e9","url":"https:\/\/www.au-palais-sucre.com\/","logo":{"@type":"ImageObject","inLanguage":"fr-FR","@id":"https:\/\/www.au-palais-sucre.com\/#\/schema\/logo\/image\/","url":"https:\/\/www.au-palais-sucre.com\/wp-content\/uploads\/2023\/06\/cropped-Logo-blanc_prev_ui.png","contentUrl":"https:\/\/www.au-palais-sucre.com\/wp-content\/uploads\/2023\/06\/cropped-Logo-blanc_prev_ui.png","width":567,"height":440,"caption":"Au Palais Sucr\u00e9"},"image":{"@id":"https:\/\/www.au-palais-sucre.com\/#\/schema\/logo\/image\/"},"sameAs":["https:\/\/www.facebook.com\/people\/Au-Palais-Sucr\/pfbid0xHg32QqsqJkkArCjoHQ6aaknwKMjtXgSnFxn2J3iXRfcnKZoBnYZT1GMsdL8xcPUl\/"]}]},"product_price_amount":"4.80","product_price_currency":"EUR","og_availability":"instock","product_availability":"instock","product_retailer_item_id":"ASPCHIP21","product_condition":"new"},"_links":{"self":[{"href":"https:\/\/www.au-palais-sucre.com\/index.php\/wp-json\/wp\/v2\/product\/3734","targetHints":{"allow":["GET"]}}],"collection":[{"href":"https:\/\/www.au-palais-sucre.com\/index.php\/wp-json\/wp\/v2\/product"}],"about":[{"href":"https:\/\/www.au-palais-sucre.com\/index.php\/wp-json\/wp\/v2\/types\/product"}],"replies":[{"embeddable":true,"href":"https:\/\/www.au-palais-sucre.com\/index.php\/wp-json\/wp\/v2\/comments?post=3734"}],"version-history":[{"count":3,"href":"https:\/\/www.au-palais-sucre.com\/index.php\/wp-json\/wp\/v2\/product\/3734\/revisions"}],"predecessor-version":[{"id":6170,"href":"https:\/\/www.au-palais-sucre.com\/index.php\/wp-json\/wp\/v2\/product\/3734\/revisions\/6170"}],"wp:featuredmedia":[{"embeddable":true,"href":"https:\/\/www.au-palais-sucre.com\/index.php\/wp-json\/wp\/v2\/media\/3735"}],"wp:attachment":[{"href":"https:\/\/www.au-palais-sucre.com\/index.php\/wp-json\/wp\/v2\/media?parent=3734"}],"wp:term":[{"taxonomy":"product_brand","embeddable":true,"href":"https:\/\/www.au-palais-sucre.com\/index.php\/wp-json\/wp\/v2\/product_brand?post=3734"},{"taxonomy":"product_cat","embeddable":true,"href":"https:\/\/www.au-palais-sucre.com\/index.php\/wp-json\/wp\/v2\/product_cat?post=3734"},{"taxonomy":"product_tag","embeddable":true,"href":"https:\/\/www.au-palais-sucre.com\/index.php\/wp-json\/wp\/v2\/product_tag?post=3734"}],"curies":[{"name":"wp","href":"https:\/\/api.w.org\/{rel}","templated":true}]}}