{"id":3882,"date":"2023-07-25T17:31:59","date_gmt":"2023-07-25T15:31:59","guid":{"rendered":"https:\/\/www.au-palais-sucre.com\/?post_type=product&#038;p=3882"},"modified":"2025-07-24T17:02:08","modified_gmt":"2025-07-24T15:02:08","slug":"twist-bleu-sucre-sachet-100gr","status":"publish","type":"product","link":"https:\/\/www.au-palais-sucre.com\/index.php\/produit\/twist-bleu-sucre-sachet-100gr\/","title":{"rendered":"Twist bleu sucr\u00e9 sachet 100gr<BR>."},"content":{"rendered":"<h1>Twist bleu sucr\u00e9 sachet 100gr<\/h1>\n<div class=\"flex flex-grow flex-col gap-3\">\n<div class=\"min-h-[20px] flex items-start overflow-x-auto whitespace-pre-wrap break-words flex-col gap-4\">\n<div class=\"markdown prose w-full break-words dark:prose-invert light\">\n<p>Plongez dans l&rsquo;univers envo\u00fbtant du bonbon \u00ab\u00a0Twist bleu sucr\u00e9\u00a0\u00bb ! Appr\u00e9ci\u00e9 par un nombre croissant de gourmands, ce d\u00e9licieux bonbon s\u00e9duit par sa popularit\u00e9 grandissante. Son go\u00fbt unique et raffin\u00e9 vous transporte dans un tourbillon de saveurs sucr\u00e9es et d\u00e9licieusement myst\u00e9rieuses.<\/p>\n<p>Succ\u00e8s incontestable aupr\u00e8s des petits et des grands, le \u00ab\u00a0Twist bleu sucr\u00e9\u00a0\u00bb est une v\u00e9ritable explosion de douceur en bouche. Sa couleur enchanteresse et son ar\u00f4me irr\u00e9sistible en font une exp\u00e9rience gustative inoubliable.<\/p>\n<p>Id\u00e9al pour combler vos envies de douceurs, ce bonbon est le compagnon parfait pour vos moments de d\u00e9tente, de partage entre amis ou en famille. Ajoutez une touche de magie sucr\u00e9e \u00e0 vos journ\u00e9es en d\u00e9gustant le \u00ab\u00a0Twist bleu sucr\u00e9\u00a0\u00bb lors de vos go\u00fbters, f\u00eates et c\u00e9l\u00e9brations.<\/p>\n<p>Ne r\u00e9sistez plus \u00e0 l&rsquo;appel de la gourmandise et laissez-vous envo\u00fbter par le succ\u00e8s du \u00ab\u00a0Twist bleu sucr\u00e9\u00a0\u00bb. Une v\u00e9ritable p\u00e9pite sucr\u00e9e qui \u00e9merveillera vos papilles \u00e0 chaque instant de d\u00e9gustation !<\/p>\n<p><strong>Tous nos produits b\u00e9n\u00e9ficient d\u2019une DDM de plusieurs mois.<\/strong><br \/>\n<strong>DDM = Date de Durabilit\u00e9 Minimale, anciennement DLUO.<\/strong><\/p>\n<p>DLC 03\/10\/2026<\/p>\n<h3>Ingr\u00e9dients de Twist bleu sucr\u00e9 sachet 100gr<\/h3>\n<p>Sucre, sirop de glucose, eau, g\u00e9lifiant : g\u00e9latine de boeuf halal, amidon modifi\u00e9 de pomme de terre, pectine, ar\u00f4mes.<\/p>\n<h4>Les services AU PALAIS SUCRE<\/h4>\n<p>Nous sommes est un site de vente de <strong>bonbons<\/strong>, <strong>confiseries<\/strong>, <strong>boissons<\/strong>, <strong>chips<\/strong> et <strong>produits du monde<\/strong>,\u00a0 pour les particuliers, les associations et les entreprises.<\/p>\n<p><strong>AU PALAIS SUCRE\u00a0<\/strong> apporte \u00e9galement un vrai service , une livraison rapide et fiable, une pr\u00e9paration des commandes dans les 24h\/48h et un service clients joignable.<\/p>\n<p><strong>AU PALAIS SUCRE<\/strong> est votre destination pour des bonbons, confiseries, boissons, chips et produits du monde pour les particuliers, les associations et les entreprises. Nous offrons un choix vari\u00e9 de produits de qualit\u00e9 sup\u00e9rieure pour satisfaire tous les go\u00fbts et les besoins.<\/p>\n<p>Nous sommes fiers d\u2019offrir \u00e0 nos clients un service hors pair. Nous nous engageons \u00e0 pr\u00e9parer et exp\u00e9dier les commandes dans les 24h\/48h suivant l\u2019achat, pour une livraison rapide et fiable. De plus, notre \u00e9quipe de service clients est toujours disponible pour r\u00e9pondre \u00e0 vos questions et vous aider \u00e0 trouver le produit id\u00e9al pour vos besoins.<\/p>\n<p>Chez AU PALAIS SUCRE, nous sommes passionn\u00e9s par les bonbons et les confiseries, et nous sommes d\u00e9termin\u00e9s \u00e0 offrir \u00e0 nos clients une exp\u00e9rience de magasinage en ligne agr\u00e9able et sans stress. Nous sommes votre guichet unique pour tous vos besoins en sucreries et en produits du monde, et nous sommes impatients de vous servir d\u00e8s maintenant !<\/p>\n<\/div>\n<\/div>\n<\/div>\n<p>&nbsp;<\/p>\n","protected":false},"excerpt":{"rendered":"<h1>Twist bleu sucr\u00e9 sachet 100gr<\/h1>\n<div class=\"flex flex-grow flex-col gap-3\">\n<div class=\"min-h-[20px] flex items-start overflow-x-auto whitespace-pre-wrap break-words flex-col gap-4\">\n<div class=\"markdown prose w-full break-words dark:prose-invert light\">\n<p>Plongez dans l&rsquo;univers envo\u00fbtant du bonbon \u00ab\u00a0Twist bleu sucr\u00e9\u00a0\u00bb ! Appr\u00e9ci\u00e9 par un nombre croissant de gourmands, ce d\u00e9licieux bonbon s\u00e9duit par sa popularit\u00e9 grandissante. Son go\u00fbt unique et raffin\u00e9 vous transporte dans un tourbillon de saveurs sucr\u00e9es et d\u00e9licieusement myst\u00e9rieuses.<\/p>\n<p>Succ\u00e8s incontestable aupr\u00e8s des petits et des grands, le \u00ab\u00a0Twist bleu sucr\u00e9\u00a0\u00bb est une v\u00e9ritable explosion de douceur en bouche. Sa couleur enchanteresse et son ar\u00f4me irr\u00e9sistible en font une exp\u00e9rience gustative inoubliable.<\/p>\n<p>Id\u00e9al pour combler vos envies de douceurs, ce bonbon est le compagnon parfait pour vos moments de d\u00e9tente, de partage entre amis ou en famille. Ajoutez une touche de magie sucr\u00e9e \u00e0 vos journ\u00e9es en d\u00e9gustant le \u00ab\u00a0Twist bleu sucr\u00e9\u00a0\u00bb lors de vos go\u00fbters, f\u00eates et c\u00e9l\u00e9brations.<\/p>\n<p>Ne r\u00e9sistez plus \u00e0 l&rsquo;appel de la gourmandise et laissez-vous envo\u00fbter par le succ\u00e8s du \u00ab\u00a0Twist bleu sucr\u00e9\u00a0\u00bb. Une v\u00e9ritable p\u00e9pite sucr\u00e9e qui \u00e9merveillera vos papilles \u00e0 chaque instant de d\u00e9gustation !<\/p>\n<p><strong>Tous nos produits b\u00e9n\u00e9ficient d\u2019une DDM de plusieurs mois.<\/strong><br \/>\n<strong>DDM = Date de Durabilit\u00e9 Minimale, anciennement DLUO.<\/strong><\/p>\n<\/div>\n<\/div>\n<\/div>\n","protected":false},"featured_media":6008,"comment_status":"open","ping_status":"closed","template":"","meta":{"ocean_post_layout":"","ocean_both_sidebars_style":"","ocean_both_sidebars_content_width":0,"ocean_both_sidebars_sidebars_width":0,"ocean_sidebar":"0","ocean_second_sidebar":"0","ocean_disable_margins":"enable","ocean_add_body_class":"","ocean_shortcode_before_top_bar":"","ocean_shortcode_after_top_bar":"","ocean_shortcode_before_header":"","ocean_shortcode_after_header":"","ocean_has_shortcode":"","ocean_shortcode_after_title":"","ocean_shortcode_before_footer_widgets":"","ocean_shortcode_after_footer_widgets":"","ocean_shortcode_before_footer_bottom":"","ocean_shortcode_after_footer_bottom":"","ocean_display_top_bar":"default","ocean_display_header":"default","ocean_header_style":"","ocean_center_header_left_menu":"0","ocean_custom_header_template":"0","ocean_custom_logo":0,"ocean_custom_retina_logo":0,"ocean_custom_logo_max_width":0,"ocean_custom_logo_tablet_max_width":0,"ocean_custom_logo_mobile_max_width":0,"ocean_custom_logo_max_height":0,"ocean_custom_logo_tablet_max_height":0,"ocean_custom_logo_mobile_max_height":0,"ocean_header_custom_menu":"0","ocean_menu_typo_font_family":"0","ocean_menu_typo_font_subset":"","ocean_menu_typo_font_size":0,"ocean_menu_typo_font_size_tablet":0,"ocean_menu_typo_font_size_mobile":0,"ocean_menu_typo_font_size_unit":"px","ocean_menu_typo_font_weight":"","ocean_menu_typo_font_weight_tablet":"","ocean_menu_typo_font_weight_mobile":"","ocean_menu_typo_transform":"","ocean_menu_typo_transform_tablet":"","ocean_menu_typo_transform_mobile":"","ocean_menu_typo_line_height":0,"ocean_menu_typo_line_height_tablet":0,"ocean_menu_typo_line_height_mobile":0,"ocean_menu_typo_line_height_unit":"","ocean_menu_typo_spacing":0,"ocean_menu_typo_spacing_tablet":0,"ocean_menu_typo_spacing_mobile":0,"ocean_menu_typo_spacing_unit":"","ocean_menu_link_color":"","ocean_menu_link_color_hover":"","ocean_menu_link_color_active":"","ocean_menu_link_background":"","ocean_menu_link_hover_background":"","ocean_menu_link_active_background":"","ocean_menu_social_links_bg":"","ocean_menu_social_hover_links_bg":"","ocean_menu_social_links_color":"","ocean_menu_social_hover_links_color":"","ocean_disable_title":"default","ocean_disable_heading":"default","ocean_post_title":"","ocean_post_subheading":"","ocean_post_title_style":"","ocean_post_title_background_color":"","ocean_post_title_background":0,"ocean_post_title_bg_image_position":"","ocean_post_title_bg_image_attachment":"","ocean_post_title_bg_image_repeat":"","ocean_post_title_bg_image_size":"","ocean_post_title_height":0,"ocean_post_title_bg_overlay":0.5,"ocean_post_title_bg_overlay_color":"","ocean_disable_breadcrumbs":"default","ocean_breadcrumbs_color":"","ocean_breadcrumbs_separator_color":"","ocean_breadcrumbs_links_color":"","ocean_breadcrumbs_links_hover_color":"","ocean_display_footer_widgets":"default","ocean_display_footer_bottom":"default","ocean_custom_footer_template":"0"},"product_brand":[],"product_cat":[16,47,109,50],"product_tag":[],"class_list":{"0":"post-3882","1":"product","2":"type-product","3":"status-publish","4":"has-post-thumbnail","6":"product_cat-bonbons-en-vrac","7":"product_cat-bonbons-halal","8":"product_cat-bonbon-sans-gluten","9":"product_cat-sucre","11":"entry","12":"has-media","14":"first","15":"instock","16":"shipping-taxable","17":"purchasable","18":"product-type-simple","19":"has-product-nav","20":"col","21":"span_1_of_3","22":"owp-content-center","23":"owp-thumbs-layout-horizontal","24":"owp-btn-normal","25":"owp-tabs-layout-horizontal","26":"has-no-thumbnails"},"yoast_head":"<!-- This site is optimized with the Yoast SEO plugin v24.3 - https:\/\/yoast.com\/wordpress\/plugins\/seo\/ -->\n<title>Twist bleu sucr\u00e9 sachet 100gr. - Au Palais Sucr\u00e9<\/title>\n<meta name=\"description\" content=\"D\u00e9couvrez le bonbon &quot;Twist bleu sucr\u00e9&quot;, une sensation de saveurs pris\u00e9e par de nombreux amateurs de douceurs. Sa popularit\u00e9 grandissante t\u00e9moigne de son irr\u00e9sistible attrait aupr\u00e8s des gourmands. Plongez dans un tourbillon de d\u00e9lices gr\u00e2ce \u00e0 son go\u00fbt exquis et envo\u00fbtant qui ne manquera pas de vous s\u00e9duire.Ce bonbon est le choix incontournable pour les amoureux des sucreries, offrant une exp\u00e9rience gustative unique et m\u00e9morable. Son succ\u00e8s retentissant en fait une option de pr\u00e9dilection lors des moments de d\u00e9tente, des rassemblements entre amis ou des c\u00e9l\u00e9brations.Ne r\u00e9sistez plus \u00e0 la tentation et laissez-vous emporter par le d\u00e9lice sucr\u00e9 du &quot;Twist bleu sucr\u00e9&quot;. Savourez-le lors de vos pauses gourmandes pour un moment de pur bonheur. Vous serez enchant\u00e9 par la magie sucr\u00e9e de ce bonbon, faisant de chaque bouch\u00e9e un instant inoubliable.\" \/>\n<meta name=\"robots\" content=\"index, follow, max-snippet:-1, max-image-preview:large, max-video-preview:-1\" \/>\n<link rel=\"canonical\" href=\"https:\/\/www.au-palais-sucre.com\/index.php\/produit\/twist-bleu-sucre-sachet-100gr\/\" \/>\n<meta property=\"og:locale\" content=\"fr_FR\" \/>\n<meta property=\"og:type\" content=\"article\" \/>\n<meta property=\"og:title\" content=\"Twist bleu sucr\u00e9 sachet 100gr. - Au Palais Sucr\u00e9\" \/>\n<meta property=\"og:description\" content=\"D\u00e9couvrez le bonbon &quot;Twist bleu sucr\u00e9&quot;, une sensation de saveurs pris\u00e9e par de nombreux amateurs de douceurs. Sa popularit\u00e9 grandissante t\u00e9moigne de son irr\u00e9sistible attrait aupr\u00e8s des gourmands. Plongez dans un tourbillon de d\u00e9lices gr\u00e2ce \u00e0 son go\u00fbt exquis et envo\u00fbtant qui ne manquera pas de vous s\u00e9duire.Ce bonbon est le choix incontournable pour les amoureux des sucreries, offrant une exp\u00e9rience gustative unique et m\u00e9morable. Son succ\u00e8s retentissant en fait une option de pr\u00e9dilection lors des moments de d\u00e9tente, des rassemblements entre amis ou des c\u00e9l\u00e9brations.Ne r\u00e9sistez plus \u00e0 la tentation et laissez-vous emporter par le d\u00e9lice sucr\u00e9 du &quot;Twist bleu sucr\u00e9&quot;. Savourez-le lors de vos pauses gourmandes pour un moment de pur bonheur. Vous serez enchant\u00e9 par la magie sucr\u00e9e de ce bonbon, faisant de chaque bouch\u00e9e un instant inoubliable.\" \/>\n<meta property=\"og:url\" content=\"https:\/\/www.au-palais-sucre.com\/index.php\/produit\/twist-bleu-sucre-sachet-100gr\/\" \/>\n<meta property=\"og:site_name\" content=\"Au Palais Sucr\u00e9\" \/>\n<meta property=\"article:publisher\" content=\"https:\/\/www.facebook.com\/people\/Au-Palais-Sucr\/pfbid0xHg32QqsqJkkArCjoHQ6aaknwKMjtXgSnFxn2J3iXRfcnKZoBnYZT1GMsdL8xcPUl\/\" \/>\n<meta property=\"article:modified_time\" content=\"2025-07-24T15:02:08+00:00\" \/>\n<meta property=\"og:image\" content=\"https:\/\/www.au-palais-sucre.com\/wp-content\/uploads\/2023\/07\/bisous-framboises-damel.webp\" \/>\n\t<meta property=\"og:image:width\" content=\"800\" \/>\n\t<meta property=\"og:image:height\" content=\"800\" \/>\n\t<meta property=\"og:image:type\" content=\"image\/webp\" \/>\n<meta name=\"twitter:card\" content=\"summary_large_image\" \/>\n<meta name=\"twitter:label1\" content=\"Prix\" \/>\n\t<meta name=\"twitter:data1\" content=\"2,00&nbsp;&euro;\" \/>\n\t<meta name=\"twitter:label2\" content=\"Disponibilit\u00e9\" \/>\n\t<meta name=\"twitter:data2\" content=\"En stock\" \/>\n<script type=\"application\/ld+json\" class=\"yoast-schema-graph\">{\"@context\":\"https:\/\/schema.org\",\"@graph\":[{\"@type\":\"WebPage\",\"@id\":\"https:\/\/www.au-palais-sucre.com\/index.php\/produit\/twist-bleu-sucre-sachet-100gr\/\",\"url\":\"https:\/\/www.au-palais-sucre.com\/index.php\/produit\/twist-bleu-sucre-sachet-100gr\/\",\"name\":\"Twist bleu sucr\u00e9 sachet 100gr . - Au Palais Sucr\u00e9\",\"isPartOf\":{\"@id\":\"https:\/\/www.au-palais-sucre.com\/#website\"},\"primaryImageOfPage\":{\"@id\":\"https:\/\/www.au-palais-sucre.com\/index.php\/produit\/twist-bleu-sucre-sachet-100gr\/#primaryimage\"},\"image\":{\"@id\":\"https:\/\/www.au-palais-sucre.com\/index.php\/produit\/twist-bleu-sucre-sachet-100gr\/#primaryimage\"},\"thumbnailUrl\":\"https:\/\/www.au-palais-sucre.com\/wp-content\/uploads\/2023\/07\/bisous-framboises-damel.webp\",\"datePublished\":\"2023-07-25T15:31:59+00:00\",\"dateModified\":\"2025-07-24T15:02:08+00:00\",\"description\":\"D\u00e9couvrez le bonbon \\\"Twist bleu sucr\u00e9\\\", une sensation de saveurs pris\u00e9e par de nombreux amateurs de douceurs. Sa popularit\u00e9 grandissante t\u00e9moigne de son irr\u00e9sistible attrait aupr\u00e8s des gourmands. Plongez dans un tourbillon de d\u00e9lices gr\u00e2ce \u00e0 son go\u00fbt exquis et envo\u00fbtant qui ne manquera pas de vous s\u00e9duire.Ce bonbon est le choix incontournable pour les amoureux des sucreries, offrant une exp\u00e9rience gustative unique et m\u00e9morable. Son succ\u00e8s retentissant en fait une option de pr\u00e9dilection lors des moments de d\u00e9tente, des rassemblements entre amis ou des c\u00e9l\u00e9brations.Ne r\u00e9sistez plus \u00e0 la tentation et laissez-vous emporter par le d\u00e9lice sucr\u00e9 du \\\"Twist bleu sucr\u00e9\\\". Savourez-le lors de vos pauses gourmandes pour un moment de pur bonheur. Vous serez enchant\u00e9 par la magie sucr\u00e9e de ce bonbon, faisant de chaque bouch\u00e9e un instant inoubliable.\",\"breadcrumb\":{\"@id\":\"https:\/\/www.au-palais-sucre.com\/index.php\/produit\/twist-bleu-sucre-sachet-100gr\/#breadcrumb\"},\"inLanguage\":\"fr-FR\",\"potentialAction\":[{\"@type\":\"ReadAction\",\"target\":[\"https:\/\/www.au-palais-sucre.com\/index.php\/produit\/twist-bleu-sucre-sachet-100gr\/\"]}]},{\"@type\":\"ImageObject\",\"inLanguage\":\"fr-FR\",\"@id\":\"https:\/\/www.au-palais-sucre.com\/index.php\/produit\/twist-bleu-sucre-sachet-100gr\/#primaryimage\",\"url\":\"https:\/\/www.au-palais-sucre.com\/wp-content\/uploads\/2023\/07\/bisous-framboises-damel.webp\",\"contentUrl\":\"https:\/\/www.au-palais-sucre.com\/wp-content\/uploads\/2023\/07\/bisous-framboises-damel.webp\",\"width\":800,\"height\":800},{\"@type\":\"BreadcrumbList\",\"@id\":\"https:\/\/www.au-palais-sucre.com\/index.php\/produit\/twist-bleu-sucre-sachet-100gr\/#breadcrumb\",\"itemListElement\":[{\"@type\":\"ListItem\",\"position\":1,\"name\":\"Boutique\",\"item\":\"https:\/\/www.au-palais-sucre.com\/index.php\/shop\/\"},{\"@type\":\"ListItem\",\"position\":2,\"name\":\"Twist bleu sucr\u00e9 sachet 100gr.\"}]},{\"@type\":\"WebSite\",\"@id\":\"https:\/\/www.au-palais-sucre.com\/#website\",\"url\":\"https:\/\/www.au-palais-sucre.com\/\",\"name\":\"Au Palais Sucr\u00e9\",\"description\":\"Arrivage permanent de nouveaux produits..\",\"publisher\":{\"@id\":\"https:\/\/www.au-palais-sucre.com\/#organization\"},\"potentialAction\":[{\"@type\":\"SearchAction\",\"target\":{\"@type\":\"EntryPoint\",\"urlTemplate\":\"https:\/\/www.au-palais-sucre.com\/?s={search_term_string}\"},\"query-input\":{\"@type\":\"PropertyValueSpecification\",\"valueRequired\":true,\"valueName\":\"search_term_string\"}}],\"inLanguage\":\"fr-FR\"},{\"@type\":\"Organization\",\"@id\":\"https:\/\/www.au-palais-sucre.com\/#organization\",\"name\":\"Au Palais Sucr\u00e9\",\"url\":\"https:\/\/www.au-palais-sucre.com\/\",\"logo\":{\"@type\":\"ImageObject\",\"inLanguage\":\"fr-FR\",\"@id\":\"https:\/\/www.au-palais-sucre.com\/#\/schema\/logo\/image\/\",\"url\":\"https:\/\/www.au-palais-sucre.com\/wp-content\/uploads\/2023\/06\/cropped-Logo-blanc_prev_ui.png\",\"contentUrl\":\"https:\/\/www.au-palais-sucre.com\/wp-content\/uploads\/2023\/06\/cropped-Logo-blanc_prev_ui.png\",\"width\":567,\"height\":440,\"caption\":\"Au Palais Sucr\u00e9\"},\"image\":{\"@id\":\"https:\/\/www.au-palais-sucre.com\/#\/schema\/logo\/image\/\"},\"sameAs\":[\"https:\/\/www.facebook.com\/people\/Au-Palais-Sucr\/pfbid0xHg32QqsqJkkArCjoHQ6aaknwKMjtXgSnFxn2J3iXRfcnKZoBnYZT1GMsdL8xcPUl\/\"]}]}<\/script>\n<meta property=\"product:price:amount\" content=\"2.00\" \/>\n<meta property=\"product:price:currency\" content=\"EUR\" \/>\n<meta property=\"og:availability\" content=\"instock\" \/>\n<meta property=\"product:availability\" content=\"instock\" \/>\n<meta property=\"product:retailer_item_id\" content=\"APSVRAS23\" \/>\n<meta property=\"product:condition\" content=\"new\" \/>\n<!-- \/ Yoast SEO plugin. -->","yoast_head_json":{"title":"Twist bleu sucr\u00e9 sachet 100gr. - Au Palais Sucr\u00e9","description":"D\u00e9couvrez le bonbon \"Twist bleu sucr\u00e9\", une sensation de saveurs pris\u00e9e par de nombreux amateurs de douceurs. Sa popularit\u00e9 grandissante t\u00e9moigne de son irr\u00e9sistible attrait aupr\u00e8s des gourmands. Plongez dans un tourbillon de d\u00e9lices gr\u00e2ce \u00e0 son go\u00fbt exquis et envo\u00fbtant qui ne manquera pas de vous s\u00e9duire.Ce bonbon est le choix incontournable pour les amoureux des sucreries, offrant une exp\u00e9rience gustative unique et m\u00e9morable. Son succ\u00e8s retentissant en fait une option de pr\u00e9dilection lors des moments de d\u00e9tente, des rassemblements entre amis ou des c\u00e9l\u00e9brations.Ne r\u00e9sistez plus \u00e0 la tentation et laissez-vous emporter par le d\u00e9lice sucr\u00e9 du \"Twist bleu sucr\u00e9\". Savourez-le lors de vos pauses gourmandes pour un moment de pur bonheur. Vous serez enchant\u00e9 par la magie sucr\u00e9e de ce bonbon, faisant de chaque bouch\u00e9e un instant inoubliable.","robots":{"index":"index","follow":"follow","max-snippet":"max-snippet:-1","max-image-preview":"max-image-preview:large","max-video-preview":"max-video-preview:-1"},"canonical":"https:\/\/www.au-palais-sucre.com\/index.php\/produit\/twist-bleu-sucre-sachet-100gr\/","og_locale":"fr_FR","og_type":"article","og_title":"Twist bleu sucr\u00e9 sachet 100gr. - Au Palais Sucr\u00e9","og_description":"D\u00e9couvrez le bonbon \"Twist bleu sucr\u00e9\", une sensation de saveurs pris\u00e9e par de nombreux amateurs de douceurs. Sa popularit\u00e9 grandissante t\u00e9moigne de son irr\u00e9sistible attrait aupr\u00e8s des gourmands. Plongez dans un tourbillon de d\u00e9lices gr\u00e2ce \u00e0 son go\u00fbt exquis et envo\u00fbtant qui ne manquera pas de vous s\u00e9duire.Ce bonbon est le choix incontournable pour les amoureux des sucreries, offrant une exp\u00e9rience gustative unique et m\u00e9morable. Son succ\u00e8s retentissant en fait une option de pr\u00e9dilection lors des moments de d\u00e9tente, des rassemblements entre amis ou des c\u00e9l\u00e9brations.Ne r\u00e9sistez plus \u00e0 la tentation et laissez-vous emporter par le d\u00e9lice sucr\u00e9 du \"Twist bleu sucr\u00e9\". Savourez-le lors de vos pauses gourmandes pour un moment de pur bonheur. Vous serez enchant\u00e9 par la magie sucr\u00e9e de ce bonbon, faisant de chaque bouch\u00e9e un instant inoubliable.","og_url":"https:\/\/www.au-palais-sucre.com\/index.php\/produit\/twist-bleu-sucre-sachet-100gr\/","og_site_name":"Au Palais Sucr\u00e9","article_publisher":"https:\/\/www.facebook.com\/people\/Au-Palais-Sucr\/pfbid0xHg32QqsqJkkArCjoHQ6aaknwKMjtXgSnFxn2J3iXRfcnKZoBnYZT1GMsdL8xcPUl\/","article_modified_time":"2025-07-24T15:02:08+00:00","og_image":[{"width":800,"height":800,"url":"https:\/\/www.au-palais-sucre.com\/wp-content\/uploads\/2023\/07\/bisous-framboises-damel.webp","type":"image\/webp"}],"twitter_card":"summary_large_image","twitter_misc":{"Prix":"2,00&nbsp;&euro;","Disponibilit\u00e9":"En stock"},"schema":{"@context":"https:\/\/schema.org","@graph":[{"@type":"WebPage","@id":"https:\/\/www.au-palais-sucre.com\/index.php\/produit\/twist-bleu-sucre-sachet-100gr\/","url":"https:\/\/www.au-palais-sucre.com\/index.php\/produit\/twist-bleu-sucre-sachet-100gr\/","name":"Twist bleu sucr\u00e9 sachet 100gr . - Au Palais Sucr\u00e9","isPartOf":{"@id":"https:\/\/www.au-palais-sucre.com\/#website"},"primaryImageOfPage":{"@id":"https:\/\/www.au-palais-sucre.com\/index.php\/produit\/twist-bleu-sucre-sachet-100gr\/#primaryimage"},"image":{"@id":"https:\/\/www.au-palais-sucre.com\/index.php\/produit\/twist-bleu-sucre-sachet-100gr\/#primaryimage"},"thumbnailUrl":"https:\/\/www.au-palais-sucre.com\/wp-content\/uploads\/2023\/07\/bisous-framboises-damel.webp","datePublished":"2023-07-25T15:31:59+00:00","dateModified":"2025-07-24T15:02:08+00:00","description":"D\u00e9couvrez le bonbon \"Twist bleu sucr\u00e9\", une sensation de saveurs pris\u00e9e par de nombreux amateurs de douceurs. Sa popularit\u00e9 grandissante t\u00e9moigne de son irr\u00e9sistible attrait aupr\u00e8s des gourmands. Plongez dans un tourbillon de d\u00e9lices gr\u00e2ce \u00e0 son go\u00fbt exquis et envo\u00fbtant qui ne manquera pas de vous s\u00e9duire.Ce bonbon est le choix incontournable pour les amoureux des sucreries, offrant une exp\u00e9rience gustative unique et m\u00e9morable. Son succ\u00e8s retentissant en fait une option de pr\u00e9dilection lors des moments de d\u00e9tente, des rassemblements entre amis ou des c\u00e9l\u00e9brations.Ne r\u00e9sistez plus \u00e0 la tentation et laissez-vous emporter par le d\u00e9lice sucr\u00e9 du \"Twist bleu sucr\u00e9\". Savourez-le lors de vos pauses gourmandes pour un moment de pur bonheur. Vous serez enchant\u00e9 par la magie sucr\u00e9e de ce bonbon, faisant de chaque bouch\u00e9e un instant inoubliable.","breadcrumb":{"@id":"https:\/\/www.au-palais-sucre.com\/index.php\/produit\/twist-bleu-sucre-sachet-100gr\/#breadcrumb"},"inLanguage":"fr-FR","potentialAction":[{"@type":"ReadAction","target":["https:\/\/www.au-palais-sucre.com\/index.php\/produit\/twist-bleu-sucre-sachet-100gr\/"]}]},{"@type":"ImageObject","inLanguage":"fr-FR","@id":"https:\/\/www.au-palais-sucre.com\/index.php\/produit\/twist-bleu-sucre-sachet-100gr\/#primaryimage","url":"https:\/\/www.au-palais-sucre.com\/wp-content\/uploads\/2023\/07\/bisous-framboises-damel.webp","contentUrl":"https:\/\/www.au-palais-sucre.com\/wp-content\/uploads\/2023\/07\/bisous-framboises-damel.webp","width":800,"height":800},{"@type":"BreadcrumbList","@id":"https:\/\/www.au-palais-sucre.com\/index.php\/produit\/twist-bleu-sucre-sachet-100gr\/#breadcrumb","itemListElement":[{"@type":"ListItem","position":1,"name":"Boutique","item":"https:\/\/www.au-palais-sucre.com\/index.php\/shop\/"},{"@type":"ListItem","position":2,"name":"Twist bleu sucr\u00e9 sachet 100gr."}]},{"@type":"WebSite","@id":"https:\/\/www.au-palais-sucre.com\/#website","url":"https:\/\/www.au-palais-sucre.com\/","name":"Au Palais Sucr\u00e9","description":"Arrivage permanent de nouveaux produits..","publisher":{"@id":"https:\/\/www.au-palais-sucre.com\/#organization"},"potentialAction":[{"@type":"SearchAction","target":{"@type":"EntryPoint","urlTemplate":"https:\/\/www.au-palais-sucre.com\/?s={search_term_string}"},"query-input":{"@type":"PropertyValueSpecification","valueRequired":true,"valueName":"search_term_string"}}],"inLanguage":"fr-FR"},{"@type":"Organization","@id":"https:\/\/www.au-palais-sucre.com\/#organization","name":"Au Palais Sucr\u00e9","url":"https:\/\/www.au-palais-sucre.com\/","logo":{"@type":"ImageObject","inLanguage":"fr-FR","@id":"https:\/\/www.au-palais-sucre.com\/#\/schema\/logo\/image\/","url":"https:\/\/www.au-palais-sucre.com\/wp-content\/uploads\/2023\/06\/cropped-Logo-blanc_prev_ui.png","contentUrl":"https:\/\/www.au-palais-sucre.com\/wp-content\/uploads\/2023\/06\/cropped-Logo-blanc_prev_ui.png","width":567,"height":440,"caption":"Au Palais Sucr\u00e9"},"image":{"@id":"https:\/\/www.au-palais-sucre.com\/#\/schema\/logo\/image\/"},"sameAs":["https:\/\/www.facebook.com\/people\/Au-Palais-Sucr\/pfbid0xHg32QqsqJkkArCjoHQ6aaknwKMjtXgSnFxn2J3iXRfcnKZoBnYZT1GMsdL8xcPUl\/"]}]},"product_price_amount":"2.00","product_price_currency":"EUR","og_availability":"instock","product_availability":"instock","product_retailer_item_id":"APSVRAS23","product_condition":"new"},"_links":{"self":[{"href":"https:\/\/www.au-palais-sucre.com\/index.php\/wp-json\/wp\/v2\/product\/3882","targetHints":{"allow":["GET"]}}],"collection":[{"href":"https:\/\/www.au-palais-sucre.com\/index.php\/wp-json\/wp\/v2\/product"}],"about":[{"href":"https:\/\/www.au-palais-sucre.com\/index.php\/wp-json\/wp\/v2\/types\/product"}],"replies":[{"embeddable":true,"href":"https:\/\/www.au-palais-sucre.com\/index.php\/wp-json\/wp\/v2\/comments?post=3882"}],"version-history":[{"count":3,"href":"https:\/\/www.au-palais-sucre.com\/index.php\/wp-json\/wp\/v2\/product\/3882\/revisions"}],"predecessor-version":[{"id":6090,"href":"https:\/\/www.au-palais-sucre.com\/index.php\/wp-json\/wp\/v2\/product\/3882\/revisions\/6090"}],"wp:featuredmedia":[{"embeddable":true,"href":"https:\/\/www.au-palais-sucre.com\/index.php\/wp-json\/wp\/v2\/media\/6008"}],"wp:attachment":[{"href":"https:\/\/www.au-palais-sucre.com\/index.php\/wp-json\/wp\/v2\/media?parent=3882"}],"wp:term":[{"taxonomy":"product_brand","embeddable":true,"href":"https:\/\/www.au-palais-sucre.com\/index.php\/wp-json\/wp\/v2\/product_brand?post=3882"},{"taxonomy":"product_cat","embeddable":true,"href":"https:\/\/www.au-palais-sucre.com\/index.php\/wp-json\/wp\/v2\/product_cat?post=3882"},{"taxonomy":"product_tag","embeddable":true,"href":"https:\/\/www.au-palais-sucre.com\/index.php\/wp-json\/wp\/v2\/product_tag?post=3882"}],"curies":[{"name":"wp","href":"https:\/\/api.w.org\/{rel}","templated":true}]}}