{"id":3921,"date":"2023-07-26T00:53:10","date_gmt":"2023-07-25T22:53:10","guid":{"rendered":"https:\/\/www.au-palais-sucre.com\/?post_type=product&#038;p=3921"},"modified":"2025-06-19T15:50:36","modified_gmt":"2025-06-19T13:50:36","slug":"paille-poudre-multifruit-vegan","status":"publish","type":"product","link":"https:\/\/www.au-palais-sucre.com\/index.php\/produit\/paille-poudre-multifruit-vegan\/","title":{"rendered":"Paille poudre multifruit (v\u00e9gan)<BR>"},"content":{"rendered":"<h1>Paille poudre multifruit (v\u00e9gan)<\/h1>\n<div class=\"flex flex-grow flex-col gap-3\">\n<div class=\"min-h-[20px] flex items-start overflow-x-auto whitespace-pre-wrap break-words flex-col gap-4\">\n<div class=\"markdown prose w-full break-words dark:prose-invert light\">\n<p>Plongez dans un tourbillon de saveurs avec notre incroyable \u00ab\u00a0Paille Poudre Multifruit\u00a0\u00bb ! Cette d\u00e9licieuse friandise fait sensation aupr\u00e8s des petits comme des grands gr\u00e2ce \u00e0 son go\u00fbt exquis et sa formule innovante. Sa poudre aux multiples fruits offre une exp\u00e9rience gustative unique, irr\u00e9sistiblement fruit\u00e9e et rafra\u00eechissante.<\/p>\n<p>D\u00e9couvrez pourquoi notre \u00ab\u00a0Paille Poudre Multifruit\u00a0\u00bb est si populaire et fait le bonheur des gourmands du monde entier. Succombez \u00e0 son charme et profitez d&rsquo;un moment de plaisir intense \u00e0 chaque gorg\u00e9e.<\/p>\n<p>Que vous soyez en qu\u00eate de douceur sucr\u00e9e ou de saveurs acidul\u00e9es, notre \u00ab\u00a0Paille Poudre Multifruit\u00a0\u00bb saura satisfaire toutes vos envies gourmandes. Rejoignez la tendance et go\u00fbtez au succ\u00e8s de cette friandise irr\u00e9sistible !<\/p>\n<p><strong>Tous nos produits b\u00e9n\u00e9ficient d\u2019une DDM de plusieurs mois.<\/strong><br \/>\n<strong>DDM = Date de Durabilit\u00e9 Minimale, anciennement DLUO.<\/strong><\/p>\n<h3>Ingr\u00e9dients de Paille poudre multifruit (v\u00e9gan)<\/h3>\n<p><strong>Dextrose, correcteur d&rsquo;acidit\u00e9 (acide citrique, acide malique), ar\u00f4mes<\/strong><\/p>\n<h4>Les services AU PALAIS SUCRE<\/h4>\n<p>Nous sommes est un site de vente de <strong>bonbons<\/strong>, <strong>confiseries<\/strong>, <strong>boissons<\/strong>, <strong>chips<\/strong> et <strong>produits du monde<\/strong>,\u00a0 pour les particuliers, les associations et les entreprises.<\/p>\n<p><strong>AU PALAIS SUCRE\u00a0<\/strong> apporte \u00e9galement un vrai service , une livraison rapide et fiable, une pr\u00e9paration des commandes dans les 24h\/48h et un service clients joignable.<\/p>\n<p><strong>AU PALAIS SUCRE<\/strong> est votre destination pour des bonbons, confiseries, boissons, chips et produits du monde pour les particuliers, les associations et les entreprises. Nous offrons un choix vari\u00e9 de produits de qualit\u00e9 sup\u00e9rieure pour satisfaire tous les go\u00fbts et les besoins.<\/p>\n<p>Nous sommes fiers d\u2019offrir \u00e0 nos clients un service hors pair. Nous nous engageons \u00e0 pr\u00e9parer et exp\u00e9dier les commandes dans les 24h\/48h suivant l\u2019achat, pour une livraison rapide et fiable. De plus, notre \u00e9quipe de service clients est toujours disponible pour r\u00e9pondre \u00e0 vos questions et vous aider \u00e0 trouver le produit id\u00e9al pour vos besoins.<\/p>\n<p>Chez AU PALAIS SUCRE, nous sommes passionn\u00e9s par les bonbons et les confiseries, et nous sommes d\u00e9termin\u00e9s \u00e0 offrir \u00e0 nos clients une exp\u00e9rience de magasinage en ligne agr\u00e9able et sans stress. Nous sommes votre guichet unique pour tous vos besoins en sucreries et en produits du monde, et nous sommes impatients de vous servir d\u00e8s maintenant !<\/p>\n<\/div>\n<\/div>\n<\/div>\n<p>&nbsp;<\/p>\n","protected":false},"excerpt":{"rendered":"<h1>Paille poudre multifruit (v\u00e9gan)<\/h1>\n<div class=\"flex flex-grow flex-col gap-3\">\n<div class=\"min-h-[20px] flex items-start overflow-x-auto whitespace-pre-wrap break-words flex-col gap-4\">\n<div class=\"markdown prose w-full break-words dark:prose-invert light\">\n<p>Plongez dans un tourbillon de saveurs avec notre incroyable \u00ab\u00a0Paille Poudre Multifruit\u00a0\u00bb ! Cette d\u00e9licieuse friandise fait sensation aupr\u00e8s des petits comme des grands gr\u00e2ce \u00e0 son go\u00fbt exquis et sa formule innovante. Sa poudre aux multiples fruits offre une exp\u00e9rience gustative unique, irr\u00e9sistiblement fruit\u00e9e et rafra\u00eechissante.<\/p>\n<p>D\u00e9couvrez pourquoi notre \u00ab\u00a0Paille Poudre Multifruit\u00a0\u00bb est si populaire et fait le bonheur des gourmands du monde entier. Succombez \u00e0 son charme et profitez d&rsquo;un moment de plaisir intense \u00e0 chaque gorg\u00e9e.<\/p>\n<p>Que vous soyez en qu\u00eate de douceur sucr\u00e9e ou de saveurs acidul\u00e9es, notre \u00ab\u00a0Paille Poudre Multifruit\u00a0\u00bb saura satisfaire toutes vos envies gourmandes. Rejoignez la tendance et go\u00fbtez au succ\u00e8s de cette friandise irr\u00e9sistible !<\/p>\n<p><strong>Tous nos produits b\u00e9n\u00e9ficient d\u2019une DDM de plusieurs mois.<\/strong><br \/>\n<strong>DDM = Date de Durabilit\u00e9 Minimale, anciennement DLUO.<\/strong><\/p>\n<\/div>\n<\/div>\n<\/div>\n","protected":false},"featured_media":3926,"comment_status":"open","ping_status":"closed","template":"","meta":{"ocean_post_layout":"","ocean_both_sidebars_style":"","ocean_both_sidebars_content_width":0,"ocean_both_sidebars_sidebars_width":0,"ocean_sidebar":"0","ocean_second_sidebar":"0","ocean_disable_margins":"enable","ocean_add_body_class":"","ocean_shortcode_before_top_bar":"","ocean_shortcode_after_top_bar":"","ocean_shortcode_before_header":"","ocean_shortcode_after_header":"","ocean_has_shortcode":"","ocean_shortcode_after_title":"","ocean_shortcode_before_footer_widgets":"","ocean_shortcode_after_footer_widgets":"","ocean_shortcode_before_footer_bottom":"","ocean_shortcode_after_footer_bottom":"","ocean_display_top_bar":"default","ocean_display_header":"default","ocean_header_style":"","ocean_center_header_left_menu":"0","ocean_custom_header_template":"0","ocean_custom_logo":0,"ocean_custom_retina_logo":0,"ocean_custom_logo_max_width":0,"ocean_custom_logo_tablet_max_width":0,"ocean_custom_logo_mobile_max_width":0,"ocean_custom_logo_max_height":0,"ocean_custom_logo_tablet_max_height":0,"ocean_custom_logo_mobile_max_height":0,"ocean_header_custom_menu":"0","ocean_menu_typo_font_family":"0","ocean_menu_typo_font_subset":"","ocean_menu_typo_font_size":0,"ocean_menu_typo_font_size_tablet":0,"ocean_menu_typo_font_size_mobile":0,"ocean_menu_typo_font_size_unit":"px","ocean_menu_typo_font_weight":"","ocean_menu_typo_font_weight_tablet":"","ocean_menu_typo_font_weight_mobile":"","ocean_menu_typo_transform":"","ocean_menu_typo_transform_tablet":"","ocean_menu_typo_transform_mobile":"","ocean_menu_typo_line_height":0,"ocean_menu_typo_line_height_tablet":0,"ocean_menu_typo_line_height_mobile":0,"ocean_menu_typo_line_height_unit":"","ocean_menu_typo_spacing":0,"ocean_menu_typo_spacing_tablet":0,"ocean_menu_typo_spacing_mobile":0,"ocean_menu_typo_spacing_unit":"","ocean_menu_link_color":"","ocean_menu_link_color_hover":"","ocean_menu_link_color_active":"","ocean_menu_link_background":"","ocean_menu_link_hover_background":"","ocean_menu_link_active_background":"","ocean_menu_social_links_bg":"","ocean_menu_social_hover_links_bg":"","ocean_menu_social_links_color":"","ocean_menu_social_hover_links_color":"","ocean_disable_title":"default","ocean_disable_heading":"default","ocean_post_title":"","ocean_post_subheading":"","ocean_post_title_style":"","ocean_post_title_background_color":"","ocean_post_title_background":0,"ocean_post_title_bg_image_position":"","ocean_post_title_bg_image_attachment":"","ocean_post_title_bg_image_repeat":"","ocean_post_title_bg_image_size":"","ocean_post_title_height":0,"ocean_post_title_bg_overlay":0.5,"ocean_post_title_bg_overlay_color":"","ocean_disable_breadcrumbs":"default","ocean_breadcrumbs_color":"","ocean_breadcrumbs_separator_color":"","ocean_breadcrumbs_links_color":"","ocean_breadcrumbs_links_hover_color":"","ocean_display_footer_widgets":"default","ocean_display_footer_bottom":"default","ocean_custom_footer_template":"0"},"product_brand":[],"product_cat":[27,114,110],"product_tag":[],"class_list":{"0":"post-3921","1":"product","2":"type-product","3":"status-publish","4":"has-post-thumbnail","6":"product_cat-bonbons-conditionnes","7":"product_cat-bonbons-emballes","8":"product_cat-bonbon-vegan","10":"entry","11":"has-media","13":"first","14":"outofstock","15":"shipping-taxable","16":"purchasable","17":"product-type-variable","18":"has-product-nav","19":"col","20":"span_1_of_3","21":"owp-content-center","22":"owp-thumbs-layout-horizontal","23":"owp-btn-normal","24":"owp-tabs-layout-horizontal","25":"has-no-thumbnails"},"yoast_head":"<!-- This site is optimized with the Yoast SEO plugin v24.3 - https:\/\/yoast.com\/wordpress\/plugins\/seo\/ -->\n<title>Paille poudre multifruit (v\u00e9gan) - Au Palais Sucr\u00e9<\/title>\n<meta name=\"description\" content=\"D\u00e9couvrez la paille poudre multifruit, une friandise populaire aux saveurs d\u00e9licieuses qui fait l&#039;unanimit\u00e9 aupr\u00e8s des amateurs de sucreries ! Son m\u00e9lange harmonieux de fruits exotiques et acidul\u00e9s offre une exp\u00e9rience gustative unique en son genre. Plaisir assur\u00e9 \u00e0 chaque gorg\u00e9e !Cette paille poudre multifruit est devenue un v\u00e9ritable succ\u00e8s dans le monde des bonbons, attirant les gourmands de tous \u00e2ges. Succombez \u00e0 cette irr\u00e9sistible douceur et laissez-vous s\u00e9duire par l&#039;engouement qu&#039;elle suscite. Ne passez pas \u00e0 c\u00f4t\u00e9 de cette friandise en vogue et profitez d&#039;un moment de gourmandise sans pareil !\" \/>\n<meta name=\"robots\" content=\"index, follow, max-snippet:-1, max-image-preview:large, max-video-preview:-1\" \/>\n<link rel=\"canonical\" href=\"https:\/\/www.au-palais-sucre.com\/index.php\/produit\/paille-poudre-multifruit-vegan\/\" \/>\n<meta property=\"og:locale\" content=\"fr_FR\" \/>\n<meta property=\"og:type\" content=\"article\" \/>\n<meta property=\"og:title\" content=\"Paille poudre multifruit (v\u00e9gan) - Au Palais Sucr\u00e9\" \/>\n<meta property=\"og:description\" content=\"D\u00e9couvrez la paille poudre multifruit, une friandise populaire aux saveurs d\u00e9licieuses qui fait l&#039;unanimit\u00e9 aupr\u00e8s des amateurs de sucreries ! Son m\u00e9lange harmonieux de fruits exotiques et acidul\u00e9s offre une exp\u00e9rience gustative unique en son genre. Plaisir assur\u00e9 \u00e0 chaque gorg\u00e9e !Cette paille poudre multifruit est devenue un v\u00e9ritable succ\u00e8s dans le monde des bonbons, attirant les gourmands de tous \u00e2ges. Succombez \u00e0 cette irr\u00e9sistible douceur et laissez-vous s\u00e9duire par l&#039;engouement qu&#039;elle suscite. Ne passez pas \u00e0 c\u00f4t\u00e9 de cette friandise en vogue et profitez d&#039;un moment de gourmandise sans pareil !\" \/>\n<meta property=\"og:url\" content=\"https:\/\/www.au-palais-sucre.com\/index.php\/produit\/paille-poudre-multifruit-vegan\/\" \/>\n<meta property=\"og:site_name\" content=\"Au Palais Sucr\u00e9\" \/>\n<meta property=\"article:publisher\" content=\"https:\/\/www.facebook.com\/people\/Au-Palais-Sucr\/pfbid0xHg32QqsqJkkArCjoHQ6aaknwKMjtXgSnFxn2J3iXRfcnKZoBnYZT1GMsdL8xcPUl\/\" \/>\n<meta property=\"article:modified_time\" content=\"2025-06-19T13:50:36+00:00\" \/>\n<meta property=\"og:image\" content=\"https:\/\/www.au-palais-sucre.com\/wp-content\/uploads\/2023\/07\/Paille-poudre-multifruit-vegan.jpg\" \/>\n\t<meta property=\"og:image:width\" content=\"500\" \/>\n\t<meta property=\"og:image:height\" content=\"500\" \/>\n\t<meta property=\"og:image:type\" content=\"image\/jpeg\" \/>\n<meta name=\"twitter:card\" content=\"summary_large_image\" \/>\n<meta name=\"twitter:label1\" content=\"Disponibilit\u00e9\" \/>\n\t<meta name=\"twitter:data1\" content=\"Rupture de stock\" \/>\n<script type=\"application\/ld+json\" class=\"yoast-schema-graph\">{\"@context\":\"https:\/\/schema.org\",\"@graph\":[{\"@type\":\"WebPage\",\"@id\":\"https:\/\/www.au-palais-sucre.com\/index.php\/produit\/paille-poudre-multifruit-vegan\/\",\"url\":\"https:\/\/www.au-palais-sucre.com\/index.php\/produit\/paille-poudre-multifruit-vegan\/\",\"name\":\"Paille poudre multifruit (v\u00e9gan) - Au Palais Sucr\u00e9\",\"isPartOf\":{\"@id\":\"https:\/\/www.au-palais-sucre.com\/#website\"},\"primaryImageOfPage\":{\"@id\":\"https:\/\/www.au-palais-sucre.com\/index.php\/produit\/paille-poudre-multifruit-vegan\/#primaryimage\"},\"image\":{\"@id\":\"https:\/\/www.au-palais-sucre.com\/index.php\/produit\/paille-poudre-multifruit-vegan\/#primaryimage\"},\"thumbnailUrl\":\"https:\/\/www.au-palais-sucre.com\/wp-content\/uploads\/2023\/07\/Paille-poudre-multifruit-vegan.jpg\",\"datePublished\":\"2023-07-25T22:53:10+00:00\",\"dateModified\":\"2025-06-19T13:50:36+00:00\",\"description\":\"D\u00e9couvrez la paille poudre multifruit, une friandise populaire aux saveurs d\u00e9licieuses qui fait l'unanimit\u00e9 aupr\u00e8s des amateurs de sucreries ! Son m\u00e9lange harmonieux de fruits exotiques et acidul\u00e9s offre une exp\u00e9rience gustative unique en son genre. Plaisir assur\u00e9 \u00e0 chaque gorg\u00e9e !Cette paille poudre multifruit est devenue un v\u00e9ritable succ\u00e8s dans le monde des bonbons, attirant les gourmands de tous \u00e2ges. Succombez \u00e0 cette irr\u00e9sistible douceur et laissez-vous s\u00e9duire par l'engouement qu'elle suscite. Ne passez pas \u00e0 c\u00f4t\u00e9 de cette friandise en vogue et profitez d'un moment de gourmandise sans pareil !\",\"breadcrumb\":{\"@id\":\"https:\/\/www.au-palais-sucre.com\/index.php\/produit\/paille-poudre-multifruit-vegan\/#breadcrumb\"},\"inLanguage\":\"fr-FR\",\"potentialAction\":[{\"@type\":\"ReadAction\",\"target\":[\"https:\/\/www.au-palais-sucre.com\/index.php\/produit\/paille-poudre-multifruit-vegan\/\"]}]},{\"@type\":\"ImageObject\",\"inLanguage\":\"fr-FR\",\"@id\":\"https:\/\/www.au-palais-sucre.com\/index.php\/produit\/paille-poudre-multifruit-vegan\/#primaryimage\",\"url\":\"https:\/\/www.au-palais-sucre.com\/wp-content\/uploads\/2023\/07\/Paille-poudre-multifruit-vegan.jpg\",\"contentUrl\":\"https:\/\/www.au-palais-sucre.com\/wp-content\/uploads\/2023\/07\/Paille-poudre-multifruit-vegan.jpg\",\"width\":500,\"height\":500},{\"@type\":\"BreadcrumbList\",\"@id\":\"https:\/\/www.au-palais-sucre.com\/index.php\/produit\/paille-poudre-multifruit-vegan\/#breadcrumb\",\"itemListElement\":[{\"@type\":\"ListItem\",\"position\":1,\"name\":\"Boutique\",\"item\":\"https:\/\/www.au-palais-sucre.com\/index.php\/shop\/\"},{\"@type\":\"ListItem\",\"position\":2,\"name\":\"Paille poudre multifruit (v\u00e9gan)\"}]},{\"@type\":\"WebSite\",\"@id\":\"https:\/\/www.au-palais-sucre.com\/#website\",\"url\":\"https:\/\/www.au-palais-sucre.com\/\",\"name\":\"Au Palais Sucr\u00e9\",\"description\":\"Arrivage permanent de nouveaux produits..\",\"publisher\":{\"@id\":\"https:\/\/www.au-palais-sucre.com\/#organization\"},\"potentialAction\":[{\"@type\":\"SearchAction\",\"target\":{\"@type\":\"EntryPoint\",\"urlTemplate\":\"https:\/\/www.au-palais-sucre.com\/?s={search_term_string}\"},\"query-input\":{\"@type\":\"PropertyValueSpecification\",\"valueRequired\":true,\"valueName\":\"search_term_string\"}}],\"inLanguage\":\"fr-FR\"},{\"@type\":\"Organization\",\"@id\":\"https:\/\/www.au-palais-sucre.com\/#organization\",\"name\":\"Au Palais Sucr\u00e9\",\"url\":\"https:\/\/www.au-palais-sucre.com\/\",\"logo\":{\"@type\":\"ImageObject\",\"inLanguage\":\"fr-FR\",\"@id\":\"https:\/\/www.au-palais-sucre.com\/#\/schema\/logo\/image\/\",\"url\":\"https:\/\/www.au-palais-sucre.com\/wp-content\/uploads\/2023\/06\/cropped-Logo-blanc_prev_ui.png\",\"contentUrl\":\"https:\/\/www.au-palais-sucre.com\/wp-content\/uploads\/2023\/06\/cropped-Logo-blanc_prev_ui.png\",\"width\":567,\"height\":440,\"caption\":\"Au Palais Sucr\u00e9\"},\"image\":{\"@id\":\"https:\/\/www.au-palais-sucre.com\/#\/schema\/logo\/image\/\"},\"sameAs\":[\"https:\/\/www.facebook.com\/people\/Au-Palais-Sucr\/pfbid0xHg32QqsqJkkArCjoHQ6aaknwKMjtXgSnFxn2J3iXRfcnKZoBnYZT1GMsdL8xcPUl\/\"]}]}<\/script>\n<meta property=\"og:availability\" content=\"out of stock\" \/>\n<meta property=\"product:availability\" content=\"out of stock\" \/>\n<meta property=\"product:retailer_item_id\" content=\"ASPBCON72\" \/>\n<meta property=\"product:condition\" content=\"new\" \/>\n<!-- \/ Yoast SEO plugin. -->","yoast_head_json":{"title":"Paille poudre multifruit (v\u00e9gan) - Au Palais Sucr\u00e9","description":"D\u00e9couvrez la paille poudre multifruit, une friandise populaire aux saveurs d\u00e9licieuses qui fait l'unanimit\u00e9 aupr\u00e8s des amateurs de sucreries ! Son m\u00e9lange harmonieux de fruits exotiques et acidul\u00e9s offre une exp\u00e9rience gustative unique en son genre. Plaisir assur\u00e9 \u00e0 chaque gorg\u00e9e !Cette paille poudre multifruit est devenue un v\u00e9ritable succ\u00e8s dans le monde des bonbons, attirant les gourmands de tous \u00e2ges. Succombez \u00e0 cette irr\u00e9sistible douceur et laissez-vous s\u00e9duire par l'engouement qu'elle suscite. Ne passez pas \u00e0 c\u00f4t\u00e9 de cette friandise en vogue et profitez d'un moment de gourmandise sans pareil !","robots":{"index":"index","follow":"follow","max-snippet":"max-snippet:-1","max-image-preview":"max-image-preview:large","max-video-preview":"max-video-preview:-1"},"canonical":"https:\/\/www.au-palais-sucre.com\/index.php\/produit\/paille-poudre-multifruit-vegan\/","og_locale":"fr_FR","og_type":"article","og_title":"Paille poudre multifruit (v\u00e9gan) - Au Palais Sucr\u00e9","og_description":"D\u00e9couvrez la paille poudre multifruit, une friandise populaire aux saveurs d\u00e9licieuses qui fait l'unanimit\u00e9 aupr\u00e8s des amateurs de sucreries ! Son m\u00e9lange harmonieux de fruits exotiques et acidul\u00e9s offre une exp\u00e9rience gustative unique en son genre. Plaisir assur\u00e9 \u00e0 chaque gorg\u00e9e !Cette paille poudre multifruit est devenue un v\u00e9ritable succ\u00e8s dans le monde des bonbons, attirant les gourmands de tous \u00e2ges. Succombez \u00e0 cette irr\u00e9sistible douceur et laissez-vous s\u00e9duire par l'engouement qu'elle suscite. Ne passez pas \u00e0 c\u00f4t\u00e9 de cette friandise en vogue et profitez d'un moment de gourmandise sans pareil !","og_url":"https:\/\/www.au-palais-sucre.com\/index.php\/produit\/paille-poudre-multifruit-vegan\/","og_site_name":"Au Palais Sucr\u00e9","article_publisher":"https:\/\/www.facebook.com\/people\/Au-Palais-Sucr\/pfbid0xHg32QqsqJkkArCjoHQ6aaknwKMjtXgSnFxn2J3iXRfcnKZoBnYZT1GMsdL8xcPUl\/","article_modified_time":"2025-06-19T13:50:36+00:00","og_image":[{"width":500,"height":500,"url":"https:\/\/www.au-palais-sucre.com\/wp-content\/uploads\/2023\/07\/Paille-poudre-multifruit-vegan.jpg","type":"image\/jpeg"}],"twitter_card":"summary_large_image","twitter_misc":{"Disponibilit\u00e9":"Rupture de stock"},"schema":{"@context":"https:\/\/schema.org","@graph":[{"@type":"WebPage","@id":"https:\/\/www.au-palais-sucre.com\/index.php\/produit\/paille-poudre-multifruit-vegan\/","url":"https:\/\/www.au-palais-sucre.com\/index.php\/produit\/paille-poudre-multifruit-vegan\/","name":"Paille poudre multifruit (v\u00e9gan) - Au Palais Sucr\u00e9","isPartOf":{"@id":"https:\/\/www.au-palais-sucre.com\/#website"},"primaryImageOfPage":{"@id":"https:\/\/www.au-palais-sucre.com\/index.php\/produit\/paille-poudre-multifruit-vegan\/#primaryimage"},"image":{"@id":"https:\/\/www.au-palais-sucre.com\/index.php\/produit\/paille-poudre-multifruit-vegan\/#primaryimage"},"thumbnailUrl":"https:\/\/www.au-palais-sucre.com\/wp-content\/uploads\/2023\/07\/Paille-poudre-multifruit-vegan.jpg","datePublished":"2023-07-25T22:53:10+00:00","dateModified":"2025-06-19T13:50:36+00:00","description":"D\u00e9couvrez la paille poudre multifruit, une friandise populaire aux saveurs d\u00e9licieuses qui fait l'unanimit\u00e9 aupr\u00e8s des amateurs de sucreries ! Son m\u00e9lange harmonieux de fruits exotiques et acidul\u00e9s offre une exp\u00e9rience gustative unique en son genre. Plaisir assur\u00e9 \u00e0 chaque gorg\u00e9e !Cette paille poudre multifruit est devenue un v\u00e9ritable succ\u00e8s dans le monde des bonbons, attirant les gourmands de tous \u00e2ges. Succombez \u00e0 cette irr\u00e9sistible douceur et laissez-vous s\u00e9duire par l'engouement qu'elle suscite. Ne passez pas \u00e0 c\u00f4t\u00e9 de cette friandise en vogue et profitez d'un moment de gourmandise sans pareil !","breadcrumb":{"@id":"https:\/\/www.au-palais-sucre.com\/index.php\/produit\/paille-poudre-multifruit-vegan\/#breadcrumb"},"inLanguage":"fr-FR","potentialAction":[{"@type":"ReadAction","target":["https:\/\/www.au-palais-sucre.com\/index.php\/produit\/paille-poudre-multifruit-vegan\/"]}]},{"@type":"ImageObject","inLanguage":"fr-FR","@id":"https:\/\/www.au-palais-sucre.com\/index.php\/produit\/paille-poudre-multifruit-vegan\/#primaryimage","url":"https:\/\/www.au-palais-sucre.com\/wp-content\/uploads\/2023\/07\/Paille-poudre-multifruit-vegan.jpg","contentUrl":"https:\/\/www.au-palais-sucre.com\/wp-content\/uploads\/2023\/07\/Paille-poudre-multifruit-vegan.jpg","width":500,"height":500},{"@type":"BreadcrumbList","@id":"https:\/\/www.au-palais-sucre.com\/index.php\/produit\/paille-poudre-multifruit-vegan\/#breadcrumb","itemListElement":[{"@type":"ListItem","position":1,"name":"Boutique","item":"https:\/\/www.au-palais-sucre.com\/index.php\/shop\/"},{"@type":"ListItem","position":2,"name":"Paille poudre multifruit (v\u00e9gan)"}]},{"@type":"WebSite","@id":"https:\/\/www.au-palais-sucre.com\/#website","url":"https:\/\/www.au-palais-sucre.com\/","name":"Au Palais Sucr\u00e9","description":"Arrivage permanent de nouveaux produits..","publisher":{"@id":"https:\/\/www.au-palais-sucre.com\/#organization"},"potentialAction":[{"@type":"SearchAction","target":{"@type":"EntryPoint","urlTemplate":"https:\/\/www.au-palais-sucre.com\/?s={search_term_string}"},"query-input":{"@type":"PropertyValueSpecification","valueRequired":true,"valueName":"search_term_string"}}],"inLanguage":"fr-FR"},{"@type":"Organization","@id":"https:\/\/www.au-palais-sucre.com\/#organization","name":"Au Palais Sucr\u00e9","url":"https:\/\/www.au-palais-sucre.com\/","logo":{"@type":"ImageObject","inLanguage":"fr-FR","@id":"https:\/\/www.au-palais-sucre.com\/#\/schema\/logo\/image\/","url":"https:\/\/www.au-palais-sucre.com\/wp-content\/uploads\/2023\/06\/cropped-Logo-blanc_prev_ui.png","contentUrl":"https:\/\/www.au-palais-sucre.com\/wp-content\/uploads\/2023\/06\/cropped-Logo-blanc_prev_ui.png","width":567,"height":440,"caption":"Au Palais Sucr\u00e9"},"image":{"@id":"https:\/\/www.au-palais-sucre.com\/#\/schema\/logo\/image\/"},"sameAs":["https:\/\/www.facebook.com\/people\/Au-Palais-Sucr\/pfbid0xHg32QqsqJkkArCjoHQ6aaknwKMjtXgSnFxn2J3iXRfcnKZoBnYZT1GMsdL8xcPUl\/"]}]},"og_availability":"out of stock","product_availability":"out of stock","product_retailer_item_id":"ASPBCON72","product_condition":"new"},"_links":{"self":[{"href":"https:\/\/www.au-palais-sucre.com\/index.php\/wp-json\/wp\/v2\/product\/3921","targetHints":{"allow":["GET"]}}],"collection":[{"href":"https:\/\/www.au-palais-sucre.com\/index.php\/wp-json\/wp\/v2\/product"}],"about":[{"href":"https:\/\/www.au-palais-sucre.com\/index.php\/wp-json\/wp\/v2\/types\/product"}],"replies":[{"embeddable":true,"href":"https:\/\/www.au-palais-sucre.com\/index.php\/wp-json\/wp\/v2\/comments?post=3921"}],"version-history":[{"count":1,"href":"https:\/\/www.au-palais-sucre.com\/index.php\/wp-json\/wp\/v2\/product\/3921\/revisions"}],"predecessor-version":[{"id":6116,"href":"https:\/\/www.au-palais-sucre.com\/index.php\/wp-json\/wp\/v2\/product\/3921\/revisions\/6116"}],"wp:featuredmedia":[{"embeddable":true,"href":"https:\/\/www.au-palais-sucre.com\/index.php\/wp-json\/wp\/v2\/media\/3926"}],"wp:attachment":[{"href":"https:\/\/www.au-palais-sucre.com\/index.php\/wp-json\/wp\/v2\/media?parent=3921"}],"wp:term":[{"taxonomy":"product_brand","embeddable":true,"href":"https:\/\/www.au-palais-sucre.com\/index.php\/wp-json\/wp\/v2\/product_brand?post=3921"},{"taxonomy":"product_cat","embeddable":true,"href":"https:\/\/www.au-palais-sucre.com\/index.php\/wp-json\/wp\/v2\/product_cat?post=3921"},{"taxonomy":"product_tag","embeddable":true,"href":"https:\/\/www.au-palais-sucre.com\/index.php\/wp-json\/wp\/v2\/product_tag?post=3921"}],"curies":[{"name":"wp","href":"https:\/\/api.w.org\/{rel}","templated":true}]}}