{"id":4512,"date":"2024-01-30T09:37:12","date_gmt":"2024-01-30T08:37:12","guid":{"rendered":"https:\/\/www.au-palais-sucre.com\/?post_type=product&#038;p=4512"},"modified":"2024-09-16T22:01:06","modified_gmt":"2024-09-16T20:01:06","slug":"kitkat-chunky-drumstick-48gr","status":"publish","type":"product","link":"https:\/\/www.au-palais-sucre.com\/index.php\/produit\/kitkat-chunky-drumstick-48gr\/","title":{"rendered":"KiTKaT CHUNKY drumstick 48gr"},"content":{"rendered":"<h1>KiTKaT CHUNKY drumstick 48gr<\/h1>\n<p>Enrob\u00e9e d&rsquo;un d\u00e9licieux et onctueux chocolat au lait, craquez pour la barre chocolat\u00e9e <b>KitKat Chunky\u00a0Drumstick<\/b> de la marque Nestl\u00e9. Un coeur caramel, une garniture \u00e0 la vanille et des morceaux de cornet de glace pour cette barre Kitkat.<\/p>\n<p>La gamme Chunky propose des gaufrettes encore plus croustillantes pour un maximum de plaisir. Avec cette <strong>version limit\u00e9e Drumstick<\/strong> vous serez conquis d\u00e8s la premi\u00e8re bouch\u00e9e par l&rsquo;alliance exquise de la gaufrette et du chocolat. D\u00e9licieusement fondant, c&rsquo;est le biscuit id\u00e9al pour faire un break !<\/p>\n<p>Connue pour ses pauses gourmandes et son c\u00e9l\u00e8bre slogan \u00ab\u00a0<strong>have a break, have a KitKat<\/strong>\u00ab\u00a0, la marque a \u00e9t\u00e9 cr\u00e9\u00e9e en 1935 au Royaume-Uni sous le nom de \u00ab\u00a0Chocolate Crisp\u00a0\u00bb. Il a fallu attendre 1970 pour d\u00e9guster la barre chocolat\u00e9e en France.<\/p>\n<p>Pr\u00e9sente aujourd&rsquo;hui dans le monde entier, KitKat fait croustiller de plaisir les plus gourmands ! Premi\u00e8re marque \u00e0 n&rsquo;utiliser que du cacao 100% durable, elle s&rsquo;investit dans la protection de l&rsquo;environnement gr\u00e2ce au groupe Nestl\u00e9 engag\u00e9e avec Rainforest Alliance pour soutenir les agricultures durables.<\/p>\n<p><strong>Tous nos produits b\u00e9n\u00e9ficient d\u2019une DDM de plusieurs mois.<\/strong><br \/>\n<strong>DDM = Date de Durabilit\u00e9 Minimale, anciennement DLUO.<\/strong><\/p>\n<h3><\/h3>\n<h3>Ingr\u00e9dients de KiTKaT CHUNKY drumstick 48gr<\/h3>\n<div>\n<p>Sucres (sucre, glucose, <strong>lait<\/strong> concentr\u00e9 sucr\u00e9), Substances <strong>laiti\u00e8res<\/strong> modifi\u00e9es, Huiles v\u00e9g\u00e9tales modifi\u00e9es, Beurre de cacao, Chocolat non sucr\u00e9, Farine de <strong>bl\u00e9<\/strong>, Huile de coco , Glyc\u00e9rol, Morceaux de cornet de gaufre ( farine de <strong>bl\u00e9<\/strong> , sucre, huile de coco , l\u00e9cithine de <strong>soja<\/strong> , amidon de <strong>bl\u00e9<\/strong>, sel), L\u00e9cithine de <strong>soja<\/strong> , Cacao, Polyricinol\u00e9ate de polyglyc\u00e9rol, Sel, Levure, Prot\u00e9ase, Xylanase, L\u00e9cithine de tournesol, Ar\u00f4me naturel .<\/p>\n<\/div>\n<h5>Informations nutritionnelles \/ 100 g<\/h5>\n<table class=\"table table-sm table-bordered\">\n<tbody>\n<tr>\n<td class=\"unit\">Energie<\/td>\n<td class=\"value\">2180 kj \/ 521 kj<\/td>\n<\/tr>\n<tr>\n<td class=\"parent_unit\">Mati\u00e8res grasses<\/td>\n<td class=\"parent_value\">29,2 g<\/td>\n<\/tr>\n<tr>\n<td class=\"child_unit\">\u00a0\u00a0\u00a0dont satur\u00e9es<\/td>\n<td class=\"child_value\">16,7 g<\/td>\n<\/tr>\n<tr>\n<td class=\"parent_unit\">Glucides<\/td>\n<td class=\"parent_value\">60,4 g<\/td>\n<\/tr>\n<tr>\n<td class=\"child_unit\">\u00a0\u00a0\u00a0dont sucres<\/td>\n<td class=\"child_value\">50 g<\/td>\n<\/tr>\n<tr>\n<td class=\"unit\">Prot\u00e9ines<\/td>\n<td class=\"value\">6,25 g<\/td>\n<\/tr>\n<tr>\n<td class=\"unit\">Sodium<\/td>\n<td class=\"value\">0,28 g<\/td>\n<\/tr>\n<\/tbody>\n<\/table>\n<p>&nbsp;<\/p>\n<h4>Les services AU PALAIS SUCRE<\/h4>\n<p>Nous sommes est un site de vente de <strong>bonbons<\/strong>, <strong>confiseries<\/strong>, <strong>boissons<\/strong>, <strong>chips<\/strong> et <strong>produits du monde<\/strong>,\u00a0 pour les particuliers, les associations et les entreprises.<\/p>\n<p><strong>AU PALAIS SUCRE\u00a0<\/strong> apporte \u00e9galement un vrai service , une livraison rapide et fiable, une pr\u00e9paration des commandes dans les 24h\/48h et un service clients joignable.<\/p>\n<p><strong>AU PALAIS SUCRE<\/strong> est votre destination pour des bonbons, confiseries, boissons, chips et produits du monde pour les particuliers, les associations et les entreprises. Nous offrons un choix vari\u00e9 de produits de qualit\u00e9 sup\u00e9rieure pour satisfaire tous les go\u00fbts et les besoins.<\/p>\n<p>Nous sommes fiers d\u2019offrir \u00e0 nos clients un service hors pair. Nous nous engageons \u00e0 pr\u00e9parer et exp\u00e9dier les commandes dans les 24h\/48h suivant l\u2019achat, pour une livraison rapide et fiable. De plus, notre \u00e9quipe de service clients est toujours disponible pour r\u00e9pondre \u00e0 vos questions et vous aider \u00e0 trouver le produit id\u00e9al pour vos besoins.<\/p>\n<p>Chez AU PALAIS SUCRE, nous sommes passionn\u00e9s par les bonbons et les confiseries, et nous sommes d\u00e9termin\u00e9s \u00e0 offrir \u00e0 nos clients une exp\u00e9rience de magasinage en ligne agr\u00e9able et sans stress. Nous sommes votre guichet unique pour tous vos besoins en sucreries et en produits du monde, et nous sommes impatients de vous servir d\u00e8s maintenant !<\/p>\n","protected":false},"excerpt":{"rendered":"<h1>KiTKaT CHUNKY drumstick 48gr<\/h1>\n<p>Enrob\u00e9e d&rsquo;un d\u00e9licieux et onctueux chocolat au lait, craquez pour la barre chocolat\u00e9e <b>KitKat Chunky\u00a0Drumstick<\/b> de la marque Nestl\u00e9. Un coeur caramel, une garniture \u00e0 la vanille et des morceaux de cornet de glace pour cette barre Kitkat.<\/p>\n<p>La gamme Chunky propose des gaufrettes encore plus croustillantes pour un maximum de plaisir. Avec cette <strong>version limit\u00e9e Drumstick<\/strong> vous serez conquis d\u00e8s la premi\u00e8re bouch\u00e9e par l&rsquo;alliance exquise de la gaufrette et du chocolat. D\u00e9licieusement fondant, c&rsquo;est le biscuit id\u00e9al pour faire un break !<\/p>\n<p>Connue pour ses pauses gourmandes et son c\u00e9l\u00e8bre slogan \u00ab\u00a0<strong>have a break, have a KitKat<\/strong>\u00ab\u00a0, la marque a \u00e9t\u00e9 cr\u00e9\u00e9e en 1935 au Royaume-Uni sous le nom de \u00ab\u00a0Chocolate Crisp\u00a0\u00bb. Il a fallu attendre 1970 pour d\u00e9guster la barre chocolat\u00e9e en France.<\/p>\n<p>Pr\u00e9sente aujourd&rsquo;hui dans le monde entier, KitKat fait croustiller de plaisir les plus gourmands ! Premi\u00e8re marque \u00e0 n&rsquo;utiliser que du cacao 100% durable, elle s&rsquo;investit dans la protection de l&rsquo;environnement gr\u00e2ce au groupe Nestl\u00e9 engag\u00e9e avec Rainforest Alliance pour soutenir les agricultures durables.<\/p>\n<p><strong>Tous nos produits b\u00e9n\u00e9ficient d\u2019une DDM de plusieurs mois.<\/strong><br \/>\n<strong>DDM = Date de Durabilit\u00e9 Minimale, anciennement DLUO.<\/strong><\/p>\n<h3><\/h3>\n","protected":false},"featured_media":4514,"comment_status":"open","ping_status":"closed","template":"","meta":{"ocean_post_layout":"","ocean_both_sidebars_style":"","ocean_both_sidebars_content_width":0,"ocean_both_sidebars_sidebars_width":0,"ocean_sidebar":"","ocean_second_sidebar":"","ocean_disable_margins":"enable","ocean_add_body_class":"","ocean_shortcode_before_top_bar":"","ocean_shortcode_after_top_bar":"","ocean_shortcode_before_header":"","ocean_shortcode_after_header":"","ocean_has_shortcode":"","ocean_shortcode_after_title":"","ocean_shortcode_before_footer_widgets":"","ocean_shortcode_after_footer_widgets":"","ocean_shortcode_before_footer_bottom":"","ocean_shortcode_after_footer_bottom":"","ocean_display_top_bar":"default","ocean_display_header":"default","ocean_header_style":"","ocean_center_header_left_menu":"","ocean_custom_header_template":"","ocean_custom_logo":0,"ocean_custom_retina_logo":0,"ocean_custom_logo_max_width":0,"ocean_custom_logo_tablet_max_width":0,"ocean_custom_logo_mobile_max_width":0,"ocean_custom_logo_max_height":0,"ocean_custom_logo_tablet_max_height":0,"ocean_custom_logo_mobile_max_height":0,"ocean_header_custom_menu":"","ocean_menu_typo_font_family":"","ocean_menu_typo_font_subset":"","ocean_menu_typo_font_size":0,"ocean_menu_typo_font_size_tablet":0,"ocean_menu_typo_font_size_mobile":0,"ocean_menu_typo_font_size_unit":"px","ocean_menu_typo_font_weight":"","ocean_menu_typo_font_weight_tablet":"","ocean_menu_typo_font_weight_mobile":"","ocean_menu_typo_transform":"","ocean_menu_typo_transform_tablet":"","ocean_menu_typo_transform_mobile":"","ocean_menu_typo_line_height":0,"ocean_menu_typo_line_height_tablet":0,"ocean_menu_typo_line_height_mobile":0,"ocean_menu_typo_line_height_unit":"","ocean_menu_typo_spacing":0,"ocean_menu_typo_spacing_tablet":0,"ocean_menu_typo_spacing_mobile":0,"ocean_menu_typo_spacing_unit":"","ocean_menu_link_color":"","ocean_menu_link_color_hover":"","ocean_menu_link_color_active":"","ocean_menu_link_background":"","ocean_menu_link_hover_background":"","ocean_menu_link_active_background":"","ocean_menu_social_links_bg":"","ocean_menu_social_hover_links_bg":"","ocean_menu_social_links_color":"","ocean_menu_social_hover_links_color":"","ocean_disable_title":"default","ocean_disable_heading":"default","ocean_post_title":"","ocean_post_subheading":"","ocean_post_title_style":"","ocean_post_title_background_color":"","ocean_post_title_background":0,"ocean_post_title_bg_image_position":"","ocean_post_title_bg_image_attachment":"","ocean_post_title_bg_image_repeat":"","ocean_post_title_bg_image_size":"","ocean_post_title_height":0,"ocean_post_title_bg_overlay":0.5,"ocean_post_title_bg_overlay_color":"","ocean_disable_breadcrumbs":"default","ocean_breadcrumbs_color":"","ocean_breadcrumbs_separator_color":"","ocean_breadcrumbs_links_color":"","ocean_breadcrumbs_links_hover_color":"","ocean_display_footer_widgets":"default","ocean_display_footer_bottom":"default","ocean_custom_footer_template":""},"product_brand":[],"product_cat":[88],"product_tag":[],"class_list":{"0":"post-4512","1":"product","2":"type-product","3":"status-publish","4":"has-post-thumbnail","6":"product_cat-gateaux","8":"entry","9":"has-media","11":"first","12":"outofstock","13":"shipping-taxable","14":"purchasable","15":"product-type-simple","16":"has-product-nav","17":"col","18":"span_1_of_3","19":"owp-content-center","20":"owp-thumbs-layout-horizontal","21":"owp-btn-normal","22":"owp-tabs-layout-horizontal","23":"has-no-thumbnails"},"yoast_head":"<!-- This site is optimized with the Yoast SEO plugin v24.3 - https:\/\/yoast.com\/wordpress\/plugins\/seo\/ -->\n<title>KiTKaT CHUNKY drumstick 48gr - Au Palais Sucr\u00e9<\/title>\n<meta name=\"description\" content=\"D\u00e9couvrez l&#039;excellence gourmande avec le KITKAT Chunki Drumstick. Une fusion parfaite de qualit\u00e9 sup\u00e9rieure, de go\u00fbt d\u00e9licieux et d&#039;originalit\u00e9. Chaque bouch\u00e9e offre une exp\u00e9rience unique, mariant le croquant caract\u00e9ristique de KITKAT \u00e0 la g\u00e9n\u00e9rosit\u00e9 du Drumstick. Une pause sucr\u00e9e d&#039;exception qui c\u00e9l\u00e8bre la qualit\u00e9 des ingr\u00e9dients et l&#039;art de savourer chaque moment. Commandez maintenant pour une exp\u00e9rience gourmande qui va au-del\u00e0 des attentes, alliant la tradition de KITKAT \u00e0 l&#039;originalit\u00e9 du Drumstick.\" \/>\n<meta name=\"robots\" content=\"index, follow, max-snippet:-1, max-image-preview:large, max-video-preview:-1\" \/>\n<link rel=\"canonical\" href=\"https:\/\/www.au-palais-sucre.com\/index.php\/produit\/kitkat-chunky-drumstick-48gr\/\" \/>\n<meta property=\"og:locale\" content=\"fr_FR\" \/>\n<meta property=\"og:type\" content=\"article\" \/>\n<meta property=\"og:title\" content=\"KiTKaT CHUNKY drumstick 48gr - Au Palais Sucr\u00e9\" \/>\n<meta property=\"og:description\" content=\"D\u00e9couvrez l&#039;excellence gourmande avec le KITKAT Chunki Drumstick. Une fusion parfaite de qualit\u00e9 sup\u00e9rieure, de go\u00fbt d\u00e9licieux et d&#039;originalit\u00e9. Chaque bouch\u00e9e offre une exp\u00e9rience unique, mariant le croquant caract\u00e9ristique de KITKAT \u00e0 la g\u00e9n\u00e9rosit\u00e9 du Drumstick. Une pause sucr\u00e9e d&#039;exception qui c\u00e9l\u00e8bre la qualit\u00e9 des ingr\u00e9dients et l&#039;art de savourer chaque moment. Commandez maintenant pour une exp\u00e9rience gourmande qui va au-del\u00e0 des attentes, alliant la tradition de KITKAT \u00e0 l&#039;originalit\u00e9 du Drumstick.\" \/>\n<meta property=\"og:url\" content=\"https:\/\/www.au-palais-sucre.com\/index.php\/produit\/kitkat-chunky-drumstick-48gr\/\" \/>\n<meta property=\"og:site_name\" content=\"Au Palais Sucr\u00e9\" \/>\n<meta property=\"article:publisher\" content=\"https:\/\/www.facebook.com\/people\/Au-Palais-Sucr\/pfbid0xHg32QqsqJkkArCjoHQ6aaknwKMjtXgSnFxn2J3iXRfcnKZoBnYZT1GMsdL8xcPUl\/\" \/>\n<meta property=\"article:modified_time\" content=\"2024-09-16T20:01:06+00:00\" \/>\n<meta property=\"og:image\" content=\"https:\/\/www.au-palais-sucre.com\/wp-content\/uploads\/2024\/01\/kitkat-chunky-drumstick.jpg\" \/>\n\t<meta property=\"og:image:width\" content=\"500\" \/>\n\t<meta property=\"og:image:height\" content=\"500\" \/>\n\t<meta property=\"og:image:type\" content=\"image\/jpeg\" \/>\n<meta name=\"twitter:card\" content=\"summary_large_image\" \/>\n<meta name=\"twitter:label1\" content=\"Prix\" \/>\n\t<meta name=\"twitter:data1\" content=\"2,90&nbsp;&euro;\" \/>\n\t<meta name=\"twitter:label2\" content=\"Disponibilit\u00e9\" \/>\n\t<meta name=\"twitter:data2\" content=\"Rupture de stock\" \/>\n<script type=\"application\/ld+json\" class=\"yoast-schema-graph\">{\"@context\":\"https:\/\/schema.org\",\"@graph\":[{\"@type\":\"WebPage\",\"@id\":\"https:\/\/www.au-palais-sucre.com\/index.php\/produit\/kitkat-chunky-drumstick-48gr\/\",\"url\":\"https:\/\/www.au-palais-sucre.com\/index.php\/produit\/kitkat-chunky-drumstick-48gr\/\",\"name\":\"KiTKaT CHUNKY drumstick 48gr - Au Palais Sucr\u00e9\",\"isPartOf\":{\"@id\":\"https:\/\/www.au-palais-sucre.com\/#website\"},\"primaryImageOfPage\":{\"@id\":\"https:\/\/www.au-palais-sucre.com\/index.php\/produit\/kitkat-chunky-drumstick-48gr\/#primaryimage\"},\"image\":{\"@id\":\"https:\/\/www.au-palais-sucre.com\/index.php\/produit\/kitkat-chunky-drumstick-48gr\/#primaryimage\"},\"thumbnailUrl\":\"https:\/\/www.au-palais-sucre.com\/wp-content\/uploads\/2024\/01\/kitkat-chunky-drumstick.jpg\",\"datePublished\":\"2024-01-30T08:37:12+00:00\",\"dateModified\":\"2024-09-16T20:01:06+00:00\",\"description\":\"D\u00e9couvrez l'excellence gourmande avec le KITKAT Chunki Drumstick. Une fusion parfaite de qualit\u00e9 sup\u00e9rieure, de go\u00fbt d\u00e9licieux et d'originalit\u00e9. Chaque bouch\u00e9e offre une exp\u00e9rience unique, mariant le croquant caract\u00e9ristique de KITKAT \u00e0 la g\u00e9n\u00e9rosit\u00e9 du Drumstick. Une pause sucr\u00e9e d'exception qui c\u00e9l\u00e8bre la qualit\u00e9 des ingr\u00e9dients et l'art de savourer chaque moment. Commandez maintenant pour une exp\u00e9rience gourmande qui va au-del\u00e0 des attentes, alliant la tradition de KITKAT \u00e0 l'originalit\u00e9 du Drumstick.\",\"breadcrumb\":{\"@id\":\"https:\/\/www.au-palais-sucre.com\/index.php\/produit\/kitkat-chunky-drumstick-48gr\/#breadcrumb\"},\"inLanguage\":\"fr-FR\",\"potentialAction\":[{\"@type\":\"ReadAction\",\"target\":[\"https:\/\/www.au-palais-sucre.com\/index.php\/produit\/kitkat-chunky-drumstick-48gr\/\"]}]},{\"@type\":\"ImageObject\",\"inLanguage\":\"fr-FR\",\"@id\":\"https:\/\/www.au-palais-sucre.com\/index.php\/produit\/kitkat-chunky-drumstick-48gr\/#primaryimage\",\"url\":\"https:\/\/www.au-palais-sucre.com\/wp-content\/uploads\/2024\/01\/kitkat-chunky-drumstick.jpg\",\"contentUrl\":\"https:\/\/www.au-palais-sucre.com\/wp-content\/uploads\/2024\/01\/kitkat-chunky-drumstick.jpg\",\"width\":500,\"height\":500},{\"@type\":\"BreadcrumbList\",\"@id\":\"https:\/\/www.au-palais-sucre.com\/index.php\/produit\/kitkat-chunky-drumstick-48gr\/#breadcrumb\",\"itemListElement\":[{\"@type\":\"ListItem\",\"position\":1,\"name\":\"Boutique\",\"item\":\"https:\/\/www.au-palais-sucre.com\/index.php\/shop\/\"},{\"@type\":\"ListItem\",\"position\":2,\"name\":\"KiTKaT CHUNKY drumstick 48gr\"}]},{\"@type\":\"WebSite\",\"@id\":\"https:\/\/www.au-palais-sucre.com\/#website\",\"url\":\"https:\/\/www.au-palais-sucre.com\/\",\"name\":\"Au Palais Sucr\u00e9\",\"description\":\"Arrivage permanent de nouveaux produits..\",\"publisher\":{\"@id\":\"https:\/\/www.au-palais-sucre.com\/#organization\"},\"potentialAction\":[{\"@type\":\"SearchAction\",\"target\":{\"@type\":\"EntryPoint\",\"urlTemplate\":\"https:\/\/www.au-palais-sucre.com\/?s={search_term_string}\"},\"query-input\":{\"@type\":\"PropertyValueSpecification\",\"valueRequired\":true,\"valueName\":\"search_term_string\"}}],\"inLanguage\":\"fr-FR\"},{\"@type\":\"Organization\",\"@id\":\"https:\/\/www.au-palais-sucre.com\/#organization\",\"name\":\"Au Palais Sucr\u00e9\",\"url\":\"https:\/\/www.au-palais-sucre.com\/\",\"logo\":{\"@type\":\"ImageObject\",\"inLanguage\":\"fr-FR\",\"@id\":\"https:\/\/www.au-palais-sucre.com\/#\/schema\/logo\/image\/\",\"url\":\"https:\/\/www.au-palais-sucre.com\/wp-content\/uploads\/2023\/06\/cropped-Logo-blanc_prev_ui.png\",\"contentUrl\":\"https:\/\/www.au-palais-sucre.com\/wp-content\/uploads\/2023\/06\/cropped-Logo-blanc_prev_ui.png\",\"width\":567,\"height\":440,\"caption\":\"Au Palais Sucr\u00e9\"},\"image\":{\"@id\":\"https:\/\/www.au-palais-sucre.com\/#\/schema\/logo\/image\/\"},\"sameAs\":[\"https:\/\/www.facebook.com\/people\/Au-Palais-Sucr\/pfbid0xHg32QqsqJkkArCjoHQ6aaknwKMjtXgSnFxn2J3iXRfcnKZoBnYZT1GMsdL8xcPUl\/\"]}]}<\/script>\n<meta property=\"product:price:amount\" content=\"2.90\" \/>\n<meta property=\"product:price:currency\" content=\"EUR\" \/>\n<meta property=\"og:availability\" content=\"out of stock\" \/>\n<meta property=\"product:availability\" content=\"out of stock\" \/>\n<meta property=\"product:retailer_item_id\" content=\"ASPGAT36\" \/>\n<meta property=\"product:condition\" content=\"new\" \/>\n<!-- \/ Yoast SEO plugin. -->","yoast_head_json":{"title":"KiTKaT CHUNKY drumstick 48gr - Au Palais Sucr\u00e9","description":"D\u00e9couvrez l'excellence gourmande avec le KITKAT Chunki Drumstick. Une fusion parfaite de qualit\u00e9 sup\u00e9rieure, de go\u00fbt d\u00e9licieux et d'originalit\u00e9. Chaque bouch\u00e9e offre une exp\u00e9rience unique, mariant le croquant caract\u00e9ristique de KITKAT \u00e0 la g\u00e9n\u00e9rosit\u00e9 du Drumstick. Une pause sucr\u00e9e d'exception qui c\u00e9l\u00e8bre la qualit\u00e9 des ingr\u00e9dients et l'art de savourer chaque moment. Commandez maintenant pour une exp\u00e9rience gourmande qui va au-del\u00e0 des attentes, alliant la tradition de KITKAT \u00e0 l'originalit\u00e9 du Drumstick.","robots":{"index":"index","follow":"follow","max-snippet":"max-snippet:-1","max-image-preview":"max-image-preview:large","max-video-preview":"max-video-preview:-1"},"canonical":"https:\/\/www.au-palais-sucre.com\/index.php\/produit\/kitkat-chunky-drumstick-48gr\/","og_locale":"fr_FR","og_type":"article","og_title":"KiTKaT CHUNKY drumstick 48gr - Au Palais Sucr\u00e9","og_description":"D\u00e9couvrez l'excellence gourmande avec le KITKAT Chunki Drumstick. Une fusion parfaite de qualit\u00e9 sup\u00e9rieure, de go\u00fbt d\u00e9licieux et d'originalit\u00e9. Chaque bouch\u00e9e offre une exp\u00e9rience unique, mariant le croquant caract\u00e9ristique de KITKAT \u00e0 la g\u00e9n\u00e9rosit\u00e9 du Drumstick. Une pause sucr\u00e9e d'exception qui c\u00e9l\u00e8bre la qualit\u00e9 des ingr\u00e9dients et l'art de savourer chaque moment. Commandez maintenant pour une exp\u00e9rience gourmande qui va au-del\u00e0 des attentes, alliant la tradition de KITKAT \u00e0 l'originalit\u00e9 du Drumstick.","og_url":"https:\/\/www.au-palais-sucre.com\/index.php\/produit\/kitkat-chunky-drumstick-48gr\/","og_site_name":"Au Palais Sucr\u00e9","article_publisher":"https:\/\/www.facebook.com\/people\/Au-Palais-Sucr\/pfbid0xHg32QqsqJkkArCjoHQ6aaknwKMjtXgSnFxn2J3iXRfcnKZoBnYZT1GMsdL8xcPUl\/","article_modified_time":"2024-09-16T20:01:06+00:00","og_image":[{"width":500,"height":500,"url":"https:\/\/www.au-palais-sucre.com\/wp-content\/uploads\/2024\/01\/kitkat-chunky-drumstick.jpg","type":"image\/jpeg"}],"twitter_card":"summary_large_image","twitter_misc":{"Prix":"2,90&nbsp;&euro;","Disponibilit\u00e9":"Rupture de stock"},"schema":{"@context":"https:\/\/schema.org","@graph":[{"@type":"WebPage","@id":"https:\/\/www.au-palais-sucre.com\/index.php\/produit\/kitkat-chunky-drumstick-48gr\/","url":"https:\/\/www.au-palais-sucre.com\/index.php\/produit\/kitkat-chunky-drumstick-48gr\/","name":"KiTKaT CHUNKY drumstick 48gr - Au Palais Sucr\u00e9","isPartOf":{"@id":"https:\/\/www.au-palais-sucre.com\/#website"},"primaryImageOfPage":{"@id":"https:\/\/www.au-palais-sucre.com\/index.php\/produit\/kitkat-chunky-drumstick-48gr\/#primaryimage"},"image":{"@id":"https:\/\/www.au-palais-sucre.com\/index.php\/produit\/kitkat-chunky-drumstick-48gr\/#primaryimage"},"thumbnailUrl":"https:\/\/www.au-palais-sucre.com\/wp-content\/uploads\/2024\/01\/kitkat-chunky-drumstick.jpg","datePublished":"2024-01-30T08:37:12+00:00","dateModified":"2024-09-16T20:01:06+00:00","description":"D\u00e9couvrez l'excellence gourmande avec le KITKAT Chunki Drumstick. Une fusion parfaite de qualit\u00e9 sup\u00e9rieure, de go\u00fbt d\u00e9licieux et d'originalit\u00e9. Chaque bouch\u00e9e offre une exp\u00e9rience unique, mariant le croquant caract\u00e9ristique de KITKAT \u00e0 la g\u00e9n\u00e9rosit\u00e9 du Drumstick. Une pause sucr\u00e9e d'exception qui c\u00e9l\u00e8bre la qualit\u00e9 des ingr\u00e9dients et l'art de savourer chaque moment. Commandez maintenant pour une exp\u00e9rience gourmande qui va au-del\u00e0 des attentes, alliant la tradition de KITKAT \u00e0 l'originalit\u00e9 du Drumstick.","breadcrumb":{"@id":"https:\/\/www.au-palais-sucre.com\/index.php\/produit\/kitkat-chunky-drumstick-48gr\/#breadcrumb"},"inLanguage":"fr-FR","potentialAction":[{"@type":"ReadAction","target":["https:\/\/www.au-palais-sucre.com\/index.php\/produit\/kitkat-chunky-drumstick-48gr\/"]}]},{"@type":"ImageObject","inLanguage":"fr-FR","@id":"https:\/\/www.au-palais-sucre.com\/index.php\/produit\/kitkat-chunky-drumstick-48gr\/#primaryimage","url":"https:\/\/www.au-palais-sucre.com\/wp-content\/uploads\/2024\/01\/kitkat-chunky-drumstick.jpg","contentUrl":"https:\/\/www.au-palais-sucre.com\/wp-content\/uploads\/2024\/01\/kitkat-chunky-drumstick.jpg","width":500,"height":500},{"@type":"BreadcrumbList","@id":"https:\/\/www.au-palais-sucre.com\/index.php\/produit\/kitkat-chunky-drumstick-48gr\/#breadcrumb","itemListElement":[{"@type":"ListItem","position":1,"name":"Boutique","item":"https:\/\/www.au-palais-sucre.com\/index.php\/shop\/"},{"@type":"ListItem","position":2,"name":"KiTKaT CHUNKY drumstick 48gr"}]},{"@type":"WebSite","@id":"https:\/\/www.au-palais-sucre.com\/#website","url":"https:\/\/www.au-palais-sucre.com\/","name":"Au Palais Sucr\u00e9","description":"Arrivage permanent de nouveaux produits..","publisher":{"@id":"https:\/\/www.au-palais-sucre.com\/#organization"},"potentialAction":[{"@type":"SearchAction","target":{"@type":"EntryPoint","urlTemplate":"https:\/\/www.au-palais-sucre.com\/?s={search_term_string}"},"query-input":{"@type":"PropertyValueSpecification","valueRequired":true,"valueName":"search_term_string"}}],"inLanguage":"fr-FR"},{"@type":"Organization","@id":"https:\/\/www.au-palais-sucre.com\/#organization","name":"Au Palais Sucr\u00e9","url":"https:\/\/www.au-palais-sucre.com\/","logo":{"@type":"ImageObject","inLanguage":"fr-FR","@id":"https:\/\/www.au-palais-sucre.com\/#\/schema\/logo\/image\/","url":"https:\/\/www.au-palais-sucre.com\/wp-content\/uploads\/2023\/06\/cropped-Logo-blanc_prev_ui.png","contentUrl":"https:\/\/www.au-palais-sucre.com\/wp-content\/uploads\/2023\/06\/cropped-Logo-blanc_prev_ui.png","width":567,"height":440,"caption":"Au Palais Sucr\u00e9"},"image":{"@id":"https:\/\/www.au-palais-sucre.com\/#\/schema\/logo\/image\/"},"sameAs":["https:\/\/www.facebook.com\/people\/Au-Palais-Sucr\/pfbid0xHg32QqsqJkkArCjoHQ6aaknwKMjtXgSnFxn2J3iXRfcnKZoBnYZT1GMsdL8xcPUl\/"]}]},"product_price_amount":"2.90","product_price_currency":"EUR","og_availability":"out of stock","product_availability":"out of stock","product_retailer_item_id":"ASPGAT36","product_condition":"new"},"_links":{"self":[{"href":"https:\/\/www.au-palais-sucre.com\/index.php\/wp-json\/wp\/v2\/product\/4512","targetHints":{"allow":["GET"]}}],"collection":[{"href":"https:\/\/www.au-palais-sucre.com\/index.php\/wp-json\/wp\/v2\/product"}],"about":[{"href":"https:\/\/www.au-palais-sucre.com\/index.php\/wp-json\/wp\/v2\/types\/product"}],"replies":[{"embeddable":true,"href":"https:\/\/www.au-palais-sucre.com\/index.php\/wp-json\/wp\/v2\/comments?post=4512"}],"version-history":[{"count":0,"href":"https:\/\/www.au-palais-sucre.com\/index.php\/wp-json\/wp\/v2\/product\/4512\/revisions"}],"wp:featuredmedia":[{"embeddable":true,"href":"https:\/\/www.au-palais-sucre.com\/index.php\/wp-json\/wp\/v2\/media\/4514"}],"wp:attachment":[{"href":"https:\/\/www.au-palais-sucre.com\/index.php\/wp-json\/wp\/v2\/media?parent=4512"}],"wp:term":[{"taxonomy":"product_brand","embeddable":true,"href":"https:\/\/www.au-palais-sucre.com\/index.php\/wp-json\/wp\/v2\/product_brand?post=4512"},{"taxonomy":"product_cat","embeddable":true,"href":"https:\/\/www.au-palais-sucre.com\/index.php\/wp-json\/wp\/v2\/product_cat?post=4512"},{"taxonomy":"product_tag","embeddable":true,"href":"https:\/\/www.au-palais-sucre.com\/index.php\/wp-json\/wp\/v2\/product_tag?post=4512"}],"curies":[{"name":"wp","href":"https:\/\/api.w.org\/{rel}","templated":true}]}}