{"id":4528,"date":"2024-02-02T19:45:38","date_gmt":"2024-02-02T18:45:38","guid":{"rendered":"https:\/\/www.au-palais-sucre.com\/?post_type=product&#038;p=4528"},"modified":"2025-04-27T00:07:40","modified_gmt":"2025-04-26T22:07:40","slug":"lays-chips-avocat-japon-104gr","status":"publish","type":"product","link":"https:\/\/www.au-palais-sucre.com\/index.php\/produit\/lays-chips-avocat-japon-104gr\/","title":{"rendered":"LAY&rsquo;S chips avocat Japon 104gr"},"content":{"rendered":"<h1>LAY&rsquo;S chips avocat Japon 104gr<\/h1>\n<div class=\"flex flex-grow flex-col max-w-full\">\n<div class=\"min-h-[20px] text-message flex flex-col items-start gap-3 whitespace-pre-wrap break-words [.text-message+&amp;]:mt-5 overflow-x-auto\" data-message-author-role=\"assistant\" data-message-id=\"7228c8f6-bd79-4c46-ad00-e7002c9322f6\">\n<div class=\"markdown prose w-full break-words dark:prose-invert light\">\n<p>D\u00e9couvrez l&rsquo;exotisme avec les Lay&rsquo;s Chips Avocat japonaises, une exp\u00e9rience gustative qui marie qualit\u00e9 exceptionnelle, go\u00fbt exquis et originalit\u00e9. Ces chips uniques c\u00e9l\u00e8brent la d\u00e9licatesse de l&rsquo;avocat, offrant une texture croustillante parfaitement assortie \u00e0 la saveur raffin\u00e9e et authentique de l&rsquo;Extr\u00eame-Orient.<\/p>\n<p>Succombez \u00e0 l&rsquo;originalit\u00e9 de cette cr\u00e9ation, o\u00f9 la qualit\u00e9 des ingr\u00e9dients rencontre l&rsquo;innovation dans chaque tranche de pomme de terre. Les Lay&rsquo;s Chips Avocat japonaises sont bien plus qu&rsquo;une simple collation ; elles repr\u00e9sentent une incursion dans l&rsquo;art culinaire japonais revisit\u00e9.<\/p>\n<p>Commandez d\u00e8s maintenant pour plonger dans cette exp\u00e9rience gustative distinctive, une invitation \u00e0 explorer l&rsquo;authenticit\u00e9 et la finesse des Lay&rsquo;s Chips Avocat japonaises. Laissez-vous emporter par cette fusion parfaite de qualit\u00e9, de go\u00fbt et d&rsquo;originalit\u00e9 \u00e0 chaque croquant. Une escapade croustillante qui transcende les fronti\u00e8res du plaisir sal\u00e9.<\/p>\n<p><strong>Tous nos produits b\u00e9n\u00e9ficient d\u2019une DDM de plusieurs mois.<\/strong><br \/>\n<strong>DDM = Date de Durabilit\u00e9 Minimale, anciennement DLUO.<\/strong><\/p>\n<h3><\/h3>\n<h3>Ingr\u00e9dients de LAY&rsquo;S chips avocat Japon 104gr<\/h3>\n<p>Poudre de pomme de terre (pomme de terre, \u00e9mulsifiant (E471), r\u00e9gulateur d\u2019acidit\u00e9 (E330)), huile v\u00e9g\u00e9tale, \u00e9paississant (E1403), assaisonnements (maltodextrine, sucre, sel, exhausteur de go\u00fbt (E621, E635), assaisonnement \u00e0 la\u00a0<strong>MOUTARDE<\/strong>, ar\u00f4me naturel, r\u00e9gulateur d\u2019acidit\u00e9 (E330), \u00e9dulcorant (E951), curcuma), sucre, poudre d\u2019avocat lyophilis\u00e9e (pur\u00e9e d\u2019avocat, maltodextrine), sel, \u00e9mulsifiant (E471, E322), colorants (E164, E165).<\/p>\n<div id=\"tab-valeurs-nutritionnelles-pour-100-g\" class=\"woocommerce-Tabs-panel woocommerce-Tabs-panel--valeurs-nutritionnelles-pour-100-g panel entry-content wc-tab\" role=\"tabpanel\" aria-labelledby=\"tab-title-valeurs-nutritionnelles-pour-100-g\">\n<h2 class=\"yikes-custom-woo-tab-title yikes-custom-woo-tab-title-valeurs-nutritionnelles-pour-100-g\">Valeurs nutritionnelles pour 100 g<\/h2>\n<p>D\u00e9claration nutritionnelle (pour 100g): \u00e9nergie 2290kJ\/547Kcal, mati\u00e8res grasses 33.67g (dont acides gras satur\u00e9s 17g), Glucides 57.34g (dont sucres 10.34g), prot\u00e9ines 4g, sel 2.05g.<\/p>\n<h4>Les services AU PALAIS SUCRE<\/h4>\n<p>Nous sommes est un site de vente de <strong>bonbons<\/strong>, <strong>confiseries<\/strong>, <strong>boissons<\/strong>, <strong>chips<\/strong> et <strong>produits du monde<\/strong>,\u00a0 pour les particuliers, les associations et les entreprises.<\/p>\n<p><strong>AU PALAIS SUCRE\u00a0<\/strong> apporte \u00e9galement un vrai service , une livraison rapide et fiable, une pr\u00e9paration des commandes dans les 24h\/48h et un service clients joignable.<\/p>\n<p><strong>AU PALAIS SUCRE<\/strong> est votre destination pour des bonbons, confiseries, boissons, chips et produits du monde pour les particuliers, les associations et les entreprises. Nous offrons un choix vari\u00e9 de produits de qualit\u00e9 sup\u00e9rieure pour satisfaire tous les go\u00fbts et les besoins.<\/p>\n<p>Nous sommes fiers d\u2019offrir \u00e0 nos clients un service hors pair. Nous nous engageons \u00e0 pr\u00e9parer et exp\u00e9dier les commandes dans les 24h\/48h suivant l\u2019achat, pour une livraison rapide et fiable. De plus, notre \u00e9quipe de service clients est toujours disponible pour r\u00e9pondre \u00e0 vos questions et vous aider \u00e0 trouver le produit id\u00e9al pour vos besoins.<\/p>\n<p>Chez AU PALAIS SUCRE, nous sommes passionn\u00e9s par les bonbons et les confiseries, et nous sommes d\u00e9termin\u00e9s \u00e0 offrir \u00e0 nos clients une exp\u00e9rience de magasinage en ligne agr\u00e9able et sans stress. Nous sommes votre guichet unique pour tous vos besoins en sucreries et en produits du monde, et nous sommes impatients de vous servir d\u00e8s maintenant !<\/p>\n<p>&nbsp;<\/p>\n<\/div>\n<\/div>\n<\/div>\n<\/div>\n<p>&nbsp;<\/p>\n<p>&nbsp;<\/p>\n","protected":false},"excerpt":{"rendered":"<h1>LAY&rsquo;S chips avocat Japon 104gr<\/h1>\n<div class=\"flex flex-grow flex-col max-w-full\">\n<div class=\"min-h-[20px] text-message flex flex-col items-start gap-3 whitespace-pre-wrap break-words [.text-message+&amp;]:mt-5 overflow-x-auto\" data-message-author-role=\"assistant\" data-message-id=\"7228c8f6-bd79-4c46-ad00-e7002c9322f6\">\n<div class=\"markdown prose w-full break-words dark:prose-invert light\">\n<p>D\u00e9couvrez l&rsquo;exotisme avec les Lay&rsquo;s Chips Avocat japonaises, une exp\u00e9rience gustative qui marie qualit\u00e9 exceptionnelle, go\u00fbt exquis et originalit\u00e9. Ces chips uniques c\u00e9l\u00e8brent la d\u00e9licatesse de l&rsquo;avocat, offrant une texture croustillante parfaitement assortie \u00e0 la saveur raffin\u00e9e et authentique de l&rsquo;Extr\u00eame-Orient.<\/p>\n<p>Succombez \u00e0 l&rsquo;originalit\u00e9 de cette cr\u00e9ation, o\u00f9 la qualit\u00e9 des ingr\u00e9dients rencontre l&rsquo;innovation dans chaque tranche de pomme de terre. Les Lay&rsquo;s Chips Avocat japonaises sont bien plus qu&rsquo;une simple collation ; elles repr\u00e9sentent une incursion dans l&rsquo;art culinaire japonais revisit\u00e9.<\/p>\n<p>Commandez d\u00e8s maintenant pour plonger dans cette exp\u00e9rience gustative distinctive, une invitation \u00e0 explorer l&rsquo;authenticit\u00e9 et la finesse des Lay&rsquo;s Chips Avocat japonaises. Laissez-vous emporter par cette fusion parfaite de qualit\u00e9, de go\u00fbt et d&rsquo;originalit\u00e9 \u00e0 chaque croquant. Une escapade croustillante qui transcende les fronti\u00e8res du plaisir sal\u00e9.<\/p>\n<p><strong>Tous nos produits b\u00e9n\u00e9ficient d\u2019une DDM de plusieurs mois.<\/strong><br \/>\n<strong>DDM = Date de Durabilit\u00e9 Minimale, anciennement DLUO.<\/strong><\/p>\n<\/div>\n<\/div>\n<\/div>\n","protected":false},"featured_media":4552,"comment_status":"open","ping_status":"closed","template":"","meta":{"ocean_post_layout":"","ocean_both_sidebars_style":"","ocean_both_sidebars_content_width":0,"ocean_both_sidebars_sidebars_width":0,"ocean_sidebar":"","ocean_second_sidebar":"","ocean_disable_margins":"enable","ocean_add_body_class":"","ocean_shortcode_before_top_bar":"","ocean_shortcode_after_top_bar":"","ocean_shortcode_before_header":"","ocean_shortcode_after_header":"","ocean_has_shortcode":"","ocean_shortcode_after_title":"","ocean_shortcode_before_footer_widgets":"","ocean_shortcode_after_footer_widgets":"","ocean_shortcode_before_footer_bottom":"","ocean_shortcode_after_footer_bottom":"","ocean_display_top_bar":"default","ocean_display_header":"default","ocean_header_style":"","ocean_center_header_left_menu":"","ocean_custom_header_template":"","ocean_custom_logo":0,"ocean_custom_retina_logo":0,"ocean_custom_logo_max_width":0,"ocean_custom_logo_tablet_max_width":0,"ocean_custom_logo_mobile_max_width":0,"ocean_custom_logo_max_height":0,"ocean_custom_logo_tablet_max_height":0,"ocean_custom_logo_mobile_max_height":0,"ocean_header_custom_menu":"","ocean_menu_typo_font_family":"","ocean_menu_typo_font_subset":"","ocean_menu_typo_font_size":0,"ocean_menu_typo_font_size_tablet":0,"ocean_menu_typo_font_size_mobile":0,"ocean_menu_typo_font_size_unit":"px","ocean_menu_typo_font_weight":"","ocean_menu_typo_font_weight_tablet":"","ocean_menu_typo_font_weight_mobile":"","ocean_menu_typo_transform":"","ocean_menu_typo_transform_tablet":"","ocean_menu_typo_transform_mobile":"","ocean_menu_typo_line_height":0,"ocean_menu_typo_line_height_tablet":0,"ocean_menu_typo_line_height_mobile":0,"ocean_menu_typo_line_height_unit":"","ocean_menu_typo_spacing":0,"ocean_menu_typo_spacing_tablet":0,"ocean_menu_typo_spacing_mobile":0,"ocean_menu_typo_spacing_unit":"","ocean_menu_link_color":"","ocean_menu_link_color_hover":"","ocean_menu_link_color_active":"","ocean_menu_link_background":"","ocean_menu_link_hover_background":"","ocean_menu_link_active_background":"","ocean_menu_social_links_bg":"","ocean_menu_social_hover_links_bg":"","ocean_menu_social_links_color":"","ocean_menu_social_hover_links_color":"","ocean_disable_title":"default","ocean_disable_heading":"default","ocean_post_title":"","ocean_post_subheading":"","ocean_post_title_style":"","ocean_post_title_background_color":"","ocean_post_title_background":0,"ocean_post_title_bg_image_position":"","ocean_post_title_bg_image_attachment":"","ocean_post_title_bg_image_repeat":"","ocean_post_title_bg_image_size":"","ocean_post_title_height":0,"ocean_post_title_bg_overlay":0.5,"ocean_post_title_bg_overlay_color":"","ocean_disable_breadcrumbs":"default","ocean_breadcrumbs_color":"","ocean_breadcrumbs_separator_color":"","ocean_breadcrumbs_links_color":"","ocean_breadcrumbs_links_hover_color":"","ocean_display_footer_widgets":"default","ocean_display_footer_bottom":"default","ocean_custom_footer_template":""},"product_brand":[],"product_cat":[51,53],"product_tag":[],"class_list":{"0":"post-4528","1":"product","2":"type-product","3":"status-publish","4":"has-post-thumbnail","6":"product_cat-ships","7":"product_cat-japon","9":"entry","10":"has-media","12":"first","13":"outofstock","14":"shipping-taxable","15":"purchasable","16":"product-type-simple","17":"has-product-nav","18":"col","19":"span_1_of_3","20":"owp-content-center","21":"owp-thumbs-layout-horizontal","22":"owp-btn-normal","23":"owp-tabs-layout-horizontal","24":"has-no-thumbnails"},"yoast_head":"<!-- This site is optimized with the Yoast SEO plugin v24.3 - https:\/\/yoast.com\/wordpress\/plugins\/seo\/ -->\n<title>LAY&#039;S chips avocat Japon 104gr - Au Palais Sucr\u00e9<\/title>\n<meta name=\"description\" content=\"D\u00e9couvrez l&#039;harmonie parfaite de la qualit\u00e9, du go\u00fbt et de l&#039;originalit\u00e9 avec les Lay&#039;s Chips Avocat japonaises. Plongez dans une exp\u00e9rience croustillante o\u00f9 la d\u00e9licatesse de l&#039;avocat rencontre l&#039;artisanat japonais, offrant une saveur raffin\u00e9e et exotique \u00e0 chaque bouch\u00e9e.Commandez ces chips uniques d\u00e8s maintenant pour une escapade gustative distinctive, une invitation \u00e0 savourer l&#039;authenticit\u00e9 et la finesse des Lay&#039;s Chips Avocat japonaises. Red\u00e9finissez vos pauses gourmandes avec cette collation exceptionnelle, une fusion de qualit\u00e9 exceptionnelle, de go\u00fbt d\u00e9lectable et d&#039;origine japonaise qui transporte vos papilles au c\u0153ur de l&#039;Extr\u00eame-Orient.\" \/>\n<meta name=\"robots\" content=\"index, follow, max-snippet:-1, max-image-preview:large, max-video-preview:-1\" \/>\n<link rel=\"canonical\" href=\"https:\/\/www.au-palais-sucre.com\/index.php\/produit\/lays-chips-avocat-japon-104gr\/\" \/>\n<meta property=\"og:locale\" content=\"fr_FR\" \/>\n<meta property=\"og:type\" content=\"article\" \/>\n<meta property=\"og:title\" content=\"LAY&#039;S chips avocat Japon 104gr - Au Palais Sucr\u00e9\" \/>\n<meta property=\"og:description\" content=\"D\u00e9couvrez l&#039;harmonie parfaite de la qualit\u00e9, du go\u00fbt et de l&#039;originalit\u00e9 avec les Lay&#039;s Chips Avocat japonaises. Plongez dans une exp\u00e9rience croustillante o\u00f9 la d\u00e9licatesse de l&#039;avocat rencontre l&#039;artisanat japonais, offrant une saveur raffin\u00e9e et exotique \u00e0 chaque bouch\u00e9e.Commandez ces chips uniques d\u00e8s maintenant pour une escapade gustative distinctive, une invitation \u00e0 savourer l&#039;authenticit\u00e9 et la finesse des Lay&#039;s Chips Avocat japonaises. Red\u00e9finissez vos pauses gourmandes avec cette collation exceptionnelle, une fusion de qualit\u00e9 exceptionnelle, de go\u00fbt d\u00e9lectable et d&#039;origine japonaise qui transporte vos papilles au c\u0153ur de l&#039;Extr\u00eame-Orient.\" \/>\n<meta property=\"og:url\" content=\"https:\/\/www.au-palais-sucre.com\/index.php\/produit\/lays-chips-avocat-japon-104gr\/\" \/>\n<meta property=\"og:site_name\" content=\"Au Palais Sucr\u00e9\" \/>\n<meta property=\"article:publisher\" content=\"https:\/\/www.facebook.com\/people\/Au-Palais-Sucr\/pfbid0xHg32QqsqJkkArCjoHQ6aaknwKMjtXgSnFxn2J3iXRfcnKZoBnYZT1GMsdL8xcPUl\/\" \/>\n<meta property=\"article:modified_time\" content=\"2025-04-26T22:07:40+00:00\" \/>\n<meta property=\"og:image\" content=\"https:\/\/www.au-palais-sucre.com\/wp-content\/uploads\/2024\/02\/lays-avocat-japon.jpg\" \/>\n\t<meta property=\"og:image:width\" content=\"500\" \/>\n\t<meta property=\"og:image:height\" content=\"500\" \/>\n\t<meta property=\"og:image:type\" content=\"image\/jpeg\" \/>\n<meta name=\"twitter:card\" content=\"summary_large_image\" \/>\n<meta name=\"twitter:label1\" content=\"Prix\" \/>\n\t<meta name=\"twitter:data1\" content=\"6,00&nbsp;&euro;\" \/>\n\t<meta name=\"twitter:label2\" content=\"Disponibilit\u00e9\" \/>\n\t<meta name=\"twitter:data2\" content=\"Rupture de stock\" \/>\n<script type=\"application\/ld+json\" class=\"yoast-schema-graph\">{\"@context\":\"https:\/\/schema.org\",\"@graph\":[{\"@type\":\"WebPage\",\"@id\":\"https:\/\/www.au-palais-sucre.com\/index.php\/produit\/lays-chips-avocat-japon-104gr\/\",\"url\":\"https:\/\/www.au-palais-sucre.com\/index.php\/produit\/lays-chips-avocat-japon-104gr\/\",\"name\":\"LAY'S chips avocat Japon 104gr - Au Palais Sucr\u00e9\",\"isPartOf\":{\"@id\":\"https:\/\/www.au-palais-sucre.com\/#website\"},\"primaryImageOfPage\":{\"@id\":\"https:\/\/www.au-palais-sucre.com\/index.php\/produit\/lays-chips-avocat-japon-104gr\/#primaryimage\"},\"image\":{\"@id\":\"https:\/\/www.au-palais-sucre.com\/index.php\/produit\/lays-chips-avocat-japon-104gr\/#primaryimage\"},\"thumbnailUrl\":\"https:\/\/www.au-palais-sucre.com\/wp-content\/uploads\/2024\/02\/lays-avocat-japon.jpg\",\"datePublished\":\"2024-02-02T18:45:38+00:00\",\"dateModified\":\"2025-04-26T22:07:40+00:00\",\"description\":\"D\u00e9couvrez l'harmonie parfaite de la qualit\u00e9, du go\u00fbt et de l'originalit\u00e9 avec les Lay's Chips Avocat japonaises. Plongez dans une exp\u00e9rience croustillante o\u00f9 la d\u00e9licatesse de l'avocat rencontre l'artisanat japonais, offrant une saveur raffin\u00e9e et exotique \u00e0 chaque bouch\u00e9e.Commandez ces chips uniques d\u00e8s maintenant pour une escapade gustative distinctive, une invitation \u00e0 savourer l'authenticit\u00e9 et la finesse des Lay's Chips Avocat japonaises. Red\u00e9finissez vos pauses gourmandes avec cette collation exceptionnelle, une fusion de qualit\u00e9 exceptionnelle, de go\u00fbt d\u00e9lectable et d'origine japonaise qui transporte vos papilles au c\u0153ur de l'Extr\u00eame-Orient.\",\"breadcrumb\":{\"@id\":\"https:\/\/www.au-palais-sucre.com\/index.php\/produit\/lays-chips-avocat-japon-104gr\/#breadcrumb\"},\"inLanguage\":\"fr-FR\",\"potentialAction\":[{\"@type\":\"ReadAction\",\"target\":[\"https:\/\/www.au-palais-sucre.com\/index.php\/produit\/lays-chips-avocat-japon-104gr\/\"]}]},{\"@type\":\"ImageObject\",\"inLanguage\":\"fr-FR\",\"@id\":\"https:\/\/www.au-palais-sucre.com\/index.php\/produit\/lays-chips-avocat-japon-104gr\/#primaryimage\",\"url\":\"https:\/\/www.au-palais-sucre.com\/wp-content\/uploads\/2024\/02\/lays-avocat-japon.jpg\",\"contentUrl\":\"https:\/\/www.au-palais-sucre.com\/wp-content\/uploads\/2024\/02\/lays-avocat-japon.jpg\",\"width\":500,\"height\":500},{\"@type\":\"BreadcrumbList\",\"@id\":\"https:\/\/www.au-palais-sucre.com\/index.php\/produit\/lays-chips-avocat-japon-104gr\/#breadcrumb\",\"itemListElement\":[{\"@type\":\"ListItem\",\"position\":1,\"name\":\"Boutique\",\"item\":\"https:\/\/www.au-palais-sucre.com\/index.php\/shop\/\"},{\"@type\":\"ListItem\",\"position\":2,\"name\":\"LAY&#8217;S chips avocat Japon 104gr\"}]},{\"@type\":\"WebSite\",\"@id\":\"https:\/\/www.au-palais-sucre.com\/#website\",\"url\":\"https:\/\/www.au-palais-sucre.com\/\",\"name\":\"Au Palais Sucr\u00e9\",\"description\":\"Arrivage permanent de nouveaux produits..\",\"publisher\":{\"@id\":\"https:\/\/www.au-palais-sucre.com\/#organization\"},\"potentialAction\":[{\"@type\":\"SearchAction\",\"target\":{\"@type\":\"EntryPoint\",\"urlTemplate\":\"https:\/\/www.au-palais-sucre.com\/?s={search_term_string}\"},\"query-input\":{\"@type\":\"PropertyValueSpecification\",\"valueRequired\":true,\"valueName\":\"search_term_string\"}}],\"inLanguage\":\"fr-FR\"},{\"@type\":\"Organization\",\"@id\":\"https:\/\/www.au-palais-sucre.com\/#organization\",\"name\":\"Au Palais Sucr\u00e9\",\"url\":\"https:\/\/www.au-palais-sucre.com\/\",\"logo\":{\"@type\":\"ImageObject\",\"inLanguage\":\"fr-FR\",\"@id\":\"https:\/\/www.au-palais-sucre.com\/#\/schema\/logo\/image\/\",\"url\":\"https:\/\/www.au-palais-sucre.com\/wp-content\/uploads\/2023\/06\/cropped-Logo-blanc_prev_ui.png\",\"contentUrl\":\"https:\/\/www.au-palais-sucre.com\/wp-content\/uploads\/2023\/06\/cropped-Logo-blanc_prev_ui.png\",\"width\":567,\"height\":440,\"caption\":\"Au Palais Sucr\u00e9\"},\"image\":{\"@id\":\"https:\/\/www.au-palais-sucre.com\/#\/schema\/logo\/image\/\"},\"sameAs\":[\"https:\/\/www.facebook.com\/people\/Au-Palais-Sucr\/pfbid0xHg32QqsqJkkArCjoHQ6aaknwKMjtXgSnFxn2J3iXRfcnKZoBnYZT1GMsdL8xcPUl\/\"]}]}<\/script>\n<meta property=\"product:price:amount\" content=\"6.00\" \/>\n<meta property=\"product:price:currency\" content=\"EUR\" \/>\n<meta property=\"og:availability\" content=\"out of stock\" \/>\n<meta property=\"product:availability\" content=\"out of stock\" \/>\n<meta property=\"product:retailer_item_id\" content=\"ASPCHIP24\" \/>\n<meta property=\"product:condition\" content=\"new\" \/>\n<!-- \/ Yoast SEO plugin. -->","yoast_head_json":{"title":"LAY'S chips avocat Japon 104gr - Au Palais Sucr\u00e9","description":"D\u00e9couvrez l'harmonie parfaite de la qualit\u00e9, du go\u00fbt et de l'originalit\u00e9 avec les Lay's Chips Avocat japonaises. Plongez dans une exp\u00e9rience croustillante o\u00f9 la d\u00e9licatesse de l'avocat rencontre l'artisanat japonais, offrant une saveur raffin\u00e9e et exotique \u00e0 chaque bouch\u00e9e.Commandez ces chips uniques d\u00e8s maintenant pour une escapade gustative distinctive, une invitation \u00e0 savourer l'authenticit\u00e9 et la finesse des Lay's Chips Avocat japonaises. Red\u00e9finissez vos pauses gourmandes avec cette collation exceptionnelle, une fusion de qualit\u00e9 exceptionnelle, de go\u00fbt d\u00e9lectable et d'origine japonaise qui transporte vos papilles au c\u0153ur de l'Extr\u00eame-Orient.","robots":{"index":"index","follow":"follow","max-snippet":"max-snippet:-1","max-image-preview":"max-image-preview:large","max-video-preview":"max-video-preview:-1"},"canonical":"https:\/\/www.au-palais-sucre.com\/index.php\/produit\/lays-chips-avocat-japon-104gr\/","og_locale":"fr_FR","og_type":"article","og_title":"LAY'S chips avocat Japon 104gr - Au Palais Sucr\u00e9","og_description":"D\u00e9couvrez l'harmonie parfaite de la qualit\u00e9, du go\u00fbt et de l'originalit\u00e9 avec les Lay's Chips Avocat japonaises. Plongez dans une exp\u00e9rience croustillante o\u00f9 la d\u00e9licatesse de l'avocat rencontre l'artisanat japonais, offrant une saveur raffin\u00e9e et exotique \u00e0 chaque bouch\u00e9e.Commandez ces chips uniques d\u00e8s maintenant pour une escapade gustative distinctive, une invitation \u00e0 savourer l'authenticit\u00e9 et la finesse des Lay's Chips Avocat japonaises. Red\u00e9finissez vos pauses gourmandes avec cette collation exceptionnelle, une fusion de qualit\u00e9 exceptionnelle, de go\u00fbt d\u00e9lectable et d'origine japonaise qui transporte vos papilles au c\u0153ur de l'Extr\u00eame-Orient.","og_url":"https:\/\/www.au-palais-sucre.com\/index.php\/produit\/lays-chips-avocat-japon-104gr\/","og_site_name":"Au Palais Sucr\u00e9","article_publisher":"https:\/\/www.facebook.com\/people\/Au-Palais-Sucr\/pfbid0xHg32QqsqJkkArCjoHQ6aaknwKMjtXgSnFxn2J3iXRfcnKZoBnYZT1GMsdL8xcPUl\/","article_modified_time":"2025-04-26T22:07:40+00:00","og_image":[{"width":500,"height":500,"url":"https:\/\/www.au-palais-sucre.com\/wp-content\/uploads\/2024\/02\/lays-avocat-japon.jpg","type":"image\/jpeg"}],"twitter_card":"summary_large_image","twitter_misc":{"Prix":"6,00&nbsp;&euro;","Disponibilit\u00e9":"Rupture de stock"},"schema":{"@context":"https:\/\/schema.org","@graph":[{"@type":"WebPage","@id":"https:\/\/www.au-palais-sucre.com\/index.php\/produit\/lays-chips-avocat-japon-104gr\/","url":"https:\/\/www.au-palais-sucre.com\/index.php\/produit\/lays-chips-avocat-japon-104gr\/","name":"LAY'S chips avocat Japon 104gr - Au Palais Sucr\u00e9","isPartOf":{"@id":"https:\/\/www.au-palais-sucre.com\/#website"},"primaryImageOfPage":{"@id":"https:\/\/www.au-palais-sucre.com\/index.php\/produit\/lays-chips-avocat-japon-104gr\/#primaryimage"},"image":{"@id":"https:\/\/www.au-palais-sucre.com\/index.php\/produit\/lays-chips-avocat-japon-104gr\/#primaryimage"},"thumbnailUrl":"https:\/\/www.au-palais-sucre.com\/wp-content\/uploads\/2024\/02\/lays-avocat-japon.jpg","datePublished":"2024-02-02T18:45:38+00:00","dateModified":"2025-04-26T22:07:40+00:00","description":"D\u00e9couvrez l'harmonie parfaite de la qualit\u00e9, du go\u00fbt et de l'originalit\u00e9 avec les Lay's Chips Avocat japonaises. Plongez dans une exp\u00e9rience croustillante o\u00f9 la d\u00e9licatesse de l'avocat rencontre l'artisanat japonais, offrant une saveur raffin\u00e9e et exotique \u00e0 chaque bouch\u00e9e.Commandez ces chips uniques d\u00e8s maintenant pour une escapade gustative distinctive, une invitation \u00e0 savourer l'authenticit\u00e9 et la finesse des Lay's Chips Avocat japonaises. Red\u00e9finissez vos pauses gourmandes avec cette collation exceptionnelle, une fusion de qualit\u00e9 exceptionnelle, de go\u00fbt d\u00e9lectable et d'origine japonaise qui transporte vos papilles au c\u0153ur de l'Extr\u00eame-Orient.","breadcrumb":{"@id":"https:\/\/www.au-palais-sucre.com\/index.php\/produit\/lays-chips-avocat-japon-104gr\/#breadcrumb"},"inLanguage":"fr-FR","potentialAction":[{"@type":"ReadAction","target":["https:\/\/www.au-palais-sucre.com\/index.php\/produit\/lays-chips-avocat-japon-104gr\/"]}]},{"@type":"ImageObject","inLanguage":"fr-FR","@id":"https:\/\/www.au-palais-sucre.com\/index.php\/produit\/lays-chips-avocat-japon-104gr\/#primaryimage","url":"https:\/\/www.au-palais-sucre.com\/wp-content\/uploads\/2024\/02\/lays-avocat-japon.jpg","contentUrl":"https:\/\/www.au-palais-sucre.com\/wp-content\/uploads\/2024\/02\/lays-avocat-japon.jpg","width":500,"height":500},{"@type":"BreadcrumbList","@id":"https:\/\/www.au-palais-sucre.com\/index.php\/produit\/lays-chips-avocat-japon-104gr\/#breadcrumb","itemListElement":[{"@type":"ListItem","position":1,"name":"Boutique","item":"https:\/\/www.au-palais-sucre.com\/index.php\/shop\/"},{"@type":"ListItem","position":2,"name":"LAY&#8217;S chips avocat Japon 104gr"}]},{"@type":"WebSite","@id":"https:\/\/www.au-palais-sucre.com\/#website","url":"https:\/\/www.au-palais-sucre.com\/","name":"Au Palais Sucr\u00e9","description":"Arrivage permanent de nouveaux produits..","publisher":{"@id":"https:\/\/www.au-palais-sucre.com\/#organization"},"potentialAction":[{"@type":"SearchAction","target":{"@type":"EntryPoint","urlTemplate":"https:\/\/www.au-palais-sucre.com\/?s={search_term_string}"},"query-input":{"@type":"PropertyValueSpecification","valueRequired":true,"valueName":"search_term_string"}}],"inLanguage":"fr-FR"},{"@type":"Organization","@id":"https:\/\/www.au-palais-sucre.com\/#organization","name":"Au Palais Sucr\u00e9","url":"https:\/\/www.au-palais-sucre.com\/","logo":{"@type":"ImageObject","inLanguage":"fr-FR","@id":"https:\/\/www.au-palais-sucre.com\/#\/schema\/logo\/image\/","url":"https:\/\/www.au-palais-sucre.com\/wp-content\/uploads\/2023\/06\/cropped-Logo-blanc_prev_ui.png","contentUrl":"https:\/\/www.au-palais-sucre.com\/wp-content\/uploads\/2023\/06\/cropped-Logo-blanc_prev_ui.png","width":567,"height":440,"caption":"Au Palais Sucr\u00e9"},"image":{"@id":"https:\/\/www.au-palais-sucre.com\/#\/schema\/logo\/image\/"},"sameAs":["https:\/\/www.facebook.com\/people\/Au-Palais-Sucr\/pfbid0xHg32QqsqJkkArCjoHQ6aaknwKMjtXgSnFxn2J3iXRfcnKZoBnYZT1GMsdL8xcPUl\/"]}]},"product_price_amount":"6.00","product_price_currency":"EUR","og_availability":"out of stock","product_availability":"out of stock","product_retailer_item_id":"ASPCHIP24","product_condition":"new"},"_links":{"self":[{"href":"https:\/\/www.au-palais-sucre.com\/index.php\/wp-json\/wp\/v2\/product\/4528","targetHints":{"allow":["GET"]}}],"collection":[{"href":"https:\/\/www.au-palais-sucre.com\/index.php\/wp-json\/wp\/v2\/product"}],"about":[{"href":"https:\/\/www.au-palais-sucre.com\/index.php\/wp-json\/wp\/v2\/types\/product"}],"replies":[{"embeddable":true,"href":"https:\/\/www.au-palais-sucre.com\/index.php\/wp-json\/wp\/v2\/comments?post=4528"}],"version-history":[{"count":1,"href":"https:\/\/www.au-palais-sucre.com\/index.php\/wp-json\/wp\/v2\/product\/4528\/revisions"}],"predecessor-version":[{"id":5779,"href":"https:\/\/www.au-palais-sucre.com\/index.php\/wp-json\/wp\/v2\/product\/4528\/revisions\/5779"}],"wp:featuredmedia":[{"embeddable":true,"href":"https:\/\/www.au-palais-sucre.com\/index.php\/wp-json\/wp\/v2\/media\/4552"}],"wp:attachment":[{"href":"https:\/\/www.au-palais-sucre.com\/index.php\/wp-json\/wp\/v2\/media?parent=4528"}],"wp:term":[{"taxonomy":"product_brand","embeddable":true,"href":"https:\/\/www.au-palais-sucre.com\/index.php\/wp-json\/wp\/v2\/product_brand?post=4528"},{"taxonomy":"product_cat","embeddable":true,"href":"https:\/\/www.au-palais-sucre.com\/index.php\/wp-json\/wp\/v2\/product_cat?post=4528"},{"taxonomy":"product_tag","embeddable":true,"href":"https:\/\/www.au-palais-sucre.com\/index.php\/wp-json\/wp\/v2\/product_tag?post=4528"}],"curies":[{"name":"wp","href":"https:\/\/api.w.org\/{rel}","templated":true}]}}