{"id":4572,"date":"2024-02-18T22:32:48","date_gmt":"2024-02-18T21:32:48","guid":{"rendered":"https:\/\/www.au-palais-sucre.com\/?post_type=product&#038;p=4572"},"modified":"2024-11-06T22:33:28","modified_gmt":"2024-11-06T21:33:28","slug":"hot-chip-mr-twister-challenge-120gr","status":"publish","type":"product","link":"https:\/\/www.au-palais-sucre.com\/index.php\/produit\/hot-chip-mr-twister-challenge-120gr\/","title":{"rendered":"Hot Chip Mr Twister Challenge 120gr"},"content":{"rendered":"<h1>Hot Chip Mr Twister Challenge 120gr<\/h1>\n<p>Es-tu pr\u00eat a relever ce nouveau d\u00e9fi ? Voici le nouveau challenge de la c\u00e9l\u00e8bre marque hot Chip. Chaque bonbon dissimule soit une douceur sucr\u00e9e, soit une surprise audacieuse. \u00c0 chaque bouch\u00e9e, tu peux t&rsquo;attendre au plaisir du cola ou te pr\u00e9parer \u00e0 une exp\u00e9rience gustative inattendue, peut-\u00eatre un d\u00e9licieux go\u00fbt de banane ou un go\u00fbt inattendue de calamar. Tu penses tomber su un bonbon au go\u00fbt de Cola, et bien non, c&rsquo;est au go\u00fbt de p\u00e2t\u00e9 pour chien. Te laisseras-tu surprendre par une fraise sucr\u00e9e ou par le piquant d&rsquo;un piment Carolina Reaper ? Faites tourner la roue et tentez votre chance.<\/p>\n<div class=\"flex flex-grow flex-col max-w-full\">\n<div class=\"min-h-[20px] text-message flex flex-col items-start gap-3 whitespace-pre-wrap break-words [.text-message+&amp;]:mt-5 overflow-x-auto\" data-message-author-role=\"assistant\" data-message-id=\"39730ece-7509-454e-a062-4f550737d46a\">\n<div class=\"markdown prose w-full break-words dark:prose-invert dark\">\n<p>Plongez dans l&rsquo;univers audacieux du \u00ab\u00a0Hot Chip Mr Twister Challenge\u00a0\u00bb, une exp\u00e9rience culinaire unique qui allie qualit\u00e9, go\u00fbt et originalit\u00e9. Pr\u00e9parez-vous \u00e0 d\u00e9fier vos papilles avec ces go\u00fbts relev\u00e9es, concoct\u00e9es avec soin pour une explosion de saveurs inattendues. Laissez-vous emporter par le frisson de l&rsquo;\u00e9pic\u00e9 et la d\u00e9licieuse sensation de chaque bouch\u00e9e. Pr\u00eat \u00e0 relever le d\u00e9fi et \u00e0 vivre une exp\u00e9rience gustative inoubliable ? D\u00e9couvrez le \u00ab\u00a0Hot Chip Mr Twister Challenge\u00a0\u00bb d\u00e8s maintenant et laissez-vous surprendre par son caract\u00e8re audacieux et addictif.<\/p>\n<\/div>\n<\/div>\n<\/div>\n<div class=\"mt-1 flex justify-start gap-3 empty:hidden\">\n<div class=\"text-gray-400 flex self-end lg:self-center justify-center lg:justify-start mt-0 -ml-1 visible\"><\/div>\n<\/div>\n<p><strong>Tous nos produits b\u00e9n\u00e9ficient d\u2019une DDM de plusieurs mois.<\/strong><br \/>\n<strong>DDM = Date de Durabilit\u00e9 Minimale, anciennement DLUO.<\/strong><\/p>\n<h3>Ingr\u00e9dients de Hot Chip Mr Twister Challenge 120gr<\/h3>\n<p>Sucre, sirop de glucose, amidon modifi\u00e9, acide : acide citrique ; ar\u00f4mes, colorants : e133, e150d, carot\u00e8nes ; concentr\u00e9 de carot\u00e8ne noir, colles : cire de carnauba, gomme-laque.<\/p>\n<p>SANS GLUTEN | SANS PRODUITS LAITIERS | V\u00c9G\u00c9TARIEN | HALAL<\/p>\n<p>D\u00e9claration nutritionnelle (pour 100g): \u00e9nergie 1111kJ\/265Kcal, mati\u00e8res grasses 3.2g (dont acides gras satur\u00e9s 1.4g), glucides 2g (dont sucres 1.8g), prot\u00e9ines 57g, sel 4g.<\/p>\n<h4>Les services AU PALAIS SUCRE<\/h4>\n<p>Nous sommes est un site de vente de <strong>bonbons<\/strong>, <strong>confiseries<\/strong>, <strong>boissons<\/strong>, <strong>chips<\/strong> et <strong>produits du monde<\/strong>,\u00a0 pour les particuliers, les associations et les entreprises.<\/p>\n<p><strong>AU PALAIS SUCRE\u00a0<\/strong> apporte \u00e9galement un vrai service , une livraison rapide et fiable, une pr\u00e9paration des commandes dans les 24h\/48h et un service clients joignable.<\/p>\n<p><strong>AU PALAIS SUCRE<\/strong> est votre destination pour des bonbons, confiseries, boissons, chips et produits du monde pour les particuliers, les associations et les entreprises. Nous offrons un choix vari\u00e9 de produits de qualit\u00e9 sup\u00e9rieure pour satisfaire tous les go\u00fbts et les besoins.<\/p>\n<p>Nous sommes fiers d\u2019offrir \u00e0 nos clients un service hors pair. Nous nous engageons \u00e0 pr\u00e9parer et exp\u00e9dier les commandes dans les 24h\/48h suivant l\u2019achat, pour une livraison rapide et fiable. De plus, notre \u00e9quipe de service clients est toujours disponible pour r\u00e9pondre \u00e0 vos questions et vous aider \u00e0 trouver le produit id\u00e9al pour vos besoins.<\/p>\n<p>Chez AU PALAIS SUCRE, nous sommes passionn\u00e9s par les bonbons et les confiseries, et nous sommes d\u00e9termin\u00e9s \u00e0 offrir \u00e0 nos clients une exp\u00e9rience de magasinage en ligne agr\u00e9able et sans stress. Nous sommes votre guichet unique pour tous vos besoins en sucreries et en produits du monde, et nous sommes impatients de vous servir d\u00e8s maintenant !<\/p>\n","protected":false},"excerpt":{"rendered":"<h1>Hot Chip Mr Twister Challenge 120gr<\/h1>\n<p>Es-tu pr\u00eat a relever ce nouveau d\u00e9fi ? Voici le nouveau challenge de la c\u00e9l\u00e8bre marque hot Chip. Chaque bonbon dissimule soit une douceur sucr\u00e9e, soit une surprise audacieuse. \u00c0 chaque bouch\u00e9e, tu peux t&rsquo;attendre au plaisir du cola ou te pr\u00e9parer \u00e0 une exp\u00e9rience gustative inattendue, peut-\u00eatre un d\u00e9licieux go\u00fbt de banane ou un go\u00fbt inattendue de calamar. Tu penses tomber su un bonbon au go\u00fbt de Cola, et bien non, c&rsquo;est au go\u00fbt de p\u00e2t\u00e9 pour chien. Te laisseras-tu surprendre par une fraise sucr\u00e9e ou par le piquant d&rsquo;un piment Carolina Reaper ? Faites tourner la roue et tentez votre chance.<\/p>\n<div class=\"flex flex-grow flex-col max-w-full\">\n<div class=\"min-h-[20px] text-message flex flex-col items-start gap-3 whitespace-pre-wrap break-words [.text-message+&amp;]:mt-5 overflow-x-auto\" data-message-author-role=\"assistant\" data-message-id=\"39730ece-7509-454e-a062-4f550737d46a\">\n<div class=\"markdown prose w-full break-words dark:prose-invert dark\">\n<p>Plongez dans l&rsquo;univers audacieux du \u00ab\u00a0Hot Chip Mr Twister Challenge\u00a0\u00bb, une exp\u00e9rience culinaire unique qui allie qualit\u00e9, go\u00fbt et originalit\u00e9. Pr\u00e9parez-vous \u00e0 d\u00e9fier vos papilles avec ces go\u00fbts relev\u00e9es, concoct\u00e9es avec soin pour une explosion de saveurs inattendues. Laissez-vous emporter par le frisson de l&rsquo;\u00e9pic\u00e9 et la d\u00e9licieuse sensation de chaque bouch\u00e9e. Pr\u00eat \u00e0 relever le d\u00e9fi et \u00e0 vivre une exp\u00e9rience gustative inoubliable ? D\u00e9couvrez le \u00ab\u00a0Hot Chip Mr Twister Challenge\u00a0\u00bb d\u00e8s maintenant et laissez-vous surprendre par son caract\u00e8re audacieux et addictif.<\/p>\n<\/div>\n<\/div>\n<\/div>\n<div class=\"mt-1 flex justify-start gap-3 empty:hidden\">\n<div class=\"text-gray-400 flex self-end lg:self-center justify-center lg:justify-start mt-0 -ml-1 visible\"><\/div>\n<\/div>\n<p><strong>Tous nos produits b\u00e9n\u00e9ficient d\u2019une DDM de plusieurs mois.<\/strong><br \/>\n<strong>DDM = Date de Durabilit\u00e9 Minimale, anciennement DLUO.<\/strong><\/p>\n","protected":false},"featured_media":4573,"comment_status":"open","ping_status":"closed","template":"","meta":{"ocean_post_layout":"","ocean_both_sidebars_style":"","ocean_both_sidebars_content_width":0,"ocean_both_sidebars_sidebars_width":0,"ocean_sidebar":"","ocean_second_sidebar":"","ocean_disable_margins":"enable","ocean_add_body_class":"","ocean_shortcode_before_top_bar":"","ocean_shortcode_after_top_bar":"","ocean_shortcode_before_header":"","ocean_shortcode_after_header":"","ocean_has_shortcode":"","ocean_shortcode_after_title":"","ocean_shortcode_before_footer_widgets":"","ocean_shortcode_after_footer_widgets":"","ocean_shortcode_before_footer_bottom":"","ocean_shortcode_after_footer_bottom":"","ocean_display_top_bar":"default","ocean_display_header":"default","ocean_header_style":"","ocean_center_header_left_menu":"","ocean_custom_header_template":"","ocean_custom_logo":0,"ocean_custom_retina_logo":0,"ocean_custom_logo_max_width":0,"ocean_custom_logo_tablet_max_width":0,"ocean_custom_logo_mobile_max_width":0,"ocean_custom_logo_max_height":0,"ocean_custom_logo_tablet_max_height":0,"ocean_custom_logo_mobile_max_height":0,"ocean_header_custom_menu":"","ocean_menu_typo_font_family":"","ocean_menu_typo_font_subset":"","ocean_menu_typo_font_size":0,"ocean_menu_typo_font_size_tablet":0,"ocean_menu_typo_font_size_mobile":0,"ocean_menu_typo_font_size_unit":"px","ocean_menu_typo_font_weight":"","ocean_menu_typo_font_weight_tablet":"","ocean_menu_typo_font_weight_mobile":"","ocean_menu_typo_transform":"","ocean_menu_typo_transform_tablet":"","ocean_menu_typo_transform_mobile":"","ocean_menu_typo_line_height":0,"ocean_menu_typo_line_height_tablet":0,"ocean_menu_typo_line_height_mobile":0,"ocean_menu_typo_line_height_unit":"","ocean_menu_typo_spacing":0,"ocean_menu_typo_spacing_tablet":0,"ocean_menu_typo_spacing_mobile":0,"ocean_menu_typo_spacing_unit":"","ocean_menu_link_color":"","ocean_menu_link_color_hover":"","ocean_menu_link_color_active":"","ocean_menu_link_background":"","ocean_menu_link_hover_background":"","ocean_menu_link_active_background":"","ocean_menu_social_links_bg":"","ocean_menu_social_hover_links_bg":"","ocean_menu_social_links_color":"","ocean_menu_social_hover_links_color":"","ocean_disable_title":"default","ocean_disable_heading":"default","ocean_post_title":"","ocean_post_subheading":"","ocean_post_title_style":"","ocean_post_title_background_color":"","ocean_post_title_background":0,"ocean_post_title_bg_image_position":"","ocean_post_title_bg_image_attachment":"","ocean_post_title_bg_image_repeat":"","ocean_post_title_bg_image_size":"","ocean_post_title_height":0,"ocean_post_title_bg_overlay":0.5,"ocean_post_title_bg_overlay_color":"","ocean_disable_breadcrumbs":"default","ocean_breadcrumbs_color":"","ocean_breadcrumbs_separator_color":"","ocean_breadcrumbs_links_color":"","ocean_breadcrumbs_links_hover_color":"","ocean_display_footer_widgets":"default","ocean_display_footer_bottom":"default","ocean_custom_footer_template":""},"product_brand":[],"product_cat":[27,47,109],"product_tag":[],"class_list":{"0":"post-4572","1":"product","2":"type-product","3":"status-publish","4":"has-post-thumbnail","6":"product_cat-bonbons-conditionnes","7":"product_cat-bonbons-halal","8":"product_cat-bonbon-sans-gluten","10":"entry","11":"has-media","13":"first","14":"outofstock","15":"shipping-taxable","16":"purchasable","17":"product-type-simple","18":"has-product-nav","19":"col","20":"span_1_of_3","21":"owp-content-center","22":"owp-thumbs-layout-horizontal","23":"owp-btn-normal","24":"owp-tabs-layout-horizontal","25":"has-no-thumbnails"},"yoast_head":"<!-- This site is optimized with the Yoast SEO plugin v24.3 - https:\/\/yoast.com\/wordpress\/plugins\/seo\/ -->\n<title>Hot Chip Mr Twister Challenge 120gr - Au Palais Sucr\u00e9<\/title>\n<meta name=\"description\" content=\"D\u00e9couvrez le d\u00e9fi culinaire sensationnel du &quot;Hot Chip Mr Twister Challenge&quot;. Pr\u00e9parez-vous \u00e0 une exp\u00e9rience gustative intense avec ces go\u00fbts uniques, combinant qualit\u00e9, go\u00fbt et originalit\u00e9. Plongez dans l&#039;aventure et relevez ce challenge \u00e9pic\u00e9 avec des saveurs venues d&#039;ailleurs. Oserez-vous affronter cette exp\u00e9rience in\u00e9dite et repousser vos limites ? Vivez l&#039;excitation du &quot;Hot Chip Mr Twister Challenge&quot; et explorez de nouveaux horizons gustatifs avec chaque bouch\u00e9e.\" \/>\n<meta name=\"robots\" content=\"index, follow, max-snippet:-1, max-image-preview:large, max-video-preview:-1\" \/>\n<link rel=\"canonical\" href=\"https:\/\/www.au-palais-sucre.com\/index.php\/produit\/hot-chip-mr-twister-challenge-120gr\/\" \/>\n<meta property=\"og:locale\" content=\"fr_FR\" \/>\n<meta property=\"og:type\" content=\"article\" \/>\n<meta property=\"og:title\" content=\"Hot Chip Mr Twister Challenge 120gr - Au Palais Sucr\u00e9\" \/>\n<meta property=\"og:description\" content=\"D\u00e9couvrez le d\u00e9fi culinaire sensationnel du &quot;Hot Chip Mr Twister Challenge&quot;. Pr\u00e9parez-vous \u00e0 une exp\u00e9rience gustative intense avec ces go\u00fbts uniques, combinant qualit\u00e9, go\u00fbt et originalit\u00e9. Plongez dans l&#039;aventure et relevez ce challenge \u00e9pic\u00e9 avec des saveurs venues d&#039;ailleurs. Oserez-vous affronter cette exp\u00e9rience in\u00e9dite et repousser vos limites ? Vivez l&#039;excitation du &quot;Hot Chip Mr Twister Challenge&quot; et explorez de nouveaux horizons gustatifs avec chaque bouch\u00e9e.\" \/>\n<meta property=\"og:url\" content=\"https:\/\/www.au-palais-sucre.com\/index.php\/produit\/hot-chip-mr-twister-challenge-120gr\/\" \/>\n<meta property=\"og:site_name\" content=\"Au Palais Sucr\u00e9\" \/>\n<meta property=\"article:publisher\" content=\"https:\/\/www.facebook.com\/people\/Au-Palais-Sucr\/pfbid0xHg32QqsqJkkArCjoHQ6aaknwKMjtXgSnFxn2J3iXRfcnKZoBnYZT1GMsdL8xcPUl\/\" \/>\n<meta property=\"article:modified_time\" content=\"2024-11-06T21:33:28+00:00\" \/>\n<meta property=\"og:image\" content=\"https:\/\/www.au-palais-sucre.com\/wp-content\/uploads\/2024\/02\/hot-chip-mr-twister-challenge-52140684673355.webp\" \/>\n\t<meta property=\"og:image:width\" content=\"800\" \/>\n\t<meta property=\"og:image:height\" content=\"800\" \/>\n\t<meta property=\"og:image:type\" content=\"image\/webp\" \/>\n<meta name=\"twitter:card\" content=\"summary_large_image\" \/>\n<meta name=\"twitter:label1\" content=\"Prix\" \/>\n\t<meta name=\"twitter:data1\" content=\"12,00&nbsp;&euro;\" \/>\n\t<meta name=\"twitter:label2\" content=\"Disponibilit\u00e9\" \/>\n\t<meta name=\"twitter:data2\" content=\"Rupture de stock\" \/>\n<script type=\"application\/ld+json\" class=\"yoast-schema-graph\">{\"@context\":\"https:\/\/schema.org\",\"@graph\":[{\"@type\":\"WebPage\",\"@id\":\"https:\/\/www.au-palais-sucre.com\/index.php\/produit\/hot-chip-mr-twister-challenge-120gr\/\",\"url\":\"https:\/\/www.au-palais-sucre.com\/index.php\/produit\/hot-chip-mr-twister-challenge-120gr\/\",\"name\":\"Hot Chip Mr Twister Challenge 120gr - Au Palais Sucr\u00e9\",\"isPartOf\":{\"@id\":\"https:\/\/www.au-palais-sucre.com\/#website\"},\"primaryImageOfPage\":{\"@id\":\"https:\/\/www.au-palais-sucre.com\/index.php\/produit\/hot-chip-mr-twister-challenge-120gr\/#primaryimage\"},\"image\":{\"@id\":\"https:\/\/www.au-palais-sucre.com\/index.php\/produit\/hot-chip-mr-twister-challenge-120gr\/#primaryimage\"},\"thumbnailUrl\":\"https:\/\/www.au-palais-sucre.com\/wp-content\/uploads\/2024\/02\/hot-chip-mr-twister-challenge-52140684673355.webp\",\"datePublished\":\"2024-02-18T21:32:48+00:00\",\"dateModified\":\"2024-11-06T21:33:28+00:00\",\"description\":\"D\u00e9couvrez le d\u00e9fi culinaire sensationnel du \\\"Hot Chip Mr Twister Challenge\\\". Pr\u00e9parez-vous \u00e0 une exp\u00e9rience gustative intense avec ces go\u00fbts uniques, combinant qualit\u00e9, go\u00fbt et originalit\u00e9. Plongez dans l'aventure et relevez ce challenge \u00e9pic\u00e9 avec des saveurs venues d'ailleurs. Oserez-vous affronter cette exp\u00e9rience in\u00e9dite et repousser vos limites ? Vivez l'excitation du \\\"Hot Chip Mr Twister Challenge\\\" et explorez de nouveaux horizons gustatifs avec chaque bouch\u00e9e.\",\"breadcrumb\":{\"@id\":\"https:\/\/www.au-palais-sucre.com\/index.php\/produit\/hot-chip-mr-twister-challenge-120gr\/#breadcrumb\"},\"inLanguage\":\"fr-FR\",\"potentialAction\":[{\"@type\":\"ReadAction\",\"target\":[\"https:\/\/www.au-palais-sucre.com\/index.php\/produit\/hot-chip-mr-twister-challenge-120gr\/\"]}]},{\"@type\":\"ImageObject\",\"inLanguage\":\"fr-FR\",\"@id\":\"https:\/\/www.au-palais-sucre.com\/index.php\/produit\/hot-chip-mr-twister-challenge-120gr\/#primaryimage\",\"url\":\"https:\/\/www.au-palais-sucre.com\/wp-content\/uploads\/2024\/02\/hot-chip-mr-twister-challenge-52140684673355.webp\",\"contentUrl\":\"https:\/\/www.au-palais-sucre.com\/wp-content\/uploads\/2024\/02\/hot-chip-mr-twister-challenge-52140684673355.webp\",\"width\":800,\"height\":800},{\"@type\":\"BreadcrumbList\",\"@id\":\"https:\/\/www.au-palais-sucre.com\/index.php\/produit\/hot-chip-mr-twister-challenge-120gr\/#breadcrumb\",\"itemListElement\":[{\"@type\":\"ListItem\",\"position\":1,\"name\":\"Boutique\",\"item\":\"https:\/\/www.au-palais-sucre.com\/index.php\/shop\/\"},{\"@type\":\"ListItem\",\"position\":2,\"name\":\"Hot Chip Mr Twister Challenge 120gr\"}]},{\"@type\":\"WebSite\",\"@id\":\"https:\/\/www.au-palais-sucre.com\/#website\",\"url\":\"https:\/\/www.au-palais-sucre.com\/\",\"name\":\"Au Palais Sucr\u00e9\",\"description\":\"Arrivage permanent de nouveaux produits..\",\"publisher\":{\"@id\":\"https:\/\/www.au-palais-sucre.com\/#organization\"},\"potentialAction\":[{\"@type\":\"SearchAction\",\"target\":{\"@type\":\"EntryPoint\",\"urlTemplate\":\"https:\/\/www.au-palais-sucre.com\/?s={search_term_string}\"},\"query-input\":{\"@type\":\"PropertyValueSpecification\",\"valueRequired\":true,\"valueName\":\"search_term_string\"}}],\"inLanguage\":\"fr-FR\"},{\"@type\":\"Organization\",\"@id\":\"https:\/\/www.au-palais-sucre.com\/#organization\",\"name\":\"Au Palais Sucr\u00e9\",\"url\":\"https:\/\/www.au-palais-sucre.com\/\",\"logo\":{\"@type\":\"ImageObject\",\"inLanguage\":\"fr-FR\",\"@id\":\"https:\/\/www.au-palais-sucre.com\/#\/schema\/logo\/image\/\",\"url\":\"https:\/\/www.au-palais-sucre.com\/wp-content\/uploads\/2023\/06\/cropped-Logo-blanc_prev_ui.png\",\"contentUrl\":\"https:\/\/www.au-palais-sucre.com\/wp-content\/uploads\/2023\/06\/cropped-Logo-blanc_prev_ui.png\",\"width\":567,\"height\":440,\"caption\":\"Au Palais Sucr\u00e9\"},\"image\":{\"@id\":\"https:\/\/www.au-palais-sucre.com\/#\/schema\/logo\/image\/\"},\"sameAs\":[\"https:\/\/www.facebook.com\/people\/Au-Palais-Sucr\/pfbid0xHg32QqsqJkkArCjoHQ6aaknwKMjtXgSnFxn2J3iXRfcnKZoBnYZT1GMsdL8xcPUl\/\"]}]}<\/script>\n<meta property=\"product:price:amount\" content=\"12.00\" \/>\n<meta property=\"product:price:currency\" content=\"EUR\" \/>\n<meta property=\"og:availability\" content=\"out of stock\" \/>\n<meta property=\"product:availability\" content=\"out of stock\" \/>\n<meta property=\"product:retailer_item_id\" content=\"ASPBCON77\" \/>\n<meta property=\"product:condition\" content=\"new\" \/>\n<!-- \/ Yoast SEO plugin. -->","yoast_head_json":{"title":"Hot Chip Mr Twister Challenge 120gr - Au Palais Sucr\u00e9","description":"D\u00e9couvrez le d\u00e9fi culinaire sensationnel du \"Hot Chip Mr Twister Challenge\". Pr\u00e9parez-vous \u00e0 une exp\u00e9rience gustative intense avec ces go\u00fbts uniques, combinant qualit\u00e9, go\u00fbt et originalit\u00e9. Plongez dans l'aventure et relevez ce challenge \u00e9pic\u00e9 avec des saveurs venues d'ailleurs. Oserez-vous affronter cette exp\u00e9rience in\u00e9dite et repousser vos limites ? Vivez l'excitation du \"Hot Chip Mr Twister Challenge\" et explorez de nouveaux horizons gustatifs avec chaque bouch\u00e9e.","robots":{"index":"index","follow":"follow","max-snippet":"max-snippet:-1","max-image-preview":"max-image-preview:large","max-video-preview":"max-video-preview:-1"},"canonical":"https:\/\/www.au-palais-sucre.com\/index.php\/produit\/hot-chip-mr-twister-challenge-120gr\/","og_locale":"fr_FR","og_type":"article","og_title":"Hot Chip Mr Twister Challenge 120gr - Au Palais Sucr\u00e9","og_description":"D\u00e9couvrez le d\u00e9fi culinaire sensationnel du \"Hot Chip Mr Twister Challenge\". Pr\u00e9parez-vous \u00e0 une exp\u00e9rience gustative intense avec ces go\u00fbts uniques, combinant qualit\u00e9, go\u00fbt et originalit\u00e9. Plongez dans l'aventure et relevez ce challenge \u00e9pic\u00e9 avec des saveurs venues d'ailleurs. Oserez-vous affronter cette exp\u00e9rience in\u00e9dite et repousser vos limites ? Vivez l'excitation du \"Hot Chip Mr Twister Challenge\" et explorez de nouveaux horizons gustatifs avec chaque bouch\u00e9e.","og_url":"https:\/\/www.au-palais-sucre.com\/index.php\/produit\/hot-chip-mr-twister-challenge-120gr\/","og_site_name":"Au Palais Sucr\u00e9","article_publisher":"https:\/\/www.facebook.com\/people\/Au-Palais-Sucr\/pfbid0xHg32QqsqJkkArCjoHQ6aaknwKMjtXgSnFxn2J3iXRfcnKZoBnYZT1GMsdL8xcPUl\/","article_modified_time":"2024-11-06T21:33:28+00:00","og_image":[{"width":800,"height":800,"url":"https:\/\/www.au-palais-sucre.com\/wp-content\/uploads\/2024\/02\/hot-chip-mr-twister-challenge-52140684673355.webp","type":"image\/webp"}],"twitter_card":"summary_large_image","twitter_misc":{"Prix":"12,00&nbsp;&euro;","Disponibilit\u00e9":"Rupture de stock"},"schema":{"@context":"https:\/\/schema.org","@graph":[{"@type":"WebPage","@id":"https:\/\/www.au-palais-sucre.com\/index.php\/produit\/hot-chip-mr-twister-challenge-120gr\/","url":"https:\/\/www.au-palais-sucre.com\/index.php\/produit\/hot-chip-mr-twister-challenge-120gr\/","name":"Hot Chip Mr Twister Challenge 120gr - Au Palais Sucr\u00e9","isPartOf":{"@id":"https:\/\/www.au-palais-sucre.com\/#website"},"primaryImageOfPage":{"@id":"https:\/\/www.au-palais-sucre.com\/index.php\/produit\/hot-chip-mr-twister-challenge-120gr\/#primaryimage"},"image":{"@id":"https:\/\/www.au-palais-sucre.com\/index.php\/produit\/hot-chip-mr-twister-challenge-120gr\/#primaryimage"},"thumbnailUrl":"https:\/\/www.au-palais-sucre.com\/wp-content\/uploads\/2024\/02\/hot-chip-mr-twister-challenge-52140684673355.webp","datePublished":"2024-02-18T21:32:48+00:00","dateModified":"2024-11-06T21:33:28+00:00","description":"D\u00e9couvrez le d\u00e9fi culinaire sensationnel du \"Hot Chip Mr Twister Challenge\". Pr\u00e9parez-vous \u00e0 une exp\u00e9rience gustative intense avec ces go\u00fbts uniques, combinant qualit\u00e9, go\u00fbt et originalit\u00e9. Plongez dans l'aventure et relevez ce challenge \u00e9pic\u00e9 avec des saveurs venues d'ailleurs. Oserez-vous affronter cette exp\u00e9rience in\u00e9dite et repousser vos limites ? Vivez l'excitation du \"Hot Chip Mr Twister Challenge\" et explorez de nouveaux horizons gustatifs avec chaque bouch\u00e9e.","breadcrumb":{"@id":"https:\/\/www.au-palais-sucre.com\/index.php\/produit\/hot-chip-mr-twister-challenge-120gr\/#breadcrumb"},"inLanguage":"fr-FR","potentialAction":[{"@type":"ReadAction","target":["https:\/\/www.au-palais-sucre.com\/index.php\/produit\/hot-chip-mr-twister-challenge-120gr\/"]}]},{"@type":"ImageObject","inLanguage":"fr-FR","@id":"https:\/\/www.au-palais-sucre.com\/index.php\/produit\/hot-chip-mr-twister-challenge-120gr\/#primaryimage","url":"https:\/\/www.au-palais-sucre.com\/wp-content\/uploads\/2024\/02\/hot-chip-mr-twister-challenge-52140684673355.webp","contentUrl":"https:\/\/www.au-palais-sucre.com\/wp-content\/uploads\/2024\/02\/hot-chip-mr-twister-challenge-52140684673355.webp","width":800,"height":800},{"@type":"BreadcrumbList","@id":"https:\/\/www.au-palais-sucre.com\/index.php\/produit\/hot-chip-mr-twister-challenge-120gr\/#breadcrumb","itemListElement":[{"@type":"ListItem","position":1,"name":"Boutique","item":"https:\/\/www.au-palais-sucre.com\/index.php\/shop\/"},{"@type":"ListItem","position":2,"name":"Hot Chip Mr Twister Challenge 120gr"}]},{"@type":"WebSite","@id":"https:\/\/www.au-palais-sucre.com\/#website","url":"https:\/\/www.au-palais-sucre.com\/","name":"Au Palais Sucr\u00e9","description":"Arrivage permanent de nouveaux produits..","publisher":{"@id":"https:\/\/www.au-palais-sucre.com\/#organization"},"potentialAction":[{"@type":"SearchAction","target":{"@type":"EntryPoint","urlTemplate":"https:\/\/www.au-palais-sucre.com\/?s={search_term_string}"},"query-input":{"@type":"PropertyValueSpecification","valueRequired":true,"valueName":"search_term_string"}}],"inLanguage":"fr-FR"},{"@type":"Organization","@id":"https:\/\/www.au-palais-sucre.com\/#organization","name":"Au Palais Sucr\u00e9","url":"https:\/\/www.au-palais-sucre.com\/","logo":{"@type":"ImageObject","inLanguage":"fr-FR","@id":"https:\/\/www.au-palais-sucre.com\/#\/schema\/logo\/image\/","url":"https:\/\/www.au-palais-sucre.com\/wp-content\/uploads\/2023\/06\/cropped-Logo-blanc_prev_ui.png","contentUrl":"https:\/\/www.au-palais-sucre.com\/wp-content\/uploads\/2023\/06\/cropped-Logo-blanc_prev_ui.png","width":567,"height":440,"caption":"Au Palais Sucr\u00e9"},"image":{"@id":"https:\/\/www.au-palais-sucre.com\/#\/schema\/logo\/image\/"},"sameAs":["https:\/\/www.facebook.com\/people\/Au-Palais-Sucr\/pfbid0xHg32QqsqJkkArCjoHQ6aaknwKMjtXgSnFxn2J3iXRfcnKZoBnYZT1GMsdL8xcPUl\/"]}]},"product_price_amount":"12.00","product_price_currency":"EUR","og_availability":"out of stock","product_availability":"out of stock","product_retailer_item_id":"ASPBCON77","product_condition":"new"},"_links":{"self":[{"href":"https:\/\/www.au-palais-sucre.com\/index.php\/wp-json\/wp\/v2\/product\/4572","targetHints":{"allow":["GET"]}}],"collection":[{"href":"https:\/\/www.au-palais-sucre.com\/index.php\/wp-json\/wp\/v2\/product"}],"about":[{"href":"https:\/\/www.au-palais-sucre.com\/index.php\/wp-json\/wp\/v2\/types\/product"}],"replies":[{"embeddable":true,"href":"https:\/\/www.au-palais-sucre.com\/index.php\/wp-json\/wp\/v2\/comments?post=4572"}],"version-history":[{"count":0,"href":"https:\/\/www.au-palais-sucre.com\/index.php\/wp-json\/wp\/v2\/product\/4572\/revisions"}],"wp:featuredmedia":[{"embeddable":true,"href":"https:\/\/www.au-palais-sucre.com\/index.php\/wp-json\/wp\/v2\/media\/4573"}],"wp:attachment":[{"href":"https:\/\/www.au-palais-sucre.com\/index.php\/wp-json\/wp\/v2\/media?parent=4572"}],"wp:term":[{"taxonomy":"product_brand","embeddable":true,"href":"https:\/\/www.au-palais-sucre.com\/index.php\/wp-json\/wp\/v2\/product_brand?post=4572"},{"taxonomy":"product_cat","embeddable":true,"href":"https:\/\/www.au-palais-sucre.com\/index.php\/wp-json\/wp\/v2\/product_cat?post=4572"},{"taxonomy":"product_tag","embeddable":true,"href":"https:\/\/www.au-palais-sucre.com\/index.php\/wp-json\/wp\/v2\/product_tag?post=4572"}],"curies":[{"name":"wp","href":"https:\/\/api.w.org\/{rel}","templated":true}]}}