{"id":4594,"date":"2024-02-29T23:38:01","date_gmt":"2024-02-29T22:38:01","guid":{"rendered":"https:\/\/www.au-palais-sucre.com\/?post_type=product&#038;p=4594"},"modified":"2025-11-06T14:47:52","modified_gmt":"2025-11-06T13:47:52","slug":"red-bull-spring-edition-2024-wildberry-250-ml","status":"publish","type":"product","link":"https:\/\/www.au-palais-sucre.com\/index.php\/produit\/red-bull-spring-edition-2024-wildberry-250-ml\/","title":{"rendered":"Red Bull Spring Edition 2024 Wildberry 250 ml"},"content":{"rendered":"<h1>Red Bull Spring Edition 2024 Wildberry<\/h1>\n<h1>250 ml<\/h1>\n<p>D\u00e9couvrez l&rsquo;excellence de Red Bull Spring Edition 2024 Wildberry, une boisson \u00e9nergisante de qualit\u00e9 sup\u00e9rieure qui ravit les papilles avec son go\u00fbt unique et rafra\u00eechissant. Cette \u00e9dition sp\u00e9ciale associe habilement des ar\u00f4mes de baies sauvages pour une exp\u00e9rience gustative inoubliable. Son originalit\u00e9 r\u00e9side dans sa capacit\u00e9 \u00e0 offrir une \u00e9nergie revitalisante tout en \u00e9veillant les sens avec des saveurs fruit\u00e9es et exotiques. Populaire aupr\u00e8s des amateurs de boissons \u00e9nergisantes, Red Bull Spring Edition 2024 Wildberry est le choix parfait pour ceux qui recherchent un regain d&rsquo;\u00e9nergie associ\u00e9 \u00e0 un plaisir gustatif incomparable.<\/p>\n<p><strong>Tous nos produits b\u00e9n\u00e9ficient d\u2019une DDM de plusieurs mois.<\/strong><br \/>\n<strong>DDM = Date de Durabilit\u00e9 Minimale, anciennement DLUO.<\/strong><\/p>\n<p>DLC 30\/07\/2025<\/p>\n<h3>Ingr\u00e9dients de Red Bull Spring Edition 2024 Wildberry 250 ml<\/h3>\n<p>Eau, acide (acide citrique), acide carbonique, taurine (0,4 %), r\u00e9gulateur d&rsquo;acidit\u00e9 (Citrate de sodium), caf\u00e9ine (0,03 %), \u00e9dulcorant (sucralose, ac\u00e9sulfame K), vitamines (niacine, acide pantoth\u00e9nique, B6, B12), ar\u00f4mes, gomme xanthane \u00e9paississant), colorants (antathocyane, riboflavine).<\/p>\n<p><strong data-moz-translations-id=\"0\"><span style=\"text-decoration: underline;\" data-moz-translations-id=\"1\">Informations nutritionnelles pour 100 ml<\/span><\/strong><\/p>\n<ul>\n<li>\u00c9nergie: 1 kJ\/2 kcal<\/li>\n<li>Gras: 0 g<\/li>\n<li>&#8211; acides gras satur\u00e9s: 0 g<\/li>\n<li>Carbohydrates: 0 g<\/li>\n<li>&#8211; sucre dont: 0 g<\/li>\n<li>Prot\u00e9ine: 0 g<\/li>\n<li>Sel: 0,10 g<\/li>\n<li>Niacine: 0,008 g<\/li>\n<li>Vitamine B12 : 0,000002 g<\/li>\n<li>Acide pantoth\u00e9nique: 0,002 g<\/li>\n<li>Vitamine B6 : 0,002 g<\/li>\n<\/ul>\n<h4><\/h4>\n<h4>Les services AU PALAIS SUCRE<\/h4>\n<p>Nous sommes est un site de vente de <strong>bonbons<\/strong>, <strong>confiseries<\/strong>, <strong>boissons<\/strong>, <strong>chips<\/strong> et <strong>produits du monde<\/strong>,\u00a0 pour les particuliers, les associations et les entreprises.<\/p>\n<p><strong>AU PALAIS SUCRE\u00a0<\/strong> apporte \u00e9galement un vrai service , une livraison rapide et fiable, une pr\u00e9paration des commandes dans les 24h\/48h et un service clients joignable.<\/p>\n<p><strong>AU PALAIS SUCRE<\/strong> est votre destination pour des bonbons, confiseries, boissons, chips et produits du monde pour les particuliers, les associations et les entreprises. Nous offrons un choix vari\u00e9 de produits de qualit\u00e9 sup\u00e9rieure pour satisfaire tous les go\u00fbts et les besoins.<\/p>\n<p>Nous sommes fiers d\u2019offrir \u00e0 nos clients un service hors pair. Nous nous engageons \u00e0 pr\u00e9parer et exp\u00e9dier les commandes dans les 24h\/48h suivant l\u2019achat, pour une livraison rapide et fiable. De plus, notre \u00e9quipe de service clients est toujours disponible pour r\u00e9pondre \u00e0 vos questions et vous aider \u00e0 trouver le produit id\u00e9al pour vos besoins.<\/p>\n<p>Chez AU PALAIS SUCRE, nous sommes passionn\u00e9s par les bonbons et les confiseries, et nous sommes d\u00e9termin\u00e9s \u00e0 offrir \u00e0 nos clients une exp\u00e9rience de magasinage en ligne agr\u00e9able et sans stress. Nous sommes votre guichet unique pour tous vos besoins en sucreries et en produits du monde, et nous sommes impatients de vous servir d\u00e8s maintenant !<\/p>\n","protected":false},"excerpt":{"rendered":"<h1>Red Bull Spring Edition 2024 Wildberry<\/h1>\n<h1>250 ml<\/h1>\n<p>D\u00e9couvrez l&rsquo;excellence de Red Bull Spring Edition 2024 Wildberry, une boisson \u00e9nergisante de qualit\u00e9 sup\u00e9rieure qui ravit les papilles avec son go\u00fbt unique et rafra\u00eechissant. Cette \u00e9dition sp\u00e9ciale associe habilement des ar\u00f4mes de baies sauvages pour une exp\u00e9rience gustative inoubliable. Son originalit\u00e9 r\u00e9side dans sa capacit\u00e9 \u00e0 offrir une \u00e9nergie revitalisante tout en \u00e9veillant les sens avec des saveurs fruit\u00e9es et exotiques. Populaire aupr\u00e8s des amateurs de boissons \u00e9nergisantes, Red Bull Spring Edition 2024 Wildberry est le choix parfait pour ceux qui recherchent un regain d&rsquo;\u00e9nergie associ\u00e9 \u00e0 un plaisir gustatif incomparable.<\/p>\n<p><strong>Tous nos produits b\u00e9n\u00e9ficient d\u2019une DDM de plusieurs mois.<\/strong><br \/>\n<strong>DDM = Date de Durabilit\u00e9 Minimale, anciennement DLUO.<\/strong><\/p>\n","protected":false},"featured_media":4595,"comment_status":"open","ping_status":"closed","template":"","meta":{"ocean_post_layout":"","ocean_both_sidebars_style":"","ocean_both_sidebars_content_width":0,"ocean_both_sidebars_sidebars_width":0,"ocean_sidebar":"0","ocean_second_sidebar":"0","ocean_disable_margins":"enable","ocean_add_body_class":"","ocean_shortcode_before_top_bar":"","ocean_shortcode_after_top_bar":"","ocean_shortcode_before_header":"","ocean_shortcode_after_header":"","ocean_has_shortcode":"","ocean_shortcode_after_title":"","ocean_shortcode_before_footer_widgets":"","ocean_shortcode_after_footer_widgets":"","ocean_shortcode_before_footer_bottom":"","ocean_shortcode_after_footer_bottom":"","ocean_display_top_bar":"default","ocean_display_header":"default","ocean_header_style":"","ocean_center_header_left_menu":"0","ocean_custom_header_template":"0","ocean_custom_logo":0,"ocean_custom_retina_logo":0,"ocean_custom_logo_max_width":0,"ocean_custom_logo_tablet_max_width":0,"ocean_custom_logo_mobile_max_width":0,"ocean_custom_logo_max_height":0,"ocean_custom_logo_tablet_max_height":0,"ocean_custom_logo_mobile_max_height":0,"ocean_header_custom_menu":"0","ocean_menu_typo_font_family":"0","ocean_menu_typo_font_subset":"","ocean_menu_typo_font_size":0,"ocean_menu_typo_font_size_tablet":0,"ocean_menu_typo_font_size_mobile":0,"ocean_menu_typo_font_size_unit":"px","ocean_menu_typo_font_weight":"","ocean_menu_typo_font_weight_tablet":"","ocean_menu_typo_font_weight_mobile":"","ocean_menu_typo_transform":"","ocean_menu_typo_transform_tablet":"","ocean_menu_typo_transform_mobile":"","ocean_menu_typo_line_height":0,"ocean_menu_typo_line_height_tablet":0,"ocean_menu_typo_line_height_mobile":0,"ocean_menu_typo_line_height_unit":"","ocean_menu_typo_spacing":0,"ocean_menu_typo_spacing_tablet":0,"ocean_menu_typo_spacing_mobile":0,"ocean_menu_typo_spacing_unit":"","ocean_menu_link_color":"","ocean_menu_link_color_hover":"","ocean_menu_link_color_active":"","ocean_menu_link_background":"","ocean_menu_link_hover_background":"","ocean_menu_link_active_background":"","ocean_menu_social_links_bg":"","ocean_menu_social_hover_links_bg":"","ocean_menu_social_links_color":"","ocean_menu_social_hover_links_color":"","ocean_disable_title":"default","ocean_disable_heading":"default","ocean_post_title":"","ocean_post_subheading":"","ocean_post_title_style":"","ocean_post_title_background_color":"","ocean_post_title_background":0,"ocean_post_title_bg_image_position":"","ocean_post_title_bg_image_attachment":"","ocean_post_title_bg_image_repeat":"","ocean_post_title_bg_image_size":"","ocean_post_title_height":0,"ocean_post_title_bg_overlay":0.5,"ocean_post_title_bg_overlay_color":"","ocean_disable_breadcrumbs":"default","ocean_breadcrumbs_color":"","ocean_breadcrumbs_separator_color":"","ocean_breadcrumbs_links_color":"","ocean_breadcrumbs_links_hover_color":"","ocean_display_footer_widgets":"default","ocean_display_footer_bottom":"default","ocean_custom_footer_template":"0"},"product_brand":[],"product_cat":[65],"product_tag":[],"class_list":{"0":"post-4594","1":"product","2":"type-product","3":"status-publish","4":"has-post-thumbnail","6":"product_cat-boissons","8":"entry","9":"has-media","11":"first","12":"outofstock","13":"shipping-taxable","14":"product-type-simple","15":"has-product-nav","16":"col","17":"span_1_of_3","18":"owp-content-center","19":"owp-thumbs-layout-horizontal","20":"owp-btn-normal","21":"owp-tabs-layout-horizontal","22":"has-no-thumbnails"},"yoast_head":"<!-- This site is optimized with the Yoast SEO plugin v24.3 - https:\/\/yoast.com\/wordpress\/plugins\/seo\/ -->\n<title>Red Bull Spring Edition 2024 Wildberry 250 ml - Au Palais Sucr\u00e9<\/title>\n<meta name=\"description\" content=\"D\u00e9couvrez l&#039;excellence de Red Bull Spring Edition 2024 Wildberry, une boisson \u00e9nergisante de qualit\u00e9 sup\u00e9rieure qui combine un go\u00fbt exquis, une origine authentique et une popularit\u00e9 croissante. Plongez dans une exp\u00e9rience gustative unique avec ses ar\u00f4mes de baies sauvages savamment m\u00e9lang\u00e9s. Fabriqu\u00e9e avec soin et appr\u00e9ci\u00e9e par un large public, cette \u00e9dition sp\u00e9ciale de Red Bull est devenue un incontournable pour ceux qui recherchent un regain d&#039;\u00e9nergie associ\u00e9 \u00e0 des saveurs fruit\u00e9es et revigorantes. D\u00e9couvrez Red Bull Spring Edition 2024 Wildberry et laissez-vous s\u00e9duire par son go\u00fbt d\u00e9licieusement rafra\u00eechissant.\" \/>\n<meta name=\"robots\" content=\"index, follow, max-snippet:-1, max-image-preview:large, max-video-preview:-1\" \/>\n<link rel=\"canonical\" href=\"https:\/\/www.au-palais-sucre.com\/index.php\/produit\/red-bull-spring-edition-2024-wildberry-250-ml\/\" \/>\n<meta property=\"og:locale\" content=\"fr_FR\" \/>\n<meta property=\"og:type\" content=\"article\" \/>\n<meta property=\"og:title\" content=\"Red Bull Spring Edition 2024 Wildberry 250 ml - Au Palais Sucr\u00e9\" \/>\n<meta property=\"og:description\" content=\"D\u00e9couvrez l&#039;excellence de Red Bull Spring Edition 2024 Wildberry, une boisson \u00e9nergisante de qualit\u00e9 sup\u00e9rieure qui combine un go\u00fbt exquis, une origine authentique et une popularit\u00e9 croissante. Plongez dans une exp\u00e9rience gustative unique avec ses ar\u00f4mes de baies sauvages savamment m\u00e9lang\u00e9s. Fabriqu\u00e9e avec soin et appr\u00e9ci\u00e9e par un large public, cette \u00e9dition sp\u00e9ciale de Red Bull est devenue un incontournable pour ceux qui recherchent un regain d&#039;\u00e9nergie associ\u00e9 \u00e0 des saveurs fruit\u00e9es et revigorantes. D\u00e9couvrez Red Bull Spring Edition 2024 Wildberry et laissez-vous s\u00e9duire par son go\u00fbt d\u00e9licieusement rafra\u00eechissant.\" \/>\n<meta property=\"og:url\" content=\"https:\/\/www.au-palais-sucre.com\/index.php\/produit\/red-bull-spring-edition-2024-wildberry-250-ml\/\" \/>\n<meta property=\"og:site_name\" content=\"Au Palais Sucr\u00e9\" \/>\n<meta property=\"article:publisher\" content=\"https:\/\/www.facebook.com\/people\/Au-Palais-Sucr\/pfbid0xHg32QqsqJkkArCjoHQ6aaknwKMjtXgSnFxn2J3iXRfcnKZoBnYZT1GMsdL8xcPUl\/\" \/>\n<meta property=\"article:modified_time\" content=\"2025-11-06T13:47:52+00:00\" \/>\n<meta property=\"og:image\" content=\"https:\/\/www.au-palais-sucre.com\/wp-content\/uploads\/2024\/02\/Red_Bull_Spring_Edition_Waldbeere_Energy_Drink_250ml.webp\" \/>\n\t<meta property=\"og:image:width\" content=\"1200\" \/>\n\t<meta property=\"og:image:height\" content=\"1200\" \/>\n\t<meta property=\"og:image:type\" content=\"image\/webp\" \/>\n<meta name=\"twitter:card\" content=\"summary_large_image\" \/>\n<meta name=\"twitter:label1\" content=\"Prix\" \/>\n\t<meta name=\"twitter:data1\" content=\"\" \/>\n\t<meta name=\"twitter:label2\" content=\"Disponibilit\u00e9\" \/>\n\t<meta name=\"twitter:data2\" content=\"Rupture de stock\" \/>\n<script type=\"application\/ld+json\" class=\"yoast-schema-graph\">{\"@context\":\"https:\/\/schema.org\",\"@graph\":[{\"@type\":\"WebPage\",\"@id\":\"https:\/\/www.au-palais-sucre.com\/index.php\/produit\/red-bull-spring-edition-2024-wildberry-250-ml\/\",\"url\":\"https:\/\/www.au-palais-sucre.com\/index.php\/produit\/red-bull-spring-edition-2024-wildberry-250-ml\/\",\"name\":\"Red Bull Spring Edition 2024 Wildberry 250 ml - Au Palais Sucr\u00e9\",\"isPartOf\":{\"@id\":\"https:\/\/www.au-palais-sucre.com\/#website\"},\"primaryImageOfPage\":{\"@id\":\"https:\/\/www.au-palais-sucre.com\/index.php\/produit\/red-bull-spring-edition-2024-wildberry-250-ml\/#primaryimage\"},\"image\":{\"@id\":\"https:\/\/www.au-palais-sucre.com\/index.php\/produit\/red-bull-spring-edition-2024-wildberry-250-ml\/#primaryimage\"},\"thumbnailUrl\":\"https:\/\/www.au-palais-sucre.com\/wp-content\/uploads\/2024\/02\/Red_Bull_Spring_Edition_Waldbeere_Energy_Drink_250ml.webp\",\"datePublished\":\"2024-02-29T22:38:01+00:00\",\"dateModified\":\"2025-11-06T13:47:52+00:00\",\"description\":\"D\u00e9couvrez l'excellence de Red Bull Spring Edition 2024 Wildberry, une boisson \u00e9nergisante de qualit\u00e9 sup\u00e9rieure qui combine un go\u00fbt exquis, une origine authentique et une popularit\u00e9 croissante. Plongez dans une exp\u00e9rience gustative unique avec ses ar\u00f4mes de baies sauvages savamment m\u00e9lang\u00e9s. Fabriqu\u00e9e avec soin et appr\u00e9ci\u00e9e par un large public, cette \u00e9dition sp\u00e9ciale de Red Bull est devenue un incontournable pour ceux qui recherchent un regain d'\u00e9nergie associ\u00e9 \u00e0 des saveurs fruit\u00e9es et revigorantes. D\u00e9couvrez Red Bull Spring Edition 2024 Wildberry et laissez-vous s\u00e9duire par son go\u00fbt d\u00e9licieusement rafra\u00eechissant.\",\"breadcrumb\":{\"@id\":\"https:\/\/www.au-palais-sucre.com\/index.php\/produit\/red-bull-spring-edition-2024-wildberry-250-ml\/#breadcrumb\"},\"inLanguage\":\"fr-FR\",\"potentialAction\":[{\"@type\":\"ReadAction\",\"target\":[\"https:\/\/www.au-palais-sucre.com\/index.php\/produit\/red-bull-spring-edition-2024-wildberry-250-ml\/\"]}]},{\"@type\":\"ImageObject\",\"inLanguage\":\"fr-FR\",\"@id\":\"https:\/\/www.au-palais-sucre.com\/index.php\/produit\/red-bull-spring-edition-2024-wildberry-250-ml\/#primaryimage\",\"url\":\"https:\/\/www.au-palais-sucre.com\/wp-content\/uploads\/2024\/02\/Red_Bull_Spring_Edition_Waldbeere_Energy_Drink_250ml.webp\",\"contentUrl\":\"https:\/\/www.au-palais-sucre.com\/wp-content\/uploads\/2024\/02\/Red_Bull_Spring_Edition_Waldbeere_Energy_Drink_250ml.webp\",\"width\":1200,\"height\":1200},{\"@type\":\"BreadcrumbList\",\"@id\":\"https:\/\/www.au-palais-sucre.com\/index.php\/produit\/red-bull-spring-edition-2024-wildberry-250-ml\/#breadcrumb\",\"itemListElement\":[{\"@type\":\"ListItem\",\"position\":1,\"name\":\"Boutique\",\"item\":\"https:\/\/www.au-palais-sucre.com\/index.php\/shop\/\"},{\"@type\":\"ListItem\",\"position\":2,\"name\":\"Red Bull Spring Edition 2024 Wildberry 250 ml\"}]},{\"@type\":\"WebSite\",\"@id\":\"https:\/\/www.au-palais-sucre.com\/#website\",\"url\":\"https:\/\/www.au-palais-sucre.com\/\",\"name\":\"Au Palais Sucr\u00e9\",\"description\":\"Arrivage permanent de nouveaux produits..\",\"publisher\":{\"@id\":\"https:\/\/www.au-palais-sucre.com\/#organization\"},\"potentialAction\":[{\"@type\":\"SearchAction\",\"target\":{\"@type\":\"EntryPoint\",\"urlTemplate\":\"https:\/\/www.au-palais-sucre.com\/?s={search_term_string}\"},\"query-input\":{\"@type\":\"PropertyValueSpecification\",\"valueRequired\":true,\"valueName\":\"search_term_string\"}}],\"inLanguage\":\"fr-FR\"},{\"@type\":\"Organization\",\"@id\":\"https:\/\/www.au-palais-sucre.com\/#organization\",\"name\":\"Au Palais Sucr\u00e9\",\"url\":\"https:\/\/www.au-palais-sucre.com\/\",\"logo\":{\"@type\":\"ImageObject\",\"inLanguage\":\"fr-FR\",\"@id\":\"https:\/\/www.au-palais-sucre.com\/#\/schema\/logo\/image\/\",\"url\":\"https:\/\/www.au-palais-sucre.com\/wp-content\/uploads\/2023\/06\/cropped-Logo-blanc_prev_ui.png\",\"contentUrl\":\"https:\/\/www.au-palais-sucre.com\/wp-content\/uploads\/2023\/06\/cropped-Logo-blanc_prev_ui.png\",\"width\":567,\"height\":440,\"caption\":\"Au Palais Sucr\u00e9\"},\"image\":{\"@id\":\"https:\/\/www.au-palais-sucre.com\/#\/schema\/logo\/image\/\"},\"sameAs\":[\"https:\/\/www.facebook.com\/people\/Au-Palais-Sucr\/pfbid0xHg32QqsqJkkArCjoHQ6aaknwKMjtXgSnFxn2J3iXRfcnKZoBnYZT1GMsdL8xcPUl\/\"]}]}<\/script>\n<meta property=\"product:price:currency\" content=\"EUR\" \/>\n<meta property=\"og:availability\" content=\"out of stock\" \/>\n<meta property=\"product:availability\" content=\"out of stock\" \/>\n<meta property=\"product:retailer_item_id\" content=\"ASPBOIS60\" \/>\n<meta property=\"product:condition\" content=\"new\" \/>\n<!-- \/ Yoast SEO plugin. -->","yoast_head_json":{"title":"Red Bull Spring Edition 2024 Wildberry 250 ml - Au Palais Sucr\u00e9","description":"D\u00e9couvrez l'excellence de Red Bull Spring Edition 2024 Wildberry, une boisson \u00e9nergisante de qualit\u00e9 sup\u00e9rieure qui combine un go\u00fbt exquis, une origine authentique et une popularit\u00e9 croissante. Plongez dans une exp\u00e9rience gustative unique avec ses ar\u00f4mes de baies sauvages savamment m\u00e9lang\u00e9s. Fabriqu\u00e9e avec soin et appr\u00e9ci\u00e9e par un large public, cette \u00e9dition sp\u00e9ciale de Red Bull est devenue un incontournable pour ceux qui recherchent un regain d'\u00e9nergie associ\u00e9 \u00e0 des saveurs fruit\u00e9es et revigorantes. D\u00e9couvrez Red Bull Spring Edition 2024 Wildberry et laissez-vous s\u00e9duire par son go\u00fbt d\u00e9licieusement rafra\u00eechissant.","robots":{"index":"index","follow":"follow","max-snippet":"max-snippet:-1","max-image-preview":"max-image-preview:large","max-video-preview":"max-video-preview:-1"},"canonical":"https:\/\/www.au-palais-sucre.com\/index.php\/produit\/red-bull-spring-edition-2024-wildberry-250-ml\/","og_locale":"fr_FR","og_type":"article","og_title":"Red Bull Spring Edition 2024 Wildberry 250 ml - Au Palais Sucr\u00e9","og_description":"D\u00e9couvrez l'excellence de Red Bull Spring Edition 2024 Wildberry, une boisson \u00e9nergisante de qualit\u00e9 sup\u00e9rieure qui combine un go\u00fbt exquis, une origine authentique et une popularit\u00e9 croissante. Plongez dans une exp\u00e9rience gustative unique avec ses ar\u00f4mes de baies sauvages savamment m\u00e9lang\u00e9s. Fabriqu\u00e9e avec soin et appr\u00e9ci\u00e9e par un large public, cette \u00e9dition sp\u00e9ciale de Red Bull est devenue un incontournable pour ceux qui recherchent un regain d'\u00e9nergie associ\u00e9 \u00e0 des saveurs fruit\u00e9es et revigorantes. D\u00e9couvrez Red Bull Spring Edition 2024 Wildberry et laissez-vous s\u00e9duire par son go\u00fbt d\u00e9licieusement rafra\u00eechissant.","og_url":"https:\/\/www.au-palais-sucre.com\/index.php\/produit\/red-bull-spring-edition-2024-wildberry-250-ml\/","og_site_name":"Au Palais Sucr\u00e9","article_publisher":"https:\/\/www.facebook.com\/people\/Au-Palais-Sucr\/pfbid0xHg32QqsqJkkArCjoHQ6aaknwKMjtXgSnFxn2J3iXRfcnKZoBnYZT1GMsdL8xcPUl\/","article_modified_time":"2025-11-06T13:47:52+00:00","og_image":[{"width":1200,"height":1200,"url":"https:\/\/www.au-palais-sucre.com\/wp-content\/uploads\/2024\/02\/Red_Bull_Spring_Edition_Waldbeere_Energy_Drink_250ml.webp","type":"image\/webp"}],"twitter_card":"summary_large_image","twitter_misc":{"Prix":"","Disponibilit\u00e9":"Rupture de stock"},"schema":{"@context":"https:\/\/schema.org","@graph":[{"@type":"WebPage","@id":"https:\/\/www.au-palais-sucre.com\/index.php\/produit\/red-bull-spring-edition-2024-wildberry-250-ml\/","url":"https:\/\/www.au-palais-sucre.com\/index.php\/produit\/red-bull-spring-edition-2024-wildberry-250-ml\/","name":"Red Bull Spring Edition 2024 Wildberry 250 ml - Au Palais Sucr\u00e9","isPartOf":{"@id":"https:\/\/www.au-palais-sucre.com\/#website"},"primaryImageOfPage":{"@id":"https:\/\/www.au-palais-sucre.com\/index.php\/produit\/red-bull-spring-edition-2024-wildberry-250-ml\/#primaryimage"},"image":{"@id":"https:\/\/www.au-palais-sucre.com\/index.php\/produit\/red-bull-spring-edition-2024-wildberry-250-ml\/#primaryimage"},"thumbnailUrl":"https:\/\/www.au-palais-sucre.com\/wp-content\/uploads\/2024\/02\/Red_Bull_Spring_Edition_Waldbeere_Energy_Drink_250ml.webp","datePublished":"2024-02-29T22:38:01+00:00","dateModified":"2025-11-06T13:47:52+00:00","description":"D\u00e9couvrez l'excellence de Red Bull Spring Edition 2024 Wildberry, une boisson \u00e9nergisante de qualit\u00e9 sup\u00e9rieure qui combine un go\u00fbt exquis, une origine authentique et une popularit\u00e9 croissante. Plongez dans une exp\u00e9rience gustative unique avec ses ar\u00f4mes de baies sauvages savamment m\u00e9lang\u00e9s. Fabriqu\u00e9e avec soin et appr\u00e9ci\u00e9e par un large public, cette \u00e9dition sp\u00e9ciale de Red Bull est devenue un incontournable pour ceux qui recherchent un regain d'\u00e9nergie associ\u00e9 \u00e0 des saveurs fruit\u00e9es et revigorantes. D\u00e9couvrez Red Bull Spring Edition 2024 Wildberry et laissez-vous s\u00e9duire par son go\u00fbt d\u00e9licieusement rafra\u00eechissant.","breadcrumb":{"@id":"https:\/\/www.au-palais-sucre.com\/index.php\/produit\/red-bull-spring-edition-2024-wildberry-250-ml\/#breadcrumb"},"inLanguage":"fr-FR","potentialAction":[{"@type":"ReadAction","target":["https:\/\/www.au-palais-sucre.com\/index.php\/produit\/red-bull-spring-edition-2024-wildberry-250-ml\/"]}]},{"@type":"ImageObject","inLanguage":"fr-FR","@id":"https:\/\/www.au-palais-sucre.com\/index.php\/produit\/red-bull-spring-edition-2024-wildberry-250-ml\/#primaryimage","url":"https:\/\/www.au-palais-sucre.com\/wp-content\/uploads\/2024\/02\/Red_Bull_Spring_Edition_Waldbeere_Energy_Drink_250ml.webp","contentUrl":"https:\/\/www.au-palais-sucre.com\/wp-content\/uploads\/2024\/02\/Red_Bull_Spring_Edition_Waldbeere_Energy_Drink_250ml.webp","width":1200,"height":1200},{"@type":"BreadcrumbList","@id":"https:\/\/www.au-palais-sucre.com\/index.php\/produit\/red-bull-spring-edition-2024-wildberry-250-ml\/#breadcrumb","itemListElement":[{"@type":"ListItem","position":1,"name":"Boutique","item":"https:\/\/www.au-palais-sucre.com\/index.php\/shop\/"},{"@type":"ListItem","position":2,"name":"Red Bull Spring Edition 2024 Wildberry 250 ml"}]},{"@type":"WebSite","@id":"https:\/\/www.au-palais-sucre.com\/#website","url":"https:\/\/www.au-palais-sucre.com\/","name":"Au Palais Sucr\u00e9","description":"Arrivage permanent de nouveaux produits..","publisher":{"@id":"https:\/\/www.au-palais-sucre.com\/#organization"},"potentialAction":[{"@type":"SearchAction","target":{"@type":"EntryPoint","urlTemplate":"https:\/\/www.au-palais-sucre.com\/?s={search_term_string}"},"query-input":{"@type":"PropertyValueSpecification","valueRequired":true,"valueName":"search_term_string"}}],"inLanguage":"fr-FR"},{"@type":"Organization","@id":"https:\/\/www.au-palais-sucre.com\/#organization","name":"Au Palais Sucr\u00e9","url":"https:\/\/www.au-palais-sucre.com\/","logo":{"@type":"ImageObject","inLanguage":"fr-FR","@id":"https:\/\/www.au-palais-sucre.com\/#\/schema\/logo\/image\/","url":"https:\/\/www.au-palais-sucre.com\/wp-content\/uploads\/2023\/06\/cropped-Logo-blanc_prev_ui.png","contentUrl":"https:\/\/www.au-palais-sucre.com\/wp-content\/uploads\/2023\/06\/cropped-Logo-blanc_prev_ui.png","width":567,"height":440,"caption":"Au Palais Sucr\u00e9"},"image":{"@id":"https:\/\/www.au-palais-sucre.com\/#\/schema\/logo\/image\/"},"sameAs":["https:\/\/www.facebook.com\/people\/Au-Palais-Sucr\/pfbid0xHg32QqsqJkkArCjoHQ6aaknwKMjtXgSnFxn2J3iXRfcnKZoBnYZT1GMsdL8xcPUl\/"]}]},"product_price_currency":"EUR","og_availability":"out of stock","product_availability":"out of stock","product_retailer_item_id":"ASPBOIS60","product_condition":"new"},"_links":{"self":[{"href":"https:\/\/www.au-palais-sucre.com\/index.php\/wp-json\/wp\/v2\/product\/4594","targetHints":{"allow":["GET"]}}],"collection":[{"href":"https:\/\/www.au-palais-sucre.com\/index.php\/wp-json\/wp\/v2\/product"}],"about":[{"href":"https:\/\/www.au-palais-sucre.com\/index.php\/wp-json\/wp\/v2\/types\/product"}],"replies":[{"embeddable":true,"href":"https:\/\/www.au-palais-sucre.com\/index.php\/wp-json\/wp\/v2\/comments?post=4594"}],"version-history":[{"count":2,"href":"https:\/\/www.au-palais-sucre.com\/index.php\/wp-json\/wp\/v2\/product\/4594\/revisions"}],"predecessor-version":[{"id":6113,"href":"https:\/\/www.au-palais-sucre.com\/index.php\/wp-json\/wp\/v2\/product\/4594\/revisions\/6113"}],"wp:featuredmedia":[{"embeddable":true,"href":"https:\/\/www.au-palais-sucre.com\/index.php\/wp-json\/wp\/v2\/media\/4595"}],"wp:attachment":[{"href":"https:\/\/www.au-palais-sucre.com\/index.php\/wp-json\/wp\/v2\/media?parent=4594"}],"wp:term":[{"taxonomy":"product_brand","embeddable":true,"href":"https:\/\/www.au-palais-sucre.com\/index.php\/wp-json\/wp\/v2\/product_brand?post=4594"},{"taxonomy":"product_cat","embeddable":true,"href":"https:\/\/www.au-palais-sucre.com\/index.php\/wp-json\/wp\/v2\/product_cat?post=4594"},{"taxonomy":"product_tag","embeddable":true,"href":"https:\/\/www.au-palais-sucre.com\/index.php\/wp-json\/wp\/v2\/product_tag?post=4594"}],"curies":[{"name":"wp","href":"https:\/\/api.w.org\/{rel}","templated":true}]}}