{"id":4609,"date":"2024-03-01T01:55:20","date_gmt":"2024-03-01T00:55:20","guid":{"rendered":"https:\/\/www.au-palais-sucre.com\/?post_type=product&#038;p=4609"},"modified":"2025-02-28T15:51:07","modified_gmt":"2025-02-28T14:51:07","slug":"victor-allens-snickers-iced-coffee-405ml-usa","status":"publish","type":"product","link":"https:\/\/www.au-palais-sucre.com\/index.php\/produit\/victor-allens-snickers-iced-coffee-405ml-usa\/","title":{"rendered":"Victor Allen&rsquo;s Snickers Iced Coffee 405ml USA"},"content":{"rendered":"<h1>Victor Allen&rsquo;s Snickers Iced Coffee 405ml USA<\/h1>\n<p>D\u00e9couvrez l&rsquo;excellence de Victor Allen&rsquo;s Snickers Iced Coffee 405ml, une boisson glac\u00e9e de qualit\u00e9 sup\u00e9rieure qui s\u00e9duit par son go\u00fbt d\u00e9licieux, son originalit\u00e9 et sa popularit\u00e9 croissante. Cette cr\u00e9ation audacieuse associe habilement les ar\u00f4mes riches du caf\u00e9 \u00e0 la douceur gourmande du c\u00e9l\u00e8bre Snickers, offrant ainsi une exp\u00e9rience gustative unique et rafra\u00eechissante. Fabriqu\u00e9e avec soin aux \u00c9tats-Unis, cette boisson glac\u00e9e est devenue un choix pris\u00e9 parmi les amateurs de caf\u00e9 et les aficionados de Snickers. Plongez dans un oc\u00e9an de saveurs exquises avec Victor Allen&rsquo;s Snickers Iced Coffee 405ml et laissez-vous s\u00e9duire par chaque gorg\u00e9e de cette boisson d\u00e9licieusement innovante.<\/p>\n<p><strong>Tous nos produits b\u00e9n\u00e9ficient d\u2019une DDM de plusieurs mois.<\/strong><br \/>\n<strong>DDM = Date de Durabilit\u00e9 Minimale, anciennement DLUO.<\/strong><\/p>\n<h3><\/h3>\n<h3>Ingr\u00e9dients de Victor Allen&rsquo;s Snickers Iced Coffee 405ml USA<\/h3>\n<p>Caf\u00e9 cuit (eau, caf\u00e9), lait \u00e9cr\u00e9m\u00e9, sucre, cr\u00e8me, cacao (transform\u00e9 avec Alcali), piquet, sel de mer, citrate de sodium, ar\u00f4mes naturels et artificiels<\/p>\n<h4>Les services AU PALAIS SUCRE<\/h4>\n<p>Nous sommes est un site de vente de <strong>bonbons<\/strong>, <strong>confiseries<\/strong>, <strong>boissons<\/strong>, <strong>chips<\/strong> et <strong>produits du monde<\/strong>,\u00a0 pour les particuliers, les associations et les entreprises.<\/p>\n<p><strong>AU PALAIS SUCRE\u00a0<\/strong> apporte \u00e9galement un vrai service , une livraison rapide et fiable, une pr\u00e9paration des commandes dans les 24h\/48h et un service clients joignable.<\/p>\n<p><strong>AU PALAIS SUCRE<\/strong> est votre destination pour des bonbons, confiseries, boissons, chips et produits du monde pour les particuliers, les associations et les entreprises. Nous offrons un choix vari\u00e9 de produits de qualit\u00e9 sup\u00e9rieure pour satisfaire tous les go\u00fbts et les besoins.<\/p>\n<p>Nous sommes fiers d\u2019offrir \u00e0 nos clients un service hors pair. Nous nous engageons \u00e0 pr\u00e9parer et exp\u00e9dier les commandes dans les 24h\/48h suivant l\u2019achat, pour une livraison rapide et fiable. De plus, notre \u00e9quipe de service clients est toujours disponible pour r\u00e9pondre \u00e0 vos questions et vous aider \u00e0 trouver le produit id\u00e9al pour vos besoins.<\/p>\n<p>Chez AU PALAIS SUCRE, nous sommes passionn\u00e9s par les bonbons et les confiseries, et nous sommes d\u00e9termin\u00e9s \u00e0 offrir \u00e0 nos clients une exp\u00e9rience de magasinage en ligne agr\u00e9able et sans stress. Nous sommes votre guichet unique pour tous vos besoins en sucreries et en produits du monde, et nous sommes impatients de vous servir d\u00e8s maintenant !<\/p>\n<p>&nbsp;<\/p>\n<p>&nbsp;<\/p>\n<p>&nbsp;<\/p>\n","protected":false},"excerpt":{"rendered":"<h1>Victor Allen&rsquo;s Snickers Iced Coffee 405ml USA<\/h1>\n<p>D\u00e9couvrez l&rsquo;excellence de Victor Allen&rsquo;s Snickers Iced Coffee 405ml, une boisson glac\u00e9e de qualit\u00e9 sup\u00e9rieure qui s\u00e9duit par son go\u00fbt d\u00e9licieux, son originalit\u00e9 et sa popularit\u00e9 croissante. Cette cr\u00e9ation audacieuse associe habilement les ar\u00f4mes riches du caf\u00e9 \u00e0 la douceur gourmande du c\u00e9l\u00e8bre Snickers, offrant ainsi une exp\u00e9rience gustative unique et rafra\u00eechissante. Fabriqu\u00e9e avec soin aux \u00c9tats-Unis, cette boisson glac\u00e9e est devenue un choix pris\u00e9 parmi les amateurs de caf\u00e9 et les aficionados de Snickers. Plongez dans un oc\u00e9an de saveurs exquises avec Victor Allen&rsquo;s Snickers Iced Coffee 405ml et laissez-vous s\u00e9duire par chaque gorg\u00e9e de cette boisson d\u00e9licieusement innovante.<\/p>\n<p><strong>Tous nos produits b\u00e9n\u00e9ficient d\u2019une DDM de plusieurs mois.<\/strong><br \/>\n<strong>DDM = Date de Durabilit\u00e9 Minimale, anciennement DLUO.<\/strong><\/p>\n","protected":false},"featured_media":4610,"comment_status":"open","ping_status":"closed","template":"","meta":{"ocean_post_layout":"","ocean_both_sidebars_style":"","ocean_both_sidebars_content_width":0,"ocean_both_sidebars_sidebars_width":0,"ocean_sidebar":"","ocean_second_sidebar":"","ocean_disable_margins":"enable","ocean_add_body_class":"","ocean_shortcode_before_top_bar":"","ocean_shortcode_after_top_bar":"","ocean_shortcode_before_header":"","ocean_shortcode_after_header":"","ocean_has_shortcode":"","ocean_shortcode_after_title":"","ocean_shortcode_before_footer_widgets":"","ocean_shortcode_after_footer_widgets":"","ocean_shortcode_before_footer_bottom":"","ocean_shortcode_after_footer_bottom":"","ocean_display_top_bar":"default","ocean_display_header":"default","ocean_header_style":"","ocean_center_header_left_menu":"","ocean_custom_header_template":"","ocean_custom_logo":0,"ocean_custom_retina_logo":0,"ocean_custom_logo_max_width":0,"ocean_custom_logo_tablet_max_width":0,"ocean_custom_logo_mobile_max_width":0,"ocean_custom_logo_max_height":0,"ocean_custom_logo_tablet_max_height":0,"ocean_custom_logo_mobile_max_height":0,"ocean_header_custom_menu":"","ocean_menu_typo_font_family":"","ocean_menu_typo_font_subset":"","ocean_menu_typo_font_size":0,"ocean_menu_typo_font_size_tablet":0,"ocean_menu_typo_font_size_mobile":0,"ocean_menu_typo_font_size_unit":"px","ocean_menu_typo_font_weight":"","ocean_menu_typo_font_weight_tablet":"","ocean_menu_typo_font_weight_mobile":"","ocean_menu_typo_transform":"","ocean_menu_typo_transform_tablet":"","ocean_menu_typo_transform_mobile":"","ocean_menu_typo_line_height":0,"ocean_menu_typo_line_height_tablet":0,"ocean_menu_typo_line_height_mobile":0,"ocean_menu_typo_line_height_unit":"","ocean_menu_typo_spacing":0,"ocean_menu_typo_spacing_tablet":0,"ocean_menu_typo_spacing_mobile":0,"ocean_menu_typo_spacing_unit":"","ocean_menu_link_color":"","ocean_menu_link_color_hover":"","ocean_menu_link_color_active":"","ocean_menu_link_background":"","ocean_menu_link_hover_background":"","ocean_menu_link_active_background":"","ocean_menu_social_links_bg":"","ocean_menu_social_hover_links_bg":"","ocean_menu_social_links_color":"","ocean_menu_social_hover_links_color":"","ocean_disable_title":"default","ocean_disable_heading":"default","ocean_post_title":"","ocean_post_subheading":"","ocean_post_title_style":"","ocean_post_title_background_color":"","ocean_post_title_background":0,"ocean_post_title_bg_image_position":"","ocean_post_title_bg_image_attachment":"","ocean_post_title_bg_image_repeat":"","ocean_post_title_bg_image_size":"","ocean_post_title_height":0,"ocean_post_title_bg_overlay":0.5,"ocean_post_title_bg_overlay_color":"","ocean_disable_breadcrumbs":"default","ocean_breadcrumbs_color":"","ocean_breadcrumbs_separator_color":"","ocean_breadcrumbs_links_color":"","ocean_breadcrumbs_links_hover_color":"","ocean_display_footer_widgets":"default","ocean_display_footer_bottom":"default","ocean_custom_footer_template":""},"product_brand":[],"product_cat":[65,52],"product_tag":[],"class_list":{"0":"post-4609","1":"product","2":"type-product","3":"status-publish","4":"has-post-thumbnail","6":"product_cat-boissons","7":"product_cat-usa","9":"entry","10":"has-media","12":"first","13":"outofstock","14":"shipping-taxable","15":"purchasable","16":"product-type-simple","17":"has-product-nav","18":"col","19":"span_1_of_3","20":"owp-content-center","21":"owp-thumbs-layout-horizontal","22":"owp-btn-normal","23":"owp-tabs-layout-horizontal","24":"has-no-thumbnails"},"yoast_head":"<!-- This site is optimized with the Yoast SEO plugin v24.3 - https:\/\/yoast.com\/wordpress\/plugins\/seo\/ -->\n<title>Victor Allen&#039;s Snickers Iced Coffee 405ml USA - Au Palais Sucr\u00e9<\/title>\n<meta name=\"description\" content=\"D\u00e9couvrez l&#039;excellence de Victor Allen&#039;s Snickers Iced Coffee 405ml, une boisson glac\u00e9e de qualit\u00e9 sup\u00e9rieure appr\u00e9ci\u00e9e pour son go\u00fbt d\u00e9licieux et son originalit\u00e9. Fabriqu\u00e9e avec soin aux \u00c9tats-Unis, cette boisson associe habilement les saveurs riches du caf\u00e9 \u00e0 la douceur gourmande du c\u00e9l\u00e8bre Snickers, offrant ainsi une exp\u00e9rience gustative unique et rafra\u00eechissante. Populaire aupr\u00e8s des amateurs de caf\u00e9 et des aficionados de Snickers, Victor Allen&#039;s Snickers Iced Coffee 405ml est devenu un incontournable pour ceux qui recherchent une boisson glac\u00e9e savoureuse et innovante. D\u00e9couvrez cette cr\u00e9ation exquise et laissez-vous s\u00e9duire par chaque gorg\u00e9e de cette boisson d\u00e9licieusement innovante.\" \/>\n<meta name=\"robots\" content=\"index, follow, max-snippet:-1, max-image-preview:large, max-video-preview:-1\" \/>\n<link rel=\"canonical\" href=\"https:\/\/www.au-palais-sucre.com\/index.php\/produit\/victor-allens-snickers-iced-coffee-405ml-usa\/\" \/>\n<meta property=\"og:locale\" content=\"fr_FR\" \/>\n<meta property=\"og:type\" content=\"article\" \/>\n<meta property=\"og:title\" content=\"Victor Allen&#039;s Snickers Iced Coffee 405ml USA - Au Palais Sucr\u00e9\" \/>\n<meta property=\"og:description\" content=\"D\u00e9couvrez l&#039;excellence de Victor Allen&#039;s Snickers Iced Coffee 405ml, une boisson glac\u00e9e de qualit\u00e9 sup\u00e9rieure appr\u00e9ci\u00e9e pour son go\u00fbt d\u00e9licieux et son originalit\u00e9. Fabriqu\u00e9e avec soin aux \u00c9tats-Unis, cette boisson associe habilement les saveurs riches du caf\u00e9 \u00e0 la douceur gourmande du c\u00e9l\u00e8bre Snickers, offrant ainsi une exp\u00e9rience gustative unique et rafra\u00eechissante. Populaire aupr\u00e8s des amateurs de caf\u00e9 et des aficionados de Snickers, Victor Allen&#039;s Snickers Iced Coffee 405ml est devenu un incontournable pour ceux qui recherchent une boisson glac\u00e9e savoureuse et innovante. D\u00e9couvrez cette cr\u00e9ation exquise et laissez-vous s\u00e9duire par chaque gorg\u00e9e de cette boisson d\u00e9licieusement innovante.\" \/>\n<meta property=\"og:url\" content=\"https:\/\/www.au-palais-sucre.com\/index.php\/produit\/victor-allens-snickers-iced-coffee-405ml-usa\/\" \/>\n<meta property=\"og:site_name\" content=\"Au Palais Sucr\u00e9\" \/>\n<meta property=\"article:publisher\" content=\"https:\/\/www.facebook.com\/people\/Au-Palais-Sucr\/pfbid0xHg32QqsqJkkArCjoHQ6aaknwKMjtXgSnFxn2J3iXRfcnKZoBnYZT1GMsdL8xcPUl\/\" \/>\n<meta property=\"article:modified_time\" content=\"2025-02-28T14:51:07+00:00\" \/>\n<meta property=\"og:image\" content=\"https:\/\/www.au-palais-sucre.com\/wp-content\/uploads\/2024\/03\/Victor-Allens-Snickers-Iced-Coffee-405ml-USA.jpg\" \/>\n\t<meta property=\"og:image:width\" content=\"500\" \/>\n\t<meta property=\"og:image:height\" content=\"500\" \/>\n\t<meta property=\"og:image:type\" content=\"image\/jpeg\" \/>\n<meta name=\"twitter:card\" content=\"summary_large_image\" \/>\n<meta name=\"twitter:label1\" content=\"Prix\" \/>\n\t<meta name=\"twitter:data1\" content=\"5,50&nbsp;&euro;\" \/>\n\t<meta name=\"twitter:label2\" content=\"Disponibilit\u00e9\" \/>\n\t<meta name=\"twitter:data2\" content=\"Rupture de stock\" \/>\n<script type=\"application\/ld+json\" class=\"yoast-schema-graph\">{\"@context\":\"https:\/\/schema.org\",\"@graph\":[{\"@type\":\"WebPage\",\"@id\":\"https:\/\/www.au-palais-sucre.com\/index.php\/produit\/victor-allens-snickers-iced-coffee-405ml-usa\/\",\"url\":\"https:\/\/www.au-palais-sucre.com\/index.php\/produit\/victor-allens-snickers-iced-coffee-405ml-usa\/\",\"name\":\"Victor Allen's Snickers Iced Coffee 405ml USA - Au Palais Sucr\u00e9\",\"isPartOf\":{\"@id\":\"https:\/\/www.au-palais-sucre.com\/#website\"},\"primaryImageOfPage\":{\"@id\":\"https:\/\/www.au-palais-sucre.com\/index.php\/produit\/victor-allens-snickers-iced-coffee-405ml-usa\/#primaryimage\"},\"image\":{\"@id\":\"https:\/\/www.au-palais-sucre.com\/index.php\/produit\/victor-allens-snickers-iced-coffee-405ml-usa\/#primaryimage\"},\"thumbnailUrl\":\"https:\/\/www.au-palais-sucre.com\/wp-content\/uploads\/2024\/03\/Victor-Allens-Snickers-Iced-Coffee-405ml-USA.jpg\",\"datePublished\":\"2024-03-01T00:55:20+00:00\",\"dateModified\":\"2025-02-28T14:51:07+00:00\",\"description\":\"D\u00e9couvrez l'excellence de Victor Allen's Snickers Iced Coffee 405ml, une boisson glac\u00e9e de qualit\u00e9 sup\u00e9rieure appr\u00e9ci\u00e9e pour son go\u00fbt d\u00e9licieux et son originalit\u00e9. Fabriqu\u00e9e avec soin aux \u00c9tats-Unis, cette boisson associe habilement les saveurs riches du caf\u00e9 \u00e0 la douceur gourmande du c\u00e9l\u00e8bre Snickers, offrant ainsi une exp\u00e9rience gustative unique et rafra\u00eechissante. Populaire aupr\u00e8s des amateurs de caf\u00e9 et des aficionados de Snickers, Victor Allen's Snickers Iced Coffee 405ml est devenu un incontournable pour ceux qui recherchent une boisson glac\u00e9e savoureuse et innovante. D\u00e9couvrez cette cr\u00e9ation exquise et laissez-vous s\u00e9duire par chaque gorg\u00e9e de cette boisson d\u00e9licieusement innovante.\",\"breadcrumb\":{\"@id\":\"https:\/\/www.au-palais-sucre.com\/index.php\/produit\/victor-allens-snickers-iced-coffee-405ml-usa\/#breadcrumb\"},\"inLanguage\":\"fr-FR\",\"potentialAction\":[{\"@type\":\"ReadAction\",\"target\":[\"https:\/\/www.au-palais-sucre.com\/index.php\/produit\/victor-allens-snickers-iced-coffee-405ml-usa\/\"]}]},{\"@type\":\"ImageObject\",\"inLanguage\":\"fr-FR\",\"@id\":\"https:\/\/www.au-palais-sucre.com\/index.php\/produit\/victor-allens-snickers-iced-coffee-405ml-usa\/#primaryimage\",\"url\":\"https:\/\/www.au-palais-sucre.com\/wp-content\/uploads\/2024\/03\/Victor-Allens-Snickers-Iced-Coffee-405ml-USA.jpg\",\"contentUrl\":\"https:\/\/www.au-palais-sucre.com\/wp-content\/uploads\/2024\/03\/Victor-Allens-Snickers-Iced-Coffee-405ml-USA.jpg\",\"width\":500,\"height\":500},{\"@type\":\"BreadcrumbList\",\"@id\":\"https:\/\/www.au-palais-sucre.com\/index.php\/produit\/victor-allens-snickers-iced-coffee-405ml-usa\/#breadcrumb\",\"itemListElement\":[{\"@type\":\"ListItem\",\"position\":1,\"name\":\"Boutique\",\"item\":\"https:\/\/www.au-palais-sucre.com\/index.php\/shop\/\"},{\"@type\":\"ListItem\",\"position\":2,\"name\":\"Victor Allen&#8217;s Snickers Iced Coffee 405ml USA\"}]},{\"@type\":\"WebSite\",\"@id\":\"https:\/\/www.au-palais-sucre.com\/#website\",\"url\":\"https:\/\/www.au-palais-sucre.com\/\",\"name\":\"Au Palais Sucr\u00e9\",\"description\":\"Arrivage permanent de nouveaux produits..\",\"publisher\":{\"@id\":\"https:\/\/www.au-palais-sucre.com\/#organization\"},\"potentialAction\":[{\"@type\":\"SearchAction\",\"target\":{\"@type\":\"EntryPoint\",\"urlTemplate\":\"https:\/\/www.au-palais-sucre.com\/?s={search_term_string}\"},\"query-input\":{\"@type\":\"PropertyValueSpecification\",\"valueRequired\":true,\"valueName\":\"search_term_string\"}}],\"inLanguage\":\"fr-FR\"},{\"@type\":\"Organization\",\"@id\":\"https:\/\/www.au-palais-sucre.com\/#organization\",\"name\":\"Au Palais Sucr\u00e9\",\"url\":\"https:\/\/www.au-palais-sucre.com\/\",\"logo\":{\"@type\":\"ImageObject\",\"inLanguage\":\"fr-FR\",\"@id\":\"https:\/\/www.au-palais-sucre.com\/#\/schema\/logo\/image\/\",\"url\":\"https:\/\/www.au-palais-sucre.com\/wp-content\/uploads\/2023\/06\/cropped-Logo-blanc_prev_ui.png\",\"contentUrl\":\"https:\/\/www.au-palais-sucre.com\/wp-content\/uploads\/2023\/06\/cropped-Logo-blanc_prev_ui.png\",\"width\":567,\"height\":440,\"caption\":\"Au Palais Sucr\u00e9\"},\"image\":{\"@id\":\"https:\/\/www.au-palais-sucre.com\/#\/schema\/logo\/image\/\"},\"sameAs\":[\"https:\/\/www.facebook.com\/people\/Au-Palais-Sucr\/pfbid0xHg32QqsqJkkArCjoHQ6aaknwKMjtXgSnFxn2J3iXRfcnKZoBnYZT1GMsdL8xcPUl\/\"]}]}<\/script>\n<meta property=\"product:price:amount\" content=\"5.50\" \/>\n<meta property=\"product:price:currency\" content=\"EUR\" \/>\n<meta property=\"og:availability\" content=\"out of stock\" \/>\n<meta property=\"product:availability\" content=\"out of stock\" \/>\n<meta property=\"product:retailer_item_id\" content=\"ASPBOIS65\" \/>\n<meta property=\"product:condition\" content=\"new\" \/>\n<!-- \/ Yoast SEO plugin. -->","yoast_head_json":{"title":"Victor Allen's Snickers Iced Coffee 405ml USA - Au Palais Sucr\u00e9","description":"D\u00e9couvrez l'excellence de Victor Allen's Snickers Iced Coffee 405ml, une boisson glac\u00e9e de qualit\u00e9 sup\u00e9rieure appr\u00e9ci\u00e9e pour son go\u00fbt d\u00e9licieux et son originalit\u00e9. Fabriqu\u00e9e avec soin aux \u00c9tats-Unis, cette boisson associe habilement les saveurs riches du caf\u00e9 \u00e0 la douceur gourmande du c\u00e9l\u00e8bre Snickers, offrant ainsi une exp\u00e9rience gustative unique et rafra\u00eechissante. Populaire aupr\u00e8s des amateurs de caf\u00e9 et des aficionados de Snickers, Victor Allen's Snickers Iced Coffee 405ml est devenu un incontournable pour ceux qui recherchent une boisson glac\u00e9e savoureuse et innovante. D\u00e9couvrez cette cr\u00e9ation exquise et laissez-vous s\u00e9duire par chaque gorg\u00e9e de cette boisson d\u00e9licieusement innovante.","robots":{"index":"index","follow":"follow","max-snippet":"max-snippet:-1","max-image-preview":"max-image-preview:large","max-video-preview":"max-video-preview:-1"},"canonical":"https:\/\/www.au-palais-sucre.com\/index.php\/produit\/victor-allens-snickers-iced-coffee-405ml-usa\/","og_locale":"fr_FR","og_type":"article","og_title":"Victor Allen's Snickers Iced Coffee 405ml USA - Au Palais Sucr\u00e9","og_description":"D\u00e9couvrez l'excellence de Victor Allen's Snickers Iced Coffee 405ml, une boisson glac\u00e9e de qualit\u00e9 sup\u00e9rieure appr\u00e9ci\u00e9e pour son go\u00fbt d\u00e9licieux et son originalit\u00e9. Fabriqu\u00e9e avec soin aux \u00c9tats-Unis, cette boisson associe habilement les saveurs riches du caf\u00e9 \u00e0 la douceur gourmande du c\u00e9l\u00e8bre Snickers, offrant ainsi une exp\u00e9rience gustative unique et rafra\u00eechissante. Populaire aupr\u00e8s des amateurs de caf\u00e9 et des aficionados de Snickers, Victor Allen's Snickers Iced Coffee 405ml est devenu un incontournable pour ceux qui recherchent une boisson glac\u00e9e savoureuse et innovante. D\u00e9couvrez cette cr\u00e9ation exquise et laissez-vous s\u00e9duire par chaque gorg\u00e9e de cette boisson d\u00e9licieusement innovante.","og_url":"https:\/\/www.au-palais-sucre.com\/index.php\/produit\/victor-allens-snickers-iced-coffee-405ml-usa\/","og_site_name":"Au Palais Sucr\u00e9","article_publisher":"https:\/\/www.facebook.com\/people\/Au-Palais-Sucr\/pfbid0xHg32QqsqJkkArCjoHQ6aaknwKMjtXgSnFxn2J3iXRfcnKZoBnYZT1GMsdL8xcPUl\/","article_modified_time":"2025-02-28T14:51:07+00:00","og_image":[{"width":500,"height":500,"url":"https:\/\/www.au-palais-sucre.com\/wp-content\/uploads\/2024\/03\/Victor-Allens-Snickers-Iced-Coffee-405ml-USA.jpg","type":"image\/jpeg"}],"twitter_card":"summary_large_image","twitter_misc":{"Prix":"5,50&nbsp;&euro;","Disponibilit\u00e9":"Rupture de stock"},"schema":{"@context":"https:\/\/schema.org","@graph":[{"@type":"WebPage","@id":"https:\/\/www.au-palais-sucre.com\/index.php\/produit\/victor-allens-snickers-iced-coffee-405ml-usa\/","url":"https:\/\/www.au-palais-sucre.com\/index.php\/produit\/victor-allens-snickers-iced-coffee-405ml-usa\/","name":"Victor Allen's Snickers Iced Coffee 405ml USA - Au Palais Sucr\u00e9","isPartOf":{"@id":"https:\/\/www.au-palais-sucre.com\/#website"},"primaryImageOfPage":{"@id":"https:\/\/www.au-palais-sucre.com\/index.php\/produit\/victor-allens-snickers-iced-coffee-405ml-usa\/#primaryimage"},"image":{"@id":"https:\/\/www.au-palais-sucre.com\/index.php\/produit\/victor-allens-snickers-iced-coffee-405ml-usa\/#primaryimage"},"thumbnailUrl":"https:\/\/www.au-palais-sucre.com\/wp-content\/uploads\/2024\/03\/Victor-Allens-Snickers-Iced-Coffee-405ml-USA.jpg","datePublished":"2024-03-01T00:55:20+00:00","dateModified":"2025-02-28T14:51:07+00:00","description":"D\u00e9couvrez l'excellence de Victor Allen's Snickers Iced Coffee 405ml, une boisson glac\u00e9e de qualit\u00e9 sup\u00e9rieure appr\u00e9ci\u00e9e pour son go\u00fbt d\u00e9licieux et son originalit\u00e9. Fabriqu\u00e9e avec soin aux \u00c9tats-Unis, cette boisson associe habilement les saveurs riches du caf\u00e9 \u00e0 la douceur gourmande du c\u00e9l\u00e8bre Snickers, offrant ainsi une exp\u00e9rience gustative unique et rafra\u00eechissante. Populaire aupr\u00e8s des amateurs de caf\u00e9 et des aficionados de Snickers, Victor Allen's Snickers Iced Coffee 405ml est devenu un incontournable pour ceux qui recherchent une boisson glac\u00e9e savoureuse et innovante. D\u00e9couvrez cette cr\u00e9ation exquise et laissez-vous s\u00e9duire par chaque gorg\u00e9e de cette boisson d\u00e9licieusement innovante.","breadcrumb":{"@id":"https:\/\/www.au-palais-sucre.com\/index.php\/produit\/victor-allens-snickers-iced-coffee-405ml-usa\/#breadcrumb"},"inLanguage":"fr-FR","potentialAction":[{"@type":"ReadAction","target":["https:\/\/www.au-palais-sucre.com\/index.php\/produit\/victor-allens-snickers-iced-coffee-405ml-usa\/"]}]},{"@type":"ImageObject","inLanguage":"fr-FR","@id":"https:\/\/www.au-palais-sucre.com\/index.php\/produit\/victor-allens-snickers-iced-coffee-405ml-usa\/#primaryimage","url":"https:\/\/www.au-palais-sucre.com\/wp-content\/uploads\/2024\/03\/Victor-Allens-Snickers-Iced-Coffee-405ml-USA.jpg","contentUrl":"https:\/\/www.au-palais-sucre.com\/wp-content\/uploads\/2024\/03\/Victor-Allens-Snickers-Iced-Coffee-405ml-USA.jpg","width":500,"height":500},{"@type":"BreadcrumbList","@id":"https:\/\/www.au-palais-sucre.com\/index.php\/produit\/victor-allens-snickers-iced-coffee-405ml-usa\/#breadcrumb","itemListElement":[{"@type":"ListItem","position":1,"name":"Boutique","item":"https:\/\/www.au-palais-sucre.com\/index.php\/shop\/"},{"@type":"ListItem","position":2,"name":"Victor Allen&#8217;s Snickers Iced Coffee 405ml USA"}]},{"@type":"WebSite","@id":"https:\/\/www.au-palais-sucre.com\/#website","url":"https:\/\/www.au-palais-sucre.com\/","name":"Au Palais Sucr\u00e9","description":"Arrivage permanent de nouveaux produits..","publisher":{"@id":"https:\/\/www.au-palais-sucre.com\/#organization"},"potentialAction":[{"@type":"SearchAction","target":{"@type":"EntryPoint","urlTemplate":"https:\/\/www.au-palais-sucre.com\/?s={search_term_string}"},"query-input":{"@type":"PropertyValueSpecification","valueRequired":true,"valueName":"search_term_string"}}],"inLanguage":"fr-FR"},{"@type":"Organization","@id":"https:\/\/www.au-palais-sucre.com\/#organization","name":"Au Palais Sucr\u00e9","url":"https:\/\/www.au-palais-sucre.com\/","logo":{"@type":"ImageObject","inLanguage":"fr-FR","@id":"https:\/\/www.au-palais-sucre.com\/#\/schema\/logo\/image\/","url":"https:\/\/www.au-palais-sucre.com\/wp-content\/uploads\/2023\/06\/cropped-Logo-blanc_prev_ui.png","contentUrl":"https:\/\/www.au-palais-sucre.com\/wp-content\/uploads\/2023\/06\/cropped-Logo-blanc_prev_ui.png","width":567,"height":440,"caption":"Au Palais Sucr\u00e9"},"image":{"@id":"https:\/\/www.au-palais-sucre.com\/#\/schema\/logo\/image\/"},"sameAs":["https:\/\/www.facebook.com\/people\/Au-Palais-Sucr\/pfbid0xHg32QqsqJkkArCjoHQ6aaknwKMjtXgSnFxn2J3iXRfcnKZoBnYZT1GMsdL8xcPUl\/"]}]},"product_price_amount":"5.50","product_price_currency":"EUR","og_availability":"out of stock","product_availability":"out of stock","product_retailer_item_id":"ASPBOIS65","product_condition":"new"},"_links":{"self":[{"href":"https:\/\/www.au-palais-sucre.com\/index.php\/wp-json\/wp\/v2\/product\/4609","targetHints":{"allow":["GET"]}}],"collection":[{"href":"https:\/\/www.au-palais-sucre.com\/index.php\/wp-json\/wp\/v2\/product"}],"about":[{"href":"https:\/\/www.au-palais-sucre.com\/index.php\/wp-json\/wp\/v2\/types\/product"}],"replies":[{"embeddable":true,"href":"https:\/\/www.au-palais-sucre.com\/index.php\/wp-json\/wp\/v2\/comments?post=4609"}],"version-history":[{"count":1,"href":"https:\/\/www.au-palais-sucre.com\/index.php\/wp-json\/wp\/v2\/product\/4609\/revisions"}],"predecessor-version":[{"id":5759,"href":"https:\/\/www.au-palais-sucre.com\/index.php\/wp-json\/wp\/v2\/product\/4609\/revisions\/5759"}],"wp:featuredmedia":[{"embeddable":true,"href":"https:\/\/www.au-palais-sucre.com\/index.php\/wp-json\/wp\/v2\/media\/4610"}],"wp:attachment":[{"href":"https:\/\/www.au-palais-sucre.com\/index.php\/wp-json\/wp\/v2\/media?parent=4609"}],"wp:term":[{"taxonomy":"product_brand","embeddable":true,"href":"https:\/\/www.au-palais-sucre.com\/index.php\/wp-json\/wp\/v2\/product_brand?post=4609"},{"taxonomy":"product_cat","embeddable":true,"href":"https:\/\/www.au-palais-sucre.com\/index.php\/wp-json\/wp\/v2\/product_cat?post=4609"},{"taxonomy":"product_tag","embeddable":true,"href":"https:\/\/www.au-palais-sucre.com\/index.php\/wp-json\/wp\/v2\/product_tag?post=4609"}],"curies":[{"name":"wp","href":"https:\/\/api.w.org\/{rel}","templated":true}]}}