{"id":4630,"date":"2024-03-14T23:51:46","date_gmt":"2024-03-14T22:51:46","guid":{"rendered":"https:\/\/www.au-palais-sucre.com\/?post_type=product&#038;p=4630"},"modified":"2025-07-23T16:27:23","modified_gmt":"2025-07-23T14:27:23","slug":"kitkat-chocolate-frosted-donut-42gr-usa","status":"publish","type":"product","link":"https:\/\/www.au-palais-sucre.com\/index.php\/produit\/kitkat-chocolate-frosted-donut-42gr-usa\/","title":{"rendered":"KitKat Chocolate Frosted Donut 42gr USA"},"content":{"rendered":"<h1>KitKat Chocolate Frosted Donut 42gr USA<\/h1>\n<p>D\u00e9couvrez l&rsquo;excellence du KitKat Chocolate Frosted Donut 42gr, un d\u00e9licieux en-cas de qualit\u00e9 sup\u00e9rieure qui marie parfaitement le croquant de la barre KitKat avec l&rsquo;irr\u00e9sistible saveur d&rsquo;un donut au chocolat glac\u00e9. Fabriqu\u00e9 avec soin aux \u00c9tats-Unis, chaque bouch\u00e9e vous transporte dans un monde de plaisir gourmand, alliant la texture croustillante de la gaufrette au fondant du chocolat. Appr\u00e9ci\u00e9 par les gourmands du monde entier, le KitKat Chocolate Frosted Donut 42gr est devenu un incontournable des pauses sucr\u00e9es. Plongez-vous dans cette exp\u00e9rience gustative unique et savourez chaque instant de cette gourmandise populaire et savoureuse.<\/p>\n<p>Connue pour ses pauses gourmandes et son c\u00e9l\u00e8bre slogan \u00ab\u00a0have a break, have a KitKat\u00a0\u00bb, la marque a \u00e9t\u00e9 cr\u00e9\u00e9e en 1935 au Royaume-Uni sous le nom de \u00ab\u00a0Chocolate Crisp\u00a0\u00bb. Il a fallu attendre 1970 pour d\u00e9guster la barre chocolat\u00e9e en France.<\/p>\n<p>Pr\u00e9sente aujourd&rsquo;hui dans le monde entier, <strong>KitKat <\/strong>fait croustiller de plaisir les plus gourmands ! Premi\u00e8re marque \u00e0 n&rsquo;utiliser que du <strong>cacao 100% durable<\/strong>, elle s&rsquo;investit dans la protection de l&rsquo;environnement gr\u00e2ce au groupe Nestl\u00e9 engag\u00e9e avec Rainforest Alliance pour soutenir les agricultures durables.<\/p>\n<p><strong>Tous nos produits b\u00e9n\u00e9ficient d\u2019une DDM de plusieurs mois.<\/strong><br \/>\n<strong>DDM = Date de Durabilit\u00e9 Minimale, anciennement DLUO.<\/strong><\/p>\n<h3>Ingr\u00e9dients de KitKat Chocolate Frosted Donut 42gr USA<\/h3>\n<p>Sucre, huile v\u00e9g\u00e9tale ( huile de karit\u00e9, huile de tournesol,\u00a0 huile de carthame), farine de <strong>bl\u00e9<\/strong>, <strong>lait<\/strong> \u00e9cr\u00e9m\u00e9, lactose (du <strong>lait<\/strong>), chocolat, beurre de cacao, extrait sec de sirop de ma\u00efs, mati\u00e8re grasse <strong>laiti\u00e8re<\/strong>, \u00e9mulsifiants (l\u00e9cithine de <strong>soja<\/strong>, E476), ar\u00f4mes naturels et artificiels, colorants (E110, E102, E132, E129), sel, levure, poudre \u00e0 lever (E500).-<\/p>\n<h4>Les services AU PALAIS SUCRE<\/h4>\n<p>Nous sommes est un site de vente de <strong>bonbons<\/strong>, <strong>confiseries<\/strong>, <strong>boissons<\/strong>, <strong>chips<\/strong> et <strong>produits du monde<\/strong>,\u00a0 pour les particuliers, les associations et les entreprises.<\/p>\n<p><strong>AU PALAIS SUCRE\u00a0<\/strong> apporte \u00e9galement un vrai service , une livraison rapide et fiable, une pr\u00e9paration des commandes dans les 24h\/48h et un service clients joignable.<\/p>\n<p><strong>AU PALAIS SUCRE<\/strong> est votre destination pour des bonbons, confiseries, boissons, chips et produits du monde pour les particuliers, les associations et les entreprises. Nous offrons un choix vari\u00e9 de produits de qualit\u00e9 sup\u00e9rieure pour satisfaire tous les go\u00fbts et les besoins.<\/p>\n<p>Nous sommes fiers d\u2019offrir \u00e0 nos clients un service hors pair. Nous nous engageons \u00e0 pr\u00e9parer et exp\u00e9dier les commandes dans les 24h\/48h suivant l\u2019achat, pour une livraison rapide et fiable. De plus, notre \u00e9quipe de service clients est toujours disponible pour r\u00e9pondre \u00e0 vos questions et vous aider \u00e0 trouver le produit id\u00e9al pour vos besoins.<\/p>\n<p>Chez AU PALAIS SUCRE, nous sommes passionn\u00e9s par les bonbons et les confiseries, et nous sommes d\u00e9termin\u00e9s \u00e0 offrir \u00e0 nos clients une exp\u00e9rience de magasinage en ligne agr\u00e9able et sans stress. Nous sommes votre guichet unique pour tous vos besoins en sucreries et en produits du monde, et nous sommes impatients de vous servir d\u00e8s maintenant !<\/p>\n","protected":false},"excerpt":{"rendered":"<h1>KitKat Chocolate Frosted Donut 42gr USA<\/h1>\n<p>D\u00e9couvrez l&rsquo;excellence du KitKat Chocolate Frosted Donut 42gr, un d\u00e9licieux en-cas de qualit\u00e9 sup\u00e9rieure qui marie parfaitement le croquant de la barre KitKat avec l&rsquo;irr\u00e9sistible saveur d&rsquo;un donut au chocolat glac\u00e9. Fabriqu\u00e9 avec soin aux \u00c9tats-Unis, chaque bouch\u00e9e vous transporte dans un monde de plaisir gourmand, alliant la texture croustillante de la gaufrette au fondant du chocolat. Appr\u00e9ci\u00e9 par les gourmands du monde entier, le KitKat Chocolate Frosted Donut 42gr est devenu un incontournable des pauses sucr\u00e9es. Plongez-vous dans cette exp\u00e9rience gustative unique et savourez chaque instant de cette gourmandise populaire et savoureuse.<\/p>\n<p>Connue pour ses pauses gourmandes et son c\u00e9l\u00e8bre slogan \u00ab\u00a0have a break, have a KitKat\u00a0\u00bb, la marque a \u00e9t\u00e9 cr\u00e9\u00e9e en 1935 au Royaume-Uni sous le nom de \u00ab\u00a0Chocolate Crisp\u00a0\u00bb. Il a fallu attendre 1970 pour d\u00e9guster la barre chocolat\u00e9e en France.<\/p>\n<p>Pr\u00e9sente aujourd&rsquo;hui dans le monde entier, <strong>KitKat <\/strong>fait croustiller de plaisir les plus gourmands ! Premi\u00e8re marque \u00e0 n&rsquo;utiliser que du <strong>cacao 100% durable<\/strong>, elle s&rsquo;investit dans la protection de l&rsquo;environnement gr\u00e2ce au groupe Nestl\u00e9 engag\u00e9e avec Rainforest Alliance pour soutenir les agricultures durables.<\/p>\n<p><strong>Tous nos produits b\u00e9n\u00e9ficient d\u2019une DDM de plusieurs mois.<\/strong><br \/>\n<strong>DDM = Date de Durabilit\u00e9 Minimale, anciennement DLUO.<\/strong><\/p>\n","protected":false},"featured_media":4632,"comment_status":"open","ping_status":"closed","template":"","meta":{"ocean_post_layout":"","ocean_both_sidebars_style":"","ocean_both_sidebars_content_width":0,"ocean_both_sidebars_sidebars_width":0,"ocean_sidebar":"","ocean_second_sidebar":"","ocean_disable_margins":"enable","ocean_add_body_class":"","ocean_shortcode_before_top_bar":"","ocean_shortcode_after_top_bar":"","ocean_shortcode_before_header":"","ocean_shortcode_after_header":"","ocean_has_shortcode":"","ocean_shortcode_after_title":"","ocean_shortcode_before_footer_widgets":"","ocean_shortcode_after_footer_widgets":"","ocean_shortcode_before_footer_bottom":"","ocean_shortcode_after_footer_bottom":"","ocean_display_top_bar":"default","ocean_display_header":"default","ocean_header_style":"","ocean_center_header_left_menu":"","ocean_custom_header_template":"","ocean_custom_logo":0,"ocean_custom_retina_logo":0,"ocean_custom_logo_max_width":0,"ocean_custom_logo_tablet_max_width":0,"ocean_custom_logo_mobile_max_width":0,"ocean_custom_logo_max_height":0,"ocean_custom_logo_tablet_max_height":0,"ocean_custom_logo_mobile_max_height":0,"ocean_header_custom_menu":"","ocean_menu_typo_font_family":"","ocean_menu_typo_font_subset":"","ocean_menu_typo_font_size":0,"ocean_menu_typo_font_size_tablet":0,"ocean_menu_typo_font_size_mobile":0,"ocean_menu_typo_font_size_unit":"px","ocean_menu_typo_font_weight":"","ocean_menu_typo_font_weight_tablet":"","ocean_menu_typo_font_weight_mobile":"","ocean_menu_typo_transform":"","ocean_menu_typo_transform_tablet":"","ocean_menu_typo_transform_mobile":"","ocean_menu_typo_line_height":0,"ocean_menu_typo_line_height_tablet":0,"ocean_menu_typo_line_height_mobile":0,"ocean_menu_typo_line_height_unit":"","ocean_menu_typo_spacing":0,"ocean_menu_typo_spacing_tablet":0,"ocean_menu_typo_spacing_mobile":0,"ocean_menu_typo_spacing_unit":"","ocean_menu_link_color":"","ocean_menu_link_color_hover":"","ocean_menu_link_color_active":"","ocean_menu_link_background":"","ocean_menu_link_hover_background":"","ocean_menu_link_active_background":"","ocean_menu_social_links_bg":"","ocean_menu_social_hover_links_bg":"","ocean_menu_social_links_color":"","ocean_menu_social_hover_links_color":"","ocean_disable_title":"default","ocean_disable_heading":"default","ocean_post_title":"","ocean_post_subheading":"","ocean_post_title_style":"","ocean_post_title_background_color":"","ocean_post_title_background":0,"ocean_post_title_bg_image_position":"","ocean_post_title_bg_image_attachment":"","ocean_post_title_bg_image_repeat":"","ocean_post_title_bg_image_size":"","ocean_post_title_height":0,"ocean_post_title_bg_overlay":0.5,"ocean_post_title_bg_overlay_color":"","ocean_disable_breadcrumbs":"default","ocean_breadcrumbs_color":"","ocean_breadcrumbs_separator_color":"","ocean_breadcrumbs_links_color":"","ocean_breadcrumbs_links_hover_color":"","ocean_display_footer_widgets":"default","ocean_display_footer_bottom":"default","ocean_custom_footer_template":""},"product_brand":[],"product_cat":[108,88,47,52],"product_tag":[],"class_list":{"0":"post-4630","1":"product","2":"type-product","3":"status-publish","4":"has-post-thumbnail","6":"product_cat-anti-gaspi","7":"product_cat-gateaux","8":"product_cat-bonbons-halal","9":"product_cat-usa","11":"entry","12":"has-media","14":"first","15":"outofstock","16":"shipping-taxable","17":"purchasable","18":"product-type-simple","19":"has-product-nav","20":"col","21":"span_1_of_3","22":"owp-content-center","23":"owp-thumbs-layout-horizontal","24":"owp-btn-normal","25":"owp-tabs-layout-horizontal","26":"has-no-thumbnails"},"yoast_head":"<!-- This site is optimized with the Yoast SEO plugin v24.3 - https:\/\/yoast.com\/wordpress\/plugins\/seo\/ -->\n<title>KitKat Chocolate Frosted Donut 42gr USA - Au Palais Sucr\u00e9<\/title>\n<meta name=\"description\" content=\"D\u00e9couvrez la qualit\u00e9 exceptionnelle, le go\u00fbt d\u00e9licieux et l&#039;origine authentique du KitKat Chocolate Frosted Donut 42gr, un en-cas savoureux fabriqu\u00e9 avec soin aux \u00c9tats-Unis. Appr\u00e9ci\u00e9 par les amateurs de sucreries du monde entier, ce d\u00e9lice marie habilement la barre KitKat croquante \u00e0 la saveur irr\u00e9sistible d&#039;un donut au chocolat glac\u00e9. Plongez dans une exp\u00e9rience gustative exquise avec ce m\u00e9lange unique de textures et de saveurs. Succombez \u00e0 la popularit\u00e9 grandissante du KitKat Chocolate Frosted Donut 42gr et laissez-vous s\u00e9duire par cette gourmandise qui ravira vos papilles \u00e0 chaque bouch\u00e9e.\" \/>\n<meta name=\"robots\" content=\"index, follow, max-snippet:-1, max-image-preview:large, max-video-preview:-1\" \/>\n<link rel=\"canonical\" href=\"https:\/\/www.au-palais-sucre.com\/index.php\/produit\/kitkat-chocolate-frosted-donut-42gr-usa\/\" \/>\n<meta property=\"og:locale\" content=\"fr_FR\" \/>\n<meta property=\"og:type\" content=\"article\" \/>\n<meta property=\"og:title\" content=\"KitKat Chocolate Frosted Donut 42gr USA - Au Palais Sucr\u00e9\" \/>\n<meta property=\"og:description\" content=\"D\u00e9couvrez la qualit\u00e9 exceptionnelle, le go\u00fbt d\u00e9licieux et l&#039;origine authentique du KitKat Chocolate Frosted Donut 42gr, un en-cas savoureux fabriqu\u00e9 avec soin aux \u00c9tats-Unis. Appr\u00e9ci\u00e9 par les amateurs de sucreries du monde entier, ce d\u00e9lice marie habilement la barre KitKat croquante \u00e0 la saveur irr\u00e9sistible d&#039;un donut au chocolat glac\u00e9. Plongez dans une exp\u00e9rience gustative exquise avec ce m\u00e9lange unique de textures et de saveurs. Succombez \u00e0 la popularit\u00e9 grandissante du KitKat Chocolate Frosted Donut 42gr et laissez-vous s\u00e9duire par cette gourmandise qui ravira vos papilles \u00e0 chaque bouch\u00e9e.\" \/>\n<meta property=\"og:url\" content=\"https:\/\/www.au-palais-sucre.com\/index.php\/produit\/kitkat-chocolate-frosted-donut-42gr-usa\/\" \/>\n<meta property=\"og:site_name\" content=\"Au Palais Sucr\u00e9\" \/>\n<meta property=\"article:publisher\" content=\"https:\/\/www.facebook.com\/people\/Au-Palais-Sucr\/pfbid0xHg32QqsqJkkArCjoHQ6aaknwKMjtXgSnFxn2J3iXRfcnKZoBnYZT1GMsdL8xcPUl\/\" \/>\n<meta property=\"article:modified_time\" content=\"2025-07-23T14:27:23+00:00\" \/>\n<meta property=\"og:image\" content=\"https:\/\/www.au-palais-sucre.com\/wp-content\/uploads\/2024\/03\/KitKat-Chocolate-Frosted-Donut.jpg\" \/>\n\t<meta property=\"og:image:width\" content=\"500\" \/>\n\t<meta property=\"og:image:height\" content=\"500\" \/>\n\t<meta property=\"og:image:type\" content=\"image\/jpeg\" \/>\n<meta name=\"twitter:card\" content=\"summary_large_image\" \/>\n<meta name=\"twitter:label1\" content=\"Prix\" \/>\n\t<meta name=\"twitter:data1\" content=\"2,20&nbsp;&euro;\" \/>\n\t<meta name=\"twitter:label2\" content=\"Disponibilit\u00e9\" \/>\n\t<meta name=\"twitter:data2\" content=\"Rupture de stock\" \/>\n<script type=\"application\/ld+json\" class=\"yoast-schema-graph\">{\"@context\":\"https:\/\/schema.org\",\"@graph\":[{\"@type\":\"WebPage\",\"@id\":\"https:\/\/www.au-palais-sucre.com\/index.php\/produit\/kitkat-chocolate-frosted-donut-42gr-usa\/\",\"url\":\"https:\/\/www.au-palais-sucre.com\/index.php\/produit\/kitkat-chocolate-frosted-donut-42gr-usa\/\",\"name\":\"KitKat Chocolate Frosted Donut 42gr USA - Au Palais Sucr\u00e9\",\"isPartOf\":{\"@id\":\"https:\/\/www.au-palais-sucre.com\/#website\"},\"primaryImageOfPage\":{\"@id\":\"https:\/\/www.au-palais-sucre.com\/index.php\/produit\/kitkat-chocolate-frosted-donut-42gr-usa\/#primaryimage\"},\"image\":{\"@id\":\"https:\/\/www.au-palais-sucre.com\/index.php\/produit\/kitkat-chocolate-frosted-donut-42gr-usa\/#primaryimage\"},\"thumbnailUrl\":\"https:\/\/www.au-palais-sucre.com\/wp-content\/uploads\/2024\/03\/KitKat-Chocolate-Frosted-Donut.jpg\",\"datePublished\":\"2024-03-14T22:51:46+00:00\",\"dateModified\":\"2025-07-23T14:27:23+00:00\",\"description\":\"D\u00e9couvrez la qualit\u00e9 exceptionnelle, le go\u00fbt d\u00e9licieux et l'origine authentique du KitKat Chocolate Frosted Donut 42gr, un en-cas savoureux fabriqu\u00e9 avec soin aux \u00c9tats-Unis. Appr\u00e9ci\u00e9 par les amateurs de sucreries du monde entier, ce d\u00e9lice marie habilement la barre KitKat croquante \u00e0 la saveur irr\u00e9sistible d'un donut au chocolat glac\u00e9. Plongez dans une exp\u00e9rience gustative exquise avec ce m\u00e9lange unique de textures et de saveurs. Succombez \u00e0 la popularit\u00e9 grandissante du KitKat Chocolate Frosted Donut 42gr et laissez-vous s\u00e9duire par cette gourmandise qui ravira vos papilles \u00e0 chaque bouch\u00e9e.\",\"breadcrumb\":{\"@id\":\"https:\/\/www.au-palais-sucre.com\/index.php\/produit\/kitkat-chocolate-frosted-donut-42gr-usa\/#breadcrumb\"},\"inLanguage\":\"fr-FR\",\"potentialAction\":[{\"@type\":\"ReadAction\",\"target\":[\"https:\/\/www.au-palais-sucre.com\/index.php\/produit\/kitkat-chocolate-frosted-donut-42gr-usa\/\"]}]},{\"@type\":\"ImageObject\",\"inLanguage\":\"fr-FR\",\"@id\":\"https:\/\/www.au-palais-sucre.com\/index.php\/produit\/kitkat-chocolate-frosted-donut-42gr-usa\/#primaryimage\",\"url\":\"https:\/\/www.au-palais-sucre.com\/wp-content\/uploads\/2024\/03\/KitKat-Chocolate-Frosted-Donut.jpg\",\"contentUrl\":\"https:\/\/www.au-palais-sucre.com\/wp-content\/uploads\/2024\/03\/KitKat-Chocolate-Frosted-Donut.jpg\",\"width\":500,\"height\":500},{\"@type\":\"BreadcrumbList\",\"@id\":\"https:\/\/www.au-palais-sucre.com\/index.php\/produit\/kitkat-chocolate-frosted-donut-42gr-usa\/#breadcrumb\",\"itemListElement\":[{\"@type\":\"ListItem\",\"position\":1,\"name\":\"Boutique\",\"item\":\"https:\/\/www.au-palais-sucre.com\/index.php\/shop\/\"},{\"@type\":\"ListItem\",\"position\":2,\"name\":\"KitKat Chocolate Frosted Donut 42gr USA\"}]},{\"@type\":\"WebSite\",\"@id\":\"https:\/\/www.au-palais-sucre.com\/#website\",\"url\":\"https:\/\/www.au-palais-sucre.com\/\",\"name\":\"Au Palais Sucr\u00e9\",\"description\":\"Arrivage permanent de nouveaux produits..\",\"publisher\":{\"@id\":\"https:\/\/www.au-palais-sucre.com\/#organization\"},\"potentialAction\":[{\"@type\":\"SearchAction\",\"target\":{\"@type\":\"EntryPoint\",\"urlTemplate\":\"https:\/\/www.au-palais-sucre.com\/?s={search_term_string}\"},\"query-input\":{\"@type\":\"PropertyValueSpecification\",\"valueRequired\":true,\"valueName\":\"search_term_string\"}}],\"inLanguage\":\"fr-FR\"},{\"@type\":\"Organization\",\"@id\":\"https:\/\/www.au-palais-sucre.com\/#organization\",\"name\":\"Au Palais Sucr\u00e9\",\"url\":\"https:\/\/www.au-palais-sucre.com\/\",\"logo\":{\"@type\":\"ImageObject\",\"inLanguage\":\"fr-FR\",\"@id\":\"https:\/\/www.au-palais-sucre.com\/#\/schema\/logo\/image\/\",\"url\":\"https:\/\/www.au-palais-sucre.com\/wp-content\/uploads\/2023\/06\/cropped-Logo-blanc_prev_ui.png\",\"contentUrl\":\"https:\/\/www.au-palais-sucre.com\/wp-content\/uploads\/2023\/06\/cropped-Logo-blanc_prev_ui.png\",\"width\":567,\"height\":440,\"caption\":\"Au Palais Sucr\u00e9\"},\"image\":{\"@id\":\"https:\/\/www.au-palais-sucre.com\/#\/schema\/logo\/image\/\"},\"sameAs\":[\"https:\/\/www.facebook.com\/people\/Au-Palais-Sucr\/pfbid0xHg32QqsqJkkArCjoHQ6aaknwKMjtXgSnFxn2J3iXRfcnKZoBnYZT1GMsdL8xcPUl\/\"]}]}<\/script>\n<meta property=\"product:price:amount\" content=\"2.20\" \/>\n<meta property=\"product:price:currency\" content=\"EUR\" \/>\n<meta property=\"og:availability\" content=\"out of stock\" \/>\n<meta property=\"product:availability\" content=\"out of stock\" \/>\n<meta property=\"product:retailer_item_id\" content=\"ASPGAT49\" \/>\n<meta property=\"product:condition\" content=\"new\" \/>\n<!-- \/ Yoast SEO plugin. -->","yoast_head_json":{"title":"KitKat Chocolate Frosted Donut 42gr USA - Au Palais Sucr\u00e9","description":"D\u00e9couvrez la qualit\u00e9 exceptionnelle, le go\u00fbt d\u00e9licieux et l'origine authentique du KitKat Chocolate Frosted Donut 42gr, un en-cas savoureux fabriqu\u00e9 avec soin aux \u00c9tats-Unis. Appr\u00e9ci\u00e9 par les amateurs de sucreries du monde entier, ce d\u00e9lice marie habilement la barre KitKat croquante \u00e0 la saveur irr\u00e9sistible d'un donut au chocolat glac\u00e9. Plongez dans une exp\u00e9rience gustative exquise avec ce m\u00e9lange unique de textures et de saveurs. Succombez \u00e0 la popularit\u00e9 grandissante du KitKat Chocolate Frosted Donut 42gr et laissez-vous s\u00e9duire par cette gourmandise qui ravira vos papilles \u00e0 chaque bouch\u00e9e.","robots":{"index":"index","follow":"follow","max-snippet":"max-snippet:-1","max-image-preview":"max-image-preview:large","max-video-preview":"max-video-preview:-1"},"canonical":"https:\/\/www.au-palais-sucre.com\/index.php\/produit\/kitkat-chocolate-frosted-donut-42gr-usa\/","og_locale":"fr_FR","og_type":"article","og_title":"KitKat Chocolate Frosted Donut 42gr USA - Au Palais Sucr\u00e9","og_description":"D\u00e9couvrez la qualit\u00e9 exceptionnelle, le go\u00fbt d\u00e9licieux et l'origine authentique du KitKat Chocolate Frosted Donut 42gr, un en-cas savoureux fabriqu\u00e9 avec soin aux \u00c9tats-Unis. Appr\u00e9ci\u00e9 par les amateurs de sucreries du monde entier, ce d\u00e9lice marie habilement la barre KitKat croquante \u00e0 la saveur irr\u00e9sistible d'un donut au chocolat glac\u00e9. Plongez dans une exp\u00e9rience gustative exquise avec ce m\u00e9lange unique de textures et de saveurs. Succombez \u00e0 la popularit\u00e9 grandissante du KitKat Chocolate Frosted Donut 42gr et laissez-vous s\u00e9duire par cette gourmandise qui ravira vos papilles \u00e0 chaque bouch\u00e9e.","og_url":"https:\/\/www.au-palais-sucre.com\/index.php\/produit\/kitkat-chocolate-frosted-donut-42gr-usa\/","og_site_name":"Au Palais Sucr\u00e9","article_publisher":"https:\/\/www.facebook.com\/people\/Au-Palais-Sucr\/pfbid0xHg32QqsqJkkArCjoHQ6aaknwKMjtXgSnFxn2J3iXRfcnKZoBnYZT1GMsdL8xcPUl\/","article_modified_time":"2025-07-23T14:27:23+00:00","og_image":[{"width":500,"height":500,"url":"https:\/\/www.au-palais-sucre.com\/wp-content\/uploads\/2024\/03\/KitKat-Chocolate-Frosted-Donut.jpg","type":"image\/jpeg"}],"twitter_card":"summary_large_image","twitter_misc":{"Prix":"2,20&nbsp;&euro;","Disponibilit\u00e9":"Rupture de stock"},"schema":{"@context":"https:\/\/schema.org","@graph":[{"@type":"WebPage","@id":"https:\/\/www.au-palais-sucre.com\/index.php\/produit\/kitkat-chocolate-frosted-donut-42gr-usa\/","url":"https:\/\/www.au-palais-sucre.com\/index.php\/produit\/kitkat-chocolate-frosted-donut-42gr-usa\/","name":"KitKat Chocolate Frosted Donut 42gr USA - Au Palais Sucr\u00e9","isPartOf":{"@id":"https:\/\/www.au-palais-sucre.com\/#website"},"primaryImageOfPage":{"@id":"https:\/\/www.au-palais-sucre.com\/index.php\/produit\/kitkat-chocolate-frosted-donut-42gr-usa\/#primaryimage"},"image":{"@id":"https:\/\/www.au-palais-sucre.com\/index.php\/produit\/kitkat-chocolate-frosted-donut-42gr-usa\/#primaryimage"},"thumbnailUrl":"https:\/\/www.au-palais-sucre.com\/wp-content\/uploads\/2024\/03\/KitKat-Chocolate-Frosted-Donut.jpg","datePublished":"2024-03-14T22:51:46+00:00","dateModified":"2025-07-23T14:27:23+00:00","description":"D\u00e9couvrez la qualit\u00e9 exceptionnelle, le go\u00fbt d\u00e9licieux et l'origine authentique du KitKat Chocolate Frosted Donut 42gr, un en-cas savoureux fabriqu\u00e9 avec soin aux \u00c9tats-Unis. Appr\u00e9ci\u00e9 par les amateurs de sucreries du monde entier, ce d\u00e9lice marie habilement la barre KitKat croquante \u00e0 la saveur irr\u00e9sistible d'un donut au chocolat glac\u00e9. Plongez dans une exp\u00e9rience gustative exquise avec ce m\u00e9lange unique de textures et de saveurs. Succombez \u00e0 la popularit\u00e9 grandissante du KitKat Chocolate Frosted Donut 42gr et laissez-vous s\u00e9duire par cette gourmandise qui ravira vos papilles \u00e0 chaque bouch\u00e9e.","breadcrumb":{"@id":"https:\/\/www.au-palais-sucre.com\/index.php\/produit\/kitkat-chocolate-frosted-donut-42gr-usa\/#breadcrumb"},"inLanguage":"fr-FR","potentialAction":[{"@type":"ReadAction","target":["https:\/\/www.au-palais-sucre.com\/index.php\/produit\/kitkat-chocolate-frosted-donut-42gr-usa\/"]}]},{"@type":"ImageObject","inLanguage":"fr-FR","@id":"https:\/\/www.au-palais-sucre.com\/index.php\/produit\/kitkat-chocolate-frosted-donut-42gr-usa\/#primaryimage","url":"https:\/\/www.au-palais-sucre.com\/wp-content\/uploads\/2024\/03\/KitKat-Chocolate-Frosted-Donut.jpg","contentUrl":"https:\/\/www.au-palais-sucre.com\/wp-content\/uploads\/2024\/03\/KitKat-Chocolate-Frosted-Donut.jpg","width":500,"height":500},{"@type":"BreadcrumbList","@id":"https:\/\/www.au-palais-sucre.com\/index.php\/produit\/kitkat-chocolate-frosted-donut-42gr-usa\/#breadcrumb","itemListElement":[{"@type":"ListItem","position":1,"name":"Boutique","item":"https:\/\/www.au-palais-sucre.com\/index.php\/shop\/"},{"@type":"ListItem","position":2,"name":"KitKat Chocolate Frosted Donut 42gr USA"}]},{"@type":"WebSite","@id":"https:\/\/www.au-palais-sucre.com\/#website","url":"https:\/\/www.au-palais-sucre.com\/","name":"Au Palais Sucr\u00e9","description":"Arrivage permanent de nouveaux produits..","publisher":{"@id":"https:\/\/www.au-palais-sucre.com\/#organization"},"potentialAction":[{"@type":"SearchAction","target":{"@type":"EntryPoint","urlTemplate":"https:\/\/www.au-palais-sucre.com\/?s={search_term_string}"},"query-input":{"@type":"PropertyValueSpecification","valueRequired":true,"valueName":"search_term_string"}}],"inLanguage":"fr-FR"},{"@type":"Organization","@id":"https:\/\/www.au-palais-sucre.com\/#organization","name":"Au Palais Sucr\u00e9","url":"https:\/\/www.au-palais-sucre.com\/","logo":{"@type":"ImageObject","inLanguage":"fr-FR","@id":"https:\/\/www.au-palais-sucre.com\/#\/schema\/logo\/image\/","url":"https:\/\/www.au-palais-sucre.com\/wp-content\/uploads\/2023\/06\/cropped-Logo-blanc_prev_ui.png","contentUrl":"https:\/\/www.au-palais-sucre.com\/wp-content\/uploads\/2023\/06\/cropped-Logo-blanc_prev_ui.png","width":567,"height":440,"caption":"Au Palais Sucr\u00e9"},"image":{"@id":"https:\/\/www.au-palais-sucre.com\/#\/schema\/logo\/image\/"},"sameAs":["https:\/\/www.facebook.com\/people\/Au-Palais-Sucr\/pfbid0xHg32QqsqJkkArCjoHQ6aaknwKMjtXgSnFxn2J3iXRfcnKZoBnYZT1GMsdL8xcPUl\/"]}]},"product_price_amount":"2.20","product_price_currency":"EUR","og_availability":"out of stock","product_availability":"out of stock","product_retailer_item_id":"ASPGAT49","product_condition":"new"},"_links":{"self":[{"href":"https:\/\/www.au-palais-sucre.com\/index.php\/wp-json\/wp\/v2\/product\/4630","targetHints":{"allow":["GET"]}}],"collection":[{"href":"https:\/\/www.au-palais-sucre.com\/index.php\/wp-json\/wp\/v2\/product"}],"about":[{"href":"https:\/\/www.au-palais-sucre.com\/index.php\/wp-json\/wp\/v2\/types\/product"}],"replies":[{"embeddable":true,"href":"https:\/\/www.au-palais-sucre.com\/index.php\/wp-json\/wp\/v2\/comments?post=4630"}],"version-history":[{"count":1,"href":"https:\/\/www.au-palais-sucre.com\/index.php\/wp-json\/wp\/v2\/product\/4630\/revisions"}],"predecessor-version":[{"id":5803,"href":"https:\/\/www.au-palais-sucre.com\/index.php\/wp-json\/wp\/v2\/product\/4630\/revisions\/5803"}],"wp:featuredmedia":[{"embeddable":true,"href":"https:\/\/www.au-palais-sucre.com\/index.php\/wp-json\/wp\/v2\/media\/4632"}],"wp:attachment":[{"href":"https:\/\/www.au-palais-sucre.com\/index.php\/wp-json\/wp\/v2\/media?parent=4630"}],"wp:term":[{"taxonomy":"product_brand","embeddable":true,"href":"https:\/\/www.au-palais-sucre.com\/index.php\/wp-json\/wp\/v2\/product_brand?post=4630"},{"taxonomy":"product_cat","embeddable":true,"href":"https:\/\/www.au-palais-sucre.com\/index.php\/wp-json\/wp\/v2\/product_cat?post=4630"},{"taxonomy":"product_tag","embeddable":true,"href":"https:\/\/www.au-palais-sucre.com\/index.php\/wp-json\/wp\/v2\/product_tag?post=4630"}],"curies":[{"name":"wp","href":"https:\/\/api.w.org\/{rel}","templated":true}]}}