{"id":4703,"date":"2024-03-25T01:17:32","date_gmt":"2024-03-25T00:17:32","guid":{"rendered":"https:\/\/www.au-palais-sucre.com\/?post_type=product&#038;p=4703"},"modified":"2024-11-06T22:26:13","modified_gmt":"2024-11-06T21:26:13","slug":"samyang-ramen-hot-chicken-carbonara-130gr-japon","status":"publish","type":"product","link":"https:\/\/www.au-palais-sucre.com\/index.php\/produit\/samyang-ramen-hot-chicken-carbonara-130gr-japon\/","title":{"rendered":"Samyang Ramen Hot Chicken Carbonara 130gr Japon"},"content":{"rendered":"<h1>Samyang Ramen Hot Chicken Carbonara 130gr Japon<\/h1>\n<div class=\"flex flex-grow flex-col max-w-full\">\n<div class=\"min-h-[20px] text-message flex flex-col items-start gap-3 whitespace-pre-wrap break-words [.text-message+&amp;]:mt-5 overflow-x-auto\" data-message-author-role=\"assistant\" data-message-id=\"e47d8e3c-0463-4869-9d8e-2cdd01c55683\">\n<div class=\"markdown prose w-full break-words dark:prose-invert dark\">\n<p>D\u00e9couvrez l&rsquo;excellence de Samyang Ramen Hot Chicken Carbonara 130gr, une d\u00e9licieuse sp\u00e9cialit\u00e9 japonaise qui allie qualit\u00e9, saveur et tradition. Avec son m\u00e9lange unique de p\u00e2tes \u00e9pic\u00e9es et de sauce cr\u00e9meuse au fromage, ce plat de nouilles offre une exp\u00e9rience gustative inoubliable. Fabriqu\u00e9 au Japon par Samyang, ce ramen est devenu extr\u00eamement populaire parmi les amateurs de cuisine asiatique \u00e0 travers le monde. Plongez dans cette d\u00e9licieuse aventure culinaire et laissez-vous s\u00e9duire par les saveurs authentiques du Japon.<\/p>\n<p><strong>Tous nos produits b\u00e9n\u00e9ficient d\u2019une DDM de plusieurs mois.<\/strong><br \/>\n<strong>DDM = Date de Durabilit\u00e9 Minimale, anciennement DLUO.<\/strong><\/p>\n<h3>Ingr\u00e9dients de Samyang Ramen Hot Chicken Carbonara 130gr Japon<\/h3>\n<p>Nouilles (77.5%) : farine de <strong>BL\u00c9<\/strong>, amidon de tapioca modifi\u00e9, huile raffin\u00e9e, amidon de pomme de terre modifi\u00e9, sel raffin\u00e9, \u00e9mulsifiant (E322i), r\u00e9gulateur d&rsquo;acidit\u00e9 (E501i, E500, E339ii, E330), \u00e9paississant (E412), eau, ar\u00f4me d&rsquo;huile de th\u00e9 vert. Soupe (12.7%) : eau, saveur artificiel de poulet, sauce de <strong>SOJA<\/strong>, sucre blanc, poudre de poivron rouge, poudre de poivre chili, huile de <strong>SOJA<\/strong>, oignon, huile de graine de poivron rouge, ail, amidon de pomme de terre modifi\u00e9, extrait de paprika, extrait de chili d\u00e9coloris\u00e9, poudre de poivre noir, poudre de curry. Poudre (9.8%) : poudre de <strong>LAIT<\/strong> entier, sucre blanc, poudre de <strong>LAIT<\/strong>, sel, poudre de fromage mozzarella, poudre de beurre, amidon de pomme de terre modifi\u00e9, persil fris\u00e9, poudre de poivron, poudre d&rsquo;ail, huile de <strong>SOJA<\/strong>.<\/p>\n<h4>Les services AU PALAIS SUCRE<\/h4>\n<p>Nous sommes est un site de vente de <strong>bonbons<\/strong>, <strong>confiseries<\/strong>, <strong>boissons<\/strong>, <strong>chips<\/strong> et <strong>produits du monde<\/strong>,\u00a0 pour les particuliers, les associations et les entreprises.<\/p>\n<p><strong>AU PALAIS SUCRE\u00a0<\/strong> apporte \u00e9galement un vrai service , une livraison rapide et fiable, une pr\u00e9paration des commandes dans les 24h\/48h et un service clients joignable.<\/p>\n<p><strong>AU PALAIS SUCRE<\/strong> est votre destination pour des bonbons, confiseries, boissons, chips et produits du monde pour les particuliers, les associations et les entreprises. Nous offrons un choix vari\u00e9 de produits de qualit\u00e9 sup\u00e9rieure pour satisfaire tous les go\u00fbts et les besoins.<\/p>\n<p>Nous sommes fiers d\u2019offrir \u00e0 nos clients un service hors pair. Nous nous engageons \u00e0 pr\u00e9parer et exp\u00e9dier les commandes dans les 24h\/48h suivant l\u2019achat, pour une livraison rapide et fiable. De plus, notre \u00e9quipe de service clients est toujours disponible pour r\u00e9pondre \u00e0 vos questions et vous aider \u00e0 trouver le produit id\u00e9al pour vos besoins.<\/p>\n<p>Chez AU PALAIS SUCRE, nous sommes passionn\u00e9s par les bonbons et les confiseries, et nous sommes d\u00e9termin\u00e9s \u00e0 offrir \u00e0 nos clients une exp\u00e9rience de magasinage en ligne agr\u00e9able et sans stress. Nous sommes votre guichet unique pour tous vos besoins en sucreries et en produits du monde, et nous sommes impatients de vous servir d\u00e8s maintenant !<\/p>\n<\/div>\n<\/div>\n<\/div>\n<div class=\"mt-1 flex justify-start gap-3 empty:hidden\">\n<div class=\"text-gray-400 flex self-end lg:self-center items-center justify-center lg:justify-start mt-0 -ml-1 h-7 gap-[2px] visible\"><\/div>\n<\/div>\n<div class=\"flex\"><\/div>\n","protected":false},"excerpt":{"rendered":"<h1>Samyang Ramen Hot Chicken Carbonara 130gr Japon<\/h1>\n<div class=\"flex flex-grow flex-col max-w-full\">\n<div class=\"min-h-[20px] text-message flex flex-col items-start gap-3 whitespace-pre-wrap break-words [.text-message+&amp;]:mt-5 overflow-x-auto\" data-message-author-role=\"assistant\" data-message-id=\"e47d8e3c-0463-4869-9d8e-2cdd01c55683\">\n<div class=\"markdown prose w-full break-words dark:prose-invert dark\">\n<p>D\u00e9couvrez l&rsquo;excellence de Samyang Ramen Hot Chicken Carbonara 130gr, une d\u00e9licieuse sp\u00e9cialit\u00e9 japonaise qui allie qualit\u00e9, saveur et tradition. Avec son m\u00e9lange unique de p\u00e2tes \u00e9pic\u00e9es et de sauce cr\u00e9meuse au fromage, ce plat de nouilles offre une exp\u00e9rience gustative inoubliable. Fabriqu\u00e9 au Japon par Samyang, ce ramen est devenu extr\u00eamement populaire parmi les amateurs de cuisine asiatique \u00e0 travers le monde. Plongez dans cette d\u00e9licieuse aventure culinaire et laissez-vous s\u00e9duire par les saveurs authentiques du Japon.<\/p>\n<p><strong>Tous nos produits b\u00e9n\u00e9ficient d\u2019une DDM de plusieurs mois.<\/strong><br \/>\n<strong>DDM = Date de Durabilit\u00e9 Minimale, anciennement DLUO.<\/strong><\/p>\n<\/div>\n<\/div>\n<\/div>\n","protected":false},"featured_media":4704,"comment_status":"open","ping_status":"closed","template":"","meta":{"ocean_post_layout":"","ocean_both_sidebars_style":"","ocean_both_sidebars_content_width":0,"ocean_both_sidebars_sidebars_width":0,"ocean_sidebar":"","ocean_second_sidebar":"","ocean_disable_margins":"enable","ocean_add_body_class":"","ocean_shortcode_before_top_bar":"","ocean_shortcode_after_top_bar":"","ocean_shortcode_before_header":"","ocean_shortcode_after_header":"","ocean_has_shortcode":"","ocean_shortcode_after_title":"","ocean_shortcode_before_footer_widgets":"","ocean_shortcode_after_footer_widgets":"","ocean_shortcode_before_footer_bottom":"","ocean_shortcode_after_footer_bottom":"","ocean_display_top_bar":"default","ocean_display_header":"default","ocean_header_style":"","ocean_center_header_left_menu":"","ocean_custom_header_template":"","ocean_custom_logo":0,"ocean_custom_retina_logo":0,"ocean_custom_logo_max_width":0,"ocean_custom_logo_tablet_max_width":0,"ocean_custom_logo_mobile_max_width":0,"ocean_custom_logo_max_height":0,"ocean_custom_logo_tablet_max_height":0,"ocean_custom_logo_mobile_max_height":0,"ocean_header_custom_menu":"","ocean_menu_typo_font_family":"","ocean_menu_typo_font_subset":"","ocean_menu_typo_font_size":0,"ocean_menu_typo_font_size_tablet":0,"ocean_menu_typo_font_size_mobile":0,"ocean_menu_typo_font_size_unit":"px","ocean_menu_typo_font_weight":"","ocean_menu_typo_font_weight_tablet":"","ocean_menu_typo_font_weight_mobile":"","ocean_menu_typo_transform":"","ocean_menu_typo_transform_tablet":"","ocean_menu_typo_transform_mobile":"","ocean_menu_typo_line_height":0,"ocean_menu_typo_line_height_tablet":0,"ocean_menu_typo_line_height_mobile":0,"ocean_menu_typo_line_height_unit":"","ocean_menu_typo_spacing":0,"ocean_menu_typo_spacing_tablet":0,"ocean_menu_typo_spacing_mobile":0,"ocean_menu_typo_spacing_unit":"","ocean_menu_link_color":"","ocean_menu_link_color_hover":"","ocean_menu_link_color_active":"","ocean_menu_link_background":"","ocean_menu_link_hover_background":"","ocean_menu_link_active_background":"","ocean_menu_social_links_bg":"","ocean_menu_social_hover_links_bg":"","ocean_menu_social_links_color":"","ocean_menu_social_hover_links_color":"","ocean_disable_title":"default","ocean_disable_heading":"default","ocean_post_title":"","ocean_post_subheading":"","ocean_post_title_style":"","ocean_post_title_background_color":"","ocean_post_title_background":0,"ocean_post_title_bg_image_position":"","ocean_post_title_bg_image_attachment":"","ocean_post_title_bg_image_repeat":"","ocean_post_title_bg_image_size":"","ocean_post_title_height":0,"ocean_post_title_bg_overlay":0.5,"ocean_post_title_bg_overlay_color":"","ocean_disable_breadcrumbs":"default","ocean_breadcrumbs_color":"","ocean_breadcrumbs_separator_color":"","ocean_breadcrumbs_links_color":"","ocean_breadcrumbs_links_hover_color":"","ocean_display_footer_widgets":"default","ocean_display_footer_bottom":"default","ocean_custom_footer_template":""},"product_brand":[],"product_cat":[86,51,47,53],"product_tag":[],"class_list":{"0":"post-4703","1":"product","2":"type-product","3":"status-publish","4":"has-post-thumbnail","6":"product_cat-autres","7":"product_cat-ships","8":"product_cat-bonbons-halal","9":"product_cat-japon","11":"entry","12":"has-media","14":"first","15":"outofstock","16":"shipping-taxable","17":"purchasable","18":"product-type-simple","19":"has-product-nav","20":"col","21":"span_1_of_3","22":"owp-content-center","23":"owp-thumbs-layout-horizontal","24":"owp-btn-normal","25":"owp-tabs-layout-horizontal","26":"has-no-thumbnails"},"yoast_head":"<!-- This site is optimized with the Yoast SEO plugin v24.3 - https:\/\/yoast.com\/wordpress\/plugins\/seo\/ -->\n<title>Samyang Ramen Hot Chicken Carbonara 130gr Japon - Au Palais Sucr\u00e9<\/title>\n<meta name=\"description\" content=\"Explorez la qualit\u00e9 sup\u00e9rieure, le go\u00fbt irr\u00e9sistible, l&#039;origine authentique et la popularit\u00e9 mondiale de Samyang Ramen Hot Chicken Carbonara 130gr, une sp\u00e9cialit\u00e9 japonaise appr\u00e9ci\u00e9e pour sa fusion audacieuse de saveurs. Fabriqu\u00e9 avec soin au Japon par Samyang, ce plat de nouilles \u00e9pic\u00e9es au go\u00fbt carbonara cr\u00e9meux est devenu un favori des amateurs de cuisine asiatique \u00e0 travers le monde. Plongez dans cette exp\u00e9rience culinaire unique et laissez-vous s\u00e9duire par les d\u00e9lices de la cuisine japonaise.\" \/>\n<meta name=\"robots\" content=\"index, follow, max-snippet:-1, max-image-preview:large, max-video-preview:-1\" \/>\n<link rel=\"canonical\" href=\"https:\/\/www.au-palais-sucre.com\/index.php\/produit\/samyang-ramen-hot-chicken-carbonara-130gr-japon\/\" \/>\n<meta property=\"og:locale\" content=\"fr_FR\" \/>\n<meta property=\"og:type\" content=\"article\" \/>\n<meta property=\"og:title\" content=\"Samyang Ramen Hot Chicken Carbonara 130gr Japon - Au Palais Sucr\u00e9\" \/>\n<meta property=\"og:description\" content=\"Explorez la qualit\u00e9 sup\u00e9rieure, le go\u00fbt irr\u00e9sistible, l&#039;origine authentique et la popularit\u00e9 mondiale de Samyang Ramen Hot Chicken Carbonara 130gr, une sp\u00e9cialit\u00e9 japonaise appr\u00e9ci\u00e9e pour sa fusion audacieuse de saveurs. Fabriqu\u00e9 avec soin au Japon par Samyang, ce plat de nouilles \u00e9pic\u00e9es au go\u00fbt carbonara cr\u00e9meux est devenu un favori des amateurs de cuisine asiatique \u00e0 travers le monde. Plongez dans cette exp\u00e9rience culinaire unique et laissez-vous s\u00e9duire par les d\u00e9lices de la cuisine japonaise.\" \/>\n<meta property=\"og:url\" content=\"https:\/\/www.au-palais-sucre.com\/index.php\/produit\/samyang-ramen-hot-chicken-carbonara-130gr-japon\/\" \/>\n<meta property=\"og:site_name\" content=\"Au Palais Sucr\u00e9\" \/>\n<meta property=\"article:publisher\" content=\"https:\/\/www.facebook.com\/people\/Au-Palais-Sucr\/pfbid0xHg32QqsqJkkArCjoHQ6aaknwKMjtXgSnFxn2J3iXRfcnKZoBnYZT1GMsdL8xcPUl\/\" \/>\n<meta property=\"article:modified_time\" content=\"2024-11-06T21:26:13+00:00\" \/>\n<meta property=\"og:image\" content=\"https:\/\/www.au-palais-sucre.com\/wp-content\/uploads\/2024\/03\/samyang-ramen-hot-chicken-carbo-8801073113893-33933661143203.webp\" \/>\n\t<meta property=\"og:image:width\" content=\"800\" \/>\n\t<meta property=\"og:image:height\" content=\"800\" \/>\n\t<meta property=\"og:image:type\" content=\"image\/webp\" \/>\n<meta name=\"twitter:card\" content=\"summary_large_image\" \/>\n<meta name=\"twitter:label1\" content=\"Prix\" \/>\n\t<meta name=\"twitter:data1\" content=\"4,90&nbsp;&euro;\" \/>\n\t<meta name=\"twitter:label2\" content=\"Disponibilit\u00e9\" \/>\n\t<meta name=\"twitter:data2\" content=\"Rupture de stock\" \/>\n<script type=\"application\/ld+json\" class=\"yoast-schema-graph\">{\"@context\":\"https:\/\/schema.org\",\"@graph\":[{\"@type\":\"WebPage\",\"@id\":\"https:\/\/www.au-palais-sucre.com\/index.php\/produit\/samyang-ramen-hot-chicken-carbonara-130gr-japon\/\",\"url\":\"https:\/\/www.au-palais-sucre.com\/index.php\/produit\/samyang-ramen-hot-chicken-carbonara-130gr-japon\/\",\"name\":\"Samyang Ramen Hot Chicken Carbonara 130gr Japon - Au Palais Sucr\u00e9\",\"isPartOf\":{\"@id\":\"https:\/\/www.au-palais-sucre.com\/#website\"},\"primaryImageOfPage\":{\"@id\":\"https:\/\/www.au-palais-sucre.com\/index.php\/produit\/samyang-ramen-hot-chicken-carbonara-130gr-japon\/#primaryimage\"},\"image\":{\"@id\":\"https:\/\/www.au-palais-sucre.com\/index.php\/produit\/samyang-ramen-hot-chicken-carbonara-130gr-japon\/#primaryimage\"},\"thumbnailUrl\":\"https:\/\/www.au-palais-sucre.com\/wp-content\/uploads\/2024\/03\/samyang-ramen-hot-chicken-carbo-8801073113893-33933661143203.webp\",\"datePublished\":\"2024-03-25T00:17:32+00:00\",\"dateModified\":\"2024-11-06T21:26:13+00:00\",\"description\":\"Explorez la qualit\u00e9 sup\u00e9rieure, le go\u00fbt irr\u00e9sistible, l'origine authentique et la popularit\u00e9 mondiale de Samyang Ramen Hot Chicken Carbonara 130gr, une sp\u00e9cialit\u00e9 japonaise appr\u00e9ci\u00e9e pour sa fusion audacieuse de saveurs. Fabriqu\u00e9 avec soin au Japon par Samyang, ce plat de nouilles \u00e9pic\u00e9es au go\u00fbt carbonara cr\u00e9meux est devenu un favori des amateurs de cuisine asiatique \u00e0 travers le monde. Plongez dans cette exp\u00e9rience culinaire unique et laissez-vous s\u00e9duire par les d\u00e9lices de la cuisine japonaise.\",\"breadcrumb\":{\"@id\":\"https:\/\/www.au-palais-sucre.com\/index.php\/produit\/samyang-ramen-hot-chicken-carbonara-130gr-japon\/#breadcrumb\"},\"inLanguage\":\"fr-FR\",\"potentialAction\":[{\"@type\":\"ReadAction\",\"target\":[\"https:\/\/www.au-palais-sucre.com\/index.php\/produit\/samyang-ramen-hot-chicken-carbonara-130gr-japon\/\"]}]},{\"@type\":\"ImageObject\",\"inLanguage\":\"fr-FR\",\"@id\":\"https:\/\/www.au-palais-sucre.com\/index.php\/produit\/samyang-ramen-hot-chicken-carbonara-130gr-japon\/#primaryimage\",\"url\":\"https:\/\/www.au-palais-sucre.com\/wp-content\/uploads\/2024\/03\/samyang-ramen-hot-chicken-carbo-8801073113893-33933661143203.webp\",\"contentUrl\":\"https:\/\/www.au-palais-sucre.com\/wp-content\/uploads\/2024\/03\/samyang-ramen-hot-chicken-carbo-8801073113893-33933661143203.webp\",\"width\":800,\"height\":800},{\"@type\":\"BreadcrumbList\",\"@id\":\"https:\/\/www.au-palais-sucre.com\/index.php\/produit\/samyang-ramen-hot-chicken-carbonara-130gr-japon\/#breadcrumb\",\"itemListElement\":[{\"@type\":\"ListItem\",\"position\":1,\"name\":\"Boutique\",\"item\":\"https:\/\/www.au-palais-sucre.com\/index.php\/shop\/\"},{\"@type\":\"ListItem\",\"position\":2,\"name\":\"Samyang Ramen Hot Chicken Carbonara 130gr Japon\"}]},{\"@type\":\"WebSite\",\"@id\":\"https:\/\/www.au-palais-sucre.com\/#website\",\"url\":\"https:\/\/www.au-palais-sucre.com\/\",\"name\":\"Au Palais Sucr\u00e9\",\"description\":\"Arrivage permanent de nouveaux produits..\",\"publisher\":{\"@id\":\"https:\/\/www.au-palais-sucre.com\/#organization\"},\"potentialAction\":[{\"@type\":\"SearchAction\",\"target\":{\"@type\":\"EntryPoint\",\"urlTemplate\":\"https:\/\/www.au-palais-sucre.com\/?s={search_term_string}\"},\"query-input\":{\"@type\":\"PropertyValueSpecification\",\"valueRequired\":true,\"valueName\":\"search_term_string\"}}],\"inLanguage\":\"fr-FR\"},{\"@type\":\"Organization\",\"@id\":\"https:\/\/www.au-palais-sucre.com\/#organization\",\"name\":\"Au Palais Sucr\u00e9\",\"url\":\"https:\/\/www.au-palais-sucre.com\/\",\"logo\":{\"@type\":\"ImageObject\",\"inLanguage\":\"fr-FR\",\"@id\":\"https:\/\/www.au-palais-sucre.com\/#\/schema\/logo\/image\/\",\"url\":\"https:\/\/www.au-palais-sucre.com\/wp-content\/uploads\/2023\/06\/cropped-Logo-blanc_prev_ui.png\",\"contentUrl\":\"https:\/\/www.au-palais-sucre.com\/wp-content\/uploads\/2023\/06\/cropped-Logo-blanc_prev_ui.png\",\"width\":567,\"height\":440,\"caption\":\"Au Palais Sucr\u00e9\"},\"image\":{\"@id\":\"https:\/\/www.au-palais-sucre.com\/#\/schema\/logo\/image\/\"},\"sameAs\":[\"https:\/\/www.facebook.com\/people\/Au-Palais-Sucr\/pfbid0xHg32QqsqJkkArCjoHQ6aaknwKMjtXgSnFxn2J3iXRfcnKZoBnYZT1GMsdL8xcPUl\/\"]}]}<\/script>\n<meta property=\"product:price:amount\" content=\"4.90\" \/>\n<meta property=\"product:price:currency\" content=\"EUR\" \/>\n<meta property=\"og:availability\" content=\"out of stock\" \/>\n<meta property=\"product:availability\" content=\"out of stock\" \/>\n<meta property=\"product:retailer_item_id\" content=\"ASPN03\" \/>\n<meta property=\"product:condition\" content=\"new\" \/>\n<!-- \/ Yoast SEO plugin. -->","yoast_head_json":{"title":"Samyang Ramen Hot Chicken Carbonara 130gr Japon - Au Palais Sucr\u00e9","description":"Explorez la qualit\u00e9 sup\u00e9rieure, le go\u00fbt irr\u00e9sistible, l'origine authentique et la popularit\u00e9 mondiale de Samyang Ramen Hot Chicken Carbonara 130gr, une sp\u00e9cialit\u00e9 japonaise appr\u00e9ci\u00e9e pour sa fusion audacieuse de saveurs. Fabriqu\u00e9 avec soin au Japon par Samyang, ce plat de nouilles \u00e9pic\u00e9es au go\u00fbt carbonara cr\u00e9meux est devenu un favori des amateurs de cuisine asiatique \u00e0 travers le monde. Plongez dans cette exp\u00e9rience culinaire unique et laissez-vous s\u00e9duire par les d\u00e9lices de la cuisine japonaise.","robots":{"index":"index","follow":"follow","max-snippet":"max-snippet:-1","max-image-preview":"max-image-preview:large","max-video-preview":"max-video-preview:-1"},"canonical":"https:\/\/www.au-palais-sucre.com\/index.php\/produit\/samyang-ramen-hot-chicken-carbonara-130gr-japon\/","og_locale":"fr_FR","og_type":"article","og_title":"Samyang Ramen Hot Chicken Carbonara 130gr Japon - Au Palais Sucr\u00e9","og_description":"Explorez la qualit\u00e9 sup\u00e9rieure, le go\u00fbt irr\u00e9sistible, l'origine authentique et la popularit\u00e9 mondiale de Samyang Ramen Hot Chicken Carbonara 130gr, une sp\u00e9cialit\u00e9 japonaise appr\u00e9ci\u00e9e pour sa fusion audacieuse de saveurs. Fabriqu\u00e9 avec soin au Japon par Samyang, ce plat de nouilles \u00e9pic\u00e9es au go\u00fbt carbonara cr\u00e9meux est devenu un favori des amateurs de cuisine asiatique \u00e0 travers le monde. Plongez dans cette exp\u00e9rience culinaire unique et laissez-vous s\u00e9duire par les d\u00e9lices de la cuisine japonaise.","og_url":"https:\/\/www.au-palais-sucre.com\/index.php\/produit\/samyang-ramen-hot-chicken-carbonara-130gr-japon\/","og_site_name":"Au Palais Sucr\u00e9","article_publisher":"https:\/\/www.facebook.com\/people\/Au-Palais-Sucr\/pfbid0xHg32QqsqJkkArCjoHQ6aaknwKMjtXgSnFxn2J3iXRfcnKZoBnYZT1GMsdL8xcPUl\/","article_modified_time":"2024-11-06T21:26:13+00:00","og_image":[{"width":800,"height":800,"url":"https:\/\/www.au-palais-sucre.com\/wp-content\/uploads\/2024\/03\/samyang-ramen-hot-chicken-carbo-8801073113893-33933661143203.webp","type":"image\/webp"}],"twitter_card":"summary_large_image","twitter_misc":{"Prix":"4,90&nbsp;&euro;","Disponibilit\u00e9":"Rupture de stock"},"schema":{"@context":"https:\/\/schema.org","@graph":[{"@type":"WebPage","@id":"https:\/\/www.au-palais-sucre.com\/index.php\/produit\/samyang-ramen-hot-chicken-carbonara-130gr-japon\/","url":"https:\/\/www.au-palais-sucre.com\/index.php\/produit\/samyang-ramen-hot-chicken-carbonara-130gr-japon\/","name":"Samyang Ramen Hot Chicken Carbonara 130gr Japon - Au Palais Sucr\u00e9","isPartOf":{"@id":"https:\/\/www.au-palais-sucre.com\/#website"},"primaryImageOfPage":{"@id":"https:\/\/www.au-palais-sucre.com\/index.php\/produit\/samyang-ramen-hot-chicken-carbonara-130gr-japon\/#primaryimage"},"image":{"@id":"https:\/\/www.au-palais-sucre.com\/index.php\/produit\/samyang-ramen-hot-chicken-carbonara-130gr-japon\/#primaryimage"},"thumbnailUrl":"https:\/\/www.au-palais-sucre.com\/wp-content\/uploads\/2024\/03\/samyang-ramen-hot-chicken-carbo-8801073113893-33933661143203.webp","datePublished":"2024-03-25T00:17:32+00:00","dateModified":"2024-11-06T21:26:13+00:00","description":"Explorez la qualit\u00e9 sup\u00e9rieure, le go\u00fbt irr\u00e9sistible, l'origine authentique et la popularit\u00e9 mondiale de Samyang Ramen Hot Chicken Carbonara 130gr, une sp\u00e9cialit\u00e9 japonaise appr\u00e9ci\u00e9e pour sa fusion audacieuse de saveurs. Fabriqu\u00e9 avec soin au Japon par Samyang, ce plat de nouilles \u00e9pic\u00e9es au go\u00fbt carbonara cr\u00e9meux est devenu un favori des amateurs de cuisine asiatique \u00e0 travers le monde. Plongez dans cette exp\u00e9rience culinaire unique et laissez-vous s\u00e9duire par les d\u00e9lices de la cuisine japonaise.","breadcrumb":{"@id":"https:\/\/www.au-palais-sucre.com\/index.php\/produit\/samyang-ramen-hot-chicken-carbonara-130gr-japon\/#breadcrumb"},"inLanguage":"fr-FR","potentialAction":[{"@type":"ReadAction","target":["https:\/\/www.au-palais-sucre.com\/index.php\/produit\/samyang-ramen-hot-chicken-carbonara-130gr-japon\/"]}]},{"@type":"ImageObject","inLanguage":"fr-FR","@id":"https:\/\/www.au-palais-sucre.com\/index.php\/produit\/samyang-ramen-hot-chicken-carbonara-130gr-japon\/#primaryimage","url":"https:\/\/www.au-palais-sucre.com\/wp-content\/uploads\/2024\/03\/samyang-ramen-hot-chicken-carbo-8801073113893-33933661143203.webp","contentUrl":"https:\/\/www.au-palais-sucre.com\/wp-content\/uploads\/2024\/03\/samyang-ramen-hot-chicken-carbo-8801073113893-33933661143203.webp","width":800,"height":800},{"@type":"BreadcrumbList","@id":"https:\/\/www.au-palais-sucre.com\/index.php\/produit\/samyang-ramen-hot-chicken-carbonara-130gr-japon\/#breadcrumb","itemListElement":[{"@type":"ListItem","position":1,"name":"Boutique","item":"https:\/\/www.au-palais-sucre.com\/index.php\/shop\/"},{"@type":"ListItem","position":2,"name":"Samyang Ramen Hot Chicken Carbonara 130gr Japon"}]},{"@type":"WebSite","@id":"https:\/\/www.au-palais-sucre.com\/#website","url":"https:\/\/www.au-palais-sucre.com\/","name":"Au Palais Sucr\u00e9","description":"Arrivage permanent de nouveaux produits..","publisher":{"@id":"https:\/\/www.au-palais-sucre.com\/#organization"},"potentialAction":[{"@type":"SearchAction","target":{"@type":"EntryPoint","urlTemplate":"https:\/\/www.au-palais-sucre.com\/?s={search_term_string}"},"query-input":{"@type":"PropertyValueSpecification","valueRequired":true,"valueName":"search_term_string"}}],"inLanguage":"fr-FR"},{"@type":"Organization","@id":"https:\/\/www.au-palais-sucre.com\/#organization","name":"Au Palais Sucr\u00e9","url":"https:\/\/www.au-palais-sucre.com\/","logo":{"@type":"ImageObject","inLanguage":"fr-FR","@id":"https:\/\/www.au-palais-sucre.com\/#\/schema\/logo\/image\/","url":"https:\/\/www.au-palais-sucre.com\/wp-content\/uploads\/2023\/06\/cropped-Logo-blanc_prev_ui.png","contentUrl":"https:\/\/www.au-palais-sucre.com\/wp-content\/uploads\/2023\/06\/cropped-Logo-blanc_prev_ui.png","width":567,"height":440,"caption":"Au Palais Sucr\u00e9"},"image":{"@id":"https:\/\/www.au-palais-sucre.com\/#\/schema\/logo\/image\/"},"sameAs":["https:\/\/www.facebook.com\/people\/Au-Palais-Sucr\/pfbid0xHg32QqsqJkkArCjoHQ6aaknwKMjtXgSnFxn2J3iXRfcnKZoBnYZT1GMsdL8xcPUl\/"]}]},"product_price_amount":"4.90","product_price_currency":"EUR","og_availability":"out of stock","product_availability":"out of stock","product_retailer_item_id":"ASPN03","product_condition":"new"},"_links":{"self":[{"href":"https:\/\/www.au-palais-sucre.com\/index.php\/wp-json\/wp\/v2\/product\/4703","targetHints":{"allow":["GET"]}}],"collection":[{"href":"https:\/\/www.au-palais-sucre.com\/index.php\/wp-json\/wp\/v2\/product"}],"about":[{"href":"https:\/\/www.au-palais-sucre.com\/index.php\/wp-json\/wp\/v2\/types\/product"}],"replies":[{"embeddable":true,"href":"https:\/\/www.au-palais-sucre.com\/index.php\/wp-json\/wp\/v2\/comments?post=4703"}],"version-history":[{"count":0,"href":"https:\/\/www.au-palais-sucre.com\/index.php\/wp-json\/wp\/v2\/product\/4703\/revisions"}],"wp:featuredmedia":[{"embeddable":true,"href":"https:\/\/www.au-palais-sucre.com\/index.php\/wp-json\/wp\/v2\/media\/4704"}],"wp:attachment":[{"href":"https:\/\/www.au-palais-sucre.com\/index.php\/wp-json\/wp\/v2\/media?parent=4703"}],"wp:term":[{"taxonomy":"product_brand","embeddable":true,"href":"https:\/\/www.au-palais-sucre.com\/index.php\/wp-json\/wp\/v2\/product_brand?post=4703"},{"taxonomy":"product_cat","embeddable":true,"href":"https:\/\/www.au-palais-sucre.com\/index.php\/wp-json\/wp\/v2\/product_cat?post=4703"},{"taxonomy":"product_tag","embeddable":true,"href":"https:\/\/www.au-palais-sucre.com\/index.php\/wp-json\/wp\/v2\/product_tag?post=4703"}],"curies":[{"name":"wp","href":"https:\/\/api.w.org\/{rel}","templated":true}]}}