{"id":4860,"date":"2024-04-19T15:55:40","date_gmt":"2024-04-19T13:55:40","guid":{"rendered":"https:\/\/www.au-palais-sucre.com\/?post_type=product&#038;p=4860"},"modified":"2024-11-06T22:13:08","modified_gmt":"2024-11-06T21:13:08","slug":"mms-peanut-butter-46gr","status":"publish","type":"product","link":"https:\/\/www.au-palais-sucre.com\/index.php\/produit\/mms-peanut-butter-46gr\/","title":{"rendered":"M&#038;M&rsquo;s Peanut Butter 46gr"},"content":{"rendered":"<h1>M&amp;M&rsquo;s Peanut Butter 46gr<\/h1>\n<p>Les\u00a0<strong>M&amp;M&rsquo;s\u00a0Peanut Butter<\/strong>\u00a0sont devenus une friandise incontournable dans les rayons de bonbons, parfaites pour les amateurs de chocolat. Si vous n&rsquo;avez jamais go\u00fbt\u00e9 les M&amp;M&rsquo;s au beurre de cacahu\u00e8te, vous \u00eates sur le point de d\u00e9couvrir une exp\u00e9rience gustative incroyable !<\/p>\n<p>Les M&amp;M&rsquo;s au beurre de cacahu\u00e8te ont une saveur\u00a0<strong>unique<\/strong>\u00a0qui est difficile \u00e0 d\u00e9crire. Le chocolat\u00a0<strong>croquant<\/strong>\u00a0et le centre\u00a0<strong>fondant<\/strong>\u00a0de beurre de cacahu\u00e8te cr\u00e9ent une combinaison parfaite de\u00a0<strong>textures et de saveurs<\/strong>. Les amateurs de chocolat et de cacahu\u00e8te ne peuvent pas r\u00e9sister \u00e0 leur go\u00fbt d\u00e9licieux. Les M&amp;M&rsquo;s au beurre de cacahu\u00e8te sont parfaits pour une\u00a0<strong>collation rapide<\/strong>\u00a0lors d&rsquo;une journ\u00e9e charg\u00e9e, ou pour une\u00a0<strong>occasion sp\u00e9ciale<\/strong>\u00a0comme une f\u00eate d&rsquo;anniversaire.<\/p>\n<p><strong>Tous nos produits b\u00e9n\u00e9ficient d\u2019une DDM de plusieurs mois.<\/strong><br \/>\n<strong>DDM = Date de Durabilit\u00e9 Minimale, anciennement DLUO.<\/strong><\/p>\n<h3>Ingr\u00e9dients de M&amp;M&rsquo;s Peanut Butter 46gr<\/h3>\n<p>Chocolat au <strong>LAIT<\/strong> (sucre, beurre de cacao, chocolat, <strong>LAIT<\/strong> \u00e9cr\u00e9m\u00e9, graisse de <strong>LAIT<\/strong>, <strong>LACTOSE<\/strong>, <strong>cacahu\u00e8te<\/strong>s, l\u00e9cithine de <strong>SOJA<\/strong>, sel, ar\u00f4mes), sucre, beurre de <strong>cacahu\u00e8te<\/strong>s (<strong>cacahu\u00e8te<\/strong>s, huile de palme), huiles de palmiste, amidon de ma\u00efs, dextrose, sirop de ma\u00efs, ar\u00f4mes, sel , colorants (E129*, E133*, E102*, E110*, E132*), agent d&rsquo;enrobage: E903, antioxydant : E310, \u00e9mulsifiant : E414.<\/p>\n<p>D\u00e9claration nutritionnelle (pour 100g): \u00e9nergie 2175kJ\/519Kcal, mati\u00e8res grasses 28.1g (dont acides gras satur\u00e9s 17.3g), glucides 56.3g (dont sucres 47.6g), prot\u00e9ines 10.8g, sel 0.51g.<\/p>\n<div class=\"flex flex-grow flex-col max-w-full\">\n<div class=\"min-h-[20px] text-message flex flex-col items-start gap-3 whitespace-pre-wrap break-words [.text-message+&amp;]:mt-5 overflow-x-auto\" data-message-author-role=\"assistant\" data-message-id=\"b4a4b34f-0eab-475a-a3e7-6756138ea5c7\">\n<div class=\"markdown prose w-full break-words dark:prose-invert dark\">\n<h4>Les services AU PALAIS SUCRE<\/h4>\n<p>Nous sommes est un site de vente de <strong>bonbons<\/strong>, <strong>confiseries<\/strong>, <strong>boissons<\/strong>, <strong>chips<\/strong> et <strong>produits du monde<\/strong>,\u00a0 pour les particuliers, les associations et les entreprises.<\/p>\n<p><strong>AU PALAIS SUCRE\u00a0<\/strong> apporte \u00e9galement un vrai service , une livraison rapide et fiable, une pr\u00e9paration des commandes dans les 24h\/48h et un service clients joignable.<\/p>\n<p><strong>AU PALAIS SUCRE<\/strong> est votre destination pour des bonbons, confiseries, boissons, chips et produits du monde pour les particuliers, les associations et les entreprises. Nous offrons un choix vari\u00e9 de produits de qualit\u00e9 sup\u00e9rieure pour satisfaire tous les go\u00fbts et les besoins.<\/p>\n<p>Nous sommes fiers d\u2019offrir \u00e0 nos clients un service hors pair. Nous nous engageons \u00e0 pr\u00e9parer et exp\u00e9dier les commandes dans les 24h\/48h suivant l\u2019achat, pour une livraison rapide et fiable. De plus, notre \u00e9quipe de service clients est toujours disponible pour r\u00e9pondre \u00e0 vos questions et vous aider \u00e0 trouver le produit id\u00e9al pour vos besoins.<\/p>\n<p>Chez AU PALAIS SUCRE, nous sommes passionn\u00e9s par les bonbons et les confiseries, et nous sommes d\u00e9termin\u00e9s \u00e0 offrir \u00e0 nos clients une exp\u00e9rience de magasinage en ligne agr\u00e9able et sans stress. Nous sommes votre guichet unique pour tous vos besoins en sucreries et en produits du monde, et nous sommes impatients de vous servir d\u00e8s maintenant !<\/p>\n<\/div>\n<\/div>\n<\/div>\n<div class=\"mt-1 flex justify-start gap-3 empty:hidden\">\n<div class=\"text-gray-400 flex self-end lg:self-center items-center justify-center lg:justify-start mt-0 -ml-1 h-7 gap-[2px] visible\"><\/div>\n<\/div>\n<p>&nbsp;<\/p>\n","protected":false},"excerpt":{"rendered":"<h1>M&amp;M&rsquo;s Peanut Butter 46gr<\/h1>\n<p>Les\u00a0<strong>M&amp;M&rsquo;s\u00a0Peanut Butter<\/strong>\u00a0sont devenus une friandise incontournable dans les rayons de bonbons, parfaites pour les amateurs de chocolat. Si vous n&rsquo;avez jamais go\u00fbt\u00e9 les M&amp;M&rsquo;s au beurre de cacahu\u00e8te, vous \u00eates sur le point de d\u00e9couvrir une exp\u00e9rience gustative incroyable !<\/p>\n<p>Les M&amp;M&rsquo;s au beurre de cacahu\u00e8te ont une saveur\u00a0<strong>unique<\/strong>\u00a0qui est difficile \u00e0 d\u00e9crire. Le chocolat\u00a0<strong>croquant<\/strong>\u00a0et le centre\u00a0<strong>fondant<\/strong>\u00a0de beurre de cacahu\u00e8te cr\u00e9ent une combinaison parfaite de\u00a0<strong>textures et de saveurs<\/strong>. Les amateurs de chocolat et de cacahu\u00e8te ne peuvent pas r\u00e9sister \u00e0 leur go\u00fbt d\u00e9licieux. Les M&amp;M&rsquo;s au beurre de cacahu\u00e8te sont parfaits pour une\u00a0<strong>collation rapide<\/strong>\u00a0lors d&rsquo;une journ\u00e9e charg\u00e9e, ou pour une\u00a0<strong>occasion sp\u00e9ciale<\/strong>\u00a0comme une f\u00eate d&rsquo;anniversaire.<\/p>\n<p><strong>Tous nos produits b\u00e9n\u00e9ficient d\u2019une DDM de plusieurs mois.<\/strong><br \/>\n<strong>DDM = Date de Durabilit\u00e9 Minimale, anciennement DLUO.<\/strong><\/p>\n","protected":false},"featured_media":4862,"comment_status":"open","ping_status":"closed","template":"","meta":{"ocean_post_layout":"","ocean_both_sidebars_style":"","ocean_both_sidebars_content_width":0,"ocean_both_sidebars_sidebars_width":0,"ocean_sidebar":"","ocean_second_sidebar":"","ocean_disable_margins":"enable","ocean_add_body_class":"","ocean_shortcode_before_top_bar":"","ocean_shortcode_after_top_bar":"","ocean_shortcode_before_header":"","ocean_shortcode_after_header":"","ocean_has_shortcode":"","ocean_shortcode_after_title":"","ocean_shortcode_before_footer_widgets":"","ocean_shortcode_after_footer_widgets":"","ocean_shortcode_before_footer_bottom":"","ocean_shortcode_after_footer_bottom":"","ocean_display_top_bar":"default","ocean_display_header":"default","ocean_header_style":"","ocean_center_header_left_menu":"","ocean_custom_header_template":"","ocean_custom_logo":0,"ocean_custom_retina_logo":0,"ocean_custom_logo_max_width":0,"ocean_custom_logo_tablet_max_width":0,"ocean_custom_logo_mobile_max_width":0,"ocean_custom_logo_max_height":0,"ocean_custom_logo_tablet_max_height":0,"ocean_custom_logo_mobile_max_height":0,"ocean_header_custom_menu":"","ocean_menu_typo_font_family":"","ocean_menu_typo_font_subset":"","ocean_menu_typo_font_size":0,"ocean_menu_typo_font_size_tablet":0,"ocean_menu_typo_font_size_mobile":0,"ocean_menu_typo_font_size_unit":"px","ocean_menu_typo_font_weight":"","ocean_menu_typo_font_weight_tablet":"","ocean_menu_typo_font_weight_mobile":"","ocean_menu_typo_transform":"","ocean_menu_typo_transform_tablet":"","ocean_menu_typo_transform_mobile":"","ocean_menu_typo_line_height":0,"ocean_menu_typo_line_height_tablet":0,"ocean_menu_typo_line_height_mobile":0,"ocean_menu_typo_line_height_unit":"","ocean_menu_typo_spacing":0,"ocean_menu_typo_spacing_tablet":0,"ocean_menu_typo_spacing_mobile":0,"ocean_menu_typo_spacing_unit":"","ocean_menu_link_color":"","ocean_menu_link_color_hover":"","ocean_menu_link_color_active":"","ocean_menu_link_background":"","ocean_menu_link_hover_background":"","ocean_menu_link_active_background":"","ocean_menu_social_links_bg":"","ocean_menu_social_hover_links_bg":"","ocean_menu_social_links_color":"","ocean_menu_social_hover_links_color":"","ocean_disable_title":"default","ocean_disable_heading":"default","ocean_post_title":"","ocean_post_subheading":"","ocean_post_title_style":"","ocean_post_title_background_color":"","ocean_post_title_background":0,"ocean_post_title_bg_image_position":"","ocean_post_title_bg_image_attachment":"","ocean_post_title_bg_image_repeat":"","ocean_post_title_bg_image_size":"","ocean_post_title_height":0,"ocean_post_title_bg_overlay":0.5,"ocean_post_title_bg_overlay_color":"","ocean_disable_breadcrumbs":"default","ocean_breadcrumbs_color":"","ocean_breadcrumbs_separator_color":"","ocean_breadcrumbs_links_color":"","ocean_breadcrumbs_links_hover_color":"","ocean_display_footer_widgets":"default","ocean_display_footer_bottom":"default","ocean_custom_footer_template":""},"product_brand":[],"product_cat":[88],"product_tag":[],"class_list":{"0":"post-4860","1":"product","2":"type-product","3":"status-publish","4":"has-post-thumbnail","6":"product_cat-gateaux","8":"entry","9":"has-media","11":"first","12":"outofstock","13":"shipping-taxable","14":"purchasable","15":"product-type-simple","16":"has-product-nav","17":"col","18":"span_1_of_3","19":"owp-content-center","20":"owp-thumbs-layout-horizontal","21":"owp-btn-normal","22":"owp-tabs-layout-horizontal","23":"has-no-thumbnails"},"yoast_head":"<!-- This site is optimized with the Yoast SEO plugin v24.3 - https:\/\/yoast.com\/wordpress\/plugins\/seo\/ -->\n<title>M&amp;M&#039;s Peanut Butter 46gr - Au Palais Sucr\u00e9<\/title>\n<meta name=\"description\" content=\"D\u00e9couvrez les M&amp;M&#039;s Peanut Butter 46g : des bonbons au beurre de cacahu\u00e8te savoureux et de qualit\u00e9, originaires des \u00c9tats-Unis. Appr\u00e9ci\u00e9s pour leur d\u00e9licieux go\u00fbt et leur popularit\u00e9 mondiale, ces friandises sont un r\u00e9gal pour les papilles !\" \/>\n<meta name=\"robots\" content=\"index, follow, max-snippet:-1, max-image-preview:large, max-video-preview:-1\" \/>\n<link rel=\"canonical\" href=\"https:\/\/www.au-palais-sucre.com\/index.php\/produit\/mms-peanut-butter-46gr\/\" \/>\n<meta property=\"og:locale\" content=\"fr_FR\" \/>\n<meta property=\"og:type\" content=\"article\" \/>\n<meta property=\"og:title\" content=\"M&amp;M&#039;s Peanut Butter 46gr - Au Palais Sucr\u00e9\" \/>\n<meta property=\"og:description\" content=\"D\u00e9couvrez les M&amp;M&#039;s Peanut Butter 46g : des bonbons au beurre de cacahu\u00e8te savoureux et de qualit\u00e9, originaires des \u00c9tats-Unis. Appr\u00e9ci\u00e9s pour leur d\u00e9licieux go\u00fbt et leur popularit\u00e9 mondiale, ces friandises sont un r\u00e9gal pour les papilles !\" \/>\n<meta property=\"og:url\" content=\"https:\/\/www.au-palais-sucre.com\/index.php\/produit\/mms-peanut-butter-46gr\/\" \/>\n<meta property=\"og:site_name\" content=\"Au Palais Sucr\u00e9\" \/>\n<meta property=\"article:publisher\" content=\"https:\/\/www.facebook.com\/people\/Au-Palais-Sucr\/pfbid0xHg32QqsqJkkArCjoHQ6aaknwKMjtXgSnFxn2J3iXRfcnKZoBnYZT1GMsdL8xcPUl\/\" \/>\n<meta property=\"article:modified_time\" content=\"2024-11-06T21:13:08+00:00\" \/>\n<meta property=\"og:image\" content=\"https:\/\/www.au-palais-sucre.com\/wp-content\/uploads\/2024\/04\/m-m-s-peanut-butter-04014407-33358268760227.webp\" \/>\n\t<meta property=\"og:image:width\" content=\"800\" \/>\n\t<meta property=\"og:image:height\" content=\"800\" \/>\n\t<meta property=\"og:image:type\" content=\"image\/webp\" \/>\n<meta name=\"twitter:card\" content=\"summary_large_image\" \/>\n<meta name=\"twitter:label1\" content=\"Prix\" \/>\n\t<meta name=\"twitter:data1\" content=\"2,90&nbsp;&euro;\" \/>\n\t<meta name=\"twitter:label2\" content=\"Disponibilit\u00e9\" \/>\n\t<meta name=\"twitter:data2\" content=\"Rupture de stock\" \/>\n<script type=\"application\/ld+json\" class=\"yoast-schema-graph\">{\"@context\":\"https:\/\/schema.org\",\"@graph\":[{\"@type\":\"WebPage\",\"@id\":\"https:\/\/www.au-palais-sucre.com\/index.php\/produit\/mms-peanut-butter-46gr\/\",\"url\":\"https:\/\/www.au-palais-sucre.com\/index.php\/produit\/mms-peanut-butter-46gr\/\",\"name\":\"M&M's Peanut Butter 46gr - Au Palais Sucr\u00e9\",\"isPartOf\":{\"@id\":\"https:\/\/www.au-palais-sucre.com\/#website\"},\"primaryImageOfPage\":{\"@id\":\"https:\/\/www.au-palais-sucre.com\/index.php\/produit\/mms-peanut-butter-46gr\/#primaryimage\"},\"image\":{\"@id\":\"https:\/\/www.au-palais-sucre.com\/index.php\/produit\/mms-peanut-butter-46gr\/#primaryimage\"},\"thumbnailUrl\":\"https:\/\/www.au-palais-sucre.com\/wp-content\/uploads\/2024\/04\/m-m-s-peanut-butter-04014407-33358268760227.webp\",\"datePublished\":\"2024-04-19T13:55:40+00:00\",\"dateModified\":\"2024-11-06T21:13:08+00:00\",\"description\":\"D\u00e9couvrez les M&M's Peanut Butter 46g : des bonbons au beurre de cacahu\u00e8te savoureux et de qualit\u00e9, originaires des \u00c9tats-Unis. Appr\u00e9ci\u00e9s pour leur d\u00e9licieux go\u00fbt et leur popularit\u00e9 mondiale, ces friandises sont un r\u00e9gal pour les papilles !\",\"breadcrumb\":{\"@id\":\"https:\/\/www.au-palais-sucre.com\/index.php\/produit\/mms-peanut-butter-46gr\/#breadcrumb\"},\"inLanguage\":\"fr-FR\",\"potentialAction\":[{\"@type\":\"ReadAction\",\"target\":[\"https:\/\/www.au-palais-sucre.com\/index.php\/produit\/mms-peanut-butter-46gr\/\"]}]},{\"@type\":\"ImageObject\",\"inLanguage\":\"fr-FR\",\"@id\":\"https:\/\/www.au-palais-sucre.com\/index.php\/produit\/mms-peanut-butter-46gr\/#primaryimage\",\"url\":\"https:\/\/www.au-palais-sucre.com\/wp-content\/uploads\/2024\/04\/m-m-s-peanut-butter-04014407-33358268760227.webp\",\"contentUrl\":\"https:\/\/www.au-palais-sucre.com\/wp-content\/uploads\/2024\/04\/m-m-s-peanut-butter-04014407-33358268760227.webp\",\"width\":800,\"height\":800},{\"@type\":\"BreadcrumbList\",\"@id\":\"https:\/\/www.au-palais-sucre.com\/index.php\/produit\/mms-peanut-butter-46gr\/#breadcrumb\",\"itemListElement\":[{\"@type\":\"ListItem\",\"position\":1,\"name\":\"Boutique\",\"item\":\"https:\/\/www.au-palais-sucre.com\/index.php\/shop\/\"},{\"@type\":\"ListItem\",\"position\":2,\"name\":\"M&#038;M&#8217;s Peanut Butter 46gr\"}]},{\"@type\":\"WebSite\",\"@id\":\"https:\/\/www.au-palais-sucre.com\/#website\",\"url\":\"https:\/\/www.au-palais-sucre.com\/\",\"name\":\"Au Palais Sucr\u00e9\",\"description\":\"Arrivage permanent de nouveaux produits..\",\"publisher\":{\"@id\":\"https:\/\/www.au-palais-sucre.com\/#organization\"},\"potentialAction\":[{\"@type\":\"SearchAction\",\"target\":{\"@type\":\"EntryPoint\",\"urlTemplate\":\"https:\/\/www.au-palais-sucre.com\/?s={search_term_string}\"},\"query-input\":{\"@type\":\"PropertyValueSpecification\",\"valueRequired\":true,\"valueName\":\"search_term_string\"}}],\"inLanguage\":\"fr-FR\"},{\"@type\":\"Organization\",\"@id\":\"https:\/\/www.au-palais-sucre.com\/#organization\",\"name\":\"Au Palais Sucr\u00e9\",\"url\":\"https:\/\/www.au-palais-sucre.com\/\",\"logo\":{\"@type\":\"ImageObject\",\"inLanguage\":\"fr-FR\",\"@id\":\"https:\/\/www.au-palais-sucre.com\/#\/schema\/logo\/image\/\",\"url\":\"https:\/\/www.au-palais-sucre.com\/wp-content\/uploads\/2023\/06\/cropped-Logo-blanc_prev_ui.png\",\"contentUrl\":\"https:\/\/www.au-palais-sucre.com\/wp-content\/uploads\/2023\/06\/cropped-Logo-blanc_prev_ui.png\",\"width\":567,\"height\":440,\"caption\":\"Au Palais Sucr\u00e9\"},\"image\":{\"@id\":\"https:\/\/www.au-palais-sucre.com\/#\/schema\/logo\/image\/\"},\"sameAs\":[\"https:\/\/www.facebook.com\/people\/Au-Palais-Sucr\/pfbid0xHg32QqsqJkkArCjoHQ6aaknwKMjtXgSnFxn2J3iXRfcnKZoBnYZT1GMsdL8xcPUl\/\"]}]}<\/script>\n<meta property=\"product:price:amount\" content=\"2.90\" \/>\n<meta property=\"product:price:currency\" content=\"EUR\" \/>\n<meta property=\"og:availability\" content=\"out of stock\" \/>\n<meta property=\"product:availability\" content=\"out of stock\" \/>\n<meta property=\"product:retailer_item_id\" content=\"ASPGAT73\" \/>\n<meta property=\"product:condition\" content=\"new\" \/>\n<!-- \/ Yoast SEO plugin. -->","yoast_head_json":{"title":"M&M's Peanut Butter 46gr - Au Palais Sucr\u00e9","description":"D\u00e9couvrez les M&M's Peanut Butter 46g : des bonbons au beurre de cacahu\u00e8te savoureux et de qualit\u00e9, originaires des \u00c9tats-Unis. Appr\u00e9ci\u00e9s pour leur d\u00e9licieux go\u00fbt et leur popularit\u00e9 mondiale, ces friandises sont un r\u00e9gal pour les papilles !","robots":{"index":"index","follow":"follow","max-snippet":"max-snippet:-1","max-image-preview":"max-image-preview:large","max-video-preview":"max-video-preview:-1"},"canonical":"https:\/\/www.au-palais-sucre.com\/index.php\/produit\/mms-peanut-butter-46gr\/","og_locale":"fr_FR","og_type":"article","og_title":"M&M's Peanut Butter 46gr - Au Palais Sucr\u00e9","og_description":"D\u00e9couvrez les M&M's Peanut Butter 46g : des bonbons au beurre de cacahu\u00e8te savoureux et de qualit\u00e9, originaires des \u00c9tats-Unis. Appr\u00e9ci\u00e9s pour leur d\u00e9licieux go\u00fbt et leur popularit\u00e9 mondiale, ces friandises sont un r\u00e9gal pour les papilles !","og_url":"https:\/\/www.au-palais-sucre.com\/index.php\/produit\/mms-peanut-butter-46gr\/","og_site_name":"Au Palais Sucr\u00e9","article_publisher":"https:\/\/www.facebook.com\/people\/Au-Palais-Sucr\/pfbid0xHg32QqsqJkkArCjoHQ6aaknwKMjtXgSnFxn2J3iXRfcnKZoBnYZT1GMsdL8xcPUl\/","article_modified_time":"2024-11-06T21:13:08+00:00","og_image":[{"width":800,"height":800,"url":"https:\/\/www.au-palais-sucre.com\/wp-content\/uploads\/2024\/04\/m-m-s-peanut-butter-04014407-33358268760227.webp","type":"image\/webp"}],"twitter_card":"summary_large_image","twitter_misc":{"Prix":"2,90&nbsp;&euro;","Disponibilit\u00e9":"Rupture de stock"},"schema":{"@context":"https:\/\/schema.org","@graph":[{"@type":"WebPage","@id":"https:\/\/www.au-palais-sucre.com\/index.php\/produit\/mms-peanut-butter-46gr\/","url":"https:\/\/www.au-palais-sucre.com\/index.php\/produit\/mms-peanut-butter-46gr\/","name":"M&M's Peanut Butter 46gr - Au Palais Sucr\u00e9","isPartOf":{"@id":"https:\/\/www.au-palais-sucre.com\/#website"},"primaryImageOfPage":{"@id":"https:\/\/www.au-palais-sucre.com\/index.php\/produit\/mms-peanut-butter-46gr\/#primaryimage"},"image":{"@id":"https:\/\/www.au-palais-sucre.com\/index.php\/produit\/mms-peanut-butter-46gr\/#primaryimage"},"thumbnailUrl":"https:\/\/www.au-palais-sucre.com\/wp-content\/uploads\/2024\/04\/m-m-s-peanut-butter-04014407-33358268760227.webp","datePublished":"2024-04-19T13:55:40+00:00","dateModified":"2024-11-06T21:13:08+00:00","description":"D\u00e9couvrez les M&M's Peanut Butter 46g : des bonbons au beurre de cacahu\u00e8te savoureux et de qualit\u00e9, originaires des \u00c9tats-Unis. Appr\u00e9ci\u00e9s pour leur d\u00e9licieux go\u00fbt et leur popularit\u00e9 mondiale, ces friandises sont un r\u00e9gal pour les papilles !","breadcrumb":{"@id":"https:\/\/www.au-palais-sucre.com\/index.php\/produit\/mms-peanut-butter-46gr\/#breadcrumb"},"inLanguage":"fr-FR","potentialAction":[{"@type":"ReadAction","target":["https:\/\/www.au-palais-sucre.com\/index.php\/produit\/mms-peanut-butter-46gr\/"]}]},{"@type":"ImageObject","inLanguage":"fr-FR","@id":"https:\/\/www.au-palais-sucre.com\/index.php\/produit\/mms-peanut-butter-46gr\/#primaryimage","url":"https:\/\/www.au-palais-sucre.com\/wp-content\/uploads\/2024\/04\/m-m-s-peanut-butter-04014407-33358268760227.webp","contentUrl":"https:\/\/www.au-palais-sucre.com\/wp-content\/uploads\/2024\/04\/m-m-s-peanut-butter-04014407-33358268760227.webp","width":800,"height":800},{"@type":"BreadcrumbList","@id":"https:\/\/www.au-palais-sucre.com\/index.php\/produit\/mms-peanut-butter-46gr\/#breadcrumb","itemListElement":[{"@type":"ListItem","position":1,"name":"Boutique","item":"https:\/\/www.au-palais-sucre.com\/index.php\/shop\/"},{"@type":"ListItem","position":2,"name":"M&#038;M&#8217;s Peanut Butter 46gr"}]},{"@type":"WebSite","@id":"https:\/\/www.au-palais-sucre.com\/#website","url":"https:\/\/www.au-palais-sucre.com\/","name":"Au Palais Sucr\u00e9","description":"Arrivage permanent de nouveaux produits..","publisher":{"@id":"https:\/\/www.au-palais-sucre.com\/#organization"},"potentialAction":[{"@type":"SearchAction","target":{"@type":"EntryPoint","urlTemplate":"https:\/\/www.au-palais-sucre.com\/?s={search_term_string}"},"query-input":{"@type":"PropertyValueSpecification","valueRequired":true,"valueName":"search_term_string"}}],"inLanguage":"fr-FR"},{"@type":"Organization","@id":"https:\/\/www.au-palais-sucre.com\/#organization","name":"Au Palais Sucr\u00e9","url":"https:\/\/www.au-palais-sucre.com\/","logo":{"@type":"ImageObject","inLanguage":"fr-FR","@id":"https:\/\/www.au-palais-sucre.com\/#\/schema\/logo\/image\/","url":"https:\/\/www.au-palais-sucre.com\/wp-content\/uploads\/2023\/06\/cropped-Logo-blanc_prev_ui.png","contentUrl":"https:\/\/www.au-palais-sucre.com\/wp-content\/uploads\/2023\/06\/cropped-Logo-blanc_prev_ui.png","width":567,"height":440,"caption":"Au Palais Sucr\u00e9"},"image":{"@id":"https:\/\/www.au-palais-sucre.com\/#\/schema\/logo\/image\/"},"sameAs":["https:\/\/www.facebook.com\/people\/Au-Palais-Sucr\/pfbid0xHg32QqsqJkkArCjoHQ6aaknwKMjtXgSnFxn2J3iXRfcnKZoBnYZT1GMsdL8xcPUl\/"]}]},"product_price_amount":"2.90","product_price_currency":"EUR","og_availability":"out of stock","product_availability":"out of stock","product_retailer_item_id":"ASPGAT73","product_condition":"new"},"_links":{"self":[{"href":"https:\/\/www.au-palais-sucre.com\/index.php\/wp-json\/wp\/v2\/product\/4860","targetHints":{"allow":["GET"]}}],"collection":[{"href":"https:\/\/www.au-palais-sucre.com\/index.php\/wp-json\/wp\/v2\/product"}],"about":[{"href":"https:\/\/www.au-palais-sucre.com\/index.php\/wp-json\/wp\/v2\/types\/product"}],"replies":[{"embeddable":true,"href":"https:\/\/www.au-palais-sucre.com\/index.php\/wp-json\/wp\/v2\/comments?post=4860"}],"version-history":[{"count":0,"href":"https:\/\/www.au-palais-sucre.com\/index.php\/wp-json\/wp\/v2\/product\/4860\/revisions"}],"wp:featuredmedia":[{"embeddable":true,"href":"https:\/\/www.au-palais-sucre.com\/index.php\/wp-json\/wp\/v2\/media\/4862"}],"wp:attachment":[{"href":"https:\/\/www.au-palais-sucre.com\/index.php\/wp-json\/wp\/v2\/media?parent=4860"}],"wp:term":[{"taxonomy":"product_brand","embeddable":true,"href":"https:\/\/www.au-palais-sucre.com\/index.php\/wp-json\/wp\/v2\/product_brand?post=4860"},{"taxonomy":"product_cat","embeddable":true,"href":"https:\/\/www.au-palais-sucre.com\/index.php\/wp-json\/wp\/v2\/product_cat?post=4860"},{"taxonomy":"product_tag","embeddable":true,"href":"https:\/\/www.au-palais-sucre.com\/index.php\/wp-json\/wp\/v2\/product_tag?post=4860"}],"curies":[{"name":"wp","href":"https:\/\/api.w.org\/{rel}","templated":true}]}}