{"id":5033,"date":"2024-09-16T23:25:48","date_gmt":"2024-09-16T21:25:48","guid":{"rendered":"https:\/\/www.au-palais-sucre.com\/?post_type=product&#038;p=5033"},"modified":"2025-11-06T14:43:43","modified_gmt":"2025-11-06T13:43:43","slug":"red-bull-mure-givree-vanille","status":"publish","type":"product","link":"https:\/\/www.au-palais-sucre.com\/index.php\/produit\/red-bull-mure-givree-vanille\/","title":{"rendered":"Red Bull M\u00fbre Givr\u00e9e &#038; Vanille"},"content":{"rendered":"<h1>Red Bull M\u00fbre Givr\u00e9e &amp; Vanille<\/h1>\n<p>D\u00e9couvrez la <strong>Red Bull M\u00fbre Givr\u00e9e &amp; Vanille<\/strong>, une \u00e9dition sp\u00e9ciale qui allie \u00e0 la perfection la douceur onctueuse de la vanille et la fra\u00eecheur fruit\u00e9e de la m\u00fbre givr\u00e9e. Cette boisson \u00e9nergisante offre une exp\u00e9rience gustative unique, \u00e9quilibrant des saveurs sucr\u00e9es et acidul\u00e9es, id\u00e9ale pour ceux qui recherchent un regain d&rsquo;\u00e9nergie avec une touche gourmande. Inspir\u00e9e par les saveurs riches des fruits d&rsquo;\u00e9t\u00e9, cette \u00e9dition limit\u00e9e s\u00e9duit les amateurs de boissons raffin\u00e9es et conna\u00eet d\u00e9j\u00e0 un succ\u00e8s retentissant. Profitez de cette Red Bull exclusive pour savourer un moment intense et revitalisant.<\/p>\n<p><strong>Tous nos produits b\u00e9n\u00e9ficient d\u2019une DDM de plusieurs mois.<\/strong><br \/>\n<strong>DDM = Date de Durabilit\u00e9 Minimale, anciennement DLUO.<\/strong><\/p>\n<p>DLC 28\/08\/2025<\/p>\n<h3>Ingr\u00e9dients de Red Bull M\u00fbre Givr\u00e9e &amp; Vanille<\/h3>\n<p>Eau gaz\u00e9ifi\u00e9e, saccharose, glucose, acidifiants (E330, E331), taurine, caf\u00e9ine (0,03%), vitamines (B3, B5, B6, B12), ar\u00f4mes, colorants (E101, E133*).<\/p>\n<p>D\u00e9claration nutritionnelle (pour 100g): \u00e9nergie 188kJ\/44Kcal, mati\u00e8res grasses 0g (dont acides gras satur\u00e9s 0g), glucides 10g (dont sucres 10g), prot\u00e9ines 0g, sel 0,1g.<\/p>\n<h4>Les services AU PALAIS SUCRE<\/h4>\n<p>Nous sommes est un site de vente de <strong>bonbons<\/strong>, <strong>confiseries<\/strong>, <strong>boissons<\/strong>, <strong>chips<\/strong> et <strong>produits du monde<\/strong>,\u00a0 pour les particuliers, les associations et les entreprises.<\/p>\n<p><strong>AU PALAIS SUCRE\u00a0<\/strong> apporte \u00e9galement un vrai service , une livraison rapide et fiable, une pr\u00e9paration des commandes dans les 24h\/48h et un service clients joignable.<\/p>\n<p><strong>AU PALAIS SUCRE<\/strong> est votre destination pour des bonbons, confiseries, boissons, chips et produits du monde pour les particuliers, les associations et les entreprises. Nous offrons un choix vari\u00e9 de produits de qualit\u00e9 sup\u00e9rieure pour satisfaire tous les go\u00fbts et les besoins.<\/p>\n<p>Nous sommes fiers d\u2019offrir \u00e0 nos clients un service hors pair. Nous nous engageons \u00e0 pr\u00e9parer et exp\u00e9dier les commandes dans les 24h\/48h suivant l\u2019achat, pour une livraison rapide et fiable. De plus, notre \u00e9quipe de service clients est toujours disponible pour r\u00e9pondre \u00e0 vos questions et vous aider \u00e0 trouver le produit id\u00e9al pour vos besoins.<\/p>\n<p>Chez AU PALAIS SUCRE, nous sommes passionn\u00e9s par les bonbons et les confiseries, et nous sommes d\u00e9termin\u00e9s \u00e0 offrir \u00e0 nos clients une exp\u00e9rience de magasinage en ligne agr\u00e9able et sans stress. Nous sommes votre guichet unique pour tous vos besoins en sucreries et en produits du monde, et nous sommes impatients de vous servir d\u00e8s maintenant !<\/p>\n","protected":false},"excerpt":{"rendered":"<h1>Red Bull M\u00fbre Givr\u00e9e &amp; Vanille<\/h1>\n<p>D\u00e9couvrez la <strong>Red Bull M\u00fbre Givr\u00e9e &amp; Vanille<\/strong>, une \u00e9dition sp\u00e9ciale qui allie \u00e0 la perfection la douceur onctueuse de la vanille et la fra\u00eecheur fruit\u00e9e de la m\u00fbre givr\u00e9e. Cette boisson \u00e9nergisante offre une exp\u00e9rience gustative unique, \u00e9quilibrant des saveurs sucr\u00e9es et acidul\u00e9es, id\u00e9ale pour ceux qui recherchent un regain d&rsquo;\u00e9nergie avec une touche gourmande. Inspir\u00e9e par les saveurs riches des fruits d&rsquo;\u00e9t\u00e9, cette \u00e9dition limit\u00e9e s\u00e9duit les amateurs de boissons raffin\u00e9es et conna\u00eet d\u00e9j\u00e0 un succ\u00e8s retentissant. Profitez de cette Red Bull exclusive pour savourer un moment intense et revitalisant.<\/p>\n<p><strong>Tous nos produits b\u00e9n\u00e9ficient d\u2019une DDM de plusieurs mois.<\/strong><br \/>\n<strong>DDM = Date de Durabilit\u00e9 Minimale, anciennement DLUO.<\/strong><\/p>\n","protected":false},"featured_media":5035,"comment_status":"open","ping_status":"closed","template":"","meta":{"ocean_post_layout":"","ocean_both_sidebars_style":"","ocean_both_sidebars_content_width":0,"ocean_both_sidebars_sidebars_width":0,"ocean_sidebar":"0","ocean_second_sidebar":"0","ocean_disable_margins":"enable","ocean_add_body_class":"","ocean_shortcode_before_top_bar":"","ocean_shortcode_after_top_bar":"","ocean_shortcode_before_header":"","ocean_shortcode_after_header":"","ocean_has_shortcode":"","ocean_shortcode_after_title":"","ocean_shortcode_before_footer_widgets":"","ocean_shortcode_after_footer_widgets":"","ocean_shortcode_before_footer_bottom":"","ocean_shortcode_after_footer_bottom":"","ocean_display_top_bar":"default","ocean_display_header":"default","ocean_header_style":"","ocean_center_header_left_menu":"0","ocean_custom_header_template":"0","ocean_custom_logo":0,"ocean_custom_retina_logo":0,"ocean_custom_logo_max_width":0,"ocean_custom_logo_tablet_max_width":0,"ocean_custom_logo_mobile_max_width":0,"ocean_custom_logo_max_height":0,"ocean_custom_logo_tablet_max_height":0,"ocean_custom_logo_mobile_max_height":0,"ocean_header_custom_menu":"0","ocean_menu_typo_font_family":"0","ocean_menu_typo_font_subset":"","ocean_menu_typo_font_size":0,"ocean_menu_typo_font_size_tablet":0,"ocean_menu_typo_font_size_mobile":0,"ocean_menu_typo_font_size_unit":"px","ocean_menu_typo_font_weight":"","ocean_menu_typo_font_weight_tablet":"","ocean_menu_typo_font_weight_mobile":"","ocean_menu_typo_transform":"","ocean_menu_typo_transform_tablet":"","ocean_menu_typo_transform_mobile":"","ocean_menu_typo_line_height":0,"ocean_menu_typo_line_height_tablet":0,"ocean_menu_typo_line_height_mobile":0,"ocean_menu_typo_line_height_unit":"","ocean_menu_typo_spacing":0,"ocean_menu_typo_spacing_tablet":0,"ocean_menu_typo_spacing_mobile":0,"ocean_menu_typo_spacing_unit":"","ocean_menu_link_color":"","ocean_menu_link_color_hover":"","ocean_menu_link_color_active":"","ocean_menu_link_background":"","ocean_menu_link_hover_background":"","ocean_menu_link_active_background":"","ocean_menu_social_links_bg":"","ocean_menu_social_hover_links_bg":"","ocean_menu_social_links_color":"","ocean_menu_social_hover_links_color":"","ocean_disable_title":"default","ocean_disable_heading":"default","ocean_post_title":"","ocean_post_subheading":"","ocean_post_title_style":"","ocean_post_title_background_color":"","ocean_post_title_background":0,"ocean_post_title_bg_image_position":"","ocean_post_title_bg_image_attachment":"","ocean_post_title_bg_image_repeat":"","ocean_post_title_bg_image_size":"","ocean_post_title_height":0,"ocean_post_title_bg_overlay":0.5,"ocean_post_title_bg_overlay_color":"","ocean_disable_breadcrumbs":"default","ocean_breadcrumbs_color":"","ocean_breadcrumbs_separator_color":"","ocean_breadcrumbs_links_color":"","ocean_breadcrumbs_links_hover_color":"","ocean_display_footer_widgets":"default","ocean_display_footer_bottom":"default","ocean_custom_footer_template":"0"},"product_brand":[],"product_cat":[65],"product_tag":[],"class_list":{"0":"post-5033","1":"product","2":"type-product","3":"status-publish","4":"has-post-thumbnail","6":"product_cat-boissons","8":"entry","9":"has-media","11":"first","12":"instock","13":"shipping-taxable","14":"purchasable","15":"product-type-simple","16":"has-product-nav","17":"col","18":"span_1_of_3","19":"owp-content-center","20":"owp-thumbs-layout-horizontal","21":"owp-btn-normal","22":"owp-tabs-layout-horizontal","23":"has-no-thumbnails"},"yoast_head":"<!-- This site is optimized with the Yoast SEO plugin v24.3 - https:\/\/yoast.com\/wordpress\/plugins\/seo\/ -->\n<title>Red Bull M\u00fbre Givr\u00e9e &amp; Vanille - Au Palais Sucr\u00e9<\/title>\n<meta name=\"description\" content=\"D\u00e9couvrez la Red Bull M\u00fbre Givr\u00e9e &amp; Vanille, une \u00e9dition limit\u00e9e au go\u00fbt frais de m\u00fbre et \u00e0 la douceur de la vanille. Succ\u00e8s garanti pour une exp\u00e9rience \u00e9nergisante unique !\" \/>\n<meta name=\"robots\" content=\"index, follow, max-snippet:-1, max-image-preview:large, max-video-preview:-1\" \/>\n<link rel=\"canonical\" href=\"https:\/\/www.au-palais-sucre.com\/index.php\/produit\/red-bull-mure-givree-vanille\/\" \/>\n<meta property=\"og:locale\" content=\"fr_FR\" \/>\n<meta property=\"og:type\" content=\"article\" \/>\n<meta property=\"og:title\" content=\"Red Bull M\u00fbre Givr\u00e9e &amp; Vanille - Au Palais Sucr\u00e9\" \/>\n<meta property=\"og:description\" content=\"D\u00e9couvrez la Red Bull M\u00fbre Givr\u00e9e &amp; Vanille, une \u00e9dition limit\u00e9e au go\u00fbt frais de m\u00fbre et \u00e0 la douceur de la vanille. Succ\u00e8s garanti pour une exp\u00e9rience \u00e9nergisante unique !\" \/>\n<meta property=\"og:url\" content=\"https:\/\/www.au-palais-sucre.com\/index.php\/produit\/red-bull-mure-givree-vanille\/\" \/>\n<meta property=\"og:site_name\" content=\"Au Palais Sucr\u00e9\" \/>\n<meta property=\"article:publisher\" content=\"https:\/\/www.facebook.com\/people\/Au-Palais-Sucr\/pfbid0xHg32QqsqJkkArCjoHQ6aaknwKMjtXgSnFxn2J3iXRfcnKZoBnYZT1GMsdL8xcPUl\/\" \/>\n<meta property=\"article:modified_time\" content=\"2025-11-06T13:43:43+00:00\" \/>\n<meta property=\"og:image\" content=\"https:\/\/www.au-palais-sucre.com\/wp-content\/uploads\/2024\/09\/red-bull-mure-givree-vanille.webp\" \/>\n\t<meta property=\"og:image:width\" content=\"800\" \/>\n\t<meta property=\"og:image:height\" content=\"800\" \/>\n\t<meta property=\"og:image:type\" content=\"image\/webp\" \/>\n<meta name=\"twitter:card\" content=\"summary_large_image\" \/>\n<meta name=\"twitter:label1\" content=\"Prix\" \/>\n\t<meta name=\"twitter:data1\" content=\"3,50&nbsp;&euro;\" \/>\n\t<meta name=\"twitter:label2\" content=\"Disponibilit\u00e9\" \/>\n\t<meta name=\"twitter:data2\" content=\"En stock\" \/>\n<script type=\"application\/ld+json\" class=\"yoast-schema-graph\">{\"@context\":\"https:\/\/schema.org\",\"@graph\":[{\"@type\":\"WebPage\",\"@id\":\"https:\/\/www.au-palais-sucre.com\/index.php\/produit\/red-bull-mure-givree-vanille\/\",\"url\":\"https:\/\/www.au-palais-sucre.com\/index.php\/produit\/red-bull-mure-givree-vanille\/\",\"name\":\"Red Bull M\u00fbre Givr\u00e9e & Vanille - Au Palais Sucr\u00e9\",\"isPartOf\":{\"@id\":\"https:\/\/www.au-palais-sucre.com\/#website\"},\"primaryImageOfPage\":{\"@id\":\"https:\/\/www.au-palais-sucre.com\/index.php\/produit\/red-bull-mure-givree-vanille\/#primaryimage\"},\"image\":{\"@id\":\"https:\/\/www.au-palais-sucre.com\/index.php\/produit\/red-bull-mure-givree-vanille\/#primaryimage\"},\"thumbnailUrl\":\"https:\/\/www.au-palais-sucre.com\/wp-content\/uploads\/2024\/09\/red-bull-mure-givree-vanille.webp\",\"datePublished\":\"2024-09-16T21:25:48+00:00\",\"dateModified\":\"2025-11-06T13:43:43+00:00\",\"description\":\"D\u00e9couvrez la Red Bull M\u00fbre Givr\u00e9e & Vanille, une \u00e9dition limit\u00e9e au go\u00fbt frais de m\u00fbre et \u00e0 la douceur de la vanille. Succ\u00e8s garanti pour une exp\u00e9rience \u00e9nergisante unique !\",\"breadcrumb\":{\"@id\":\"https:\/\/www.au-palais-sucre.com\/index.php\/produit\/red-bull-mure-givree-vanille\/#breadcrumb\"},\"inLanguage\":\"fr-FR\",\"potentialAction\":[{\"@type\":\"ReadAction\",\"target\":[\"https:\/\/www.au-palais-sucre.com\/index.php\/produit\/red-bull-mure-givree-vanille\/\"]}]},{\"@type\":\"ImageObject\",\"inLanguage\":\"fr-FR\",\"@id\":\"https:\/\/www.au-palais-sucre.com\/index.php\/produit\/red-bull-mure-givree-vanille\/#primaryimage\",\"url\":\"https:\/\/www.au-palais-sucre.com\/wp-content\/uploads\/2024\/09\/red-bull-mure-givree-vanille.webp\",\"contentUrl\":\"https:\/\/www.au-palais-sucre.com\/wp-content\/uploads\/2024\/09\/red-bull-mure-givree-vanille.webp\",\"width\":800,\"height\":800},{\"@type\":\"BreadcrumbList\",\"@id\":\"https:\/\/www.au-palais-sucre.com\/index.php\/produit\/red-bull-mure-givree-vanille\/#breadcrumb\",\"itemListElement\":[{\"@type\":\"ListItem\",\"position\":1,\"name\":\"Boutique\",\"item\":\"https:\/\/www.au-palais-sucre.com\/index.php\/shop\/\"},{\"@type\":\"ListItem\",\"position\":2,\"name\":\"Red Bull M\u00fbre Givr\u00e9e &#038; Vanille\"}]},{\"@type\":\"WebSite\",\"@id\":\"https:\/\/www.au-palais-sucre.com\/#website\",\"url\":\"https:\/\/www.au-palais-sucre.com\/\",\"name\":\"Au Palais Sucr\u00e9\",\"description\":\"Arrivage permanent de nouveaux produits..\",\"publisher\":{\"@id\":\"https:\/\/www.au-palais-sucre.com\/#organization\"},\"potentialAction\":[{\"@type\":\"SearchAction\",\"target\":{\"@type\":\"EntryPoint\",\"urlTemplate\":\"https:\/\/www.au-palais-sucre.com\/?s={search_term_string}\"},\"query-input\":{\"@type\":\"PropertyValueSpecification\",\"valueRequired\":true,\"valueName\":\"search_term_string\"}}],\"inLanguage\":\"fr-FR\"},{\"@type\":\"Organization\",\"@id\":\"https:\/\/www.au-palais-sucre.com\/#organization\",\"name\":\"Au Palais Sucr\u00e9\",\"url\":\"https:\/\/www.au-palais-sucre.com\/\",\"logo\":{\"@type\":\"ImageObject\",\"inLanguage\":\"fr-FR\",\"@id\":\"https:\/\/www.au-palais-sucre.com\/#\/schema\/logo\/image\/\",\"url\":\"https:\/\/www.au-palais-sucre.com\/wp-content\/uploads\/2023\/06\/cropped-Logo-blanc_prev_ui.png\",\"contentUrl\":\"https:\/\/www.au-palais-sucre.com\/wp-content\/uploads\/2023\/06\/cropped-Logo-blanc_prev_ui.png\",\"width\":567,\"height\":440,\"caption\":\"Au Palais Sucr\u00e9\"},\"image\":{\"@id\":\"https:\/\/www.au-palais-sucre.com\/#\/schema\/logo\/image\/\"},\"sameAs\":[\"https:\/\/www.facebook.com\/people\/Au-Palais-Sucr\/pfbid0xHg32QqsqJkkArCjoHQ6aaknwKMjtXgSnFxn2J3iXRfcnKZoBnYZT1GMsdL8xcPUl\/\"]}]}<\/script>\n<meta property=\"product:price:amount\" content=\"3.50\" \/>\n<meta property=\"product:price:currency\" content=\"EUR\" \/>\n<meta property=\"og:availability\" content=\"instock\" \/>\n<meta property=\"product:availability\" content=\"instock\" \/>\n<meta property=\"product:retailer_item_id\" content=\"ASPBOIS71\" \/>\n<meta property=\"product:condition\" content=\"new\" \/>\n<!-- \/ Yoast SEO plugin. -->","yoast_head_json":{"title":"Red Bull M\u00fbre Givr\u00e9e & Vanille - Au Palais Sucr\u00e9","description":"D\u00e9couvrez la Red Bull M\u00fbre Givr\u00e9e & Vanille, une \u00e9dition limit\u00e9e au go\u00fbt frais de m\u00fbre et \u00e0 la douceur de la vanille. Succ\u00e8s garanti pour une exp\u00e9rience \u00e9nergisante unique !","robots":{"index":"index","follow":"follow","max-snippet":"max-snippet:-1","max-image-preview":"max-image-preview:large","max-video-preview":"max-video-preview:-1"},"canonical":"https:\/\/www.au-palais-sucre.com\/index.php\/produit\/red-bull-mure-givree-vanille\/","og_locale":"fr_FR","og_type":"article","og_title":"Red Bull M\u00fbre Givr\u00e9e & Vanille - Au Palais Sucr\u00e9","og_description":"D\u00e9couvrez la Red Bull M\u00fbre Givr\u00e9e & Vanille, une \u00e9dition limit\u00e9e au go\u00fbt frais de m\u00fbre et \u00e0 la douceur de la vanille. Succ\u00e8s garanti pour une exp\u00e9rience \u00e9nergisante unique !","og_url":"https:\/\/www.au-palais-sucre.com\/index.php\/produit\/red-bull-mure-givree-vanille\/","og_site_name":"Au Palais Sucr\u00e9","article_publisher":"https:\/\/www.facebook.com\/people\/Au-Palais-Sucr\/pfbid0xHg32QqsqJkkArCjoHQ6aaknwKMjtXgSnFxn2J3iXRfcnKZoBnYZT1GMsdL8xcPUl\/","article_modified_time":"2025-11-06T13:43:43+00:00","og_image":[{"width":800,"height":800,"url":"https:\/\/www.au-palais-sucre.com\/wp-content\/uploads\/2024\/09\/red-bull-mure-givree-vanille.webp","type":"image\/webp"}],"twitter_card":"summary_large_image","twitter_misc":{"Prix":"3,50&nbsp;&euro;","Disponibilit\u00e9":"En stock"},"schema":{"@context":"https:\/\/schema.org","@graph":[{"@type":"WebPage","@id":"https:\/\/www.au-palais-sucre.com\/index.php\/produit\/red-bull-mure-givree-vanille\/","url":"https:\/\/www.au-palais-sucre.com\/index.php\/produit\/red-bull-mure-givree-vanille\/","name":"Red Bull M\u00fbre Givr\u00e9e & Vanille - Au Palais Sucr\u00e9","isPartOf":{"@id":"https:\/\/www.au-palais-sucre.com\/#website"},"primaryImageOfPage":{"@id":"https:\/\/www.au-palais-sucre.com\/index.php\/produit\/red-bull-mure-givree-vanille\/#primaryimage"},"image":{"@id":"https:\/\/www.au-palais-sucre.com\/index.php\/produit\/red-bull-mure-givree-vanille\/#primaryimage"},"thumbnailUrl":"https:\/\/www.au-palais-sucre.com\/wp-content\/uploads\/2024\/09\/red-bull-mure-givree-vanille.webp","datePublished":"2024-09-16T21:25:48+00:00","dateModified":"2025-11-06T13:43:43+00:00","description":"D\u00e9couvrez la Red Bull M\u00fbre Givr\u00e9e & Vanille, une \u00e9dition limit\u00e9e au go\u00fbt frais de m\u00fbre et \u00e0 la douceur de la vanille. Succ\u00e8s garanti pour une exp\u00e9rience \u00e9nergisante unique !","breadcrumb":{"@id":"https:\/\/www.au-palais-sucre.com\/index.php\/produit\/red-bull-mure-givree-vanille\/#breadcrumb"},"inLanguage":"fr-FR","potentialAction":[{"@type":"ReadAction","target":["https:\/\/www.au-palais-sucre.com\/index.php\/produit\/red-bull-mure-givree-vanille\/"]}]},{"@type":"ImageObject","inLanguage":"fr-FR","@id":"https:\/\/www.au-palais-sucre.com\/index.php\/produit\/red-bull-mure-givree-vanille\/#primaryimage","url":"https:\/\/www.au-palais-sucre.com\/wp-content\/uploads\/2024\/09\/red-bull-mure-givree-vanille.webp","contentUrl":"https:\/\/www.au-palais-sucre.com\/wp-content\/uploads\/2024\/09\/red-bull-mure-givree-vanille.webp","width":800,"height":800},{"@type":"BreadcrumbList","@id":"https:\/\/www.au-palais-sucre.com\/index.php\/produit\/red-bull-mure-givree-vanille\/#breadcrumb","itemListElement":[{"@type":"ListItem","position":1,"name":"Boutique","item":"https:\/\/www.au-palais-sucre.com\/index.php\/shop\/"},{"@type":"ListItem","position":2,"name":"Red Bull M\u00fbre Givr\u00e9e &#038; Vanille"}]},{"@type":"WebSite","@id":"https:\/\/www.au-palais-sucre.com\/#website","url":"https:\/\/www.au-palais-sucre.com\/","name":"Au Palais Sucr\u00e9","description":"Arrivage permanent de nouveaux produits..","publisher":{"@id":"https:\/\/www.au-palais-sucre.com\/#organization"},"potentialAction":[{"@type":"SearchAction","target":{"@type":"EntryPoint","urlTemplate":"https:\/\/www.au-palais-sucre.com\/?s={search_term_string}"},"query-input":{"@type":"PropertyValueSpecification","valueRequired":true,"valueName":"search_term_string"}}],"inLanguage":"fr-FR"},{"@type":"Organization","@id":"https:\/\/www.au-palais-sucre.com\/#organization","name":"Au Palais Sucr\u00e9","url":"https:\/\/www.au-palais-sucre.com\/","logo":{"@type":"ImageObject","inLanguage":"fr-FR","@id":"https:\/\/www.au-palais-sucre.com\/#\/schema\/logo\/image\/","url":"https:\/\/www.au-palais-sucre.com\/wp-content\/uploads\/2023\/06\/cropped-Logo-blanc_prev_ui.png","contentUrl":"https:\/\/www.au-palais-sucre.com\/wp-content\/uploads\/2023\/06\/cropped-Logo-blanc_prev_ui.png","width":567,"height":440,"caption":"Au Palais Sucr\u00e9"},"image":{"@id":"https:\/\/www.au-palais-sucre.com\/#\/schema\/logo\/image\/"},"sameAs":["https:\/\/www.facebook.com\/people\/Au-Palais-Sucr\/pfbid0xHg32QqsqJkkArCjoHQ6aaknwKMjtXgSnFxn2J3iXRfcnKZoBnYZT1GMsdL8xcPUl\/"]}]},"product_price_amount":"3.50","product_price_currency":"EUR","og_availability":"instock","product_availability":"instock","product_retailer_item_id":"ASPBOIS71","product_condition":"new"},"_links":{"self":[{"href":"https:\/\/www.au-palais-sucre.com\/index.php\/wp-json\/wp\/v2\/product\/5033","targetHints":{"allow":["GET"]}}],"collection":[{"href":"https:\/\/www.au-palais-sucre.com\/index.php\/wp-json\/wp\/v2\/product"}],"about":[{"href":"https:\/\/www.au-palais-sucre.com\/index.php\/wp-json\/wp\/v2\/types\/product"}],"replies":[{"embeddable":true,"href":"https:\/\/www.au-palais-sucre.com\/index.php\/wp-json\/wp\/v2\/comments?post=5033"}],"version-history":[{"count":2,"href":"https:\/\/www.au-palais-sucre.com\/index.php\/wp-json\/wp\/v2\/product\/5033\/revisions"}],"predecessor-version":[{"id":6103,"href":"https:\/\/www.au-palais-sucre.com\/index.php\/wp-json\/wp\/v2\/product\/5033\/revisions\/6103"}],"wp:featuredmedia":[{"embeddable":true,"href":"https:\/\/www.au-palais-sucre.com\/index.php\/wp-json\/wp\/v2\/media\/5035"}],"wp:attachment":[{"href":"https:\/\/www.au-palais-sucre.com\/index.php\/wp-json\/wp\/v2\/media?parent=5033"}],"wp:term":[{"taxonomy":"product_brand","embeddable":true,"href":"https:\/\/www.au-palais-sucre.com\/index.php\/wp-json\/wp\/v2\/product_brand?post=5033"},{"taxonomy":"product_cat","embeddable":true,"href":"https:\/\/www.au-palais-sucre.com\/index.php\/wp-json\/wp\/v2\/product_cat?post=5033"},{"taxonomy":"product_tag","embeddable":true,"href":"https:\/\/www.au-palais-sucre.com\/index.php\/wp-json\/wp\/v2\/product_tag?post=5033"}],"curies":[{"name":"wp","href":"https:\/\/api.w.org\/{rel}","templated":true}]}}