{"id":5084,"date":"2024-11-21T22:59:57","date_gmt":"2024-11-21T21:59:57","guid":{"rendered":"https:\/\/www.au-palais-sucre.com\/?post_type=product&#038;p=5084"},"modified":"2025-11-06T14:41:33","modified_gmt":"2025-11-06T13:41:33","slug":"mr-beast-feastables-chocolate-bar-original","status":"publish","type":"product","link":"https:\/\/www.au-palais-sucre.com\/index.php\/produit\/mr-beast-feastables-chocolate-bar-original\/","title":{"rendered":"Mr Beast Feastables Chocolate Bar Original USA"},"content":{"rendered":"<h1>Mr Beast Feastables Chocolate Bar Original USA<\/h1>\n<h3>Ingr\u00e9dients de Mr Beast Feastables Chocolate Bar Original<\/h3>\n<p>Sucre de canne, liqueur de chocolat bio, beurre de cacao bio, l\u00e9cithine de tournesol.<\/p>\n<p>D\u00e9claration nutritionnelle (pour 100g): \u00e9nergie 2374kJ\/567Kcal, mati\u00e8res grasses 37g (dont acides gras satur\u00e9s 24g), glucides 57g (dont sucres 47g), prot\u00e9ines 7g, sel 0g.<\/p>\n<h4><\/h4>\n<h4>Les services AU PALAIS SUCRE<\/h4>\n<p>Nous sommes est un site de vente de <strong>bonbons<\/strong>, <strong>confiseries<\/strong>, <strong>boissons<\/strong>, <strong>chips<\/strong> et <strong>produits du monde<\/strong>,\u00a0 pour les particuliers, les associations et les entreprises.<\/p>\n<p><strong>AU PALAIS SUCRE\u00a0<\/strong> apporte \u00e9galement un vrai service , une livraison rapide et fiable, une pr\u00e9paration des commandes dans les 24h\/48h et un service clients joignable.<\/p>\n<p><strong>AU PALAIS SUCRE<\/strong> est votre destination pour des bonbons, confiseries, boissons, chips et produits du monde pour les particuliers, les associations et les entreprises. Nous offrons un choix vari\u00e9 de produits de qualit\u00e9 sup\u00e9rieure pour satisfaire tous les go\u00fbts et les besoins.<\/p>\n<p>Nous sommes fiers d\u2019offrir \u00e0 nos clients un service hors pair. Nous nous engageons \u00e0 pr\u00e9parer et exp\u00e9dier les commandes dans les 24h\/48h suivant l\u2019achat, pour une livraison rapide et fiable. De plus, notre \u00e9quipe de service clients est toujours disponible pour r\u00e9pondre \u00e0 vos questions et vous aider \u00e0 trouver le produit id\u00e9al pour vos besoins.<\/p>\n<p>Chez AU PALAIS SUCRE, nous sommes passionn\u00e9s par les bonbons et les confiseries, et nous sommes d\u00e9termin\u00e9s \u00e0 offrir \u00e0 nos clients une exp\u00e9rience de magasinage en ligne agr\u00e9able et sans stress. Nous sommes votre guichet unique pour tous vos besoins en sucreries et en produits du monde, et nous sommes impatients de vous servir d\u00e8s maintenant !<\/p>\n<p>DLC : 18\/03\/2026<\/p>\n<p>&nbsp;<\/p>\n","protected":false},"excerpt":{"rendered":"<h1>Mr Beast Feastables Chocolate Bar Original USA<\/h1>\n<p><strong>Capri-Sun Fraise Dubai : La Boisson Fruit\u00e9e Qui Fait Voyager Vos Papilles<\/strong><\/p>\n<p>D\u00e9couvrez le <strong>Capri-Sun Fraise import\u00e9 de Dubai<\/strong>, une boisson unique et rafra\u00eechissante qui allie la douceur naturelle des fraises \u00e0 une touche d&rsquo;exotisme. Offrez \u00e0 vos enfants (ou \u00e0 vous-m\u00eame !) un moment de plaisir avec cette recette exclusive venue tout droit des \u00c9mirats.<\/p>\n<p>Avec son format pratique et sa paille iconique, le <strong>Capri-Sun Fraise Dubai<\/strong> est parfait pour toutes les occasions : go\u00fbters, sorties ou moments de d\u00e9tente. Cette \u00e9dition sp\u00e9ciale s\u00e9duit par son go\u00fbt authentique et ses ingr\u00e9dients soigneusement s\u00e9lectionn\u00e9s.<\/p>\n<p>\ud83d\udce6 <strong>Disponible dans votre confiserie \u00ab\u00a0Au Palais Sucr\u00e9\u00a0\u00bb<\/strong>, o\u00f9 les saveurs du monde se rencontrent pour vous offrir une exp\u00e9rience gustative incomparable. Faites vite, les stocks sont limit\u00e9s !<\/p>\n<p><strong>Tous nos produits b\u00e9n\u00e9ficient d\u2019une DDM de plusieurs mois.<\/strong><br \/>\n<strong>DDM = Date de Durabilit\u00e9 Minimale, anciennement DLUO.<\/strong><\/p>\n","protected":false},"featured_media":5086,"comment_status":"open","ping_status":"closed","template":"","meta":{"ocean_post_layout":"","ocean_both_sidebars_style":"","ocean_both_sidebars_content_width":0,"ocean_both_sidebars_sidebars_width":0,"ocean_sidebar":"0","ocean_second_sidebar":"0","ocean_disable_margins":"enable","ocean_add_body_class":"","ocean_shortcode_before_top_bar":"","ocean_shortcode_after_top_bar":"","ocean_shortcode_before_header":"","ocean_shortcode_after_header":"","ocean_has_shortcode":"","ocean_shortcode_after_title":"","ocean_shortcode_before_footer_widgets":"","ocean_shortcode_after_footer_widgets":"","ocean_shortcode_before_footer_bottom":"","ocean_shortcode_after_footer_bottom":"","ocean_display_top_bar":"default","ocean_display_header":"default","ocean_header_style":"","ocean_center_header_left_menu":"0","ocean_custom_header_template":"0","ocean_custom_logo":0,"ocean_custom_retina_logo":0,"ocean_custom_logo_max_width":0,"ocean_custom_logo_tablet_max_width":0,"ocean_custom_logo_mobile_max_width":0,"ocean_custom_logo_max_height":0,"ocean_custom_logo_tablet_max_height":0,"ocean_custom_logo_mobile_max_height":0,"ocean_header_custom_menu":"0","ocean_menu_typo_font_family":"0","ocean_menu_typo_font_subset":"","ocean_menu_typo_font_size":0,"ocean_menu_typo_font_size_tablet":0,"ocean_menu_typo_font_size_mobile":0,"ocean_menu_typo_font_size_unit":"px","ocean_menu_typo_font_weight":"","ocean_menu_typo_font_weight_tablet":"","ocean_menu_typo_font_weight_mobile":"","ocean_menu_typo_transform":"","ocean_menu_typo_transform_tablet":"","ocean_menu_typo_transform_mobile":"","ocean_menu_typo_line_height":0,"ocean_menu_typo_line_height_tablet":0,"ocean_menu_typo_line_height_mobile":0,"ocean_menu_typo_line_height_unit":"","ocean_menu_typo_spacing":0,"ocean_menu_typo_spacing_tablet":0,"ocean_menu_typo_spacing_mobile":0,"ocean_menu_typo_spacing_unit":"","ocean_menu_link_color":"","ocean_menu_link_color_hover":"","ocean_menu_link_color_active":"","ocean_menu_link_background":"","ocean_menu_link_hover_background":"","ocean_menu_link_active_background":"","ocean_menu_social_links_bg":"","ocean_menu_social_hover_links_bg":"","ocean_menu_social_links_color":"","ocean_menu_social_hover_links_color":"","ocean_disable_title":"default","ocean_disable_heading":"default","ocean_post_title":"","ocean_post_subheading":"","ocean_post_title_style":"","ocean_post_title_background_color":"","ocean_post_title_background":0,"ocean_post_title_bg_image_position":"","ocean_post_title_bg_image_attachment":"","ocean_post_title_bg_image_repeat":"","ocean_post_title_bg_image_size":"","ocean_post_title_height":0,"ocean_post_title_bg_overlay":0.5,"ocean_post_title_bg_overlay_color":"","ocean_disable_breadcrumbs":"default","ocean_breadcrumbs_color":"","ocean_breadcrumbs_separator_color":"","ocean_breadcrumbs_links_color":"","ocean_breadcrumbs_links_hover_color":"","ocean_display_footer_widgets":"default","ocean_display_footer_bottom":"default","ocean_custom_footer_template":"0"},"product_brand":[],"product_cat":[64,88],"product_tag":[],"class_list":{"0":"post-5084","1":"product","2":"type-product","3":"status-publish","4":"has-post-thumbnail","6":"product_cat-dubai","7":"product_cat-gateaux","9":"entry","10":"has-media","12":"first","13":"instock","14":"shipping-taxable","15":"purchasable","16":"product-type-simple","17":"has-product-nav","18":"col","19":"span_1_of_3","20":"owp-content-center","21":"owp-thumbs-layout-horizontal","22":"owp-btn-normal","23":"owp-tabs-layout-horizontal","24":"has-no-thumbnails"},"yoast_head":"<!-- This site is optimized with the Yoast SEO plugin v24.3 - https:\/\/yoast.com\/wordpress\/plugins\/seo\/ -->\n<title>Mr Beast Feastables Chocolate Bar Original USA - Au Palais Sucr\u00e9<\/title>\n<meta name=\"description\" content=\"&quot;D\u00e9gustez le Capri-Sun Fraise Dubai, une boisson fruit\u00e9e exotique aux saveurs uniques. Disponible chez Au Palais Sucr\u00e9, d\u00e9couvrez cette \u00e9dition sp\u00e9ciale venue des \u00c9mirats !&quot;\" \/>\n<meta name=\"robots\" content=\"index, follow, max-snippet:-1, max-image-preview:large, max-video-preview:-1\" \/>\n<link rel=\"canonical\" href=\"https:\/\/www.au-palais-sucre.com\/index.php\/produit\/mr-beast-feastables-chocolate-bar-original\/\" \/>\n<meta property=\"og:locale\" content=\"fr_FR\" \/>\n<meta property=\"og:type\" content=\"article\" \/>\n<meta property=\"og:title\" content=\"Mr Beast Feastables Chocolate Bar Original USA - Au Palais Sucr\u00e9\" \/>\n<meta property=\"og:description\" content=\"&quot;D\u00e9gustez le Capri-Sun Fraise Dubai, une boisson fruit\u00e9e exotique aux saveurs uniques. Disponible chez Au Palais Sucr\u00e9, d\u00e9couvrez cette \u00e9dition sp\u00e9ciale venue des \u00c9mirats !&quot;\" \/>\n<meta property=\"og:url\" content=\"https:\/\/www.au-palais-sucre.com\/index.php\/produit\/mr-beast-feastables-chocolate-bar-original\/\" \/>\n<meta property=\"og:site_name\" content=\"Au Palais Sucr\u00e9\" \/>\n<meta property=\"article:publisher\" content=\"https:\/\/www.facebook.com\/people\/Au-Palais-Sucr\/pfbid0xHg32QqsqJkkArCjoHQ6aaknwKMjtXgSnFxn2J3iXRfcnKZoBnYZT1GMsdL8xcPUl\/\" \/>\n<meta property=\"article:modified_time\" content=\"2025-11-06T13:41:33+00:00\" \/>\n<meta property=\"og:image\" content=\"https:\/\/www.au-palais-sucre.com\/wp-content\/uploads\/2024\/11\/mr-beast-feastables-chocolate-bar-original-1230000168069-52882350670155.webp\" \/>\n\t<meta property=\"og:image:width\" content=\"800\" \/>\n\t<meta property=\"og:image:height\" content=\"800\" \/>\n\t<meta property=\"og:image:type\" content=\"image\/webp\" \/>\n<meta name=\"twitter:card\" content=\"summary_large_image\" \/>\n<meta name=\"twitter:label1\" content=\"Prix\" \/>\n\t<meta name=\"twitter:data1\" content=\"5,90&nbsp;&euro;\" \/>\n\t<meta name=\"twitter:label2\" content=\"Disponibilit\u00e9\" \/>\n\t<meta name=\"twitter:data2\" content=\"En stock\" \/>\n<script type=\"application\/ld+json\" class=\"yoast-schema-graph\">{\"@context\":\"https:\/\/schema.org\",\"@graph\":[{\"@type\":\"WebPage\",\"@id\":\"https:\/\/www.au-palais-sucre.com\/index.php\/produit\/mr-beast-feastables-chocolate-bar-original\/\",\"url\":\"https:\/\/www.au-palais-sucre.com\/index.php\/produit\/mr-beast-feastables-chocolate-bar-original\/\",\"name\":\"Mr Beast Feastables Chocolate Bar Original USA - Au Palais Sucr\u00e9\",\"isPartOf\":{\"@id\":\"https:\/\/www.au-palais-sucre.com\/#website\"},\"primaryImageOfPage\":{\"@id\":\"https:\/\/www.au-palais-sucre.com\/index.php\/produit\/mr-beast-feastables-chocolate-bar-original\/#primaryimage\"},\"image\":{\"@id\":\"https:\/\/www.au-palais-sucre.com\/index.php\/produit\/mr-beast-feastables-chocolate-bar-original\/#primaryimage\"},\"thumbnailUrl\":\"https:\/\/www.au-palais-sucre.com\/wp-content\/uploads\/2024\/11\/mr-beast-feastables-chocolate-bar-original-1230000168069-52882350670155.webp\",\"datePublished\":\"2024-11-21T21:59:57+00:00\",\"dateModified\":\"2025-11-06T13:41:33+00:00\",\"description\":\"\\\"D\u00e9gustez le Capri-Sun Fraise Dubai, une boisson fruit\u00e9e exotique aux saveurs uniques. Disponible chez Au Palais Sucr\u00e9, d\u00e9couvrez cette \u00e9dition sp\u00e9ciale venue des \u00c9mirats !\\\"\",\"breadcrumb\":{\"@id\":\"https:\/\/www.au-palais-sucre.com\/index.php\/produit\/mr-beast-feastables-chocolate-bar-original\/#breadcrumb\"},\"inLanguage\":\"fr-FR\",\"potentialAction\":[{\"@type\":\"ReadAction\",\"target\":[\"https:\/\/www.au-palais-sucre.com\/index.php\/produit\/mr-beast-feastables-chocolate-bar-original\/\"]}]},{\"@type\":\"ImageObject\",\"inLanguage\":\"fr-FR\",\"@id\":\"https:\/\/www.au-palais-sucre.com\/index.php\/produit\/mr-beast-feastables-chocolate-bar-original\/#primaryimage\",\"url\":\"https:\/\/www.au-palais-sucre.com\/wp-content\/uploads\/2024\/11\/mr-beast-feastables-chocolate-bar-original-1230000168069-52882350670155.webp\",\"contentUrl\":\"https:\/\/www.au-palais-sucre.com\/wp-content\/uploads\/2024\/11\/mr-beast-feastables-chocolate-bar-original-1230000168069-52882350670155.webp\",\"width\":800,\"height\":800},{\"@type\":\"BreadcrumbList\",\"@id\":\"https:\/\/www.au-palais-sucre.com\/index.php\/produit\/mr-beast-feastables-chocolate-bar-original\/#breadcrumb\",\"itemListElement\":[{\"@type\":\"ListItem\",\"position\":1,\"name\":\"Boutique\",\"item\":\"https:\/\/www.au-palais-sucre.com\/index.php\/shop\/\"},{\"@type\":\"ListItem\",\"position\":2,\"name\":\"Mr Beast Feastables Chocolate Bar Original USA\"}]},{\"@type\":\"WebSite\",\"@id\":\"https:\/\/www.au-palais-sucre.com\/#website\",\"url\":\"https:\/\/www.au-palais-sucre.com\/\",\"name\":\"Au Palais Sucr\u00e9\",\"description\":\"Arrivage permanent de nouveaux produits..\",\"publisher\":{\"@id\":\"https:\/\/www.au-palais-sucre.com\/#organization\"},\"potentialAction\":[{\"@type\":\"SearchAction\",\"target\":{\"@type\":\"EntryPoint\",\"urlTemplate\":\"https:\/\/www.au-palais-sucre.com\/?s={search_term_string}\"},\"query-input\":{\"@type\":\"PropertyValueSpecification\",\"valueRequired\":true,\"valueName\":\"search_term_string\"}}],\"inLanguage\":\"fr-FR\"},{\"@type\":\"Organization\",\"@id\":\"https:\/\/www.au-palais-sucre.com\/#organization\",\"name\":\"Au Palais Sucr\u00e9\",\"url\":\"https:\/\/www.au-palais-sucre.com\/\",\"logo\":{\"@type\":\"ImageObject\",\"inLanguage\":\"fr-FR\",\"@id\":\"https:\/\/www.au-palais-sucre.com\/#\/schema\/logo\/image\/\",\"url\":\"https:\/\/www.au-palais-sucre.com\/wp-content\/uploads\/2023\/06\/cropped-Logo-blanc_prev_ui.png\",\"contentUrl\":\"https:\/\/www.au-palais-sucre.com\/wp-content\/uploads\/2023\/06\/cropped-Logo-blanc_prev_ui.png\",\"width\":567,\"height\":440,\"caption\":\"Au Palais Sucr\u00e9\"},\"image\":{\"@id\":\"https:\/\/www.au-palais-sucre.com\/#\/schema\/logo\/image\/\"},\"sameAs\":[\"https:\/\/www.facebook.com\/people\/Au-Palais-Sucr\/pfbid0xHg32QqsqJkkArCjoHQ6aaknwKMjtXgSnFxn2J3iXRfcnKZoBnYZT1GMsdL8xcPUl\/\"]}]}<\/script>\n<meta property=\"product:price:amount\" content=\"5.90\" \/>\n<meta property=\"product:price:currency\" content=\"EUR\" \/>\n<meta property=\"og:availability\" content=\"instock\" \/>\n<meta property=\"product:availability\" content=\"instock\" \/>\n<meta property=\"product:retailer_item_id\" content=\"ASPGAT75\" \/>\n<meta property=\"product:condition\" content=\"new\" \/>\n<!-- \/ Yoast SEO plugin. -->","yoast_head_json":{"title":"Mr Beast Feastables Chocolate Bar Original USA - Au Palais Sucr\u00e9","description":"\"D\u00e9gustez le Capri-Sun Fraise Dubai, une boisson fruit\u00e9e exotique aux saveurs uniques. Disponible chez Au Palais Sucr\u00e9, d\u00e9couvrez cette \u00e9dition sp\u00e9ciale venue des \u00c9mirats !\"","robots":{"index":"index","follow":"follow","max-snippet":"max-snippet:-1","max-image-preview":"max-image-preview:large","max-video-preview":"max-video-preview:-1"},"canonical":"https:\/\/www.au-palais-sucre.com\/index.php\/produit\/mr-beast-feastables-chocolate-bar-original\/","og_locale":"fr_FR","og_type":"article","og_title":"Mr Beast Feastables Chocolate Bar Original USA - Au Palais Sucr\u00e9","og_description":"\"D\u00e9gustez le Capri-Sun Fraise Dubai, une boisson fruit\u00e9e exotique aux saveurs uniques. Disponible chez Au Palais Sucr\u00e9, d\u00e9couvrez cette \u00e9dition sp\u00e9ciale venue des \u00c9mirats !\"","og_url":"https:\/\/www.au-palais-sucre.com\/index.php\/produit\/mr-beast-feastables-chocolate-bar-original\/","og_site_name":"Au Palais Sucr\u00e9","article_publisher":"https:\/\/www.facebook.com\/people\/Au-Palais-Sucr\/pfbid0xHg32QqsqJkkArCjoHQ6aaknwKMjtXgSnFxn2J3iXRfcnKZoBnYZT1GMsdL8xcPUl\/","article_modified_time":"2025-11-06T13:41:33+00:00","og_image":[{"width":800,"height":800,"url":"https:\/\/www.au-palais-sucre.com\/wp-content\/uploads\/2024\/11\/mr-beast-feastables-chocolate-bar-original-1230000168069-52882350670155.webp","type":"image\/webp"}],"twitter_card":"summary_large_image","twitter_misc":{"Prix":"5,90&nbsp;&euro;","Disponibilit\u00e9":"En stock"},"schema":{"@context":"https:\/\/schema.org","@graph":[{"@type":"WebPage","@id":"https:\/\/www.au-palais-sucre.com\/index.php\/produit\/mr-beast-feastables-chocolate-bar-original\/","url":"https:\/\/www.au-palais-sucre.com\/index.php\/produit\/mr-beast-feastables-chocolate-bar-original\/","name":"Mr Beast Feastables Chocolate Bar Original USA - Au Palais Sucr\u00e9","isPartOf":{"@id":"https:\/\/www.au-palais-sucre.com\/#website"},"primaryImageOfPage":{"@id":"https:\/\/www.au-palais-sucre.com\/index.php\/produit\/mr-beast-feastables-chocolate-bar-original\/#primaryimage"},"image":{"@id":"https:\/\/www.au-palais-sucre.com\/index.php\/produit\/mr-beast-feastables-chocolate-bar-original\/#primaryimage"},"thumbnailUrl":"https:\/\/www.au-palais-sucre.com\/wp-content\/uploads\/2024\/11\/mr-beast-feastables-chocolate-bar-original-1230000168069-52882350670155.webp","datePublished":"2024-11-21T21:59:57+00:00","dateModified":"2025-11-06T13:41:33+00:00","description":"\"D\u00e9gustez le Capri-Sun Fraise Dubai, une boisson fruit\u00e9e exotique aux saveurs uniques. Disponible chez Au Palais Sucr\u00e9, d\u00e9couvrez cette \u00e9dition sp\u00e9ciale venue des \u00c9mirats !\"","breadcrumb":{"@id":"https:\/\/www.au-palais-sucre.com\/index.php\/produit\/mr-beast-feastables-chocolate-bar-original\/#breadcrumb"},"inLanguage":"fr-FR","potentialAction":[{"@type":"ReadAction","target":["https:\/\/www.au-palais-sucre.com\/index.php\/produit\/mr-beast-feastables-chocolate-bar-original\/"]}]},{"@type":"ImageObject","inLanguage":"fr-FR","@id":"https:\/\/www.au-palais-sucre.com\/index.php\/produit\/mr-beast-feastables-chocolate-bar-original\/#primaryimage","url":"https:\/\/www.au-palais-sucre.com\/wp-content\/uploads\/2024\/11\/mr-beast-feastables-chocolate-bar-original-1230000168069-52882350670155.webp","contentUrl":"https:\/\/www.au-palais-sucre.com\/wp-content\/uploads\/2024\/11\/mr-beast-feastables-chocolate-bar-original-1230000168069-52882350670155.webp","width":800,"height":800},{"@type":"BreadcrumbList","@id":"https:\/\/www.au-palais-sucre.com\/index.php\/produit\/mr-beast-feastables-chocolate-bar-original\/#breadcrumb","itemListElement":[{"@type":"ListItem","position":1,"name":"Boutique","item":"https:\/\/www.au-palais-sucre.com\/index.php\/shop\/"},{"@type":"ListItem","position":2,"name":"Mr Beast Feastables Chocolate Bar Original USA"}]},{"@type":"WebSite","@id":"https:\/\/www.au-palais-sucre.com\/#website","url":"https:\/\/www.au-palais-sucre.com\/","name":"Au Palais Sucr\u00e9","description":"Arrivage permanent de nouveaux produits..","publisher":{"@id":"https:\/\/www.au-palais-sucre.com\/#organization"},"potentialAction":[{"@type":"SearchAction","target":{"@type":"EntryPoint","urlTemplate":"https:\/\/www.au-palais-sucre.com\/?s={search_term_string}"},"query-input":{"@type":"PropertyValueSpecification","valueRequired":true,"valueName":"search_term_string"}}],"inLanguage":"fr-FR"},{"@type":"Organization","@id":"https:\/\/www.au-palais-sucre.com\/#organization","name":"Au Palais Sucr\u00e9","url":"https:\/\/www.au-palais-sucre.com\/","logo":{"@type":"ImageObject","inLanguage":"fr-FR","@id":"https:\/\/www.au-palais-sucre.com\/#\/schema\/logo\/image\/","url":"https:\/\/www.au-palais-sucre.com\/wp-content\/uploads\/2023\/06\/cropped-Logo-blanc_prev_ui.png","contentUrl":"https:\/\/www.au-palais-sucre.com\/wp-content\/uploads\/2023\/06\/cropped-Logo-blanc_prev_ui.png","width":567,"height":440,"caption":"Au Palais Sucr\u00e9"},"image":{"@id":"https:\/\/www.au-palais-sucre.com\/#\/schema\/logo\/image\/"},"sameAs":["https:\/\/www.facebook.com\/people\/Au-Palais-Sucr\/pfbid0xHg32QqsqJkkArCjoHQ6aaknwKMjtXgSnFxn2J3iXRfcnKZoBnYZT1GMsdL8xcPUl\/"]}]},"product_price_amount":"5.90","product_price_currency":"EUR","og_availability":"instock","product_availability":"instock","product_retailer_item_id":"ASPGAT75","product_condition":"new"},"_links":{"self":[{"href":"https:\/\/www.au-palais-sucre.com\/index.php\/wp-json\/wp\/v2\/product\/5084","targetHints":{"allow":["GET"]}}],"collection":[{"href":"https:\/\/www.au-palais-sucre.com\/index.php\/wp-json\/wp\/v2\/product"}],"about":[{"href":"https:\/\/www.au-palais-sucre.com\/index.php\/wp-json\/wp\/v2\/types\/product"}],"replies":[{"embeddable":true,"href":"https:\/\/www.au-palais-sucre.com\/index.php\/wp-json\/wp\/v2\/comments?post=5084"}],"version-history":[{"count":3,"href":"https:\/\/www.au-palais-sucre.com\/index.php\/wp-json\/wp\/v2\/product\/5084\/revisions"}],"predecessor-version":[{"id":6187,"href":"https:\/\/www.au-palais-sucre.com\/index.php\/wp-json\/wp\/v2\/product\/5084\/revisions\/6187"}],"wp:featuredmedia":[{"embeddable":true,"href":"https:\/\/www.au-palais-sucre.com\/index.php\/wp-json\/wp\/v2\/media\/5086"}],"wp:attachment":[{"href":"https:\/\/www.au-palais-sucre.com\/index.php\/wp-json\/wp\/v2\/media?parent=5084"}],"wp:term":[{"taxonomy":"product_brand","embeddable":true,"href":"https:\/\/www.au-palais-sucre.com\/index.php\/wp-json\/wp\/v2\/product_brand?post=5084"},{"taxonomy":"product_cat","embeddable":true,"href":"https:\/\/www.au-palais-sucre.com\/index.php\/wp-json\/wp\/v2\/product_cat?post=5084"},{"taxonomy":"product_tag","embeddable":true,"href":"https:\/\/www.au-palais-sucre.com\/index.php\/wp-json\/wp\/v2\/product_tag?post=5084"}],"curies":[{"name":"wp","href":"https:\/\/api.w.org\/{rel}","templated":true}]}}