{"id":5101,"date":"2024-12-18T00:08:41","date_gmt":"2024-12-17T23:08:41","guid":{"rendered":"https:\/\/www.au-palais-sucre.com\/?post_type=product&#038;p=5101"},"modified":"2025-06-20T17:06:10","modified_gmt":"2025-06-20T15:06:10","slug":"the-taste-of-dubai","status":"publish","type":"product","link":"https:\/\/www.au-palais-sucre.com\/index.php\/produit\/the-taste-of-dubai\/","title":{"rendered":"The Taste of Dubai pistache"},"content":{"rendered":"<h1>The Taste of Dubai pistache<\/h1>\n<p>Go\u00fbtez la diff\u00e9rence : le chocolat de Dubai par Elit Le kadayif croustillant et croustillant rencontre des pistaches soigneusement s\u00e9lectionn\u00e9es par la ma\u00eetrise du chocolat Elit. Cette combinaison unique offre une exp\u00e9rience gustative magnifique o\u00f9 les saveurs traditionnelles sont m\u00e9lang\u00e9es \u00e0 une interpr\u00e9tation moderne. La croustelle du kadayif, le riche ar\u00f4me des pistaches et le toucher du chocolat Elit r\u00e9unis au chocolat de Djouba offrent un voyage de go\u00fbt inoubliable avec chaque bouch\u00e9e. Essayez maintenant de go\u00fbter la diff\u00e9rence.<\/p>\n<p>D\u00e9couvrez \u00ab\u00a0The Taste of Dubai\u00a0\u00bb, l\u2019exp\u00e9rience culinaire qui incarne la qualit\u00e9 et le raffinement. Ce produit embl\u00e9matique est synonyme d\u2019excellence, alliant des ingr\u00e9dients soigneusement s\u00e9lectionn\u00e9s et des saveurs authentiques qui refl\u00e8tent le luxe et la richesse gastronomique de Duba\u00ef. Appr\u00e9ci\u00e9 par des milliers d\u2019amateurs \u00e0 travers le monde, \u00ab\u00a0The Taste of Dubai\u00a0\u00bb est le choix privil\u00e9gi\u00e9 pour sublimer vos moments gourmands. Offrez-vous le go\u00fbt du succ\u00e8s : commandez d\u00e8s aujourd&rsquo;hui et savourez l&rsquo;authenticit\u00e9 \u00e0 son apog\u00e9e !<\/p>\n<p><strong>Tous nos produits b\u00e9n\u00e9ficient d\u2019une DDM de plusieurs mois.<\/strong><br \/>\n<strong>DDM = Date de Durabilit\u00e9 Minimale, anciennement DLUO.<\/strong><\/p>\n<h3>Ingr\u00e9dients The Taste of Dubai pistache<\/h3>\n<p>Chocolat au lait [sucre, beurre de cacao, poudre de lait entier, masse de cacao, \u00e9mulsifiant (l\u00e9thine de tournesol), ar\u00f4me naturel vanille). Chocolat blanc [sucre, beurre de cacao, poudre de lait entier, \u00e9mulsifiant (l\u00e9cithine de soja), ar\u00f4me naturel vanille). Cr\u00e8me pistaches [sucre, pistaches, huile v\u00e9g\u00e9tale (tourd de tournesol), poudre de lactos\u00e9rum, lait \u00e9cr\u00e9m\u00e9 en poudre, \u00e9mulsifiant (l\u00e9cithine de soja), Kadayif, Tahini<\/p>\n<p><u><strong>Allerg\u00e8nes: <\/strong><\/u><strong>Peut contenir du lait, des fruits \u00e0 coque et du soja<\/strong><\/p>\n<p>&nbsp;<\/p>\n<p><strong>AU PALAIS SUCRE<\/strong> est votre destination pour des bonbons, confiseries, boissons, chips et produits du monde pour les particuliers, les associations et les entreprises. Nous offrons un choix vari\u00e9 de produits de qualit\u00e9 sup\u00e9rieure pour satisfaire tous les go\u00fbts et les besoins.<\/p>\n<p>Nous sommes fiers d\u2019offrir \u00e0 nos clients un service hors pair. Nous nous engageons \u00e0 pr\u00e9parer et exp\u00e9dier les commandes dans les 24h\/48h suivant l\u2019achat, pour une livraison rapide et fiable. De plus, notre \u00e9quipe de service clients est toujours disponible pour r\u00e9pondre \u00e0 vos questions et vous aider \u00e0 trouver le produit id\u00e9al pour vos besoins.<\/p>\n<p>Chez AU PALAIS SUCRE, nous sommes passionn\u00e9s par les bonbons et les confiseries, et nous sommes d\u00e9termin\u00e9s \u00e0 offrir \u00e0 nos clients une exp\u00e9rience de magasinage en ligne agr\u00e9able et sans stress. Nous sommes votre guichet unique pour tous vos besoins en sucreries et en produits du monde, et nous sommes impatients de vous servir d\u00e8s maintenant !<\/p>\n<p>&nbsp;<\/p>\n","protected":false},"excerpt":{"rendered":"<h1>The Taste of Dubai pistache<\/h1>\n<p>Go\u00fbtez la diff\u00e9rence : le chocolat de Dubai par Elit Le kadayif croustillant et croustillant rencontre des pistaches soigneusement s\u00e9lectionn\u00e9es par la ma\u00eetrise du chocolat Elit. Cette combinaison unique offre une exp\u00e9rience gustative magnifique o\u00f9 les saveurs traditionnelles sont m\u00e9lang\u00e9es \u00e0 une interpr\u00e9tation moderne. La croustelle du kadayif, le riche ar\u00f4me des pistaches et le toucher du chocolat Elit r\u00e9unis au chocolat de Djouba offrent un voyage de go\u00fbt inoubliable avec chaque bouch\u00e9e. Essayez maintenant de go\u00fbter la diff\u00e9rence.<\/p>\n<p>D\u00e9couvrez \u00ab\u00a0The Taste of Dubai\u00a0\u00bb, l\u2019exp\u00e9rience culinaire qui incarne la qualit\u00e9 et le raffinement. Ce produit embl\u00e9matique est synonyme d\u2019excellence, alliant des ingr\u00e9dients soigneusement s\u00e9lectionn\u00e9s et des saveurs authentiques qui refl\u00e8tent le luxe et la richesse gastronomique de Duba\u00ef. Appr\u00e9ci\u00e9 par des milliers d\u2019amateurs \u00e0 travers le monde, \u00ab\u00a0The Taste of Dubai\u00a0\u00bb est le choix privil\u00e9gi\u00e9 pour sublimer vos moments gourmands. Offrez-vous le go\u00fbt du succ\u00e8s : commandez d\u00e8s aujourd&rsquo;hui et savourez l&rsquo;authenticit\u00e9 \u00e0 son apog\u00e9e !<\/p>\n<p><strong>Tous nos produits b\u00e9n\u00e9ficient d\u2019une DDM de plusieurs mois.<\/strong><br \/>\n<strong>DDM = Date de Durabilit\u00e9 Minimale, anciennement DLUO.<\/strong><\/p>\n","protected":false},"featured_media":5102,"comment_status":"open","ping_status":"closed","template":"","meta":{"ocean_post_layout":"","ocean_both_sidebars_style":"","ocean_both_sidebars_content_width":0,"ocean_both_sidebars_sidebars_width":0,"ocean_sidebar":"0","ocean_second_sidebar":"0","ocean_disable_margins":"enable","ocean_add_body_class":"","ocean_shortcode_before_top_bar":"","ocean_shortcode_after_top_bar":"","ocean_shortcode_before_header":"","ocean_shortcode_after_header":"","ocean_has_shortcode":"","ocean_shortcode_after_title":"","ocean_shortcode_before_footer_widgets":"","ocean_shortcode_after_footer_widgets":"","ocean_shortcode_before_footer_bottom":"","ocean_shortcode_after_footer_bottom":"","ocean_display_top_bar":"default","ocean_display_header":"default","ocean_header_style":"","ocean_center_header_left_menu":"0","ocean_custom_header_template":"0","ocean_custom_logo":0,"ocean_custom_retina_logo":0,"ocean_custom_logo_max_width":0,"ocean_custom_logo_tablet_max_width":0,"ocean_custom_logo_mobile_max_width":0,"ocean_custom_logo_max_height":0,"ocean_custom_logo_tablet_max_height":0,"ocean_custom_logo_mobile_max_height":0,"ocean_header_custom_menu":"0","ocean_menu_typo_font_family":"0","ocean_menu_typo_font_subset":"","ocean_menu_typo_font_size":0,"ocean_menu_typo_font_size_tablet":0,"ocean_menu_typo_font_size_mobile":0,"ocean_menu_typo_font_size_unit":"px","ocean_menu_typo_font_weight":"","ocean_menu_typo_font_weight_tablet":"","ocean_menu_typo_font_weight_mobile":"","ocean_menu_typo_transform":"","ocean_menu_typo_transform_tablet":"","ocean_menu_typo_transform_mobile":"","ocean_menu_typo_line_height":0,"ocean_menu_typo_line_height_tablet":0,"ocean_menu_typo_line_height_mobile":0,"ocean_menu_typo_line_height_unit":"","ocean_menu_typo_spacing":0,"ocean_menu_typo_spacing_tablet":0,"ocean_menu_typo_spacing_mobile":0,"ocean_menu_typo_spacing_unit":"","ocean_menu_link_color":"","ocean_menu_link_color_hover":"","ocean_menu_link_color_active":"","ocean_menu_link_background":"","ocean_menu_link_hover_background":"","ocean_menu_link_active_background":"","ocean_menu_social_links_bg":"","ocean_menu_social_hover_links_bg":"","ocean_menu_social_links_color":"","ocean_menu_social_hover_links_color":"","ocean_disable_title":"default","ocean_disable_heading":"default","ocean_post_title":"","ocean_post_subheading":"","ocean_post_title_style":"","ocean_post_title_background_color":"","ocean_post_title_background":0,"ocean_post_title_bg_image_position":"","ocean_post_title_bg_image_attachment":"","ocean_post_title_bg_image_repeat":"","ocean_post_title_bg_image_size":"","ocean_post_title_height":0,"ocean_post_title_bg_overlay":0.5,"ocean_post_title_bg_overlay_color":"","ocean_disable_breadcrumbs":"default","ocean_breadcrumbs_color":"","ocean_breadcrumbs_separator_color":"","ocean_breadcrumbs_links_color":"","ocean_breadcrumbs_links_hover_color":"","ocean_display_footer_widgets":"default","ocean_display_footer_bottom":"default","ocean_custom_footer_template":"0"},"product_brand":[],"product_cat":[64,88,47],"product_tag":[],"class_list":{"0":"post-5101","1":"product","2":"type-product","3":"status-publish","4":"has-post-thumbnail","6":"product_cat-dubai","7":"product_cat-gateaux","8":"product_cat-bonbons-halal","10":"entry","11":"has-media","13":"first","14":"outofstock","15":"shipping-taxable","16":"purchasable","17":"product-type-simple","18":"has-product-nav","19":"col","20":"span_1_of_3","21":"owp-content-center","22":"owp-thumbs-layout-horizontal","23":"owp-btn-normal","24":"owp-tabs-layout-horizontal","25":"has-no-thumbnails"},"yoast_head":"<!-- This site is optimized with the Yoast SEO plugin v24.3 - https:\/\/yoast.com\/wordpress\/plugins\/seo\/ -->\n<title>The Taste of Dubai pistache - Au Palais Sucr\u00e9<\/title>\n<meta name=\"description\" content=\"Plongez dans l&#039;excellence culinaire avec &quot;The Taste of Dubai&quot;. D\u00e9couvrez des saveurs authentiques, une qualit\u00e9 exceptionnelle et un succ\u00e8s mondial. Commandez maintenant et savourez l&#039;\u00e9l\u00e9gance de Duba\u00ef \u00e0 chaque bouch\u00e9e !\" \/>\n<meta name=\"robots\" content=\"index, follow, max-snippet:-1, max-image-preview:large, max-video-preview:-1\" \/>\n<link rel=\"canonical\" href=\"https:\/\/www.au-palais-sucre.com\/index.php\/produit\/the-taste-of-dubai\/\" \/>\n<meta property=\"og:locale\" content=\"fr_FR\" \/>\n<meta property=\"og:type\" content=\"article\" \/>\n<meta property=\"og:title\" content=\"The Taste of Dubai pistache - Au Palais Sucr\u00e9\" \/>\n<meta property=\"og:description\" content=\"Plongez dans l&#039;excellence culinaire avec &quot;The Taste of Dubai&quot;. D\u00e9couvrez des saveurs authentiques, une qualit\u00e9 exceptionnelle et un succ\u00e8s mondial. Commandez maintenant et savourez l&#039;\u00e9l\u00e9gance de Duba\u00ef \u00e0 chaque bouch\u00e9e !\" \/>\n<meta property=\"og:url\" content=\"https:\/\/www.au-palais-sucre.com\/index.php\/produit\/the-taste-of-dubai\/\" \/>\n<meta property=\"og:site_name\" content=\"Au Palais Sucr\u00e9\" \/>\n<meta property=\"article:publisher\" content=\"https:\/\/www.facebook.com\/people\/Au-Palais-Sucr\/pfbid0xHg32QqsqJkkArCjoHQ6aaknwKMjtXgSnFxn2J3iXRfcnKZoBnYZT1GMsdL8xcPUl\/\" \/>\n<meta property=\"article:modified_time\" content=\"2025-06-20T15:06:10+00:00\" \/>\n<meta property=\"og:image\" content=\"https:\/\/www.au-palais-sucre.com\/wp-content\/uploads\/2024\/12\/dubai-schokolade-90-g-genuss-mit-pistaziencreme-kadayefe.webp\" \/>\n\t<meta property=\"og:image:width\" content=\"1600\" \/>\n\t<meta property=\"og:image:height\" content=\"1600\" \/>\n\t<meta property=\"og:image:type\" content=\"image\/webp\" \/>\n<meta name=\"twitter:card\" content=\"summary_large_image\" \/>\n<meta name=\"twitter:label1\" content=\"Prix\" \/>\n\t<meta name=\"twitter:data1\" content=\"4,50&nbsp;&euro;\" \/>\n\t<meta name=\"twitter:label2\" content=\"Disponibilit\u00e9\" \/>\n\t<meta name=\"twitter:data2\" content=\"Rupture de stock\" \/>\n<script type=\"application\/ld+json\" class=\"yoast-schema-graph\">{\"@context\":\"https:\/\/schema.org\",\"@graph\":[{\"@type\":\"WebPage\",\"@id\":\"https:\/\/www.au-palais-sucre.com\/index.php\/produit\/the-taste-of-dubai\/\",\"url\":\"https:\/\/www.au-palais-sucre.com\/index.php\/produit\/the-taste-of-dubai\/\",\"name\":\"The Taste of Dubai pistache - Au Palais Sucr\u00e9\",\"isPartOf\":{\"@id\":\"https:\/\/www.au-palais-sucre.com\/#website\"},\"primaryImageOfPage\":{\"@id\":\"https:\/\/www.au-palais-sucre.com\/index.php\/produit\/the-taste-of-dubai\/#primaryimage\"},\"image\":{\"@id\":\"https:\/\/www.au-palais-sucre.com\/index.php\/produit\/the-taste-of-dubai\/#primaryimage\"},\"thumbnailUrl\":\"https:\/\/www.au-palais-sucre.com\/wp-content\/uploads\/2024\/12\/dubai-schokolade-90-g-genuss-mit-pistaziencreme-kadayefe.webp\",\"datePublished\":\"2024-12-17T23:08:41+00:00\",\"dateModified\":\"2025-06-20T15:06:10+00:00\",\"description\":\"Plongez dans l'excellence culinaire avec \\\"The Taste of Dubai\\\". D\u00e9couvrez des saveurs authentiques, une qualit\u00e9 exceptionnelle et un succ\u00e8s mondial. Commandez maintenant et savourez l'\u00e9l\u00e9gance de Duba\u00ef \u00e0 chaque bouch\u00e9e !\",\"breadcrumb\":{\"@id\":\"https:\/\/www.au-palais-sucre.com\/index.php\/produit\/the-taste-of-dubai\/#breadcrumb\"},\"inLanguage\":\"fr-FR\",\"potentialAction\":[{\"@type\":\"ReadAction\",\"target\":[\"https:\/\/www.au-palais-sucre.com\/index.php\/produit\/the-taste-of-dubai\/\"]}]},{\"@type\":\"ImageObject\",\"inLanguage\":\"fr-FR\",\"@id\":\"https:\/\/www.au-palais-sucre.com\/index.php\/produit\/the-taste-of-dubai\/#primaryimage\",\"url\":\"https:\/\/www.au-palais-sucre.com\/wp-content\/uploads\/2024\/12\/dubai-schokolade-90-g-genuss-mit-pistaziencreme-kadayefe.webp\",\"contentUrl\":\"https:\/\/www.au-palais-sucre.com\/wp-content\/uploads\/2024\/12\/dubai-schokolade-90-g-genuss-mit-pistaziencreme-kadayefe.webp\",\"width\":1600,\"height\":1600},{\"@type\":\"BreadcrumbList\",\"@id\":\"https:\/\/www.au-palais-sucre.com\/index.php\/produit\/the-taste-of-dubai\/#breadcrumb\",\"itemListElement\":[{\"@type\":\"ListItem\",\"position\":1,\"name\":\"Boutique\",\"item\":\"https:\/\/www.au-palais-sucre.com\/index.php\/shop\/\"},{\"@type\":\"ListItem\",\"position\":2,\"name\":\"The Taste of Dubai pistache\"}]},{\"@type\":\"WebSite\",\"@id\":\"https:\/\/www.au-palais-sucre.com\/#website\",\"url\":\"https:\/\/www.au-palais-sucre.com\/\",\"name\":\"Au Palais Sucr\u00e9\",\"description\":\"Arrivage permanent de nouveaux produits..\",\"publisher\":{\"@id\":\"https:\/\/www.au-palais-sucre.com\/#organization\"},\"potentialAction\":[{\"@type\":\"SearchAction\",\"target\":{\"@type\":\"EntryPoint\",\"urlTemplate\":\"https:\/\/www.au-palais-sucre.com\/?s={search_term_string}\"},\"query-input\":{\"@type\":\"PropertyValueSpecification\",\"valueRequired\":true,\"valueName\":\"search_term_string\"}}],\"inLanguage\":\"fr-FR\"},{\"@type\":\"Organization\",\"@id\":\"https:\/\/www.au-palais-sucre.com\/#organization\",\"name\":\"Au Palais Sucr\u00e9\",\"url\":\"https:\/\/www.au-palais-sucre.com\/\",\"logo\":{\"@type\":\"ImageObject\",\"inLanguage\":\"fr-FR\",\"@id\":\"https:\/\/www.au-palais-sucre.com\/#\/schema\/logo\/image\/\",\"url\":\"https:\/\/www.au-palais-sucre.com\/wp-content\/uploads\/2023\/06\/cropped-Logo-blanc_prev_ui.png\",\"contentUrl\":\"https:\/\/www.au-palais-sucre.com\/wp-content\/uploads\/2023\/06\/cropped-Logo-blanc_prev_ui.png\",\"width\":567,\"height\":440,\"caption\":\"Au Palais Sucr\u00e9\"},\"image\":{\"@id\":\"https:\/\/www.au-palais-sucre.com\/#\/schema\/logo\/image\/\"},\"sameAs\":[\"https:\/\/www.facebook.com\/people\/Au-Palais-Sucr\/pfbid0xHg32QqsqJkkArCjoHQ6aaknwKMjtXgSnFxn2J3iXRfcnKZoBnYZT1GMsdL8xcPUl\/\"]}]}<\/script>\n<meta property=\"product:price:amount\" content=\"4.50\" \/>\n<meta property=\"product:price:currency\" content=\"EUR\" \/>\n<meta property=\"og:availability\" content=\"out of stock\" \/>\n<meta property=\"product:availability\" content=\"out of stock\" \/>\n<meta property=\"product:retailer_item_id\" content=\"ASPGAT77\" \/>\n<meta property=\"product:condition\" content=\"new\" \/>\n<!-- \/ Yoast SEO plugin. -->","yoast_head_json":{"title":"The Taste of Dubai pistache - Au Palais Sucr\u00e9","description":"Plongez dans l'excellence culinaire avec \"The Taste of Dubai\". D\u00e9couvrez des saveurs authentiques, une qualit\u00e9 exceptionnelle et un succ\u00e8s mondial. Commandez maintenant et savourez l'\u00e9l\u00e9gance de Duba\u00ef \u00e0 chaque bouch\u00e9e !","robots":{"index":"index","follow":"follow","max-snippet":"max-snippet:-1","max-image-preview":"max-image-preview:large","max-video-preview":"max-video-preview:-1"},"canonical":"https:\/\/www.au-palais-sucre.com\/index.php\/produit\/the-taste-of-dubai\/","og_locale":"fr_FR","og_type":"article","og_title":"The Taste of Dubai pistache - Au Palais Sucr\u00e9","og_description":"Plongez dans l'excellence culinaire avec \"The Taste of Dubai\". D\u00e9couvrez des saveurs authentiques, une qualit\u00e9 exceptionnelle et un succ\u00e8s mondial. Commandez maintenant et savourez l'\u00e9l\u00e9gance de Duba\u00ef \u00e0 chaque bouch\u00e9e !","og_url":"https:\/\/www.au-palais-sucre.com\/index.php\/produit\/the-taste-of-dubai\/","og_site_name":"Au Palais Sucr\u00e9","article_publisher":"https:\/\/www.facebook.com\/people\/Au-Palais-Sucr\/pfbid0xHg32QqsqJkkArCjoHQ6aaknwKMjtXgSnFxn2J3iXRfcnKZoBnYZT1GMsdL8xcPUl\/","article_modified_time":"2025-06-20T15:06:10+00:00","og_image":[{"width":1600,"height":1600,"url":"https:\/\/www.au-palais-sucre.com\/wp-content\/uploads\/2024\/12\/dubai-schokolade-90-g-genuss-mit-pistaziencreme-kadayefe.webp","type":"image\/webp"}],"twitter_card":"summary_large_image","twitter_misc":{"Prix":"4,50&nbsp;&euro;","Disponibilit\u00e9":"Rupture de stock"},"schema":{"@context":"https:\/\/schema.org","@graph":[{"@type":"WebPage","@id":"https:\/\/www.au-palais-sucre.com\/index.php\/produit\/the-taste-of-dubai\/","url":"https:\/\/www.au-palais-sucre.com\/index.php\/produit\/the-taste-of-dubai\/","name":"The Taste of Dubai pistache - Au Palais Sucr\u00e9","isPartOf":{"@id":"https:\/\/www.au-palais-sucre.com\/#website"},"primaryImageOfPage":{"@id":"https:\/\/www.au-palais-sucre.com\/index.php\/produit\/the-taste-of-dubai\/#primaryimage"},"image":{"@id":"https:\/\/www.au-palais-sucre.com\/index.php\/produit\/the-taste-of-dubai\/#primaryimage"},"thumbnailUrl":"https:\/\/www.au-palais-sucre.com\/wp-content\/uploads\/2024\/12\/dubai-schokolade-90-g-genuss-mit-pistaziencreme-kadayefe.webp","datePublished":"2024-12-17T23:08:41+00:00","dateModified":"2025-06-20T15:06:10+00:00","description":"Plongez dans l'excellence culinaire avec \"The Taste of Dubai\". D\u00e9couvrez des saveurs authentiques, une qualit\u00e9 exceptionnelle et un succ\u00e8s mondial. Commandez maintenant et savourez l'\u00e9l\u00e9gance de Duba\u00ef \u00e0 chaque bouch\u00e9e !","breadcrumb":{"@id":"https:\/\/www.au-palais-sucre.com\/index.php\/produit\/the-taste-of-dubai\/#breadcrumb"},"inLanguage":"fr-FR","potentialAction":[{"@type":"ReadAction","target":["https:\/\/www.au-palais-sucre.com\/index.php\/produit\/the-taste-of-dubai\/"]}]},{"@type":"ImageObject","inLanguage":"fr-FR","@id":"https:\/\/www.au-palais-sucre.com\/index.php\/produit\/the-taste-of-dubai\/#primaryimage","url":"https:\/\/www.au-palais-sucre.com\/wp-content\/uploads\/2024\/12\/dubai-schokolade-90-g-genuss-mit-pistaziencreme-kadayefe.webp","contentUrl":"https:\/\/www.au-palais-sucre.com\/wp-content\/uploads\/2024\/12\/dubai-schokolade-90-g-genuss-mit-pistaziencreme-kadayefe.webp","width":1600,"height":1600},{"@type":"BreadcrumbList","@id":"https:\/\/www.au-palais-sucre.com\/index.php\/produit\/the-taste-of-dubai\/#breadcrumb","itemListElement":[{"@type":"ListItem","position":1,"name":"Boutique","item":"https:\/\/www.au-palais-sucre.com\/index.php\/shop\/"},{"@type":"ListItem","position":2,"name":"The Taste of Dubai pistache"}]},{"@type":"WebSite","@id":"https:\/\/www.au-palais-sucre.com\/#website","url":"https:\/\/www.au-palais-sucre.com\/","name":"Au Palais Sucr\u00e9","description":"Arrivage permanent de nouveaux produits..","publisher":{"@id":"https:\/\/www.au-palais-sucre.com\/#organization"},"potentialAction":[{"@type":"SearchAction","target":{"@type":"EntryPoint","urlTemplate":"https:\/\/www.au-palais-sucre.com\/?s={search_term_string}"},"query-input":{"@type":"PropertyValueSpecification","valueRequired":true,"valueName":"search_term_string"}}],"inLanguage":"fr-FR"},{"@type":"Organization","@id":"https:\/\/www.au-palais-sucre.com\/#organization","name":"Au Palais Sucr\u00e9","url":"https:\/\/www.au-palais-sucre.com\/","logo":{"@type":"ImageObject","inLanguage":"fr-FR","@id":"https:\/\/www.au-palais-sucre.com\/#\/schema\/logo\/image\/","url":"https:\/\/www.au-palais-sucre.com\/wp-content\/uploads\/2023\/06\/cropped-Logo-blanc_prev_ui.png","contentUrl":"https:\/\/www.au-palais-sucre.com\/wp-content\/uploads\/2023\/06\/cropped-Logo-blanc_prev_ui.png","width":567,"height":440,"caption":"Au Palais Sucr\u00e9"},"image":{"@id":"https:\/\/www.au-palais-sucre.com\/#\/schema\/logo\/image\/"},"sameAs":["https:\/\/www.facebook.com\/people\/Au-Palais-Sucr\/pfbid0xHg32QqsqJkkArCjoHQ6aaknwKMjtXgSnFxn2J3iXRfcnKZoBnYZT1GMsdL8xcPUl\/"]}]},"product_price_amount":"4.50","product_price_currency":"EUR","og_availability":"out of stock","product_availability":"out of stock","product_retailer_item_id":"ASPGAT77","product_condition":"new"},"_links":{"self":[{"href":"https:\/\/www.au-palais-sucre.com\/index.php\/wp-json\/wp\/v2\/product\/5101","targetHints":{"allow":["GET"]}}],"collection":[{"href":"https:\/\/www.au-palais-sucre.com\/index.php\/wp-json\/wp\/v2\/product"}],"about":[{"href":"https:\/\/www.au-palais-sucre.com\/index.php\/wp-json\/wp\/v2\/types\/product"}],"replies":[{"embeddable":true,"href":"https:\/\/www.au-palais-sucre.com\/index.php\/wp-json\/wp\/v2\/comments?post=5101"}],"version-history":[{"count":2,"href":"https:\/\/www.au-palais-sucre.com\/index.php\/wp-json\/wp\/v2\/product\/5101\/revisions"}],"predecessor-version":[{"id":5785,"href":"https:\/\/www.au-palais-sucre.com\/index.php\/wp-json\/wp\/v2\/product\/5101\/revisions\/5785"}],"wp:featuredmedia":[{"embeddable":true,"href":"https:\/\/www.au-palais-sucre.com\/index.php\/wp-json\/wp\/v2\/media\/5102"}],"wp:attachment":[{"href":"https:\/\/www.au-palais-sucre.com\/index.php\/wp-json\/wp\/v2\/media?parent=5101"}],"wp:term":[{"taxonomy":"product_brand","embeddable":true,"href":"https:\/\/www.au-palais-sucre.com\/index.php\/wp-json\/wp\/v2\/product_brand?post=5101"},{"taxonomy":"product_cat","embeddable":true,"href":"https:\/\/www.au-palais-sucre.com\/index.php\/wp-json\/wp\/v2\/product_cat?post=5101"},{"taxonomy":"product_tag","embeddable":true,"href":"https:\/\/www.au-palais-sucre.com\/index.php\/wp-json\/wp\/v2\/product_tag?post=5101"}],"curies":[{"name":"wp","href":"https:\/\/api.w.org\/{rel}","templated":true}]}}