{"id":5103,"date":"2024-12-18T00:38:11","date_gmt":"2024-12-17T23:38:11","guid":{"rendered":"https:\/\/www.au-palais-sucre.com\/?post_type=product&#038;p=5103"},"modified":"2025-11-06T14:39:37","modified_gmt":"2025-11-06T13:39:37","slug":"the-taste-of-dubai-fraise","status":"publish","type":"product","link":"https:\/\/www.au-palais-sucre.com\/index.php\/produit\/the-taste-of-dubai-fraise\/","title":{"rendered":"The Taste of Dubai fraise"},"content":{"rendered":"<h1>The Taste of Dubai fraise<\/h1>\n<p>D\u00e9couvrez \u00ab\u00a0The Taste of Dubai Fraise\u00a0\u00bb, une explosion de saveurs raffin\u00e9es et authentiques. \u00c9labor\u00e9 avec des fraises de premi\u00e8re qualit\u00e9 et des ingr\u00e9dients s\u00e9lectionn\u00e9s avec soin, ce produit incarne l\u2019excellence culinaire. Pl\u00e9biscit\u00e9 \u00e0 travers le monde pour son go\u00fbt unique et son succ\u00e8s incontestable, il est le choix parfait pour sublimer vos desserts et moments gourmands. Offrez-vous l\u2019\u00e9l\u00e9gance et la richesse de Duba\u00ef dans chaque bouch\u00e9e. Commandez d\u00e8s aujourd\u2019hui et go\u00fbtez la diff\u00e9rence !<\/p>\n<p>Un d\u00e9licieux chocolat au lait de qualit\u00e9 sup\u00e9rieure, d\u00e9licatement garni d\u2019une cr\u00e8me onctueuse \u00e0 la fraise et de kadayif, une p\u00e2te feuillet\u00e9e traditionnelle du Moyen-Orient. Ce produit incarne l\u2019authenticit\u00e9 et le luxe des saveurs de Duba\u00ef, avec une exp\u00e9rience gustative qui allie douceur, fra\u00eecheur fruit\u00e9e et croquant l\u00e9ger.<\/p>\n<p><strong>Tous nos produits b\u00e9n\u00e9ficient d\u2019une DDM de plusieurs mois.<\/strong><br \/>\n<strong>DDM = Date de Durabilit\u00e9 Minimale, anciennement DLUO<\/strong><\/p>\n<p>DLC : 05\/2026<\/p>\n<h3>Ingr\u00e9dients The Taste of Dubai fraise<\/h3>\n<p>Chocolat au lait [sucre, beurre de cacao, poudre de lait entier, masse de cacao, \u00e9mulsifiant (l\u00e9thine de tournesol), ar\u00f4me naturel vanille). Chocolat blanc [sucre, beurre de cacao, poudre de lait entier, \u00e9mulsifiant (l\u00e9cithine de soja), ar\u00f4me naturel vanille). Cr\u00e8me fraise [sucre, huile v\u00e9g\u00e9tale (tourd de tournesol), poudre de lactos\u00e9rum, lait \u00e9cr\u00e9m\u00e9 en poudre, \u00e9mulsifiant (l\u00e9cithine de soja), Kadayif, Tahini<\/p>\n<p><u><strong>Allerg\u00e8nes: <\/strong><\/u><strong>Peut contenir du lait, des fruits \u00e0 coque et du soja<\/strong><\/p>\n<p><strong>AU PALAIS SUCRE<\/strong> est votre destination pour des bonbons, confiseries, boissons, chips et produits du monde pour les particuliers, les associations et les entreprises. Nous offrons un choix vari\u00e9 de produits de qualit\u00e9 sup\u00e9rieure pour satisfaire tous les go\u00fbts et les besoins.<\/p>\n<p>Nous sommes fiers d\u2019offrir \u00e0 nos clients un service hors pair. Nous nous engageons \u00e0 pr\u00e9parer et exp\u00e9dier les commandes dans les 24h\/48h suivant l\u2019achat, pour une livraison rapide et fiable. De plus, notre \u00e9quipe de service clients est toujours disponible pour r\u00e9pondre \u00e0 vos questions et vous aider \u00e0 trouver le produit id\u00e9al pour vos besoins.<\/p>\n<p>&nbsp;<\/p>\n","protected":false},"excerpt":{"rendered":"<h1>The Taste of Dubai fraise<\/h1>\n<p>D\u00e9couvrez \u00ab\u00a0The Taste of Dubai Fraise\u00a0\u00bb, une explosion de saveurs raffin\u00e9es et authentiques. \u00c9labor\u00e9 avec des fraises de premi\u00e8re qualit\u00e9 et des ingr\u00e9dients s\u00e9lectionn\u00e9s avec soin, ce produit incarne l\u2019excellence culinaire. Pl\u00e9biscit\u00e9 \u00e0 travers le monde pour son go\u00fbt unique et son succ\u00e8s incontestable, il est le choix parfait pour sublimer vos desserts et moments gourmands. Offrez-vous l\u2019\u00e9l\u00e9gance et la richesse de Duba\u00ef dans chaque bouch\u00e9e. Commandez d\u00e8s aujourd\u2019hui et go\u00fbtez la diff\u00e9rence !<\/p>\n<p>Un d\u00e9licieux chocolat au lait de qualit\u00e9 sup\u00e9rieure, d\u00e9licatement garni d\u2019une cr\u00e8me onctueuse \u00e0 la fraise et de kadayif, une p\u00e2te feuillet\u00e9e traditionnelle du Moyen-Orient. Ce produit incarne l\u2019authenticit\u00e9 et le luxe des saveurs de Duba\u00ef, avec une exp\u00e9rience gustative qui allie douceur, fra\u00eecheur fruit\u00e9e et croquant l\u00e9ger.<\/p>\n<p><strong>Tous nos produits b\u00e9n\u00e9ficient d\u2019une DDM de plusieurs mois.<\/strong><br \/>\n<strong>DDM = Date de Durabilit\u00e9 Minimale, anciennement DLUO.<\/strong><\/p>\n","protected":false},"featured_media":5105,"comment_status":"open","ping_status":"closed","template":"","meta":{"ocean_post_layout":"","ocean_both_sidebars_style":"","ocean_both_sidebars_content_width":0,"ocean_both_sidebars_sidebars_width":0,"ocean_sidebar":"0","ocean_second_sidebar":"0","ocean_disable_margins":"enable","ocean_add_body_class":"","ocean_shortcode_before_top_bar":"","ocean_shortcode_after_top_bar":"","ocean_shortcode_before_header":"","ocean_shortcode_after_header":"","ocean_has_shortcode":"","ocean_shortcode_after_title":"","ocean_shortcode_before_footer_widgets":"","ocean_shortcode_after_footer_widgets":"","ocean_shortcode_before_footer_bottom":"","ocean_shortcode_after_footer_bottom":"","ocean_display_top_bar":"default","ocean_display_header":"default","ocean_header_style":"","ocean_center_header_left_menu":"0","ocean_custom_header_template":"0","ocean_custom_logo":0,"ocean_custom_retina_logo":0,"ocean_custom_logo_max_width":0,"ocean_custom_logo_tablet_max_width":0,"ocean_custom_logo_mobile_max_width":0,"ocean_custom_logo_max_height":0,"ocean_custom_logo_tablet_max_height":0,"ocean_custom_logo_mobile_max_height":0,"ocean_header_custom_menu":"0","ocean_menu_typo_font_family":"0","ocean_menu_typo_font_subset":"","ocean_menu_typo_font_size":0,"ocean_menu_typo_font_size_tablet":0,"ocean_menu_typo_font_size_mobile":0,"ocean_menu_typo_font_size_unit":"px","ocean_menu_typo_font_weight":"","ocean_menu_typo_font_weight_tablet":"","ocean_menu_typo_font_weight_mobile":"","ocean_menu_typo_transform":"","ocean_menu_typo_transform_tablet":"","ocean_menu_typo_transform_mobile":"","ocean_menu_typo_line_height":0,"ocean_menu_typo_line_height_tablet":0,"ocean_menu_typo_line_height_mobile":0,"ocean_menu_typo_line_height_unit":"","ocean_menu_typo_spacing":0,"ocean_menu_typo_spacing_tablet":0,"ocean_menu_typo_spacing_mobile":0,"ocean_menu_typo_spacing_unit":"","ocean_menu_link_color":"","ocean_menu_link_color_hover":"","ocean_menu_link_color_active":"","ocean_menu_link_background":"","ocean_menu_link_hover_background":"","ocean_menu_link_active_background":"","ocean_menu_social_links_bg":"","ocean_menu_social_hover_links_bg":"","ocean_menu_social_links_color":"","ocean_menu_social_hover_links_color":"","ocean_disable_title":"default","ocean_disable_heading":"default","ocean_post_title":"","ocean_post_subheading":"","ocean_post_title_style":"","ocean_post_title_background_color":"","ocean_post_title_background":0,"ocean_post_title_bg_image_position":"","ocean_post_title_bg_image_attachment":"","ocean_post_title_bg_image_repeat":"","ocean_post_title_bg_image_size":"","ocean_post_title_height":0,"ocean_post_title_bg_overlay":0.5,"ocean_post_title_bg_overlay_color":"","ocean_disable_breadcrumbs":"default","ocean_breadcrumbs_color":"","ocean_breadcrumbs_separator_color":"","ocean_breadcrumbs_links_color":"","ocean_breadcrumbs_links_hover_color":"","ocean_display_footer_widgets":"default","ocean_display_footer_bottom":"default","ocean_custom_footer_template":"0"},"product_brand":[],"product_cat":[64,88,47],"product_tag":[],"class_list":{"0":"post-5103","1":"product","2":"type-product","3":"status-publish","4":"has-post-thumbnail","6":"product_cat-dubai","7":"product_cat-gateaux","8":"product_cat-bonbons-halal","10":"entry","11":"has-media","13":"first","14":"instock","15":"shipping-taxable","16":"purchasable","17":"product-type-simple","18":"has-product-nav","19":"col","20":"span_1_of_3","21":"owp-content-center","22":"owp-thumbs-layout-horizontal","23":"owp-btn-normal","24":"owp-tabs-layout-horizontal","25":"has-no-thumbnails"},"yoast_head":"<!-- This site is optimized with the Yoast SEO plugin v24.3 - https:\/\/yoast.com\/wordpress\/plugins\/seo\/ -->\n<title>The Taste of Dubai fraise - Au Palais Sucr\u00e9<\/title>\n<meta name=\"description\" content=\"D\u00e9couvrez &quot;The Taste of Dubai Fraise&quot; : des fraises de premi\u00e8re qualit\u00e9 et des ingr\u00e9dients soigneusement s\u00e9lectionn\u00e9s pour une exp\u00e9rience culinaire unique. Savourez l&#039;excellence et le succ\u00e8s mondial. Commandez d\u00e8s maintenant !\" \/>\n<meta name=\"robots\" content=\"index, follow, max-snippet:-1, max-image-preview:large, max-video-preview:-1\" \/>\n<link rel=\"canonical\" href=\"https:\/\/www.au-palais-sucre.com\/index.php\/produit\/the-taste-of-dubai-fraise\/\" \/>\n<meta property=\"og:locale\" content=\"fr_FR\" \/>\n<meta property=\"og:type\" content=\"article\" \/>\n<meta property=\"og:title\" content=\"The Taste of Dubai fraise - Au Palais Sucr\u00e9\" \/>\n<meta property=\"og:description\" content=\"D\u00e9couvrez &quot;The Taste of Dubai Fraise&quot; : des fraises de premi\u00e8re qualit\u00e9 et des ingr\u00e9dients soigneusement s\u00e9lectionn\u00e9s pour une exp\u00e9rience culinaire unique. Savourez l&#039;excellence et le succ\u00e8s mondial. Commandez d\u00e8s maintenant !\" \/>\n<meta property=\"og:url\" content=\"https:\/\/www.au-palais-sucre.com\/index.php\/produit\/the-taste-of-dubai-fraise\/\" \/>\n<meta property=\"og:site_name\" content=\"Au Palais Sucr\u00e9\" \/>\n<meta property=\"article:publisher\" content=\"https:\/\/www.facebook.com\/people\/Au-Palais-Sucr\/pfbid0xHg32QqsqJkkArCjoHQ6aaknwKMjtXgSnFxn2J3iXRfcnKZoBnYZT1GMsdL8xcPUl\/\" \/>\n<meta property=\"article:modified_time\" content=\"2025-11-06T13:39:37+00:00\" \/>\n<meta property=\"og:image\" content=\"https:\/\/www.au-palais-sucre.com\/wp-content\/uploads\/2024\/12\/IMG-1550_1024x.webp\" \/>\n\t<meta property=\"og:image:width\" content=\"800\" \/>\n\t<meta property=\"og:image:height\" content=\"800\" \/>\n\t<meta property=\"og:image:type\" content=\"image\/webp\" \/>\n<meta name=\"twitter:card\" content=\"summary_large_image\" \/>\n<meta name=\"twitter:label1\" content=\"Prix\" \/>\n\t<meta name=\"twitter:data1\" content=\"8,50&nbsp;&euro;\" \/>\n\t<meta name=\"twitter:label2\" content=\"Disponibilit\u00e9\" \/>\n\t<meta name=\"twitter:data2\" content=\"En stock\" \/>\n<script type=\"application\/ld+json\" class=\"yoast-schema-graph\">{\"@context\":\"https:\/\/schema.org\",\"@graph\":[{\"@type\":\"WebPage\",\"@id\":\"https:\/\/www.au-palais-sucre.com\/index.php\/produit\/the-taste-of-dubai-fraise\/\",\"url\":\"https:\/\/www.au-palais-sucre.com\/index.php\/produit\/the-taste-of-dubai-fraise\/\",\"name\":\"The Taste of Dubai fraise - Au Palais Sucr\u00e9\",\"isPartOf\":{\"@id\":\"https:\/\/www.au-palais-sucre.com\/#website\"},\"primaryImageOfPage\":{\"@id\":\"https:\/\/www.au-palais-sucre.com\/index.php\/produit\/the-taste-of-dubai-fraise\/#primaryimage\"},\"image\":{\"@id\":\"https:\/\/www.au-palais-sucre.com\/index.php\/produit\/the-taste-of-dubai-fraise\/#primaryimage\"},\"thumbnailUrl\":\"https:\/\/www.au-palais-sucre.com\/wp-content\/uploads\/2024\/12\/IMG-1550_1024x.webp\",\"datePublished\":\"2024-12-17T23:38:11+00:00\",\"dateModified\":\"2025-11-06T13:39:37+00:00\",\"description\":\"D\u00e9couvrez \\\"The Taste of Dubai Fraise\\\" : des fraises de premi\u00e8re qualit\u00e9 et des ingr\u00e9dients soigneusement s\u00e9lectionn\u00e9s pour une exp\u00e9rience culinaire unique. Savourez l'excellence et le succ\u00e8s mondial. Commandez d\u00e8s maintenant !\",\"breadcrumb\":{\"@id\":\"https:\/\/www.au-palais-sucre.com\/index.php\/produit\/the-taste-of-dubai-fraise\/#breadcrumb\"},\"inLanguage\":\"fr-FR\",\"potentialAction\":[{\"@type\":\"ReadAction\",\"target\":[\"https:\/\/www.au-palais-sucre.com\/index.php\/produit\/the-taste-of-dubai-fraise\/\"]}]},{\"@type\":\"ImageObject\",\"inLanguage\":\"fr-FR\",\"@id\":\"https:\/\/www.au-palais-sucre.com\/index.php\/produit\/the-taste-of-dubai-fraise\/#primaryimage\",\"url\":\"https:\/\/www.au-palais-sucre.com\/wp-content\/uploads\/2024\/12\/IMG-1550_1024x.webp\",\"contentUrl\":\"https:\/\/www.au-palais-sucre.com\/wp-content\/uploads\/2024\/12\/IMG-1550_1024x.webp\",\"width\":800,\"height\":800},{\"@type\":\"BreadcrumbList\",\"@id\":\"https:\/\/www.au-palais-sucre.com\/index.php\/produit\/the-taste-of-dubai-fraise\/#breadcrumb\",\"itemListElement\":[{\"@type\":\"ListItem\",\"position\":1,\"name\":\"Boutique\",\"item\":\"https:\/\/www.au-palais-sucre.com\/index.php\/shop\/\"},{\"@type\":\"ListItem\",\"position\":2,\"name\":\"The Taste of Dubai fraise\"}]},{\"@type\":\"WebSite\",\"@id\":\"https:\/\/www.au-palais-sucre.com\/#website\",\"url\":\"https:\/\/www.au-palais-sucre.com\/\",\"name\":\"Au Palais Sucr\u00e9\",\"description\":\"Arrivage permanent de nouveaux produits..\",\"publisher\":{\"@id\":\"https:\/\/www.au-palais-sucre.com\/#organization\"},\"potentialAction\":[{\"@type\":\"SearchAction\",\"target\":{\"@type\":\"EntryPoint\",\"urlTemplate\":\"https:\/\/www.au-palais-sucre.com\/?s={search_term_string}\"},\"query-input\":{\"@type\":\"PropertyValueSpecification\",\"valueRequired\":true,\"valueName\":\"search_term_string\"}}],\"inLanguage\":\"fr-FR\"},{\"@type\":\"Organization\",\"@id\":\"https:\/\/www.au-palais-sucre.com\/#organization\",\"name\":\"Au Palais Sucr\u00e9\",\"url\":\"https:\/\/www.au-palais-sucre.com\/\",\"logo\":{\"@type\":\"ImageObject\",\"inLanguage\":\"fr-FR\",\"@id\":\"https:\/\/www.au-palais-sucre.com\/#\/schema\/logo\/image\/\",\"url\":\"https:\/\/www.au-palais-sucre.com\/wp-content\/uploads\/2023\/06\/cropped-Logo-blanc_prev_ui.png\",\"contentUrl\":\"https:\/\/www.au-palais-sucre.com\/wp-content\/uploads\/2023\/06\/cropped-Logo-blanc_prev_ui.png\",\"width\":567,\"height\":440,\"caption\":\"Au Palais Sucr\u00e9\"},\"image\":{\"@id\":\"https:\/\/www.au-palais-sucre.com\/#\/schema\/logo\/image\/\"},\"sameAs\":[\"https:\/\/www.facebook.com\/people\/Au-Palais-Sucr\/pfbid0xHg32QqsqJkkArCjoHQ6aaknwKMjtXgSnFxn2J3iXRfcnKZoBnYZT1GMsdL8xcPUl\/\"]}]}<\/script>\n<meta property=\"product:price:amount\" content=\"8.50\" \/>\n<meta property=\"product:price:currency\" content=\"EUR\" \/>\n<meta property=\"og:availability\" content=\"instock\" \/>\n<meta property=\"product:availability\" content=\"instock\" \/>\n<meta property=\"product:retailer_item_id\" content=\"ASPGAT78\" \/>\n<meta property=\"product:condition\" content=\"new\" \/>\n<!-- \/ Yoast SEO plugin. -->","yoast_head_json":{"title":"The Taste of Dubai fraise - Au Palais Sucr\u00e9","description":"D\u00e9couvrez \"The Taste of Dubai Fraise\" : des fraises de premi\u00e8re qualit\u00e9 et des ingr\u00e9dients soigneusement s\u00e9lectionn\u00e9s pour une exp\u00e9rience culinaire unique. Savourez l'excellence et le succ\u00e8s mondial. Commandez d\u00e8s maintenant !","robots":{"index":"index","follow":"follow","max-snippet":"max-snippet:-1","max-image-preview":"max-image-preview:large","max-video-preview":"max-video-preview:-1"},"canonical":"https:\/\/www.au-palais-sucre.com\/index.php\/produit\/the-taste-of-dubai-fraise\/","og_locale":"fr_FR","og_type":"article","og_title":"The Taste of Dubai fraise - Au Palais Sucr\u00e9","og_description":"D\u00e9couvrez \"The Taste of Dubai Fraise\" : des fraises de premi\u00e8re qualit\u00e9 et des ingr\u00e9dients soigneusement s\u00e9lectionn\u00e9s pour une exp\u00e9rience culinaire unique. Savourez l'excellence et le succ\u00e8s mondial. Commandez d\u00e8s maintenant !","og_url":"https:\/\/www.au-palais-sucre.com\/index.php\/produit\/the-taste-of-dubai-fraise\/","og_site_name":"Au Palais Sucr\u00e9","article_publisher":"https:\/\/www.facebook.com\/people\/Au-Palais-Sucr\/pfbid0xHg32QqsqJkkArCjoHQ6aaknwKMjtXgSnFxn2J3iXRfcnKZoBnYZT1GMsdL8xcPUl\/","article_modified_time":"2025-11-06T13:39:37+00:00","og_image":[{"width":800,"height":800,"url":"https:\/\/www.au-palais-sucre.com\/wp-content\/uploads\/2024\/12\/IMG-1550_1024x.webp","type":"image\/webp"}],"twitter_card":"summary_large_image","twitter_misc":{"Prix":"8,50&nbsp;&euro;","Disponibilit\u00e9":"En stock"},"schema":{"@context":"https:\/\/schema.org","@graph":[{"@type":"WebPage","@id":"https:\/\/www.au-palais-sucre.com\/index.php\/produit\/the-taste-of-dubai-fraise\/","url":"https:\/\/www.au-palais-sucre.com\/index.php\/produit\/the-taste-of-dubai-fraise\/","name":"The Taste of Dubai fraise - Au Palais Sucr\u00e9","isPartOf":{"@id":"https:\/\/www.au-palais-sucre.com\/#website"},"primaryImageOfPage":{"@id":"https:\/\/www.au-palais-sucre.com\/index.php\/produit\/the-taste-of-dubai-fraise\/#primaryimage"},"image":{"@id":"https:\/\/www.au-palais-sucre.com\/index.php\/produit\/the-taste-of-dubai-fraise\/#primaryimage"},"thumbnailUrl":"https:\/\/www.au-palais-sucre.com\/wp-content\/uploads\/2024\/12\/IMG-1550_1024x.webp","datePublished":"2024-12-17T23:38:11+00:00","dateModified":"2025-11-06T13:39:37+00:00","description":"D\u00e9couvrez \"The Taste of Dubai Fraise\" : des fraises de premi\u00e8re qualit\u00e9 et des ingr\u00e9dients soigneusement s\u00e9lectionn\u00e9s pour une exp\u00e9rience culinaire unique. Savourez l'excellence et le succ\u00e8s mondial. Commandez d\u00e8s maintenant !","breadcrumb":{"@id":"https:\/\/www.au-palais-sucre.com\/index.php\/produit\/the-taste-of-dubai-fraise\/#breadcrumb"},"inLanguage":"fr-FR","potentialAction":[{"@type":"ReadAction","target":["https:\/\/www.au-palais-sucre.com\/index.php\/produit\/the-taste-of-dubai-fraise\/"]}]},{"@type":"ImageObject","inLanguage":"fr-FR","@id":"https:\/\/www.au-palais-sucre.com\/index.php\/produit\/the-taste-of-dubai-fraise\/#primaryimage","url":"https:\/\/www.au-palais-sucre.com\/wp-content\/uploads\/2024\/12\/IMG-1550_1024x.webp","contentUrl":"https:\/\/www.au-palais-sucre.com\/wp-content\/uploads\/2024\/12\/IMG-1550_1024x.webp","width":800,"height":800},{"@type":"BreadcrumbList","@id":"https:\/\/www.au-palais-sucre.com\/index.php\/produit\/the-taste-of-dubai-fraise\/#breadcrumb","itemListElement":[{"@type":"ListItem","position":1,"name":"Boutique","item":"https:\/\/www.au-palais-sucre.com\/index.php\/shop\/"},{"@type":"ListItem","position":2,"name":"The Taste of Dubai fraise"}]},{"@type":"WebSite","@id":"https:\/\/www.au-palais-sucre.com\/#website","url":"https:\/\/www.au-palais-sucre.com\/","name":"Au Palais Sucr\u00e9","description":"Arrivage permanent de nouveaux produits..","publisher":{"@id":"https:\/\/www.au-palais-sucre.com\/#organization"},"potentialAction":[{"@type":"SearchAction","target":{"@type":"EntryPoint","urlTemplate":"https:\/\/www.au-palais-sucre.com\/?s={search_term_string}"},"query-input":{"@type":"PropertyValueSpecification","valueRequired":true,"valueName":"search_term_string"}}],"inLanguage":"fr-FR"},{"@type":"Organization","@id":"https:\/\/www.au-palais-sucre.com\/#organization","name":"Au Palais Sucr\u00e9","url":"https:\/\/www.au-palais-sucre.com\/","logo":{"@type":"ImageObject","inLanguage":"fr-FR","@id":"https:\/\/www.au-palais-sucre.com\/#\/schema\/logo\/image\/","url":"https:\/\/www.au-palais-sucre.com\/wp-content\/uploads\/2023\/06\/cropped-Logo-blanc_prev_ui.png","contentUrl":"https:\/\/www.au-palais-sucre.com\/wp-content\/uploads\/2023\/06\/cropped-Logo-blanc_prev_ui.png","width":567,"height":440,"caption":"Au Palais Sucr\u00e9"},"image":{"@id":"https:\/\/www.au-palais-sucre.com\/#\/schema\/logo\/image\/"},"sameAs":["https:\/\/www.facebook.com\/people\/Au-Palais-Sucr\/pfbid0xHg32QqsqJkkArCjoHQ6aaknwKMjtXgSnFxn2J3iXRfcnKZoBnYZT1GMsdL8xcPUl\/"]}]},"product_price_amount":"8.50","product_price_currency":"EUR","og_availability":"instock","product_availability":"instock","product_retailer_item_id":"ASPGAT78","product_condition":"new"},"_links":{"self":[{"href":"https:\/\/www.au-palais-sucre.com\/index.php\/wp-json\/wp\/v2\/product\/5103","targetHints":{"allow":["GET"]}}],"collection":[{"href":"https:\/\/www.au-palais-sucre.com\/index.php\/wp-json\/wp\/v2\/product"}],"about":[{"href":"https:\/\/www.au-palais-sucre.com\/index.php\/wp-json\/wp\/v2\/types\/product"}],"replies":[{"embeddable":true,"href":"https:\/\/www.au-palais-sucre.com\/index.php\/wp-json\/wp\/v2\/comments?post=5103"}],"version-history":[{"count":2,"href":"https:\/\/www.au-palais-sucre.com\/index.php\/wp-json\/wp\/v2\/product\/5103\/revisions"}],"predecessor-version":[{"id":6192,"href":"https:\/\/www.au-palais-sucre.com\/index.php\/wp-json\/wp\/v2\/product\/5103\/revisions\/6192"}],"wp:featuredmedia":[{"embeddable":true,"href":"https:\/\/www.au-palais-sucre.com\/index.php\/wp-json\/wp\/v2\/media\/5105"}],"wp:attachment":[{"href":"https:\/\/www.au-palais-sucre.com\/index.php\/wp-json\/wp\/v2\/media?parent=5103"}],"wp:term":[{"taxonomy":"product_brand","embeddable":true,"href":"https:\/\/www.au-palais-sucre.com\/index.php\/wp-json\/wp\/v2\/product_brand?post=5103"},{"taxonomy":"product_cat","embeddable":true,"href":"https:\/\/www.au-palais-sucre.com\/index.php\/wp-json\/wp\/v2\/product_cat?post=5103"},{"taxonomy":"product_tag","embeddable":true,"href":"https:\/\/www.au-palais-sucre.com\/index.php\/wp-json\/wp\/v2\/product_tag?post=5103"}],"curies":[{"name":"wp","href":"https:\/\/api.w.org\/{rel}","templated":true}]}}