{"id":5822,"date":"2025-03-04T18:18:59","date_gmt":"2025-03-04T17:18:59","guid":{"rendered":"https:\/\/www.au-palais-sucre.com\/?post_type=product&#038;p=5822"},"modified":"2025-07-23T16:13:30","modified_gmt":"2025-07-23T14:13:30","slug":"snickers-waffer-rolls","status":"publish","type":"product","link":"https:\/\/www.au-palais-sucre.com\/index.php\/produit\/snickers-waffer-rolls\/","title":{"rendered":"Snickers Waffer Rolls"},"content":{"rendered":"<h1>Snickers Waffer Rolls<\/h1>\n<p>D\u00e9couvrez <strong>Snickers Wafer Rolls<\/strong>, une version revisit\u00e9e du c\u00e9l\u00e8bre Snickers avec une touche <strong>encore plus croustillante<\/strong> ! Une gaufrette l\u00e9g\u00e8re et croustillante enrob\u00e9e de chocolat au lait, garnie d\u2019un d\u00e9licieux <strong>caramel fondant<\/strong> et d\u2019\u00e9clats de cacahu\u00e8tes pour une explosion de saveurs en bouche. <strong>Un plaisir gourmand et addictif<\/strong> qui va vite devenir votre nouvelle pause sucr\u00e9e pr\u00e9f\u00e9r\u00e9e !<\/p>\n<div class=\"flex items-center\"><strong>Tous nos produits b\u00e9n\u00e9ficient d\u2019une DDM de plusieurs mois.<\/strong><br \/>\n<strong>DDM = Date de Durabilit\u00e9 Minimale, anciennement DLUO.<\/strong><\/div>\n<div>DLC : 22\/08\/2025<\/div>\n<div>\n<h3>Ingr\u00e9dients<\/h3>\n<p>Ingr\u00e9dients : Sucre, Graisses v\u00e9g\u00e9tales non hydrog\u00e9n\u00e9es (graisse de palmier), Farine de bl\u00e9, Poudre de lait \u00e9cr\u00e9m\u00e9, Lactose, Poudre de caramel [S\u00e9tri de gluta, Graisse de beurre, Beurre de cacao,<\/p>\n<p>D\u00e9claration nutritionnelle (pour 100g) : \u00e9nergie 2133KJ\/510Kcal, mati\u00e8res grasses 25g (dont acides gras satur\u00e9s 13g), glucides 63g (dont sucres 52g), prot\u00e9ines 7.4g, sel 0.27g.<\/p>\n<p><strong>AU PALAIS SUCRE<\/strong> est votre destination pour des bonbons, confiseries, boissons, chips et produits du monde pour les particuliers, les associations et les entreprises. Nous offrons un choix vari\u00e9 de produits de qualit\u00e9 sup\u00e9rieure pour satisfaire tous les go\u00fbts et les besoins.<\/p>\n<p>Nous sommes fiers d\u2019offrir \u00e0 nos clients un service hors pair. Nous nous engageons \u00e0 pr\u00e9parer et exp\u00e9dier les commandes dans les 24h\/48h suivant l\u2019achat, pour une livraison rapide et fiable. De plus, notre \u00e9quipe de service clients est toujours disponible pour r\u00e9pondre \u00e0 vos questions et vous aider \u00e0 trouver le produit id\u00e9al pour vos besoins.<\/p>\n<\/div>\n","protected":false},"excerpt":{"rendered":"<h1>Snickers Waffer Rolls<\/h1>\n<p>D\u00e9couvrez <strong>Snickers Wafer Rolls<\/strong>, une version revisit\u00e9e du c\u00e9l\u00e8bre Snickers avec une touche <strong>encore plus croustillante<\/strong> ! Une gaufrette l\u00e9g\u00e8re et croustillante enrob\u00e9e de chocolat au lait, garnie d\u2019un d\u00e9licieux <strong>caramel fondant<\/strong> et d\u2019\u00e9clats de cacahu\u00e8tes pour une explosion de saveurs en bouche. <strong>Un plaisir gourmand et addictif<\/strong> qui va vite devenir votre nouvelle pause sucr\u00e9e pr\u00e9f\u00e9r\u00e9e !<\/p>\n<div class=\"flex items-center\"><strong>Tous nos produits b\u00e9n\u00e9ficient d\u2019une DDM de plusieurs mois.<\/strong><br \/>\n<strong>DDM = Date de Durabilit\u00e9 Minimale, anciennement DLUO.<\/strong><\/div>\n","protected":false},"featured_media":5825,"comment_status":"open","ping_status":"closed","template":"","meta":{"ocean_post_layout":"","ocean_both_sidebars_style":"","ocean_both_sidebars_content_width":0,"ocean_both_sidebars_sidebars_width":0,"ocean_sidebar":"0","ocean_second_sidebar":"0","ocean_disable_margins":"enable","ocean_add_body_class":"","ocean_shortcode_before_top_bar":"","ocean_shortcode_after_top_bar":"","ocean_shortcode_before_header":"","ocean_shortcode_after_header":"","ocean_has_shortcode":"","ocean_shortcode_after_title":"","ocean_shortcode_before_footer_widgets":"","ocean_shortcode_after_footer_widgets":"","ocean_shortcode_before_footer_bottom":"","ocean_shortcode_after_footer_bottom":"","ocean_display_top_bar":"default","ocean_display_header":"default","ocean_header_style":"","ocean_center_header_left_menu":"0","ocean_custom_header_template":"0","ocean_custom_logo":0,"ocean_custom_retina_logo":0,"ocean_custom_logo_max_width":0,"ocean_custom_logo_tablet_max_width":0,"ocean_custom_logo_mobile_max_width":0,"ocean_custom_logo_max_height":0,"ocean_custom_logo_tablet_max_height":0,"ocean_custom_logo_mobile_max_height":0,"ocean_header_custom_menu":"0","ocean_menu_typo_font_family":"0","ocean_menu_typo_font_subset":"","ocean_menu_typo_font_size":0,"ocean_menu_typo_font_size_tablet":0,"ocean_menu_typo_font_size_mobile":0,"ocean_menu_typo_font_size_unit":"px","ocean_menu_typo_font_weight":"","ocean_menu_typo_font_weight_tablet":"","ocean_menu_typo_font_weight_mobile":"","ocean_menu_typo_transform":"","ocean_menu_typo_transform_tablet":"","ocean_menu_typo_transform_mobile":"","ocean_menu_typo_line_height":0,"ocean_menu_typo_line_height_tablet":0,"ocean_menu_typo_line_height_mobile":0,"ocean_menu_typo_line_height_unit":"","ocean_menu_typo_spacing":0,"ocean_menu_typo_spacing_tablet":0,"ocean_menu_typo_spacing_mobile":0,"ocean_menu_typo_spacing_unit":"","ocean_menu_link_color":"","ocean_menu_link_color_hover":"","ocean_menu_link_color_active":"","ocean_menu_link_background":"","ocean_menu_link_hover_background":"","ocean_menu_link_active_background":"","ocean_menu_social_links_bg":"","ocean_menu_social_hover_links_bg":"","ocean_menu_social_links_color":"","ocean_menu_social_hover_links_color":"","ocean_disable_title":"default","ocean_disable_heading":"default","ocean_post_title":"","ocean_post_subheading":"","ocean_post_title_style":"","ocean_post_title_background_color":"","ocean_post_title_background":0,"ocean_post_title_bg_image_position":"","ocean_post_title_bg_image_attachment":"","ocean_post_title_bg_image_repeat":"","ocean_post_title_bg_image_size":"","ocean_post_title_height":0,"ocean_post_title_bg_overlay":0.5,"ocean_post_title_bg_overlay_color":"","ocean_disable_breadcrumbs":"default","ocean_breadcrumbs_color":"","ocean_breadcrumbs_separator_color":"","ocean_breadcrumbs_links_color":"","ocean_breadcrumbs_links_hover_color":"","ocean_display_footer_widgets":"default","ocean_display_footer_bottom":"default","ocean_custom_footer_template":"0"},"product_brand":[],"product_cat":[88],"product_tag":[],"class_list":{"0":"post-5822","1":"product","2":"type-product","3":"status-publish","4":"has-post-thumbnail","6":"product_cat-gateaux","8":"entry","9":"has-media","11":"first","12":"outofstock","13":"shipping-taxable","14":"purchasable","15":"product-type-simple","16":"has-product-nav","17":"col","18":"span_1_of_3","19":"owp-content-center","20":"owp-thumbs-layout-horizontal","21":"owp-btn-normal","22":"owp-tabs-layout-horizontal","23":"has-no-thumbnails"},"yoast_head":"<!-- This site is optimized with the Yoast SEO plugin v24.3 - https:\/\/yoast.com\/wordpress\/plugins\/seo\/ -->\n<title>Snickers Waffer Rolls - Au Palais Sucr\u00e9<\/title>\n<meta name=\"description\" content=\"D\u00e9couvrez les Snickers Wafer Rolls : une gaufrette croustillante, un caramel onctueux, des \u00e9clats de cacahu\u00e8tes et un enrobage de chocolat au lait. Une nouvelle exp\u00e9rience gourmande et irr\u00e9sistible ! \ud83c\udf6b\ud83e\udd5c\" \/>\n<meta name=\"robots\" content=\"index, follow, max-snippet:-1, max-image-preview:large, max-video-preview:-1\" \/>\n<link rel=\"canonical\" href=\"https:\/\/www.au-palais-sucre.com\/index.php\/produit\/snickers-waffer-rolls\/\" \/>\n<meta property=\"og:locale\" content=\"fr_FR\" \/>\n<meta property=\"og:type\" content=\"article\" \/>\n<meta property=\"og:title\" content=\"Snickers Waffer Rolls - Au Palais Sucr\u00e9\" \/>\n<meta property=\"og:description\" content=\"D\u00e9couvrez les Snickers Wafer Rolls : une gaufrette croustillante, un caramel onctueux, des \u00e9clats de cacahu\u00e8tes et un enrobage de chocolat au lait. Une nouvelle exp\u00e9rience gourmande et irr\u00e9sistible ! \ud83c\udf6b\ud83e\udd5c\" \/>\n<meta property=\"og:url\" content=\"https:\/\/www.au-palais-sucre.com\/index.php\/produit\/snickers-waffer-rolls\/\" \/>\n<meta property=\"og:site_name\" content=\"Au Palais Sucr\u00e9\" \/>\n<meta property=\"article:publisher\" content=\"https:\/\/www.facebook.com\/people\/Au-Palais-Sucr\/pfbid0xHg32QqsqJkkArCjoHQ6aaknwKMjtXgSnFxn2J3iXRfcnKZoBnYZT1GMsdL8xcPUl\/\" \/>\n<meta property=\"article:modified_time\" content=\"2025-07-23T14:13:30+00:00\" \/>\n<meta property=\"og:image\" content=\"https:\/\/www.au-palais-sucre.com\/wp-content\/uploads\/2025\/03\/snickers-waffer-rolls.png\" \/>\n\t<meta property=\"og:image:width\" content=\"800\" \/>\n\t<meta property=\"og:image:height\" content=\"800\" \/>\n\t<meta property=\"og:image:type\" content=\"image\/png\" \/>\n<meta name=\"twitter:card\" content=\"summary_large_image\" \/>\n<meta name=\"twitter:label1\" content=\"Prix\" \/>\n\t<meta name=\"twitter:data1\" content=\"2,00&nbsp;&euro;\" \/>\n\t<meta name=\"twitter:label2\" content=\"Disponibilit\u00e9\" \/>\n\t<meta name=\"twitter:data2\" content=\"Rupture de stock\" \/>\n<script type=\"application\/ld+json\" class=\"yoast-schema-graph\">{\"@context\":\"https:\/\/schema.org\",\"@graph\":[{\"@type\":\"WebPage\",\"@id\":\"https:\/\/www.au-palais-sucre.com\/index.php\/produit\/snickers-waffer-rolls\/\",\"url\":\"https:\/\/www.au-palais-sucre.com\/index.php\/produit\/snickers-waffer-rolls\/\",\"name\":\"Snickers Waffer Rolls - Au Palais Sucr\u00e9\",\"isPartOf\":{\"@id\":\"https:\/\/www.au-palais-sucre.com\/#website\"},\"primaryImageOfPage\":{\"@id\":\"https:\/\/www.au-palais-sucre.com\/index.php\/produit\/snickers-waffer-rolls\/#primaryimage\"},\"image\":{\"@id\":\"https:\/\/www.au-palais-sucre.com\/index.php\/produit\/snickers-waffer-rolls\/#primaryimage\"},\"thumbnailUrl\":\"https:\/\/www.au-palais-sucre.com\/wp-content\/uploads\/2025\/03\/snickers-waffer-rolls.png\",\"datePublished\":\"2025-03-04T17:18:59+00:00\",\"dateModified\":\"2025-07-23T14:13:30+00:00\",\"description\":\"D\u00e9couvrez les Snickers Wafer Rolls : une gaufrette croustillante, un caramel onctueux, des \u00e9clats de cacahu\u00e8tes et un enrobage de chocolat au lait. Une nouvelle exp\u00e9rience gourmande et irr\u00e9sistible ! \ud83c\udf6b\ud83e\udd5c\",\"breadcrumb\":{\"@id\":\"https:\/\/www.au-palais-sucre.com\/index.php\/produit\/snickers-waffer-rolls\/#breadcrumb\"},\"inLanguage\":\"fr-FR\",\"potentialAction\":[{\"@type\":\"ReadAction\",\"target\":[\"https:\/\/www.au-palais-sucre.com\/index.php\/produit\/snickers-waffer-rolls\/\"]}]},{\"@type\":\"ImageObject\",\"inLanguage\":\"fr-FR\",\"@id\":\"https:\/\/www.au-palais-sucre.com\/index.php\/produit\/snickers-waffer-rolls\/#primaryimage\",\"url\":\"https:\/\/www.au-palais-sucre.com\/wp-content\/uploads\/2025\/03\/snickers-waffer-rolls.png\",\"contentUrl\":\"https:\/\/www.au-palais-sucre.com\/wp-content\/uploads\/2025\/03\/snickers-waffer-rolls.png\",\"width\":800,\"height\":800},{\"@type\":\"BreadcrumbList\",\"@id\":\"https:\/\/www.au-palais-sucre.com\/index.php\/produit\/snickers-waffer-rolls\/#breadcrumb\",\"itemListElement\":[{\"@type\":\"ListItem\",\"position\":1,\"name\":\"Boutique\",\"item\":\"https:\/\/www.au-palais-sucre.com\/index.php\/shop\/\"},{\"@type\":\"ListItem\",\"position\":2,\"name\":\"Snickers Waffer Rolls\"}]},{\"@type\":\"WebSite\",\"@id\":\"https:\/\/www.au-palais-sucre.com\/#website\",\"url\":\"https:\/\/www.au-palais-sucre.com\/\",\"name\":\"Au Palais Sucr\u00e9\",\"description\":\"Arrivage permanent de nouveaux produits..\",\"publisher\":{\"@id\":\"https:\/\/www.au-palais-sucre.com\/#organization\"},\"potentialAction\":[{\"@type\":\"SearchAction\",\"target\":{\"@type\":\"EntryPoint\",\"urlTemplate\":\"https:\/\/www.au-palais-sucre.com\/?s={search_term_string}\"},\"query-input\":{\"@type\":\"PropertyValueSpecification\",\"valueRequired\":true,\"valueName\":\"search_term_string\"}}],\"inLanguage\":\"fr-FR\"},{\"@type\":\"Organization\",\"@id\":\"https:\/\/www.au-palais-sucre.com\/#organization\",\"name\":\"Au Palais Sucr\u00e9\",\"url\":\"https:\/\/www.au-palais-sucre.com\/\",\"logo\":{\"@type\":\"ImageObject\",\"inLanguage\":\"fr-FR\",\"@id\":\"https:\/\/www.au-palais-sucre.com\/#\/schema\/logo\/image\/\",\"url\":\"https:\/\/www.au-palais-sucre.com\/wp-content\/uploads\/2023\/06\/cropped-Logo-blanc_prev_ui.png\",\"contentUrl\":\"https:\/\/www.au-palais-sucre.com\/wp-content\/uploads\/2023\/06\/cropped-Logo-blanc_prev_ui.png\",\"width\":567,\"height\":440,\"caption\":\"Au Palais Sucr\u00e9\"},\"image\":{\"@id\":\"https:\/\/www.au-palais-sucre.com\/#\/schema\/logo\/image\/\"},\"sameAs\":[\"https:\/\/www.facebook.com\/people\/Au-Palais-Sucr\/pfbid0xHg32QqsqJkkArCjoHQ6aaknwKMjtXgSnFxn2J3iXRfcnKZoBnYZT1GMsdL8xcPUl\/\"]}]}<\/script>\n<meta property=\"product:price:amount\" content=\"2.00\" \/>\n<meta property=\"product:price:currency\" content=\"EUR\" \/>\n<meta property=\"og:availability\" content=\"out of stock\" \/>\n<meta property=\"product:availability\" content=\"out of stock\" \/>\n<meta property=\"product:retailer_item_id\" content=\"ASPGAT84\" \/>\n<meta property=\"product:condition\" content=\"new\" \/>\n<!-- \/ Yoast SEO plugin. -->","yoast_head_json":{"title":"Snickers Waffer Rolls - Au Palais Sucr\u00e9","description":"D\u00e9couvrez les Snickers Wafer Rolls : une gaufrette croustillante, un caramel onctueux, des \u00e9clats de cacahu\u00e8tes et un enrobage de chocolat au lait. Une nouvelle exp\u00e9rience gourmande et irr\u00e9sistible ! \ud83c\udf6b\ud83e\udd5c","robots":{"index":"index","follow":"follow","max-snippet":"max-snippet:-1","max-image-preview":"max-image-preview:large","max-video-preview":"max-video-preview:-1"},"canonical":"https:\/\/www.au-palais-sucre.com\/index.php\/produit\/snickers-waffer-rolls\/","og_locale":"fr_FR","og_type":"article","og_title":"Snickers Waffer Rolls - Au Palais Sucr\u00e9","og_description":"D\u00e9couvrez les Snickers Wafer Rolls : une gaufrette croustillante, un caramel onctueux, des \u00e9clats de cacahu\u00e8tes et un enrobage de chocolat au lait. Une nouvelle exp\u00e9rience gourmande et irr\u00e9sistible ! \ud83c\udf6b\ud83e\udd5c","og_url":"https:\/\/www.au-palais-sucre.com\/index.php\/produit\/snickers-waffer-rolls\/","og_site_name":"Au Palais Sucr\u00e9","article_publisher":"https:\/\/www.facebook.com\/people\/Au-Palais-Sucr\/pfbid0xHg32QqsqJkkArCjoHQ6aaknwKMjtXgSnFxn2J3iXRfcnKZoBnYZT1GMsdL8xcPUl\/","article_modified_time":"2025-07-23T14:13:30+00:00","og_image":[{"width":800,"height":800,"url":"https:\/\/www.au-palais-sucre.com\/wp-content\/uploads\/2025\/03\/snickers-waffer-rolls.png","type":"image\/png"}],"twitter_card":"summary_large_image","twitter_misc":{"Prix":"2,00&nbsp;&euro;","Disponibilit\u00e9":"Rupture de stock"},"schema":{"@context":"https:\/\/schema.org","@graph":[{"@type":"WebPage","@id":"https:\/\/www.au-palais-sucre.com\/index.php\/produit\/snickers-waffer-rolls\/","url":"https:\/\/www.au-palais-sucre.com\/index.php\/produit\/snickers-waffer-rolls\/","name":"Snickers Waffer Rolls - Au Palais Sucr\u00e9","isPartOf":{"@id":"https:\/\/www.au-palais-sucre.com\/#website"},"primaryImageOfPage":{"@id":"https:\/\/www.au-palais-sucre.com\/index.php\/produit\/snickers-waffer-rolls\/#primaryimage"},"image":{"@id":"https:\/\/www.au-palais-sucre.com\/index.php\/produit\/snickers-waffer-rolls\/#primaryimage"},"thumbnailUrl":"https:\/\/www.au-palais-sucre.com\/wp-content\/uploads\/2025\/03\/snickers-waffer-rolls.png","datePublished":"2025-03-04T17:18:59+00:00","dateModified":"2025-07-23T14:13:30+00:00","description":"D\u00e9couvrez les Snickers Wafer Rolls : une gaufrette croustillante, un caramel onctueux, des \u00e9clats de cacahu\u00e8tes et un enrobage de chocolat au lait. Une nouvelle exp\u00e9rience gourmande et irr\u00e9sistible ! \ud83c\udf6b\ud83e\udd5c","breadcrumb":{"@id":"https:\/\/www.au-palais-sucre.com\/index.php\/produit\/snickers-waffer-rolls\/#breadcrumb"},"inLanguage":"fr-FR","potentialAction":[{"@type":"ReadAction","target":["https:\/\/www.au-palais-sucre.com\/index.php\/produit\/snickers-waffer-rolls\/"]}]},{"@type":"ImageObject","inLanguage":"fr-FR","@id":"https:\/\/www.au-palais-sucre.com\/index.php\/produit\/snickers-waffer-rolls\/#primaryimage","url":"https:\/\/www.au-palais-sucre.com\/wp-content\/uploads\/2025\/03\/snickers-waffer-rolls.png","contentUrl":"https:\/\/www.au-palais-sucre.com\/wp-content\/uploads\/2025\/03\/snickers-waffer-rolls.png","width":800,"height":800},{"@type":"BreadcrumbList","@id":"https:\/\/www.au-palais-sucre.com\/index.php\/produit\/snickers-waffer-rolls\/#breadcrumb","itemListElement":[{"@type":"ListItem","position":1,"name":"Boutique","item":"https:\/\/www.au-palais-sucre.com\/index.php\/shop\/"},{"@type":"ListItem","position":2,"name":"Snickers Waffer Rolls"}]},{"@type":"WebSite","@id":"https:\/\/www.au-palais-sucre.com\/#website","url":"https:\/\/www.au-palais-sucre.com\/","name":"Au Palais Sucr\u00e9","description":"Arrivage permanent de nouveaux produits..","publisher":{"@id":"https:\/\/www.au-palais-sucre.com\/#organization"},"potentialAction":[{"@type":"SearchAction","target":{"@type":"EntryPoint","urlTemplate":"https:\/\/www.au-palais-sucre.com\/?s={search_term_string}"},"query-input":{"@type":"PropertyValueSpecification","valueRequired":true,"valueName":"search_term_string"}}],"inLanguage":"fr-FR"},{"@type":"Organization","@id":"https:\/\/www.au-palais-sucre.com\/#organization","name":"Au Palais Sucr\u00e9","url":"https:\/\/www.au-palais-sucre.com\/","logo":{"@type":"ImageObject","inLanguage":"fr-FR","@id":"https:\/\/www.au-palais-sucre.com\/#\/schema\/logo\/image\/","url":"https:\/\/www.au-palais-sucre.com\/wp-content\/uploads\/2023\/06\/cropped-Logo-blanc_prev_ui.png","contentUrl":"https:\/\/www.au-palais-sucre.com\/wp-content\/uploads\/2023\/06\/cropped-Logo-blanc_prev_ui.png","width":567,"height":440,"caption":"Au Palais Sucr\u00e9"},"image":{"@id":"https:\/\/www.au-palais-sucre.com\/#\/schema\/logo\/image\/"},"sameAs":["https:\/\/www.facebook.com\/people\/Au-Palais-Sucr\/pfbid0xHg32QqsqJkkArCjoHQ6aaknwKMjtXgSnFxn2J3iXRfcnKZoBnYZT1GMsdL8xcPUl\/"]}]},"product_price_amount":"2.00","product_price_currency":"EUR","og_availability":"out of stock","product_availability":"out of stock","product_retailer_item_id":"ASPGAT84","product_condition":"new"},"_links":{"self":[{"href":"https:\/\/www.au-palais-sucre.com\/index.php\/wp-json\/wp\/v2\/product\/5822","targetHints":{"allow":["GET"]}}],"collection":[{"href":"https:\/\/www.au-palais-sucre.com\/index.php\/wp-json\/wp\/v2\/product"}],"about":[{"href":"https:\/\/www.au-palais-sucre.com\/index.php\/wp-json\/wp\/v2\/types\/product"}],"replies":[{"embeddable":true,"href":"https:\/\/www.au-palais-sucre.com\/index.php\/wp-json\/wp\/v2\/comments?post=5822"}],"version-history":[{"count":3,"href":"https:\/\/www.au-palais-sucre.com\/index.php\/wp-json\/wp\/v2\/product\/5822\/revisions"}],"predecessor-version":[{"id":6184,"href":"https:\/\/www.au-palais-sucre.com\/index.php\/wp-json\/wp\/v2\/product\/5822\/revisions\/6184"}],"wp:featuredmedia":[{"embeddable":true,"href":"https:\/\/www.au-palais-sucre.com\/index.php\/wp-json\/wp\/v2\/media\/5825"}],"wp:attachment":[{"href":"https:\/\/www.au-palais-sucre.com\/index.php\/wp-json\/wp\/v2\/media?parent=5822"}],"wp:term":[{"taxonomy":"product_brand","embeddable":true,"href":"https:\/\/www.au-palais-sucre.com\/index.php\/wp-json\/wp\/v2\/product_brand?post=5822"},{"taxonomy":"product_cat","embeddable":true,"href":"https:\/\/www.au-palais-sucre.com\/index.php\/wp-json\/wp\/v2\/product_cat?post=5822"},{"taxonomy":"product_tag","embeddable":true,"href":"https:\/\/www.au-palais-sucre.com\/index.php\/wp-json\/wp\/v2\/product_tag?post=5822"}],"curies":[{"name":"wp","href":"https:\/\/api.w.org\/{rel}","templated":true}]}}