{"id":5845,"date":"2025-04-07T03:18:38","date_gmt":"2025-04-07T01:18:38","guid":{"rendered":"https:\/\/www.au-palais-sucre.com\/?post_type=product&#038;p=5845"},"modified":"2025-11-06T14:35:17","modified_gmt":"2025-11-06T13:35:17","slug":"red-bull-spring-edition-walstro-roze-grapefruit","status":"publish","type":"product","link":"https:\/\/www.au-palais-sucre.com\/index.php\/produit\/red-bull-spring-edition-walstro-roze-grapefruit\/","title":{"rendered":"Red Bull Spring \u00c9dition Walstro Roze &#038; Grapefruit"},"content":{"rendered":"<h1 class=\"h1\">Red Bull Spring \u00c9dition Walstro Roze &amp; Grapefruit<\/h1>\n<p>\u00ab\u00a0D\u00e9couvrez Red Bull Spring Edition Walstro Roze &amp; Grapefruit, une boisson \u00e9nergisante unique qui allie les saveurs rafra\u00eechissantes de la rose et du pamplemousse. Parfaite pour vos moments de d\u00e9tente ou d&rsquo;activit\u00e9 intense, cette \u00e9dition printani\u00e8re vous offre un boost d&rsquo;\u00e9nergie tout en vous s\u00e9duisant par son go\u00fbt floral et fruit\u00e9. Restez actif et \u00e9nergis\u00e9 avec Red Bull Spring Edition Walstro Roze &amp; Grapefruit, la boisson id\u00e9ale pour le printemps !\u00a0\u00bb<\/p>\n<p><strong>Tous nos produits b\u00e9n\u00e9ficient d\u2019une DDM de plusieurs mois.<\/strong><br \/>\n<strong>DDM = Date de Durabilit\u00e9 Minimale, anciennement DLUO.<\/strong><\/p>\n<p>DLC 15\/01\/2026<\/p>\n<h3>Ingr\u00e9dients de Red Bull Spring \u00c9dition Walstro Roze &amp; Grapefruit<\/h3>\n<div class=\"product__more-infos\">\n<div class=\"product-description__container\">\n<div class=\"product-description__content\">\n<div class=\"product-description__content__inner\">\n<div class=\"product-description\">\n<p><strong><em>Eau, r\u00e9gulateurs d&rsquo;acidit\u00e9 (E330, E331), additif (E290), taurine, caf\u00e9ine (320mg\/L), \u00e9dulcorants (E950, E955), vitamines (B3, B5, B6, B12), ar\u00f4mes, \u00e9paississant (E415), colorants (E101, E163). *Teneur \u00e9lev\u00e9e en caf\u00e9ine, d\u00e9conseill\u00e9 aux enfants et aux femmes enceintes ou allaitantes<\/em><\/strong><\/p>\n<p>D\u00e9claration nutritionnelle (pour 100g): \u00e9nergie 188kJ\/44Kcal, mati\u00e8res grasses 0g (dont acides gras satur\u00e9s 0g), glucides 10g (dont sucres 10g), prot\u00e9ines 0g, sel 0,1g.<\/p>\n<p>&nbsp;<\/p>\n<h4>Les services AU PALAIS SUCRE<\/h4>\n<p>Nous sommes est un site de vente de <strong>bonbons<\/strong>, <strong>confiseries<\/strong>, <strong>boissons<\/strong>, <strong>chips<\/strong> et <strong>produits du monde<\/strong>,\u00a0 pour les particuliers, les associations et les entreprises.<\/p>\n<p><strong>AU PALAIS SUCRE\u00a0<\/strong> apporte \u00e9galement un vrai service , une livraison rapide et fiable, une pr\u00e9paration des commandes dans les 24h\/48h et un service clients joignable.<\/p>\n<p><strong>AU PALAIS SUCRE<\/strong> est votre destination pour des bonbons, confiseries, boissons, chips et produits du monde pour les particuliers, les associations et les entreprises. Nous offrons un choix vari\u00e9 de produits de qualit\u00e9 sup\u00e9rieure pour satisfaire tous les go\u00fbts et les besoins.<\/p>\n<p>Nous sommes fiers d\u2019offrir \u00e0 nos clients un service hors pair. Nous nous engageons \u00e0 pr\u00e9parer et exp\u00e9dier les commandes dans les 24h\/48h suivant l\u2019achat, pour une livraison rapide et fiable. De plus, notre \u00e9quipe de service clients est toujours disponible pour r\u00e9pondre \u00e0 vos questions et vous aider \u00e0 trouver le produit id\u00e9al pour vos besoins.<\/p>\n<p>Chez AU PALAIS SUCRE, nous sommes passionn\u00e9s par les bonbons et les confiseries, et nous sommes d\u00e9termin\u00e9s \u00e0 offrir \u00e0 nos clients une exp\u00e9rience de magasinage en ligne agr\u00e9able et sans stress. Nous sommes votre guichet unique pour tous vos besoins en sucreries et en produits du monde, et nous sommes impatients de vous servir d\u00e8s maintenant !<\/p>\n<\/div>\n<\/div>\n<\/div>\n<\/div>\n<div class=\"product-features\"><\/div>\n<\/div>\n<div id=\"av_v\" class=\"product__more-infos \"><\/div>\n<p>&nbsp;<\/p>\n","protected":false},"excerpt":{"rendered":"<h1 class=\"h1\">Red Bull Spring \u00c9dition Walstro Roze &amp; Grapefruit<\/h1>\n<p>\u00ab\u00a0D\u00e9couvrez Red Bull Spring Edition Walstro Roze &amp; Grapefruit, une boisson \u00e9nergisante unique qui allie les saveurs rafra\u00eechissantes de la rose et du pamplemousse. Parfaite pour vos moments de d\u00e9tente ou d&rsquo;activit\u00e9 intense, cette \u00e9dition printani\u00e8re vous offre un boost d&rsquo;\u00e9nergie tout en vous s\u00e9duisant par son go\u00fbt floral et fruit\u00e9. Restez actif et \u00e9nergis\u00e9 avec Red Bull Spring Edition Walstro Roze &amp; Grapefruit, la boisson id\u00e9ale pour le printemps !\u00a0\u00bb<\/p>\n<p><strong>Tous nos produits b\u00e9n\u00e9ficient d\u2019une DDM de plusieurs mois.<\/strong><br \/>\n<strong>DDM = Date de Durabilit\u00e9 Minimale, anciennement DLUO.<\/strong><\/p>\n","protected":false},"featured_media":5846,"comment_status":"open","ping_status":"closed","template":"","meta":{"ocean_post_layout":"","ocean_both_sidebars_style":"","ocean_both_sidebars_content_width":0,"ocean_both_sidebars_sidebars_width":0,"ocean_sidebar":"0","ocean_second_sidebar":"0","ocean_disable_margins":"enable","ocean_add_body_class":"","ocean_shortcode_before_top_bar":"","ocean_shortcode_after_top_bar":"","ocean_shortcode_before_header":"","ocean_shortcode_after_header":"","ocean_has_shortcode":"","ocean_shortcode_after_title":"","ocean_shortcode_before_footer_widgets":"","ocean_shortcode_after_footer_widgets":"","ocean_shortcode_before_footer_bottom":"","ocean_shortcode_after_footer_bottom":"","ocean_display_top_bar":"default","ocean_display_header":"default","ocean_header_style":"","ocean_center_header_left_menu":"0","ocean_custom_header_template":"0","ocean_custom_logo":0,"ocean_custom_retina_logo":0,"ocean_custom_logo_max_width":0,"ocean_custom_logo_tablet_max_width":0,"ocean_custom_logo_mobile_max_width":0,"ocean_custom_logo_max_height":0,"ocean_custom_logo_tablet_max_height":0,"ocean_custom_logo_mobile_max_height":0,"ocean_header_custom_menu":"0","ocean_menu_typo_font_family":"0","ocean_menu_typo_font_subset":"","ocean_menu_typo_font_size":0,"ocean_menu_typo_font_size_tablet":0,"ocean_menu_typo_font_size_mobile":0,"ocean_menu_typo_font_size_unit":"px","ocean_menu_typo_font_weight":"","ocean_menu_typo_font_weight_tablet":"","ocean_menu_typo_font_weight_mobile":"","ocean_menu_typo_transform":"","ocean_menu_typo_transform_tablet":"","ocean_menu_typo_transform_mobile":"","ocean_menu_typo_line_height":0,"ocean_menu_typo_line_height_tablet":0,"ocean_menu_typo_line_height_mobile":0,"ocean_menu_typo_line_height_unit":"","ocean_menu_typo_spacing":0,"ocean_menu_typo_spacing_tablet":0,"ocean_menu_typo_spacing_mobile":0,"ocean_menu_typo_spacing_unit":"","ocean_menu_link_color":"","ocean_menu_link_color_hover":"","ocean_menu_link_color_active":"","ocean_menu_link_background":"","ocean_menu_link_hover_background":"","ocean_menu_link_active_background":"","ocean_menu_social_links_bg":"","ocean_menu_social_hover_links_bg":"","ocean_menu_social_links_color":"","ocean_menu_social_hover_links_color":"","ocean_disable_title":"default","ocean_disable_heading":"default","ocean_post_title":"","ocean_post_subheading":"","ocean_post_title_style":"","ocean_post_title_background_color":"","ocean_post_title_background":0,"ocean_post_title_bg_image_position":"","ocean_post_title_bg_image_attachment":"","ocean_post_title_bg_image_repeat":"","ocean_post_title_bg_image_size":"","ocean_post_title_height":0,"ocean_post_title_bg_overlay":0.5,"ocean_post_title_bg_overlay_color":"","ocean_disable_breadcrumbs":"default","ocean_breadcrumbs_color":"","ocean_breadcrumbs_separator_color":"","ocean_breadcrumbs_links_color":"","ocean_breadcrumbs_links_hover_color":"","ocean_display_footer_widgets":"default","ocean_display_footer_bottom":"default","ocean_custom_footer_template":"0"},"product_brand":[],"product_cat":[65],"product_tag":[],"class_list":{"0":"post-5845","1":"product","2":"type-product","3":"status-publish","4":"has-post-thumbnail","6":"product_cat-boissons","8":"entry","9":"has-media","11":"first","12":"instock","13":"shipping-taxable","14":"purchasable","15":"product-type-simple","16":"has-product-nav","17":"col","18":"span_1_of_3","19":"owp-content-center","20":"owp-thumbs-layout-horizontal","21":"owp-btn-normal","22":"owp-tabs-layout-horizontal","23":"has-no-thumbnails"},"yoast_head":"<!-- This site is optimized with the Yoast SEO plugin v24.3 - https:\/\/yoast.com\/wordpress\/plugins\/seo\/ -->\n<title>Red Bull Spring \u00c9dition Walstro Roze &amp; Grapefruit - Au Palais Sucr\u00e9<\/title>\n<meta name=\"description\" content=\"&quot;Red Bull Spring \u00c9dition Walstro Roze &amp; Grapefruit offre une exp\u00e9rience \u00e9nergisante unique avec ses saveurs d\u00e9licates de rose et de pamplemousse. Parfaite pour le printemps, cette boisson \u00e9nergisante rafra\u00eechissante vous apporte un coup de boost tout en s\u00e9duisant vos papilles. D\u00e9couvrez Red Bull Spring \u00c9dition Walstro Roze &amp; Grapefruit pour une \u00e9nergie florale et fruit\u00e9e toute la saison !&quot;\" \/>\n<meta name=\"robots\" content=\"index, follow, max-snippet:-1, max-image-preview:large, max-video-preview:-1\" \/>\n<link rel=\"canonical\" href=\"https:\/\/www.au-palais-sucre.com\/index.php\/produit\/red-bull-spring-edition-walstro-roze-grapefruit\/\" \/>\n<meta property=\"og:locale\" content=\"fr_FR\" \/>\n<meta property=\"og:type\" content=\"article\" \/>\n<meta property=\"og:title\" content=\"Red Bull Spring \u00c9dition Walstro Roze &amp; Grapefruit - Au Palais Sucr\u00e9\" \/>\n<meta property=\"og:description\" content=\"&quot;Red Bull Spring \u00c9dition Walstro Roze &amp; Grapefruit offre une exp\u00e9rience \u00e9nergisante unique avec ses saveurs d\u00e9licates de rose et de pamplemousse. Parfaite pour le printemps, cette boisson \u00e9nergisante rafra\u00eechissante vous apporte un coup de boost tout en s\u00e9duisant vos papilles. D\u00e9couvrez Red Bull Spring \u00c9dition Walstro Roze &amp; Grapefruit pour une \u00e9nergie florale et fruit\u00e9e toute la saison !&quot;\" \/>\n<meta property=\"og:url\" content=\"https:\/\/www.au-palais-sucre.com\/index.php\/produit\/red-bull-spring-edition-walstro-roze-grapefruit\/\" \/>\n<meta property=\"og:site_name\" content=\"Au Palais Sucr\u00e9\" \/>\n<meta property=\"article:publisher\" content=\"https:\/\/www.facebook.com\/people\/Au-Palais-Sucr\/pfbid0xHg32QqsqJkkArCjoHQ6aaknwKMjtXgSnFxn2J3iXRfcnKZoBnYZT1GMsdL8xcPUl\/\" \/>\n<meta property=\"article:modified_time\" content=\"2025-11-06T13:35:17+00:00\" \/>\n<meta property=\"og:image\" content=\"https:\/\/www.au-palais-sucre.com\/wp-content\/uploads\/2025\/04\/red-bull-sugarfree-spring-edition-250-ml.jpg\" \/>\n\t<meta property=\"og:image:width\" content=\"350\" \/>\n\t<meta property=\"og:image:height\" content=\"350\" \/>\n\t<meta property=\"og:image:type\" content=\"image\/jpeg\" \/>\n<meta name=\"twitter:card\" content=\"summary_large_image\" \/>\n<meta name=\"twitter:label1\" content=\"Prix\" \/>\n\t<meta name=\"twitter:data1\" content=\"4,50&nbsp;&euro;\" \/>\n\t<meta name=\"twitter:label2\" content=\"Disponibilit\u00e9\" \/>\n\t<meta name=\"twitter:data2\" content=\"En stock\" \/>\n<script type=\"application\/ld+json\" class=\"yoast-schema-graph\">{\"@context\":\"https:\/\/schema.org\",\"@graph\":[{\"@type\":\"WebPage\",\"@id\":\"https:\/\/www.au-palais-sucre.com\/index.php\/produit\/red-bull-spring-edition-walstro-roze-grapefruit\/\",\"url\":\"https:\/\/www.au-palais-sucre.com\/index.php\/produit\/red-bull-spring-edition-walstro-roze-grapefruit\/\",\"name\":\"Red Bull Spring \u00c9dition Walstro Roze & Grapefruit - Au Palais Sucr\u00e9\",\"isPartOf\":{\"@id\":\"https:\/\/www.au-palais-sucre.com\/#website\"},\"primaryImageOfPage\":{\"@id\":\"https:\/\/www.au-palais-sucre.com\/index.php\/produit\/red-bull-spring-edition-walstro-roze-grapefruit\/#primaryimage\"},\"image\":{\"@id\":\"https:\/\/www.au-palais-sucre.com\/index.php\/produit\/red-bull-spring-edition-walstro-roze-grapefruit\/#primaryimage\"},\"thumbnailUrl\":\"https:\/\/www.au-palais-sucre.com\/wp-content\/uploads\/2025\/04\/red-bull-sugarfree-spring-edition-250-ml.jpg\",\"datePublished\":\"2025-04-07T01:18:38+00:00\",\"dateModified\":\"2025-11-06T13:35:17+00:00\",\"description\":\"\\\"Red Bull Spring \u00c9dition Walstro Roze & Grapefruit offre une exp\u00e9rience \u00e9nergisante unique avec ses saveurs d\u00e9licates de rose et de pamplemousse. Parfaite pour le printemps, cette boisson \u00e9nergisante rafra\u00eechissante vous apporte un coup de boost tout en s\u00e9duisant vos papilles. D\u00e9couvrez Red Bull Spring \u00c9dition Walstro Roze & Grapefruit pour une \u00e9nergie florale et fruit\u00e9e toute la saison !\\\"\",\"breadcrumb\":{\"@id\":\"https:\/\/www.au-palais-sucre.com\/index.php\/produit\/red-bull-spring-edition-walstro-roze-grapefruit\/#breadcrumb\"},\"inLanguage\":\"fr-FR\",\"potentialAction\":[{\"@type\":\"ReadAction\",\"target\":[\"https:\/\/www.au-palais-sucre.com\/index.php\/produit\/red-bull-spring-edition-walstro-roze-grapefruit\/\"]}]},{\"@type\":\"ImageObject\",\"inLanguage\":\"fr-FR\",\"@id\":\"https:\/\/www.au-palais-sucre.com\/index.php\/produit\/red-bull-spring-edition-walstro-roze-grapefruit\/#primaryimage\",\"url\":\"https:\/\/www.au-palais-sucre.com\/wp-content\/uploads\/2025\/04\/red-bull-sugarfree-spring-edition-250-ml.jpg\",\"contentUrl\":\"https:\/\/www.au-palais-sucre.com\/wp-content\/uploads\/2025\/04\/red-bull-sugarfree-spring-edition-250-ml.jpg\",\"width\":350,\"height\":350},{\"@type\":\"BreadcrumbList\",\"@id\":\"https:\/\/www.au-palais-sucre.com\/index.php\/produit\/red-bull-spring-edition-walstro-roze-grapefruit\/#breadcrumb\",\"itemListElement\":[{\"@type\":\"ListItem\",\"position\":1,\"name\":\"Boutique\",\"item\":\"https:\/\/www.au-palais-sucre.com\/index.php\/shop\/\"},{\"@type\":\"ListItem\",\"position\":2,\"name\":\"Red Bull Spring \u00c9dition Walstro Roze &#038; Grapefruit\"}]},{\"@type\":\"WebSite\",\"@id\":\"https:\/\/www.au-palais-sucre.com\/#website\",\"url\":\"https:\/\/www.au-palais-sucre.com\/\",\"name\":\"Au Palais Sucr\u00e9\",\"description\":\"Arrivage permanent de nouveaux produits..\",\"publisher\":{\"@id\":\"https:\/\/www.au-palais-sucre.com\/#organization\"},\"potentialAction\":[{\"@type\":\"SearchAction\",\"target\":{\"@type\":\"EntryPoint\",\"urlTemplate\":\"https:\/\/www.au-palais-sucre.com\/?s={search_term_string}\"},\"query-input\":{\"@type\":\"PropertyValueSpecification\",\"valueRequired\":true,\"valueName\":\"search_term_string\"}}],\"inLanguage\":\"fr-FR\"},{\"@type\":\"Organization\",\"@id\":\"https:\/\/www.au-palais-sucre.com\/#organization\",\"name\":\"Au Palais Sucr\u00e9\",\"url\":\"https:\/\/www.au-palais-sucre.com\/\",\"logo\":{\"@type\":\"ImageObject\",\"inLanguage\":\"fr-FR\",\"@id\":\"https:\/\/www.au-palais-sucre.com\/#\/schema\/logo\/image\/\",\"url\":\"https:\/\/www.au-palais-sucre.com\/wp-content\/uploads\/2023\/06\/cropped-Logo-blanc_prev_ui.png\",\"contentUrl\":\"https:\/\/www.au-palais-sucre.com\/wp-content\/uploads\/2023\/06\/cropped-Logo-blanc_prev_ui.png\",\"width\":567,\"height\":440,\"caption\":\"Au Palais Sucr\u00e9\"},\"image\":{\"@id\":\"https:\/\/www.au-palais-sucre.com\/#\/schema\/logo\/image\/\"},\"sameAs\":[\"https:\/\/www.facebook.com\/people\/Au-Palais-Sucr\/pfbid0xHg32QqsqJkkArCjoHQ6aaknwKMjtXgSnFxn2J3iXRfcnKZoBnYZT1GMsdL8xcPUl\/\"]}]}<\/script>\n<meta property=\"product:price:amount\" content=\"4.50\" \/>\n<meta property=\"product:price:currency\" content=\"EUR\" \/>\n<meta property=\"og:availability\" content=\"instock\" \/>\n<meta property=\"product:availability\" content=\"instock\" \/>\n<meta property=\"product:retailer_item_id\" content=\"ASPBOIS81\" \/>\n<meta property=\"product:condition\" content=\"new\" \/>\n<!-- \/ Yoast SEO plugin. -->","yoast_head_json":{"title":"Red Bull Spring \u00c9dition Walstro Roze & Grapefruit - Au Palais Sucr\u00e9","description":"\"Red Bull Spring \u00c9dition Walstro Roze & Grapefruit offre une exp\u00e9rience \u00e9nergisante unique avec ses saveurs d\u00e9licates de rose et de pamplemousse. Parfaite pour le printemps, cette boisson \u00e9nergisante rafra\u00eechissante vous apporte un coup de boost tout en s\u00e9duisant vos papilles. D\u00e9couvrez Red Bull Spring \u00c9dition Walstro Roze & Grapefruit pour une \u00e9nergie florale et fruit\u00e9e toute la saison !\"","robots":{"index":"index","follow":"follow","max-snippet":"max-snippet:-1","max-image-preview":"max-image-preview:large","max-video-preview":"max-video-preview:-1"},"canonical":"https:\/\/www.au-palais-sucre.com\/index.php\/produit\/red-bull-spring-edition-walstro-roze-grapefruit\/","og_locale":"fr_FR","og_type":"article","og_title":"Red Bull Spring \u00c9dition Walstro Roze & Grapefruit - Au Palais Sucr\u00e9","og_description":"\"Red Bull Spring \u00c9dition Walstro Roze & Grapefruit offre une exp\u00e9rience \u00e9nergisante unique avec ses saveurs d\u00e9licates de rose et de pamplemousse. Parfaite pour le printemps, cette boisson \u00e9nergisante rafra\u00eechissante vous apporte un coup de boost tout en s\u00e9duisant vos papilles. D\u00e9couvrez Red Bull Spring \u00c9dition Walstro Roze & Grapefruit pour une \u00e9nergie florale et fruit\u00e9e toute la saison !\"","og_url":"https:\/\/www.au-palais-sucre.com\/index.php\/produit\/red-bull-spring-edition-walstro-roze-grapefruit\/","og_site_name":"Au Palais Sucr\u00e9","article_publisher":"https:\/\/www.facebook.com\/people\/Au-Palais-Sucr\/pfbid0xHg32QqsqJkkArCjoHQ6aaknwKMjtXgSnFxn2J3iXRfcnKZoBnYZT1GMsdL8xcPUl\/","article_modified_time":"2025-11-06T13:35:17+00:00","og_image":[{"width":350,"height":350,"url":"https:\/\/www.au-palais-sucre.com\/wp-content\/uploads\/2025\/04\/red-bull-sugarfree-spring-edition-250-ml.jpg","type":"image\/jpeg"}],"twitter_card":"summary_large_image","twitter_misc":{"Prix":"4,50&nbsp;&euro;","Disponibilit\u00e9":"En stock"},"schema":{"@context":"https:\/\/schema.org","@graph":[{"@type":"WebPage","@id":"https:\/\/www.au-palais-sucre.com\/index.php\/produit\/red-bull-spring-edition-walstro-roze-grapefruit\/","url":"https:\/\/www.au-palais-sucre.com\/index.php\/produit\/red-bull-spring-edition-walstro-roze-grapefruit\/","name":"Red Bull Spring \u00c9dition Walstro Roze & Grapefruit - Au Palais Sucr\u00e9","isPartOf":{"@id":"https:\/\/www.au-palais-sucre.com\/#website"},"primaryImageOfPage":{"@id":"https:\/\/www.au-palais-sucre.com\/index.php\/produit\/red-bull-spring-edition-walstro-roze-grapefruit\/#primaryimage"},"image":{"@id":"https:\/\/www.au-palais-sucre.com\/index.php\/produit\/red-bull-spring-edition-walstro-roze-grapefruit\/#primaryimage"},"thumbnailUrl":"https:\/\/www.au-palais-sucre.com\/wp-content\/uploads\/2025\/04\/red-bull-sugarfree-spring-edition-250-ml.jpg","datePublished":"2025-04-07T01:18:38+00:00","dateModified":"2025-11-06T13:35:17+00:00","description":"\"Red Bull Spring \u00c9dition Walstro Roze & Grapefruit offre une exp\u00e9rience \u00e9nergisante unique avec ses saveurs d\u00e9licates de rose et de pamplemousse. Parfaite pour le printemps, cette boisson \u00e9nergisante rafra\u00eechissante vous apporte un coup de boost tout en s\u00e9duisant vos papilles. D\u00e9couvrez Red Bull Spring \u00c9dition Walstro Roze & Grapefruit pour une \u00e9nergie florale et fruit\u00e9e toute la saison !\"","breadcrumb":{"@id":"https:\/\/www.au-palais-sucre.com\/index.php\/produit\/red-bull-spring-edition-walstro-roze-grapefruit\/#breadcrumb"},"inLanguage":"fr-FR","potentialAction":[{"@type":"ReadAction","target":["https:\/\/www.au-palais-sucre.com\/index.php\/produit\/red-bull-spring-edition-walstro-roze-grapefruit\/"]}]},{"@type":"ImageObject","inLanguage":"fr-FR","@id":"https:\/\/www.au-palais-sucre.com\/index.php\/produit\/red-bull-spring-edition-walstro-roze-grapefruit\/#primaryimage","url":"https:\/\/www.au-palais-sucre.com\/wp-content\/uploads\/2025\/04\/red-bull-sugarfree-spring-edition-250-ml.jpg","contentUrl":"https:\/\/www.au-palais-sucre.com\/wp-content\/uploads\/2025\/04\/red-bull-sugarfree-spring-edition-250-ml.jpg","width":350,"height":350},{"@type":"BreadcrumbList","@id":"https:\/\/www.au-palais-sucre.com\/index.php\/produit\/red-bull-spring-edition-walstro-roze-grapefruit\/#breadcrumb","itemListElement":[{"@type":"ListItem","position":1,"name":"Boutique","item":"https:\/\/www.au-palais-sucre.com\/index.php\/shop\/"},{"@type":"ListItem","position":2,"name":"Red Bull Spring \u00c9dition Walstro Roze &#038; Grapefruit"}]},{"@type":"WebSite","@id":"https:\/\/www.au-palais-sucre.com\/#website","url":"https:\/\/www.au-palais-sucre.com\/","name":"Au Palais Sucr\u00e9","description":"Arrivage permanent de nouveaux produits..","publisher":{"@id":"https:\/\/www.au-palais-sucre.com\/#organization"},"potentialAction":[{"@type":"SearchAction","target":{"@type":"EntryPoint","urlTemplate":"https:\/\/www.au-palais-sucre.com\/?s={search_term_string}"},"query-input":{"@type":"PropertyValueSpecification","valueRequired":true,"valueName":"search_term_string"}}],"inLanguage":"fr-FR"},{"@type":"Organization","@id":"https:\/\/www.au-palais-sucre.com\/#organization","name":"Au Palais Sucr\u00e9","url":"https:\/\/www.au-palais-sucre.com\/","logo":{"@type":"ImageObject","inLanguage":"fr-FR","@id":"https:\/\/www.au-palais-sucre.com\/#\/schema\/logo\/image\/","url":"https:\/\/www.au-palais-sucre.com\/wp-content\/uploads\/2023\/06\/cropped-Logo-blanc_prev_ui.png","contentUrl":"https:\/\/www.au-palais-sucre.com\/wp-content\/uploads\/2023\/06\/cropped-Logo-blanc_prev_ui.png","width":567,"height":440,"caption":"Au Palais Sucr\u00e9"},"image":{"@id":"https:\/\/www.au-palais-sucre.com\/#\/schema\/logo\/image\/"},"sameAs":["https:\/\/www.facebook.com\/people\/Au-Palais-Sucr\/pfbid0xHg32QqsqJkkArCjoHQ6aaknwKMjtXgSnFxn2J3iXRfcnKZoBnYZT1GMsdL8xcPUl\/"]}]},"product_price_amount":"4.50","product_price_currency":"EUR","og_availability":"instock","product_availability":"instock","product_retailer_item_id":"ASPBOIS81","product_condition":"new"},"_links":{"self":[{"href":"https:\/\/www.au-palais-sucre.com\/index.php\/wp-json\/wp\/v2\/product\/5845","targetHints":{"allow":["GET"]}}],"collection":[{"href":"https:\/\/www.au-palais-sucre.com\/index.php\/wp-json\/wp\/v2\/product"}],"about":[{"href":"https:\/\/www.au-palais-sucre.com\/index.php\/wp-json\/wp\/v2\/types\/product"}],"replies":[{"embeddable":true,"href":"https:\/\/www.au-palais-sucre.com\/index.php\/wp-json\/wp\/v2\/comments?post=5845"}],"version-history":[{"count":2,"href":"https:\/\/www.au-palais-sucre.com\/index.php\/wp-json\/wp\/v2\/product\/5845\/revisions"}],"predecessor-version":[{"id":6097,"href":"https:\/\/www.au-palais-sucre.com\/index.php\/wp-json\/wp\/v2\/product\/5845\/revisions\/6097"}],"wp:featuredmedia":[{"embeddable":true,"href":"https:\/\/www.au-palais-sucre.com\/index.php\/wp-json\/wp\/v2\/media\/5846"}],"wp:attachment":[{"href":"https:\/\/www.au-palais-sucre.com\/index.php\/wp-json\/wp\/v2\/media?parent=5845"}],"wp:term":[{"taxonomy":"product_brand","embeddable":true,"href":"https:\/\/www.au-palais-sucre.com\/index.php\/wp-json\/wp\/v2\/product_brand?post=5845"},{"taxonomy":"product_cat","embeddable":true,"href":"https:\/\/www.au-palais-sucre.com\/index.php\/wp-json\/wp\/v2\/product_cat?post=5845"},{"taxonomy":"product_tag","embeddable":true,"href":"https:\/\/www.au-palais-sucre.com\/index.php\/wp-json\/wp\/v2\/product_tag?post=5845"}],"curies":[{"name":"wp","href":"https:\/\/api.w.org\/{rel}","templated":true}]}}