{"id":5869,"date":"2025-04-10T17:46:19","date_gmt":"2025-04-10T15:46:19","guid":{"rendered":"https:\/\/www.au-palais-sucre.com\/?post_type=product&#038;p=5869"},"modified":"2025-07-22T17:45:43","modified_gmt":"2025-07-22T15:45:43","slug":"valse-dragee-pistachio-milk-chocolate","status":"publish","type":"product","link":"https:\/\/www.au-palais-sucre.com\/index.php\/produit\/valse-dragee-pistachio-milk-chocolate\/","title":{"rendered":"Valse Dragee Pistachio &#038; Milk Chocolate"},"content":{"rendered":"<h1>Valse Dragee Pistachio &amp; Milk Chocolate<\/h1>\n<p>\u00ab\u00a0Valse Drag\u00e9e Pistachio &amp; Milk Chocolate est une confiserie d\u2019exception qui marie le croquant raffin\u00e9 de la pistache \u00e0 la douceur du chocolat au lait. Enrob\u00e9e d\u2019un enrobage lisse et fondant, chaque drag\u00e9e offre une explosion de saveurs riches et \u00e9quilibr\u00e9es. Id\u00e9ale pour les amateurs de douceurs artisanales, cette gourmandise haut de gamme s\u00e9duit par sa texture d\u00e9licate et son go\u00fbt intense. D\u00e9couvrez Valse Drag\u00e9e Pistachio &amp; Milk Chocolate, un chocolat drag\u00e9ifi\u00e9 premium, parfait pour offrir ou se faire plaisir.\u00a0\u00bb<\/p>\n<p><strong>Tous nos produits b\u00e9n\u00e9ficient d\u2019une DDM de plusieurs mois.<\/strong><br \/>\n<strong>DDM = Date de Durabilit\u00e9 Minimale, anciennement DLUO.<\/strong><\/p>\n<p>DLC : 01\/04\/2026<\/p>\n<h3>Ingr\u00e9dients<\/h3>\n<p>Enrobage au chocolat au <strong>LAIT<\/strong> (sucre, beurre de cacao, poudre de <strong>LAIT<\/strong> entier, poudre de <strong>LACTOS\u00c9RUM<\/strong> (produits <strong>LAIT<\/strong>iers), masse de cacao, poudre de <strong>LAIT<\/strong> \u00e9cr\u00e9m\u00e9, huile de palme, \u00e9mulsifiants (E322 &#8211; <strong>SOJA<\/strong>, E442, E476), vanilline, <strong>PISTACHES<\/strong> grill\u00e9es, \u00e9paississant (E414), agent d&rsquo;enrobage (E903). Peut contenir des traces de <strong>NOISETTES<\/strong>, <strong>AMANDES<\/strong>, <strong>NOIX<\/strong>, <strong>CACAHUETES<\/strong>, <strong>NOIX<\/strong> de cajou, <strong>PISTACHES<\/strong>, <strong>SOJA<\/strong> et <strong>GLUTEN<\/strong>.<\/p>\n<p>D\u00e9claration nutritionnelle (pour 100g): \u00e9nergie 2266kJ\/540Kcal, mati\u00e8res grasses 33g (dont acides gras satur\u00e9s 12.5g), glucides 50g (dont sucres 42g), prot\u00e9ines 11g, sel 0.3g.<\/p>\n<h4><strong>Les services AU PALAIS SUCRE<\/strong><\/h4>\n<p><strong>Nous sommes est un site de vente de bonbons, confiseries, boissons, chips et produits du monde,\u00a0 pour les particuliers, les associations et les entreprises.<\/strong><\/p>\n<p><strong>AU PALAIS SUCRE\u00a0 apporte \u00e9galement un vrai service , une livraison rapide et fiable, une pr\u00e9paration des commandes dans les 24h\/48h et un service clients joignable.<\/strong><\/p>\n<p><strong>AU PALAIS SUCRE est votre destination pour des bonbons, confiseries, boissons, chips et produits du monde pour les particuliers, les associations et les entreprises. Nous offrons un choix vari\u00e9 de produits de qualit\u00e9 sup\u00e9rieure pour satisfaire tous les go\u00fbts et les besoins.<\/strong><\/p>\n<p><strong>Nous sommes fiers d\u2019offrir \u00e0 nos clients un service hors pair. Nous nous engageons \u00e0 pr\u00e9parer et exp\u00e9dier les commandes dans les 24h\/48h suivant l\u2019achat, pour une livraison rapide et fiable. De plus, notre \u00e9quipe de service clients est toujours disponible pour r\u00e9pondre \u00e0 vos questions et vous aider \u00e0 trouver le produit id\u00e9al pour vos besoins.<\/strong><\/p>\n<p><strong>Chez AU PALAIS SUCRE, nous sommes passionn\u00e9s par les bonbons et les confiseries, et nous sommes d\u00e9termin\u00e9s \u00e0 offrir \u00e0 nos clients une exp\u00e9rience de magasinage en ligne agr\u00e9able et sans stress. Nous sommes votre guichet unique pour tous vos besoins en sucreries et en produits du monde, et nous sommes impatients de vous servir d\u00e8s maintenant !<\/strong><\/p>\n<p>&nbsp;<\/p>\n","protected":false},"excerpt":{"rendered":"<h1>Valse Dragee Pistachio &amp; Milk Chocolate<\/h1>\n<p>\u00ab\u00a0Valse Drag\u00e9e Pistachio &amp; Milk Chocolate est une confiserie d\u2019exception qui marie le croquant raffin\u00e9 de la pistache \u00e0 la douceur du chocolat au lait. Enrob\u00e9e d\u2019un enrobage lisse et fondant, chaque drag\u00e9e offre une explosion de saveurs riches et \u00e9quilibr\u00e9es. Id\u00e9ale pour les amateurs de douceurs artisanales, cette gourmandise haut de gamme s\u00e9duit par sa texture d\u00e9licate et son go\u00fbt intense. D\u00e9couvrez Valse Drag\u00e9e Pistachio &amp; Milk Chocolate, un chocolat drag\u00e9ifi\u00e9 premium, parfait pour offrir ou se faire plaisir.\u00a0\u00bb<\/p>\n<p><strong>Tous nos produits b\u00e9n\u00e9ficient d\u2019une DDM de plusieurs mois.<\/strong><br \/>\n<strong>DDM = Date de Durabilit\u00e9 Minimale, anciennement DLUO.<\/strong><\/p>\n","protected":false},"featured_media":5870,"comment_status":"open","ping_status":"closed","template":"","meta":{"ocean_post_layout":"","ocean_both_sidebars_style":"","ocean_both_sidebars_content_width":0,"ocean_both_sidebars_sidebars_width":0,"ocean_sidebar":"0","ocean_second_sidebar":"0","ocean_disable_margins":"enable","ocean_add_body_class":"","ocean_shortcode_before_top_bar":"","ocean_shortcode_after_top_bar":"","ocean_shortcode_before_header":"","ocean_shortcode_after_header":"","ocean_has_shortcode":"","ocean_shortcode_after_title":"","ocean_shortcode_before_footer_widgets":"","ocean_shortcode_after_footer_widgets":"","ocean_shortcode_before_footer_bottom":"","ocean_shortcode_after_footer_bottom":"","ocean_display_top_bar":"default","ocean_display_header":"default","ocean_header_style":"","ocean_center_header_left_menu":"0","ocean_custom_header_template":"0","ocean_custom_logo":0,"ocean_custom_retina_logo":0,"ocean_custom_logo_max_width":0,"ocean_custom_logo_tablet_max_width":0,"ocean_custom_logo_mobile_max_width":0,"ocean_custom_logo_max_height":0,"ocean_custom_logo_tablet_max_height":0,"ocean_custom_logo_mobile_max_height":0,"ocean_header_custom_menu":"0","ocean_menu_typo_font_family":"0","ocean_menu_typo_font_subset":"","ocean_menu_typo_font_size":0,"ocean_menu_typo_font_size_tablet":0,"ocean_menu_typo_font_size_mobile":0,"ocean_menu_typo_font_size_unit":"px","ocean_menu_typo_font_weight":"","ocean_menu_typo_font_weight_tablet":"","ocean_menu_typo_font_weight_mobile":"","ocean_menu_typo_transform":"","ocean_menu_typo_transform_tablet":"","ocean_menu_typo_transform_mobile":"","ocean_menu_typo_line_height":0,"ocean_menu_typo_line_height_tablet":0,"ocean_menu_typo_line_height_mobile":0,"ocean_menu_typo_line_height_unit":"","ocean_menu_typo_spacing":0,"ocean_menu_typo_spacing_tablet":0,"ocean_menu_typo_spacing_mobile":0,"ocean_menu_typo_spacing_unit":"","ocean_menu_link_color":"","ocean_menu_link_color_hover":"","ocean_menu_link_color_active":"","ocean_menu_link_background":"","ocean_menu_link_hover_background":"","ocean_menu_link_active_background":"","ocean_menu_social_links_bg":"","ocean_menu_social_hover_links_bg":"","ocean_menu_social_links_color":"","ocean_menu_social_hover_links_color":"","ocean_disable_title":"default","ocean_disable_heading":"default","ocean_post_title":"","ocean_post_subheading":"","ocean_post_title_style":"","ocean_post_title_background_color":"","ocean_post_title_background":0,"ocean_post_title_bg_image_position":"","ocean_post_title_bg_image_attachment":"","ocean_post_title_bg_image_repeat":"","ocean_post_title_bg_image_size":"","ocean_post_title_height":0,"ocean_post_title_bg_overlay":0.5,"ocean_post_title_bg_overlay_color":"","ocean_disable_breadcrumbs":"default","ocean_breadcrumbs_color":"","ocean_breadcrumbs_separator_color":"","ocean_breadcrumbs_links_color":"","ocean_breadcrumbs_links_hover_color":"","ocean_display_footer_widgets":"default","ocean_display_footer_bottom":"default","ocean_custom_footer_template":"0"},"product_brand":[],"product_cat":[91,64,88],"product_tag":[],"class_list":{"0":"post-5869","1":"product","2":"type-product","3":"status-publish","4":"has-post-thumbnail","6":"product_cat-cereales","7":"product_cat-dubai","8":"product_cat-gateaux","10":"entry","11":"has-media","13":"first","14":"outofstock","15":"shipping-taxable","16":"purchasable","17":"product-type-simple","18":"has-product-nav","19":"col","20":"span_1_of_3","21":"owp-content-center","22":"owp-thumbs-layout-horizontal","23":"owp-btn-normal","24":"owp-tabs-layout-horizontal","25":"has-no-thumbnails"},"yoast_head":"<!-- This site is optimized with the Yoast SEO plugin v24.3 - https:\/\/yoast.com\/wordpress\/plugins\/seo\/ -->\n<title>Valse Dragee Pistachio &amp; Milk Chocolate - Au Palais Sucr\u00e9<\/title>\n<meta name=\"description\" content=\"&quot;Craquez pour Valse Drag\u00e9e Pistachio &amp; Milk Chocolate, une confiserie premium alliant pistache croquante et chocolat au lait fondant. Un plaisir raffin\u00e9 \u00e0 chaque bouch\u00e9e.&quot;\" \/>\n<meta name=\"robots\" content=\"index, follow, max-snippet:-1, max-image-preview:large, max-video-preview:-1\" \/>\n<link rel=\"canonical\" href=\"https:\/\/www.au-palais-sucre.com\/index.php\/produit\/valse-dragee-pistachio-milk-chocolate\/\" \/>\n<meta property=\"og:locale\" content=\"fr_FR\" \/>\n<meta property=\"og:type\" content=\"article\" \/>\n<meta property=\"og:title\" content=\"Valse Dragee Pistachio &amp; Milk Chocolate - Au Palais Sucr\u00e9\" \/>\n<meta property=\"og:description\" content=\"&quot;Craquez pour Valse Drag\u00e9e Pistachio &amp; Milk Chocolate, une confiserie premium alliant pistache croquante et chocolat au lait fondant. Un plaisir raffin\u00e9 \u00e0 chaque bouch\u00e9e.&quot;\" \/>\n<meta property=\"og:url\" content=\"https:\/\/www.au-palais-sucre.com\/index.php\/produit\/valse-dragee-pistachio-milk-chocolate\/\" \/>\n<meta property=\"og:site_name\" content=\"Au Palais Sucr\u00e9\" \/>\n<meta property=\"article:publisher\" content=\"https:\/\/www.facebook.com\/people\/Au-Palais-Sucr\/pfbid0xHg32QqsqJkkArCjoHQ6aaknwKMjtXgSnFxn2J3iXRfcnKZoBnYZT1GMsdL8xcPUl\/\" \/>\n<meta property=\"article:modified_time\" content=\"2025-07-22T15:45:43+00:00\" \/>\n<meta property=\"og:image\" content=\"https:\/\/www.au-palais-sucre.com\/wp-content\/uploads\/2025\/04\/valse-dragee-pistachio-milk-chocolate-57156116775243.webp\" \/>\n\t<meta property=\"og:image:width\" content=\"800\" \/>\n\t<meta property=\"og:image:height\" content=\"800\" \/>\n\t<meta property=\"og:image:type\" content=\"image\/webp\" \/>\n<meta name=\"twitter:card\" content=\"summary_large_image\" \/>\n<meta name=\"twitter:label1\" content=\"Prix\" \/>\n\t<meta name=\"twitter:data1\" content=\"5,00&nbsp;&euro;\" \/>\n\t<meta name=\"twitter:label2\" content=\"Disponibilit\u00e9\" \/>\n\t<meta name=\"twitter:data2\" content=\"Rupture de stock\" \/>\n<script type=\"application\/ld+json\" class=\"yoast-schema-graph\">{\"@context\":\"https:\/\/schema.org\",\"@graph\":[{\"@type\":\"WebPage\",\"@id\":\"https:\/\/www.au-palais-sucre.com\/index.php\/produit\/valse-dragee-pistachio-milk-chocolate\/\",\"url\":\"https:\/\/www.au-palais-sucre.com\/index.php\/produit\/valse-dragee-pistachio-milk-chocolate\/\",\"name\":\"Valse Dragee Pistachio & Milk Chocolate - Au Palais Sucr\u00e9\",\"isPartOf\":{\"@id\":\"https:\/\/www.au-palais-sucre.com\/#website\"},\"primaryImageOfPage\":{\"@id\":\"https:\/\/www.au-palais-sucre.com\/index.php\/produit\/valse-dragee-pistachio-milk-chocolate\/#primaryimage\"},\"image\":{\"@id\":\"https:\/\/www.au-palais-sucre.com\/index.php\/produit\/valse-dragee-pistachio-milk-chocolate\/#primaryimage\"},\"thumbnailUrl\":\"https:\/\/www.au-palais-sucre.com\/wp-content\/uploads\/2025\/04\/valse-dragee-pistachio-milk-chocolate-57156116775243.webp\",\"datePublished\":\"2025-04-10T15:46:19+00:00\",\"dateModified\":\"2025-07-22T15:45:43+00:00\",\"description\":\"\\\"Craquez pour Valse Drag\u00e9e Pistachio & Milk Chocolate, une confiserie premium alliant pistache croquante et chocolat au lait fondant. Un plaisir raffin\u00e9 \u00e0 chaque bouch\u00e9e.\\\"\",\"breadcrumb\":{\"@id\":\"https:\/\/www.au-palais-sucre.com\/index.php\/produit\/valse-dragee-pistachio-milk-chocolate\/#breadcrumb\"},\"inLanguage\":\"fr-FR\",\"potentialAction\":[{\"@type\":\"ReadAction\",\"target\":[\"https:\/\/www.au-palais-sucre.com\/index.php\/produit\/valse-dragee-pistachio-milk-chocolate\/\"]}]},{\"@type\":\"ImageObject\",\"inLanguage\":\"fr-FR\",\"@id\":\"https:\/\/www.au-palais-sucre.com\/index.php\/produit\/valse-dragee-pistachio-milk-chocolate\/#primaryimage\",\"url\":\"https:\/\/www.au-palais-sucre.com\/wp-content\/uploads\/2025\/04\/valse-dragee-pistachio-milk-chocolate-57156116775243.webp\",\"contentUrl\":\"https:\/\/www.au-palais-sucre.com\/wp-content\/uploads\/2025\/04\/valse-dragee-pistachio-milk-chocolate-57156116775243.webp\",\"width\":800,\"height\":800},{\"@type\":\"BreadcrumbList\",\"@id\":\"https:\/\/www.au-palais-sucre.com\/index.php\/produit\/valse-dragee-pistachio-milk-chocolate\/#breadcrumb\",\"itemListElement\":[{\"@type\":\"ListItem\",\"position\":1,\"name\":\"Boutique\",\"item\":\"https:\/\/www.au-palais-sucre.com\/index.php\/shop\/\"},{\"@type\":\"ListItem\",\"position\":2,\"name\":\"Valse Dragee Pistachio &#038; Milk Chocolate\"}]},{\"@type\":\"WebSite\",\"@id\":\"https:\/\/www.au-palais-sucre.com\/#website\",\"url\":\"https:\/\/www.au-palais-sucre.com\/\",\"name\":\"Au Palais Sucr\u00e9\",\"description\":\"Arrivage permanent de nouveaux produits..\",\"publisher\":{\"@id\":\"https:\/\/www.au-palais-sucre.com\/#organization\"},\"potentialAction\":[{\"@type\":\"SearchAction\",\"target\":{\"@type\":\"EntryPoint\",\"urlTemplate\":\"https:\/\/www.au-palais-sucre.com\/?s={search_term_string}\"},\"query-input\":{\"@type\":\"PropertyValueSpecification\",\"valueRequired\":true,\"valueName\":\"search_term_string\"}}],\"inLanguage\":\"fr-FR\"},{\"@type\":\"Organization\",\"@id\":\"https:\/\/www.au-palais-sucre.com\/#organization\",\"name\":\"Au Palais Sucr\u00e9\",\"url\":\"https:\/\/www.au-palais-sucre.com\/\",\"logo\":{\"@type\":\"ImageObject\",\"inLanguage\":\"fr-FR\",\"@id\":\"https:\/\/www.au-palais-sucre.com\/#\/schema\/logo\/image\/\",\"url\":\"https:\/\/www.au-palais-sucre.com\/wp-content\/uploads\/2023\/06\/cropped-Logo-blanc_prev_ui.png\",\"contentUrl\":\"https:\/\/www.au-palais-sucre.com\/wp-content\/uploads\/2023\/06\/cropped-Logo-blanc_prev_ui.png\",\"width\":567,\"height\":440,\"caption\":\"Au Palais Sucr\u00e9\"},\"image\":{\"@id\":\"https:\/\/www.au-palais-sucre.com\/#\/schema\/logo\/image\/\"},\"sameAs\":[\"https:\/\/www.facebook.com\/people\/Au-Palais-Sucr\/pfbid0xHg32QqsqJkkArCjoHQ6aaknwKMjtXgSnFxn2J3iXRfcnKZoBnYZT1GMsdL8xcPUl\/\"]}]}<\/script>\n<meta property=\"product:price:amount\" content=\"5.00\" \/>\n<meta property=\"product:price:currency\" content=\"EUR\" \/>\n<meta property=\"og:availability\" content=\"out of stock\" \/>\n<meta property=\"product:availability\" content=\"out of stock\" \/>\n<meta property=\"product:retailer_item_id\" content=\"ASPGAT88\" \/>\n<meta property=\"product:condition\" content=\"new\" \/>\n<!-- \/ Yoast SEO plugin. -->","yoast_head_json":{"title":"Valse Dragee Pistachio & Milk Chocolate - Au Palais Sucr\u00e9","description":"\"Craquez pour Valse Drag\u00e9e Pistachio & Milk Chocolate, une confiserie premium alliant pistache croquante et chocolat au lait fondant. Un plaisir raffin\u00e9 \u00e0 chaque bouch\u00e9e.\"","robots":{"index":"index","follow":"follow","max-snippet":"max-snippet:-1","max-image-preview":"max-image-preview:large","max-video-preview":"max-video-preview:-1"},"canonical":"https:\/\/www.au-palais-sucre.com\/index.php\/produit\/valse-dragee-pistachio-milk-chocolate\/","og_locale":"fr_FR","og_type":"article","og_title":"Valse Dragee Pistachio & Milk Chocolate - Au Palais Sucr\u00e9","og_description":"\"Craquez pour Valse Drag\u00e9e Pistachio & Milk Chocolate, une confiserie premium alliant pistache croquante et chocolat au lait fondant. Un plaisir raffin\u00e9 \u00e0 chaque bouch\u00e9e.\"","og_url":"https:\/\/www.au-palais-sucre.com\/index.php\/produit\/valse-dragee-pistachio-milk-chocolate\/","og_site_name":"Au Palais Sucr\u00e9","article_publisher":"https:\/\/www.facebook.com\/people\/Au-Palais-Sucr\/pfbid0xHg32QqsqJkkArCjoHQ6aaknwKMjtXgSnFxn2J3iXRfcnKZoBnYZT1GMsdL8xcPUl\/","article_modified_time":"2025-07-22T15:45:43+00:00","og_image":[{"width":800,"height":800,"url":"https:\/\/www.au-palais-sucre.com\/wp-content\/uploads\/2025\/04\/valse-dragee-pistachio-milk-chocolate-57156116775243.webp","type":"image\/webp"}],"twitter_card":"summary_large_image","twitter_misc":{"Prix":"5,00&nbsp;&euro;","Disponibilit\u00e9":"Rupture de stock"},"schema":{"@context":"https:\/\/schema.org","@graph":[{"@type":"WebPage","@id":"https:\/\/www.au-palais-sucre.com\/index.php\/produit\/valse-dragee-pistachio-milk-chocolate\/","url":"https:\/\/www.au-palais-sucre.com\/index.php\/produit\/valse-dragee-pistachio-milk-chocolate\/","name":"Valse Dragee Pistachio & Milk Chocolate - Au Palais Sucr\u00e9","isPartOf":{"@id":"https:\/\/www.au-palais-sucre.com\/#website"},"primaryImageOfPage":{"@id":"https:\/\/www.au-palais-sucre.com\/index.php\/produit\/valse-dragee-pistachio-milk-chocolate\/#primaryimage"},"image":{"@id":"https:\/\/www.au-palais-sucre.com\/index.php\/produit\/valse-dragee-pistachio-milk-chocolate\/#primaryimage"},"thumbnailUrl":"https:\/\/www.au-palais-sucre.com\/wp-content\/uploads\/2025\/04\/valse-dragee-pistachio-milk-chocolate-57156116775243.webp","datePublished":"2025-04-10T15:46:19+00:00","dateModified":"2025-07-22T15:45:43+00:00","description":"\"Craquez pour Valse Drag\u00e9e Pistachio & Milk Chocolate, une confiserie premium alliant pistache croquante et chocolat au lait fondant. Un plaisir raffin\u00e9 \u00e0 chaque bouch\u00e9e.\"","breadcrumb":{"@id":"https:\/\/www.au-palais-sucre.com\/index.php\/produit\/valse-dragee-pistachio-milk-chocolate\/#breadcrumb"},"inLanguage":"fr-FR","potentialAction":[{"@type":"ReadAction","target":["https:\/\/www.au-palais-sucre.com\/index.php\/produit\/valse-dragee-pistachio-milk-chocolate\/"]}]},{"@type":"ImageObject","inLanguage":"fr-FR","@id":"https:\/\/www.au-palais-sucre.com\/index.php\/produit\/valse-dragee-pistachio-milk-chocolate\/#primaryimage","url":"https:\/\/www.au-palais-sucre.com\/wp-content\/uploads\/2025\/04\/valse-dragee-pistachio-milk-chocolate-57156116775243.webp","contentUrl":"https:\/\/www.au-palais-sucre.com\/wp-content\/uploads\/2025\/04\/valse-dragee-pistachio-milk-chocolate-57156116775243.webp","width":800,"height":800},{"@type":"BreadcrumbList","@id":"https:\/\/www.au-palais-sucre.com\/index.php\/produit\/valse-dragee-pistachio-milk-chocolate\/#breadcrumb","itemListElement":[{"@type":"ListItem","position":1,"name":"Boutique","item":"https:\/\/www.au-palais-sucre.com\/index.php\/shop\/"},{"@type":"ListItem","position":2,"name":"Valse Dragee Pistachio &#038; Milk Chocolate"}]},{"@type":"WebSite","@id":"https:\/\/www.au-palais-sucre.com\/#website","url":"https:\/\/www.au-palais-sucre.com\/","name":"Au Palais Sucr\u00e9","description":"Arrivage permanent de nouveaux produits..","publisher":{"@id":"https:\/\/www.au-palais-sucre.com\/#organization"},"potentialAction":[{"@type":"SearchAction","target":{"@type":"EntryPoint","urlTemplate":"https:\/\/www.au-palais-sucre.com\/?s={search_term_string}"},"query-input":{"@type":"PropertyValueSpecification","valueRequired":true,"valueName":"search_term_string"}}],"inLanguage":"fr-FR"},{"@type":"Organization","@id":"https:\/\/www.au-palais-sucre.com\/#organization","name":"Au Palais Sucr\u00e9","url":"https:\/\/www.au-palais-sucre.com\/","logo":{"@type":"ImageObject","inLanguage":"fr-FR","@id":"https:\/\/www.au-palais-sucre.com\/#\/schema\/logo\/image\/","url":"https:\/\/www.au-palais-sucre.com\/wp-content\/uploads\/2023\/06\/cropped-Logo-blanc_prev_ui.png","contentUrl":"https:\/\/www.au-palais-sucre.com\/wp-content\/uploads\/2023\/06\/cropped-Logo-blanc_prev_ui.png","width":567,"height":440,"caption":"Au Palais Sucr\u00e9"},"image":{"@id":"https:\/\/www.au-palais-sucre.com\/#\/schema\/logo\/image\/"},"sameAs":["https:\/\/www.facebook.com\/people\/Au-Palais-Sucr\/pfbid0xHg32QqsqJkkArCjoHQ6aaknwKMjtXgSnFxn2J3iXRfcnKZoBnYZT1GMsdL8xcPUl\/"]}]},"product_price_amount":"5.00","product_price_currency":"EUR","og_availability":"out of stock","product_availability":"out of stock","product_retailer_item_id":"ASPGAT88","product_condition":"new"},"_links":{"self":[{"href":"https:\/\/www.au-palais-sucre.com\/index.php\/wp-json\/wp\/v2\/product\/5869","targetHints":{"allow":["GET"]}}],"collection":[{"href":"https:\/\/www.au-palais-sucre.com\/index.php\/wp-json\/wp\/v2\/product"}],"about":[{"href":"https:\/\/www.au-palais-sucre.com\/index.php\/wp-json\/wp\/v2\/types\/product"}],"replies":[{"embeddable":true,"href":"https:\/\/www.au-palais-sucre.com\/index.php\/wp-json\/wp\/v2\/comments?post=5869"}],"version-history":[{"count":2,"href":"https:\/\/www.au-palais-sucre.com\/index.php\/wp-json\/wp\/v2\/product\/5869\/revisions"}],"predecessor-version":[{"id":6163,"href":"https:\/\/www.au-palais-sucre.com\/index.php\/wp-json\/wp\/v2\/product\/5869\/revisions\/6163"}],"wp:featuredmedia":[{"embeddable":true,"href":"https:\/\/www.au-palais-sucre.com\/index.php\/wp-json\/wp\/v2\/media\/5870"}],"wp:attachment":[{"href":"https:\/\/www.au-palais-sucre.com\/index.php\/wp-json\/wp\/v2\/media?parent=5869"}],"wp:term":[{"taxonomy":"product_brand","embeddable":true,"href":"https:\/\/www.au-palais-sucre.com\/index.php\/wp-json\/wp\/v2\/product_brand?post=5869"},{"taxonomy":"product_cat","embeddable":true,"href":"https:\/\/www.au-palais-sucre.com\/index.php\/wp-json\/wp\/v2\/product_cat?post=5869"},{"taxonomy":"product_tag","embeddable":true,"href":"https:\/\/www.au-palais-sucre.com\/index.php\/wp-json\/wp\/v2\/product_tag?post=5869"}],"curies":[{"name":"wp","href":"https:\/\/api.w.org\/{rel}","templated":true}]}}