{"id":5955,"date":"2025-04-24T15:43:33","date_gmt":"2025-04-24T13:43:33","guid":{"rendered":"https:\/\/www.au-palais-sucre.com\/?post_type=product&#038;p=5955"},"modified":"2025-11-06T14:24:57","modified_gmt":"2025-11-06T13:24:57","slug":"mr-bite-groani-dubai","status":"publish","type":"product","link":"https:\/\/www.au-palais-sucre.com\/index.php\/produit\/mr-bite-groani-dubai\/","title":{"rendered":"MR Bite Groani DUBAI"},"content":{"rendered":"<h1>MR Bite Groani DUBAI<\/h1>\n<p>\u00ab\u00a0MR Bite Groani Dubai est une gourmandise irr\u00e9sistible venue tout droit de Duba\u00ef, alliant chocolat fondant, noisettes croquantes et textures savoureuses. \u00c9labor\u00e9e pour les amateurs de douceurs raffin\u00e9es, cette confiserie unique s\u00e9duit par son go\u00fbt intense et sa pr\u00e9sentation \u00e9l\u00e9gante. Id\u00e9ale pour offrir ou se faire plaisir, MR Bite Groani est une exp\u00e9rience chocolat\u00e9e premium qui refl\u00e8te tout le luxe et le raffinement des confiseries de Duba\u00ef.\u00a0\u00bb<\/p>\n<p><strong>Tous nos produits b\u00e9n\u00e9ficient d\u2019une DDM de plusieurs mois.<\/strong><br \/>\n<strong>DDM = Date de Durabilit\u00e9 Minimale, anciennement DLUO.<\/strong><\/p>\n<p>DLC 12\/09\/26<\/p>\n<h3>Ingr\u00e9dients<\/h3>\n<p>Chocolat au lait (39%): sucre, graisse de cacao, <b>lait<\/b> entier en poudre, <b>lait<\/b> \u00e9cr\u00e9m\u00e9 en poudre, masse de cacao, poudre de cacao, \u00e9mulsifiants (E322 (lecithine \u2013 <b>soja),<\/b> E476 \u2013 \u00e9mulsifiant), beurre, sel, ar\u00f4me (vanyle). Cr\u00e8me de la statine (58%): huile v\u00e9g\u00e9tale (noix de coco, palme), lactos\u00e9rum (<b>lait<\/b>) poudre, sucre, poudre de glucose, p\u00e2te de <b>pistapas<\/b> (3%), \u00e9mulsifiant (E322 \u2013 l\u00e9cithine (<b>soja<\/b>)), sel.<b>pistacji<\/b><\/p>\n<p><b>Valeur nutritionnelle dans 100 g du produit<\/b><\/p>\n<table class=\"table table-bordered\">\n<tbody>\n<tr>\n<td>La valeur \u00e9nerg\u00e9tique<\/td>\n<td>2236kJ\/534kcal<\/td>\n<\/tr>\n<tr>\n<td>La graisse<\/td>\n<td>30,9 g<\/td>\n<\/tr>\n<tr>\n<td>dans ces acides gras satur\u00e9s<\/td>\n<td>26,6 g<\/td>\n<\/tr>\n<tr>\n<td>Carbohydrates<\/td>\n<td>59,4<\/td>\n<\/tr>\n<tr>\n<td>Dans ce sucre<\/td>\n<td>44,3 g<\/td>\n<\/tr>\n<tr>\n<td>La fibre<\/td>\n<td>0g de la<\/td>\n<\/tr>\n<tr>\n<td>La prot\u00e9ine<\/td>\n<td>6,5 g<\/td>\n<\/tr>\n<tr>\n<td>Le sel<\/td>\n<td>0,56 g<\/td>\n<\/tr>\n<\/tbody>\n<\/table>\n<p>&nbsp;<\/p>\n<h4>Les services AU PALAIS SUCRE<\/h4>\n<p>Nous sommes est un site de vente de <strong>bonbons<\/strong>, <strong>confiseries<\/strong>, <strong>boissons<\/strong>, <strong>chips<\/strong> et <strong>produits du monde<\/strong>,\u00a0 pour les particuliers, les associations et les entreprises.<\/p>\n<p><strong>AU PALAIS SUCRE\u00a0<\/strong> apporte \u00e9galement un vrai service , une livraison rapide et fiable, une pr\u00e9paration des commandes dans les 24h\/48h et un service clients joignable.<\/p>\n<p><strong>AU PALAIS SUCRE<\/strong> est votre destination pour des bonbons, confiseries, boissons, chips et produits du monde pour les particuliers, les associations et les entreprises. Nous offrons un choix vari\u00e9 de produits de qualit\u00e9 sup\u00e9rieure pour satisfaire tous les go\u00fbts et les besoins.<\/p>\n<p>Nous sommes fiers d\u2019offrir \u00e0 nos clients un service hors pair. Nous nous engageons \u00e0 pr\u00e9parer et exp\u00e9dier les commandes dans les 24h\/48h suivant l\u2019achat, pour une livraison rapide et fiable. De plus, notre \u00e9quipe de service clients est toujours disponible pour r\u00e9pondre \u00e0 vos questions et vous aider \u00e0 trouver le produit id\u00e9al pour vos besoins.<\/p>\n<p>Chez AU PALAIS SUCRE, nous sommes passionn\u00e9s par les bonbons et les confiseries, et nous sommes d\u00e9termin\u00e9s \u00e0 offrir \u00e0 nos clients une exp\u00e9rience de magasinage en ligne agr\u00e9able et sans stress. Nous sommes votre guichet unique pour tous vos besoins en sucreries et en produits du monde, et nous sommes impatients de vous servir d\u00e8s maintenant !<\/p>\n","protected":false},"excerpt":{"rendered":"<h1>MR Bite Groani DUBAI<\/h1>\n<p>\u00ab\u00a0MR Bite Groani Dubai est une gourmandise irr\u00e9sistible venue tout droit de Duba\u00ef, alliant chocolat fondant, noisettes croquantes et textures savoureuses. \u00c9labor\u00e9e pour les amateurs de douceurs raffin\u00e9es, cette confiserie unique s\u00e9duit par son go\u00fbt intense et sa pr\u00e9sentation \u00e9l\u00e9gante. Id\u00e9ale pour offrir ou se faire plaisir, MR Bite Groani est une exp\u00e9rience chocolat\u00e9e premium qui refl\u00e8te tout le luxe et le raffinement des confiseries de Duba\u00ef.\u00a0\u00bb<\/p>\n<p><strong>Tous nos produits b\u00e9n\u00e9ficient d\u2019une DDM de plusieurs mois.<\/strong><br \/>\n<strong>DDM = Date de Durabilit\u00e9 Minimale, anciennement DLUO.<\/strong><\/p>\n","protected":false},"featured_media":5957,"comment_status":"open","ping_status":"closed","template":"","meta":{"ocean_post_layout":"","ocean_both_sidebars_style":"","ocean_both_sidebars_content_width":0,"ocean_both_sidebars_sidebars_width":0,"ocean_sidebar":"0","ocean_second_sidebar":"0","ocean_disable_margins":"enable","ocean_add_body_class":"","ocean_shortcode_before_top_bar":"","ocean_shortcode_after_top_bar":"","ocean_shortcode_before_header":"","ocean_shortcode_after_header":"","ocean_has_shortcode":"","ocean_shortcode_after_title":"","ocean_shortcode_before_footer_widgets":"","ocean_shortcode_after_footer_widgets":"","ocean_shortcode_before_footer_bottom":"","ocean_shortcode_after_footer_bottom":"","ocean_display_top_bar":"default","ocean_display_header":"default","ocean_header_style":"","ocean_center_header_left_menu":"0","ocean_custom_header_template":"0","ocean_custom_logo":0,"ocean_custom_retina_logo":0,"ocean_custom_logo_max_width":0,"ocean_custom_logo_tablet_max_width":0,"ocean_custom_logo_mobile_max_width":0,"ocean_custom_logo_max_height":0,"ocean_custom_logo_tablet_max_height":0,"ocean_custom_logo_mobile_max_height":0,"ocean_header_custom_menu":"0","ocean_menu_typo_font_family":"0","ocean_menu_typo_font_subset":"","ocean_menu_typo_font_size":0,"ocean_menu_typo_font_size_tablet":0,"ocean_menu_typo_font_size_mobile":0,"ocean_menu_typo_font_size_unit":"px","ocean_menu_typo_font_weight":"","ocean_menu_typo_font_weight_tablet":"","ocean_menu_typo_font_weight_mobile":"","ocean_menu_typo_transform":"","ocean_menu_typo_transform_tablet":"","ocean_menu_typo_transform_mobile":"","ocean_menu_typo_line_height":0,"ocean_menu_typo_line_height_tablet":0,"ocean_menu_typo_line_height_mobile":0,"ocean_menu_typo_line_height_unit":"","ocean_menu_typo_spacing":0,"ocean_menu_typo_spacing_tablet":0,"ocean_menu_typo_spacing_mobile":0,"ocean_menu_typo_spacing_unit":"","ocean_menu_link_color":"","ocean_menu_link_color_hover":"","ocean_menu_link_color_active":"","ocean_menu_link_background":"","ocean_menu_link_hover_background":"","ocean_menu_link_active_background":"","ocean_menu_social_links_bg":"","ocean_menu_social_hover_links_bg":"","ocean_menu_social_links_color":"","ocean_menu_social_hover_links_color":"","ocean_disable_title":"default","ocean_disable_heading":"default","ocean_post_title":"","ocean_post_subheading":"","ocean_post_title_style":"","ocean_post_title_background_color":"","ocean_post_title_background":0,"ocean_post_title_bg_image_position":"","ocean_post_title_bg_image_attachment":"","ocean_post_title_bg_image_repeat":"","ocean_post_title_bg_image_size":"","ocean_post_title_height":0,"ocean_post_title_bg_overlay":0.5,"ocean_post_title_bg_overlay_color":"","ocean_disable_breadcrumbs":"default","ocean_breadcrumbs_color":"","ocean_breadcrumbs_separator_color":"","ocean_breadcrumbs_links_color":"","ocean_breadcrumbs_links_hover_color":"","ocean_display_footer_widgets":"default","ocean_display_footer_bottom":"default","ocean_custom_footer_template":"0"},"product_brand":[],"product_cat":[88,47],"product_tag":[],"class_list":{"0":"post-5955","1":"product","2":"type-product","3":"status-publish","4":"has-post-thumbnail","6":"product_cat-gateaux","7":"product_cat-bonbons-halal","9":"entry","10":"has-media","12":"first","13":"outofstock","14":"featured","15":"shipping-taxable","16":"purchasable","17":"product-type-simple","18":"has-product-nav","19":"col","20":"span_1_of_3","21":"owp-content-center","22":"owp-thumbs-layout-horizontal","23":"owp-btn-normal","24":"owp-tabs-layout-horizontal","25":"has-no-thumbnails"},"yoast_head":"<!-- This site is optimized with the Yoast SEO plugin v24.3 - https:\/\/yoast.com\/wordpress\/plugins\/seo\/ -->\n<title>MR Bite Groani DUBAI - Au Palais Sucr\u00e9<\/title>\n<meta name=\"description\" content=\"&quot;D\u00e9couvrez MR Bite Groani Dubai, la gourmandise chocolat\u00e9e de luxe venue des \u00c9mirats. Un snack fondant et croquant \u00e0 la fois, parfait pour les amateurs de confiseries haut de gamme.&quot;\" \/>\n<meta name=\"robots\" content=\"index, follow, max-snippet:-1, max-image-preview:large, max-video-preview:-1\" \/>\n<link rel=\"canonical\" href=\"https:\/\/www.au-palais-sucre.com\/index.php\/produit\/mr-bite-groani-dubai\/\" \/>\n<meta property=\"og:locale\" content=\"fr_FR\" \/>\n<meta property=\"og:type\" content=\"article\" \/>\n<meta property=\"og:title\" content=\"MR Bite Groani DUBAI - Au Palais Sucr\u00e9\" \/>\n<meta property=\"og:description\" content=\"&quot;D\u00e9couvrez MR Bite Groani Dubai, la gourmandise chocolat\u00e9e de luxe venue des \u00c9mirats. Un snack fondant et croquant \u00e0 la fois, parfait pour les amateurs de confiseries haut de gamme.&quot;\" \/>\n<meta property=\"og:url\" content=\"https:\/\/www.au-palais-sucre.com\/index.php\/produit\/mr-bite-groani-dubai\/\" \/>\n<meta property=\"og:site_name\" content=\"Au Palais Sucr\u00e9\" \/>\n<meta property=\"article:publisher\" content=\"https:\/\/www.facebook.com\/people\/Au-Palais-Sucr\/pfbid0xHg32QqsqJkkArCjoHQ6aaknwKMjtXgSnFxn2J3iXRfcnKZoBnYZT1GMsdL8xcPUl\/\" \/>\n<meta property=\"article:modified_time\" content=\"2025-11-06T13:24:57+00:00\" \/>\n<meta property=\"og:image\" content=\"https:\/\/www.au-palais-sucre.com\/wp-content\/uploads\/2025\/04\/MR.BITE-Groan-DUBAI-CHOKOLATE-100-Real-Chocolate-with-Pistachio-Cream-and-Kadayif-35g.jpg\" \/>\n\t<meta property=\"og:image:width\" content=\"2500\" \/>\n\t<meta property=\"og:image:height\" content=\"2500\" \/>\n\t<meta property=\"og:image:type\" content=\"image\/jpeg\" \/>\n<meta name=\"twitter:card\" content=\"summary_large_image\" \/>\n<meta name=\"twitter:label1\" content=\"Prix\" \/>\n\t<meta name=\"twitter:data1\" content=\"2,90&nbsp;&euro;\" \/>\n\t<meta name=\"twitter:label2\" content=\"Disponibilit\u00e9\" \/>\n\t<meta name=\"twitter:data2\" content=\"Rupture de stock\" \/>\n<script type=\"application\/ld+json\" class=\"yoast-schema-graph\">{\"@context\":\"https:\/\/schema.org\",\"@graph\":[{\"@type\":\"WebPage\",\"@id\":\"https:\/\/www.au-palais-sucre.com\/index.php\/produit\/mr-bite-groani-dubai\/\",\"url\":\"https:\/\/www.au-palais-sucre.com\/index.php\/produit\/mr-bite-groani-dubai\/\",\"name\":\"MR Bite Groani DUBAI - Au Palais Sucr\u00e9\",\"isPartOf\":{\"@id\":\"https:\/\/www.au-palais-sucre.com\/#website\"},\"primaryImageOfPage\":{\"@id\":\"https:\/\/www.au-palais-sucre.com\/index.php\/produit\/mr-bite-groani-dubai\/#primaryimage\"},\"image\":{\"@id\":\"https:\/\/www.au-palais-sucre.com\/index.php\/produit\/mr-bite-groani-dubai\/#primaryimage\"},\"thumbnailUrl\":\"https:\/\/www.au-palais-sucre.com\/wp-content\/uploads\/2025\/04\/MR.BITE-Groan-DUBAI-CHOKOLATE-100-Real-Chocolate-with-Pistachio-Cream-and-Kadayif-35g.jpg\",\"datePublished\":\"2025-04-24T13:43:33+00:00\",\"dateModified\":\"2025-11-06T13:24:57+00:00\",\"description\":\"\\\"D\u00e9couvrez MR Bite Groani Dubai, la gourmandise chocolat\u00e9e de luxe venue des \u00c9mirats. Un snack fondant et croquant \u00e0 la fois, parfait pour les amateurs de confiseries haut de gamme.\\\"\",\"breadcrumb\":{\"@id\":\"https:\/\/www.au-palais-sucre.com\/index.php\/produit\/mr-bite-groani-dubai\/#breadcrumb\"},\"inLanguage\":\"fr-FR\",\"potentialAction\":[{\"@type\":\"ReadAction\",\"target\":[\"https:\/\/www.au-palais-sucre.com\/index.php\/produit\/mr-bite-groani-dubai\/\"]}]},{\"@type\":\"ImageObject\",\"inLanguage\":\"fr-FR\",\"@id\":\"https:\/\/www.au-palais-sucre.com\/index.php\/produit\/mr-bite-groani-dubai\/#primaryimage\",\"url\":\"https:\/\/www.au-palais-sucre.com\/wp-content\/uploads\/2025\/04\/MR.BITE-Groan-DUBAI-CHOKOLATE-100-Real-Chocolate-with-Pistachio-Cream-and-Kadayif-35g.jpg\",\"contentUrl\":\"https:\/\/www.au-palais-sucre.com\/wp-content\/uploads\/2025\/04\/MR.BITE-Groan-DUBAI-CHOKOLATE-100-Real-Chocolate-with-Pistachio-Cream-and-Kadayif-35g.jpg\",\"width\":2500,\"height\":2500},{\"@type\":\"BreadcrumbList\",\"@id\":\"https:\/\/www.au-palais-sucre.com\/index.php\/produit\/mr-bite-groani-dubai\/#breadcrumb\",\"itemListElement\":[{\"@type\":\"ListItem\",\"position\":1,\"name\":\"Boutique\",\"item\":\"https:\/\/www.au-palais-sucre.com\/index.php\/shop\/\"},{\"@type\":\"ListItem\",\"position\":2,\"name\":\"MR Bite Groani DUBAI\"}]},{\"@type\":\"WebSite\",\"@id\":\"https:\/\/www.au-palais-sucre.com\/#website\",\"url\":\"https:\/\/www.au-palais-sucre.com\/\",\"name\":\"Au Palais Sucr\u00e9\",\"description\":\"Arrivage permanent de nouveaux produits..\",\"publisher\":{\"@id\":\"https:\/\/www.au-palais-sucre.com\/#organization\"},\"potentialAction\":[{\"@type\":\"SearchAction\",\"target\":{\"@type\":\"EntryPoint\",\"urlTemplate\":\"https:\/\/www.au-palais-sucre.com\/?s={search_term_string}\"},\"query-input\":{\"@type\":\"PropertyValueSpecification\",\"valueRequired\":true,\"valueName\":\"search_term_string\"}}],\"inLanguage\":\"fr-FR\"},{\"@type\":\"Organization\",\"@id\":\"https:\/\/www.au-palais-sucre.com\/#organization\",\"name\":\"Au Palais Sucr\u00e9\",\"url\":\"https:\/\/www.au-palais-sucre.com\/\",\"logo\":{\"@type\":\"ImageObject\",\"inLanguage\":\"fr-FR\",\"@id\":\"https:\/\/www.au-palais-sucre.com\/#\/schema\/logo\/image\/\",\"url\":\"https:\/\/www.au-palais-sucre.com\/wp-content\/uploads\/2023\/06\/cropped-Logo-blanc_prev_ui.png\",\"contentUrl\":\"https:\/\/www.au-palais-sucre.com\/wp-content\/uploads\/2023\/06\/cropped-Logo-blanc_prev_ui.png\",\"width\":567,\"height\":440,\"caption\":\"Au Palais Sucr\u00e9\"},\"image\":{\"@id\":\"https:\/\/www.au-palais-sucre.com\/#\/schema\/logo\/image\/\"},\"sameAs\":[\"https:\/\/www.facebook.com\/people\/Au-Palais-Sucr\/pfbid0xHg32QqsqJkkArCjoHQ6aaknwKMjtXgSnFxn2J3iXRfcnKZoBnYZT1GMsdL8xcPUl\/\"]}]}<\/script>\n<meta property=\"product:price:amount\" content=\"2.90\" \/>\n<meta property=\"product:price:currency\" content=\"EUR\" \/>\n<meta property=\"og:availability\" content=\"out of stock\" \/>\n<meta property=\"product:availability\" content=\"out of stock\" \/>\n<meta property=\"product:retailer_item_id\" content=\"ASPGAT95\" \/>\n<meta property=\"product:condition\" content=\"new\" \/>\n<!-- \/ Yoast SEO plugin. -->","yoast_head_json":{"title":"MR Bite Groani DUBAI - Au Palais Sucr\u00e9","description":"\"D\u00e9couvrez MR Bite Groani Dubai, la gourmandise chocolat\u00e9e de luxe venue des \u00c9mirats. Un snack fondant et croquant \u00e0 la fois, parfait pour les amateurs de confiseries haut de gamme.\"","robots":{"index":"index","follow":"follow","max-snippet":"max-snippet:-1","max-image-preview":"max-image-preview:large","max-video-preview":"max-video-preview:-1"},"canonical":"https:\/\/www.au-palais-sucre.com\/index.php\/produit\/mr-bite-groani-dubai\/","og_locale":"fr_FR","og_type":"article","og_title":"MR Bite Groani DUBAI - Au Palais Sucr\u00e9","og_description":"\"D\u00e9couvrez MR Bite Groani Dubai, la gourmandise chocolat\u00e9e de luxe venue des \u00c9mirats. Un snack fondant et croquant \u00e0 la fois, parfait pour les amateurs de confiseries haut de gamme.\"","og_url":"https:\/\/www.au-palais-sucre.com\/index.php\/produit\/mr-bite-groani-dubai\/","og_site_name":"Au Palais Sucr\u00e9","article_publisher":"https:\/\/www.facebook.com\/people\/Au-Palais-Sucr\/pfbid0xHg32QqsqJkkArCjoHQ6aaknwKMjtXgSnFxn2J3iXRfcnKZoBnYZT1GMsdL8xcPUl\/","article_modified_time":"2025-11-06T13:24:57+00:00","og_image":[{"width":2500,"height":2500,"url":"https:\/\/www.au-palais-sucre.com\/wp-content\/uploads\/2025\/04\/MR.BITE-Groan-DUBAI-CHOKOLATE-100-Real-Chocolate-with-Pistachio-Cream-and-Kadayif-35g.jpg","type":"image\/jpeg"}],"twitter_card":"summary_large_image","twitter_misc":{"Prix":"2,90&nbsp;&euro;","Disponibilit\u00e9":"Rupture de stock"},"schema":{"@context":"https:\/\/schema.org","@graph":[{"@type":"WebPage","@id":"https:\/\/www.au-palais-sucre.com\/index.php\/produit\/mr-bite-groani-dubai\/","url":"https:\/\/www.au-palais-sucre.com\/index.php\/produit\/mr-bite-groani-dubai\/","name":"MR Bite Groani DUBAI - Au Palais Sucr\u00e9","isPartOf":{"@id":"https:\/\/www.au-palais-sucre.com\/#website"},"primaryImageOfPage":{"@id":"https:\/\/www.au-palais-sucre.com\/index.php\/produit\/mr-bite-groani-dubai\/#primaryimage"},"image":{"@id":"https:\/\/www.au-palais-sucre.com\/index.php\/produit\/mr-bite-groani-dubai\/#primaryimage"},"thumbnailUrl":"https:\/\/www.au-palais-sucre.com\/wp-content\/uploads\/2025\/04\/MR.BITE-Groan-DUBAI-CHOKOLATE-100-Real-Chocolate-with-Pistachio-Cream-and-Kadayif-35g.jpg","datePublished":"2025-04-24T13:43:33+00:00","dateModified":"2025-11-06T13:24:57+00:00","description":"\"D\u00e9couvrez MR Bite Groani Dubai, la gourmandise chocolat\u00e9e de luxe venue des \u00c9mirats. Un snack fondant et croquant \u00e0 la fois, parfait pour les amateurs de confiseries haut de gamme.\"","breadcrumb":{"@id":"https:\/\/www.au-palais-sucre.com\/index.php\/produit\/mr-bite-groani-dubai\/#breadcrumb"},"inLanguage":"fr-FR","potentialAction":[{"@type":"ReadAction","target":["https:\/\/www.au-palais-sucre.com\/index.php\/produit\/mr-bite-groani-dubai\/"]}]},{"@type":"ImageObject","inLanguage":"fr-FR","@id":"https:\/\/www.au-palais-sucre.com\/index.php\/produit\/mr-bite-groani-dubai\/#primaryimage","url":"https:\/\/www.au-palais-sucre.com\/wp-content\/uploads\/2025\/04\/MR.BITE-Groan-DUBAI-CHOKOLATE-100-Real-Chocolate-with-Pistachio-Cream-and-Kadayif-35g.jpg","contentUrl":"https:\/\/www.au-palais-sucre.com\/wp-content\/uploads\/2025\/04\/MR.BITE-Groan-DUBAI-CHOKOLATE-100-Real-Chocolate-with-Pistachio-Cream-and-Kadayif-35g.jpg","width":2500,"height":2500},{"@type":"BreadcrumbList","@id":"https:\/\/www.au-palais-sucre.com\/index.php\/produit\/mr-bite-groani-dubai\/#breadcrumb","itemListElement":[{"@type":"ListItem","position":1,"name":"Boutique","item":"https:\/\/www.au-palais-sucre.com\/index.php\/shop\/"},{"@type":"ListItem","position":2,"name":"MR Bite Groani DUBAI"}]},{"@type":"WebSite","@id":"https:\/\/www.au-palais-sucre.com\/#website","url":"https:\/\/www.au-palais-sucre.com\/","name":"Au Palais Sucr\u00e9","description":"Arrivage permanent de nouveaux produits..","publisher":{"@id":"https:\/\/www.au-palais-sucre.com\/#organization"},"potentialAction":[{"@type":"SearchAction","target":{"@type":"EntryPoint","urlTemplate":"https:\/\/www.au-palais-sucre.com\/?s={search_term_string}"},"query-input":{"@type":"PropertyValueSpecification","valueRequired":true,"valueName":"search_term_string"}}],"inLanguage":"fr-FR"},{"@type":"Organization","@id":"https:\/\/www.au-palais-sucre.com\/#organization","name":"Au Palais Sucr\u00e9","url":"https:\/\/www.au-palais-sucre.com\/","logo":{"@type":"ImageObject","inLanguage":"fr-FR","@id":"https:\/\/www.au-palais-sucre.com\/#\/schema\/logo\/image\/","url":"https:\/\/www.au-palais-sucre.com\/wp-content\/uploads\/2023\/06\/cropped-Logo-blanc_prev_ui.png","contentUrl":"https:\/\/www.au-palais-sucre.com\/wp-content\/uploads\/2023\/06\/cropped-Logo-blanc_prev_ui.png","width":567,"height":440,"caption":"Au Palais Sucr\u00e9"},"image":{"@id":"https:\/\/www.au-palais-sucre.com\/#\/schema\/logo\/image\/"},"sameAs":["https:\/\/www.facebook.com\/people\/Au-Palais-Sucr\/pfbid0xHg32QqsqJkkArCjoHQ6aaknwKMjtXgSnFxn2J3iXRfcnKZoBnYZT1GMsdL8xcPUl\/"]}]},"product_price_amount":"2.90","product_price_currency":"EUR","og_availability":"out of stock","product_availability":"out of stock","product_retailer_item_id":"ASPGAT95","product_condition":"new"},"_links":{"self":[{"href":"https:\/\/www.au-palais-sucre.com\/index.php\/wp-json\/wp\/v2\/product\/5955","targetHints":{"allow":["GET"]}}],"collection":[{"href":"https:\/\/www.au-palais-sucre.com\/index.php\/wp-json\/wp\/v2\/product"}],"about":[{"href":"https:\/\/www.au-palais-sucre.com\/index.php\/wp-json\/wp\/v2\/types\/product"}],"replies":[{"embeddable":true,"href":"https:\/\/www.au-palais-sucre.com\/index.php\/wp-json\/wp\/v2\/comments?post=5955"}],"version-history":[{"count":1,"href":"https:\/\/www.au-palais-sucre.com\/index.php\/wp-json\/wp\/v2\/product\/5955\/revisions"}],"predecessor-version":[{"id":5958,"href":"https:\/\/www.au-palais-sucre.com\/index.php\/wp-json\/wp\/v2\/product\/5955\/revisions\/5958"}],"wp:featuredmedia":[{"embeddable":true,"href":"https:\/\/www.au-palais-sucre.com\/index.php\/wp-json\/wp\/v2\/media\/5957"}],"wp:attachment":[{"href":"https:\/\/www.au-palais-sucre.com\/index.php\/wp-json\/wp\/v2\/media?parent=5955"}],"wp:term":[{"taxonomy":"product_brand","embeddable":true,"href":"https:\/\/www.au-palais-sucre.com\/index.php\/wp-json\/wp\/v2\/product_brand?post=5955"},{"taxonomy":"product_cat","embeddable":true,"href":"https:\/\/www.au-palais-sucre.com\/index.php\/wp-json\/wp\/v2\/product_cat?post=5955"},{"taxonomy":"product_tag","embeddable":true,"href":"https:\/\/www.au-palais-sucre.com\/index.php\/wp-json\/wp\/v2\/product_tag?post=5955"}],"curies":[{"name":"wp","href":"https:\/\/api.w.org\/{rel}","templated":true}]}}