{"id":5994,"date":"2025-04-25T15:32:08","date_gmt":"2025-04-25T13:32:08","guid":{"rendered":"https:\/\/www.au-palais-sucre.com\/?post_type=product&#038;p=5994"},"modified":"2025-11-06T14:20:19","modified_gmt":"2025-11-06T13:20:19","slug":"mistachio-angel-hair-milk-chocolate-with-pistachio-dubai","status":"publish","type":"product","link":"https:\/\/www.au-palais-sucre.com\/index.php\/produit\/mistachio-angel-hair-milk-chocolate-with-pistachio-dubai\/","title":{"rendered":"Mistachio Angel Hair Milk Chocolate with Pistachio DUBAI"},"content":{"rendered":"<h1>Mistachio Angel Hair Milk Chocolate with Pistachio DUBAI<\/h1>\n<p>Plongez dans l&rsquo;\u00e9l\u00e9gance gourmande de <em data-start=\"181\" data-end=\"239\">Mistachio Angel Hair Milk Chocolate with Pistachio DUBAI<\/em>, une cr\u00e9ation sucr\u00e9e d\u2019exception alliant la finesse de cheveux d\u2019ange, la richesse du chocolat au lait fondant et le croquant intense de v\u00e9ritables pistaches. Cette confiserie artisanale, symbole du raffinement de Duba\u00ef, ravira les amateurs de douceurs orientales et les passionn\u00e9s de chocolat aux saveurs authentiques.<\/p>\n<p><strong>Tous nos produits b\u00e9n\u00e9ficient d\u2019une DDM de plusieurs mois.<\/strong><br \/>\n<strong>DDM = Date de Durabilit\u00e9 Minimale, anciennement DLUO.<\/strong><\/p>\n<p>DLC 14\/03\/2026<\/p>\n<p><strong>Ingr\u00e9dients<\/strong> : Glapotage adipeux de cacao (60%) [sucre, graisses v\u00e9g\u00e9tales (huile de palme enti\u00e8rement hydrog\u00e9n\u00e9e), <strong>lactos\u00e9rum<\/strong> s\u00e9ch\u00e9 (15%) (<strong>produit du lait),<\/strong> poudre de cacao, poudre <strong>de lait<\/strong> \u00e9cr\u00e9m\u00e9 en poudre (2,2 %), \u00e9mulsifiant (l\u00e9citodine de tournesol), cr\u00e8me de pistast\u00e8re antep (20 %) [souruc, graisse v\u00e9g\u00e9tale (coton, tournesol<strong>ml\u00e9ko<\/strong><strong>ml\u00e9ko<\/strong><strong>p\u0161eni\u010dn\u00e1 mouka<\/strong><strong>lepek<\/strong>)<\/p>\n<p><strong>Allerg\u00e8ne: Contient des produits laitiers (lait s\u00e9ch\u00e9, lactos\u00e9rum s\u00e9ch\u00e9), pistaches, bl\u00e9 (gluten). Peut contenir des traces de produits \u00e0 base de soja, de noisettes, d&rsquo;amandes.<\/strong><\/p>\n<table dir=\"ltr\" border=\"1\" cellspacing=\"0\" cellpadding=\"0\">\n<tbody>\n<tr>\n<td colspan=\"2\" rowspan=\"1\" data-sheets-value=\"{\">Valeur de l&rsquo;\u00e9nergie par 100 g<\/td>\n<\/tr>\n<tr>\n<td data-sheets-value=\"{\">\u00c9nergie<\/td>\n<td data-sheets-value=\"{\"><span data-sheets-root=\"1\" data-sheets-value=\"{\" data-sheets-userformat=\"{\">2107kJ \/504 kcal<\/span><\/td>\n<\/tr>\n<tr>\n<td data-sheets-value=\"{\">Gras<\/td>\n<td data-sheets-value=\"{\">28 g<\/td>\n<\/tr>\n<tr>\n<td data-sheets-value=\"{\">de la plantaterie<\/td>\n<td data-sheets-value=\"{\">21 g<\/td>\n<\/tr>\n<tr>\n<td data-sheets-value=\"{\">Carbohydrates<\/td>\n<td data-sheets-value=\"{\">54 g<\/td>\n<\/tr>\n<tr>\n<td data-sheets-value=\"{\">dont sucres<\/td>\n<td data-sheets-value=\"{\">38 g<\/td>\n<\/tr>\n<tr>\n<td data-sheets-value=\"{\">Prot\u00e9ines<\/td>\n<td data-sheets-value=\"{\">9g<\/td>\n<\/tr>\n<tr>\n<td data-sheets-value=\"{\">Sel<\/td>\n<td data-sheets-value=\"{\">0,45 g<\/td>\n<\/tr>\n<\/tbody>\n<\/table>\n<p>&nbsp;<\/p>\n<h4>Les services AU PALAIS SUCRE<\/h4>\n<p>Nous sommes est un site de vente de <strong>bonbons<\/strong>, <strong>confiseries<\/strong>, <strong>boissons<\/strong>, <strong>chips<\/strong> et <strong>produits du monde<\/strong>,\u00a0 pour les particuliers, les associations et les entreprises.<\/p>\n<p><strong>AU PALAIS SUCRE\u00a0<\/strong> apporte \u00e9galement un vrai service , une livraison rapide et fiable, une pr\u00e9paration des commandes dans les 24h\/48h et un service clients joignable.<\/p>\n<p><strong>AU PALAIS SUCRE<\/strong> est votre destination pour des bonbons, confiseries, boissons, chips et produits du monde pour les particuliers, les associations et les entreprises. Nous offrons un choix vari\u00e9 de produits de qualit\u00e9 sup\u00e9rieure pour satisfaire tous les go\u00fbts et les besoins.<\/p>\n<p>Nous sommes fiers d\u2019offrir \u00e0 nos clients un service hors pair. Nous nous engageons \u00e0 pr\u00e9parer et exp\u00e9dier les commandes dans les 24h\/48h suivant l\u2019achat, pour une livraison rapide et fiable. De plus, notre \u00e9quipe de service clients est toujours disponible pour r\u00e9pondre \u00e0 vos questions et vous aider \u00e0 trouver le produit id\u00e9al pour vos besoins.<\/p>\n<p>Chez AU PALAIS SUCRE, nous sommes passionn\u00e9s par les bonbons et les confiseries, et nous sommes d\u00e9termin\u00e9s \u00e0 offrir \u00e0 nos clients une exp\u00e9rience de magasinage en ligne agr\u00e9able et sans stress. Nous sommes votre guichet unique pour tous vos besoins en sucreries et en produits du monde, et nous sommes impatients de vous servir d\u00e8s maintenant !<\/p>\n<p>&nbsp;<\/p>\n","protected":false},"excerpt":{"rendered":"<h1>Mistachio Angel Hair Milk Chocolate with Pistachio DUBAI<\/h1>\n<p>Plongez dans l&rsquo;\u00e9l\u00e9gance gourmande de <em data-start=\"181\" data-end=\"239\">Mistachio Angel Hair Milk Chocolate with Pistachio DUBAI<\/em>, une cr\u00e9ation sucr\u00e9e d\u2019exception alliant la finesse de cheveux d\u2019ange, la richesse du chocolat au lait fondant et le croquant intense de v\u00e9ritables pistaches. Cette confiserie artisanale, symbole du raffinement de Duba\u00ef, ravira les amateurs de douceurs orientales et les passionn\u00e9s de chocolat aux saveurs authentiques.<\/p>\n<p><strong>Tous nos produits b\u00e9n\u00e9ficient d\u2019une DDM de plusieurs mois.<\/strong><br \/>\n<strong>DDM = Date de Durabilit\u00e9 Minimale, anciennement DLUO.<\/strong><\/p>\n","protected":false},"featured_media":5995,"comment_status":"open","ping_status":"closed","template":"","meta":{"ocean_post_layout":"","ocean_both_sidebars_style":"","ocean_both_sidebars_content_width":0,"ocean_both_sidebars_sidebars_width":0,"ocean_sidebar":"0","ocean_second_sidebar":"0","ocean_disable_margins":"enable","ocean_add_body_class":"","ocean_shortcode_before_top_bar":"","ocean_shortcode_after_top_bar":"","ocean_shortcode_before_header":"","ocean_shortcode_after_header":"","ocean_has_shortcode":"","ocean_shortcode_after_title":"","ocean_shortcode_before_footer_widgets":"","ocean_shortcode_after_footer_widgets":"","ocean_shortcode_before_footer_bottom":"","ocean_shortcode_after_footer_bottom":"","ocean_display_top_bar":"default","ocean_display_header":"default","ocean_header_style":"","ocean_center_header_left_menu":"0","ocean_custom_header_template":"0","ocean_custom_logo":0,"ocean_custom_retina_logo":0,"ocean_custom_logo_max_width":0,"ocean_custom_logo_tablet_max_width":0,"ocean_custom_logo_mobile_max_width":0,"ocean_custom_logo_max_height":0,"ocean_custom_logo_tablet_max_height":0,"ocean_custom_logo_mobile_max_height":0,"ocean_header_custom_menu":"0","ocean_menu_typo_font_family":"0","ocean_menu_typo_font_subset":"","ocean_menu_typo_font_size":0,"ocean_menu_typo_font_size_tablet":0,"ocean_menu_typo_font_size_mobile":0,"ocean_menu_typo_font_size_unit":"px","ocean_menu_typo_font_weight":"","ocean_menu_typo_font_weight_tablet":"","ocean_menu_typo_font_weight_mobile":"","ocean_menu_typo_transform":"","ocean_menu_typo_transform_tablet":"","ocean_menu_typo_transform_mobile":"","ocean_menu_typo_line_height":0,"ocean_menu_typo_line_height_tablet":0,"ocean_menu_typo_line_height_mobile":0,"ocean_menu_typo_line_height_unit":"","ocean_menu_typo_spacing":0,"ocean_menu_typo_spacing_tablet":0,"ocean_menu_typo_spacing_mobile":0,"ocean_menu_typo_spacing_unit":"","ocean_menu_link_color":"","ocean_menu_link_color_hover":"","ocean_menu_link_color_active":"","ocean_menu_link_background":"","ocean_menu_link_hover_background":"","ocean_menu_link_active_background":"","ocean_menu_social_links_bg":"","ocean_menu_social_hover_links_bg":"","ocean_menu_social_links_color":"","ocean_menu_social_hover_links_color":"","ocean_disable_title":"default","ocean_disable_heading":"default","ocean_post_title":"","ocean_post_subheading":"","ocean_post_title_style":"","ocean_post_title_background_color":"","ocean_post_title_background":0,"ocean_post_title_bg_image_position":"","ocean_post_title_bg_image_attachment":"","ocean_post_title_bg_image_repeat":"","ocean_post_title_bg_image_size":"","ocean_post_title_height":0,"ocean_post_title_bg_overlay":0.5,"ocean_post_title_bg_overlay_color":"","ocean_disable_breadcrumbs":"default","ocean_breadcrumbs_color":"","ocean_breadcrumbs_separator_color":"","ocean_breadcrumbs_links_color":"","ocean_breadcrumbs_links_hover_color":"","ocean_display_footer_widgets":"default","ocean_display_footer_bottom":"default","ocean_custom_footer_template":"0"},"product_brand":[],"product_cat":[64,88,47,110],"product_tag":[],"class_list":{"0":"post-5994","1":"product","2":"type-product","3":"status-publish","4":"has-post-thumbnail","6":"product_cat-dubai","7":"product_cat-gateaux","8":"product_cat-bonbons-halal","9":"product_cat-bonbon-vegan","11":"entry","12":"has-media","14":"first","15":"instock","16":"featured","17":"shipping-taxable","18":"purchasable","19":"product-type-simple","20":"has-product-nav","21":"col","22":"span_1_of_3","23":"owp-content-center","24":"owp-thumbs-layout-horizontal","25":"owp-btn-normal","26":"owp-tabs-layout-horizontal","27":"has-no-thumbnails"},"yoast_head":"<!-- This site is optimized with the Yoast SEO plugin v24.3 - https:\/\/yoast.com\/wordpress\/plugins\/seo\/ -->\n<title>Mistachio Angel Hair Milk Chocolate with Pistachio DUBAI - Au Palais Sucr\u00e9<\/title>\n<meta name=\"description\" content=\"D\u00e9couvrez Mistachio Angel Hair Milk Chocolate with Pistachio DUBAI : une confiserie artisanale au chocolat au lait fondant, cheveux d\u2019ange et \u00e9clats de pistaches, alliant tradition orientale et raffinement de Duba\u00ef.\" \/>\n<meta name=\"robots\" content=\"index, follow, max-snippet:-1, max-image-preview:large, max-video-preview:-1\" \/>\n<link rel=\"canonical\" href=\"https:\/\/www.au-palais-sucre.com\/index.php\/produit\/mistachio-angel-hair-milk-chocolate-with-pistachio-dubai\/\" \/>\n<meta property=\"og:locale\" content=\"fr_FR\" \/>\n<meta property=\"og:type\" content=\"article\" \/>\n<meta property=\"og:title\" content=\"Mistachio Angel Hair Milk Chocolate with Pistachio DUBAI - Au Palais Sucr\u00e9\" \/>\n<meta property=\"og:description\" content=\"D\u00e9couvrez Mistachio Angel Hair Milk Chocolate with Pistachio DUBAI : une confiserie artisanale au chocolat au lait fondant, cheveux d\u2019ange et \u00e9clats de pistaches, alliant tradition orientale et raffinement de Duba\u00ef.\" \/>\n<meta property=\"og:url\" content=\"https:\/\/www.au-palais-sucre.com\/index.php\/produit\/mistachio-angel-hair-milk-chocolate-with-pistachio-dubai\/\" \/>\n<meta property=\"og:site_name\" content=\"Au Palais Sucr\u00e9\" \/>\n<meta property=\"article:publisher\" content=\"https:\/\/www.facebook.com\/people\/Au-Palais-Sucr\/pfbid0xHg32QqsqJkkArCjoHQ6aaknwKMjtXgSnFxn2J3iXRfcnKZoBnYZT1GMsdL8xcPUl\/\" \/>\n<meta property=\"article:modified_time\" content=\"2025-11-06T13:20:19+00:00\" \/>\n<meta name=\"twitter:card\" content=\"summary_large_image\" \/>\n<meta name=\"twitter:label1\" content=\"Prix\" \/>\n\t<meta name=\"twitter:data1\" content=\"9,90&nbsp;&euro;\" \/>\n\t<meta name=\"twitter:label2\" content=\"Disponibilit\u00e9\" \/>\n\t<meta name=\"twitter:data2\" content=\"En stock\" \/>\n<script type=\"application\/ld+json\" class=\"yoast-schema-graph\">{\"@context\":\"https:\/\/schema.org\",\"@graph\":[{\"@type\":\"WebPage\",\"@id\":\"https:\/\/www.au-palais-sucre.com\/index.php\/produit\/mistachio-angel-hair-milk-chocolate-with-pistachio-dubai\/\",\"url\":\"https:\/\/www.au-palais-sucre.com\/index.php\/produit\/mistachio-angel-hair-milk-chocolate-with-pistachio-dubai\/\",\"name\":\"Mistachio Angel Hair Milk Chocolate with Pistachio DUBAI - Au Palais Sucr\u00e9\",\"isPartOf\":{\"@id\":\"https:\/\/www.au-palais-sucre.com\/#website\"},\"primaryImageOfPage\":{\"@id\":\"https:\/\/www.au-palais-sucre.com\/index.php\/produit\/mistachio-angel-hair-milk-chocolate-with-pistachio-dubai\/#primaryimage\"},\"image\":{\"@id\":\"https:\/\/www.au-palais-sucre.com\/index.php\/produit\/mistachio-angel-hair-milk-chocolate-with-pistachio-dubai\/#primaryimage\"},\"thumbnailUrl\":\"https:\/\/www.au-palais-sucre.com\/wp-content\/uploads\/2025\/04\/Design-sans-titre-10-pdf.jpg\",\"datePublished\":\"2025-04-25T13:32:08+00:00\",\"dateModified\":\"2025-11-06T13:20:19+00:00\",\"description\":\"D\u00e9couvrez Mistachio Angel Hair Milk Chocolate with Pistachio DUBAI : une confiserie artisanale au chocolat au lait fondant, cheveux d\u2019ange et \u00e9clats de pistaches, alliant tradition orientale et raffinement de Duba\u00ef.\",\"breadcrumb\":{\"@id\":\"https:\/\/www.au-palais-sucre.com\/index.php\/produit\/mistachio-angel-hair-milk-chocolate-with-pistachio-dubai\/#breadcrumb\"},\"inLanguage\":\"fr-FR\",\"potentialAction\":[{\"@type\":\"ReadAction\",\"target\":[\"https:\/\/www.au-palais-sucre.com\/index.php\/produit\/mistachio-angel-hair-milk-chocolate-with-pistachio-dubai\/\"]}]},{\"@type\":\"ImageObject\",\"inLanguage\":\"fr-FR\",\"@id\":\"https:\/\/www.au-palais-sucre.com\/index.php\/produit\/mistachio-angel-hair-milk-chocolate-with-pistachio-dubai\/#primaryimage\",\"url\":\"https:\/\/www.au-palais-sucre.com\/wp-content\/uploads\/2025\/04\/Design-sans-titre-10-pdf.jpg\",\"contentUrl\":\"https:\/\/www.au-palais-sucre.com\/wp-content\/uploads\/2025\/04\/Design-sans-titre-10-pdf.jpg\"},{\"@type\":\"BreadcrumbList\",\"@id\":\"https:\/\/www.au-palais-sucre.com\/index.php\/produit\/mistachio-angel-hair-milk-chocolate-with-pistachio-dubai\/#breadcrumb\",\"itemListElement\":[{\"@type\":\"ListItem\",\"position\":1,\"name\":\"Boutique\",\"item\":\"https:\/\/www.au-palais-sucre.com\/index.php\/shop\/\"},{\"@type\":\"ListItem\",\"position\":2,\"name\":\"Mistachio Angel Hair Milk Chocolate with Pistachio DUBAI\"}]},{\"@type\":\"WebSite\",\"@id\":\"https:\/\/www.au-palais-sucre.com\/#website\",\"url\":\"https:\/\/www.au-palais-sucre.com\/\",\"name\":\"Au Palais Sucr\u00e9\",\"description\":\"Arrivage permanent de nouveaux produits..\",\"publisher\":{\"@id\":\"https:\/\/www.au-palais-sucre.com\/#organization\"},\"potentialAction\":[{\"@type\":\"SearchAction\",\"target\":{\"@type\":\"EntryPoint\",\"urlTemplate\":\"https:\/\/www.au-palais-sucre.com\/?s={search_term_string}\"},\"query-input\":{\"@type\":\"PropertyValueSpecification\",\"valueRequired\":true,\"valueName\":\"search_term_string\"}}],\"inLanguage\":\"fr-FR\"},{\"@type\":\"Organization\",\"@id\":\"https:\/\/www.au-palais-sucre.com\/#organization\",\"name\":\"Au Palais Sucr\u00e9\",\"url\":\"https:\/\/www.au-palais-sucre.com\/\",\"logo\":{\"@type\":\"ImageObject\",\"inLanguage\":\"fr-FR\",\"@id\":\"https:\/\/www.au-palais-sucre.com\/#\/schema\/logo\/image\/\",\"url\":\"https:\/\/www.au-palais-sucre.com\/wp-content\/uploads\/2023\/06\/cropped-Logo-blanc_prev_ui.png\",\"contentUrl\":\"https:\/\/www.au-palais-sucre.com\/wp-content\/uploads\/2023\/06\/cropped-Logo-blanc_prev_ui.png\",\"width\":567,\"height\":440,\"caption\":\"Au Palais Sucr\u00e9\"},\"image\":{\"@id\":\"https:\/\/www.au-palais-sucre.com\/#\/schema\/logo\/image\/\"},\"sameAs\":[\"https:\/\/www.facebook.com\/people\/Au-Palais-Sucr\/pfbid0xHg32QqsqJkkArCjoHQ6aaknwKMjtXgSnFxn2J3iXRfcnKZoBnYZT1GMsdL8xcPUl\/\"]}]}<\/script>\n<meta property=\"product:price:amount\" content=\"9.90\" \/>\n<meta property=\"product:price:currency\" content=\"EUR\" \/>\n<meta property=\"og:availability\" content=\"instock\" \/>\n<meta property=\"product:availability\" content=\"instock\" \/>\n<meta property=\"product:retailer_item_id\" content=\"ASPGAT102\" \/>\n<meta property=\"product:condition\" content=\"new\" \/>\n<!-- \/ Yoast SEO plugin. -->","yoast_head_json":{"title":"Mistachio Angel Hair Milk Chocolate with Pistachio DUBAI - Au Palais Sucr\u00e9","description":"D\u00e9couvrez Mistachio Angel Hair Milk Chocolate with Pistachio DUBAI : une confiserie artisanale au chocolat au lait fondant, cheveux d\u2019ange et \u00e9clats de pistaches, alliant tradition orientale et raffinement de Duba\u00ef.","robots":{"index":"index","follow":"follow","max-snippet":"max-snippet:-1","max-image-preview":"max-image-preview:large","max-video-preview":"max-video-preview:-1"},"canonical":"https:\/\/www.au-palais-sucre.com\/index.php\/produit\/mistachio-angel-hair-milk-chocolate-with-pistachio-dubai\/","og_locale":"fr_FR","og_type":"article","og_title":"Mistachio Angel Hair Milk Chocolate with Pistachio DUBAI - Au Palais Sucr\u00e9","og_description":"D\u00e9couvrez Mistachio Angel Hair Milk Chocolate with Pistachio DUBAI : une confiserie artisanale au chocolat au lait fondant, cheveux d\u2019ange et \u00e9clats de pistaches, alliant tradition orientale et raffinement de Duba\u00ef.","og_url":"https:\/\/www.au-palais-sucre.com\/index.php\/produit\/mistachio-angel-hair-milk-chocolate-with-pistachio-dubai\/","og_site_name":"Au Palais Sucr\u00e9","article_publisher":"https:\/\/www.facebook.com\/people\/Au-Palais-Sucr\/pfbid0xHg32QqsqJkkArCjoHQ6aaknwKMjtXgSnFxn2J3iXRfcnKZoBnYZT1GMsdL8xcPUl\/","article_modified_time":"2025-11-06T13:20:19+00:00","twitter_card":"summary_large_image","twitter_misc":{"Prix":"9,90&nbsp;&euro;","Disponibilit\u00e9":"En stock"},"schema":{"@context":"https:\/\/schema.org","@graph":[{"@type":"WebPage","@id":"https:\/\/www.au-palais-sucre.com\/index.php\/produit\/mistachio-angel-hair-milk-chocolate-with-pistachio-dubai\/","url":"https:\/\/www.au-palais-sucre.com\/index.php\/produit\/mistachio-angel-hair-milk-chocolate-with-pistachio-dubai\/","name":"Mistachio Angel Hair Milk Chocolate with Pistachio DUBAI - Au Palais Sucr\u00e9","isPartOf":{"@id":"https:\/\/www.au-palais-sucre.com\/#website"},"primaryImageOfPage":{"@id":"https:\/\/www.au-palais-sucre.com\/index.php\/produit\/mistachio-angel-hair-milk-chocolate-with-pistachio-dubai\/#primaryimage"},"image":{"@id":"https:\/\/www.au-palais-sucre.com\/index.php\/produit\/mistachio-angel-hair-milk-chocolate-with-pistachio-dubai\/#primaryimage"},"thumbnailUrl":"https:\/\/www.au-palais-sucre.com\/wp-content\/uploads\/2025\/04\/Design-sans-titre-10-pdf.jpg","datePublished":"2025-04-25T13:32:08+00:00","dateModified":"2025-11-06T13:20:19+00:00","description":"D\u00e9couvrez Mistachio Angel Hair Milk Chocolate with Pistachio DUBAI : une confiserie artisanale au chocolat au lait fondant, cheveux d\u2019ange et \u00e9clats de pistaches, alliant tradition orientale et raffinement de Duba\u00ef.","breadcrumb":{"@id":"https:\/\/www.au-palais-sucre.com\/index.php\/produit\/mistachio-angel-hair-milk-chocolate-with-pistachio-dubai\/#breadcrumb"},"inLanguage":"fr-FR","potentialAction":[{"@type":"ReadAction","target":["https:\/\/www.au-palais-sucre.com\/index.php\/produit\/mistachio-angel-hair-milk-chocolate-with-pistachio-dubai\/"]}]},{"@type":"ImageObject","inLanguage":"fr-FR","@id":"https:\/\/www.au-palais-sucre.com\/index.php\/produit\/mistachio-angel-hair-milk-chocolate-with-pistachio-dubai\/#primaryimage","url":"https:\/\/www.au-palais-sucre.com\/wp-content\/uploads\/2025\/04\/Design-sans-titre-10-pdf.jpg","contentUrl":"https:\/\/www.au-palais-sucre.com\/wp-content\/uploads\/2025\/04\/Design-sans-titre-10-pdf.jpg"},{"@type":"BreadcrumbList","@id":"https:\/\/www.au-palais-sucre.com\/index.php\/produit\/mistachio-angel-hair-milk-chocolate-with-pistachio-dubai\/#breadcrumb","itemListElement":[{"@type":"ListItem","position":1,"name":"Boutique","item":"https:\/\/www.au-palais-sucre.com\/index.php\/shop\/"},{"@type":"ListItem","position":2,"name":"Mistachio Angel Hair Milk Chocolate with Pistachio DUBAI"}]},{"@type":"WebSite","@id":"https:\/\/www.au-palais-sucre.com\/#website","url":"https:\/\/www.au-palais-sucre.com\/","name":"Au Palais Sucr\u00e9","description":"Arrivage permanent de nouveaux produits..","publisher":{"@id":"https:\/\/www.au-palais-sucre.com\/#organization"},"potentialAction":[{"@type":"SearchAction","target":{"@type":"EntryPoint","urlTemplate":"https:\/\/www.au-palais-sucre.com\/?s={search_term_string}"},"query-input":{"@type":"PropertyValueSpecification","valueRequired":true,"valueName":"search_term_string"}}],"inLanguage":"fr-FR"},{"@type":"Organization","@id":"https:\/\/www.au-palais-sucre.com\/#organization","name":"Au Palais Sucr\u00e9","url":"https:\/\/www.au-palais-sucre.com\/","logo":{"@type":"ImageObject","inLanguage":"fr-FR","@id":"https:\/\/www.au-palais-sucre.com\/#\/schema\/logo\/image\/","url":"https:\/\/www.au-palais-sucre.com\/wp-content\/uploads\/2023\/06\/cropped-Logo-blanc_prev_ui.png","contentUrl":"https:\/\/www.au-palais-sucre.com\/wp-content\/uploads\/2023\/06\/cropped-Logo-blanc_prev_ui.png","width":567,"height":440,"caption":"Au Palais Sucr\u00e9"},"image":{"@id":"https:\/\/www.au-palais-sucre.com\/#\/schema\/logo\/image\/"},"sameAs":["https:\/\/www.facebook.com\/people\/Au-Palais-Sucr\/pfbid0xHg32QqsqJkkArCjoHQ6aaknwKMjtXgSnFxn2J3iXRfcnKZoBnYZT1GMsdL8xcPUl\/"]}]},"product_price_amount":"9.90","product_price_currency":"EUR","og_availability":"instock","product_availability":"instock","product_retailer_item_id":"ASPGAT102","product_condition":"new"},"_links":{"self":[{"href":"https:\/\/www.au-palais-sucre.com\/index.php\/wp-json\/wp\/v2\/product\/5994","targetHints":{"allow":["GET"]}}],"collection":[{"href":"https:\/\/www.au-palais-sucre.com\/index.php\/wp-json\/wp\/v2\/product"}],"about":[{"href":"https:\/\/www.au-palais-sucre.com\/index.php\/wp-json\/wp\/v2\/types\/product"}],"replies":[{"embeddable":true,"href":"https:\/\/www.au-palais-sucre.com\/index.php\/wp-json\/wp\/v2\/comments?post=5994"}],"version-history":[{"count":1,"href":"https:\/\/www.au-palais-sucre.com\/index.php\/wp-json\/wp\/v2\/product\/5994\/revisions"}],"predecessor-version":[{"id":5996,"href":"https:\/\/www.au-palais-sucre.com\/index.php\/wp-json\/wp\/v2\/product\/5994\/revisions\/5996"}],"wp:featuredmedia":[{"embeddable":true,"href":"https:\/\/www.au-palais-sucre.com\/index.php\/wp-json\/wp\/v2\/media\/5995"}],"wp:attachment":[{"href":"https:\/\/www.au-palais-sucre.com\/index.php\/wp-json\/wp\/v2\/media?parent=5994"}],"wp:term":[{"taxonomy":"product_brand","embeddable":true,"href":"https:\/\/www.au-palais-sucre.com\/index.php\/wp-json\/wp\/v2\/product_brand?post=5994"},{"taxonomy":"product_cat","embeddable":true,"href":"https:\/\/www.au-palais-sucre.com\/index.php\/wp-json\/wp\/v2\/product_cat?post=5994"},{"taxonomy":"product_tag","embeddable":true,"href":"https:\/\/www.au-palais-sucre.com\/index.php\/wp-json\/wp\/v2\/product_tag?post=5994"}],"curies":[{"name":"wp","href":"https:\/\/api.w.org\/{rel}","templated":true}]}}